{"id":37939,"date":"2025-12-12T18:59:11","date_gmt":"2025-12-12T17:59:11","guid":{"rendered":"https:\/\/test.ecbeaute.com\/?post_type=product&#038;p=37939"},"modified":"2025-12-12T18:59:17","modified_gmt":"2025-12-12T17:59:17","slug":"bioderma-photoderm-m-creme-teintee-protectrice-bleu-light-doree-spf50-40-ml-2","status":"publish","type":"product","link":"https:\/\/paracherkaoui.ma\/index.php\/produit\/bioderma-photoderm-m-creme-teintee-protectrice-bleu-light-doree-spf50-40-ml-2\/","title":{"rendered":"BIODERMA PHOTODERM M CREME TEINTEE PROTECTRICE BLEU LIGHT DOREE SPF50+ 40 ML"},"content":{"rendered":"<p>Description:<br \/>\nBioderma Photoderm M Cr\u00e8me teint\u00e9e protectrice dor\u00e9e SPF50+ convient parfaitement aux peaux sujettes \u00e0 une hyperpigmentation. Elle associe un syst\u00e8me de filtration in\u00e9dit et un brevet exclusif bio protection\u00a0Cellulaire et contient de la glabridine, actif inhibant la tyrosinase, enzyme cl\u00e9 de la m\u00e9lano gen\u00e8se pour assurer une protection renforc\u00e9e contre les UVA et UVB.\u00a0La pigmentation est ainsi limit\u00e9e et la peau est prot\u00e9g\u00e9e de mani\u00e8re optimale contre les coups de soleil, les intol\u00e9rances solaires et le vieillissement cutan\u00e9 pr\u00e9matur\u00e9.\u00a0Etant teint\u00e9e, elle permet aussi d&rsquo;att\u00e9nuer les imperfections et les t\u00e2ches. Le teint est naturel.\u00a0Sans parfum, sans parab\u00e8ne.\u00a0Hypoallerg\u00e9nique. Non com\u00e9dog\u00e8ne. Photostable.<\/p>\n","protected":false},"excerpt":{"rendered":"<p>Description: Bioderma Photoderm M Cr\u00e8me teint\u00e9e protectrice dor\u00e9e SPF50+ convient parfaitement aux peaux sujettes \u00e0 une hyperpigmentation. Elle associe un<\/p>\n","protected":false},"featured_media":13102,"comment_status":"open","ping_status":"closed","template":"","meta":[],"product_brand":[137],"product_cat":[666],"product_tag":[],"class_list":{"0":"post-37939","1":"product","2":"type-product","3":"status-publish","4":"has-post-thumbnail","6":"product_brand-bioderma","7":"product_cat-cremes-solaires","9":"first","10":"instock","11":"sale","12":"shipping-taxable","13":"purchasable","14":"product-type-simple"},"yoast_head":"<!-- This site is optimized with the Yoast SEO plugin v26.6 - https:\/\/yoast.com\/wordpress\/plugins\/seo\/ -->\r\n<title>BIODERMA PHOTODERM M CREME TEINTEE PROTECTRICE BLEU LIGHT DOREE SPF50+ 40 ML - Paracherkaoui.ma<\/title>\r\n<meta name=\"robots\" content=\"index, follow, max-snippet:-1, max-image-preview:large, max-video-preview:-1\" \/>\r\n<link rel=\"canonical\" href=\"https:\/\/paracherkaoui.ma\/index.php\/produit\/bioderma-photoderm-m-creme-teintee-protectrice-bleu-light-doree-spf50-40-ml-2\/\" \/>\r\n<meta property=\"og:locale\" content=\"fr_FR\" \/>\r\n<meta property=\"og:type\" content=\"article\" \/>\r\n<meta property=\"og:title\" content=\"BIODERMA PHOTODERM M CREME TEINTEE PROTECTRICE BLEU LIGHT DOREE SPF50+ 40 ML - Paracherkaoui.ma\" \/>\r\n<meta property=\"og:description\" content=\"Description: Bioderma Photoderm M Cr\u00e8me teint\u00e9e protectrice dor\u00e9e SPF50+ convient parfaitement aux peaux sujettes \u00e0 une hyperpigmentation. Elle associe un\" \/>\r\n<meta property=\"og:url\" content=\"https:\/\/paracherkaoui.ma\/index.php\/produit\/bioderma-photoderm-m-creme-teintee-protectrice-bleu-light-doree-spf50-40-ml-2\/\" \/>\r\n<meta property=\"og:site_name\" content=\"Paracherkaoui.ma\" \/>\r\n<meta property=\"article:modified_time\" content=\"2025-12-12T17:59:17+00:00\" \/>\r\n<meta property=\"og:image\" content=\"https:\/\/paracherkaoui.ma\/wp-content\/uploads\/2025\/12\/bioderma-bioderma-photoderm-m-creme-teintee-protectrice-bleu-light-doree-spf50-40-ml-cremes.jpg\" \/>\r\n\t<meta property=\"og:image:width\" content=\"700\" \/>\r\n\t<meta property=\"og:image:height\" content=\"700\" \/>\r\n\t<meta property=\"og:image:type\" content=\"image\/jpeg\" \/>\r\n<meta name=\"twitter:card\" content=\"summary_large_image\" \/>\r\n<meta name=\"twitter:label1\" content=\"Dur\u00e9e de lecture estim\u00e9e\" \/>\n\t<meta name=\"twitter:data1\" content=\"1 minute\" \/>\r\n<script type=\"application\/ld+json\" class=\"yoast-schema-graph\">{\"@context\":\"https:\/\/schema.org\",\"@graph\":[{\"@type\":\"WebPage\",\"@id\":\"https:\/\/paracherkaoui.ma\/index.php\/produit\/bioderma-photoderm-m-creme-teintee-protectrice-bleu-light-doree-spf50-40-ml-2\/\",\"url\":\"https:\/\/paracherkaoui.ma\/index.php\/produit\/bioderma-photoderm-m-creme-teintee-protectrice-bleu-light-doree-spf50-40-ml-2\/\",\"name\":\"BIODERMA PHOTODERM M CREME TEINTEE PROTECTRICE BLEU LIGHT DOREE SPF50+ 40 ML - Paracherkaoui.ma\",\"isPartOf\":{\"@id\":\"https:\/\/paracherkaoui.ma\/#website\"},\"primaryImageOfPage\":{\"@id\":\"https:\/\/paracherkaoui.ma\/index.php\/produit\/bioderma-photoderm-m-creme-teintee-protectrice-bleu-light-doree-spf50-40-ml-2\/#primaryimage\"},\"image\":{\"@id\":\"https:\/\/paracherkaoui.ma\/index.php\/produit\/bioderma-photoderm-m-creme-teintee-protectrice-bleu-light-doree-spf50-40-ml-2\/#primaryimage\"},\"thumbnailUrl\":\"https:\/\/paracherkaoui.ma\/wp-content\/uploads\/2025\/12\/bioderma-bioderma-photoderm-m-creme-teintee-protectrice-bleu-light-doree-spf50-40-ml-cremes.jpg\",\"datePublished\":\"2025-12-12T17:59:11+00:00\",\"dateModified\":\"2025-12-12T17:59:17+00:00\",\"breadcrumb\":{\"@id\":\"https:\/\/paracherkaoui.ma\/index.php\/produit\/bioderma-photoderm-m-creme-teintee-protectrice-bleu-light-doree-spf50-40-ml-2\/#breadcrumb\"},\"inLanguage\":\"fr-FR\",\"potentialAction\":[{\"@type\":\"ReadAction\",\"target\":[\"https:\/\/paracherkaoui.ma\/index.php\/produit\/bioderma-photoderm-m-creme-teintee-protectrice-bleu-light-doree-spf50-40-ml-2\/\"]}]},{\"@type\":\"ImageObject\",\"inLanguage\":\"fr-FR\",\"@id\":\"https:\/\/paracherkaoui.ma\/index.php\/produit\/bioderma-photoderm-m-creme-teintee-protectrice-bleu-light-doree-spf50-40-ml-2\/#primaryimage\",\"url\":\"https:\/\/paracherkaoui.ma\/wp-content\/uploads\/2025\/12\/bioderma-bioderma-photoderm-m-creme-teintee-protectrice-bleu-light-doree-spf50-40-ml-cremes.jpg\",\"contentUrl\":\"https:\/\/paracherkaoui.ma\/wp-content\/uploads\/2025\/12\/bioderma-bioderma-photoderm-m-creme-teintee-protectrice-bleu-light-doree-spf50-40-ml-cremes.jpg\",\"width\":700,\"height\":700},{\"@type\":\"BreadcrumbList\",\"@id\":\"https:\/\/paracherkaoui.ma\/index.php\/produit\/bioderma-photoderm-m-creme-teintee-protectrice-bleu-light-doree-spf50-40-ml-2\/#breadcrumb\",\"itemListElement\":[{\"@type\":\"ListItem\",\"position\":1,\"name\":\"Accueil\",\"item\":\"https:\/\/paracherkaoui.ma\/\"},{\"@type\":\"ListItem\",\"position\":2,\"name\":\"Boutique\",\"item\":\"https:\/\/paracherkaoui.ma\/index.php\/boutique\/\"},{\"@type\":\"ListItem\",\"position\":3,\"name\":\"BIODERMA PHOTODERM M CREME TEINTEE PROTECTRICE BLEU LIGHT DOREE SPF50+ 40 ML\"}]},{\"@type\":\"WebSite\",\"@id\":\"https:\/\/paracherkaoui.ma\/#website\",\"url\":\"https:\/\/paracherkaoui.ma\/\",\"name\":\"Paracherkaoui.ma\",\"description\":\"Achetez en ligne sur Paracherkaoui.ma\",\"potentialAction\":[{\"@type\":\"SearchAction\",\"target\":{\"@type\":\"EntryPoint\",\"urlTemplate\":\"https:\/\/paracherkaoui.ma\/?s={search_term_string}\"},\"query-input\":{\"@type\":\"PropertyValueSpecification\",\"valueRequired\":true,\"valueName\":\"search_term_string\"}}],\"inLanguage\":\"fr-FR\"}]}<\/script>\r\n<!-- \/ Yoast SEO plugin. -->","yoast_head_json":{"title":"BIODERMA PHOTODERM M CREME TEINTEE PROTECTRICE BLEU LIGHT DOREE SPF50+ 40 ML - Paracherkaoui.ma","robots":{"index":"index","follow":"follow","max-snippet":"max-snippet:-1","max-image-preview":"max-image-preview:large","max-video-preview":"max-video-preview:-1"},"canonical":"https:\/\/paracherkaoui.ma\/index.php\/produit\/bioderma-photoderm-m-creme-teintee-protectrice-bleu-light-doree-spf50-40-ml-2\/","og_locale":"fr_FR","og_type":"article","og_title":"BIODERMA PHOTODERM M CREME TEINTEE PROTECTRICE BLEU LIGHT DOREE SPF50+ 40 ML - Paracherkaoui.ma","og_description":"Description: Bioderma Photoderm M Cr\u00e8me teint\u00e9e protectrice dor\u00e9e SPF50+ convient parfaitement aux peaux sujettes \u00e0 une hyperpigmentation. Elle associe un","og_url":"https:\/\/paracherkaoui.ma\/index.php\/produit\/bioderma-photoderm-m-creme-teintee-protectrice-bleu-light-doree-spf50-40-ml-2\/","og_site_name":"Paracherkaoui.ma","article_modified_time":"2025-12-12T17:59:17+00:00","og_image":[{"width":700,"height":700,"url":"https:\/\/paracherkaoui.ma\/wp-content\/uploads\/2025\/12\/bioderma-bioderma-photoderm-m-creme-teintee-protectrice-bleu-light-doree-spf50-40-ml-cremes.jpg","type":"image\/jpeg"}],"twitter_card":"summary_large_image","twitter_misc":{"Dur\u00e9e de lecture estim\u00e9e":"1 minute"},"schema":{"@context":"https:\/\/schema.org","@graph":[{"@type":"WebPage","@id":"https:\/\/paracherkaoui.ma\/index.php\/produit\/bioderma-photoderm-m-creme-teintee-protectrice-bleu-light-doree-spf50-40-ml-2\/","url":"https:\/\/paracherkaoui.ma\/index.php\/produit\/bioderma-photoderm-m-creme-teintee-protectrice-bleu-light-doree-spf50-40-ml-2\/","name":"BIODERMA PHOTODERM M CREME TEINTEE PROTECTRICE BLEU LIGHT DOREE SPF50+ 40 ML - Paracherkaoui.ma","isPartOf":{"@id":"https:\/\/paracherkaoui.ma\/#website"},"primaryImageOfPage":{"@id":"https:\/\/paracherkaoui.ma\/index.php\/produit\/bioderma-photoderm-m-creme-teintee-protectrice-bleu-light-doree-spf50-40-ml-2\/#primaryimage"},"image":{"@id":"https:\/\/paracherkaoui.ma\/index.php\/produit\/bioderma-photoderm-m-creme-teintee-protectrice-bleu-light-doree-spf50-40-ml-2\/#primaryimage"},"thumbnailUrl":"https:\/\/paracherkaoui.ma\/wp-content\/uploads\/2025\/12\/bioderma-bioderma-photoderm-m-creme-teintee-protectrice-bleu-light-doree-spf50-40-ml-cremes.jpg","datePublished":"2025-12-12T17:59:11+00:00","dateModified":"2025-12-12T17:59:17+00:00","breadcrumb":{"@id":"https:\/\/paracherkaoui.ma\/index.php\/produit\/bioderma-photoderm-m-creme-teintee-protectrice-bleu-light-doree-spf50-40-ml-2\/#breadcrumb"},"inLanguage":"fr-FR","potentialAction":[{"@type":"ReadAction","target":["https:\/\/paracherkaoui.ma\/index.php\/produit\/bioderma-photoderm-m-creme-teintee-protectrice-bleu-light-doree-spf50-40-ml-2\/"]}]},{"@type":"ImageObject","inLanguage":"fr-FR","@id":"https:\/\/paracherkaoui.ma\/index.php\/produit\/bioderma-photoderm-m-creme-teintee-protectrice-bleu-light-doree-spf50-40-ml-2\/#primaryimage","url":"https:\/\/paracherkaoui.ma\/wp-content\/uploads\/2025\/12\/bioderma-bioderma-photoderm-m-creme-teintee-protectrice-bleu-light-doree-spf50-40-ml-cremes.jpg","contentUrl":"https:\/\/paracherkaoui.ma\/wp-content\/uploads\/2025\/12\/bioderma-bioderma-photoderm-m-creme-teintee-protectrice-bleu-light-doree-spf50-40-ml-cremes.jpg","width":700,"height":700},{"@type":"BreadcrumbList","@id":"https:\/\/paracherkaoui.ma\/index.php\/produit\/bioderma-photoderm-m-creme-teintee-protectrice-bleu-light-doree-spf50-40-ml-2\/#breadcrumb","itemListElement":[{"@type":"ListItem","position":1,"name":"Accueil","item":"https:\/\/paracherkaoui.ma\/"},{"@type":"ListItem","position":2,"name":"Boutique","item":"https:\/\/paracherkaoui.ma\/index.php\/boutique\/"},{"@type":"ListItem","position":3,"name":"BIODERMA PHOTODERM M CREME TEINTEE PROTECTRICE BLEU LIGHT DOREE SPF50+ 40 ML"}]},{"@type":"WebSite","@id":"https:\/\/paracherkaoui.ma\/#website","url":"https:\/\/paracherkaoui.ma\/","name":"Paracherkaoui.ma","description":"Achetez en ligne sur Paracherkaoui.ma","potentialAction":[{"@type":"SearchAction","target":{"@type":"EntryPoint","urlTemplate":"https:\/\/paracherkaoui.ma\/?s={search_term_string}"},"query-input":{"@type":"PropertyValueSpecification","valueRequired":true,"valueName":"search_term_string"}}],"inLanguage":"fr-FR"}]}},"_links":{"self":[{"href":"https:\/\/paracherkaoui.ma\/index.php\/wp-json\/wp\/v2\/product\/37939","targetHints":{"allow":["GET"]}}],"collection":[{"href":"https:\/\/paracherkaoui.ma\/index.php\/wp-json\/wp\/v2\/product"}],"about":[{"href":"https:\/\/paracherkaoui.ma\/index.php\/wp-json\/wp\/v2\/types\/product"}],"replies":[{"embeddable":true,"href":"https:\/\/paracherkaoui.ma\/index.php\/wp-json\/wp\/v2\/comments?post=37939"}],"version-history":[{"count":1,"href":"https:\/\/paracherkaoui.ma\/index.php\/wp-json\/wp\/v2\/product\/37939\/revisions"}],"predecessor-version":[{"id":37983,"href":"https:\/\/paracherkaoui.ma\/index.php\/wp-json\/wp\/v2\/product\/37939\/revisions\/37983"}],"wp:featuredmedia":[{"embeddable":true,"href":"https:\/\/paracherkaoui.ma\/index.php\/wp-json\/wp\/v2\/media\/13102"}],"wp:attachment":[{"href":"https:\/\/paracherkaoui.ma\/index.php\/wp-json\/wp\/v2\/media?parent=37939"}],"wp:term":[{"taxonomy":"product_brand","embeddable":true,"href":"https:\/\/paracherkaoui.ma\/index.php\/wp-json\/wp\/v2\/product_brand?post=37939"},{"taxonomy":"product_cat","embeddable":true,"href":"https:\/\/paracherkaoui.ma\/index.php\/wp-json\/wp\/v2\/product_cat?post=37939"},{"taxonomy":"product_tag","embeddable":true,"href":"https:\/\/paracherkaoui.ma\/index.php\/wp-json\/wp\/v2\/product_tag?post=37939"}],"curies":[{"name":"wp","href":"https:\/\/api.w.org\/{rel}","templated":true}]}}