{"id":37938,"date":"2025-12-12T18:59:10","date_gmt":"2025-12-12T17:59:10","guid":{"rendered":"https:\/\/test.ecbeaute.com\/?post_type=product&#038;p=37938"},"modified":"2025-12-12T18:59:17","modified_gmt":"2025-12-12T17:59:17","slug":"sensilis-soin-pour-le-visage-anti-age-fluide-spf50","status":"publish","type":"product","link":"https:\/\/paracherkaoui.ma\/index.php\/produit\/sensilis-soin-pour-le-visage-anti-age-fluide-spf50\/","title":{"rendered":"SENSILIS Soin pour le visage anti-\u00e2ge fluide SPF50+"},"content":{"rendered":"<p>En qu\u00eate d\u2019une protection pour peau sensible ? Notre \u00e9mulsion fluide \u00e0 l\u2019acide hyaluronique procure l\u2019hydratation n\u00e9cessaire et est enrichie en vitamine E, action antioxydante et Pro-Vita D3, qui favorise la synth\u00e8se de la vitamine D. Elle prot\u00e8ge votre peau et pr\u00e9vient l\u2019apparition de taches. Non com\u00e9dog\u00e8ne. R\u00e9sistante \u00e0 l\u2019eau. Ne pique pas les yeux. Protecteur solaire avec formule Ocean Respect* afin de minimiser l\u2019impact environnemental de nos produits dans les oc\u00e9ans. *Test de biod\u00e9gradabilit\u00e9 marine selon OCDE 306<br \/>\nConseils d&rsquo;utilisation<br \/>\nVerser quelques gouttes et l\u2019appliquer depuis la moiti\u00e9 du visage jusqu\u2019au menton, de l\u2019int\u00e9rieur vers l\u2019ext\u00e9rieur, par des tapotements. Mettre le produit sur le front et l\u2019\u00e9taler de bas en haut. Appliquer sur les zones souhait\u00e9es au moins 30 minutes avant l\u2019exposition au soleil. Appliquer fr\u00e9quemment et en quantit\u00e9s appropri\u00e9es. Limiter le temps d&rsquo;exposition au soleil et \u00e9viter les heures \u00e0 forte intensit\u00e9 solaire.<\/p>\n","protected":false},"excerpt":{"rendered":"<p>En qu\u00eate d\u2019une protection pour peau sensible ? Notre \u00e9mulsion fluide \u00e0 l\u2019acide hyaluronique procure l\u2019hydratation n\u00e9cessaire et est enrichie<\/p>\n","protected":false},"featured_media":37981,"comment_status":"open","ping_status":"closed","template":"","meta":[],"product_brand":[425],"product_cat":[666],"product_tag":[],"class_list":{"0":"post-37938","1":"product","2":"type-product","3":"status-publish","4":"has-post-thumbnail","6":"product_brand-sensilis","7":"product_cat-cremes-solaires","9":"first","10":"instock","11":"sale","12":"shipping-taxable","13":"purchasable","14":"product-type-simple"},"yoast_head":"<!-- This site is optimized with the Yoast SEO plugin v26.6 - https:\/\/yoast.com\/wordpress\/plugins\/seo\/ -->\r\n<title>SENSILIS Soin pour le visage anti-\u00e2ge fluide SPF50+ - Paracherkaoui.ma<\/title>\r\n<meta name=\"robots\" content=\"index, follow, max-snippet:-1, max-image-preview:large, max-video-preview:-1\" \/>\r\n<link rel=\"canonical\" href=\"https:\/\/paracherkaoui.ma\/index.php\/produit\/sensilis-soin-pour-le-visage-anti-age-fluide-spf50\/\" \/>\r\n<meta property=\"og:locale\" content=\"fr_FR\" \/>\r\n<meta property=\"og:type\" content=\"article\" \/>\r\n<meta property=\"og:title\" content=\"SENSILIS Soin pour le visage anti-\u00e2ge fluide SPF50+ - Paracherkaoui.ma\" \/>\r\n<meta property=\"og:description\" content=\"En qu\u00eate d\u2019une protection pour peau sensible ? Notre \u00e9mulsion fluide \u00e0 l\u2019acide hyaluronique procure l\u2019hydratation n\u00e9cessaire et est enrichie\" \/>\r\n<meta property=\"og:url\" content=\"https:\/\/paracherkaoui.ma\/index.php\/produit\/sensilis-soin-pour-le-visage-anti-age-fluide-spf50\/\" \/>\r\n<meta property=\"og:site_name\" content=\"Paracherkaoui.ma\" \/>\r\n<meta property=\"article:modified_time\" content=\"2025-12-12T17:59:17+00:00\" \/>\r\n<meta property=\"og:image\" content=\"https:\/\/paracherkaoui.ma\/wp-content\/uploads\/2025\/12\/sensilis-sensilis-soin-pour-le-visage-anti-age-fluide-spf50-cremes.jpg\" \/>\r\n\t<meta property=\"og:image:width\" content=\"700\" \/>\r\n\t<meta property=\"og:image:height\" content=\"700\" \/>\r\n\t<meta property=\"og:image:type\" content=\"image\/jpeg\" \/>\r\n<meta name=\"twitter:card\" content=\"summary_large_image\" \/>\r\n<meta name=\"twitter:label1\" content=\"Dur\u00e9e de lecture estim\u00e9e\" \/>\n\t<meta name=\"twitter:data1\" content=\"1 minute\" \/>\r\n<script type=\"application\/ld+json\" class=\"yoast-schema-graph\">{\"@context\":\"https:\/\/schema.org\",\"@graph\":[{\"@type\":\"WebPage\",\"@id\":\"https:\/\/paracherkaoui.ma\/index.php\/produit\/sensilis-soin-pour-le-visage-anti-age-fluide-spf50\/\",\"url\":\"https:\/\/paracherkaoui.ma\/index.php\/produit\/sensilis-soin-pour-le-visage-anti-age-fluide-spf50\/\",\"name\":\"SENSILIS Soin pour le visage anti-\u00e2ge fluide SPF50+ - Paracherkaoui.ma\",\"isPartOf\":{\"@id\":\"https:\/\/paracherkaoui.ma\/#website\"},\"primaryImageOfPage\":{\"@id\":\"https:\/\/paracherkaoui.ma\/index.php\/produit\/sensilis-soin-pour-le-visage-anti-age-fluide-spf50\/#primaryimage\"},\"image\":{\"@id\":\"https:\/\/paracherkaoui.ma\/index.php\/produit\/sensilis-soin-pour-le-visage-anti-age-fluide-spf50\/#primaryimage\"},\"thumbnailUrl\":\"https:\/\/paracherkaoui.ma\/wp-content\/uploads\/2025\/12\/sensilis-sensilis-soin-pour-le-visage-anti-age-fluide-spf50-cremes.jpg\",\"datePublished\":\"2025-12-12T17:59:10+00:00\",\"dateModified\":\"2025-12-12T17:59:17+00:00\",\"breadcrumb\":{\"@id\":\"https:\/\/paracherkaoui.ma\/index.php\/produit\/sensilis-soin-pour-le-visage-anti-age-fluide-spf50\/#breadcrumb\"},\"inLanguage\":\"fr-FR\",\"potentialAction\":[{\"@type\":\"ReadAction\",\"target\":[\"https:\/\/paracherkaoui.ma\/index.php\/produit\/sensilis-soin-pour-le-visage-anti-age-fluide-spf50\/\"]}]},{\"@type\":\"ImageObject\",\"inLanguage\":\"fr-FR\",\"@id\":\"https:\/\/paracherkaoui.ma\/index.php\/produit\/sensilis-soin-pour-le-visage-anti-age-fluide-spf50\/#primaryimage\",\"url\":\"https:\/\/paracherkaoui.ma\/wp-content\/uploads\/2025\/12\/sensilis-sensilis-soin-pour-le-visage-anti-age-fluide-spf50-cremes.jpg\",\"contentUrl\":\"https:\/\/paracherkaoui.ma\/wp-content\/uploads\/2025\/12\/sensilis-sensilis-soin-pour-le-visage-anti-age-fluide-spf50-cremes.jpg\",\"width\":700,\"height\":700},{\"@type\":\"BreadcrumbList\",\"@id\":\"https:\/\/paracherkaoui.ma\/index.php\/produit\/sensilis-soin-pour-le-visage-anti-age-fluide-spf50\/#breadcrumb\",\"itemListElement\":[{\"@type\":\"ListItem\",\"position\":1,\"name\":\"Accueil\",\"item\":\"https:\/\/paracherkaoui.ma\/\"},{\"@type\":\"ListItem\",\"position\":2,\"name\":\"Boutique\",\"item\":\"https:\/\/paracherkaoui.ma\/index.php\/boutique\/\"},{\"@type\":\"ListItem\",\"position\":3,\"name\":\"SENSILIS Soin pour le visage anti-\u00e2ge fluide SPF50+\"}]},{\"@type\":\"WebSite\",\"@id\":\"https:\/\/paracherkaoui.ma\/#website\",\"url\":\"https:\/\/paracherkaoui.ma\/\",\"name\":\"Paracherkaoui.ma\",\"description\":\"Achetez en ligne sur Paracherkaoui.ma\",\"potentialAction\":[{\"@type\":\"SearchAction\",\"target\":{\"@type\":\"EntryPoint\",\"urlTemplate\":\"https:\/\/paracherkaoui.ma\/?s={search_term_string}\"},\"query-input\":{\"@type\":\"PropertyValueSpecification\",\"valueRequired\":true,\"valueName\":\"search_term_string\"}}],\"inLanguage\":\"fr-FR\"}]}<\/script>\r\n<!-- \/ Yoast SEO plugin. -->","yoast_head_json":{"title":"SENSILIS Soin pour le visage anti-\u00e2ge fluide SPF50+ - Paracherkaoui.ma","robots":{"index":"index","follow":"follow","max-snippet":"max-snippet:-1","max-image-preview":"max-image-preview:large","max-video-preview":"max-video-preview:-1"},"canonical":"https:\/\/paracherkaoui.ma\/index.php\/produit\/sensilis-soin-pour-le-visage-anti-age-fluide-spf50\/","og_locale":"fr_FR","og_type":"article","og_title":"SENSILIS Soin pour le visage anti-\u00e2ge fluide SPF50+ - Paracherkaoui.ma","og_description":"En qu\u00eate d\u2019une protection pour peau sensible ? Notre \u00e9mulsion fluide \u00e0 l\u2019acide hyaluronique procure l\u2019hydratation n\u00e9cessaire et est enrichie","og_url":"https:\/\/paracherkaoui.ma\/index.php\/produit\/sensilis-soin-pour-le-visage-anti-age-fluide-spf50\/","og_site_name":"Paracherkaoui.ma","article_modified_time":"2025-12-12T17:59:17+00:00","og_image":[{"width":700,"height":700,"url":"https:\/\/paracherkaoui.ma\/wp-content\/uploads\/2025\/12\/sensilis-sensilis-soin-pour-le-visage-anti-age-fluide-spf50-cremes.jpg","type":"image\/jpeg"}],"twitter_card":"summary_large_image","twitter_misc":{"Dur\u00e9e de lecture estim\u00e9e":"1 minute"},"schema":{"@context":"https:\/\/schema.org","@graph":[{"@type":"WebPage","@id":"https:\/\/paracherkaoui.ma\/index.php\/produit\/sensilis-soin-pour-le-visage-anti-age-fluide-spf50\/","url":"https:\/\/paracherkaoui.ma\/index.php\/produit\/sensilis-soin-pour-le-visage-anti-age-fluide-spf50\/","name":"SENSILIS Soin pour le visage anti-\u00e2ge fluide SPF50+ - Paracherkaoui.ma","isPartOf":{"@id":"https:\/\/paracherkaoui.ma\/#website"},"primaryImageOfPage":{"@id":"https:\/\/paracherkaoui.ma\/index.php\/produit\/sensilis-soin-pour-le-visage-anti-age-fluide-spf50\/#primaryimage"},"image":{"@id":"https:\/\/paracherkaoui.ma\/index.php\/produit\/sensilis-soin-pour-le-visage-anti-age-fluide-spf50\/#primaryimage"},"thumbnailUrl":"https:\/\/paracherkaoui.ma\/wp-content\/uploads\/2025\/12\/sensilis-sensilis-soin-pour-le-visage-anti-age-fluide-spf50-cremes.jpg","datePublished":"2025-12-12T17:59:10+00:00","dateModified":"2025-12-12T17:59:17+00:00","breadcrumb":{"@id":"https:\/\/paracherkaoui.ma\/index.php\/produit\/sensilis-soin-pour-le-visage-anti-age-fluide-spf50\/#breadcrumb"},"inLanguage":"fr-FR","potentialAction":[{"@type":"ReadAction","target":["https:\/\/paracherkaoui.ma\/index.php\/produit\/sensilis-soin-pour-le-visage-anti-age-fluide-spf50\/"]}]},{"@type":"ImageObject","inLanguage":"fr-FR","@id":"https:\/\/paracherkaoui.ma\/index.php\/produit\/sensilis-soin-pour-le-visage-anti-age-fluide-spf50\/#primaryimage","url":"https:\/\/paracherkaoui.ma\/wp-content\/uploads\/2025\/12\/sensilis-sensilis-soin-pour-le-visage-anti-age-fluide-spf50-cremes.jpg","contentUrl":"https:\/\/paracherkaoui.ma\/wp-content\/uploads\/2025\/12\/sensilis-sensilis-soin-pour-le-visage-anti-age-fluide-spf50-cremes.jpg","width":700,"height":700},{"@type":"BreadcrumbList","@id":"https:\/\/paracherkaoui.ma\/index.php\/produit\/sensilis-soin-pour-le-visage-anti-age-fluide-spf50\/#breadcrumb","itemListElement":[{"@type":"ListItem","position":1,"name":"Accueil","item":"https:\/\/paracherkaoui.ma\/"},{"@type":"ListItem","position":2,"name":"Boutique","item":"https:\/\/paracherkaoui.ma\/index.php\/boutique\/"},{"@type":"ListItem","position":3,"name":"SENSILIS Soin pour le visage anti-\u00e2ge fluide SPF50+"}]},{"@type":"WebSite","@id":"https:\/\/paracherkaoui.ma\/#website","url":"https:\/\/paracherkaoui.ma\/","name":"Paracherkaoui.ma","description":"Achetez en ligne sur Paracherkaoui.ma","potentialAction":[{"@type":"SearchAction","target":{"@type":"EntryPoint","urlTemplate":"https:\/\/paracherkaoui.ma\/?s={search_term_string}"},"query-input":{"@type":"PropertyValueSpecification","valueRequired":true,"valueName":"search_term_string"}}],"inLanguage":"fr-FR"}]}},"_links":{"self":[{"href":"https:\/\/paracherkaoui.ma\/index.php\/wp-json\/wp\/v2\/product\/37938","targetHints":{"allow":["GET"]}}],"collection":[{"href":"https:\/\/paracherkaoui.ma\/index.php\/wp-json\/wp\/v2\/product"}],"about":[{"href":"https:\/\/paracherkaoui.ma\/index.php\/wp-json\/wp\/v2\/types\/product"}],"replies":[{"embeddable":true,"href":"https:\/\/paracherkaoui.ma\/index.php\/wp-json\/wp\/v2\/comments?post=37938"}],"version-history":[{"count":1,"href":"https:\/\/paracherkaoui.ma\/index.php\/wp-json\/wp\/v2\/product\/37938\/revisions"}],"predecessor-version":[{"id":37982,"href":"https:\/\/paracherkaoui.ma\/index.php\/wp-json\/wp\/v2\/product\/37938\/revisions\/37982"}],"wp:featuredmedia":[{"embeddable":true,"href":"https:\/\/paracherkaoui.ma\/index.php\/wp-json\/wp\/v2\/media\/37981"}],"wp:attachment":[{"href":"https:\/\/paracherkaoui.ma\/index.php\/wp-json\/wp\/v2\/media?parent=37938"}],"wp:term":[{"taxonomy":"product_brand","embeddable":true,"href":"https:\/\/paracherkaoui.ma\/index.php\/wp-json\/wp\/v2\/product_brand?post=37938"},{"taxonomy":"product_cat","embeddable":true,"href":"https:\/\/paracherkaoui.ma\/index.php\/wp-json\/wp\/v2\/product_cat?post=37938"},{"taxonomy":"product_tag","embeddable":true,"href":"https:\/\/paracherkaoui.ma\/index.php\/wp-json\/wp\/v2\/product_tag?post=37938"}],"curies":[{"name":"wp","href":"https:\/\/api.w.org\/{rel}","templated":true}]}}