{"id":37934,"date":"2025-12-12T18:59:10","date_gmt":"2025-12-12T17:59:10","guid":{"rendered":"https:\/\/test.ecbeaute.com\/?post_type=product&#038;p=37934"},"modified":"2025-12-12T18:59:15","modified_gmt":"2025-12-12T17:59:15","slug":"md-ceuticals-3d-moisturizing-sunscreen-spf-50-50ml","status":"publish","type":"product","link":"https:\/\/paracherkaoui.ma\/index.php\/produit\/md-ceuticals-3d-moisturizing-sunscreen-spf-50-50ml\/","title":{"rendered":"MD CEUTICALS 3D moisturizing sunscreen spf 50+ (50ml)"},"content":{"rendered":"<p>Combine l&rsquo;action de filtres physiques et antioxydants pour une protection compl\u00e8te des cellules de la peau contre les effets n\u00e9fastes des rayons UVA et UVB. Fournit des fonctions antioxydantes, renaissantes et hydratantes, peut acc\u00e9l\u00e9rer les progr\u00e8s de r\u00e9paration de la peau, am\u00e9liorer l&rsquo;hydratation et l&rsquo;immunit\u00e9 de la peau. Emp\u00eache en outre les rides et cr\u00e9e une peau lisse.<br \/>\nIl a une texture l\u00e9g\u00e8re et douce qui peut compl\u00e8tement absorber dans la peau.<br \/>\nIngr\u00e9dients actifs:<br \/>\nVitamine B5, Vitamine B3, 20% de dioxyde de titane, 10% d&rsquo;oxyde de zinc, vitamine E<br \/>\nCONSEILS D&rsquo;UTILISATION :<br \/>\nAppliquer sur le visage et le cou avant l&rsquo;ext\u00e9rieur. Renouvelez l&rsquo;application toutes les quelques heures. C&rsquo;est un produit id\u00e9al pour avant et apr\u00e8s la th\u00e9rapie au laser ou au peeling, peut \u00e9galement \u00eatre utilis\u00e9 comme base de maquillage.<\/p>\n","protected":false},"excerpt":{"rendered":"<p>Combine l&rsquo;action de filtres physiques et antioxydants pour une protection compl\u00e8te des cellules de la peau contre les effets n\u00e9fastes<\/p>\n","protected":false},"featured_media":37976,"comment_status":"open","ping_status":"closed","template":"","meta":[],"product_brand":[430],"product_cat":[666],"product_tag":[],"class_list":{"0":"post-37934","1":"product","2":"type-product","3":"status-publish","4":"has-post-thumbnail","6":"product_brand-md-ceuticals","7":"product_cat-cremes-solaires","9":"first","10":"instock","11":"sale","12":"shipping-taxable","13":"purchasable","14":"product-type-simple"},"yoast_head":"<!-- This site is optimized with the Yoast SEO plugin v26.6 - https:\/\/yoast.com\/wordpress\/plugins\/seo\/ -->\r\n<title>MD CEUTICALS 3D moisturizing sunscreen spf 50+ (50ml) - Paracherkaoui.ma<\/title>\r\n<meta name=\"robots\" content=\"index, follow, max-snippet:-1, max-image-preview:large, max-video-preview:-1\" \/>\r\n<link rel=\"canonical\" href=\"https:\/\/paracherkaoui.ma\/index.php\/produit\/md-ceuticals-3d-moisturizing-sunscreen-spf-50-50ml\/\" \/>\r\n<meta property=\"og:locale\" content=\"fr_FR\" \/>\r\n<meta property=\"og:type\" content=\"article\" \/>\r\n<meta property=\"og:title\" content=\"MD CEUTICALS 3D moisturizing sunscreen spf 50+ (50ml) - Paracherkaoui.ma\" \/>\r\n<meta property=\"og:description\" content=\"Combine l&rsquo;action de filtres physiques et antioxydants pour une protection compl\u00e8te des cellules de la peau contre les effets n\u00e9fastes\" \/>\r\n<meta property=\"og:url\" content=\"https:\/\/paracherkaoui.ma\/index.php\/produit\/md-ceuticals-3d-moisturizing-sunscreen-spf-50-50ml\/\" \/>\r\n<meta property=\"og:site_name\" content=\"Paracherkaoui.ma\" \/>\r\n<meta property=\"article:modified_time\" content=\"2025-12-12T17:59:15+00:00\" \/>\r\n<meta property=\"og:image\" content=\"https:\/\/paracherkaoui.ma\/wp-content\/uploads\/2025\/12\/md-ceuticals-md-ceuticals-3d-moisturizing-sunscreen-spf-50-50ml-cremes.jpg\" \/>\r\n\t<meta property=\"og:image:width\" content=\"700\" \/>\r\n\t<meta property=\"og:image:height\" content=\"700\" \/>\r\n\t<meta property=\"og:image:type\" content=\"image\/jpeg\" \/>\r\n<meta name=\"twitter:card\" content=\"summary_large_image\" \/>\r\n<meta name=\"twitter:label1\" content=\"Dur\u00e9e de lecture estim\u00e9e\" \/>\n\t<meta name=\"twitter:data1\" content=\"1 minute\" \/>\r\n<script type=\"application\/ld+json\" class=\"yoast-schema-graph\">{\"@context\":\"https:\/\/schema.org\",\"@graph\":[{\"@type\":\"WebPage\",\"@id\":\"https:\/\/paracherkaoui.ma\/index.php\/produit\/md-ceuticals-3d-moisturizing-sunscreen-spf-50-50ml\/\",\"url\":\"https:\/\/paracherkaoui.ma\/index.php\/produit\/md-ceuticals-3d-moisturizing-sunscreen-spf-50-50ml\/\",\"name\":\"MD CEUTICALS 3D moisturizing sunscreen spf 50+ (50ml) - Paracherkaoui.ma\",\"isPartOf\":{\"@id\":\"https:\/\/paracherkaoui.ma\/#website\"},\"primaryImageOfPage\":{\"@id\":\"https:\/\/paracherkaoui.ma\/index.php\/produit\/md-ceuticals-3d-moisturizing-sunscreen-spf-50-50ml\/#primaryimage\"},\"image\":{\"@id\":\"https:\/\/paracherkaoui.ma\/index.php\/produit\/md-ceuticals-3d-moisturizing-sunscreen-spf-50-50ml\/#primaryimage\"},\"thumbnailUrl\":\"https:\/\/paracherkaoui.ma\/wp-content\/uploads\/2025\/12\/md-ceuticals-md-ceuticals-3d-moisturizing-sunscreen-spf-50-50ml-cremes.jpg\",\"datePublished\":\"2025-12-12T17:59:10+00:00\",\"dateModified\":\"2025-12-12T17:59:15+00:00\",\"breadcrumb\":{\"@id\":\"https:\/\/paracherkaoui.ma\/index.php\/produit\/md-ceuticals-3d-moisturizing-sunscreen-spf-50-50ml\/#breadcrumb\"},\"inLanguage\":\"fr-FR\",\"potentialAction\":[{\"@type\":\"ReadAction\",\"target\":[\"https:\/\/paracherkaoui.ma\/index.php\/produit\/md-ceuticals-3d-moisturizing-sunscreen-spf-50-50ml\/\"]}]},{\"@type\":\"ImageObject\",\"inLanguage\":\"fr-FR\",\"@id\":\"https:\/\/paracherkaoui.ma\/index.php\/produit\/md-ceuticals-3d-moisturizing-sunscreen-spf-50-50ml\/#primaryimage\",\"url\":\"https:\/\/paracherkaoui.ma\/wp-content\/uploads\/2025\/12\/md-ceuticals-md-ceuticals-3d-moisturizing-sunscreen-spf-50-50ml-cremes.jpg\",\"contentUrl\":\"https:\/\/paracherkaoui.ma\/wp-content\/uploads\/2025\/12\/md-ceuticals-md-ceuticals-3d-moisturizing-sunscreen-spf-50-50ml-cremes.jpg\",\"width\":700,\"height\":700},{\"@type\":\"BreadcrumbList\",\"@id\":\"https:\/\/paracherkaoui.ma\/index.php\/produit\/md-ceuticals-3d-moisturizing-sunscreen-spf-50-50ml\/#breadcrumb\",\"itemListElement\":[{\"@type\":\"ListItem\",\"position\":1,\"name\":\"Accueil\",\"item\":\"https:\/\/paracherkaoui.ma\/\"},{\"@type\":\"ListItem\",\"position\":2,\"name\":\"Boutique\",\"item\":\"https:\/\/paracherkaoui.ma\/index.php\/boutique\/\"},{\"@type\":\"ListItem\",\"position\":3,\"name\":\"MD CEUTICALS 3D moisturizing sunscreen spf 50+ (50ml)\"}]},{\"@type\":\"WebSite\",\"@id\":\"https:\/\/paracherkaoui.ma\/#website\",\"url\":\"https:\/\/paracherkaoui.ma\/\",\"name\":\"Paracherkaoui.ma\",\"description\":\"Achetez en ligne sur Paracherkaoui.ma\",\"potentialAction\":[{\"@type\":\"SearchAction\",\"target\":{\"@type\":\"EntryPoint\",\"urlTemplate\":\"https:\/\/paracherkaoui.ma\/?s={search_term_string}\"},\"query-input\":{\"@type\":\"PropertyValueSpecification\",\"valueRequired\":true,\"valueName\":\"search_term_string\"}}],\"inLanguage\":\"fr-FR\"}]}<\/script>\r\n<!-- \/ Yoast SEO plugin. -->","yoast_head_json":{"title":"MD CEUTICALS 3D moisturizing sunscreen spf 50+ (50ml) - Paracherkaoui.ma","robots":{"index":"index","follow":"follow","max-snippet":"max-snippet:-1","max-image-preview":"max-image-preview:large","max-video-preview":"max-video-preview:-1"},"canonical":"https:\/\/paracherkaoui.ma\/index.php\/produit\/md-ceuticals-3d-moisturizing-sunscreen-spf-50-50ml\/","og_locale":"fr_FR","og_type":"article","og_title":"MD CEUTICALS 3D moisturizing sunscreen spf 50+ (50ml) - Paracherkaoui.ma","og_description":"Combine l&rsquo;action de filtres physiques et antioxydants pour une protection compl\u00e8te des cellules de la peau contre les effets n\u00e9fastes","og_url":"https:\/\/paracherkaoui.ma\/index.php\/produit\/md-ceuticals-3d-moisturizing-sunscreen-spf-50-50ml\/","og_site_name":"Paracherkaoui.ma","article_modified_time":"2025-12-12T17:59:15+00:00","og_image":[{"width":700,"height":700,"url":"https:\/\/paracherkaoui.ma\/wp-content\/uploads\/2025\/12\/md-ceuticals-md-ceuticals-3d-moisturizing-sunscreen-spf-50-50ml-cremes.jpg","type":"image\/jpeg"}],"twitter_card":"summary_large_image","twitter_misc":{"Dur\u00e9e de lecture estim\u00e9e":"1 minute"},"schema":{"@context":"https:\/\/schema.org","@graph":[{"@type":"WebPage","@id":"https:\/\/paracherkaoui.ma\/index.php\/produit\/md-ceuticals-3d-moisturizing-sunscreen-spf-50-50ml\/","url":"https:\/\/paracherkaoui.ma\/index.php\/produit\/md-ceuticals-3d-moisturizing-sunscreen-spf-50-50ml\/","name":"MD CEUTICALS 3D moisturizing sunscreen spf 50+ (50ml) - Paracherkaoui.ma","isPartOf":{"@id":"https:\/\/paracherkaoui.ma\/#website"},"primaryImageOfPage":{"@id":"https:\/\/paracherkaoui.ma\/index.php\/produit\/md-ceuticals-3d-moisturizing-sunscreen-spf-50-50ml\/#primaryimage"},"image":{"@id":"https:\/\/paracherkaoui.ma\/index.php\/produit\/md-ceuticals-3d-moisturizing-sunscreen-spf-50-50ml\/#primaryimage"},"thumbnailUrl":"https:\/\/paracherkaoui.ma\/wp-content\/uploads\/2025\/12\/md-ceuticals-md-ceuticals-3d-moisturizing-sunscreen-spf-50-50ml-cremes.jpg","datePublished":"2025-12-12T17:59:10+00:00","dateModified":"2025-12-12T17:59:15+00:00","breadcrumb":{"@id":"https:\/\/paracherkaoui.ma\/index.php\/produit\/md-ceuticals-3d-moisturizing-sunscreen-spf-50-50ml\/#breadcrumb"},"inLanguage":"fr-FR","potentialAction":[{"@type":"ReadAction","target":["https:\/\/paracherkaoui.ma\/index.php\/produit\/md-ceuticals-3d-moisturizing-sunscreen-spf-50-50ml\/"]}]},{"@type":"ImageObject","inLanguage":"fr-FR","@id":"https:\/\/paracherkaoui.ma\/index.php\/produit\/md-ceuticals-3d-moisturizing-sunscreen-spf-50-50ml\/#primaryimage","url":"https:\/\/paracherkaoui.ma\/wp-content\/uploads\/2025\/12\/md-ceuticals-md-ceuticals-3d-moisturizing-sunscreen-spf-50-50ml-cremes.jpg","contentUrl":"https:\/\/paracherkaoui.ma\/wp-content\/uploads\/2025\/12\/md-ceuticals-md-ceuticals-3d-moisturizing-sunscreen-spf-50-50ml-cremes.jpg","width":700,"height":700},{"@type":"BreadcrumbList","@id":"https:\/\/paracherkaoui.ma\/index.php\/produit\/md-ceuticals-3d-moisturizing-sunscreen-spf-50-50ml\/#breadcrumb","itemListElement":[{"@type":"ListItem","position":1,"name":"Accueil","item":"https:\/\/paracherkaoui.ma\/"},{"@type":"ListItem","position":2,"name":"Boutique","item":"https:\/\/paracherkaoui.ma\/index.php\/boutique\/"},{"@type":"ListItem","position":3,"name":"MD CEUTICALS 3D moisturizing sunscreen spf 50+ (50ml)"}]},{"@type":"WebSite","@id":"https:\/\/paracherkaoui.ma\/#website","url":"https:\/\/paracherkaoui.ma\/","name":"Paracherkaoui.ma","description":"Achetez en ligne sur Paracherkaoui.ma","potentialAction":[{"@type":"SearchAction","target":{"@type":"EntryPoint","urlTemplate":"https:\/\/paracherkaoui.ma\/?s={search_term_string}"},"query-input":{"@type":"PropertyValueSpecification","valueRequired":true,"valueName":"search_term_string"}}],"inLanguage":"fr-FR"}]}},"_links":{"self":[{"href":"https:\/\/paracherkaoui.ma\/index.php\/wp-json\/wp\/v2\/product\/37934","targetHints":{"allow":["GET"]}}],"collection":[{"href":"https:\/\/paracherkaoui.ma\/index.php\/wp-json\/wp\/v2\/product"}],"about":[{"href":"https:\/\/paracherkaoui.ma\/index.php\/wp-json\/wp\/v2\/types\/product"}],"replies":[{"embeddable":true,"href":"https:\/\/paracherkaoui.ma\/index.php\/wp-json\/wp\/v2\/comments?post=37934"}],"version-history":[{"count":1,"href":"https:\/\/paracherkaoui.ma\/index.php\/wp-json\/wp\/v2\/product\/37934\/revisions"}],"predecessor-version":[{"id":37977,"href":"https:\/\/paracherkaoui.ma\/index.php\/wp-json\/wp\/v2\/product\/37934\/revisions\/37977"}],"wp:featuredmedia":[{"embeddable":true,"href":"https:\/\/paracherkaoui.ma\/index.php\/wp-json\/wp\/v2\/media\/37976"}],"wp:attachment":[{"href":"https:\/\/paracherkaoui.ma\/index.php\/wp-json\/wp\/v2\/media?parent=37934"}],"wp:term":[{"taxonomy":"product_brand","embeddable":true,"href":"https:\/\/paracherkaoui.ma\/index.php\/wp-json\/wp\/v2\/product_brand?post=37934"},{"taxonomy":"product_cat","embeddable":true,"href":"https:\/\/paracherkaoui.ma\/index.php\/wp-json\/wp\/v2\/product_cat?post=37934"},{"taxonomy":"product_tag","embeddable":true,"href":"https:\/\/paracherkaoui.ma\/index.php\/wp-json\/wp\/v2\/product_tag?post=37934"}],"curies":[{"name":"wp","href":"https:\/\/api.w.org\/{rel}","templated":true}]}}