{"id":37930,"date":"2025-12-12T18:59:10","date_gmt":"2025-12-12T17:59:10","guid":{"rendered":"https:\/\/test.ecbeaute.com\/?post_type=product&#038;p=37930"},"modified":"2025-12-12T18:59:13","modified_gmt":"2025-12-12T17:59:13","slug":"isispharma-uveblock-spf-50-fluide-teinte-medium-40-ml","status":"publish","type":"product","link":"https:\/\/paracherkaoui.ma\/index.php\/produit\/isispharma-uveblock-spf-50-fluide-teinte-medium-40-ml\/","title":{"rendered":"ISISPHARMA UVEBLOCK SPF 50+ FLUIDE TEINTE MEDIUM 40 ML"},"content":{"rendered":"<p>Description:<br \/>\nComplexe brevet\u00e9 SUNSTRESS PROTECT : gr\u00e2ce \u00e0 une combinaison optimale de filtres permettant de minimiser la p\u00e9n\u00e9tration des UV et \u00e0 deux actifs sp\u00e9cifiques qui vont pr\u00e9server et stimuler les m\u00e9canismes de d\u00e9fense naturelle de la peau, le complexe SUNSTRESS PROTECT assure une protection optimale contre les principaux types de rayonnements solaires (UVA, UVB et infrarouges).<br \/>\nS\u00e9lection rigoureuse des ingr\u00e9dients pour une formule tr\u00e8s haute tol\u00e9rance adapt\u00e9e \u00e0 toutes les peaux, m\u00eame les plus sensibles (enfants de plus de 3 ans et femmes enceintes inclus) Excellent ratio UVB\/UVA pour une protection optimale. Fluide teint\u00e9 confortable et sans trace blanche pour un effet \u00ab\u00a0bonne mine\u00a0\u00bb.<br \/>\nConseil d&rsquo;utilisation :<br \/>\nAppliquez ce soin solaire sur le visage et le cou 15 minutes avant chaque exposition au soleil. Renouveler fr\u00e9quemment et apr\u00e8s chaque bain, activit\u00e9<\/p>\n","protected":false},"excerpt":{"rendered":"<p>Description: Complexe brevet\u00e9 SUNSTRESS PROTECT : gr\u00e2ce \u00e0 une combinaison optimale de filtres permettant de minimiser la p\u00e9n\u00e9tration des UV<\/p>\n","protected":false},"featured_media":37968,"comment_status":"open","ping_status":"closed","template":"","meta":[],"product_brand":[321],"product_cat":[666],"product_tag":[],"class_list":{"0":"post-37930","1":"product","2":"type-product","3":"status-publish","4":"has-post-thumbnail","6":"product_brand-isispharma","7":"product_cat-cremes-solaires","9":"first","10":"instock","11":"sale","12":"shipping-taxable","13":"purchasable","14":"product-type-simple"},"yoast_head":"<!-- This site is optimized with the Yoast SEO plugin v26.6 - https:\/\/yoast.com\/wordpress\/plugins\/seo\/ -->\r\n<title>ISISPHARMA UVEBLOCK SPF 50+ FLUIDE TEINTE MEDIUM 40 ML - Paracherkaoui.ma<\/title>\r\n<meta name=\"robots\" content=\"index, follow, max-snippet:-1, max-image-preview:large, max-video-preview:-1\" \/>\r\n<link rel=\"canonical\" href=\"https:\/\/paracherkaoui.ma\/index.php\/produit\/isispharma-uveblock-spf-50-fluide-teinte-medium-40-ml\/\" \/>\r\n<meta property=\"og:locale\" content=\"fr_FR\" \/>\r\n<meta property=\"og:type\" content=\"article\" \/>\r\n<meta property=\"og:title\" content=\"ISISPHARMA UVEBLOCK SPF 50+ FLUIDE TEINTE MEDIUM 40 ML - Paracherkaoui.ma\" \/>\r\n<meta property=\"og:description\" content=\"Description: Complexe brevet\u00e9 SUNSTRESS PROTECT : gr\u00e2ce \u00e0 une combinaison optimale de filtres permettant de minimiser la p\u00e9n\u00e9tration des UV\" \/>\r\n<meta property=\"og:url\" content=\"https:\/\/paracherkaoui.ma\/index.php\/produit\/isispharma-uveblock-spf-50-fluide-teinte-medium-40-ml\/\" \/>\r\n<meta property=\"og:site_name\" content=\"Paracherkaoui.ma\" \/>\r\n<meta property=\"article:modified_time\" content=\"2025-12-12T17:59:13+00:00\" \/>\r\n<meta property=\"og:image\" content=\"https:\/\/paracherkaoui.ma\/wp-content\/uploads\/2025\/12\/isispharma-isispharma-uveblock-spf-50-fluide-teinte-medium-40-ml-cremes.jpg\" \/>\r\n\t<meta property=\"og:image:width\" content=\"700\" \/>\r\n\t<meta property=\"og:image:height\" content=\"700\" \/>\r\n\t<meta property=\"og:image:type\" content=\"image\/jpeg\" \/>\r\n<meta name=\"twitter:card\" content=\"summary_large_image\" \/>\r\n<meta name=\"twitter:label1\" content=\"Dur\u00e9e de lecture estim\u00e9e\" \/>\n\t<meta name=\"twitter:data1\" content=\"1 minute\" \/>\r\n<script type=\"application\/ld+json\" class=\"yoast-schema-graph\">{\"@context\":\"https:\/\/schema.org\",\"@graph\":[{\"@type\":\"WebPage\",\"@id\":\"https:\/\/paracherkaoui.ma\/index.php\/produit\/isispharma-uveblock-spf-50-fluide-teinte-medium-40-ml\/\",\"url\":\"https:\/\/paracherkaoui.ma\/index.php\/produit\/isispharma-uveblock-spf-50-fluide-teinte-medium-40-ml\/\",\"name\":\"ISISPHARMA UVEBLOCK SPF 50+ FLUIDE TEINTE MEDIUM 40 ML - Paracherkaoui.ma\",\"isPartOf\":{\"@id\":\"https:\/\/paracherkaoui.ma\/#website\"},\"primaryImageOfPage\":{\"@id\":\"https:\/\/paracherkaoui.ma\/index.php\/produit\/isispharma-uveblock-spf-50-fluide-teinte-medium-40-ml\/#primaryimage\"},\"image\":{\"@id\":\"https:\/\/paracherkaoui.ma\/index.php\/produit\/isispharma-uveblock-spf-50-fluide-teinte-medium-40-ml\/#primaryimage\"},\"thumbnailUrl\":\"https:\/\/paracherkaoui.ma\/wp-content\/uploads\/2025\/12\/isispharma-isispharma-uveblock-spf-50-fluide-teinte-medium-40-ml-cremes.jpg\",\"datePublished\":\"2025-12-12T17:59:10+00:00\",\"dateModified\":\"2025-12-12T17:59:13+00:00\",\"breadcrumb\":{\"@id\":\"https:\/\/paracherkaoui.ma\/index.php\/produit\/isispharma-uveblock-spf-50-fluide-teinte-medium-40-ml\/#breadcrumb\"},\"inLanguage\":\"fr-FR\",\"potentialAction\":[{\"@type\":\"ReadAction\",\"target\":[\"https:\/\/paracherkaoui.ma\/index.php\/produit\/isispharma-uveblock-spf-50-fluide-teinte-medium-40-ml\/\"]}]},{\"@type\":\"ImageObject\",\"inLanguage\":\"fr-FR\",\"@id\":\"https:\/\/paracherkaoui.ma\/index.php\/produit\/isispharma-uveblock-spf-50-fluide-teinte-medium-40-ml\/#primaryimage\",\"url\":\"https:\/\/paracherkaoui.ma\/wp-content\/uploads\/2025\/12\/isispharma-isispharma-uveblock-spf-50-fluide-teinte-medium-40-ml-cremes.jpg\",\"contentUrl\":\"https:\/\/paracherkaoui.ma\/wp-content\/uploads\/2025\/12\/isispharma-isispharma-uveblock-spf-50-fluide-teinte-medium-40-ml-cremes.jpg\",\"width\":700,\"height\":700},{\"@type\":\"BreadcrumbList\",\"@id\":\"https:\/\/paracherkaoui.ma\/index.php\/produit\/isispharma-uveblock-spf-50-fluide-teinte-medium-40-ml\/#breadcrumb\",\"itemListElement\":[{\"@type\":\"ListItem\",\"position\":1,\"name\":\"Accueil\",\"item\":\"https:\/\/paracherkaoui.ma\/\"},{\"@type\":\"ListItem\",\"position\":2,\"name\":\"Boutique\",\"item\":\"https:\/\/paracherkaoui.ma\/index.php\/boutique\/\"},{\"@type\":\"ListItem\",\"position\":3,\"name\":\"ISISPHARMA UVEBLOCK SPF 50+ FLUIDE TEINTE MEDIUM 40 ML\"}]},{\"@type\":\"WebSite\",\"@id\":\"https:\/\/paracherkaoui.ma\/#website\",\"url\":\"https:\/\/paracherkaoui.ma\/\",\"name\":\"Paracherkaoui.ma\",\"description\":\"Achetez en ligne sur Paracherkaoui.ma\",\"potentialAction\":[{\"@type\":\"SearchAction\",\"target\":{\"@type\":\"EntryPoint\",\"urlTemplate\":\"https:\/\/paracherkaoui.ma\/?s={search_term_string}\"},\"query-input\":{\"@type\":\"PropertyValueSpecification\",\"valueRequired\":true,\"valueName\":\"search_term_string\"}}],\"inLanguage\":\"fr-FR\"}]}<\/script>\r\n<!-- \/ Yoast SEO plugin. -->","yoast_head_json":{"title":"ISISPHARMA UVEBLOCK SPF 50+ FLUIDE TEINTE MEDIUM 40 ML - Paracherkaoui.ma","robots":{"index":"index","follow":"follow","max-snippet":"max-snippet:-1","max-image-preview":"max-image-preview:large","max-video-preview":"max-video-preview:-1"},"canonical":"https:\/\/paracherkaoui.ma\/index.php\/produit\/isispharma-uveblock-spf-50-fluide-teinte-medium-40-ml\/","og_locale":"fr_FR","og_type":"article","og_title":"ISISPHARMA UVEBLOCK SPF 50+ FLUIDE TEINTE MEDIUM 40 ML - Paracherkaoui.ma","og_description":"Description: Complexe brevet\u00e9 SUNSTRESS PROTECT : gr\u00e2ce \u00e0 une combinaison optimale de filtres permettant de minimiser la p\u00e9n\u00e9tration des UV","og_url":"https:\/\/paracherkaoui.ma\/index.php\/produit\/isispharma-uveblock-spf-50-fluide-teinte-medium-40-ml\/","og_site_name":"Paracherkaoui.ma","article_modified_time":"2025-12-12T17:59:13+00:00","og_image":[{"width":700,"height":700,"url":"https:\/\/paracherkaoui.ma\/wp-content\/uploads\/2025\/12\/isispharma-isispharma-uveblock-spf-50-fluide-teinte-medium-40-ml-cremes.jpg","type":"image\/jpeg"}],"twitter_card":"summary_large_image","twitter_misc":{"Dur\u00e9e de lecture estim\u00e9e":"1 minute"},"schema":{"@context":"https:\/\/schema.org","@graph":[{"@type":"WebPage","@id":"https:\/\/paracherkaoui.ma\/index.php\/produit\/isispharma-uveblock-spf-50-fluide-teinte-medium-40-ml\/","url":"https:\/\/paracherkaoui.ma\/index.php\/produit\/isispharma-uveblock-spf-50-fluide-teinte-medium-40-ml\/","name":"ISISPHARMA UVEBLOCK SPF 50+ FLUIDE TEINTE MEDIUM 40 ML - Paracherkaoui.ma","isPartOf":{"@id":"https:\/\/paracherkaoui.ma\/#website"},"primaryImageOfPage":{"@id":"https:\/\/paracherkaoui.ma\/index.php\/produit\/isispharma-uveblock-spf-50-fluide-teinte-medium-40-ml\/#primaryimage"},"image":{"@id":"https:\/\/paracherkaoui.ma\/index.php\/produit\/isispharma-uveblock-spf-50-fluide-teinte-medium-40-ml\/#primaryimage"},"thumbnailUrl":"https:\/\/paracherkaoui.ma\/wp-content\/uploads\/2025\/12\/isispharma-isispharma-uveblock-spf-50-fluide-teinte-medium-40-ml-cremes.jpg","datePublished":"2025-12-12T17:59:10+00:00","dateModified":"2025-12-12T17:59:13+00:00","breadcrumb":{"@id":"https:\/\/paracherkaoui.ma\/index.php\/produit\/isispharma-uveblock-spf-50-fluide-teinte-medium-40-ml\/#breadcrumb"},"inLanguage":"fr-FR","potentialAction":[{"@type":"ReadAction","target":["https:\/\/paracherkaoui.ma\/index.php\/produit\/isispharma-uveblock-spf-50-fluide-teinte-medium-40-ml\/"]}]},{"@type":"ImageObject","inLanguage":"fr-FR","@id":"https:\/\/paracherkaoui.ma\/index.php\/produit\/isispharma-uveblock-spf-50-fluide-teinte-medium-40-ml\/#primaryimage","url":"https:\/\/paracherkaoui.ma\/wp-content\/uploads\/2025\/12\/isispharma-isispharma-uveblock-spf-50-fluide-teinte-medium-40-ml-cremes.jpg","contentUrl":"https:\/\/paracherkaoui.ma\/wp-content\/uploads\/2025\/12\/isispharma-isispharma-uveblock-spf-50-fluide-teinte-medium-40-ml-cremes.jpg","width":700,"height":700},{"@type":"BreadcrumbList","@id":"https:\/\/paracherkaoui.ma\/index.php\/produit\/isispharma-uveblock-spf-50-fluide-teinte-medium-40-ml\/#breadcrumb","itemListElement":[{"@type":"ListItem","position":1,"name":"Accueil","item":"https:\/\/paracherkaoui.ma\/"},{"@type":"ListItem","position":2,"name":"Boutique","item":"https:\/\/paracherkaoui.ma\/index.php\/boutique\/"},{"@type":"ListItem","position":3,"name":"ISISPHARMA UVEBLOCK SPF 50+ FLUIDE TEINTE MEDIUM 40 ML"}]},{"@type":"WebSite","@id":"https:\/\/paracherkaoui.ma\/#website","url":"https:\/\/paracherkaoui.ma\/","name":"Paracherkaoui.ma","description":"Achetez en ligne sur Paracherkaoui.ma","potentialAction":[{"@type":"SearchAction","target":{"@type":"EntryPoint","urlTemplate":"https:\/\/paracherkaoui.ma\/?s={search_term_string}"},"query-input":{"@type":"PropertyValueSpecification","valueRequired":true,"valueName":"search_term_string"}}],"inLanguage":"fr-FR"}]}},"_links":{"self":[{"href":"https:\/\/paracherkaoui.ma\/index.php\/wp-json\/wp\/v2\/product\/37930","targetHints":{"allow":["GET"]}}],"collection":[{"href":"https:\/\/paracherkaoui.ma\/index.php\/wp-json\/wp\/v2\/product"}],"about":[{"href":"https:\/\/paracherkaoui.ma\/index.php\/wp-json\/wp\/v2\/types\/product"}],"replies":[{"embeddable":true,"href":"https:\/\/paracherkaoui.ma\/index.php\/wp-json\/wp\/v2\/comments?post=37930"}],"version-history":[{"count":1,"href":"https:\/\/paracherkaoui.ma\/index.php\/wp-json\/wp\/v2\/product\/37930\/revisions"}],"predecessor-version":[{"id":37969,"href":"https:\/\/paracherkaoui.ma\/index.php\/wp-json\/wp\/v2\/product\/37930\/revisions\/37969"}],"wp:featuredmedia":[{"embeddable":true,"href":"https:\/\/paracherkaoui.ma\/index.php\/wp-json\/wp\/v2\/media\/37968"}],"wp:attachment":[{"href":"https:\/\/paracherkaoui.ma\/index.php\/wp-json\/wp\/v2\/media?parent=37930"}],"wp:term":[{"taxonomy":"product_brand","embeddable":true,"href":"https:\/\/paracherkaoui.ma\/index.php\/wp-json\/wp\/v2\/product_brand?post=37930"},{"taxonomy":"product_cat","embeddable":true,"href":"https:\/\/paracherkaoui.ma\/index.php\/wp-json\/wp\/v2\/product_cat?post=37930"},{"taxonomy":"product_tag","embeddable":true,"href":"https:\/\/paracherkaoui.ma\/index.php\/wp-json\/wp\/v2\/product_tag?post=37930"}],"curies":[{"name":"wp","href":"https:\/\/api.w.org\/{rel}","templated":true}]}}