{"id":37928,"date":"2025-12-12T18:59:10","date_gmt":"2025-12-12T17:59:10","guid":{"rendered":"https:\/\/test.ecbeaute.com\/?post_type=product&#038;p=37928"},"modified":"2025-12-12T18:59:13","modified_gmt":"2025-12-12T17:59:13","slug":"biotherm-waterlover-lait-solaire-hydratant-spf-30-200-ml","status":"publish","type":"product","link":"https:\/\/paracherkaoui.ma\/index.php\/produit\/biotherm-waterlover-lait-solaire-hydratant-spf-30-200-ml\/","title":{"rendered":"BIOTHERM WATERLOVER LAIT SOLAIRE HYDRATANT SPF 30+ 200 ML"},"content":{"rendered":"<p>Le Biotherm Waterlover Lait Solaire Hydratant SPF 30+ est bien plus qu&rsquo;une simple cr\u00e8me solaire ; c&rsquo;est un engagement envers la protection de votre peau et des oc\u00e9ans. Con\u00e7u avec une formule respectueuse du phytoplancton et de la vie aquatique, ce lait solaire offre une d\u00e9fense \u00e0 large spectre contre les rayons UVA et UVB, tout en garantissant une hydratation intense pendant 24 heures. Avec une biod\u00e9gradabilit\u00e9 de 94%, il incarne l&rsquo;harmonie entre efficacit\u00e9 et responsabilit\u00e9 environnementale.<br \/>\nSa texture l\u00e9g\u00e8re et cr\u00e9meuse s&rsquo;applique ais\u00e9ment, sans laisser de traces blanches, et r\u00e9siste \u00e0 l&rsquo;eau, ce qui en fait l&rsquo;alli\u00e9 id\u00e9al pour vos journ\u00e9es ensoleill\u00e9es, que ce soit \u00e0 la plage, \u00e0 la piscine ou lors d&rsquo;activit\u00e9s ext\u00e9rieures. Adapt\u00e9 \u00e0 tous les types de peaux, y compris les plus sensibles, il a \u00e9t\u00e9 dermatologiquement test\u00e9 pour assurer une tol\u00e9rance optimale.<br \/>\nPour profiter pleinement de ses bienfaits, il est recommand\u00e9 d&rsquo;appliquer le lait solaire g\u00e9n\u00e9reusement sur toutes les zones expos\u00e9es, au moins 30 minutes avant l&rsquo;exposition au soleil. N&rsquo;oubliez pas de renouveler l&rsquo;application toutes les deux heures, ou apr\u00e8s avoir nag\u00e9 ou transpir\u00e9, afin de garantir une protection continue.<br \/>\nConseils d&rsquo;utilisation :<br \/>\nAppliquez uniform\u00e9ment sur les zones expos\u00e9es, 30 minutes avant le soleil.<br \/>\nComposition :<br \/>\nAQUA \/ WATER \u2022 GLYCERIN \u2022 ISOPROPYL PALMITATE \u2022 ETHYLHEXYL SALICYLATE \u2022 PENTYLENE GLYCOL \u2022 BIS-ETHYLHEXYLOXYPHENOL METHOXYPHENYL TRIAZINE \u2022 ALCOHOL DENAT. \u2022 BUTYL METHOXYDIBENZOYLMETHANE \u2022 ZEA MAYS STARCH \/ CORN STARCH \u2022 ETHYLHEXYL TRIAZONE \u2022 POTASSIUM CETYL PHOSPHATE \u2022 PARFUM \/ FRAGRANCE \u2022 DIISOPROPYL SEBACATE \u2022 ORYZA SATIVA CERA \/ RICE BRAN WAX \u2022 STEARIC ACID \u2022 PALMITIC ACID \u2022 PEG-100 STEARATE \u2022 GLYCERYL STEARATE \u2022 TRIETHANOLAMINE \u2022 CAPRYLYL GLYCOL \u2022 ACRYLATES\/C10-30 ALKYL ACRYLATE CROSSPOLYMER \u2022 DROMETRIZOLE TRISILOXANE \u2022 TRISODIUM ETHYLENEDIAMINE DISUCCINATE \u2022 TOCOPHEROL \u2022 XANTHAN GUM \u2022 BUTYROSPERMUM PARKII BUTTER \/ SHEA BUTTER \u2022 ALOE BARBADENSIS LEAF JUICE \u2022 MYRISTIC ACID \u2022 VITREOSCILLA FERMENT \u2022 CITRIC ACID \u2022 POTASSIUM SORBATE \u2022 SODIUM BENZOATE AQUA \/ WATER \/ EAU \u2022 GLYCERIN \u2022 BIS-ETHYLHEXYLOXYPHENOL METHOXYPHENYL TRIAZINE \u2022 ISOPROPYL PALMITATE \u2022 ETHYLHEXYL SALICYLATE \u2022 PENTYLENE GLYCOL \u2022 BUTYL METHOXYDIBENZOYLMETHANE \u2022 ALCOHOL DENAT. \u2022 ETHYLHEXYL TRIAZONE \u2022 ZEA MAYS STARCH \/ CORN STARCH \u2022 POTASSIUM CETYL PHOSPHATE \u2022 PARFUM \/ FRAGRANCE \u2022 DIISOPROPYL SEBACATE \u2022 ORYZA SATIVA CERA \/ RICE BRAN WAX \u2022 STEARIC ACID \u2022 PALMITIC ACID \u2022 PEG-100 STEARATE \u2022 GLYCERYL STEARATE \u2022 TRIETHANOLAMINE \u2022 CAPRYLYL GLYCOL \u2022 ACRYLATES\/C10-30 ALKYL ACRYLATE CROSSPOLYMER \u2022 DROMETRIZOLE TRISILOXANE \u2022 TRISODIUM ETHYLENEDIAMINE DISUCCINATE \u2022 TOCOPHEROL \u2022 XANTHAN GUM \u2022 BUTYROSPERMUM PARKII BUTTER \/ SHEA BUTTER \u2022 ALOE BARBADENSIS LEAF JUICE \u2022 MYRISTIC ACID \u2022 VITREOSCILLA FERMENT \u2022 CITRIC ACID \u2022 POTASSIUM SORBATE \u2022 SODIUM BENZOATE<\/p>\n","protected":false},"excerpt":{"rendered":"<p>Le Biotherm Waterlover Lait Solaire Hydratant SPF 30+ est bien plus qu&rsquo;une simple cr\u00e8me solaire ; c&rsquo;est un engagement envers<\/p>\n","protected":false},"featured_media":37964,"comment_status":"open","ping_status":"closed","template":"","meta":[],"product_brand":[391],"product_cat":[666],"product_tag":[],"class_list":{"0":"post-37928","1":"product","2":"type-product","3":"status-publish","4":"has-post-thumbnail","6":"product_brand-biotherm","7":"product_cat-cremes-solaires","9":"first","10":"instock","11":"shipping-taxable","12":"purchasable","13":"product-type-simple"},"yoast_head":"<!-- This site is optimized with the Yoast SEO plugin v26.6 - https:\/\/yoast.com\/wordpress\/plugins\/seo\/ -->\r\n<title>BIOTHERM WATERLOVER LAIT SOLAIRE HYDRATANT SPF 30+ 200 ML - Paracherkaoui.ma<\/title>\r\n<meta name=\"robots\" content=\"index, follow, max-snippet:-1, max-image-preview:large, max-video-preview:-1\" \/>\r\n<link rel=\"canonical\" href=\"https:\/\/paracherkaoui.ma\/index.php\/produit\/biotherm-waterlover-lait-solaire-hydratant-spf-30-200-ml\/\" \/>\r\n<meta property=\"og:locale\" content=\"fr_FR\" \/>\r\n<meta property=\"og:type\" content=\"article\" \/>\r\n<meta property=\"og:title\" content=\"BIOTHERM WATERLOVER LAIT SOLAIRE HYDRATANT SPF 30+ 200 ML - Paracherkaoui.ma\" \/>\r\n<meta property=\"og:description\" content=\"Le Biotherm Waterlover Lait Solaire Hydratant SPF 30+ est bien plus qu&rsquo;une simple cr\u00e8me solaire ; c&rsquo;est un engagement envers\" \/>\r\n<meta property=\"og:url\" content=\"https:\/\/paracherkaoui.ma\/index.php\/produit\/biotherm-waterlover-lait-solaire-hydratant-spf-30-200-ml\/\" \/>\r\n<meta property=\"og:site_name\" content=\"Paracherkaoui.ma\" \/>\r\n<meta property=\"article:modified_time\" content=\"2025-12-12T17:59:13+00:00\" \/>\r\n<meta property=\"og:image\" content=\"https:\/\/paracherkaoui.ma\/wp-content\/uploads\/2025\/12\/biotherm-waterlover-lait-solaire-hydratant-spf-30-200-ml.jpg\" \/>\r\n\t<meta property=\"og:image:width\" content=\"700\" \/>\r\n\t<meta property=\"og:image:height\" content=\"700\" \/>\r\n\t<meta property=\"og:image:type\" content=\"image\/jpeg\" \/>\r\n<meta name=\"twitter:card\" content=\"summary_large_image\" \/>\r\n<meta name=\"twitter:label1\" content=\"Dur\u00e9e de lecture estim\u00e9e\" \/>\n\t<meta name=\"twitter:data1\" content=\"2 minutes\" \/>\r\n<script type=\"application\/ld+json\" class=\"yoast-schema-graph\">{\"@context\":\"https:\/\/schema.org\",\"@graph\":[{\"@type\":\"WebPage\",\"@id\":\"https:\/\/paracherkaoui.ma\/index.php\/produit\/biotherm-waterlover-lait-solaire-hydratant-spf-30-200-ml\/\",\"url\":\"https:\/\/paracherkaoui.ma\/index.php\/produit\/biotherm-waterlover-lait-solaire-hydratant-spf-30-200-ml\/\",\"name\":\"BIOTHERM WATERLOVER LAIT SOLAIRE HYDRATANT SPF 30+ 200 ML - Paracherkaoui.ma\",\"isPartOf\":{\"@id\":\"https:\/\/paracherkaoui.ma\/#website\"},\"primaryImageOfPage\":{\"@id\":\"https:\/\/paracherkaoui.ma\/index.php\/produit\/biotherm-waterlover-lait-solaire-hydratant-spf-30-200-ml\/#primaryimage\"},\"image\":{\"@id\":\"https:\/\/paracherkaoui.ma\/index.php\/produit\/biotherm-waterlover-lait-solaire-hydratant-spf-30-200-ml\/#primaryimage\"},\"thumbnailUrl\":\"https:\/\/paracherkaoui.ma\/wp-content\/uploads\/2025\/12\/biotherm-waterlover-lait-solaire-hydratant-spf-30-200-ml.jpg\",\"datePublished\":\"2025-12-12T17:59:10+00:00\",\"dateModified\":\"2025-12-12T17:59:13+00:00\",\"breadcrumb\":{\"@id\":\"https:\/\/paracherkaoui.ma\/index.php\/produit\/biotherm-waterlover-lait-solaire-hydratant-spf-30-200-ml\/#breadcrumb\"},\"inLanguage\":\"fr-FR\",\"potentialAction\":[{\"@type\":\"ReadAction\",\"target\":[\"https:\/\/paracherkaoui.ma\/index.php\/produit\/biotherm-waterlover-lait-solaire-hydratant-spf-30-200-ml\/\"]}]},{\"@type\":\"ImageObject\",\"inLanguage\":\"fr-FR\",\"@id\":\"https:\/\/paracherkaoui.ma\/index.php\/produit\/biotherm-waterlover-lait-solaire-hydratant-spf-30-200-ml\/#primaryimage\",\"url\":\"https:\/\/paracherkaoui.ma\/wp-content\/uploads\/2025\/12\/biotherm-waterlover-lait-solaire-hydratant-spf-30-200-ml.jpg\",\"contentUrl\":\"https:\/\/paracherkaoui.ma\/wp-content\/uploads\/2025\/12\/biotherm-waterlover-lait-solaire-hydratant-spf-30-200-ml.jpg\",\"width\":700,\"height\":700},{\"@type\":\"BreadcrumbList\",\"@id\":\"https:\/\/paracherkaoui.ma\/index.php\/produit\/biotherm-waterlover-lait-solaire-hydratant-spf-30-200-ml\/#breadcrumb\",\"itemListElement\":[{\"@type\":\"ListItem\",\"position\":1,\"name\":\"Accueil\",\"item\":\"https:\/\/paracherkaoui.ma\/\"},{\"@type\":\"ListItem\",\"position\":2,\"name\":\"Boutique\",\"item\":\"https:\/\/paracherkaoui.ma\/index.php\/boutique\/\"},{\"@type\":\"ListItem\",\"position\":3,\"name\":\"BIOTHERM WATERLOVER LAIT SOLAIRE HYDRATANT SPF 30+ 200 ML\"}]},{\"@type\":\"WebSite\",\"@id\":\"https:\/\/paracherkaoui.ma\/#website\",\"url\":\"https:\/\/paracherkaoui.ma\/\",\"name\":\"Paracherkaoui.ma\",\"description\":\"Achetez en ligne sur Paracherkaoui.ma\",\"potentialAction\":[{\"@type\":\"SearchAction\",\"target\":{\"@type\":\"EntryPoint\",\"urlTemplate\":\"https:\/\/paracherkaoui.ma\/?s={search_term_string}\"},\"query-input\":{\"@type\":\"PropertyValueSpecification\",\"valueRequired\":true,\"valueName\":\"search_term_string\"}}],\"inLanguage\":\"fr-FR\"}]}<\/script>\r\n<!-- \/ Yoast SEO plugin. -->","yoast_head_json":{"title":"BIOTHERM WATERLOVER LAIT SOLAIRE HYDRATANT SPF 30+ 200 ML - Paracherkaoui.ma","robots":{"index":"index","follow":"follow","max-snippet":"max-snippet:-1","max-image-preview":"max-image-preview:large","max-video-preview":"max-video-preview:-1"},"canonical":"https:\/\/paracherkaoui.ma\/index.php\/produit\/biotherm-waterlover-lait-solaire-hydratant-spf-30-200-ml\/","og_locale":"fr_FR","og_type":"article","og_title":"BIOTHERM WATERLOVER LAIT SOLAIRE HYDRATANT SPF 30+ 200 ML - Paracherkaoui.ma","og_description":"Le Biotherm Waterlover Lait Solaire Hydratant SPF 30+ est bien plus qu&rsquo;une simple cr\u00e8me solaire ; c&rsquo;est un engagement envers","og_url":"https:\/\/paracherkaoui.ma\/index.php\/produit\/biotherm-waterlover-lait-solaire-hydratant-spf-30-200-ml\/","og_site_name":"Paracherkaoui.ma","article_modified_time":"2025-12-12T17:59:13+00:00","og_image":[{"width":700,"height":700,"url":"https:\/\/paracherkaoui.ma\/wp-content\/uploads\/2025\/12\/biotherm-waterlover-lait-solaire-hydratant-spf-30-200-ml.jpg","type":"image\/jpeg"}],"twitter_card":"summary_large_image","twitter_misc":{"Dur\u00e9e de lecture estim\u00e9e":"2 minutes"},"schema":{"@context":"https:\/\/schema.org","@graph":[{"@type":"WebPage","@id":"https:\/\/paracherkaoui.ma\/index.php\/produit\/biotherm-waterlover-lait-solaire-hydratant-spf-30-200-ml\/","url":"https:\/\/paracherkaoui.ma\/index.php\/produit\/biotherm-waterlover-lait-solaire-hydratant-spf-30-200-ml\/","name":"BIOTHERM WATERLOVER LAIT SOLAIRE HYDRATANT SPF 30+ 200 ML - Paracherkaoui.ma","isPartOf":{"@id":"https:\/\/paracherkaoui.ma\/#website"},"primaryImageOfPage":{"@id":"https:\/\/paracherkaoui.ma\/index.php\/produit\/biotherm-waterlover-lait-solaire-hydratant-spf-30-200-ml\/#primaryimage"},"image":{"@id":"https:\/\/paracherkaoui.ma\/index.php\/produit\/biotherm-waterlover-lait-solaire-hydratant-spf-30-200-ml\/#primaryimage"},"thumbnailUrl":"https:\/\/paracherkaoui.ma\/wp-content\/uploads\/2025\/12\/biotherm-waterlover-lait-solaire-hydratant-spf-30-200-ml.jpg","datePublished":"2025-12-12T17:59:10+00:00","dateModified":"2025-12-12T17:59:13+00:00","breadcrumb":{"@id":"https:\/\/paracherkaoui.ma\/index.php\/produit\/biotherm-waterlover-lait-solaire-hydratant-spf-30-200-ml\/#breadcrumb"},"inLanguage":"fr-FR","potentialAction":[{"@type":"ReadAction","target":["https:\/\/paracherkaoui.ma\/index.php\/produit\/biotherm-waterlover-lait-solaire-hydratant-spf-30-200-ml\/"]}]},{"@type":"ImageObject","inLanguage":"fr-FR","@id":"https:\/\/paracherkaoui.ma\/index.php\/produit\/biotherm-waterlover-lait-solaire-hydratant-spf-30-200-ml\/#primaryimage","url":"https:\/\/paracherkaoui.ma\/wp-content\/uploads\/2025\/12\/biotherm-waterlover-lait-solaire-hydratant-spf-30-200-ml.jpg","contentUrl":"https:\/\/paracherkaoui.ma\/wp-content\/uploads\/2025\/12\/biotherm-waterlover-lait-solaire-hydratant-spf-30-200-ml.jpg","width":700,"height":700},{"@type":"BreadcrumbList","@id":"https:\/\/paracherkaoui.ma\/index.php\/produit\/biotherm-waterlover-lait-solaire-hydratant-spf-30-200-ml\/#breadcrumb","itemListElement":[{"@type":"ListItem","position":1,"name":"Accueil","item":"https:\/\/paracherkaoui.ma\/"},{"@type":"ListItem","position":2,"name":"Boutique","item":"https:\/\/paracherkaoui.ma\/index.php\/boutique\/"},{"@type":"ListItem","position":3,"name":"BIOTHERM WATERLOVER LAIT SOLAIRE HYDRATANT SPF 30+ 200 ML"}]},{"@type":"WebSite","@id":"https:\/\/paracherkaoui.ma\/#website","url":"https:\/\/paracherkaoui.ma\/","name":"Paracherkaoui.ma","description":"Achetez en ligne sur Paracherkaoui.ma","potentialAction":[{"@type":"SearchAction","target":{"@type":"EntryPoint","urlTemplate":"https:\/\/paracherkaoui.ma\/?s={search_term_string}"},"query-input":{"@type":"PropertyValueSpecification","valueRequired":true,"valueName":"search_term_string"}}],"inLanguage":"fr-FR"}]}},"_links":{"self":[{"href":"https:\/\/paracherkaoui.ma\/index.php\/wp-json\/wp\/v2\/product\/37928","targetHints":{"allow":["GET"]}}],"collection":[{"href":"https:\/\/paracherkaoui.ma\/index.php\/wp-json\/wp\/v2\/product"}],"about":[{"href":"https:\/\/paracherkaoui.ma\/index.php\/wp-json\/wp\/v2\/types\/product"}],"replies":[{"embeddable":true,"href":"https:\/\/paracherkaoui.ma\/index.php\/wp-json\/wp\/v2\/comments?post=37928"}],"version-history":[{"count":1,"href":"https:\/\/paracherkaoui.ma\/index.php\/wp-json\/wp\/v2\/product\/37928\/revisions"}],"predecessor-version":[{"id":37965,"href":"https:\/\/paracherkaoui.ma\/index.php\/wp-json\/wp\/v2\/product\/37928\/revisions\/37965"}],"wp:featuredmedia":[{"embeddable":true,"href":"https:\/\/paracherkaoui.ma\/index.php\/wp-json\/wp\/v2\/media\/37964"}],"wp:attachment":[{"href":"https:\/\/paracherkaoui.ma\/index.php\/wp-json\/wp\/v2\/media?parent=37928"}],"wp:term":[{"taxonomy":"product_brand","embeddable":true,"href":"https:\/\/paracherkaoui.ma\/index.php\/wp-json\/wp\/v2\/product_brand?post=37928"},{"taxonomy":"product_cat","embeddable":true,"href":"https:\/\/paracherkaoui.ma\/index.php\/wp-json\/wp\/v2\/product_cat?post=37928"},{"taxonomy":"product_tag","embeddable":true,"href":"https:\/\/paracherkaoui.ma\/index.php\/wp-json\/wp\/v2\/product_tag?post=37928"}],"curies":[{"name":"wp","href":"https:\/\/api.w.org\/{rel}","templated":true}]}}