{"id":37863,"date":"2025-12-12T18:59:02","date_gmt":"2025-12-12T17:59:02","guid":{"rendered":"https:\/\/test.ecbeaute.com\/?post_type=product&#038;p=37863"},"modified":"2025-12-12T18:59:07","modified_gmt":"2025-12-12T17:59:07","slug":"isispharma-uveblock-ultra-fluide-spf-50-dry-touch-teinte-claire-40-ml","status":"publish","type":"product","link":"https:\/\/paracherkaoui.ma\/index.php\/produit\/isispharma-uveblock-ultra-fluide-spf-50-dry-touch-teinte-claire-40-ml\/","title":{"rendered":"ISISPHARMA UVEBLOCK ULTRA FLUIDE SPF 50 DRY TOUCH TEINTE CLAIRE 40 ML"},"content":{"rendered":"<p>Le soin solaire dermatologique UVEBLOCK\u00ae SPF 50 Dry touch, \u00e9labor\u00e9 \u00e0 partir du complexe SUNSTRESS PROTECT, vous assure une protection optimale et compl\u00e8te contre les effets n\u00e9fastes induits par les principaux rayonnements du soleil. Sa formule brevet\u00e9e contient 3 types d\u2019actifs qui agissent chacun \u00e0 leur niveau :<br \/>\n\u2022 une combinaison de filtres solaires UVA et UVB permettant de minimiser la p\u00e9n\u00e9tration des UV ;<br \/>\n\u2022 de l\u2019ecto\u00efne, un compos\u00e9 naturel offrant une protection cellulaire compl\u00e8te contre les dommages induits par les UV<br \/>\n\u2022 de l\u2019extrait de Sophora japonica, riche en querc\u00e9tine et stimulant les m\u00e9canismes de r\u00e9g\u00e9n\u00e9ration et de d\u00e9fense naturels et luttant contre le stress oxydatif induit par les UV et les infrarouges.<br \/>\nConseils d&rsquo;utilisation:<br \/>\nAppliquer en quantit\u00e9 suffisante sur le visage\u00a0et le cou avant l\u2019exposition. Renouveler fr\u00e9quemment et apr\u00e8s chaque bain, activit\u00e9 sportive ou frottement. \u00c9viter le contact avec les yeux.<\/p>\n","protected":false},"excerpt":{"rendered":"<p>Le soin solaire dermatologique UVEBLOCK\u00ae SPF 50 Dry touch, \u00e9labor\u00e9 \u00e0 partir du complexe SUNSTRESS PROTECT, vous assure une protection<\/p>\n","protected":false},"featured_media":37910,"comment_status":"open","ping_status":"closed","template":"","meta":[],"product_brand":[321],"product_cat":[666],"product_tag":[],"class_list":{"0":"post-37863","1":"product","2":"type-product","3":"status-publish","4":"has-post-thumbnail","6":"product_brand-isispharma","7":"product_cat-cremes-solaires","9":"first","10":"instock","11":"sale","12":"shipping-taxable","13":"purchasable","14":"product-type-simple"},"yoast_head":"<!-- This site is optimized with the Yoast SEO plugin v26.6 - https:\/\/yoast.com\/wordpress\/plugins\/seo\/ -->\r\n<title>ISISPHARMA UVEBLOCK ULTRA FLUIDE SPF 50 DRY TOUCH TEINTE CLAIRE 40 ML - Paracherkaoui.ma<\/title>\r\n<meta name=\"robots\" content=\"index, follow, max-snippet:-1, max-image-preview:large, max-video-preview:-1\" \/>\r\n<link rel=\"canonical\" href=\"https:\/\/paracherkaoui.ma\/index.php\/produit\/isispharma-uveblock-ultra-fluide-spf-50-dry-touch-teinte-claire-40-ml\/\" \/>\r\n<meta property=\"og:locale\" content=\"fr_FR\" \/>\r\n<meta property=\"og:type\" content=\"article\" \/>\r\n<meta property=\"og:title\" content=\"ISISPHARMA UVEBLOCK ULTRA FLUIDE SPF 50 DRY TOUCH TEINTE CLAIRE 40 ML - Paracherkaoui.ma\" \/>\r\n<meta property=\"og:description\" content=\"Le soin solaire dermatologique UVEBLOCK\u00ae SPF 50 Dry touch, \u00e9labor\u00e9 \u00e0 partir du complexe SUNSTRESS PROTECT, vous assure une protection\" \/>\r\n<meta property=\"og:url\" content=\"https:\/\/paracherkaoui.ma\/index.php\/produit\/isispharma-uveblock-ultra-fluide-spf-50-dry-touch-teinte-claire-40-ml\/\" \/>\r\n<meta property=\"og:site_name\" content=\"Paracherkaoui.ma\" \/>\r\n<meta property=\"article:modified_time\" content=\"2025-12-12T17:59:07+00:00\" \/>\r\n<meta property=\"og:image\" content=\"https:\/\/paracherkaoui.ma\/wp-content\/uploads\/2025\/12\/isispharma-isispharma-uveblock-ultra-fluide-spf-50-dry-touch-teinte-claire-40-ml-cremes.jpg\" \/>\r\n\t<meta property=\"og:image:width\" content=\"700\" \/>\r\n\t<meta property=\"og:image:height\" content=\"700\" \/>\r\n\t<meta property=\"og:image:type\" content=\"image\/jpeg\" \/>\r\n<meta name=\"twitter:card\" content=\"summary_large_image\" \/>\r\n<meta name=\"twitter:label1\" content=\"Dur\u00e9e de lecture estim\u00e9e\" \/>\n\t<meta name=\"twitter:data1\" content=\"1 minute\" \/>\r\n<script type=\"application\/ld+json\" class=\"yoast-schema-graph\">{\"@context\":\"https:\/\/schema.org\",\"@graph\":[{\"@type\":\"WebPage\",\"@id\":\"https:\/\/paracherkaoui.ma\/index.php\/produit\/isispharma-uveblock-ultra-fluide-spf-50-dry-touch-teinte-claire-40-ml\/\",\"url\":\"https:\/\/paracherkaoui.ma\/index.php\/produit\/isispharma-uveblock-ultra-fluide-spf-50-dry-touch-teinte-claire-40-ml\/\",\"name\":\"ISISPHARMA UVEBLOCK ULTRA FLUIDE SPF 50 DRY TOUCH TEINTE CLAIRE 40 ML - Paracherkaoui.ma\",\"isPartOf\":{\"@id\":\"https:\/\/paracherkaoui.ma\/#website\"},\"primaryImageOfPage\":{\"@id\":\"https:\/\/paracherkaoui.ma\/index.php\/produit\/isispharma-uveblock-ultra-fluide-spf-50-dry-touch-teinte-claire-40-ml\/#primaryimage\"},\"image\":{\"@id\":\"https:\/\/paracherkaoui.ma\/index.php\/produit\/isispharma-uveblock-ultra-fluide-spf-50-dry-touch-teinte-claire-40-ml\/#primaryimage\"},\"thumbnailUrl\":\"https:\/\/paracherkaoui.ma\/wp-content\/uploads\/2025\/12\/isispharma-isispharma-uveblock-ultra-fluide-spf-50-dry-touch-teinte-claire-40-ml-cremes.jpg\",\"datePublished\":\"2025-12-12T17:59:02+00:00\",\"dateModified\":\"2025-12-12T17:59:07+00:00\",\"breadcrumb\":{\"@id\":\"https:\/\/paracherkaoui.ma\/index.php\/produit\/isispharma-uveblock-ultra-fluide-spf-50-dry-touch-teinte-claire-40-ml\/#breadcrumb\"},\"inLanguage\":\"fr-FR\",\"potentialAction\":[{\"@type\":\"ReadAction\",\"target\":[\"https:\/\/paracherkaoui.ma\/index.php\/produit\/isispharma-uveblock-ultra-fluide-spf-50-dry-touch-teinte-claire-40-ml\/\"]}]},{\"@type\":\"ImageObject\",\"inLanguage\":\"fr-FR\",\"@id\":\"https:\/\/paracherkaoui.ma\/index.php\/produit\/isispharma-uveblock-ultra-fluide-spf-50-dry-touch-teinte-claire-40-ml\/#primaryimage\",\"url\":\"https:\/\/paracherkaoui.ma\/wp-content\/uploads\/2025\/12\/isispharma-isispharma-uveblock-ultra-fluide-spf-50-dry-touch-teinte-claire-40-ml-cremes.jpg\",\"contentUrl\":\"https:\/\/paracherkaoui.ma\/wp-content\/uploads\/2025\/12\/isispharma-isispharma-uveblock-ultra-fluide-spf-50-dry-touch-teinte-claire-40-ml-cremes.jpg\",\"width\":700,\"height\":700},{\"@type\":\"BreadcrumbList\",\"@id\":\"https:\/\/paracherkaoui.ma\/index.php\/produit\/isispharma-uveblock-ultra-fluide-spf-50-dry-touch-teinte-claire-40-ml\/#breadcrumb\",\"itemListElement\":[{\"@type\":\"ListItem\",\"position\":1,\"name\":\"Accueil\",\"item\":\"https:\/\/paracherkaoui.ma\/\"},{\"@type\":\"ListItem\",\"position\":2,\"name\":\"Boutique\",\"item\":\"https:\/\/paracherkaoui.ma\/index.php\/boutique\/\"},{\"@type\":\"ListItem\",\"position\":3,\"name\":\"ISISPHARMA UVEBLOCK ULTRA FLUIDE SPF 50 DRY TOUCH TEINTE CLAIRE 40 ML\"}]},{\"@type\":\"WebSite\",\"@id\":\"https:\/\/paracherkaoui.ma\/#website\",\"url\":\"https:\/\/paracherkaoui.ma\/\",\"name\":\"Paracherkaoui.ma\",\"description\":\"Achetez en ligne sur Paracherkaoui.ma\",\"potentialAction\":[{\"@type\":\"SearchAction\",\"target\":{\"@type\":\"EntryPoint\",\"urlTemplate\":\"https:\/\/paracherkaoui.ma\/?s={search_term_string}\"},\"query-input\":{\"@type\":\"PropertyValueSpecification\",\"valueRequired\":true,\"valueName\":\"search_term_string\"}}],\"inLanguage\":\"fr-FR\"}]}<\/script>\r\n<!-- \/ Yoast SEO plugin. -->","yoast_head_json":{"title":"ISISPHARMA UVEBLOCK ULTRA FLUIDE SPF 50 DRY TOUCH TEINTE CLAIRE 40 ML - Paracherkaoui.ma","robots":{"index":"index","follow":"follow","max-snippet":"max-snippet:-1","max-image-preview":"max-image-preview:large","max-video-preview":"max-video-preview:-1"},"canonical":"https:\/\/paracherkaoui.ma\/index.php\/produit\/isispharma-uveblock-ultra-fluide-spf-50-dry-touch-teinte-claire-40-ml\/","og_locale":"fr_FR","og_type":"article","og_title":"ISISPHARMA UVEBLOCK ULTRA FLUIDE SPF 50 DRY TOUCH TEINTE CLAIRE 40 ML - Paracherkaoui.ma","og_description":"Le soin solaire dermatologique UVEBLOCK\u00ae SPF 50 Dry touch, \u00e9labor\u00e9 \u00e0 partir du complexe SUNSTRESS PROTECT, vous assure une protection","og_url":"https:\/\/paracherkaoui.ma\/index.php\/produit\/isispharma-uveblock-ultra-fluide-spf-50-dry-touch-teinte-claire-40-ml\/","og_site_name":"Paracherkaoui.ma","article_modified_time":"2025-12-12T17:59:07+00:00","og_image":[{"width":700,"height":700,"url":"https:\/\/paracherkaoui.ma\/wp-content\/uploads\/2025\/12\/isispharma-isispharma-uveblock-ultra-fluide-spf-50-dry-touch-teinte-claire-40-ml-cremes.jpg","type":"image\/jpeg"}],"twitter_card":"summary_large_image","twitter_misc":{"Dur\u00e9e de lecture estim\u00e9e":"1 minute"},"schema":{"@context":"https:\/\/schema.org","@graph":[{"@type":"WebPage","@id":"https:\/\/paracherkaoui.ma\/index.php\/produit\/isispharma-uveblock-ultra-fluide-spf-50-dry-touch-teinte-claire-40-ml\/","url":"https:\/\/paracherkaoui.ma\/index.php\/produit\/isispharma-uveblock-ultra-fluide-spf-50-dry-touch-teinte-claire-40-ml\/","name":"ISISPHARMA UVEBLOCK ULTRA FLUIDE SPF 50 DRY TOUCH TEINTE CLAIRE 40 ML - Paracherkaoui.ma","isPartOf":{"@id":"https:\/\/paracherkaoui.ma\/#website"},"primaryImageOfPage":{"@id":"https:\/\/paracherkaoui.ma\/index.php\/produit\/isispharma-uveblock-ultra-fluide-spf-50-dry-touch-teinte-claire-40-ml\/#primaryimage"},"image":{"@id":"https:\/\/paracherkaoui.ma\/index.php\/produit\/isispharma-uveblock-ultra-fluide-spf-50-dry-touch-teinte-claire-40-ml\/#primaryimage"},"thumbnailUrl":"https:\/\/paracherkaoui.ma\/wp-content\/uploads\/2025\/12\/isispharma-isispharma-uveblock-ultra-fluide-spf-50-dry-touch-teinte-claire-40-ml-cremes.jpg","datePublished":"2025-12-12T17:59:02+00:00","dateModified":"2025-12-12T17:59:07+00:00","breadcrumb":{"@id":"https:\/\/paracherkaoui.ma\/index.php\/produit\/isispharma-uveblock-ultra-fluide-spf-50-dry-touch-teinte-claire-40-ml\/#breadcrumb"},"inLanguage":"fr-FR","potentialAction":[{"@type":"ReadAction","target":["https:\/\/paracherkaoui.ma\/index.php\/produit\/isispharma-uveblock-ultra-fluide-spf-50-dry-touch-teinte-claire-40-ml\/"]}]},{"@type":"ImageObject","inLanguage":"fr-FR","@id":"https:\/\/paracherkaoui.ma\/index.php\/produit\/isispharma-uveblock-ultra-fluide-spf-50-dry-touch-teinte-claire-40-ml\/#primaryimage","url":"https:\/\/paracherkaoui.ma\/wp-content\/uploads\/2025\/12\/isispharma-isispharma-uveblock-ultra-fluide-spf-50-dry-touch-teinte-claire-40-ml-cremes.jpg","contentUrl":"https:\/\/paracherkaoui.ma\/wp-content\/uploads\/2025\/12\/isispharma-isispharma-uveblock-ultra-fluide-spf-50-dry-touch-teinte-claire-40-ml-cremes.jpg","width":700,"height":700},{"@type":"BreadcrumbList","@id":"https:\/\/paracherkaoui.ma\/index.php\/produit\/isispharma-uveblock-ultra-fluide-spf-50-dry-touch-teinte-claire-40-ml\/#breadcrumb","itemListElement":[{"@type":"ListItem","position":1,"name":"Accueil","item":"https:\/\/paracherkaoui.ma\/"},{"@type":"ListItem","position":2,"name":"Boutique","item":"https:\/\/paracherkaoui.ma\/index.php\/boutique\/"},{"@type":"ListItem","position":3,"name":"ISISPHARMA UVEBLOCK ULTRA FLUIDE SPF 50 DRY TOUCH TEINTE CLAIRE 40 ML"}]},{"@type":"WebSite","@id":"https:\/\/paracherkaoui.ma\/#website","url":"https:\/\/paracherkaoui.ma\/","name":"Paracherkaoui.ma","description":"Achetez en ligne sur Paracherkaoui.ma","potentialAction":[{"@type":"SearchAction","target":{"@type":"EntryPoint","urlTemplate":"https:\/\/paracherkaoui.ma\/?s={search_term_string}"},"query-input":{"@type":"PropertyValueSpecification","valueRequired":true,"valueName":"search_term_string"}}],"inLanguage":"fr-FR"}]}},"_links":{"self":[{"href":"https:\/\/paracherkaoui.ma\/index.php\/wp-json\/wp\/v2\/product\/37863","targetHints":{"allow":["GET"]}}],"collection":[{"href":"https:\/\/paracherkaoui.ma\/index.php\/wp-json\/wp\/v2\/product"}],"about":[{"href":"https:\/\/paracherkaoui.ma\/index.php\/wp-json\/wp\/v2\/types\/product"}],"replies":[{"embeddable":true,"href":"https:\/\/paracherkaoui.ma\/index.php\/wp-json\/wp\/v2\/comments?post=37863"}],"version-history":[{"count":1,"href":"https:\/\/paracherkaoui.ma\/index.php\/wp-json\/wp\/v2\/product\/37863\/revisions"}],"predecessor-version":[{"id":37911,"href":"https:\/\/paracherkaoui.ma\/index.php\/wp-json\/wp\/v2\/product\/37863\/revisions\/37911"}],"wp:featuredmedia":[{"embeddable":true,"href":"https:\/\/paracherkaoui.ma\/index.php\/wp-json\/wp\/v2\/media\/37910"}],"wp:attachment":[{"href":"https:\/\/paracherkaoui.ma\/index.php\/wp-json\/wp\/v2\/media?parent=37863"}],"wp:term":[{"taxonomy":"product_brand","embeddable":true,"href":"https:\/\/paracherkaoui.ma\/index.php\/wp-json\/wp\/v2\/product_brand?post=37863"},{"taxonomy":"product_cat","embeddable":true,"href":"https:\/\/paracherkaoui.ma\/index.php\/wp-json\/wp\/v2\/product_cat?post=37863"},{"taxonomy":"product_tag","embeddable":true,"href":"https:\/\/paracherkaoui.ma\/index.php\/wp-json\/wp\/v2\/product_tag?post=37863"}],"curies":[{"name":"wp","href":"https:\/\/api.w.org\/{rel}","templated":true}]}}