{"id":37852,"date":"2025-12-12T18:59:02","date_gmt":"2025-12-12T17:59:02","guid":{"rendered":"https:\/\/test.ecbeaute.com\/?post_type=product&#038;p=37852"},"modified":"2025-12-12T18:59:05","modified_gmt":"2025-12-12T17:59:05","slug":"ivaderma-spf-50-creme-solaire-minerale","status":"publish","type":"product","link":"https:\/\/paracherkaoui.ma\/index.php\/produit\/ivaderma-spf-50-creme-solaire-minerale\/","title":{"rendered":"IVADERMA SPF 50+ Creme solaire minerale"},"content":{"rendered":"<p>Pour tous types de peau. Pour toutes les t\u00e2ches li\u00e9es au soleil et au vieillissement \u00e0 cause de la UVA. La cr\u00e8me solaire min\u00e9rale SPF 50+ associe une tr\u00e8s haute protection solaire (anti UVA et anti UVB) et elle sp\u00e9cialement formul\u00e9e pour les peaux saines et pathologiques.<br \/>\nIvaDerma Cr\u00e8me Solaire Min\u00e9rale est \u00e0 base de :<br \/>\n\u2b8a Dioxyde de Titane\u00a0qui a l\u2019avantage de prot\u00e9ger \u00e0 la fois contre les effets nocifs des rayons UVB responsables des coups de soleil et des cancers de la peau, et des UVA qui causent le vieillissement pr\u00e9matur\u00e9 de la peau<br \/>\n\u2b8a L\u2019oxyde de Zinc\u00a0forme un film r\u00e9flecteur protecteur \u00e0 la surface de la peau qui r\u00e9fl\u00e9chit les rayons UV, c\u2019est un purifiant anti bact\u00e9rien et aussi matifiant.<br \/>\nConseils dutilisation.<br \/>\n-Appliquez en quantit\u00e9 g\u00e9n\u00e9reuse et homog\u00e8ne avant l\u2019exposition au soleil<br \/>\n-Bien laisser p\u00e9n\u00e9trer<br \/>\n-Renouveler l\u2019application afin de maintenir une bonne protection solaire<\/p>\n","protected":false},"excerpt":{"rendered":"<p>Pour tous types de peau. Pour toutes les t\u00e2ches li\u00e9es au soleil et au vieillissement \u00e0 cause de la UVA.<\/p>\n","protected":false},"featured_media":37891,"comment_status":"open","ping_status":"closed","template":"","meta":[],"product_brand":[287],"product_cat":[666],"product_tag":[],"class_list":{"0":"post-37852","1":"product","2":"type-product","3":"status-publish","4":"has-post-thumbnail","6":"product_brand-ivaderma","7":"product_cat-cremes-solaires","9":"first","10":"instock","11":"sale","12":"shipping-taxable","13":"purchasable","14":"product-type-simple"},"yoast_head":"<!-- This site is optimized with the Yoast SEO plugin v26.6 - https:\/\/yoast.com\/wordpress\/plugins\/seo\/ -->\r\n<title>IVADERMA SPF 50+ Creme solaire minerale - Paracherkaoui.ma<\/title>\r\n<meta name=\"robots\" content=\"index, follow, max-snippet:-1, max-image-preview:large, max-video-preview:-1\" \/>\r\n<link rel=\"canonical\" href=\"https:\/\/paracherkaoui.ma\/index.php\/produit\/ivaderma-spf-50-creme-solaire-minerale\/\" \/>\r\n<meta property=\"og:locale\" content=\"fr_FR\" \/>\r\n<meta property=\"og:type\" content=\"article\" \/>\r\n<meta property=\"og:title\" content=\"IVADERMA SPF 50+ Creme solaire minerale - Paracherkaoui.ma\" \/>\r\n<meta property=\"og:description\" content=\"Pour tous types de peau. Pour toutes les t\u00e2ches li\u00e9es au soleil et au vieillissement \u00e0 cause de la UVA.\" \/>\r\n<meta property=\"og:url\" content=\"https:\/\/paracherkaoui.ma\/index.php\/produit\/ivaderma-spf-50-creme-solaire-minerale\/\" \/>\r\n<meta property=\"og:site_name\" content=\"Paracherkaoui.ma\" \/>\r\n<meta property=\"article:modified_time\" content=\"2025-12-12T17:59:05+00:00\" \/>\r\n<meta property=\"og:image\" content=\"https:\/\/paracherkaoui.ma\/wp-content\/uploads\/2025\/12\/ivaderma-ivaderma-spf-50-creme-solaire-minerale-cremes.jpg\" \/>\r\n\t<meta property=\"og:image:width\" content=\"700\" \/>\r\n\t<meta property=\"og:image:height\" content=\"700\" \/>\r\n\t<meta property=\"og:image:type\" content=\"image\/jpeg\" \/>\r\n<meta name=\"twitter:card\" content=\"summary_large_image\" \/>\r\n<meta name=\"twitter:label1\" content=\"Dur\u00e9e de lecture estim\u00e9e\" \/>\n\t<meta name=\"twitter:data1\" content=\"1 minute\" \/>\r\n<script type=\"application\/ld+json\" class=\"yoast-schema-graph\">{\"@context\":\"https:\/\/schema.org\",\"@graph\":[{\"@type\":\"WebPage\",\"@id\":\"https:\/\/paracherkaoui.ma\/index.php\/produit\/ivaderma-spf-50-creme-solaire-minerale\/\",\"url\":\"https:\/\/paracherkaoui.ma\/index.php\/produit\/ivaderma-spf-50-creme-solaire-minerale\/\",\"name\":\"IVADERMA SPF 50+ Creme solaire minerale - Paracherkaoui.ma\",\"isPartOf\":{\"@id\":\"https:\/\/paracherkaoui.ma\/#website\"},\"primaryImageOfPage\":{\"@id\":\"https:\/\/paracherkaoui.ma\/index.php\/produit\/ivaderma-spf-50-creme-solaire-minerale\/#primaryimage\"},\"image\":{\"@id\":\"https:\/\/paracherkaoui.ma\/index.php\/produit\/ivaderma-spf-50-creme-solaire-minerale\/#primaryimage\"},\"thumbnailUrl\":\"https:\/\/paracherkaoui.ma\/wp-content\/uploads\/2025\/12\/ivaderma-ivaderma-spf-50-creme-solaire-minerale-cremes.jpg\",\"datePublished\":\"2025-12-12T17:59:02+00:00\",\"dateModified\":\"2025-12-12T17:59:05+00:00\",\"breadcrumb\":{\"@id\":\"https:\/\/paracherkaoui.ma\/index.php\/produit\/ivaderma-spf-50-creme-solaire-minerale\/#breadcrumb\"},\"inLanguage\":\"fr-FR\",\"potentialAction\":[{\"@type\":\"ReadAction\",\"target\":[\"https:\/\/paracherkaoui.ma\/index.php\/produit\/ivaderma-spf-50-creme-solaire-minerale\/\"]}]},{\"@type\":\"ImageObject\",\"inLanguage\":\"fr-FR\",\"@id\":\"https:\/\/paracherkaoui.ma\/index.php\/produit\/ivaderma-spf-50-creme-solaire-minerale\/#primaryimage\",\"url\":\"https:\/\/paracherkaoui.ma\/wp-content\/uploads\/2025\/12\/ivaderma-ivaderma-spf-50-creme-solaire-minerale-cremes.jpg\",\"contentUrl\":\"https:\/\/paracherkaoui.ma\/wp-content\/uploads\/2025\/12\/ivaderma-ivaderma-spf-50-creme-solaire-minerale-cremes.jpg\",\"width\":700,\"height\":700},{\"@type\":\"BreadcrumbList\",\"@id\":\"https:\/\/paracherkaoui.ma\/index.php\/produit\/ivaderma-spf-50-creme-solaire-minerale\/#breadcrumb\",\"itemListElement\":[{\"@type\":\"ListItem\",\"position\":1,\"name\":\"Accueil\",\"item\":\"https:\/\/paracherkaoui.ma\/\"},{\"@type\":\"ListItem\",\"position\":2,\"name\":\"Boutique\",\"item\":\"https:\/\/paracherkaoui.ma\/index.php\/boutique\/\"},{\"@type\":\"ListItem\",\"position\":3,\"name\":\"IVADERMA SPF 50+ Creme solaire minerale\"}]},{\"@type\":\"WebSite\",\"@id\":\"https:\/\/paracherkaoui.ma\/#website\",\"url\":\"https:\/\/paracherkaoui.ma\/\",\"name\":\"Paracherkaoui.ma\",\"description\":\"Achetez en ligne sur Paracherkaoui.ma\",\"potentialAction\":[{\"@type\":\"SearchAction\",\"target\":{\"@type\":\"EntryPoint\",\"urlTemplate\":\"https:\/\/paracherkaoui.ma\/?s={search_term_string}\"},\"query-input\":{\"@type\":\"PropertyValueSpecification\",\"valueRequired\":true,\"valueName\":\"search_term_string\"}}],\"inLanguage\":\"fr-FR\"}]}<\/script>\r\n<!-- \/ Yoast SEO plugin. -->","yoast_head_json":{"title":"IVADERMA SPF 50+ Creme solaire minerale - Paracherkaoui.ma","robots":{"index":"index","follow":"follow","max-snippet":"max-snippet:-1","max-image-preview":"max-image-preview:large","max-video-preview":"max-video-preview:-1"},"canonical":"https:\/\/paracherkaoui.ma\/index.php\/produit\/ivaderma-spf-50-creme-solaire-minerale\/","og_locale":"fr_FR","og_type":"article","og_title":"IVADERMA SPF 50+ Creme solaire minerale - Paracherkaoui.ma","og_description":"Pour tous types de peau. Pour toutes les t\u00e2ches li\u00e9es au soleil et au vieillissement \u00e0 cause de la UVA.","og_url":"https:\/\/paracherkaoui.ma\/index.php\/produit\/ivaderma-spf-50-creme-solaire-minerale\/","og_site_name":"Paracherkaoui.ma","article_modified_time":"2025-12-12T17:59:05+00:00","og_image":[{"width":700,"height":700,"url":"https:\/\/paracherkaoui.ma\/wp-content\/uploads\/2025\/12\/ivaderma-ivaderma-spf-50-creme-solaire-minerale-cremes.jpg","type":"image\/jpeg"}],"twitter_card":"summary_large_image","twitter_misc":{"Dur\u00e9e de lecture estim\u00e9e":"1 minute"},"schema":{"@context":"https:\/\/schema.org","@graph":[{"@type":"WebPage","@id":"https:\/\/paracherkaoui.ma\/index.php\/produit\/ivaderma-spf-50-creme-solaire-minerale\/","url":"https:\/\/paracherkaoui.ma\/index.php\/produit\/ivaderma-spf-50-creme-solaire-minerale\/","name":"IVADERMA SPF 50+ Creme solaire minerale - Paracherkaoui.ma","isPartOf":{"@id":"https:\/\/paracherkaoui.ma\/#website"},"primaryImageOfPage":{"@id":"https:\/\/paracherkaoui.ma\/index.php\/produit\/ivaderma-spf-50-creme-solaire-minerale\/#primaryimage"},"image":{"@id":"https:\/\/paracherkaoui.ma\/index.php\/produit\/ivaderma-spf-50-creme-solaire-minerale\/#primaryimage"},"thumbnailUrl":"https:\/\/paracherkaoui.ma\/wp-content\/uploads\/2025\/12\/ivaderma-ivaderma-spf-50-creme-solaire-minerale-cremes.jpg","datePublished":"2025-12-12T17:59:02+00:00","dateModified":"2025-12-12T17:59:05+00:00","breadcrumb":{"@id":"https:\/\/paracherkaoui.ma\/index.php\/produit\/ivaderma-spf-50-creme-solaire-minerale\/#breadcrumb"},"inLanguage":"fr-FR","potentialAction":[{"@type":"ReadAction","target":["https:\/\/paracherkaoui.ma\/index.php\/produit\/ivaderma-spf-50-creme-solaire-minerale\/"]}]},{"@type":"ImageObject","inLanguage":"fr-FR","@id":"https:\/\/paracherkaoui.ma\/index.php\/produit\/ivaderma-spf-50-creme-solaire-minerale\/#primaryimage","url":"https:\/\/paracherkaoui.ma\/wp-content\/uploads\/2025\/12\/ivaderma-ivaderma-spf-50-creme-solaire-minerale-cremes.jpg","contentUrl":"https:\/\/paracherkaoui.ma\/wp-content\/uploads\/2025\/12\/ivaderma-ivaderma-spf-50-creme-solaire-minerale-cremes.jpg","width":700,"height":700},{"@type":"BreadcrumbList","@id":"https:\/\/paracherkaoui.ma\/index.php\/produit\/ivaderma-spf-50-creme-solaire-minerale\/#breadcrumb","itemListElement":[{"@type":"ListItem","position":1,"name":"Accueil","item":"https:\/\/paracherkaoui.ma\/"},{"@type":"ListItem","position":2,"name":"Boutique","item":"https:\/\/paracherkaoui.ma\/index.php\/boutique\/"},{"@type":"ListItem","position":3,"name":"IVADERMA SPF 50+ Creme solaire minerale"}]},{"@type":"WebSite","@id":"https:\/\/paracherkaoui.ma\/#website","url":"https:\/\/paracherkaoui.ma\/","name":"Paracherkaoui.ma","description":"Achetez en ligne sur Paracherkaoui.ma","potentialAction":[{"@type":"SearchAction","target":{"@type":"EntryPoint","urlTemplate":"https:\/\/paracherkaoui.ma\/?s={search_term_string}"},"query-input":{"@type":"PropertyValueSpecification","valueRequired":true,"valueName":"search_term_string"}}],"inLanguage":"fr-FR"}]}},"_links":{"self":[{"href":"https:\/\/paracherkaoui.ma\/index.php\/wp-json\/wp\/v2\/product\/37852","targetHints":{"allow":["GET"]}}],"collection":[{"href":"https:\/\/paracherkaoui.ma\/index.php\/wp-json\/wp\/v2\/product"}],"about":[{"href":"https:\/\/paracherkaoui.ma\/index.php\/wp-json\/wp\/v2\/types\/product"}],"replies":[{"embeddable":true,"href":"https:\/\/paracherkaoui.ma\/index.php\/wp-json\/wp\/v2\/comments?post=37852"}],"version-history":[{"count":1,"href":"https:\/\/paracherkaoui.ma\/index.php\/wp-json\/wp\/v2\/product\/37852\/revisions"}],"predecessor-version":[{"id":37892,"href":"https:\/\/paracherkaoui.ma\/index.php\/wp-json\/wp\/v2\/product\/37852\/revisions\/37892"}],"wp:featuredmedia":[{"embeddable":true,"href":"https:\/\/paracherkaoui.ma\/index.php\/wp-json\/wp\/v2\/media\/37891"}],"wp:attachment":[{"href":"https:\/\/paracherkaoui.ma\/index.php\/wp-json\/wp\/v2\/media?parent=37852"}],"wp:term":[{"taxonomy":"product_brand","embeddable":true,"href":"https:\/\/paracherkaoui.ma\/index.php\/wp-json\/wp\/v2\/product_brand?post=37852"},{"taxonomy":"product_cat","embeddable":true,"href":"https:\/\/paracherkaoui.ma\/index.php\/wp-json\/wp\/v2\/product_cat?post=37852"},{"taxonomy":"product_tag","embeddable":true,"href":"https:\/\/paracherkaoui.ma\/index.php\/wp-json\/wp\/v2\/product_tag?post=37852"}],"curies":[{"name":"wp","href":"https:\/\/api.w.org\/{rel}","templated":true}]}}