{"id":37848,"date":"2025-12-12T18:59:01","date_gmt":"2025-12-12T17:59:01","guid":{"rendered":"https:\/\/test.ecbeaute.com\/?post_type=product&#038;p=37848"},"modified":"2025-12-12T18:59:04","modified_gmt":"2025-12-12T17:59:04","slug":"lierac-sunissime-le-lait-fondant-solaire-spf-30-corps-150-ml","status":"publish","type":"product","link":"https:\/\/paracherkaoui.ma\/index.php\/produit\/lierac-sunissime-le-lait-fondant-solaire-spf-30-corps-150-ml\/","title":{"rendered":"LIERAC SUNISSIME LE LAIT FONDANT SOLAIRE SPF 30 CORPS 150 ML"},"content":{"rendered":"<p>Avec Lierac, le soleil a son rituel : Pr\u00e9parer, Prot\u00e9ger, Prolonger<br \/>\nPendant l&rsquo;exposition, le Lait Fondant Solaire Corps SPF30 offre une haute protection gr\u00e2ce \u00e0 son syst\u00e8me filtrant Large Spectre associant des filtres organiques [UVB + UVA] \u00e0 un complexe d&rsquo;actifs anti-lumi\u00e8re bleue et infrarouges.<br \/>\nIl pr\u00e9vient ainsi les dommages cutan\u00e9s et les signes du photo-vieillissement (rides, taches, rel\u00e2chement) pour une action anti-\u00e2ge globale<br \/>\nSa texture fondante p\u00e9n\u00e8tre rapidement et offre un fini invisible, sans traces blanches.<br \/>\nEmbl\u00e9matique, sa fragrance gorg\u00e9e de soleil aux notes fra\u00eeches et addictives d\u2019eau de coco, bergamote et jasmin laisse un envoutant parfum de vacances sur la peau.<br \/>\nTous types de peaux.<br \/>\nComposition :<br \/>\nAqua\/Water\/Eau, C12-15 Alkyl Benzoate, Glycerin, Alcohol, Dicaprylyl Carbonate, Ethylhexyl Salicylate, Butyl Methoxydibenzoylmethane, Ethylhexyl Triazone, Polyglyceryl-3 Methylglucose Distearate, Bis-Ethylhexyloxyphenol Methoxyphenyl Triazine, Phenylbenzimidazole Sulfonic Acid, Arginine, Caprylic\/Capric Triglyceride, Propanediol, C20-22 Alkyl Phosphate, C20-22 Alcohols, Parfum \/ Fragrance, Caprylyl Glycol, Potassium Cetyl Phosphate, Ethylhexylglycerin, Acrylates\/C10-30 Alkyl Acrylate Crosspolymer, Laminaria Ochroleuca Extract, Tocopheryl Acetate, Sodium Gluconate, Polygonum Aviculare Extract, Porphyridium Cruentum Extract, Potassium Sorbate, Sodium Benzoate, 1,2-Hexanediol, Tocopherol, Biosaccharide Gum-4, Citric Acid.<br \/>\nConseils d&rsquo;utilisation :<br \/>\nAppliquer g\u00e9n\u00e9reusement sur l\u2019ensemble du corps avant chaque exposition au soleil. Renouveler toutes les 2 heures ou apr\u00e8s avoir nag\u00e9, transpir\u00e9 ou s\u2019\u00eatre essuy\u00e9.<\/p>\n","protected":false},"excerpt":{"rendered":"<p>Avec Lierac, le soleil a son rituel : Pr\u00e9parer, Prot\u00e9ger, Prolonger Pendant l&rsquo;exposition, le Lait Fondant Solaire Corps SPF30 offre<\/p>\n","protected":false},"featured_media":37883,"comment_status":"open","ping_status":"closed","template":"","meta":[],"product_brand":[371],"product_cat":[666],"product_tag":[],"class_list":{"0":"post-37848","1":"product","2":"type-product","3":"status-publish","4":"has-post-thumbnail","6":"product_brand-lierac","7":"product_cat-cremes-solaires","9":"first","10":"instock","11":"shipping-taxable","12":"purchasable","13":"product-type-simple"},"yoast_head":"<!-- This site is optimized with the Yoast SEO plugin v26.6 - https:\/\/yoast.com\/wordpress\/plugins\/seo\/ -->\r\n<title>LIERAC SUNISSIME LE LAIT FONDANT SOLAIRE SPF 30 CORPS 150 ML - Paracherkaoui.ma<\/title>\r\n<meta name=\"robots\" content=\"index, follow, max-snippet:-1, max-image-preview:large, max-video-preview:-1\" \/>\r\n<link rel=\"canonical\" href=\"https:\/\/paracherkaoui.ma\/index.php\/produit\/lierac-sunissime-le-lait-fondant-solaire-spf-30-corps-150-ml\/\" \/>\r\n<meta property=\"og:locale\" content=\"fr_FR\" \/>\r\n<meta property=\"og:type\" content=\"article\" \/>\r\n<meta property=\"og:title\" content=\"LIERAC SUNISSIME LE LAIT FONDANT SOLAIRE SPF 30 CORPS 150 ML - Paracherkaoui.ma\" \/>\r\n<meta property=\"og:description\" content=\"Avec Lierac, le soleil a son rituel : Pr\u00e9parer, Prot\u00e9ger, Prolonger Pendant l&rsquo;exposition, le Lait Fondant Solaire Corps SPF30 offre\" \/>\r\n<meta property=\"og:url\" content=\"https:\/\/paracherkaoui.ma\/index.php\/produit\/lierac-sunissime-le-lait-fondant-solaire-spf-30-corps-150-ml\/\" \/>\r\n<meta property=\"og:site_name\" content=\"Paracherkaoui.ma\" \/>\r\n<meta property=\"article:modified_time\" content=\"2025-12-12T17:59:04+00:00\" \/>\r\n<meta property=\"og:image\" content=\"https:\/\/paracherkaoui.ma\/wp-content\/uploads\/2025\/12\/lierac-lierac-sunissime-le-lait-fondant-solaire-spf-30-corps-150-ml-cremes.jpg\" \/>\r\n\t<meta property=\"og:image:width\" content=\"700\" \/>\r\n\t<meta property=\"og:image:height\" content=\"700\" \/>\r\n\t<meta property=\"og:image:type\" content=\"image\/jpeg\" \/>\r\n<meta name=\"twitter:card\" content=\"summary_large_image\" \/>\r\n<meta name=\"twitter:label1\" content=\"Dur\u00e9e de lecture estim\u00e9e\" \/>\n\t<meta name=\"twitter:data1\" content=\"1 minute\" \/>\r\n<script type=\"application\/ld+json\" class=\"yoast-schema-graph\">{\"@context\":\"https:\/\/schema.org\",\"@graph\":[{\"@type\":\"WebPage\",\"@id\":\"https:\/\/paracherkaoui.ma\/index.php\/produit\/lierac-sunissime-le-lait-fondant-solaire-spf-30-corps-150-ml\/\",\"url\":\"https:\/\/paracherkaoui.ma\/index.php\/produit\/lierac-sunissime-le-lait-fondant-solaire-spf-30-corps-150-ml\/\",\"name\":\"LIERAC SUNISSIME LE LAIT FONDANT SOLAIRE SPF 30 CORPS 150 ML - Paracherkaoui.ma\",\"isPartOf\":{\"@id\":\"https:\/\/paracherkaoui.ma\/#website\"},\"primaryImageOfPage\":{\"@id\":\"https:\/\/paracherkaoui.ma\/index.php\/produit\/lierac-sunissime-le-lait-fondant-solaire-spf-30-corps-150-ml\/#primaryimage\"},\"image\":{\"@id\":\"https:\/\/paracherkaoui.ma\/index.php\/produit\/lierac-sunissime-le-lait-fondant-solaire-spf-30-corps-150-ml\/#primaryimage\"},\"thumbnailUrl\":\"https:\/\/paracherkaoui.ma\/wp-content\/uploads\/2025\/12\/lierac-lierac-sunissime-le-lait-fondant-solaire-spf-30-corps-150-ml-cremes.jpg\",\"datePublished\":\"2025-12-12T17:59:01+00:00\",\"dateModified\":\"2025-12-12T17:59:04+00:00\",\"breadcrumb\":{\"@id\":\"https:\/\/paracherkaoui.ma\/index.php\/produit\/lierac-sunissime-le-lait-fondant-solaire-spf-30-corps-150-ml\/#breadcrumb\"},\"inLanguage\":\"fr-FR\",\"potentialAction\":[{\"@type\":\"ReadAction\",\"target\":[\"https:\/\/paracherkaoui.ma\/index.php\/produit\/lierac-sunissime-le-lait-fondant-solaire-spf-30-corps-150-ml\/\"]}]},{\"@type\":\"ImageObject\",\"inLanguage\":\"fr-FR\",\"@id\":\"https:\/\/paracherkaoui.ma\/index.php\/produit\/lierac-sunissime-le-lait-fondant-solaire-spf-30-corps-150-ml\/#primaryimage\",\"url\":\"https:\/\/paracherkaoui.ma\/wp-content\/uploads\/2025\/12\/lierac-lierac-sunissime-le-lait-fondant-solaire-spf-30-corps-150-ml-cremes.jpg\",\"contentUrl\":\"https:\/\/paracherkaoui.ma\/wp-content\/uploads\/2025\/12\/lierac-lierac-sunissime-le-lait-fondant-solaire-spf-30-corps-150-ml-cremes.jpg\",\"width\":700,\"height\":700},{\"@type\":\"BreadcrumbList\",\"@id\":\"https:\/\/paracherkaoui.ma\/index.php\/produit\/lierac-sunissime-le-lait-fondant-solaire-spf-30-corps-150-ml\/#breadcrumb\",\"itemListElement\":[{\"@type\":\"ListItem\",\"position\":1,\"name\":\"Accueil\",\"item\":\"https:\/\/paracherkaoui.ma\/\"},{\"@type\":\"ListItem\",\"position\":2,\"name\":\"Boutique\",\"item\":\"https:\/\/paracherkaoui.ma\/index.php\/boutique\/\"},{\"@type\":\"ListItem\",\"position\":3,\"name\":\"LIERAC SUNISSIME LE LAIT FONDANT SOLAIRE SPF 30 CORPS 150 ML\"}]},{\"@type\":\"WebSite\",\"@id\":\"https:\/\/paracherkaoui.ma\/#website\",\"url\":\"https:\/\/paracherkaoui.ma\/\",\"name\":\"Paracherkaoui.ma\",\"description\":\"Achetez en ligne sur Paracherkaoui.ma\",\"potentialAction\":[{\"@type\":\"SearchAction\",\"target\":{\"@type\":\"EntryPoint\",\"urlTemplate\":\"https:\/\/paracherkaoui.ma\/?s={search_term_string}\"},\"query-input\":{\"@type\":\"PropertyValueSpecification\",\"valueRequired\":true,\"valueName\":\"search_term_string\"}}],\"inLanguage\":\"fr-FR\"}]}<\/script>\r\n<!-- \/ Yoast SEO plugin. -->","yoast_head_json":{"title":"LIERAC SUNISSIME LE LAIT FONDANT SOLAIRE SPF 30 CORPS 150 ML - Paracherkaoui.ma","robots":{"index":"index","follow":"follow","max-snippet":"max-snippet:-1","max-image-preview":"max-image-preview:large","max-video-preview":"max-video-preview:-1"},"canonical":"https:\/\/paracherkaoui.ma\/index.php\/produit\/lierac-sunissime-le-lait-fondant-solaire-spf-30-corps-150-ml\/","og_locale":"fr_FR","og_type":"article","og_title":"LIERAC SUNISSIME LE LAIT FONDANT SOLAIRE SPF 30 CORPS 150 ML - Paracherkaoui.ma","og_description":"Avec Lierac, le soleil a son rituel : Pr\u00e9parer, Prot\u00e9ger, Prolonger Pendant l&rsquo;exposition, le Lait Fondant Solaire Corps SPF30 offre","og_url":"https:\/\/paracherkaoui.ma\/index.php\/produit\/lierac-sunissime-le-lait-fondant-solaire-spf-30-corps-150-ml\/","og_site_name":"Paracherkaoui.ma","article_modified_time":"2025-12-12T17:59:04+00:00","og_image":[{"width":700,"height":700,"url":"https:\/\/paracherkaoui.ma\/wp-content\/uploads\/2025\/12\/lierac-lierac-sunissime-le-lait-fondant-solaire-spf-30-corps-150-ml-cremes.jpg","type":"image\/jpeg"}],"twitter_card":"summary_large_image","twitter_misc":{"Dur\u00e9e de lecture estim\u00e9e":"1 minute"},"schema":{"@context":"https:\/\/schema.org","@graph":[{"@type":"WebPage","@id":"https:\/\/paracherkaoui.ma\/index.php\/produit\/lierac-sunissime-le-lait-fondant-solaire-spf-30-corps-150-ml\/","url":"https:\/\/paracherkaoui.ma\/index.php\/produit\/lierac-sunissime-le-lait-fondant-solaire-spf-30-corps-150-ml\/","name":"LIERAC SUNISSIME LE LAIT FONDANT SOLAIRE SPF 30 CORPS 150 ML - Paracherkaoui.ma","isPartOf":{"@id":"https:\/\/paracherkaoui.ma\/#website"},"primaryImageOfPage":{"@id":"https:\/\/paracherkaoui.ma\/index.php\/produit\/lierac-sunissime-le-lait-fondant-solaire-spf-30-corps-150-ml\/#primaryimage"},"image":{"@id":"https:\/\/paracherkaoui.ma\/index.php\/produit\/lierac-sunissime-le-lait-fondant-solaire-spf-30-corps-150-ml\/#primaryimage"},"thumbnailUrl":"https:\/\/paracherkaoui.ma\/wp-content\/uploads\/2025\/12\/lierac-lierac-sunissime-le-lait-fondant-solaire-spf-30-corps-150-ml-cremes.jpg","datePublished":"2025-12-12T17:59:01+00:00","dateModified":"2025-12-12T17:59:04+00:00","breadcrumb":{"@id":"https:\/\/paracherkaoui.ma\/index.php\/produit\/lierac-sunissime-le-lait-fondant-solaire-spf-30-corps-150-ml\/#breadcrumb"},"inLanguage":"fr-FR","potentialAction":[{"@type":"ReadAction","target":["https:\/\/paracherkaoui.ma\/index.php\/produit\/lierac-sunissime-le-lait-fondant-solaire-spf-30-corps-150-ml\/"]}]},{"@type":"ImageObject","inLanguage":"fr-FR","@id":"https:\/\/paracherkaoui.ma\/index.php\/produit\/lierac-sunissime-le-lait-fondant-solaire-spf-30-corps-150-ml\/#primaryimage","url":"https:\/\/paracherkaoui.ma\/wp-content\/uploads\/2025\/12\/lierac-lierac-sunissime-le-lait-fondant-solaire-spf-30-corps-150-ml-cremes.jpg","contentUrl":"https:\/\/paracherkaoui.ma\/wp-content\/uploads\/2025\/12\/lierac-lierac-sunissime-le-lait-fondant-solaire-spf-30-corps-150-ml-cremes.jpg","width":700,"height":700},{"@type":"BreadcrumbList","@id":"https:\/\/paracherkaoui.ma\/index.php\/produit\/lierac-sunissime-le-lait-fondant-solaire-spf-30-corps-150-ml\/#breadcrumb","itemListElement":[{"@type":"ListItem","position":1,"name":"Accueil","item":"https:\/\/paracherkaoui.ma\/"},{"@type":"ListItem","position":2,"name":"Boutique","item":"https:\/\/paracherkaoui.ma\/index.php\/boutique\/"},{"@type":"ListItem","position":3,"name":"LIERAC SUNISSIME LE LAIT FONDANT SOLAIRE SPF 30 CORPS 150 ML"}]},{"@type":"WebSite","@id":"https:\/\/paracherkaoui.ma\/#website","url":"https:\/\/paracherkaoui.ma\/","name":"Paracherkaoui.ma","description":"Achetez en ligne sur Paracherkaoui.ma","potentialAction":[{"@type":"SearchAction","target":{"@type":"EntryPoint","urlTemplate":"https:\/\/paracherkaoui.ma\/?s={search_term_string}"},"query-input":{"@type":"PropertyValueSpecification","valueRequired":true,"valueName":"search_term_string"}}],"inLanguage":"fr-FR"}]}},"_links":{"self":[{"href":"https:\/\/paracherkaoui.ma\/index.php\/wp-json\/wp\/v2\/product\/37848","targetHints":{"allow":["GET"]}}],"collection":[{"href":"https:\/\/paracherkaoui.ma\/index.php\/wp-json\/wp\/v2\/product"}],"about":[{"href":"https:\/\/paracherkaoui.ma\/index.php\/wp-json\/wp\/v2\/types\/product"}],"replies":[{"embeddable":true,"href":"https:\/\/paracherkaoui.ma\/index.php\/wp-json\/wp\/v2\/comments?post=37848"}],"version-history":[{"count":1,"href":"https:\/\/paracherkaoui.ma\/index.php\/wp-json\/wp\/v2\/product\/37848\/revisions"}],"predecessor-version":[{"id":37884,"href":"https:\/\/paracherkaoui.ma\/index.php\/wp-json\/wp\/v2\/product\/37848\/revisions\/37884"}],"wp:featuredmedia":[{"embeddable":true,"href":"https:\/\/paracherkaoui.ma\/index.php\/wp-json\/wp\/v2\/media\/37883"}],"wp:attachment":[{"href":"https:\/\/paracherkaoui.ma\/index.php\/wp-json\/wp\/v2\/media?parent=37848"}],"wp:term":[{"taxonomy":"product_brand","embeddable":true,"href":"https:\/\/paracherkaoui.ma\/index.php\/wp-json\/wp\/v2\/product_brand?post=37848"},{"taxonomy":"product_cat","embeddable":true,"href":"https:\/\/paracherkaoui.ma\/index.php\/wp-json\/wp\/v2\/product_cat?post=37848"},{"taxonomy":"product_tag","embeddable":true,"href":"https:\/\/paracherkaoui.ma\/index.php\/wp-json\/wp\/v2\/product_tag?post=37848"}],"curies":[{"name":"wp","href":"https:\/\/api.w.org\/{rel}","templated":true}]}}