{"id":37840,"date":"2025-12-12T18:59:01","date_gmt":"2025-12-12T17:59:01","guid":{"rendered":"https:\/\/test.ecbeaute.com\/?post_type=product&#038;p=37840"},"modified":"2025-12-12T18:59:03","modified_gmt":"2025-12-12T17:59:03","slug":"floxia-emulsion-invisible-protexio-spf-50","status":"publish","type":"product","link":"https:\/\/paracherkaoui.ma\/index.php\/produit\/floxia-emulsion-invisible-protexio-spf-50\/","title":{"rendered":"FLOXIA EMULSION INVISIBLE PROTEXIO SPF 50"},"content":{"rendered":"<p>D\u00e9couvrez l\u2019\u00c9mulsion Invisible, la\u00a0meilleure cr\u00e8me solaire\u00a0pour prot\u00e9ger la peau du visage et du corps. Sa haute protection (SPF50) constitue un \u00e9cran solaire id\u00e9al pour barrer les effets n\u00e9fastes des UVA et UVB. La peau est r\u00e9par\u00e9e, prot\u00e9g\u00e9e et hydrat\u00e9e.<br \/>\nLa protection solaire \u00c9mulsion Invisible :<br \/>\nprot\u00e8ge la peau des rayons du soleil, m\u00eame les plus intenses\u00a0hydrate en profondeur\u00a0ralentit le vieillissement cutan\u00e9\u00a0est anti taches brunes\u00a0ne laisse pas de traces blanches apr\u00e8s application<br \/>\nLa cr\u00e8me solaire \u00c9mulsion Invisible est r\u00e9sistante \u00e0 l\u2019eau. Elle est garantie sans parab\u00e8ne, sans parfum et sans huile min\u00e9rale. Elle convient \u00e0 tous les types de peau, m\u00eame les plus sensibles. Enrichie en actifs\u00a0antioxydants, hydratants\u00a0et\u00a0r\u00e9parateurs,\u00a0la protection solaire Invisible SPF50 vous accompagne toute l\u2019ann\u00e9e, \u00e9t\u00e9 comme hiver. Sortez prot\u00e9g\u00e9 !<br \/>\nConseils d&rsquo;utilisation:<br \/>\nAppliquez la cr\u00e8me solaire \u00c9mulsion Invisible SPF50 avant chaque\u00a0exposition au soleil. Pr\u00e9levez une petite quantit\u00e9 de la protection solaire et \u00e9talez-la sur l\u2019ensemble du visage et du corps. Renouvelez r\u00e9guli\u00e8rement l\u2019application, en particulier apr\u00e8s avoir nag\u00e9, transpir\u00e9 ou s\u2019\u00eatre essuy\u00e9.<\/p>\n","protected":false},"excerpt":{"rendered":"<p>D\u00e9couvrez l\u2019\u00c9mulsion Invisible, la\u00a0meilleure cr\u00e8me solaire\u00a0pour prot\u00e9ger la peau du visage et du corps. Sa haute protection (SPF50) constitue un<\/p>\n","protected":false},"featured_media":37870,"comment_status":"open","ping_status":"closed","template":"","meta":[],"product_brand":[300],"product_cat":[666],"product_tag":[],"class_list":{"0":"post-37840","1":"product","2":"type-product","3":"status-publish","4":"has-post-thumbnail","6":"product_brand-floxia","7":"product_cat-cremes-solaires","9":"first","10":"instock","11":"sale","12":"shipping-taxable","13":"purchasable","14":"product-type-simple"},"yoast_head":"<!-- This site is optimized with the Yoast SEO plugin v26.6 - https:\/\/yoast.com\/wordpress\/plugins\/seo\/ -->\r\n<title>FLOXIA EMULSION INVISIBLE PROTEXIO SPF 50 - Paracherkaoui.ma<\/title>\r\n<meta name=\"robots\" content=\"index, follow, max-snippet:-1, max-image-preview:large, max-video-preview:-1\" \/>\r\n<link rel=\"canonical\" href=\"https:\/\/paracherkaoui.ma\/index.php\/produit\/floxia-emulsion-invisible-protexio-spf-50\/\" \/>\r\n<meta property=\"og:locale\" content=\"fr_FR\" \/>\r\n<meta property=\"og:type\" content=\"article\" \/>\r\n<meta property=\"og:title\" content=\"FLOXIA EMULSION INVISIBLE PROTEXIO SPF 50 - Paracherkaoui.ma\" \/>\r\n<meta property=\"og:description\" content=\"D\u00e9couvrez l\u2019\u00c9mulsion Invisible, la\u00a0meilleure cr\u00e8me solaire\u00a0pour prot\u00e9ger la peau du visage et du corps. Sa haute protection (SPF50) constitue un\" \/>\r\n<meta property=\"og:url\" content=\"https:\/\/paracherkaoui.ma\/index.php\/produit\/floxia-emulsion-invisible-protexio-spf-50\/\" \/>\r\n<meta property=\"og:site_name\" content=\"Paracherkaoui.ma\" \/>\r\n<meta property=\"article:modified_time\" content=\"2025-12-12T17:59:03+00:00\" \/>\r\n<meta property=\"og:image\" content=\"https:\/\/paracherkaoui.ma\/wp-content\/uploads\/2025\/12\/floxia-emulsion-invisible-protexio-spf-50.jpg\" \/>\r\n\t<meta property=\"og:image:width\" content=\"700\" \/>\r\n\t<meta property=\"og:image:height\" content=\"700\" \/>\r\n\t<meta property=\"og:image:type\" content=\"image\/jpeg\" \/>\r\n<meta name=\"twitter:card\" content=\"summary_large_image\" \/>\r\n<meta name=\"twitter:label1\" content=\"Dur\u00e9e de lecture estim\u00e9e\" \/>\n\t<meta name=\"twitter:data1\" content=\"1 minute\" \/>\r\n<script type=\"application\/ld+json\" class=\"yoast-schema-graph\">{\"@context\":\"https:\/\/schema.org\",\"@graph\":[{\"@type\":\"WebPage\",\"@id\":\"https:\/\/paracherkaoui.ma\/index.php\/produit\/floxia-emulsion-invisible-protexio-spf-50\/\",\"url\":\"https:\/\/paracherkaoui.ma\/index.php\/produit\/floxia-emulsion-invisible-protexio-spf-50\/\",\"name\":\"FLOXIA EMULSION INVISIBLE PROTEXIO SPF 50 - Paracherkaoui.ma\",\"isPartOf\":{\"@id\":\"https:\/\/paracherkaoui.ma\/#website\"},\"primaryImageOfPage\":{\"@id\":\"https:\/\/paracherkaoui.ma\/index.php\/produit\/floxia-emulsion-invisible-protexio-spf-50\/#primaryimage\"},\"image\":{\"@id\":\"https:\/\/paracherkaoui.ma\/index.php\/produit\/floxia-emulsion-invisible-protexio-spf-50\/#primaryimage\"},\"thumbnailUrl\":\"https:\/\/paracherkaoui.ma\/wp-content\/uploads\/2025\/12\/floxia-emulsion-invisible-protexio-spf-50.jpg\",\"datePublished\":\"2025-12-12T17:59:01+00:00\",\"dateModified\":\"2025-12-12T17:59:03+00:00\",\"breadcrumb\":{\"@id\":\"https:\/\/paracherkaoui.ma\/index.php\/produit\/floxia-emulsion-invisible-protexio-spf-50\/#breadcrumb\"},\"inLanguage\":\"fr-FR\",\"potentialAction\":[{\"@type\":\"ReadAction\",\"target\":[\"https:\/\/paracherkaoui.ma\/index.php\/produit\/floxia-emulsion-invisible-protexio-spf-50\/\"]}]},{\"@type\":\"ImageObject\",\"inLanguage\":\"fr-FR\",\"@id\":\"https:\/\/paracherkaoui.ma\/index.php\/produit\/floxia-emulsion-invisible-protexio-spf-50\/#primaryimage\",\"url\":\"https:\/\/paracherkaoui.ma\/wp-content\/uploads\/2025\/12\/floxia-emulsion-invisible-protexio-spf-50.jpg\",\"contentUrl\":\"https:\/\/paracherkaoui.ma\/wp-content\/uploads\/2025\/12\/floxia-emulsion-invisible-protexio-spf-50.jpg\",\"width\":700,\"height\":700},{\"@type\":\"BreadcrumbList\",\"@id\":\"https:\/\/paracherkaoui.ma\/index.php\/produit\/floxia-emulsion-invisible-protexio-spf-50\/#breadcrumb\",\"itemListElement\":[{\"@type\":\"ListItem\",\"position\":1,\"name\":\"Accueil\",\"item\":\"https:\/\/paracherkaoui.ma\/\"},{\"@type\":\"ListItem\",\"position\":2,\"name\":\"Boutique\",\"item\":\"https:\/\/paracherkaoui.ma\/index.php\/boutique\/\"},{\"@type\":\"ListItem\",\"position\":3,\"name\":\"FLOXIA EMULSION INVISIBLE PROTEXIO SPF 50\"}]},{\"@type\":\"WebSite\",\"@id\":\"https:\/\/paracherkaoui.ma\/#website\",\"url\":\"https:\/\/paracherkaoui.ma\/\",\"name\":\"Paracherkaoui.ma\",\"description\":\"Achetez en ligne sur Paracherkaoui.ma\",\"potentialAction\":[{\"@type\":\"SearchAction\",\"target\":{\"@type\":\"EntryPoint\",\"urlTemplate\":\"https:\/\/paracherkaoui.ma\/?s={search_term_string}\"},\"query-input\":{\"@type\":\"PropertyValueSpecification\",\"valueRequired\":true,\"valueName\":\"search_term_string\"}}],\"inLanguage\":\"fr-FR\"}]}<\/script>\r\n<!-- \/ Yoast SEO plugin. -->","yoast_head_json":{"title":"FLOXIA EMULSION INVISIBLE PROTEXIO SPF 50 - Paracherkaoui.ma","robots":{"index":"index","follow":"follow","max-snippet":"max-snippet:-1","max-image-preview":"max-image-preview:large","max-video-preview":"max-video-preview:-1"},"canonical":"https:\/\/paracherkaoui.ma\/index.php\/produit\/floxia-emulsion-invisible-protexio-spf-50\/","og_locale":"fr_FR","og_type":"article","og_title":"FLOXIA EMULSION INVISIBLE PROTEXIO SPF 50 - Paracherkaoui.ma","og_description":"D\u00e9couvrez l\u2019\u00c9mulsion Invisible, la\u00a0meilleure cr\u00e8me solaire\u00a0pour prot\u00e9ger la peau du visage et du corps. Sa haute protection (SPF50) constitue un","og_url":"https:\/\/paracherkaoui.ma\/index.php\/produit\/floxia-emulsion-invisible-protexio-spf-50\/","og_site_name":"Paracherkaoui.ma","article_modified_time":"2025-12-12T17:59:03+00:00","og_image":[{"width":700,"height":700,"url":"https:\/\/paracherkaoui.ma\/wp-content\/uploads\/2025\/12\/floxia-emulsion-invisible-protexio-spf-50.jpg","type":"image\/jpeg"}],"twitter_card":"summary_large_image","twitter_misc":{"Dur\u00e9e de lecture estim\u00e9e":"1 minute"},"schema":{"@context":"https:\/\/schema.org","@graph":[{"@type":"WebPage","@id":"https:\/\/paracherkaoui.ma\/index.php\/produit\/floxia-emulsion-invisible-protexio-spf-50\/","url":"https:\/\/paracherkaoui.ma\/index.php\/produit\/floxia-emulsion-invisible-protexio-spf-50\/","name":"FLOXIA EMULSION INVISIBLE PROTEXIO SPF 50 - Paracherkaoui.ma","isPartOf":{"@id":"https:\/\/paracherkaoui.ma\/#website"},"primaryImageOfPage":{"@id":"https:\/\/paracherkaoui.ma\/index.php\/produit\/floxia-emulsion-invisible-protexio-spf-50\/#primaryimage"},"image":{"@id":"https:\/\/paracherkaoui.ma\/index.php\/produit\/floxia-emulsion-invisible-protexio-spf-50\/#primaryimage"},"thumbnailUrl":"https:\/\/paracherkaoui.ma\/wp-content\/uploads\/2025\/12\/floxia-emulsion-invisible-protexio-spf-50.jpg","datePublished":"2025-12-12T17:59:01+00:00","dateModified":"2025-12-12T17:59:03+00:00","breadcrumb":{"@id":"https:\/\/paracherkaoui.ma\/index.php\/produit\/floxia-emulsion-invisible-protexio-spf-50\/#breadcrumb"},"inLanguage":"fr-FR","potentialAction":[{"@type":"ReadAction","target":["https:\/\/paracherkaoui.ma\/index.php\/produit\/floxia-emulsion-invisible-protexio-spf-50\/"]}]},{"@type":"ImageObject","inLanguage":"fr-FR","@id":"https:\/\/paracherkaoui.ma\/index.php\/produit\/floxia-emulsion-invisible-protexio-spf-50\/#primaryimage","url":"https:\/\/paracherkaoui.ma\/wp-content\/uploads\/2025\/12\/floxia-emulsion-invisible-protexio-spf-50.jpg","contentUrl":"https:\/\/paracherkaoui.ma\/wp-content\/uploads\/2025\/12\/floxia-emulsion-invisible-protexio-spf-50.jpg","width":700,"height":700},{"@type":"BreadcrumbList","@id":"https:\/\/paracherkaoui.ma\/index.php\/produit\/floxia-emulsion-invisible-protexio-spf-50\/#breadcrumb","itemListElement":[{"@type":"ListItem","position":1,"name":"Accueil","item":"https:\/\/paracherkaoui.ma\/"},{"@type":"ListItem","position":2,"name":"Boutique","item":"https:\/\/paracherkaoui.ma\/index.php\/boutique\/"},{"@type":"ListItem","position":3,"name":"FLOXIA EMULSION INVISIBLE PROTEXIO SPF 50"}]},{"@type":"WebSite","@id":"https:\/\/paracherkaoui.ma\/#website","url":"https:\/\/paracherkaoui.ma\/","name":"Paracherkaoui.ma","description":"Achetez en ligne sur Paracherkaoui.ma","potentialAction":[{"@type":"SearchAction","target":{"@type":"EntryPoint","urlTemplate":"https:\/\/paracherkaoui.ma\/?s={search_term_string}"},"query-input":{"@type":"PropertyValueSpecification","valueRequired":true,"valueName":"search_term_string"}}],"inLanguage":"fr-FR"}]}},"_links":{"self":[{"href":"https:\/\/paracherkaoui.ma\/index.php\/wp-json\/wp\/v2\/product\/37840","targetHints":{"allow":["GET"]}}],"collection":[{"href":"https:\/\/paracherkaoui.ma\/index.php\/wp-json\/wp\/v2\/product"}],"about":[{"href":"https:\/\/paracherkaoui.ma\/index.php\/wp-json\/wp\/v2\/types\/product"}],"replies":[{"embeddable":true,"href":"https:\/\/paracherkaoui.ma\/index.php\/wp-json\/wp\/v2\/comments?post=37840"}],"version-history":[{"count":1,"href":"https:\/\/paracherkaoui.ma\/index.php\/wp-json\/wp\/v2\/product\/37840\/revisions"}],"predecessor-version":[{"id":37871,"href":"https:\/\/paracherkaoui.ma\/index.php\/wp-json\/wp\/v2\/product\/37840\/revisions\/37871"}],"wp:featuredmedia":[{"embeddable":true,"href":"https:\/\/paracherkaoui.ma\/index.php\/wp-json\/wp\/v2\/media\/37870"}],"wp:attachment":[{"href":"https:\/\/paracherkaoui.ma\/index.php\/wp-json\/wp\/v2\/media?parent=37840"}],"wp:term":[{"taxonomy":"product_brand","embeddable":true,"href":"https:\/\/paracherkaoui.ma\/index.php\/wp-json\/wp\/v2\/product_brand?post=37840"},{"taxonomy":"product_cat","embeddable":true,"href":"https:\/\/paracherkaoui.ma\/index.php\/wp-json\/wp\/v2\/product_cat?post=37840"},{"taxonomy":"product_tag","embeddable":true,"href":"https:\/\/paracherkaoui.ma\/index.php\/wp-json\/wp\/v2\/product_tag?post=37840"}],"curies":[{"name":"wp","href":"https:\/\/api.w.org\/{rel}","templated":true}]}}