{"id":37788,"date":"2025-12-12T18:58:47","date_gmt":"2025-12-12T17:58:47","guid":{"rendered":"https:\/\/test.ecbeaute.com\/?post_type=product&#038;p=37788"},"modified":"2025-12-12T18:58:49","modified_gmt":"2025-12-12T17:58:49","slug":"australian-gold-lotion-solaire-visage-teinte-botanique-spf-50-moyenne-a-brune-89-ml","status":"publish","type":"product","link":"https:\/\/paracherkaoui.ma\/index.php\/produit\/australian-gold-lotion-solaire-visage-teinte-botanique-spf-50-moyenne-a-brune-89-ml\/","title":{"rendered":"AUSTRALIAN GOLD LOTION SOLAIRE VISAGE TEINTE BOTANIQUE SPF 50 MOYENNE A BRUNE 89 ML"},"content":{"rendered":"<p>Description:<br \/>\nLa lotion min\u00e9rale teint\u00e9e pour le visage FPS 50 Australian Gold\u00ae Botanical est plus qu&rsquo;une puissante protection solaire &#8211; c&rsquo;est un soin doux pour votre peau. Cette lotion \u00e9cran solaire non chimique offre une sensation rafra\u00eechissante luxueuse et poudr\u00e9e, tandis que la teinte subtile se fond parfaitement dans les tons de peau moyens \u00e0 bruns. Sp\u00e9cialement con\u00e7ue pour les peaux sensibles du visage, cette cr\u00e8me BB n\u2019obstrue pas les pores et est sans parfum. Riche en vitamines et antioxydants issus d&rsquo;ingr\u00e9dients botaniques australiens, il vous permet de profiter du soleil prot\u00e9g\u00e9 des rayons UVA et UVB et r\u00e9sistant \u00e0 l&rsquo;eau jusqu&rsquo;\u00e0 80 minutes.<br \/>\n\u00c9cran solaire 100% min\u00e9ral: le dioxyde de titane et l&rsquo;oxyde de zinc offrent une option de protection solaire non chimique, avec une finition en poudre qui n&rsquo;est jamais grasse<br \/>\nTeinte subtile: se fond parfaitement dans les tons de peau moyens \u00e0 bronz\u00e9s, et aide \u00e0 am\u00e9liorer l&rsquo;apparence du teint en minimisant les couleurs in\u00e9gales, les ridules et les rides<br \/>\nBB Cream: Cette lotion sans huile est matifiante et offre une couverture l\u00e9g\u00e8re qui peut servir de fond de teint<br \/>\nBotaniques australiens: la prune de Kakadu, l&rsquo;eucalyptus et les algues rouges forment une combinaison unique de plantes riches en antioxydants.<br \/>\nFormulation \u00e9cologique: con\u00e7ue pour \u00eatre non-nano, sans oxybenzone, sans alcool, sans colorant, sans huile, sans phtalate, sans PABA, sans vaseline, sans sulfate et sans gluten. Aucun parabens ajout\u00e9. Hypoallerg\u00e9nique. Test\u00e9 par un dermatologue et un p\u00e9diatre. Vegan, sans cruaut\u00e9 et jamais test\u00e9 sur les animaux.<br \/>\nSans parfum pour une utilisation quotidienne sur les peaux d\u00e9licates et sensibles<br \/>\nConseils d&rsquo;utilisations\u00a0:<br \/>\nAppliquer g\u00e9n\u00e9reusement 15 minutes avant l&rsquo;exposition au soleil. R\u00e9appliquez: apr\u00e8s 80 minutes de baignade ou de transpiration, imm\u00e9diatement apr\u00e8s le s\u00e9chage \u00e0 la serviette, au moins toutes les 2 heures<\/p>\n","protected":false},"excerpt":{"rendered":"<p>Description: La lotion min\u00e9rale teint\u00e9e pour le visage FPS 50 Australian Gold\u00ae Botanical est plus qu&rsquo;une puissante protection solaire &#8211;<\/p>\n","protected":false},"featured_media":37812,"comment_status":"open","ping_status":"closed","template":"","meta":[],"product_brand":[542],"product_cat":[666],"product_tag":[],"class_list":{"0":"post-37788","1":"product","2":"type-product","3":"status-publish","4":"has-post-thumbnail","6":"product_brand-australian-gold","7":"product_cat-cremes-solaires","9":"first","10":"instock","11":"shipping-taxable","12":"purchasable","13":"product-type-simple"},"yoast_head":"<!-- This site is optimized with the Yoast SEO plugin v26.6 - https:\/\/yoast.com\/wordpress\/plugins\/seo\/ -->\r\n<title>AUSTRALIAN GOLD LOTION SOLAIRE VISAGE TEINTE BOTANIQUE SPF 50 MOYENNE A BRUNE 89 ML - Paracherkaoui.ma<\/title>\r\n<meta name=\"robots\" content=\"index, follow, max-snippet:-1, max-image-preview:large, max-video-preview:-1\" \/>\r\n<link rel=\"canonical\" href=\"https:\/\/paracherkaoui.ma\/index.php\/produit\/australian-gold-lotion-solaire-visage-teinte-botanique-spf-50-moyenne-a-brune-89-ml\/\" \/>\r\n<meta property=\"og:locale\" content=\"fr_FR\" \/>\r\n<meta property=\"og:type\" content=\"article\" \/>\r\n<meta property=\"og:title\" content=\"AUSTRALIAN GOLD LOTION SOLAIRE VISAGE TEINTE BOTANIQUE SPF 50 MOYENNE A BRUNE 89 ML - Paracherkaoui.ma\" \/>\r\n<meta property=\"og:description\" content=\"Description: La lotion min\u00e9rale teint\u00e9e pour le visage FPS 50 Australian Gold\u00ae Botanical est plus qu&rsquo;une puissante protection solaire &#8211;\" \/>\r\n<meta property=\"og:url\" content=\"https:\/\/paracherkaoui.ma\/index.php\/produit\/australian-gold-lotion-solaire-visage-teinte-botanique-spf-50-moyenne-a-brune-89-ml\/\" \/>\r\n<meta property=\"og:site_name\" content=\"Paracherkaoui.ma\" \/>\r\n<meta property=\"article:modified_time\" content=\"2025-12-12T17:58:49+00:00\" \/>\r\n<meta property=\"og:image\" content=\"https:\/\/paracherkaoui.ma\/wp-content\/uploads\/2025\/12\/australian-gold-lotion-solaire-visage-teinte-botanique-spf-50-moyenne-a-brune-89-ml.jpg\" \/>\r\n\t<meta property=\"og:image:width\" content=\"700\" \/>\r\n\t<meta property=\"og:image:height\" content=\"700\" \/>\r\n\t<meta property=\"og:image:type\" content=\"image\/jpeg\" \/>\r\n<meta name=\"twitter:card\" content=\"summary_large_image\" \/>\r\n<meta name=\"twitter:label1\" content=\"Dur\u00e9e de lecture estim\u00e9e\" \/>\n\t<meta name=\"twitter:data1\" content=\"2 minutes\" \/>\r\n<script type=\"application\/ld+json\" class=\"yoast-schema-graph\">{\"@context\":\"https:\/\/schema.org\",\"@graph\":[{\"@type\":\"WebPage\",\"@id\":\"https:\/\/paracherkaoui.ma\/index.php\/produit\/australian-gold-lotion-solaire-visage-teinte-botanique-spf-50-moyenne-a-brune-89-ml\/\",\"url\":\"https:\/\/paracherkaoui.ma\/index.php\/produit\/australian-gold-lotion-solaire-visage-teinte-botanique-spf-50-moyenne-a-brune-89-ml\/\",\"name\":\"AUSTRALIAN GOLD LOTION SOLAIRE VISAGE TEINTE BOTANIQUE SPF 50 MOYENNE A BRUNE 89 ML - Paracherkaoui.ma\",\"isPartOf\":{\"@id\":\"https:\/\/paracherkaoui.ma\/#website\"},\"primaryImageOfPage\":{\"@id\":\"https:\/\/paracherkaoui.ma\/index.php\/produit\/australian-gold-lotion-solaire-visage-teinte-botanique-spf-50-moyenne-a-brune-89-ml\/#primaryimage\"},\"image\":{\"@id\":\"https:\/\/paracherkaoui.ma\/index.php\/produit\/australian-gold-lotion-solaire-visage-teinte-botanique-spf-50-moyenne-a-brune-89-ml\/#primaryimage\"},\"thumbnailUrl\":\"https:\/\/paracherkaoui.ma\/wp-content\/uploads\/2025\/12\/australian-gold-lotion-solaire-visage-teinte-botanique-spf-50-moyenne-a-brune-89-ml.jpg\",\"datePublished\":\"2025-12-12T17:58:47+00:00\",\"dateModified\":\"2025-12-12T17:58:49+00:00\",\"breadcrumb\":{\"@id\":\"https:\/\/paracherkaoui.ma\/index.php\/produit\/australian-gold-lotion-solaire-visage-teinte-botanique-spf-50-moyenne-a-brune-89-ml\/#breadcrumb\"},\"inLanguage\":\"fr-FR\",\"potentialAction\":[{\"@type\":\"ReadAction\",\"target\":[\"https:\/\/paracherkaoui.ma\/index.php\/produit\/australian-gold-lotion-solaire-visage-teinte-botanique-spf-50-moyenne-a-brune-89-ml\/\"]}]},{\"@type\":\"ImageObject\",\"inLanguage\":\"fr-FR\",\"@id\":\"https:\/\/paracherkaoui.ma\/index.php\/produit\/australian-gold-lotion-solaire-visage-teinte-botanique-spf-50-moyenne-a-brune-89-ml\/#primaryimage\",\"url\":\"https:\/\/paracherkaoui.ma\/wp-content\/uploads\/2025\/12\/australian-gold-lotion-solaire-visage-teinte-botanique-spf-50-moyenne-a-brune-89-ml.jpg\",\"contentUrl\":\"https:\/\/paracherkaoui.ma\/wp-content\/uploads\/2025\/12\/australian-gold-lotion-solaire-visage-teinte-botanique-spf-50-moyenne-a-brune-89-ml.jpg\",\"width\":700,\"height\":700},{\"@type\":\"BreadcrumbList\",\"@id\":\"https:\/\/paracherkaoui.ma\/index.php\/produit\/australian-gold-lotion-solaire-visage-teinte-botanique-spf-50-moyenne-a-brune-89-ml\/#breadcrumb\",\"itemListElement\":[{\"@type\":\"ListItem\",\"position\":1,\"name\":\"Accueil\",\"item\":\"https:\/\/paracherkaoui.ma\/\"},{\"@type\":\"ListItem\",\"position\":2,\"name\":\"Boutique\",\"item\":\"https:\/\/paracherkaoui.ma\/index.php\/boutique\/\"},{\"@type\":\"ListItem\",\"position\":3,\"name\":\"AUSTRALIAN GOLD LOTION SOLAIRE VISAGE TEINTE BOTANIQUE SPF 50 MOYENNE A BRUNE 89 ML\"}]},{\"@type\":\"WebSite\",\"@id\":\"https:\/\/paracherkaoui.ma\/#website\",\"url\":\"https:\/\/paracherkaoui.ma\/\",\"name\":\"Paracherkaoui.ma\",\"description\":\"Achetez en ligne sur Paracherkaoui.ma\",\"potentialAction\":[{\"@type\":\"SearchAction\",\"target\":{\"@type\":\"EntryPoint\",\"urlTemplate\":\"https:\/\/paracherkaoui.ma\/?s={search_term_string}\"},\"query-input\":{\"@type\":\"PropertyValueSpecification\",\"valueRequired\":true,\"valueName\":\"search_term_string\"}}],\"inLanguage\":\"fr-FR\"}]}<\/script>\r\n<!-- \/ Yoast SEO plugin. -->","yoast_head_json":{"title":"AUSTRALIAN GOLD LOTION SOLAIRE VISAGE TEINTE BOTANIQUE SPF 50 MOYENNE A BRUNE 89 ML - Paracherkaoui.ma","robots":{"index":"index","follow":"follow","max-snippet":"max-snippet:-1","max-image-preview":"max-image-preview:large","max-video-preview":"max-video-preview:-1"},"canonical":"https:\/\/paracherkaoui.ma\/index.php\/produit\/australian-gold-lotion-solaire-visage-teinte-botanique-spf-50-moyenne-a-brune-89-ml\/","og_locale":"fr_FR","og_type":"article","og_title":"AUSTRALIAN GOLD LOTION SOLAIRE VISAGE TEINTE BOTANIQUE SPF 50 MOYENNE A BRUNE 89 ML - Paracherkaoui.ma","og_description":"Description: La lotion min\u00e9rale teint\u00e9e pour le visage FPS 50 Australian Gold\u00ae Botanical est plus qu&rsquo;une puissante protection solaire &#8211;","og_url":"https:\/\/paracherkaoui.ma\/index.php\/produit\/australian-gold-lotion-solaire-visage-teinte-botanique-spf-50-moyenne-a-brune-89-ml\/","og_site_name":"Paracherkaoui.ma","article_modified_time":"2025-12-12T17:58:49+00:00","og_image":[{"width":700,"height":700,"url":"https:\/\/paracherkaoui.ma\/wp-content\/uploads\/2025\/12\/australian-gold-lotion-solaire-visage-teinte-botanique-spf-50-moyenne-a-brune-89-ml.jpg","type":"image\/jpeg"}],"twitter_card":"summary_large_image","twitter_misc":{"Dur\u00e9e de lecture estim\u00e9e":"2 minutes"},"schema":{"@context":"https:\/\/schema.org","@graph":[{"@type":"WebPage","@id":"https:\/\/paracherkaoui.ma\/index.php\/produit\/australian-gold-lotion-solaire-visage-teinte-botanique-spf-50-moyenne-a-brune-89-ml\/","url":"https:\/\/paracherkaoui.ma\/index.php\/produit\/australian-gold-lotion-solaire-visage-teinte-botanique-spf-50-moyenne-a-brune-89-ml\/","name":"AUSTRALIAN GOLD LOTION SOLAIRE VISAGE TEINTE BOTANIQUE SPF 50 MOYENNE A BRUNE 89 ML - Paracherkaoui.ma","isPartOf":{"@id":"https:\/\/paracherkaoui.ma\/#website"},"primaryImageOfPage":{"@id":"https:\/\/paracherkaoui.ma\/index.php\/produit\/australian-gold-lotion-solaire-visage-teinte-botanique-spf-50-moyenne-a-brune-89-ml\/#primaryimage"},"image":{"@id":"https:\/\/paracherkaoui.ma\/index.php\/produit\/australian-gold-lotion-solaire-visage-teinte-botanique-spf-50-moyenne-a-brune-89-ml\/#primaryimage"},"thumbnailUrl":"https:\/\/paracherkaoui.ma\/wp-content\/uploads\/2025\/12\/australian-gold-lotion-solaire-visage-teinte-botanique-spf-50-moyenne-a-brune-89-ml.jpg","datePublished":"2025-12-12T17:58:47+00:00","dateModified":"2025-12-12T17:58:49+00:00","breadcrumb":{"@id":"https:\/\/paracherkaoui.ma\/index.php\/produit\/australian-gold-lotion-solaire-visage-teinte-botanique-spf-50-moyenne-a-brune-89-ml\/#breadcrumb"},"inLanguage":"fr-FR","potentialAction":[{"@type":"ReadAction","target":["https:\/\/paracherkaoui.ma\/index.php\/produit\/australian-gold-lotion-solaire-visage-teinte-botanique-spf-50-moyenne-a-brune-89-ml\/"]}]},{"@type":"ImageObject","inLanguage":"fr-FR","@id":"https:\/\/paracherkaoui.ma\/index.php\/produit\/australian-gold-lotion-solaire-visage-teinte-botanique-spf-50-moyenne-a-brune-89-ml\/#primaryimage","url":"https:\/\/paracherkaoui.ma\/wp-content\/uploads\/2025\/12\/australian-gold-lotion-solaire-visage-teinte-botanique-spf-50-moyenne-a-brune-89-ml.jpg","contentUrl":"https:\/\/paracherkaoui.ma\/wp-content\/uploads\/2025\/12\/australian-gold-lotion-solaire-visage-teinte-botanique-spf-50-moyenne-a-brune-89-ml.jpg","width":700,"height":700},{"@type":"BreadcrumbList","@id":"https:\/\/paracherkaoui.ma\/index.php\/produit\/australian-gold-lotion-solaire-visage-teinte-botanique-spf-50-moyenne-a-brune-89-ml\/#breadcrumb","itemListElement":[{"@type":"ListItem","position":1,"name":"Accueil","item":"https:\/\/paracherkaoui.ma\/"},{"@type":"ListItem","position":2,"name":"Boutique","item":"https:\/\/paracherkaoui.ma\/index.php\/boutique\/"},{"@type":"ListItem","position":3,"name":"AUSTRALIAN GOLD LOTION SOLAIRE VISAGE TEINTE BOTANIQUE SPF 50 MOYENNE A BRUNE 89 ML"}]},{"@type":"WebSite","@id":"https:\/\/paracherkaoui.ma\/#website","url":"https:\/\/paracherkaoui.ma\/","name":"Paracherkaoui.ma","description":"Achetez en ligne sur Paracherkaoui.ma","potentialAction":[{"@type":"SearchAction","target":{"@type":"EntryPoint","urlTemplate":"https:\/\/paracherkaoui.ma\/?s={search_term_string}"},"query-input":{"@type":"PropertyValueSpecification","valueRequired":true,"valueName":"search_term_string"}}],"inLanguage":"fr-FR"}]}},"_links":{"self":[{"href":"https:\/\/paracherkaoui.ma\/index.php\/wp-json\/wp\/v2\/product\/37788","targetHints":{"allow":["GET"]}}],"collection":[{"href":"https:\/\/paracherkaoui.ma\/index.php\/wp-json\/wp\/v2\/product"}],"about":[{"href":"https:\/\/paracherkaoui.ma\/index.php\/wp-json\/wp\/v2\/types\/product"}],"replies":[{"embeddable":true,"href":"https:\/\/paracherkaoui.ma\/index.php\/wp-json\/wp\/v2\/comments?post=37788"}],"version-history":[{"count":1,"href":"https:\/\/paracherkaoui.ma\/index.php\/wp-json\/wp\/v2\/product\/37788\/revisions"}],"predecessor-version":[{"id":37813,"href":"https:\/\/paracherkaoui.ma\/index.php\/wp-json\/wp\/v2\/product\/37788\/revisions\/37813"}],"wp:featuredmedia":[{"embeddable":true,"href":"https:\/\/paracherkaoui.ma\/index.php\/wp-json\/wp\/v2\/media\/37812"}],"wp:attachment":[{"href":"https:\/\/paracherkaoui.ma\/index.php\/wp-json\/wp\/v2\/media?parent=37788"}],"wp:term":[{"taxonomy":"product_brand","embeddable":true,"href":"https:\/\/paracherkaoui.ma\/index.php\/wp-json\/wp\/v2\/product_brand?post=37788"},{"taxonomy":"product_cat","embeddable":true,"href":"https:\/\/paracherkaoui.ma\/index.php\/wp-json\/wp\/v2\/product_cat?post=37788"},{"taxonomy":"product_tag","embeddable":true,"href":"https:\/\/paracherkaoui.ma\/index.php\/wp-json\/wp\/v2\/product_tag?post=37788"}],"curies":[{"name":"wp","href":"https:\/\/api.w.org\/{rel}","templated":true}]}}