{"id":37784,"date":"2025-12-12T18:58:47","date_gmt":"2025-12-12T17:58:47","guid":{"rendered":"https:\/\/test.ecbeaute.com\/?post_type=product&#038;p=37784"},"modified":"2025-12-12T18:58:49","modified_gmt":"2025-12-12T17:58:49","slug":"mesoestetic-mesoprotech-mineral-fluid-spf-50-teinte-50ml","status":"publish","type":"product","link":"https:\/\/paracherkaoui.ma\/index.php\/produit\/mesoestetic-mesoprotech-mineral-fluid-spf-50-teinte-50ml\/","title":{"rendered":"MESOESTETIC MESOPROTECH MINERAL FLUID SPF 50 TEINTE 50ML"},"content":{"rendered":"<p>Mesoestetic Mineral Fluid SPF50 Protection Solaire Teint\u00e9e est con\u00e7u avec le plus haut niveau de protection cutan\u00e9e tolerance \u00e0 l&rsquo;esprit. Offre une protection SPF 50 exceptionnelle contre les rayons UVA et UVB, prot\u00e9geant votre peau des effets nocifs du soleil. Avec une texture fluide luxueuse qui se fond sans effort dans la peau, laissant une teinte subtile pour contrecarrer tout r\u00e9sidu blanc. Cette formule teint\u00e9e est m\u00e9ticuleusement formul\u00e9e pour r\u00e9pondre aux peaux sensibles, sensibilis\u00e9es et post-traitement, garantissant une compatibilit\u00e9 et un confort optimaux. Formule exclusivement avec des filtres physiques.<br \/>\nTechnologie PhotoON<br \/>\nAliment\u00e9 par la technologie brevet\u00e9e PhotON, cet \u00e9cran solaire active les syst\u00e8mes de protection et de r\u00e9paration de la peau, la d\u00e9fendant contre le rayonnement solaire au niveau cellulaire et tissulaire. En utilisant des complexes endog\u00e8nes et exog\u00e8nes, il am\u00e9liore la photoprotection et acc\u00e9l\u00e8re la r\u00e9g\u00e9n\u00e9ration des tissus pour des bienfaits durables.<br \/>\nAction Anti-\u00c2ge Transversale<br \/>\nEn plus de ses propri\u00e9t\u00e9s photoprotectrices sup\u00e9rieures, Mesoprotech Fluide Min\u00e9ral offre une action anti-\u00e2ge transversale. Il contient du collag\u00e8ne pro-47, un actif anti-\u00e2ge sp\u00e9cifique qui prot\u00e8ge et stimule la synth\u00e8se du collag\u00e8ne, favorisant une peau ferme et d&rsquo;apparence jeune.<br \/>\nCONSEILS D&rsquo;UTILISATION :<br \/>\nPour maximiser l&rsquo;efficacit\u00e9 de Mesoestetic Mesoprotech Mineral Fluid Protection Solaire Teint\u00e9e SPF50, appliquer une quantit\u00e9 suffisante (2 mg\/cm2 de peau) sur une peau propre et s\u00e8che au moins une demi-heure avant l&rsquo;exposition au soleil. Massez doucement jusqu&rsquo;\u00e0 absorption compl\u00e8te, en assurant une couverture uniforme sur toutes les zones expos\u00e9es. R\u00e9appliquez toutes les 2 heures ou au besoin, surtout apr\u00e8s avoir nag\u00e9, transpir\u00e9 ou s\u00e9ch\u00e9 avec une serviette.<\/p>\n","protected":false},"excerpt":{"rendered":"<p>Mesoestetic Mineral Fluid SPF50 Protection Solaire Teint\u00e9e est con\u00e7u avec le plus haut niveau de protection cutan\u00e9e tolerance \u00e0 l&rsquo;esprit.<\/p>\n","protected":false},"featured_media":37804,"comment_status":"open","ping_status":"closed","template":"","meta":[],"product_brand":[399],"product_cat":[666],"product_tag":[],"class_list":{"0":"post-37784","1":"product","2":"type-product","3":"status-publish","4":"has-post-thumbnail","6":"product_brand-mesoestetic","7":"product_cat-cremes-solaires","9":"first","10":"instock","11":"sale","12":"shipping-taxable","13":"purchasable","14":"product-type-simple"},"yoast_head":"<!-- This site is optimized with the Yoast SEO plugin v26.6 - https:\/\/yoast.com\/wordpress\/plugins\/seo\/ -->\r\n<title>MESOESTETIC MESOPROTECH MINERAL FLUID SPF 50 TEINTE 50ML - Paracherkaoui.ma<\/title>\r\n<meta name=\"robots\" content=\"index, follow, max-snippet:-1, max-image-preview:large, max-video-preview:-1\" \/>\r\n<link rel=\"canonical\" href=\"https:\/\/paracherkaoui.ma\/index.php\/produit\/mesoestetic-mesoprotech-mineral-fluid-spf-50-teinte-50ml\/\" \/>\r\n<meta property=\"og:locale\" content=\"fr_FR\" \/>\r\n<meta property=\"og:type\" content=\"article\" \/>\r\n<meta property=\"og:title\" content=\"MESOESTETIC MESOPROTECH MINERAL FLUID SPF 50 TEINTE 50ML - Paracherkaoui.ma\" \/>\r\n<meta property=\"og:description\" content=\"Mesoestetic Mineral Fluid SPF50 Protection Solaire Teint\u00e9e est con\u00e7u avec le plus haut niveau de protection cutan\u00e9e tolerance \u00e0 l&rsquo;esprit.\" \/>\r\n<meta property=\"og:url\" content=\"https:\/\/paracherkaoui.ma\/index.php\/produit\/mesoestetic-mesoprotech-mineral-fluid-spf-50-teinte-50ml\/\" \/>\r\n<meta property=\"og:site_name\" content=\"Paracherkaoui.ma\" \/>\r\n<meta property=\"article:modified_time\" content=\"2025-12-12T17:58:49+00:00\" \/>\r\n<meta property=\"og:image\" content=\"https:\/\/paracherkaoui.ma\/wp-content\/uploads\/2025\/12\/mesoestetic-mesoestetic-mesoprotech-mineral-fluid-spf-50-teinte-50ml-cremes.jpg\" \/>\r\n\t<meta property=\"og:image:width\" content=\"700\" \/>\r\n\t<meta property=\"og:image:height\" content=\"700\" \/>\r\n\t<meta property=\"og:image:type\" content=\"image\/jpeg\" \/>\r\n<meta name=\"twitter:card\" content=\"summary_large_image\" \/>\r\n<meta name=\"twitter:label1\" content=\"Dur\u00e9e de lecture estim\u00e9e\" \/>\n\t<meta name=\"twitter:data1\" content=\"1 minute\" \/>\r\n<script type=\"application\/ld+json\" class=\"yoast-schema-graph\">{\"@context\":\"https:\/\/schema.org\",\"@graph\":[{\"@type\":\"WebPage\",\"@id\":\"https:\/\/paracherkaoui.ma\/index.php\/produit\/mesoestetic-mesoprotech-mineral-fluid-spf-50-teinte-50ml\/\",\"url\":\"https:\/\/paracherkaoui.ma\/index.php\/produit\/mesoestetic-mesoprotech-mineral-fluid-spf-50-teinte-50ml\/\",\"name\":\"MESOESTETIC MESOPROTECH MINERAL FLUID SPF 50 TEINTE 50ML - Paracherkaoui.ma\",\"isPartOf\":{\"@id\":\"https:\/\/paracherkaoui.ma\/#website\"},\"primaryImageOfPage\":{\"@id\":\"https:\/\/paracherkaoui.ma\/index.php\/produit\/mesoestetic-mesoprotech-mineral-fluid-spf-50-teinte-50ml\/#primaryimage\"},\"image\":{\"@id\":\"https:\/\/paracherkaoui.ma\/index.php\/produit\/mesoestetic-mesoprotech-mineral-fluid-spf-50-teinte-50ml\/#primaryimage\"},\"thumbnailUrl\":\"https:\/\/paracherkaoui.ma\/wp-content\/uploads\/2025\/12\/mesoestetic-mesoestetic-mesoprotech-mineral-fluid-spf-50-teinte-50ml-cremes.jpg\",\"datePublished\":\"2025-12-12T17:58:47+00:00\",\"dateModified\":\"2025-12-12T17:58:49+00:00\",\"breadcrumb\":{\"@id\":\"https:\/\/paracherkaoui.ma\/index.php\/produit\/mesoestetic-mesoprotech-mineral-fluid-spf-50-teinte-50ml\/#breadcrumb\"},\"inLanguage\":\"fr-FR\",\"potentialAction\":[{\"@type\":\"ReadAction\",\"target\":[\"https:\/\/paracherkaoui.ma\/index.php\/produit\/mesoestetic-mesoprotech-mineral-fluid-spf-50-teinte-50ml\/\"]}]},{\"@type\":\"ImageObject\",\"inLanguage\":\"fr-FR\",\"@id\":\"https:\/\/paracherkaoui.ma\/index.php\/produit\/mesoestetic-mesoprotech-mineral-fluid-spf-50-teinte-50ml\/#primaryimage\",\"url\":\"https:\/\/paracherkaoui.ma\/wp-content\/uploads\/2025\/12\/mesoestetic-mesoestetic-mesoprotech-mineral-fluid-spf-50-teinte-50ml-cremes.jpg\",\"contentUrl\":\"https:\/\/paracherkaoui.ma\/wp-content\/uploads\/2025\/12\/mesoestetic-mesoestetic-mesoprotech-mineral-fluid-spf-50-teinte-50ml-cremes.jpg\",\"width\":700,\"height\":700},{\"@type\":\"BreadcrumbList\",\"@id\":\"https:\/\/paracherkaoui.ma\/index.php\/produit\/mesoestetic-mesoprotech-mineral-fluid-spf-50-teinte-50ml\/#breadcrumb\",\"itemListElement\":[{\"@type\":\"ListItem\",\"position\":1,\"name\":\"Accueil\",\"item\":\"https:\/\/paracherkaoui.ma\/\"},{\"@type\":\"ListItem\",\"position\":2,\"name\":\"Boutique\",\"item\":\"https:\/\/paracherkaoui.ma\/index.php\/boutique\/\"},{\"@type\":\"ListItem\",\"position\":3,\"name\":\"MESOESTETIC MESOPROTECH MINERAL FLUID SPF 50 TEINTE 50ML\"}]},{\"@type\":\"WebSite\",\"@id\":\"https:\/\/paracherkaoui.ma\/#website\",\"url\":\"https:\/\/paracherkaoui.ma\/\",\"name\":\"Paracherkaoui.ma\",\"description\":\"Achetez en ligne sur Paracherkaoui.ma\",\"potentialAction\":[{\"@type\":\"SearchAction\",\"target\":{\"@type\":\"EntryPoint\",\"urlTemplate\":\"https:\/\/paracherkaoui.ma\/?s={search_term_string}\"},\"query-input\":{\"@type\":\"PropertyValueSpecification\",\"valueRequired\":true,\"valueName\":\"search_term_string\"}}],\"inLanguage\":\"fr-FR\"}]}<\/script>\r\n<!-- \/ Yoast SEO plugin. -->","yoast_head_json":{"title":"MESOESTETIC MESOPROTECH MINERAL FLUID SPF 50 TEINTE 50ML - Paracherkaoui.ma","robots":{"index":"index","follow":"follow","max-snippet":"max-snippet:-1","max-image-preview":"max-image-preview:large","max-video-preview":"max-video-preview:-1"},"canonical":"https:\/\/paracherkaoui.ma\/index.php\/produit\/mesoestetic-mesoprotech-mineral-fluid-spf-50-teinte-50ml\/","og_locale":"fr_FR","og_type":"article","og_title":"MESOESTETIC MESOPROTECH MINERAL FLUID SPF 50 TEINTE 50ML - Paracherkaoui.ma","og_description":"Mesoestetic Mineral Fluid SPF50 Protection Solaire Teint\u00e9e est con\u00e7u avec le plus haut niveau de protection cutan\u00e9e tolerance \u00e0 l&rsquo;esprit.","og_url":"https:\/\/paracherkaoui.ma\/index.php\/produit\/mesoestetic-mesoprotech-mineral-fluid-spf-50-teinte-50ml\/","og_site_name":"Paracherkaoui.ma","article_modified_time":"2025-12-12T17:58:49+00:00","og_image":[{"width":700,"height":700,"url":"https:\/\/paracherkaoui.ma\/wp-content\/uploads\/2025\/12\/mesoestetic-mesoestetic-mesoprotech-mineral-fluid-spf-50-teinte-50ml-cremes.jpg","type":"image\/jpeg"}],"twitter_card":"summary_large_image","twitter_misc":{"Dur\u00e9e de lecture estim\u00e9e":"1 minute"},"schema":{"@context":"https:\/\/schema.org","@graph":[{"@type":"WebPage","@id":"https:\/\/paracherkaoui.ma\/index.php\/produit\/mesoestetic-mesoprotech-mineral-fluid-spf-50-teinte-50ml\/","url":"https:\/\/paracherkaoui.ma\/index.php\/produit\/mesoestetic-mesoprotech-mineral-fluid-spf-50-teinte-50ml\/","name":"MESOESTETIC MESOPROTECH MINERAL FLUID SPF 50 TEINTE 50ML - Paracherkaoui.ma","isPartOf":{"@id":"https:\/\/paracherkaoui.ma\/#website"},"primaryImageOfPage":{"@id":"https:\/\/paracherkaoui.ma\/index.php\/produit\/mesoestetic-mesoprotech-mineral-fluid-spf-50-teinte-50ml\/#primaryimage"},"image":{"@id":"https:\/\/paracherkaoui.ma\/index.php\/produit\/mesoestetic-mesoprotech-mineral-fluid-spf-50-teinte-50ml\/#primaryimage"},"thumbnailUrl":"https:\/\/paracherkaoui.ma\/wp-content\/uploads\/2025\/12\/mesoestetic-mesoestetic-mesoprotech-mineral-fluid-spf-50-teinte-50ml-cremes.jpg","datePublished":"2025-12-12T17:58:47+00:00","dateModified":"2025-12-12T17:58:49+00:00","breadcrumb":{"@id":"https:\/\/paracherkaoui.ma\/index.php\/produit\/mesoestetic-mesoprotech-mineral-fluid-spf-50-teinte-50ml\/#breadcrumb"},"inLanguage":"fr-FR","potentialAction":[{"@type":"ReadAction","target":["https:\/\/paracherkaoui.ma\/index.php\/produit\/mesoestetic-mesoprotech-mineral-fluid-spf-50-teinte-50ml\/"]}]},{"@type":"ImageObject","inLanguage":"fr-FR","@id":"https:\/\/paracherkaoui.ma\/index.php\/produit\/mesoestetic-mesoprotech-mineral-fluid-spf-50-teinte-50ml\/#primaryimage","url":"https:\/\/paracherkaoui.ma\/wp-content\/uploads\/2025\/12\/mesoestetic-mesoestetic-mesoprotech-mineral-fluid-spf-50-teinte-50ml-cremes.jpg","contentUrl":"https:\/\/paracherkaoui.ma\/wp-content\/uploads\/2025\/12\/mesoestetic-mesoestetic-mesoprotech-mineral-fluid-spf-50-teinte-50ml-cremes.jpg","width":700,"height":700},{"@type":"BreadcrumbList","@id":"https:\/\/paracherkaoui.ma\/index.php\/produit\/mesoestetic-mesoprotech-mineral-fluid-spf-50-teinte-50ml\/#breadcrumb","itemListElement":[{"@type":"ListItem","position":1,"name":"Accueil","item":"https:\/\/paracherkaoui.ma\/"},{"@type":"ListItem","position":2,"name":"Boutique","item":"https:\/\/paracherkaoui.ma\/index.php\/boutique\/"},{"@type":"ListItem","position":3,"name":"MESOESTETIC MESOPROTECH MINERAL FLUID SPF 50 TEINTE 50ML"}]},{"@type":"WebSite","@id":"https:\/\/paracherkaoui.ma\/#website","url":"https:\/\/paracherkaoui.ma\/","name":"Paracherkaoui.ma","description":"Achetez en ligne sur Paracherkaoui.ma","potentialAction":[{"@type":"SearchAction","target":{"@type":"EntryPoint","urlTemplate":"https:\/\/paracherkaoui.ma\/?s={search_term_string}"},"query-input":{"@type":"PropertyValueSpecification","valueRequired":true,"valueName":"search_term_string"}}],"inLanguage":"fr-FR"}]}},"_links":{"self":[{"href":"https:\/\/paracherkaoui.ma\/index.php\/wp-json\/wp\/v2\/product\/37784","targetHints":{"allow":["GET"]}}],"collection":[{"href":"https:\/\/paracherkaoui.ma\/index.php\/wp-json\/wp\/v2\/product"}],"about":[{"href":"https:\/\/paracherkaoui.ma\/index.php\/wp-json\/wp\/v2\/types\/product"}],"replies":[{"embeddable":true,"href":"https:\/\/paracherkaoui.ma\/index.php\/wp-json\/wp\/v2\/comments?post=37784"}],"version-history":[{"count":1,"href":"https:\/\/paracherkaoui.ma\/index.php\/wp-json\/wp\/v2\/product\/37784\/revisions"}],"predecessor-version":[{"id":37805,"href":"https:\/\/paracherkaoui.ma\/index.php\/wp-json\/wp\/v2\/product\/37784\/revisions\/37805"}],"wp:featuredmedia":[{"embeddable":true,"href":"https:\/\/paracherkaoui.ma\/index.php\/wp-json\/wp\/v2\/media\/37804"}],"wp:attachment":[{"href":"https:\/\/paracherkaoui.ma\/index.php\/wp-json\/wp\/v2\/media?parent=37784"}],"wp:term":[{"taxonomy":"product_brand","embeddable":true,"href":"https:\/\/paracherkaoui.ma\/index.php\/wp-json\/wp\/v2\/product_brand?post=37784"},{"taxonomy":"product_cat","embeddable":true,"href":"https:\/\/paracherkaoui.ma\/index.php\/wp-json\/wp\/v2\/product_cat?post=37784"},{"taxonomy":"product_tag","embeddable":true,"href":"https:\/\/paracherkaoui.ma\/index.php\/wp-json\/wp\/v2\/product_tag?post=37784"}],"curies":[{"name":"wp","href":"https:\/\/api.w.org\/{rel}","templated":true}]}}