{"id":37725,"date":"2025-12-12T18:58:38","date_gmt":"2025-12-12T17:58:38","guid":{"rendered":"https:\/\/test.ecbeaute.com\/?post_type=product&#038;p=37725"},"modified":"2025-12-12T18:58:46","modified_gmt":"2025-12-12T17:58:46","slug":"mdc-pack-synergy-ecran-solaire-spf-50-peaux-grasses-50-ml-creme-hydratante-offerte","status":"publish","type":"product","link":"https:\/\/paracherkaoui.ma\/index.php\/produit\/mdc-pack-synergy-ecran-solaire-spf-50-peaux-grasses-50-ml-creme-hydratante-offerte\/","title":{"rendered":"MDC PACK SYNERGY ECRAN SOLAIRE SPF 50+ PEAUX GRASSES 50 ML + CREME HYDRATANTE OFFERTE"},"content":{"rendered":"<p>Synergy Oily Skin est un hydratant sans parab\u00e8nes ni colorants qui offre une protection \u00e0 large spectre contre les rayons UVA et UVB nocifs du soleil, con\u00e7u sp\u00e9cifiquement pour les peaux grasses.<\/p>\n","protected":false},"excerpt":{"rendered":"<p>Synergy Oily Skin est un hydratant sans parab\u00e8nes ni colorants qui offre une protection \u00e0 large spectre contre les rayons<\/p>\n","protected":false},"featured_media":37778,"comment_status":"open","ping_status":"closed","template":"","meta":[],"product_brand":[277],"product_cat":[666],"product_tag":[],"class_list":{"0":"post-37725","1":"product","2":"type-product","3":"status-publish","4":"has-post-thumbnail","6":"product_brand-mdc","7":"product_cat-cremes-solaires","9":"first","10":"instock","11":"sale","12":"shipping-taxable","13":"purchasable","14":"product-type-simple"},"yoast_head":"<!-- This site is optimized with the Yoast SEO plugin v26.6 - https:\/\/yoast.com\/wordpress\/plugins\/seo\/ -->\r\n<title>MDC PACK SYNERGY ECRAN SOLAIRE SPF 50+ PEAUX GRASSES 50 ML + CREME HYDRATANTE OFFERTE - Paracherkaoui.ma<\/title>\r\n<meta name=\"robots\" content=\"index, follow, max-snippet:-1, max-image-preview:large, max-video-preview:-1\" \/>\r\n<link rel=\"canonical\" href=\"https:\/\/paracherkaoui.ma\/index.php\/produit\/mdc-pack-synergy-ecran-solaire-spf-50-peaux-grasses-50-ml-creme-hydratante-offerte\/\" \/>\r\n<meta property=\"og:locale\" content=\"fr_FR\" \/>\r\n<meta property=\"og:type\" content=\"article\" \/>\r\n<meta property=\"og:title\" content=\"MDC PACK SYNERGY ECRAN SOLAIRE SPF 50+ PEAUX GRASSES 50 ML + CREME HYDRATANTE OFFERTE - Paracherkaoui.ma\" \/>\r\n<meta property=\"og:description\" content=\"Synergy Oily Skin est un hydratant sans parab\u00e8nes ni colorants qui offre une protection \u00e0 large spectre contre les rayons\" \/>\r\n<meta property=\"og:url\" content=\"https:\/\/paracherkaoui.ma\/index.php\/produit\/mdc-pack-synergy-ecran-solaire-spf-50-peaux-grasses-50-ml-creme-hydratante-offerte\/\" \/>\r\n<meta property=\"og:site_name\" content=\"Paracherkaoui.ma\" \/>\r\n<meta property=\"article:modified_time\" content=\"2025-12-12T17:58:46+00:00\" \/>\r\n<meta property=\"og:image\" content=\"https:\/\/paracherkaoui.ma\/wp-content\/uploads\/2025\/12\/mdc-pack-synergy-ecran-solaire-spf-50-peaux-grasses-50-ml-creme-hydratante-offerte.jpg\" \/>\r\n\t<meta property=\"og:image:width\" content=\"700\" \/>\r\n\t<meta property=\"og:image:height\" content=\"700\" \/>\r\n\t<meta property=\"og:image:type\" content=\"image\/jpeg\" \/>\r\n<meta name=\"twitter:card\" content=\"summary_large_image\" \/>\r\n<script type=\"application\/ld+json\" class=\"yoast-schema-graph\">{\"@context\":\"https:\/\/schema.org\",\"@graph\":[{\"@type\":\"WebPage\",\"@id\":\"https:\/\/paracherkaoui.ma\/index.php\/produit\/mdc-pack-synergy-ecran-solaire-spf-50-peaux-grasses-50-ml-creme-hydratante-offerte\/\",\"url\":\"https:\/\/paracherkaoui.ma\/index.php\/produit\/mdc-pack-synergy-ecran-solaire-spf-50-peaux-grasses-50-ml-creme-hydratante-offerte\/\",\"name\":\"MDC PACK SYNERGY ECRAN SOLAIRE SPF 50+ PEAUX GRASSES 50 ML + CREME HYDRATANTE OFFERTE - Paracherkaoui.ma\",\"isPartOf\":{\"@id\":\"https:\/\/paracherkaoui.ma\/#website\"},\"primaryImageOfPage\":{\"@id\":\"https:\/\/paracherkaoui.ma\/index.php\/produit\/mdc-pack-synergy-ecran-solaire-spf-50-peaux-grasses-50-ml-creme-hydratante-offerte\/#primaryimage\"},\"image\":{\"@id\":\"https:\/\/paracherkaoui.ma\/index.php\/produit\/mdc-pack-synergy-ecran-solaire-spf-50-peaux-grasses-50-ml-creme-hydratante-offerte\/#primaryimage\"},\"thumbnailUrl\":\"https:\/\/paracherkaoui.ma\/wp-content\/uploads\/2025\/12\/mdc-pack-synergy-ecran-solaire-spf-50-peaux-grasses-50-ml-creme-hydratante-offerte.jpg\",\"datePublished\":\"2025-12-12T17:58:38+00:00\",\"dateModified\":\"2025-12-12T17:58:46+00:00\",\"breadcrumb\":{\"@id\":\"https:\/\/paracherkaoui.ma\/index.php\/produit\/mdc-pack-synergy-ecran-solaire-spf-50-peaux-grasses-50-ml-creme-hydratante-offerte\/#breadcrumb\"},\"inLanguage\":\"fr-FR\",\"potentialAction\":[{\"@type\":\"ReadAction\",\"target\":[\"https:\/\/paracherkaoui.ma\/index.php\/produit\/mdc-pack-synergy-ecran-solaire-spf-50-peaux-grasses-50-ml-creme-hydratante-offerte\/\"]}]},{\"@type\":\"ImageObject\",\"inLanguage\":\"fr-FR\",\"@id\":\"https:\/\/paracherkaoui.ma\/index.php\/produit\/mdc-pack-synergy-ecran-solaire-spf-50-peaux-grasses-50-ml-creme-hydratante-offerte\/#primaryimage\",\"url\":\"https:\/\/paracherkaoui.ma\/wp-content\/uploads\/2025\/12\/mdc-pack-synergy-ecran-solaire-spf-50-peaux-grasses-50-ml-creme-hydratante-offerte.jpg\",\"contentUrl\":\"https:\/\/paracherkaoui.ma\/wp-content\/uploads\/2025\/12\/mdc-pack-synergy-ecran-solaire-spf-50-peaux-grasses-50-ml-creme-hydratante-offerte.jpg\",\"width\":700,\"height\":700},{\"@type\":\"BreadcrumbList\",\"@id\":\"https:\/\/paracherkaoui.ma\/index.php\/produit\/mdc-pack-synergy-ecran-solaire-spf-50-peaux-grasses-50-ml-creme-hydratante-offerte\/#breadcrumb\",\"itemListElement\":[{\"@type\":\"ListItem\",\"position\":1,\"name\":\"Accueil\",\"item\":\"https:\/\/paracherkaoui.ma\/\"},{\"@type\":\"ListItem\",\"position\":2,\"name\":\"Boutique\",\"item\":\"https:\/\/paracherkaoui.ma\/index.php\/boutique\/\"},{\"@type\":\"ListItem\",\"position\":3,\"name\":\"MDC PACK SYNERGY ECRAN SOLAIRE SPF 50+ PEAUX GRASSES 50 ML + CREME HYDRATANTE OFFERTE\"}]},{\"@type\":\"WebSite\",\"@id\":\"https:\/\/paracherkaoui.ma\/#website\",\"url\":\"https:\/\/paracherkaoui.ma\/\",\"name\":\"Paracherkaoui.ma\",\"description\":\"Achetez en ligne sur Paracherkaoui.ma\",\"potentialAction\":[{\"@type\":\"SearchAction\",\"target\":{\"@type\":\"EntryPoint\",\"urlTemplate\":\"https:\/\/paracherkaoui.ma\/?s={search_term_string}\"},\"query-input\":{\"@type\":\"PropertyValueSpecification\",\"valueRequired\":true,\"valueName\":\"search_term_string\"}}],\"inLanguage\":\"fr-FR\"}]}<\/script>\r\n<!-- \/ Yoast SEO plugin. -->","yoast_head_json":{"title":"MDC PACK SYNERGY ECRAN SOLAIRE SPF 50+ PEAUX GRASSES 50 ML + CREME HYDRATANTE OFFERTE - Paracherkaoui.ma","robots":{"index":"index","follow":"follow","max-snippet":"max-snippet:-1","max-image-preview":"max-image-preview:large","max-video-preview":"max-video-preview:-1"},"canonical":"https:\/\/paracherkaoui.ma\/index.php\/produit\/mdc-pack-synergy-ecran-solaire-spf-50-peaux-grasses-50-ml-creme-hydratante-offerte\/","og_locale":"fr_FR","og_type":"article","og_title":"MDC PACK SYNERGY ECRAN SOLAIRE SPF 50+ PEAUX GRASSES 50 ML + CREME HYDRATANTE OFFERTE - Paracherkaoui.ma","og_description":"Synergy Oily Skin est un hydratant sans parab\u00e8nes ni colorants qui offre une protection \u00e0 large spectre contre les rayons","og_url":"https:\/\/paracherkaoui.ma\/index.php\/produit\/mdc-pack-synergy-ecran-solaire-spf-50-peaux-grasses-50-ml-creme-hydratante-offerte\/","og_site_name":"Paracherkaoui.ma","article_modified_time":"2025-12-12T17:58:46+00:00","og_image":[{"width":700,"height":700,"url":"https:\/\/paracherkaoui.ma\/wp-content\/uploads\/2025\/12\/mdc-pack-synergy-ecran-solaire-spf-50-peaux-grasses-50-ml-creme-hydratante-offerte.jpg","type":"image\/jpeg"}],"twitter_card":"summary_large_image","schema":{"@context":"https:\/\/schema.org","@graph":[{"@type":"WebPage","@id":"https:\/\/paracherkaoui.ma\/index.php\/produit\/mdc-pack-synergy-ecran-solaire-spf-50-peaux-grasses-50-ml-creme-hydratante-offerte\/","url":"https:\/\/paracherkaoui.ma\/index.php\/produit\/mdc-pack-synergy-ecran-solaire-spf-50-peaux-grasses-50-ml-creme-hydratante-offerte\/","name":"MDC PACK SYNERGY ECRAN SOLAIRE SPF 50+ PEAUX GRASSES 50 ML + CREME HYDRATANTE OFFERTE - Paracherkaoui.ma","isPartOf":{"@id":"https:\/\/paracherkaoui.ma\/#website"},"primaryImageOfPage":{"@id":"https:\/\/paracherkaoui.ma\/index.php\/produit\/mdc-pack-synergy-ecran-solaire-spf-50-peaux-grasses-50-ml-creme-hydratante-offerte\/#primaryimage"},"image":{"@id":"https:\/\/paracherkaoui.ma\/index.php\/produit\/mdc-pack-synergy-ecran-solaire-spf-50-peaux-grasses-50-ml-creme-hydratante-offerte\/#primaryimage"},"thumbnailUrl":"https:\/\/paracherkaoui.ma\/wp-content\/uploads\/2025\/12\/mdc-pack-synergy-ecran-solaire-spf-50-peaux-grasses-50-ml-creme-hydratante-offerte.jpg","datePublished":"2025-12-12T17:58:38+00:00","dateModified":"2025-12-12T17:58:46+00:00","breadcrumb":{"@id":"https:\/\/paracherkaoui.ma\/index.php\/produit\/mdc-pack-synergy-ecran-solaire-spf-50-peaux-grasses-50-ml-creme-hydratante-offerte\/#breadcrumb"},"inLanguage":"fr-FR","potentialAction":[{"@type":"ReadAction","target":["https:\/\/paracherkaoui.ma\/index.php\/produit\/mdc-pack-synergy-ecran-solaire-spf-50-peaux-grasses-50-ml-creme-hydratante-offerte\/"]}]},{"@type":"ImageObject","inLanguage":"fr-FR","@id":"https:\/\/paracherkaoui.ma\/index.php\/produit\/mdc-pack-synergy-ecran-solaire-spf-50-peaux-grasses-50-ml-creme-hydratante-offerte\/#primaryimage","url":"https:\/\/paracherkaoui.ma\/wp-content\/uploads\/2025\/12\/mdc-pack-synergy-ecran-solaire-spf-50-peaux-grasses-50-ml-creme-hydratante-offerte.jpg","contentUrl":"https:\/\/paracherkaoui.ma\/wp-content\/uploads\/2025\/12\/mdc-pack-synergy-ecran-solaire-spf-50-peaux-grasses-50-ml-creme-hydratante-offerte.jpg","width":700,"height":700},{"@type":"BreadcrumbList","@id":"https:\/\/paracherkaoui.ma\/index.php\/produit\/mdc-pack-synergy-ecran-solaire-spf-50-peaux-grasses-50-ml-creme-hydratante-offerte\/#breadcrumb","itemListElement":[{"@type":"ListItem","position":1,"name":"Accueil","item":"https:\/\/paracherkaoui.ma\/"},{"@type":"ListItem","position":2,"name":"Boutique","item":"https:\/\/paracherkaoui.ma\/index.php\/boutique\/"},{"@type":"ListItem","position":3,"name":"MDC PACK SYNERGY ECRAN SOLAIRE SPF 50+ PEAUX GRASSES 50 ML + CREME HYDRATANTE OFFERTE"}]},{"@type":"WebSite","@id":"https:\/\/paracherkaoui.ma\/#website","url":"https:\/\/paracherkaoui.ma\/","name":"Paracherkaoui.ma","description":"Achetez en ligne sur Paracherkaoui.ma","potentialAction":[{"@type":"SearchAction","target":{"@type":"EntryPoint","urlTemplate":"https:\/\/paracherkaoui.ma\/?s={search_term_string}"},"query-input":{"@type":"PropertyValueSpecification","valueRequired":true,"valueName":"search_term_string"}}],"inLanguage":"fr-FR"}]}},"_links":{"self":[{"href":"https:\/\/paracherkaoui.ma\/index.php\/wp-json\/wp\/v2\/product\/37725","targetHints":{"allow":["GET"]}}],"collection":[{"href":"https:\/\/paracherkaoui.ma\/index.php\/wp-json\/wp\/v2\/product"}],"about":[{"href":"https:\/\/paracherkaoui.ma\/index.php\/wp-json\/wp\/v2\/types\/product"}],"replies":[{"embeddable":true,"href":"https:\/\/paracherkaoui.ma\/index.php\/wp-json\/wp\/v2\/comments?post=37725"}],"version-history":[{"count":1,"href":"https:\/\/paracherkaoui.ma\/index.php\/wp-json\/wp\/v2\/product\/37725\/revisions"}],"predecessor-version":[{"id":37779,"href":"https:\/\/paracherkaoui.ma\/index.php\/wp-json\/wp\/v2\/product\/37725\/revisions\/37779"}],"wp:featuredmedia":[{"embeddable":true,"href":"https:\/\/paracherkaoui.ma\/index.php\/wp-json\/wp\/v2\/media\/37778"}],"wp:attachment":[{"href":"https:\/\/paracherkaoui.ma\/index.php\/wp-json\/wp\/v2\/media?parent=37725"}],"wp:term":[{"taxonomy":"product_brand","embeddable":true,"href":"https:\/\/paracherkaoui.ma\/index.php\/wp-json\/wp\/v2\/product_brand?post=37725"},{"taxonomy":"product_cat","embeddable":true,"href":"https:\/\/paracherkaoui.ma\/index.php\/wp-json\/wp\/v2\/product_cat?post=37725"},{"taxonomy":"product_tag","embeddable":true,"href":"https:\/\/paracherkaoui.ma\/index.php\/wp-json\/wp\/v2\/product_tag?post=37725"}],"curies":[{"name":"wp","href":"https:\/\/api.w.org\/{rel}","templated":true}]}}