{"id":37723,"date":"2025-12-12T18:58:38","date_gmt":"2025-12-12T17:58:38","guid":{"rendered":"https:\/\/test.ecbeaute.com\/?post_type=product&#038;p=37723"},"modified":"2025-12-12T18:58:46","modified_gmt":"2025-12-12T17:58:46","slug":"cantabria-heliocare-360-md-ar-emulsion-spf50-50ml","status":"publish","type":"product","link":"https:\/\/paracherkaoui.ma\/index.php\/produit\/cantabria-heliocare-360-md-ar-emulsion-spf50-50ml\/","title":{"rendered":"CANTABRIA HELIOCARE 360 MD AR EMULSION SPF50+ 50ML"},"content":{"rendered":"<p>Cantabria Heliocare 360 MD AR Emulsion SPF50+ : L\u2019alli\u00e9 des peaux sensibles<br \/>\nOffrez \u00e0 votre peau la protection qu\u2019elle m\u00e9rite avec Heliocare 360 MD AR Emulsion SPF50+, une photoprotection avanc\u00e9e con\u00e7ue pour les peaux sensibles et sujettes aux rougeurs. Dot\u00e9e d\u2019une formule innovante, cette \u00e9mulsion l\u00e9g\u00e8re agit comme un bouclier complet contre les quatre types de rayonnements : UVB, UVA, lumi\u00e8re visible et infrarouge (IR-A).<br \/>\nSa texture l\u00e9g\u00e8re et soyeuse s\u2019applique facilement, laissant un fini lisse tout en aidant \u00e0 att\u00e9nuer les rougeurs et \u00e0 uniformiser le teint. Gr\u00e2ce \u00e0 l\u2019int\u00e9gration du complexe exclusif Fernblock\u00ae et d\u2019actifs sp\u00e9cifiques, cette \u00e9mulsion est bien plus qu\u2019un simple \u00e9cran solaire.<br \/>\nPhysavie : calme les peaux sensibles et r\u00e9duit les sensations d\u2019inconfort.<br \/>\nRosabora : apporte une action apaisante et diminue visiblement les rougeurs.<br \/>\nGlutamate : un puissant antioxydant qui prot\u00e8ge contre les agressions ext\u00e9rieures.<br \/>\nAvec son fini invisible, Heliocare 360 MD AR est parfait pour une utilisation quotidienne, apportant une protection optimale tout en sublimant votre teint. Prot\u00e9gez votre peau des agressions solaires tout en prenant soin de ses besoins sp\u00e9cifiques.<br \/>\nConseils d\u2019utilisation<br \/>\nAppliquez uniform\u00e9ment sur une peau propre avant toute exposition au soleil.<br \/>\nRenouvelez l\u2019application toutes les 2 heures ou apr\u00e8s avoir transpir\u00e9 ou nag\u00e9.<br \/>\nUtilisez quotidiennement, m\u00eame en int\u00e9rieur, pour une protection compl\u00e8te contre la lumi\u00e8re visible.<br \/>\nComposition :<br \/>\nFiltres solaires min\u00e9raux<br \/>\nFernblock\u00ae+<br \/>\nTinosorb A2B pour renforcer la protection contre les UVA et la lumi\u00e8re visible<br \/>\nAR System : Physavie, Rosabora et Glutathion<br \/>\nVitamine E<\/p>\n","protected":false},"excerpt":{"rendered":"<p>Cantabria Heliocare 360 MD AR Emulsion SPF50+ : L\u2019alli\u00e9 des peaux sensibles Offrez \u00e0 votre peau la protection qu\u2019elle m\u00e9rite<\/p>\n","protected":false},"featured_media":37774,"comment_status":"open","ping_status":"closed","template":"","meta":[],"product_brand":[147],"product_cat":[666],"product_tag":[],"class_list":{"0":"post-37723","1":"product","2":"type-product","3":"status-publish","4":"has-post-thumbnail","6":"product_brand-cantabria","7":"product_cat-cremes-solaires","9":"first","10":"instock","11":"sale","12":"shipping-taxable","13":"purchasable","14":"product-type-simple"},"yoast_head":"<!-- This site is optimized with the Yoast SEO plugin v26.6 - https:\/\/yoast.com\/wordpress\/plugins\/seo\/ -->\r\n<title>CANTABRIA HELIOCARE 360 MD AR EMULSION SPF50+ 50ML - Paracherkaoui.ma<\/title>\r\n<meta name=\"robots\" content=\"index, follow, max-snippet:-1, max-image-preview:large, max-video-preview:-1\" \/>\r\n<link rel=\"canonical\" href=\"https:\/\/paracherkaoui.ma\/index.php\/produit\/cantabria-heliocare-360-md-ar-emulsion-spf50-50ml\/\" \/>\r\n<meta property=\"og:locale\" content=\"fr_FR\" \/>\r\n<meta property=\"og:type\" content=\"article\" \/>\r\n<meta property=\"og:title\" content=\"CANTABRIA HELIOCARE 360 MD AR EMULSION SPF50+ 50ML - Paracherkaoui.ma\" \/>\r\n<meta property=\"og:description\" content=\"Cantabria Heliocare 360 MD AR Emulsion SPF50+ : L\u2019alli\u00e9 des peaux sensibles Offrez \u00e0 votre peau la protection qu\u2019elle m\u00e9rite\" \/>\r\n<meta property=\"og:url\" content=\"https:\/\/paracherkaoui.ma\/index.php\/produit\/cantabria-heliocare-360-md-ar-emulsion-spf50-50ml\/\" \/>\r\n<meta property=\"og:site_name\" content=\"Paracherkaoui.ma\" \/>\r\n<meta property=\"article:modified_time\" content=\"2025-12-12T17:58:46+00:00\" \/>\r\n<meta property=\"og:image\" content=\"https:\/\/paracherkaoui.ma\/wp-content\/uploads\/2025\/12\/cantabria-heliocare-360-md-ar-emulsion-spf50-50ml.jpg\" \/>\r\n\t<meta property=\"og:image:width\" content=\"700\" \/>\r\n\t<meta property=\"og:image:height\" content=\"700\" \/>\r\n\t<meta property=\"og:image:type\" content=\"image\/jpeg\" \/>\r\n<meta name=\"twitter:card\" content=\"summary_large_image\" \/>\r\n<meta name=\"twitter:label1\" content=\"Dur\u00e9e de lecture estim\u00e9e\" \/>\n\t<meta name=\"twitter:data1\" content=\"1 minute\" \/>\r\n<script type=\"application\/ld+json\" class=\"yoast-schema-graph\">{\"@context\":\"https:\/\/schema.org\",\"@graph\":[{\"@type\":\"WebPage\",\"@id\":\"https:\/\/paracherkaoui.ma\/index.php\/produit\/cantabria-heliocare-360-md-ar-emulsion-spf50-50ml\/\",\"url\":\"https:\/\/paracherkaoui.ma\/index.php\/produit\/cantabria-heliocare-360-md-ar-emulsion-spf50-50ml\/\",\"name\":\"CANTABRIA HELIOCARE 360 MD AR EMULSION SPF50+ 50ML - Paracherkaoui.ma\",\"isPartOf\":{\"@id\":\"https:\/\/paracherkaoui.ma\/#website\"},\"primaryImageOfPage\":{\"@id\":\"https:\/\/paracherkaoui.ma\/index.php\/produit\/cantabria-heliocare-360-md-ar-emulsion-spf50-50ml\/#primaryimage\"},\"image\":{\"@id\":\"https:\/\/paracherkaoui.ma\/index.php\/produit\/cantabria-heliocare-360-md-ar-emulsion-spf50-50ml\/#primaryimage\"},\"thumbnailUrl\":\"https:\/\/paracherkaoui.ma\/wp-content\/uploads\/2025\/12\/cantabria-heliocare-360-md-ar-emulsion-spf50-50ml.jpg\",\"datePublished\":\"2025-12-12T17:58:38+00:00\",\"dateModified\":\"2025-12-12T17:58:46+00:00\",\"breadcrumb\":{\"@id\":\"https:\/\/paracherkaoui.ma\/index.php\/produit\/cantabria-heliocare-360-md-ar-emulsion-spf50-50ml\/#breadcrumb\"},\"inLanguage\":\"fr-FR\",\"potentialAction\":[{\"@type\":\"ReadAction\",\"target\":[\"https:\/\/paracherkaoui.ma\/index.php\/produit\/cantabria-heliocare-360-md-ar-emulsion-spf50-50ml\/\"]}]},{\"@type\":\"ImageObject\",\"inLanguage\":\"fr-FR\",\"@id\":\"https:\/\/paracherkaoui.ma\/index.php\/produit\/cantabria-heliocare-360-md-ar-emulsion-spf50-50ml\/#primaryimage\",\"url\":\"https:\/\/paracherkaoui.ma\/wp-content\/uploads\/2025\/12\/cantabria-heliocare-360-md-ar-emulsion-spf50-50ml.jpg\",\"contentUrl\":\"https:\/\/paracherkaoui.ma\/wp-content\/uploads\/2025\/12\/cantabria-heliocare-360-md-ar-emulsion-spf50-50ml.jpg\",\"width\":700,\"height\":700},{\"@type\":\"BreadcrumbList\",\"@id\":\"https:\/\/paracherkaoui.ma\/index.php\/produit\/cantabria-heliocare-360-md-ar-emulsion-spf50-50ml\/#breadcrumb\",\"itemListElement\":[{\"@type\":\"ListItem\",\"position\":1,\"name\":\"Accueil\",\"item\":\"https:\/\/paracherkaoui.ma\/\"},{\"@type\":\"ListItem\",\"position\":2,\"name\":\"Boutique\",\"item\":\"https:\/\/paracherkaoui.ma\/index.php\/boutique\/\"},{\"@type\":\"ListItem\",\"position\":3,\"name\":\"CANTABRIA HELIOCARE 360 MD AR EMULSION SPF50+ 50ML\"}]},{\"@type\":\"WebSite\",\"@id\":\"https:\/\/paracherkaoui.ma\/#website\",\"url\":\"https:\/\/paracherkaoui.ma\/\",\"name\":\"Paracherkaoui.ma\",\"description\":\"Achetez en ligne sur Paracherkaoui.ma\",\"potentialAction\":[{\"@type\":\"SearchAction\",\"target\":{\"@type\":\"EntryPoint\",\"urlTemplate\":\"https:\/\/paracherkaoui.ma\/?s={search_term_string}\"},\"query-input\":{\"@type\":\"PropertyValueSpecification\",\"valueRequired\":true,\"valueName\":\"search_term_string\"}}],\"inLanguage\":\"fr-FR\"}]}<\/script>\r\n<!-- \/ Yoast SEO plugin. -->","yoast_head_json":{"title":"CANTABRIA HELIOCARE 360 MD AR EMULSION SPF50+ 50ML - Paracherkaoui.ma","robots":{"index":"index","follow":"follow","max-snippet":"max-snippet:-1","max-image-preview":"max-image-preview:large","max-video-preview":"max-video-preview:-1"},"canonical":"https:\/\/paracherkaoui.ma\/index.php\/produit\/cantabria-heliocare-360-md-ar-emulsion-spf50-50ml\/","og_locale":"fr_FR","og_type":"article","og_title":"CANTABRIA HELIOCARE 360 MD AR EMULSION SPF50+ 50ML - Paracherkaoui.ma","og_description":"Cantabria Heliocare 360 MD AR Emulsion SPF50+ : L\u2019alli\u00e9 des peaux sensibles Offrez \u00e0 votre peau la protection qu\u2019elle m\u00e9rite","og_url":"https:\/\/paracherkaoui.ma\/index.php\/produit\/cantabria-heliocare-360-md-ar-emulsion-spf50-50ml\/","og_site_name":"Paracherkaoui.ma","article_modified_time":"2025-12-12T17:58:46+00:00","og_image":[{"width":700,"height":700,"url":"https:\/\/paracherkaoui.ma\/wp-content\/uploads\/2025\/12\/cantabria-heliocare-360-md-ar-emulsion-spf50-50ml.jpg","type":"image\/jpeg"}],"twitter_card":"summary_large_image","twitter_misc":{"Dur\u00e9e de lecture estim\u00e9e":"1 minute"},"schema":{"@context":"https:\/\/schema.org","@graph":[{"@type":"WebPage","@id":"https:\/\/paracherkaoui.ma\/index.php\/produit\/cantabria-heliocare-360-md-ar-emulsion-spf50-50ml\/","url":"https:\/\/paracherkaoui.ma\/index.php\/produit\/cantabria-heliocare-360-md-ar-emulsion-spf50-50ml\/","name":"CANTABRIA HELIOCARE 360 MD AR EMULSION SPF50+ 50ML - Paracherkaoui.ma","isPartOf":{"@id":"https:\/\/paracherkaoui.ma\/#website"},"primaryImageOfPage":{"@id":"https:\/\/paracherkaoui.ma\/index.php\/produit\/cantabria-heliocare-360-md-ar-emulsion-spf50-50ml\/#primaryimage"},"image":{"@id":"https:\/\/paracherkaoui.ma\/index.php\/produit\/cantabria-heliocare-360-md-ar-emulsion-spf50-50ml\/#primaryimage"},"thumbnailUrl":"https:\/\/paracherkaoui.ma\/wp-content\/uploads\/2025\/12\/cantabria-heliocare-360-md-ar-emulsion-spf50-50ml.jpg","datePublished":"2025-12-12T17:58:38+00:00","dateModified":"2025-12-12T17:58:46+00:00","breadcrumb":{"@id":"https:\/\/paracherkaoui.ma\/index.php\/produit\/cantabria-heliocare-360-md-ar-emulsion-spf50-50ml\/#breadcrumb"},"inLanguage":"fr-FR","potentialAction":[{"@type":"ReadAction","target":["https:\/\/paracherkaoui.ma\/index.php\/produit\/cantabria-heliocare-360-md-ar-emulsion-spf50-50ml\/"]}]},{"@type":"ImageObject","inLanguage":"fr-FR","@id":"https:\/\/paracherkaoui.ma\/index.php\/produit\/cantabria-heliocare-360-md-ar-emulsion-spf50-50ml\/#primaryimage","url":"https:\/\/paracherkaoui.ma\/wp-content\/uploads\/2025\/12\/cantabria-heliocare-360-md-ar-emulsion-spf50-50ml.jpg","contentUrl":"https:\/\/paracherkaoui.ma\/wp-content\/uploads\/2025\/12\/cantabria-heliocare-360-md-ar-emulsion-spf50-50ml.jpg","width":700,"height":700},{"@type":"BreadcrumbList","@id":"https:\/\/paracherkaoui.ma\/index.php\/produit\/cantabria-heliocare-360-md-ar-emulsion-spf50-50ml\/#breadcrumb","itemListElement":[{"@type":"ListItem","position":1,"name":"Accueil","item":"https:\/\/paracherkaoui.ma\/"},{"@type":"ListItem","position":2,"name":"Boutique","item":"https:\/\/paracherkaoui.ma\/index.php\/boutique\/"},{"@type":"ListItem","position":3,"name":"CANTABRIA HELIOCARE 360 MD AR EMULSION SPF50+ 50ML"}]},{"@type":"WebSite","@id":"https:\/\/paracherkaoui.ma\/#website","url":"https:\/\/paracherkaoui.ma\/","name":"Paracherkaoui.ma","description":"Achetez en ligne sur Paracherkaoui.ma","potentialAction":[{"@type":"SearchAction","target":{"@type":"EntryPoint","urlTemplate":"https:\/\/paracherkaoui.ma\/?s={search_term_string}"},"query-input":{"@type":"PropertyValueSpecification","valueRequired":true,"valueName":"search_term_string"}}],"inLanguage":"fr-FR"}]}},"_links":{"self":[{"href":"https:\/\/paracherkaoui.ma\/index.php\/wp-json\/wp\/v2\/product\/37723","targetHints":{"allow":["GET"]}}],"collection":[{"href":"https:\/\/paracherkaoui.ma\/index.php\/wp-json\/wp\/v2\/product"}],"about":[{"href":"https:\/\/paracherkaoui.ma\/index.php\/wp-json\/wp\/v2\/types\/product"}],"replies":[{"embeddable":true,"href":"https:\/\/paracherkaoui.ma\/index.php\/wp-json\/wp\/v2\/comments?post=37723"}],"version-history":[{"count":1,"href":"https:\/\/paracherkaoui.ma\/index.php\/wp-json\/wp\/v2\/product\/37723\/revisions"}],"predecessor-version":[{"id":37775,"href":"https:\/\/paracherkaoui.ma\/index.php\/wp-json\/wp\/v2\/product\/37723\/revisions\/37775"}],"wp:featuredmedia":[{"embeddable":true,"href":"https:\/\/paracherkaoui.ma\/index.php\/wp-json\/wp\/v2\/media\/37774"}],"wp:attachment":[{"href":"https:\/\/paracherkaoui.ma\/index.php\/wp-json\/wp\/v2\/media?parent=37723"}],"wp:term":[{"taxonomy":"product_brand","embeddable":true,"href":"https:\/\/paracherkaoui.ma\/index.php\/wp-json\/wp\/v2\/product_brand?post=37723"},{"taxonomy":"product_cat","embeddable":true,"href":"https:\/\/paracherkaoui.ma\/index.php\/wp-json\/wp\/v2\/product_cat?post=37723"},{"taxonomy":"product_tag","embeddable":true,"href":"https:\/\/paracherkaoui.ma\/index.php\/wp-json\/wp\/v2\/product_tag?post=37723"}],"curies":[{"name":"wp","href":"https:\/\/api.w.org\/{rel}","templated":true}]}}