{"id":37703,"date":"2025-12-12T18:58:36","date_gmt":"2025-12-12T17:58:36","guid":{"rendered":"https:\/\/test.ecbeaute.com\/?post_type=product&#038;p=37703"},"modified":"2026-01-17T17:52:56","modified_gmt":"2026-01-17T16:52:56","slug":"la-roche-posay-offre-anthelios-uvmune-400-gel-creme-oil-control-teinte-spf-50-gel-moussant-50ml-offert-2","status":"publish","type":"product","link":"https:\/\/paracherkaoui.ma\/index.php\/produit\/la-roche-posay-offre-anthelios-uvmune-400-gel-creme-oil-control-teinte-spf-50-gel-moussant-50ml-offert-2\/","title":{"rendered":"LA ROCHE POSAY OFFRE ANTHELIOS UVMUNE 400 GEL CREME OIL CONTROL TEINTE SPF 50"},"content":{"rendered":"<p>Un \u00e9cran solaire quotidien pour le visage avec SPF50+ prot\u00e8ge contre les rayons UVA et UVB et est un \u00e9cran solaire adapt\u00e9 aux peaux grasses et sujettes aux imperfections, y compris les peaux sujettes \u00e0 la sensibilit\u00e9 et \u00e0 l&rsquo;intol\u00e9rance au soleil. Formul\u00e9 avec notre filtre UV r\u00e9volutionnaire UVMune 400, le filtre UV le plus efficace pour une protection contre les UVA ultra-longs.<br \/>\nConseils d&rsquo;utilisation:<br \/>\nAppliquer 30 minutes avant l&rsquo;exposition et renouveler fr\u00e9quemment et g\u00e9n\u00e9reusement toutes les deux heures pour maintenir la protection surtout apr\u00e8s avoir nag\u00e9, transpir\u00e9 ou s&rsquo;\u00eatre essuy\u00e9.<\/p>\n","protected":false},"excerpt":{"rendered":"<p>Un \u00e9cran solaire quotidien pour le visage avec SPF50+ prot\u00e8ge contre les rayons UVA et UVB et est un \u00e9cran<\/p>\n","protected":false},"featured_media":12931,"comment_status":"open","ping_status":"closed","template":"","meta":[],"product_brand":[132],"product_cat":[666],"product_tag":[],"class_list":{"0":"post-37703","1":"product","2":"type-product","3":"status-publish","4":"has-post-thumbnail","6":"product_brand-la-roche-posay","7":"product_cat-cremes-solaires","9":"first","10":"instock","11":"sale","12":"shipping-taxable","13":"purchasable","14":"product-type-simple"},"yoast_head":"<!-- This site is optimized with the Yoast SEO plugin v26.6 - https:\/\/yoast.com\/wordpress\/plugins\/seo\/ -->\r\n<title>LA ROCHE POSAY OFFRE ANTHELIOS UVMUNE 400 GEL CREME OIL CONTROL TEINTE SPF 50 - Paracherkaoui.ma<\/title>\r\n<meta name=\"robots\" content=\"index, follow, max-snippet:-1, max-image-preview:large, max-video-preview:-1\" \/>\r\n<link rel=\"canonical\" href=\"https:\/\/paracherkaoui.ma\/index.php\/produit\/la-roche-posay-offre-anthelios-uvmune-400-gel-creme-oil-control-teinte-spf-50-gel-moussant-50ml-offert-2\/\" \/>\r\n<meta property=\"og:locale\" content=\"fr_FR\" \/>\r\n<meta property=\"og:type\" content=\"article\" \/>\r\n<meta property=\"og:title\" content=\"LA ROCHE POSAY OFFRE ANTHELIOS UVMUNE 400 GEL CREME OIL CONTROL TEINTE SPF 50 - Paracherkaoui.ma\" \/>\r\n<meta property=\"og:description\" content=\"Un \u00e9cran solaire quotidien pour le visage avec SPF50+ prot\u00e8ge contre les rayons UVA et UVB et est un \u00e9cran\" \/>\r\n<meta property=\"og:url\" content=\"https:\/\/paracherkaoui.ma\/index.php\/produit\/la-roche-posay-offre-anthelios-uvmune-400-gel-creme-oil-control-teinte-spf-50-gel-moussant-50ml-offert-2\/\" \/>\r\n<meta property=\"og:site_name\" content=\"Paracherkaoui.ma\" \/>\r\n<meta property=\"article:modified_time\" content=\"2026-01-17T16:52:56+00:00\" \/>\r\n<meta property=\"og:image\" content=\"https:\/\/paracherkaoui.ma\/wp-content\/uploads\/2025\/12\/la-roche-posay-la-roche-posay-offre-anthelios-uvmune-400-gel-creme-oil-control-teinte-spf-50-gel-moussant-50ml-offert-protection.jpg\" \/>\r\n\t<meta property=\"og:image:width\" content=\"700\" \/>\r\n\t<meta property=\"og:image:height\" content=\"700\" \/>\r\n\t<meta property=\"og:image:type\" content=\"image\/jpeg\" \/>\r\n<meta name=\"twitter:card\" content=\"summary_large_image\" \/>\r\n<meta name=\"twitter:label1\" content=\"Dur\u00e9e de lecture estim\u00e9e\" \/>\n\t<meta name=\"twitter:data1\" content=\"1 minute\" \/>\r\n<script type=\"application\/ld+json\" class=\"yoast-schema-graph\">{\"@context\":\"https:\/\/schema.org\",\"@graph\":[{\"@type\":\"WebPage\",\"@id\":\"https:\/\/paracherkaoui.ma\/index.php\/produit\/la-roche-posay-offre-anthelios-uvmune-400-gel-creme-oil-control-teinte-spf-50-gel-moussant-50ml-offert-2\/\",\"url\":\"https:\/\/paracherkaoui.ma\/index.php\/produit\/la-roche-posay-offre-anthelios-uvmune-400-gel-creme-oil-control-teinte-spf-50-gel-moussant-50ml-offert-2\/\",\"name\":\"LA ROCHE POSAY OFFRE ANTHELIOS UVMUNE 400 GEL CREME OIL CONTROL TEINTE SPF 50 - Paracherkaoui.ma\",\"isPartOf\":{\"@id\":\"https:\/\/paracherkaoui.ma\/#website\"},\"primaryImageOfPage\":{\"@id\":\"https:\/\/paracherkaoui.ma\/index.php\/produit\/la-roche-posay-offre-anthelios-uvmune-400-gel-creme-oil-control-teinte-spf-50-gel-moussant-50ml-offert-2\/#primaryimage\"},\"image\":{\"@id\":\"https:\/\/paracherkaoui.ma\/index.php\/produit\/la-roche-posay-offre-anthelios-uvmune-400-gel-creme-oil-control-teinte-spf-50-gel-moussant-50ml-offert-2\/#primaryimage\"},\"thumbnailUrl\":\"https:\/\/paracherkaoui.ma\/wp-content\/uploads\/2025\/12\/la-roche-posay-la-roche-posay-offre-anthelios-uvmune-400-gel-creme-oil-control-teinte-spf-50-gel-moussant-50ml-offert-protection.jpg\",\"datePublished\":\"2025-12-12T17:58:36+00:00\",\"dateModified\":\"2026-01-17T16:52:56+00:00\",\"breadcrumb\":{\"@id\":\"https:\/\/paracherkaoui.ma\/index.php\/produit\/la-roche-posay-offre-anthelios-uvmune-400-gel-creme-oil-control-teinte-spf-50-gel-moussant-50ml-offert-2\/#breadcrumb\"},\"inLanguage\":\"fr-FR\",\"potentialAction\":[{\"@type\":\"ReadAction\",\"target\":[\"https:\/\/paracherkaoui.ma\/index.php\/produit\/la-roche-posay-offre-anthelios-uvmune-400-gel-creme-oil-control-teinte-spf-50-gel-moussant-50ml-offert-2\/\"]}]},{\"@type\":\"ImageObject\",\"inLanguage\":\"fr-FR\",\"@id\":\"https:\/\/paracherkaoui.ma\/index.php\/produit\/la-roche-posay-offre-anthelios-uvmune-400-gel-creme-oil-control-teinte-spf-50-gel-moussant-50ml-offert-2\/#primaryimage\",\"url\":\"https:\/\/paracherkaoui.ma\/wp-content\/uploads\/2025\/12\/la-roche-posay-la-roche-posay-offre-anthelios-uvmune-400-gel-creme-oil-control-teinte-spf-50-gel-moussant-50ml-offert-protection.jpg\",\"contentUrl\":\"https:\/\/paracherkaoui.ma\/wp-content\/uploads\/2025\/12\/la-roche-posay-la-roche-posay-offre-anthelios-uvmune-400-gel-creme-oil-control-teinte-spf-50-gel-moussant-50ml-offert-protection.jpg\",\"width\":700,\"height\":700},{\"@type\":\"BreadcrumbList\",\"@id\":\"https:\/\/paracherkaoui.ma\/index.php\/produit\/la-roche-posay-offre-anthelios-uvmune-400-gel-creme-oil-control-teinte-spf-50-gel-moussant-50ml-offert-2\/#breadcrumb\",\"itemListElement\":[{\"@type\":\"ListItem\",\"position\":1,\"name\":\"Accueil\",\"item\":\"https:\/\/paracherkaoui.ma\/\"},{\"@type\":\"ListItem\",\"position\":2,\"name\":\"Boutique\",\"item\":\"https:\/\/paracherkaoui.ma\/index.php\/boutique\/\"},{\"@type\":\"ListItem\",\"position\":3,\"name\":\"LA ROCHE POSAY OFFRE ANTHELIOS UVMUNE 400 GEL CREME OIL CONTROL TEINTE SPF 50\"}]},{\"@type\":\"WebSite\",\"@id\":\"https:\/\/paracherkaoui.ma\/#website\",\"url\":\"https:\/\/paracherkaoui.ma\/\",\"name\":\"Paracherkaoui.ma\",\"description\":\"Achetez en ligne sur Paracherkaoui.ma\",\"potentialAction\":[{\"@type\":\"SearchAction\",\"target\":{\"@type\":\"EntryPoint\",\"urlTemplate\":\"https:\/\/paracherkaoui.ma\/?s={search_term_string}\"},\"query-input\":{\"@type\":\"PropertyValueSpecification\",\"valueRequired\":true,\"valueName\":\"search_term_string\"}}],\"inLanguage\":\"fr-FR\"}]}<\/script>\r\n<!-- \/ Yoast SEO plugin. -->","yoast_head_json":{"title":"LA ROCHE POSAY OFFRE ANTHELIOS UVMUNE 400 GEL CREME OIL CONTROL TEINTE SPF 50 - Paracherkaoui.ma","robots":{"index":"index","follow":"follow","max-snippet":"max-snippet:-1","max-image-preview":"max-image-preview:large","max-video-preview":"max-video-preview:-1"},"canonical":"https:\/\/paracherkaoui.ma\/index.php\/produit\/la-roche-posay-offre-anthelios-uvmune-400-gel-creme-oil-control-teinte-spf-50-gel-moussant-50ml-offert-2\/","og_locale":"fr_FR","og_type":"article","og_title":"LA ROCHE POSAY OFFRE ANTHELIOS UVMUNE 400 GEL CREME OIL CONTROL TEINTE SPF 50 - Paracherkaoui.ma","og_description":"Un \u00e9cran solaire quotidien pour le visage avec SPF50+ prot\u00e8ge contre les rayons UVA et UVB et est un \u00e9cran","og_url":"https:\/\/paracherkaoui.ma\/index.php\/produit\/la-roche-posay-offre-anthelios-uvmune-400-gel-creme-oil-control-teinte-spf-50-gel-moussant-50ml-offert-2\/","og_site_name":"Paracherkaoui.ma","article_modified_time":"2026-01-17T16:52:56+00:00","og_image":[{"width":700,"height":700,"url":"https:\/\/paracherkaoui.ma\/wp-content\/uploads\/2025\/12\/la-roche-posay-la-roche-posay-offre-anthelios-uvmune-400-gel-creme-oil-control-teinte-spf-50-gel-moussant-50ml-offert-protection.jpg","type":"image\/jpeg"}],"twitter_card":"summary_large_image","twitter_misc":{"Dur\u00e9e de lecture estim\u00e9e":"1 minute"},"schema":{"@context":"https:\/\/schema.org","@graph":[{"@type":"WebPage","@id":"https:\/\/paracherkaoui.ma\/index.php\/produit\/la-roche-posay-offre-anthelios-uvmune-400-gel-creme-oil-control-teinte-spf-50-gel-moussant-50ml-offert-2\/","url":"https:\/\/paracherkaoui.ma\/index.php\/produit\/la-roche-posay-offre-anthelios-uvmune-400-gel-creme-oil-control-teinte-spf-50-gel-moussant-50ml-offert-2\/","name":"LA ROCHE POSAY OFFRE ANTHELIOS UVMUNE 400 GEL CREME OIL CONTROL TEINTE SPF 50 - Paracherkaoui.ma","isPartOf":{"@id":"https:\/\/paracherkaoui.ma\/#website"},"primaryImageOfPage":{"@id":"https:\/\/paracherkaoui.ma\/index.php\/produit\/la-roche-posay-offre-anthelios-uvmune-400-gel-creme-oil-control-teinte-spf-50-gel-moussant-50ml-offert-2\/#primaryimage"},"image":{"@id":"https:\/\/paracherkaoui.ma\/index.php\/produit\/la-roche-posay-offre-anthelios-uvmune-400-gel-creme-oil-control-teinte-spf-50-gel-moussant-50ml-offert-2\/#primaryimage"},"thumbnailUrl":"https:\/\/paracherkaoui.ma\/wp-content\/uploads\/2025\/12\/la-roche-posay-la-roche-posay-offre-anthelios-uvmune-400-gel-creme-oil-control-teinte-spf-50-gel-moussant-50ml-offert-protection.jpg","datePublished":"2025-12-12T17:58:36+00:00","dateModified":"2026-01-17T16:52:56+00:00","breadcrumb":{"@id":"https:\/\/paracherkaoui.ma\/index.php\/produit\/la-roche-posay-offre-anthelios-uvmune-400-gel-creme-oil-control-teinte-spf-50-gel-moussant-50ml-offert-2\/#breadcrumb"},"inLanguage":"fr-FR","potentialAction":[{"@type":"ReadAction","target":["https:\/\/paracherkaoui.ma\/index.php\/produit\/la-roche-posay-offre-anthelios-uvmune-400-gel-creme-oil-control-teinte-spf-50-gel-moussant-50ml-offert-2\/"]}]},{"@type":"ImageObject","inLanguage":"fr-FR","@id":"https:\/\/paracherkaoui.ma\/index.php\/produit\/la-roche-posay-offre-anthelios-uvmune-400-gel-creme-oil-control-teinte-spf-50-gel-moussant-50ml-offert-2\/#primaryimage","url":"https:\/\/paracherkaoui.ma\/wp-content\/uploads\/2025\/12\/la-roche-posay-la-roche-posay-offre-anthelios-uvmune-400-gel-creme-oil-control-teinte-spf-50-gel-moussant-50ml-offert-protection.jpg","contentUrl":"https:\/\/paracherkaoui.ma\/wp-content\/uploads\/2025\/12\/la-roche-posay-la-roche-posay-offre-anthelios-uvmune-400-gel-creme-oil-control-teinte-spf-50-gel-moussant-50ml-offert-protection.jpg","width":700,"height":700},{"@type":"BreadcrumbList","@id":"https:\/\/paracherkaoui.ma\/index.php\/produit\/la-roche-posay-offre-anthelios-uvmune-400-gel-creme-oil-control-teinte-spf-50-gel-moussant-50ml-offert-2\/#breadcrumb","itemListElement":[{"@type":"ListItem","position":1,"name":"Accueil","item":"https:\/\/paracherkaoui.ma\/"},{"@type":"ListItem","position":2,"name":"Boutique","item":"https:\/\/paracherkaoui.ma\/index.php\/boutique\/"},{"@type":"ListItem","position":3,"name":"LA ROCHE POSAY OFFRE ANTHELIOS UVMUNE 400 GEL CREME OIL CONTROL TEINTE SPF 50"}]},{"@type":"WebSite","@id":"https:\/\/paracherkaoui.ma\/#website","url":"https:\/\/paracherkaoui.ma\/","name":"Paracherkaoui.ma","description":"Achetez en ligne sur Paracherkaoui.ma","potentialAction":[{"@type":"SearchAction","target":{"@type":"EntryPoint","urlTemplate":"https:\/\/paracherkaoui.ma\/?s={search_term_string}"},"query-input":{"@type":"PropertyValueSpecification","valueRequired":true,"valueName":"search_term_string"}}],"inLanguage":"fr-FR"}]}},"_links":{"self":[{"href":"https:\/\/paracherkaoui.ma\/index.php\/wp-json\/wp\/v2\/product\/37703","targetHints":{"allow":["GET"]}}],"collection":[{"href":"https:\/\/paracherkaoui.ma\/index.php\/wp-json\/wp\/v2\/product"}],"about":[{"href":"https:\/\/paracherkaoui.ma\/index.php\/wp-json\/wp\/v2\/types\/product"}],"replies":[{"embeddable":true,"href":"https:\/\/paracherkaoui.ma\/index.php\/wp-json\/wp\/v2\/comments?post=37703"}],"version-history":[{"count":2,"href":"https:\/\/paracherkaoui.ma\/index.php\/wp-json\/wp\/v2\/product\/37703\/revisions"}],"predecessor-version":[{"id":59270,"href":"https:\/\/paracherkaoui.ma\/index.php\/wp-json\/wp\/v2\/product\/37703\/revisions\/59270"}],"wp:featuredmedia":[{"embeddable":true,"href":"https:\/\/paracherkaoui.ma\/index.php\/wp-json\/wp\/v2\/media\/12931"}],"wp:attachment":[{"href":"https:\/\/paracherkaoui.ma\/index.php\/wp-json\/wp\/v2\/media?parent=37703"}],"wp:term":[{"taxonomy":"product_brand","embeddable":true,"href":"https:\/\/paracherkaoui.ma\/index.php\/wp-json\/wp\/v2\/product_brand?post=37703"},{"taxonomy":"product_cat","embeddable":true,"href":"https:\/\/paracherkaoui.ma\/index.php\/wp-json\/wp\/v2\/product_cat?post=37703"},{"taxonomy":"product_tag","embeddable":true,"href":"https:\/\/paracherkaoui.ma\/index.php\/wp-json\/wp\/v2\/product_tag?post=37703"}],"curies":[{"name":"wp","href":"https:\/\/api.w.org\/{rel}","templated":true}]}}