{"id":37649,"date":"2025-12-12T18:58:30","date_gmt":"2025-12-12T17:58:30","guid":{"rendered":"https:\/\/test.ecbeaute.com\/?post_type=product&#038;p=37649"},"modified":"2025-12-12T18:58:35","modified_gmt":"2025-12-12T17:58:35","slug":"dermedic-sunbrella-ecran-spf50-psn-50ml","status":"publish","type":"product","link":"https:\/\/paracherkaoui.ma\/index.php\/produit\/dermedic-sunbrella-ecran-spf50-psn-50ml\/","title":{"rendered":"DERMEDIC SUNBRELLA ECRAN SPF50+ PSN 50ML"},"content":{"rendered":"<p>Formul\u00e9 sp\u00e9cialement pour prot\u00e9ger les peaux sensibles s\u00e8ches et normales.<br \/>\n4 Rays Spectrum Protect\u00a0est un syst\u00e8me de protection \u00e0 large spectre qui diffuse et r\u00e9fl\u00e9chit les rayons ultraviolets, absorbe l\u2019\u00e9nergie de la lumi\u00e8re solaire et annule les effets de la lumi\u00e8re visible et du rayonnement infrarouge.<\/p>\n","protected":false},"excerpt":{"rendered":"<p>Formul\u00e9 sp\u00e9cialement pour prot\u00e9ger les peaux sensibles s\u00e8ches et normales. 4 Rays Spectrum Protect\u00a0est un syst\u00e8me de protection \u00e0 large<\/p>\n","protected":false},"featured_media":37696,"comment_status":"open","ping_status":"closed","template":"","meta":[],"product_brand":[299],"product_cat":[666],"product_tag":[],"class_list":{"0":"post-37649","1":"product","2":"type-product","3":"status-publish","4":"has-post-thumbnail","6":"product_brand-dermedic","7":"product_cat-cremes-solaires","9":"first","10":"instock","11":"sale","12":"shipping-taxable","13":"purchasable","14":"product-type-simple"},"yoast_head":"<!-- This site is optimized with the Yoast SEO plugin v26.6 - https:\/\/yoast.com\/wordpress\/plugins\/seo\/ -->\r\n<title>DERMEDIC SUNBRELLA ECRAN SPF50+ PSN 50ML - Paracherkaoui.ma<\/title>\r\n<meta name=\"robots\" content=\"index, follow, max-snippet:-1, max-image-preview:large, max-video-preview:-1\" \/>\r\n<link rel=\"canonical\" href=\"https:\/\/paracherkaoui.ma\/index.php\/produit\/dermedic-sunbrella-ecran-spf50-psn-50ml\/\" \/>\r\n<meta property=\"og:locale\" content=\"fr_FR\" \/>\r\n<meta property=\"og:type\" content=\"article\" \/>\r\n<meta property=\"og:title\" content=\"DERMEDIC SUNBRELLA ECRAN SPF50+ PSN 50ML - Paracherkaoui.ma\" \/>\r\n<meta property=\"og:description\" content=\"Formul\u00e9 sp\u00e9cialement pour prot\u00e9ger les peaux sensibles s\u00e8ches et normales. 4 Rays Spectrum Protect\u00a0est un syst\u00e8me de protection \u00e0 large\" \/>\r\n<meta property=\"og:url\" content=\"https:\/\/paracherkaoui.ma\/index.php\/produit\/dermedic-sunbrella-ecran-spf50-psn-50ml\/\" \/>\r\n<meta property=\"og:site_name\" content=\"Paracherkaoui.ma\" \/>\r\n<meta property=\"article:modified_time\" content=\"2025-12-12T17:58:35+00:00\" \/>\r\n<meta property=\"og:image\" content=\"https:\/\/paracherkaoui.ma\/wp-content\/uploads\/2025\/12\/dermedic-dermedic-sunbrella-ecran-spf50-psn-50ml-cremes.jpg\" \/>\r\n\t<meta property=\"og:image:width\" content=\"700\" \/>\r\n\t<meta property=\"og:image:height\" content=\"700\" \/>\r\n\t<meta property=\"og:image:type\" content=\"image\/jpeg\" \/>\r\n<meta name=\"twitter:card\" content=\"summary_large_image\" \/>\r\n<script type=\"application\/ld+json\" class=\"yoast-schema-graph\">{\"@context\":\"https:\/\/schema.org\",\"@graph\":[{\"@type\":\"WebPage\",\"@id\":\"https:\/\/paracherkaoui.ma\/index.php\/produit\/dermedic-sunbrella-ecran-spf50-psn-50ml\/\",\"url\":\"https:\/\/paracherkaoui.ma\/index.php\/produit\/dermedic-sunbrella-ecran-spf50-psn-50ml\/\",\"name\":\"DERMEDIC SUNBRELLA ECRAN SPF50+ PSN 50ML - Paracherkaoui.ma\",\"isPartOf\":{\"@id\":\"https:\/\/paracherkaoui.ma\/#website\"},\"primaryImageOfPage\":{\"@id\":\"https:\/\/paracherkaoui.ma\/index.php\/produit\/dermedic-sunbrella-ecran-spf50-psn-50ml\/#primaryimage\"},\"image\":{\"@id\":\"https:\/\/paracherkaoui.ma\/index.php\/produit\/dermedic-sunbrella-ecran-spf50-psn-50ml\/#primaryimage\"},\"thumbnailUrl\":\"https:\/\/paracherkaoui.ma\/wp-content\/uploads\/2025\/12\/dermedic-dermedic-sunbrella-ecran-spf50-psn-50ml-cremes.jpg\",\"datePublished\":\"2025-12-12T17:58:30+00:00\",\"dateModified\":\"2025-12-12T17:58:35+00:00\",\"breadcrumb\":{\"@id\":\"https:\/\/paracherkaoui.ma\/index.php\/produit\/dermedic-sunbrella-ecran-spf50-psn-50ml\/#breadcrumb\"},\"inLanguage\":\"fr-FR\",\"potentialAction\":[{\"@type\":\"ReadAction\",\"target\":[\"https:\/\/paracherkaoui.ma\/index.php\/produit\/dermedic-sunbrella-ecran-spf50-psn-50ml\/\"]}]},{\"@type\":\"ImageObject\",\"inLanguage\":\"fr-FR\",\"@id\":\"https:\/\/paracherkaoui.ma\/index.php\/produit\/dermedic-sunbrella-ecran-spf50-psn-50ml\/#primaryimage\",\"url\":\"https:\/\/paracherkaoui.ma\/wp-content\/uploads\/2025\/12\/dermedic-dermedic-sunbrella-ecran-spf50-psn-50ml-cremes.jpg\",\"contentUrl\":\"https:\/\/paracherkaoui.ma\/wp-content\/uploads\/2025\/12\/dermedic-dermedic-sunbrella-ecran-spf50-psn-50ml-cremes.jpg\",\"width\":700,\"height\":700},{\"@type\":\"BreadcrumbList\",\"@id\":\"https:\/\/paracherkaoui.ma\/index.php\/produit\/dermedic-sunbrella-ecran-spf50-psn-50ml\/#breadcrumb\",\"itemListElement\":[{\"@type\":\"ListItem\",\"position\":1,\"name\":\"Accueil\",\"item\":\"https:\/\/paracherkaoui.ma\/\"},{\"@type\":\"ListItem\",\"position\":2,\"name\":\"Boutique\",\"item\":\"https:\/\/paracherkaoui.ma\/index.php\/boutique\/\"},{\"@type\":\"ListItem\",\"position\":3,\"name\":\"DERMEDIC SUNBRELLA ECRAN SPF50+ PSN 50ML\"}]},{\"@type\":\"WebSite\",\"@id\":\"https:\/\/paracherkaoui.ma\/#website\",\"url\":\"https:\/\/paracherkaoui.ma\/\",\"name\":\"Paracherkaoui.ma\",\"description\":\"Achetez en ligne sur Paracherkaoui.ma\",\"potentialAction\":[{\"@type\":\"SearchAction\",\"target\":{\"@type\":\"EntryPoint\",\"urlTemplate\":\"https:\/\/paracherkaoui.ma\/?s={search_term_string}\"},\"query-input\":{\"@type\":\"PropertyValueSpecification\",\"valueRequired\":true,\"valueName\":\"search_term_string\"}}],\"inLanguage\":\"fr-FR\"}]}<\/script>\r\n<!-- \/ Yoast SEO plugin. -->","yoast_head_json":{"title":"DERMEDIC SUNBRELLA ECRAN SPF50+ PSN 50ML - Paracherkaoui.ma","robots":{"index":"index","follow":"follow","max-snippet":"max-snippet:-1","max-image-preview":"max-image-preview:large","max-video-preview":"max-video-preview:-1"},"canonical":"https:\/\/paracherkaoui.ma\/index.php\/produit\/dermedic-sunbrella-ecran-spf50-psn-50ml\/","og_locale":"fr_FR","og_type":"article","og_title":"DERMEDIC SUNBRELLA ECRAN SPF50+ PSN 50ML - Paracherkaoui.ma","og_description":"Formul\u00e9 sp\u00e9cialement pour prot\u00e9ger les peaux sensibles s\u00e8ches et normales. 4 Rays Spectrum Protect\u00a0est un syst\u00e8me de protection \u00e0 large","og_url":"https:\/\/paracherkaoui.ma\/index.php\/produit\/dermedic-sunbrella-ecran-spf50-psn-50ml\/","og_site_name":"Paracherkaoui.ma","article_modified_time":"2025-12-12T17:58:35+00:00","og_image":[{"width":700,"height":700,"url":"https:\/\/paracherkaoui.ma\/wp-content\/uploads\/2025\/12\/dermedic-dermedic-sunbrella-ecran-spf50-psn-50ml-cremes.jpg","type":"image\/jpeg"}],"twitter_card":"summary_large_image","schema":{"@context":"https:\/\/schema.org","@graph":[{"@type":"WebPage","@id":"https:\/\/paracherkaoui.ma\/index.php\/produit\/dermedic-sunbrella-ecran-spf50-psn-50ml\/","url":"https:\/\/paracherkaoui.ma\/index.php\/produit\/dermedic-sunbrella-ecran-spf50-psn-50ml\/","name":"DERMEDIC SUNBRELLA ECRAN SPF50+ PSN 50ML - Paracherkaoui.ma","isPartOf":{"@id":"https:\/\/paracherkaoui.ma\/#website"},"primaryImageOfPage":{"@id":"https:\/\/paracherkaoui.ma\/index.php\/produit\/dermedic-sunbrella-ecran-spf50-psn-50ml\/#primaryimage"},"image":{"@id":"https:\/\/paracherkaoui.ma\/index.php\/produit\/dermedic-sunbrella-ecran-spf50-psn-50ml\/#primaryimage"},"thumbnailUrl":"https:\/\/paracherkaoui.ma\/wp-content\/uploads\/2025\/12\/dermedic-dermedic-sunbrella-ecran-spf50-psn-50ml-cremes.jpg","datePublished":"2025-12-12T17:58:30+00:00","dateModified":"2025-12-12T17:58:35+00:00","breadcrumb":{"@id":"https:\/\/paracherkaoui.ma\/index.php\/produit\/dermedic-sunbrella-ecran-spf50-psn-50ml\/#breadcrumb"},"inLanguage":"fr-FR","potentialAction":[{"@type":"ReadAction","target":["https:\/\/paracherkaoui.ma\/index.php\/produit\/dermedic-sunbrella-ecran-spf50-psn-50ml\/"]}]},{"@type":"ImageObject","inLanguage":"fr-FR","@id":"https:\/\/paracherkaoui.ma\/index.php\/produit\/dermedic-sunbrella-ecran-spf50-psn-50ml\/#primaryimage","url":"https:\/\/paracherkaoui.ma\/wp-content\/uploads\/2025\/12\/dermedic-dermedic-sunbrella-ecran-spf50-psn-50ml-cremes.jpg","contentUrl":"https:\/\/paracherkaoui.ma\/wp-content\/uploads\/2025\/12\/dermedic-dermedic-sunbrella-ecran-spf50-psn-50ml-cremes.jpg","width":700,"height":700},{"@type":"BreadcrumbList","@id":"https:\/\/paracherkaoui.ma\/index.php\/produit\/dermedic-sunbrella-ecran-spf50-psn-50ml\/#breadcrumb","itemListElement":[{"@type":"ListItem","position":1,"name":"Accueil","item":"https:\/\/paracherkaoui.ma\/"},{"@type":"ListItem","position":2,"name":"Boutique","item":"https:\/\/paracherkaoui.ma\/index.php\/boutique\/"},{"@type":"ListItem","position":3,"name":"DERMEDIC SUNBRELLA ECRAN SPF50+ PSN 50ML"}]},{"@type":"WebSite","@id":"https:\/\/paracherkaoui.ma\/#website","url":"https:\/\/paracherkaoui.ma\/","name":"Paracherkaoui.ma","description":"Achetez en ligne sur Paracherkaoui.ma","potentialAction":[{"@type":"SearchAction","target":{"@type":"EntryPoint","urlTemplate":"https:\/\/paracherkaoui.ma\/?s={search_term_string}"},"query-input":{"@type":"PropertyValueSpecification","valueRequired":true,"valueName":"search_term_string"}}],"inLanguage":"fr-FR"}]}},"_links":{"self":[{"href":"https:\/\/paracherkaoui.ma\/index.php\/wp-json\/wp\/v2\/product\/37649","targetHints":{"allow":["GET"]}}],"collection":[{"href":"https:\/\/paracherkaoui.ma\/index.php\/wp-json\/wp\/v2\/product"}],"about":[{"href":"https:\/\/paracherkaoui.ma\/index.php\/wp-json\/wp\/v2\/types\/product"}],"replies":[{"embeddable":true,"href":"https:\/\/paracherkaoui.ma\/index.php\/wp-json\/wp\/v2\/comments?post=37649"}],"version-history":[{"count":1,"href":"https:\/\/paracherkaoui.ma\/index.php\/wp-json\/wp\/v2\/product\/37649\/revisions"}],"predecessor-version":[{"id":37697,"href":"https:\/\/paracherkaoui.ma\/index.php\/wp-json\/wp\/v2\/product\/37649\/revisions\/37697"}],"wp:featuredmedia":[{"embeddable":true,"href":"https:\/\/paracherkaoui.ma\/index.php\/wp-json\/wp\/v2\/media\/37696"}],"wp:attachment":[{"href":"https:\/\/paracherkaoui.ma\/index.php\/wp-json\/wp\/v2\/media?parent=37649"}],"wp:term":[{"taxonomy":"product_brand","embeddable":true,"href":"https:\/\/paracherkaoui.ma\/index.php\/wp-json\/wp\/v2\/product_brand?post=37649"},{"taxonomy":"product_cat","embeddable":true,"href":"https:\/\/paracherkaoui.ma\/index.php\/wp-json\/wp\/v2\/product_cat?post=37649"},{"taxonomy":"product_tag","embeddable":true,"href":"https:\/\/paracherkaoui.ma\/index.php\/wp-json\/wp\/v2\/product_tag?post=37649"}],"curies":[{"name":"wp","href":"https:\/\/api.w.org\/{rel}","templated":true}]}}