{"id":37647,"date":"2025-12-12T18:58:30","date_gmt":"2025-12-12T17:58:30","guid":{"rendered":"https:\/\/test.ecbeaute.com\/?post_type=product&#038;p=37647"},"modified":"2025-12-12T18:58:35","modified_gmt":"2025-12-12T17:58:35","slug":"naturalia-ecran-solaire-spf-50-teintee-50-ml","status":"publish","type":"product","link":"https:\/\/paracherkaoui.ma\/index.php\/produit\/naturalia-ecran-solaire-spf-50-teintee-50-ml\/","title":{"rendered":"NATURALIA ECRAN SOLAIRE SPF 50+ TEINTEE 50 ML"},"content":{"rendered":"<p>description:<\/p>\n<p>Naturalia cr\u00e8me solaire invisible assure une protection extr\u00eame contre les rayonnements solaires UVA-UVB et IR gr\u00e2ce \u00e0 sa teneur en filtres solaires hautement tol\u00e9r\u00e9s, comme le Tinosorb M (filtre organique photo stable). En prot\u00e8geant la peau des rayonnements solaires, la cr\u00e8me solaire invisible naturalia \u00e9vite le photo-vieillissement de la peau et les alt\u00e9rations de la pigmentation cutan\u00e9e.<br \/>\nLa cr\u00e8me solaire invisible naturalia renferme \u00e9galement dans sa formule de la vitamine E et des polyph\u00e9nols de raisin, qui sont des antioxydants luttant contre les radicaux libres assurant ainsi un effet anti-rides.<br \/>\nLa cr\u00e8me solaire teint\u00e9 naturalia est recommand\u00e9e en cas d\u2019exposition intense au soleil, pendant la grossesse, et lors de l\u2019utilisation des m\u00e9dicaments photosensibilisants. En cas d\u2019exposition prolong\u00e9e au soleil, il est conseill\u00e9 de renouveler l\u2019application de la cr\u00e9me solaire invisible toutes les deux heures. La cr\u00e8me solaire invisible naturalia convient \u00e0 tous types de peaux.<br \/>\nPr\u00e9sentation. Tube de 50ml.<\/p>\n","protected":false},"excerpt":{"rendered":"<p>description: Naturalia cr\u00e8me solaire invisible assure une protection extr\u00eame contre les rayonnements solaires UVA-UVB et IR gr\u00e2ce \u00e0 sa teneur<\/p>\n","protected":false},"featured_media":37693,"comment_status":"open","ping_status":"closed","template":"","meta":[],"product_brand":[289],"product_cat":[666],"product_tag":[],"class_list":{"0":"post-37647","1":"product","2":"type-product","3":"status-publish","4":"has-post-thumbnail","6":"product_brand-naturalia","7":"product_cat-cremes-solaires","9":"first","10":"instock","11":"sale","12":"shipping-taxable","13":"purchasable","14":"product-type-simple"},"yoast_head":"<!-- This site is optimized with the Yoast SEO plugin v26.6 - https:\/\/yoast.com\/wordpress\/plugins\/seo\/ -->\r\n<title>NATURALIA ECRAN SOLAIRE SPF 50+ TEINTEE 50 ML - Paracherkaoui.ma<\/title>\r\n<meta name=\"robots\" content=\"index, follow, max-snippet:-1, max-image-preview:large, max-video-preview:-1\" \/>\r\n<link rel=\"canonical\" href=\"https:\/\/paracherkaoui.ma\/index.php\/produit\/naturalia-ecran-solaire-spf-50-teintee-50-ml\/\" \/>\r\n<meta property=\"og:locale\" content=\"fr_FR\" \/>\r\n<meta property=\"og:type\" content=\"article\" \/>\r\n<meta property=\"og:title\" content=\"NATURALIA ECRAN SOLAIRE SPF 50+ TEINTEE 50 ML - Paracherkaoui.ma\" \/>\r\n<meta property=\"og:description\" content=\"description: Naturalia cr\u00e8me solaire invisible assure une protection extr\u00eame contre les rayonnements solaires UVA-UVB et IR gr\u00e2ce \u00e0 sa teneur\" \/>\r\n<meta property=\"og:url\" content=\"https:\/\/paracherkaoui.ma\/index.php\/produit\/naturalia-ecran-solaire-spf-50-teintee-50-ml\/\" \/>\r\n<meta property=\"og:site_name\" content=\"Paracherkaoui.ma\" \/>\r\n<meta property=\"article:modified_time\" content=\"2025-12-12T17:58:35+00:00\" \/>\r\n<meta property=\"og:image\" content=\"https:\/\/paracherkaoui.ma\/wp-content\/uploads\/2025\/12\/naturalia-naturalia-ecran-solaire-spf-50-teintee-50-ml-cremes-solaires.jpg\" \/>\r\n\t<meta property=\"og:image:width\" content=\"700\" \/>\r\n\t<meta property=\"og:image:height\" content=\"700\" \/>\r\n\t<meta property=\"og:image:type\" content=\"image\/jpeg\" \/>\r\n<meta name=\"twitter:card\" content=\"summary_large_image\" \/>\r\n<meta name=\"twitter:label1\" content=\"Dur\u00e9e de lecture estim\u00e9e\" \/>\n\t<meta name=\"twitter:data1\" content=\"1 minute\" \/>\r\n<script type=\"application\/ld+json\" class=\"yoast-schema-graph\">{\"@context\":\"https:\/\/schema.org\",\"@graph\":[{\"@type\":\"WebPage\",\"@id\":\"https:\/\/paracherkaoui.ma\/index.php\/produit\/naturalia-ecran-solaire-spf-50-teintee-50-ml\/\",\"url\":\"https:\/\/paracherkaoui.ma\/index.php\/produit\/naturalia-ecran-solaire-spf-50-teintee-50-ml\/\",\"name\":\"NATURALIA ECRAN SOLAIRE SPF 50+ TEINTEE 50 ML - Paracherkaoui.ma\",\"isPartOf\":{\"@id\":\"https:\/\/paracherkaoui.ma\/#website\"},\"primaryImageOfPage\":{\"@id\":\"https:\/\/paracherkaoui.ma\/index.php\/produit\/naturalia-ecran-solaire-spf-50-teintee-50-ml\/#primaryimage\"},\"image\":{\"@id\":\"https:\/\/paracherkaoui.ma\/index.php\/produit\/naturalia-ecran-solaire-spf-50-teintee-50-ml\/#primaryimage\"},\"thumbnailUrl\":\"https:\/\/paracherkaoui.ma\/wp-content\/uploads\/2025\/12\/naturalia-naturalia-ecran-solaire-spf-50-teintee-50-ml-cremes-solaires.jpg\",\"datePublished\":\"2025-12-12T17:58:30+00:00\",\"dateModified\":\"2025-12-12T17:58:35+00:00\",\"breadcrumb\":{\"@id\":\"https:\/\/paracherkaoui.ma\/index.php\/produit\/naturalia-ecran-solaire-spf-50-teintee-50-ml\/#breadcrumb\"},\"inLanguage\":\"fr-FR\",\"potentialAction\":[{\"@type\":\"ReadAction\",\"target\":[\"https:\/\/paracherkaoui.ma\/index.php\/produit\/naturalia-ecran-solaire-spf-50-teintee-50-ml\/\"]}]},{\"@type\":\"ImageObject\",\"inLanguage\":\"fr-FR\",\"@id\":\"https:\/\/paracherkaoui.ma\/index.php\/produit\/naturalia-ecran-solaire-spf-50-teintee-50-ml\/#primaryimage\",\"url\":\"https:\/\/paracherkaoui.ma\/wp-content\/uploads\/2025\/12\/naturalia-naturalia-ecran-solaire-spf-50-teintee-50-ml-cremes-solaires.jpg\",\"contentUrl\":\"https:\/\/paracherkaoui.ma\/wp-content\/uploads\/2025\/12\/naturalia-naturalia-ecran-solaire-spf-50-teintee-50-ml-cremes-solaires.jpg\",\"width\":700,\"height\":700},{\"@type\":\"BreadcrumbList\",\"@id\":\"https:\/\/paracherkaoui.ma\/index.php\/produit\/naturalia-ecran-solaire-spf-50-teintee-50-ml\/#breadcrumb\",\"itemListElement\":[{\"@type\":\"ListItem\",\"position\":1,\"name\":\"Accueil\",\"item\":\"https:\/\/paracherkaoui.ma\/\"},{\"@type\":\"ListItem\",\"position\":2,\"name\":\"Boutique\",\"item\":\"https:\/\/paracherkaoui.ma\/index.php\/boutique\/\"},{\"@type\":\"ListItem\",\"position\":3,\"name\":\"NATURALIA ECRAN SOLAIRE SPF 50+ TEINTEE 50 ML\"}]},{\"@type\":\"WebSite\",\"@id\":\"https:\/\/paracherkaoui.ma\/#website\",\"url\":\"https:\/\/paracherkaoui.ma\/\",\"name\":\"Paracherkaoui.ma\",\"description\":\"Achetez en ligne sur Paracherkaoui.ma\",\"potentialAction\":[{\"@type\":\"SearchAction\",\"target\":{\"@type\":\"EntryPoint\",\"urlTemplate\":\"https:\/\/paracherkaoui.ma\/?s={search_term_string}\"},\"query-input\":{\"@type\":\"PropertyValueSpecification\",\"valueRequired\":true,\"valueName\":\"search_term_string\"}}],\"inLanguage\":\"fr-FR\"}]}<\/script>\r\n<!-- \/ Yoast SEO plugin. -->","yoast_head_json":{"title":"NATURALIA ECRAN SOLAIRE SPF 50+ TEINTEE 50 ML - Paracherkaoui.ma","robots":{"index":"index","follow":"follow","max-snippet":"max-snippet:-1","max-image-preview":"max-image-preview:large","max-video-preview":"max-video-preview:-1"},"canonical":"https:\/\/paracherkaoui.ma\/index.php\/produit\/naturalia-ecran-solaire-spf-50-teintee-50-ml\/","og_locale":"fr_FR","og_type":"article","og_title":"NATURALIA ECRAN SOLAIRE SPF 50+ TEINTEE 50 ML - Paracherkaoui.ma","og_description":"description: Naturalia cr\u00e8me solaire invisible assure une protection extr\u00eame contre les rayonnements solaires UVA-UVB et IR gr\u00e2ce \u00e0 sa teneur","og_url":"https:\/\/paracherkaoui.ma\/index.php\/produit\/naturalia-ecran-solaire-spf-50-teintee-50-ml\/","og_site_name":"Paracherkaoui.ma","article_modified_time":"2025-12-12T17:58:35+00:00","og_image":[{"width":700,"height":700,"url":"https:\/\/paracherkaoui.ma\/wp-content\/uploads\/2025\/12\/naturalia-naturalia-ecran-solaire-spf-50-teintee-50-ml-cremes-solaires.jpg","type":"image\/jpeg"}],"twitter_card":"summary_large_image","twitter_misc":{"Dur\u00e9e de lecture estim\u00e9e":"1 minute"},"schema":{"@context":"https:\/\/schema.org","@graph":[{"@type":"WebPage","@id":"https:\/\/paracherkaoui.ma\/index.php\/produit\/naturalia-ecran-solaire-spf-50-teintee-50-ml\/","url":"https:\/\/paracherkaoui.ma\/index.php\/produit\/naturalia-ecran-solaire-spf-50-teintee-50-ml\/","name":"NATURALIA ECRAN SOLAIRE SPF 50+ TEINTEE 50 ML - Paracherkaoui.ma","isPartOf":{"@id":"https:\/\/paracherkaoui.ma\/#website"},"primaryImageOfPage":{"@id":"https:\/\/paracherkaoui.ma\/index.php\/produit\/naturalia-ecran-solaire-spf-50-teintee-50-ml\/#primaryimage"},"image":{"@id":"https:\/\/paracherkaoui.ma\/index.php\/produit\/naturalia-ecran-solaire-spf-50-teintee-50-ml\/#primaryimage"},"thumbnailUrl":"https:\/\/paracherkaoui.ma\/wp-content\/uploads\/2025\/12\/naturalia-naturalia-ecran-solaire-spf-50-teintee-50-ml-cremes-solaires.jpg","datePublished":"2025-12-12T17:58:30+00:00","dateModified":"2025-12-12T17:58:35+00:00","breadcrumb":{"@id":"https:\/\/paracherkaoui.ma\/index.php\/produit\/naturalia-ecran-solaire-spf-50-teintee-50-ml\/#breadcrumb"},"inLanguage":"fr-FR","potentialAction":[{"@type":"ReadAction","target":["https:\/\/paracherkaoui.ma\/index.php\/produit\/naturalia-ecran-solaire-spf-50-teintee-50-ml\/"]}]},{"@type":"ImageObject","inLanguage":"fr-FR","@id":"https:\/\/paracherkaoui.ma\/index.php\/produit\/naturalia-ecran-solaire-spf-50-teintee-50-ml\/#primaryimage","url":"https:\/\/paracherkaoui.ma\/wp-content\/uploads\/2025\/12\/naturalia-naturalia-ecran-solaire-spf-50-teintee-50-ml-cremes-solaires.jpg","contentUrl":"https:\/\/paracherkaoui.ma\/wp-content\/uploads\/2025\/12\/naturalia-naturalia-ecran-solaire-spf-50-teintee-50-ml-cremes-solaires.jpg","width":700,"height":700},{"@type":"BreadcrumbList","@id":"https:\/\/paracherkaoui.ma\/index.php\/produit\/naturalia-ecran-solaire-spf-50-teintee-50-ml\/#breadcrumb","itemListElement":[{"@type":"ListItem","position":1,"name":"Accueil","item":"https:\/\/paracherkaoui.ma\/"},{"@type":"ListItem","position":2,"name":"Boutique","item":"https:\/\/paracherkaoui.ma\/index.php\/boutique\/"},{"@type":"ListItem","position":3,"name":"NATURALIA ECRAN SOLAIRE SPF 50+ TEINTEE 50 ML"}]},{"@type":"WebSite","@id":"https:\/\/paracherkaoui.ma\/#website","url":"https:\/\/paracherkaoui.ma\/","name":"Paracherkaoui.ma","description":"Achetez en ligne sur Paracherkaoui.ma","potentialAction":[{"@type":"SearchAction","target":{"@type":"EntryPoint","urlTemplate":"https:\/\/paracherkaoui.ma\/?s={search_term_string}"},"query-input":{"@type":"PropertyValueSpecification","valueRequired":true,"valueName":"search_term_string"}}],"inLanguage":"fr-FR"}]}},"_links":{"self":[{"href":"https:\/\/paracherkaoui.ma\/index.php\/wp-json\/wp\/v2\/product\/37647","targetHints":{"allow":["GET"]}}],"collection":[{"href":"https:\/\/paracherkaoui.ma\/index.php\/wp-json\/wp\/v2\/product"}],"about":[{"href":"https:\/\/paracherkaoui.ma\/index.php\/wp-json\/wp\/v2\/types\/product"}],"replies":[{"embeddable":true,"href":"https:\/\/paracherkaoui.ma\/index.php\/wp-json\/wp\/v2\/comments?post=37647"}],"version-history":[{"count":1,"href":"https:\/\/paracherkaoui.ma\/index.php\/wp-json\/wp\/v2\/product\/37647\/revisions"}],"predecessor-version":[{"id":37694,"href":"https:\/\/paracherkaoui.ma\/index.php\/wp-json\/wp\/v2\/product\/37647\/revisions\/37694"}],"wp:featuredmedia":[{"embeddable":true,"href":"https:\/\/paracherkaoui.ma\/index.php\/wp-json\/wp\/v2\/media\/37693"}],"wp:attachment":[{"href":"https:\/\/paracherkaoui.ma\/index.php\/wp-json\/wp\/v2\/media?parent=37647"}],"wp:term":[{"taxonomy":"product_brand","embeddable":true,"href":"https:\/\/paracherkaoui.ma\/index.php\/wp-json\/wp\/v2\/product_brand?post=37647"},{"taxonomy":"product_cat","embeddable":true,"href":"https:\/\/paracherkaoui.ma\/index.php\/wp-json\/wp\/v2\/product_cat?post=37647"},{"taxonomy":"product_tag","embeddable":true,"href":"https:\/\/paracherkaoui.ma\/index.php\/wp-json\/wp\/v2\/product_tag?post=37647"}],"curies":[{"name":"wp","href":"https:\/\/api.w.org\/{rel}","templated":true}]}}