{"id":37643,"date":"2025-12-12T18:58:30","date_gmt":"2025-12-12T17:58:30","guid":{"rendered":"https:\/\/test.ecbeaute.com\/?post_type=product&#038;p=37643"},"modified":"2025-12-12T18:58:34","modified_gmt":"2025-12-12T17:58:34","slug":"capiderma-capisun-ecren-solaire-a-photoprotection-extreme-invisible-spf-50-50ml","status":"publish","type":"product","link":"https:\/\/paracherkaoui.ma\/index.php\/produit\/capiderma-capisun-ecren-solaire-a-photoprotection-extreme-invisible-spf-50-50ml\/","title":{"rendered":"CAPIDERMA CAPISUN ECREN SOLAIRE A PHOTOPROTECTION EXTREME INVISIBLE SPF 50+ 50ml"},"content":{"rendered":"<p>DESCRIPTION :<br \/>\nLa cr\u00e8me CAPISUN\u00ae fournie une protection extr\u00eame et efficace en pr\u00e9vention des dommages cutan\u00e9s caus\u00e9s par les coups de soleil. Sa composition unique non-irritante et utilisant la technologie \u00e0 base d\u2019ol\u00e9osomes procure une amplification in\u00e9gal\u00e9e en\u00a0 SPF \u00e0 large spectre contre les rayons UVA et UVB.<br \/>\nCr\u00e8me invisible \u00e0 effet hydratant et absorption imm\u00e9diate pour tous types de peaux.<br \/>\nAvantages<br \/>\nTexture riche et invisible, sans traces blanches.<br \/>\nAbsorption imm\u00e9diate avec effet hydratant.<br \/>\nTechnologie innovatrice \u00e0 base d\u2019ol\u00e9osomes offrant une protection optimale \u00e0 large spectre.<br \/>\nSans parab\u00e8nes, sans parfum et pour tous types de peaux.<br \/>\nR\u00e9siste \u00e0 l\u2019eau.<br \/>\nCONSEILS D&rsquo;UTILISATION :<br \/>\nAppliquer g\u00e9n\u00e9reusement et uniform\u00e9ment\u00a0 avant chaque exposition. Renouveler l\u2019application apr\u00e8s chaque bain ou effort physique.<\/p>\n","protected":false},"excerpt":{"rendered":"<p>DESCRIPTION : La cr\u00e8me CAPISUN\u00ae fournie une protection extr\u00eame et efficace en pr\u00e9vention des dommages cutan\u00e9s caus\u00e9s par les coups<\/p>\n","protected":false},"featured_media":37687,"comment_status":"open","ping_status":"closed","template":"","meta":[],"product_brand":[247],"product_cat":[666],"product_tag":[],"class_list":{"0":"post-37643","1":"product","2":"type-product","3":"status-publish","4":"has-post-thumbnail","6":"product_brand-capiderma","7":"product_cat-cremes-solaires","9":"first","10":"instock","11":"sale","12":"shipping-taxable","13":"purchasable","14":"product-type-simple"},"yoast_head":"<!-- This site is optimized with the Yoast SEO plugin v26.6 - https:\/\/yoast.com\/wordpress\/plugins\/seo\/ -->\r\n<title>CAPIDERMA CAPISUN ECREN SOLAIRE A PHOTOPROTECTION EXTREME INVISIBLE SPF 50+ 50ml - Paracherkaoui.ma<\/title>\r\n<meta name=\"robots\" content=\"index, follow, max-snippet:-1, max-image-preview:large, max-video-preview:-1\" \/>\r\n<link rel=\"canonical\" href=\"https:\/\/paracherkaoui.ma\/index.php\/produit\/capiderma-capisun-ecren-solaire-a-photoprotection-extreme-invisible-spf-50-50ml\/\" \/>\r\n<meta property=\"og:locale\" content=\"fr_FR\" \/>\r\n<meta property=\"og:type\" content=\"article\" \/>\r\n<meta property=\"og:title\" content=\"CAPIDERMA CAPISUN ECREN SOLAIRE A PHOTOPROTECTION EXTREME INVISIBLE SPF 50+ 50ml - Paracherkaoui.ma\" \/>\r\n<meta property=\"og:description\" content=\"DESCRIPTION : La cr\u00e8me CAPISUN\u00ae fournie une protection extr\u00eame et efficace en pr\u00e9vention des dommages cutan\u00e9s caus\u00e9s par les coups\" \/>\r\n<meta property=\"og:url\" content=\"https:\/\/paracherkaoui.ma\/index.php\/produit\/capiderma-capisun-ecren-solaire-a-photoprotection-extreme-invisible-spf-50-50ml\/\" \/>\r\n<meta property=\"og:site_name\" content=\"Paracherkaoui.ma\" \/>\r\n<meta property=\"article:modified_time\" content=\"2025-12-12T17:58:34+00:00\" \/>\r\n<meta property=\"og:image\" content=\"https:\/\/paracherkaoui.ma\/wp-content\/uploads\/2025\/12\/capiderma-capisun-ecren-solaire-a-photoprotection-extreme-invisible-spf-50-50ml.jpg\" \/>\r\n\t<meta property=\"og:image:width\" content=\"700\" \/>\r\n\t<meta property=\"og:image:height\" content=\"700\" \/>\r\n\t<meta property=\"og:image:type\" content=\"image\/jpeg\" \/>\r\n<meta name=\"twitter:card\" content=\"summary_large_image\" \/>\r\n<meta name=\"twitter:label1\" content=\"Dur\u00e9e de lecture estim\u00e9e\" \/>\n\t<meta name=\"twitter:data1\" content=\"1 minute\" \/>\r\n<script type=\"application\/ld+json\" class=\"yoast-schema-graph\">{\"@context\":\"https:\/\/schema.org\",\"@graph\":[{\"@type\":\"WebPage\",\"@id\":\"https:\/\/paracherkaoui.ma\/index.php\/produit\/capiderma-capisun-ecren-solaire-a-photoprotection-extreme-invisible-spf-50-50ml\/\",\"url\":\"https:\/\/paracherkaoui.ma\/index.php\/produit\/capiderma-capisun-ecren-solaire-a-photoprotection-extreme-invisible-spf-50-50ml\/\",\"name\":\"CAPIDERMA CAPISUN ECREN SOLAIRE A PHOTOPROTECTION EXTREME INVISIBLE SPF 50+ 50ml - Paracherkaoui.ma\",\"isPartOf\":{\"@id\":\"https:\/\/paracherkaoui.ma\/#website\"},\"primaryImageOfPage\":{\"@id\":\"https:\/\/paracherkaoui.ma\/index.php\/produit\/capiderma-capisun-ecren-solaire-a-photoprotection-extreme-invisible-spf-50-50ml\/#primaryimage\"},\"image\":{\"@id\":\"https:\/\/paracherkaoui.ma\/index.php\/produit\/capiderma-capisun-ecren-solaire-a-photoprotection-extreme-invisible-spf-50-50ml\/#primaryimage\"},\"thumbnailUrl\":\"https:\/\/paracherkaoui.ma\/wp-content\/uploads\/2025\/12\/capiderma-capisun-ecren-solaire-a-photoprotection-extreme-invisible-spf-50-50ml.jpg\",\"datePublished\":\"2025-12-12T17:58:30+00:00\",\"dateModified\":\"2025-12-12T17:58:34+00:00\",\"breadcrumb\":{\"@id\":\"https:\/\/paracherkaoui.ma\/index.php\/produit\/capiderma-capisun-ecren-solaire-a-photoprotection-extreme-invisible-spf-50-50ml\/#breadcrumb\"},\"inLanguage\":\"fr-FR\",\"potentialAction\":[{\"@type\":\"ReadAction\",\"target\":[\"https:\/\/paracherkaoui.ma\/index.php\/produit\/capiderma-capisun-ecren-solaire-a-photoprotection-extreme-invisible-spf-50-50ml\/\"]}]},{\"@type\":\"ImageObject\",\"inLanguage\":\"fr-FR\",\"@id\":\"https:\/\/paracherkaoui.ma\/index.php\/produit\/capiderma-capisun-ecren-solaire-a-photoprotection-extreme-invisible-spf-50-50ml\/#primaryimage\",\"url\":\"https:\/\/paracherkaoui.ma\/wp-content\/uploads\/2025\/12\/capiderma-capisun-ecren-solaire-a-photoprotection-extreme-invisible-spf-50-50ml.jpg\",\"contentUrl\":\"https:\/\/paracherkaoui.ma\/wp-content\/uploads\/2025\/12\/capiderma-capisun-ecren-solaire-a-photoprotection-extreme-invisible-spf-50-50ml.jpg\",\"width\":700,\"height\":700},{\"@type\":\"BreadcrumbList\",\"@id\":\"https:\/\/paracherkaoui.ma\/index.php\/produit\/capiderma-capisun-ecren-solaire-a-photoprotection-extreme-invisible-spf-50-50ml\/#breadcrumb\",\"itemListElement\":[{\"@type\":\"ListItem\",\"position\":1,\"name\":\"Accueil\",\"item\":\"https:\/\/paracherkaoui.ma\/\"},{\"@type\":\"ListItem\",\"position\":2,\"name\":\"Boutique\",\"item\":\"https:\/\/paracherkaoui.ma\/index.php\/boutique\/\"},{\"@type\":\"ListItem\",\"position\":3,\"name\":\"CAPIDERMA CAPISUN ECREN SOLAIRE A PHOTOPROTECTION EXTREME INVISIBLE SPF 50+ 50ml\"}]},{\"@type\":\"WebSite\",\"@id\":\"https:\/\/paracherkaoui.ma\/#website\",\"url\":\"https:\/\/paracherkaoui.ma\/\",\"name\":\"Paracherkaoui.ma\",\"description\":\"Achetez en ligne sur Paracherkaoui.ma\",\"potentialAction\":[{\"@type\":\"SearchAction\",\"target\":{\"@type\":\"EntryPoint\",\"urlTemplate\":\"https:\/\/paracherkaoui.ma\/?s={search_term_string}\"},\"query-input\":{\"@type\":\"PropertyValueSpecification\",\"valueRequired\":true,\"valueName\":\"search_term_string\"}}],\"inLanguage\":\"fr-FR\"}]}<\/script>\r\n<!-- \/ Yoast SEO plugin. -->","yoast_head_json":{"title":"CAPIDERMA CAPISUN ECREN SOLAIRE A PHOTOPROTECTION EXTREME INVISIBLE SPF 50+ 50ml - Paracherkaoui.ma","robots":{"index":"index","follow":"follow","max-snippet":"max-snippet:-1","max-image-preview":"max-image-preview:large","max-video-preview":"max-video-preview:-1"},"canonical":"https:\/\/paracherkaoui.ma\/index.php\/produit\/capiderma-capisun-ecren-solaire-a-photoprotection-extreme-invisible-spf-50-50ml\/","og_locale":"fr_FR","og_type":"article","og_title":"CAPIDERMA CAPISUN ECREN SOLAIRE A PHOTOPROTECTION EXTREME INVISIBLE SPF 50+ 50ml - Paracherkaoui.ma","og_description":"DESCRIPTION : La cr\u00e8me CAPISUN\u00ae fournie une protection extr\u00eame et efficace en pr\u00e9vention des dommages cutan\u00e9s caus\u00e9s par les coups","og_url":"https:\/\/paracherkaoui.ma\/index.php\/produit\/capiderma-capisun-ecren-solaire-a-photoprotection-extreme-invisible-spf-50-50ml\/","og_site_name":"Paracherkaoui.ma","article_modified_time":"2025-12-12T17:58:34+00:00","og_image":[{"width":700,"height":700,"url":"https:\/\/paracherkaoui.ma\/wp-content\/uploads\/2025\/12\/capiderma-capisun-ecren-solaire-a-photoprotection-extreme-invisible-spf-50-50ml.jpg","type":"image\/jpeg"}],"twitter_card":"summary_large_image","twitter_misc":{"Dur\u00e9e de lecture estim\u00e9e":"1 minute"},"schema":{"@context":"https:\/\/schema.org","@graph":[{"@type":"WebPage","@id":"https:\/\/paracherkaoui.ma\/index.php\/produit\/capiderma-capisun-ecren-solaire-a-photoprotection-extreme-invisible-spf-50-50ml\/","url":"https:\/\/paracherkaoui.ma\/index.php\/produit\/capiderma-capisun-ecren-solaire-a-photoprotection-extreme-invisible-spf-50-50ml\/","name":"CAPIDERMA CAPISUN ECREN SOLAIRE A PHOTOPROTECTION EXTREME INVISIBLE SPF 50+ 50ml - Paracherkaoui.ma","isPartOf":{"@id":"https:\/\/paracherkaoui.ma\/#website"},"primaryImageOfPage":{"@id":"https:\/\/paracherkaoui.ma\/index.php\/produit\/capiderma-capisun-ecren-solaire-a-photoprotection-extreme-invisible-spf-50-50ml\/#primaryimage"},"image":{"@id":"https:\/\/paracherkaoui.ma\/index.php\/produit\/capiderma-capisun-ecren-solaire-a-photoprotection-extreme-invisible-spf-50-50ml\/#primaryimage"},"thumbnailUrl":"https:\/\/paracherkaoui.ma\/wp-content\/uploads\/2025\/12\/capiderma-capisun-ecren-solaire-a-photoprotection-extreme-invisible-spf-50-50ml.jpg","datePublished":"2025-12-12T17:58:30+00:00","dateModified":"2025-12-12T17:58:34+00:00","breadcrumb":{"@id":"https:\/\/paracherkaoui.ma\/index.php\/produit\/capiderma-capisun-ecren-solaire-a-photoprotection-extreme-invisible-spf-50-50ml\/#breadcrumb"},"inLanguage":"fr-FR","potentialAction":[{"@type":"ReadAction","target":["https:\/\/paracherkaoui.ma\/index.php\/produit\/capiderma-capisun-ecren-solaire-a-photoprotection-extreme-invisible-spf-50-50ml\/"]}]},{"@type":"ImageObject","inLanguage":"fr-FR","@id":"https:\/\/paracherkaoui.ma\/index.php\/produit\/capiderma-capisun-ecren-solaire-a-photoprotection-extreme-invisible-spf-50-50ml\/#primaryimage","url":"https:\/\/paracherkaoui.ma\/wp-content\/uploads\/2025\/12\/capiderma-capisun-ecren-solaire-a-photoprotection-extreme-invisible-spf-50-50ml.jpg","contentUrl":"https:\/\/paracherkaoui.ma\/wp-content\/uploads\/2025\/12\/capiderma-capisun-ecren-solaire-a-photoprotection-extreme-invisible-spf-50-50ml.jpg","width":700,"height":700},{"@type":"BreadcrumbList","@id":"https:\/\/paracherkaoui.ma\/index.php\/produit\/capiderma-capisun-ecren-solaire-a-photoprotection-extreme-invisible-spf-50-50ml\/#breadcrumb","itemListElement":[{"@type":"ListItem","position":1,"name":"Accueil","item":"https:\/\/paracherkaoui.ma\/"},{"@type":"ListItem","position":2,"name":"Boutique","item":"https:\/\/paracherkaoui.ma\/index.php\/boutique\/"},{"@type":"ListItem","position":3,"name":"CAPIDERMA CAPISUN ECREN SOLAIRE A PHOTOPROTECTION EXTREME INVISIBLE SPF 50+ 50ml"}]},{"@type":"WebSite","@id":"https:\/\/paracherkaoui.ma\/#website","url":"https:\/\/paracherkaoui.ma\/","name":"Paracherkaoui.ma","description":"Achetez en ligne sur Paracherkaoui.ma","potentialAction":[{"@type":"SearchAction","target":{"@type":"EntryPoint","urlTemplate":"https:\/\/paracherkaoui.ma\/?s={search_term_string}"},"query-input":{"@type":"PropertyValueSpecification","valueRequired":true,"valueName":"search_term_string"}}],"inLanguage":"fr-FR"}]}},"_links":{"self":[{"href":"https:\/\/paracherkaoui.ma\/index.php\/wp-json\/wp\/v2\/product\/37643","targetHints":{"allow":["GET"]}}],"collection":[{"href":"https:\/\/paracherkaoui.ma\/index.php\/wp-json\/wp\/v2\/product"}],"about":[{"href":"https:\/\/paracherkaoui.ma\/index.php\/wp-json\/wp\/v2\/types\/product"}],"replies":[{"embeddable":true,"href":"https:\/\/paracherkaoui.ma\/index.php\/wp-json\/wp\/v2\/comments?post=37643"}],"version-history":[{"count":1,"href":"https:\/\/paracherkaoui.ma\/index.php\/wp-json\/wp\/v2\/product\/37643\/revisions"}],"predecessor-version":[{"id":37688,"href":"https:\/\/paracherkaoui.ma\/index.php\/wp-json\/wp\/v2\/product\/37643\/revisions\/37688"}],"wp:featuredmedia":[{"embeddable":true,"href":"https:\/\/paracherkaoui.ma\/index.php\/wp-json\/wp\/v2\/media\/37687"}],"wp:attachment":[{"href":"https:\/\/paracherkaoui.ma\/index.php\/wp-json\/wp\/v2\/media?parent=37643"}],"wp:term":[{"taxonomy":"product_brand","embeddable":true,"href":"https:\/\/paracherkaoui.ma\/index.php\/wp-json\/wp\/v2\/product_brand?post=37643"},{"taxonomy":"product_cat","embeddable":true,"href":"https:\/\/paracherkaoui.ma\/index.php\/wp-json\/wp\/v2\/product_cat?post=37643"},{"taxonomy":"product_tag","embeddable":true,"href":"https:\/\/paracherkaoui.ma\/index.php\/wp-json\/wp\/v2\/product_tag?post=37643"}],"curies":[{"name":"wp","href":"https:\/\/api.w.org\/{rel}","templated":true}]}}