{"id":37639,"date":"2025-12-12T18:58:30","date_gmt":"2025-12-12T17:58:30","guid":{"rendered":"https:\/\/test.ecbeaute.com\/?post_type=product&#038;p=37639"},"modified":"2025-12-12T18:58:33","modified_gmt":"2025-12-12T17:58:33","slug":"ducray-keracnyl-uv-fluide-anti-imperfections-50ml-3","status":"publish","type":"product","link":"https:\/\/paracherkaoui.ma\/index.php\/produit\/ducray-keracnyl-uv-fluide-anti-imperfections-50ml-3\/","title":{"rendered":"DUCRAY KERACNYL UV FLUIDE ANTI IMPERFECTIONS 50ML"},"content":{"rendered":"<p>Keracnyl UV Fluide Anti imperfections est un soin 2 en 1 : protecteur UV et anti-imperfections \u00e0 base de l\u2019innovation Myrtacyne brevet\u00e9e, de c\u00e9lastrol et de filtres UVA\/UVB brevet\u00e9s. Les 2 actifs d\u2019origine naturelle : myrtacine et c\u00e9lastrol vont corriger les imperfections et les \u00e9liminer. Les filtres UVA\/UVB brevet\u00e9s vont prot\u00e9ger la peau du soleil par son indice SPF50+. Sa texture laisse sur la peau un fini mat et un toucher sec sans brillance ni traces blanches. R\u00e9sistante \u00e0 l\u2019eau et \u00e0 la transpiration. Bonne base de maquillage. Test\u00e9 sous contr\u00f4le dermatologique<\/p>\n","protected":false},"excerpt":{"rendered":"<p>Keracnyl UV Fluide Anti imperfections est un soin 2 en 1 : protecteur UV et anti-imperfections \u00e0 base de l\u2019innovation<\/p>\n","protected":false},"featured_media":11805,"comment_status":"open","ping_status":"closed","template":"","meta":[],"product_brand":[138],"product_cat":[666],"product_tag":[],"class_list":{"0":"post-37639","1":"product","2":"type-product","3":"status-publish","4":"has-post-thumbnail","6":"product_brand-ducray","7":"product_cat-cremes-solaires","9":"first","10":"instock","11":"sale","12":"shipping-taxable","13":"purchasable","14":"product-type-simple"},"yoast_head":"<!-- This site is optimized with the Yoast SEO plugin v26.6 - https:\/\/yoast.com\/wordpress\/plugins\/seo\/ -->\r\n<title>DUCRAY KERACNYL UV FLUIDE ANTI IMPERFECTIONS 50ML - Paracherkaoui.ma<\/title>\r\n<meta name=\"robots\" content=\"index, follow, max-snippet:-1, max-image-preview:large, max-video-preview:-1\" \/>\r\n<link rel=\"canonical\" href=\"https:\/\/paracherkaoui.ma\/index.php\/produit\/ducray-keracnyl-uv-fluide-anti-imperfections-50ml-3\/\" \/>\r\n<meta property=\"og:locale\" content=\"fr_FR\" \/>\r\n<meta property=\"og:type\" content=\"article\" \/>\r\n<meta property=\"og:title\" content=\"DUCRAY KERACNYL UV FLUIDE ANTI IMPERFECTIONS 50ML - Paracherkaoui.ma\" \/>\r\n<meta property=\"og:description\" content=\"Keracnyl UV Fluide Anti imperfections est un soin 2 en 1 : protecteur UV et anti-imperfections \u00e0 base de l\u2019innovation\" \/>\r\n<meta property=\"og:url\" content=\"https:\/\/paracherkaoui.ma\/index.php\/produit\/ducray-keracnyl-uv-fluide-anti-imperfections-50ml-3\/\" \/>\r\n<meta property=\"og:site_name\" content=\"Paracherkaoui.ma\" \/>\r\n<meta property=\"article:modified_time\" content=\"2025-12-12T17:58:33+00:00\" \/>\r\n<meta property=\"og:image\" content=\"https:\/\/paracherkaoui.ma\/wp-content\/uploads\/2025\/12\/ducray-ducray-keracnyl-uv-fluide-anti-imperfections-50ml-gels.jpg\" \/>\r\n\t<meta property=\"og:image:width\" content=\"700\" \/>\r\n\t<meta property=\"og:image:height\" content=\"700\" \/>\r\n\t<meta property=\"og:image:type\" content=\"image\/jpeg\" \/>\r\n<meta name=\"twitter:card\" content=\"summary_large_image\" \/>\r\n<script type=\"application\/ld+json\" class=\"yoast-schema-graph\">{\"@context\":\"https:\/\/schema.org\",\"@graph\":[{\"@type\":\"WebPage\",\"@id\":\"https:\/\/paracherkaoui.ma\/index.php\/produit\/ducray-keracnyl-uv-fluide-anti-imperfections-50ml-3\/\",\"url\":\"https:\/\/paracherkaoui.ma\/index.php\/produit\/ducray-keracnyl-uv-fluide-anti-imperfections-50ml-3\/\",\"name\":\"DUCRAY KERACNYL UV FLUIDE ANTI IMPERFECTIONS 50ML - Paracherkaoui.ma\",\"isPartOf\":{\"@id\":\"https:\/\/paracherkaoui.ma\/#website\"},\"primaryImageOfPage\":{\"@id\":\"https:\/\/paracherkaoui.ma\/index.php\/produit\/ducray-keracnyl-uv-fluide-anti-imperfections-50ml-3\/#primaryimage\"},\"image\":{\"@id\":\"https:\/\/paracherkaoui.ma\/index.php\/produit\/ducray-keracnyl-uv-fluide-anti-imperfections-50ml-3\/#primaryimage\"},\"thumbnailUrl\":\"https:\/\/paracherkaoui.ma\/wp-content\/uploads\/2025\/12\/ducray-ducray-keracnyl-uv-fluide-anti-imperfections-50ml-gels.jpg\",\"datePublished\":\"2025-12-12T17:58:30+00:00\",\"dateModified\":\"2025-12-12T17:58:33+00:00\",\"breadcrumb\":{\"@id\":\"https:\/\/paracherkaoui.ma\/index.php\/produit\/ducray-keracnyl-uv-fluide-anti-imperfections-50ml-3\/#breadcrumb\"},\"inLanguage\":\"fr-FR\",\"potentialAction\":[{\"@type\":\"ReadAction\",\"target\":[\"https:\/\/paracherkaoui.ma\/index.php\/produit\/ducray-keracnyl-uv-fluide-anti-imperfections-50ml-3\/\"]}]},{\"@type\":\"ImageObject\",\"inLanguage\":\"fr-FR\",\"@id\":\"https:\/\/paracherkaoui.ma\/index.php\/produit\/ducray-keracnyl-uv-fluide-anti-imperfections-50ml-3\/#primaryimage\",\"url\":\"https:\/\/paracherkaoui.ma\/wp-content\/uploads\/2025\/12\/ducray-ducray-keracnyl-uv-fluide-anti-imperfections-50ml-gels.jpg\",\"contentUrl\":\"https:\/\/paracherkaoui.ma\/wp-content\/uploads\/2025\/12\/ducray-ducray-keracnyl-uv-fluide-anti-imperfections-50ml-gels.jpg\",\"width\":700,\"height\":700},{\"@type\":\"BreadcrumbList\",\"@id\":\"https:\/\/paracherkaoui.ma\/index.php\/produit\/ducray-keracnyl-uv-fluide-anti-imperfections-50ml-3\/#breadcrumb\",\"itemListElement\":[{\"@type\":\"ListItem\",\"position\":1,\"name\":\"Accueil\",\"item\":\"https:\/\/paracherkaoui.ma\/\"},{\"@type\":\"ListItem\",\"position\":2,\"name\":\"Boutique\",\"item\":\"https:\/\/paracherkaoui.ma\/index.php\/boutique\/\"},{\"@type\":\"ListItem\",\"position\":3,\"name\":\"DUCRAY KERACNYL UV FLUIDE ANTI IMPERFECTIONS 50ML\"}]},{\"@type\":\"WebSite\",\"@id\":\"https:\/\/paracherkaoui.ma\/#website\",\"url\":\"https:\/\/paracherkaoui.ma\/\",\"name\":\"Paracherkaoui.ma\",\"description\":\"Achetez en ligne sur Paracherkaoui.ma\",\"potentialAction\":[{\"@type\":\"SearchAction\",\"target\":{\"@type\":\"EntryPoint\",\"urlTemplate\":\"https:\/\/paracherkaoui.ma\/?s={search_term_string}\"},\"query-input\":{\"@type\":\"PropertyValueSpecification\",\"valueRequired\":true,\"valueName\":\"search_term_string\"}}],\"inLanguage\":\"fr-FR\"}]}<\/script>\r\n<!-- \/ Yoast SEO plugin. -->","yoast_head_json":{"title":"DUCRAY KERACNYL UV FLUIDE ANTI IMPERFECTIONS 50ML - Paracherkaoui.ma","robots":{"index":"index","follow":"follow","max-snippet":"max-snippet:-1","max-image-preview":"max-image-preview:large","max-video-preview":"max-video-preview:-1"},"canonical":"https:\/\/paracherkaoui.ma\/index.php\/produit\/ducray-keracnyl-uv-fluide-anti-imperfections-50ml-3\/","og_locale":"fr_FR","og_type":"article","og_title":"DUCRAY KERACNYL UV FLUIDE ANTI IMPERFECTIONS 50ML - Paracherkaoui.ma","og_description":"Keracnyl UV Fluide Anti imperfections est un soin 2 en 1 : protecteur UV et anti-imperfections \u00e0 base de l\u2019innovation","og_url":"https:\/\/paracherkaoui.ma\/index.php\/produit\/ducray-keracnyl-uv-fluide-anti-imperfections-50ml-3\/","og_site_name":"Paracherkaoui.ma","article_modified_time":"2025-12-12T17:58:33+00:00","og_image":[{"width":700,"height":700,"url":"https:\/\/paracherkaoui.ma\/wp-content\/uploads\/2025\/12\/ducray-ducray-keracnyl-uv-fluide-anti-imperfections-50ml-gels.jpg","type":"image\/jpeg"}],"twitter_card":"summary_large_image","schema":{"@context":"https:\/\/schema.org","@graph":[{"@type":"WebPage","@id":"https:\/\/paracherkaoui.ma\/index.php\/produit\/ducray-keracnyl-uv-fluide-anti-imperfections-50ml-3\/","url":"https:\/\/paracherkaoui.ma\/index.php\/produit\/ducray-keracnyl-uv-fluide-anti-imperfections-50ml-3\/","name":"DUCRAY KERACNYL UV FLUIDE ANTI IMPERFECTIONS 50ML - Paracherkaoui.ma","isPartOf":{"@id":"https:\/\/paracherkaoui.ma\/#website"},"primaryImageOfPage":{"@id":"https:\/\/paracherkaoui.ma\/index.php\/produit\/ducray-keracnyl-uv-fluide-anti-imperfections-50ml-3\/#primaryimage"},"image":{"@id":"https:\/\/paracherkaoui.ma\/index.php\/produit\/ducray-keracnyl-uv-fluide-anti-imperfections-50ml-3\/#primaryimage"},"thumbnailUrl":"https:\/\/paracherkaoui.ma\/wp-content\/uploads\/2025\/12\/ducray-ducray-keracnyl-uv-fluide-anti-imperfections-50ml-gels.jpg","datePublished":"2025-12-12T17:58:30+00:00","dateModified":"2025-12-12T17:58:33+00:00","breadcrumb":{"@id":"https:\/\/paracherkaoui.ma\/index.php\/produit\/ducray-keracnyl-uv-fluide-anti-imperfections-50ml-3\/#breadcrumb"},"inLanguage":"fr-FR","potentialAction":[{"@type":"ReadAction","target":["https:\/\/paracherkaoui.ma\/index.php\/produit\/ducray-keracnyl-uv-fluide-anti-imperfections-50ml-3\/"]}]},{"@type":"ImageObject","inLanguage":"fr-FR","@id":"https:\/\/paracherkaoui.ma\/index.php\/produit\/ducray-keracnyl-uv-fluide-anti-imperfections-50ml-3\/#primaryimage","url":"https:\/\/paracherkaoui.ma\/wp-content\/uploads\/2025\/12\/ducray-ducray-keracnyl-uv-fluide-anti-imperfections-50ml-gels.jpg","contentUrl":"https:\/\/paracherkaoui.ma\/wp-content\/uploads\/2025\/12\/ducray-ducray-keracnyl-uv-fluide-anti-imperfections-50ml-gels.jpg","width":700,"height":700},{"@type":"BreadcrumbList","@id":"https:\/\/paracherkaoui.ma\/index.php\/produit\/ducray-keracnyl-uv-fluide-anti-imperfections-50ml-3\/#breadcrumb","itemListElement":[{"@type":"ListItem","position":1,"name":"Accueil","item":"https:\/\/paracherkaoui.ma\/"},{"@type":"ListItem","position":2,"name":"Boutique","item":"https:\/\/paracherkaoui.ma\/index.php\/boutique\/"},{"@type":"ListItem","position":3,"name":"DUCRAY KERACNYL UV FLUIDE ANTI IMPERFECTIONS 50ML"}]},{"@type":"WebSite","@id":"https:\/\/paracherkaoui.ma\/#website","url":"https:\/\/paracherkaoui.ma\/","name":"Paracherkaoui.ma","description":"Achetez en ligne sur Paracherkaoui.ma","potentialAction":[{"@type":"SearchAction","target":{"@type":"EntryPoint","urlTemplate":"https:\/\/paracherkaoui.ma\/?s={search_term_string}"},"query-input":{"@type":"PropertyValueSpecification","valueRequired":true,"valueName":"search_term_string"}}],"inLanguage":"fr-FR"}]}},"_links":{"self":[{"href":"https:\/\/paracherkaoui.ma\/index.php\/wp-json\/wp\/v2\/product\/37639","targetHints":{"allow":["GET"]}}],"collection":[{"href":"https:\/\/paracherkaoui.ma\/index.php\/wp-json\/wp\/v2\/product"}],"about":[{"href":"https:\/\/paracherkaoui.ma\/index.php\/wp-json\/wp\/v2\/types\/product"}],"replies":[{"embeddable":true,"href":"https:\/\/paracherkaoui.ma\/index.php\/wp-json\/wp\/v2\/comments?post=37639"}],"version-history":[{"count":1,"href":"https:\/\/paracherkaoui.ma\/index.php\/wp-json\/wp\/v2\/product\/37639\/revisions"}],"predecessor-version":[{"id":37680,"href":"https:\/\/paracherkaoui.ma\/index.php\/wp-json\/wp\/v2\/product\/37639\/revisions\/37680"}],"wp:featuredmedia":[{"embeddable":true,"href":"https:\/\/paracherkaoui.ma\/index.php\/wp-json\/wp\/v2\/media\/11805"}],"wp:attachment":[{"href":"https:\/\/paracherkaoui.ma\/index.php\/wp-json\/wp\/v2\/media?parent=37639"}],"wp:term":[{"taxonomy":"product_brand","embeddable":true,"href":"https:\/\/paracherkaoui.ma\/index.php\/wp-json\/wp\/v2\/product_brand?post=37639"},{"taxonomy":"product_cat","embeddable":true,"href":"https:\/\/paracherkaoui.ma\/index.php\/wp-json\/wp\/v2\/product_cat?post=37639"},{"taxonomy":"product_tag","embeddable":true,"href":"https:\/\/paracherkaoui.ma\/index.php\/wp-json\/wp\/v2\/product_tag?post=37639"}],"curies":[{"name":"wp","href":"https:\/\/api.w.org\/{rel}","templated":true}]}}