{"id":37638,"date":"2025-12-12T18:58:30","date_gmt":"2025-12-12T17:58:30","guid":{"rendered":"https:\/\/test.ecbeaute.com\/?post_type=product&#038;p=37638"},"modified":"2025-12-12T18:58:33","modified_gmt":"2025-12-12T17:58:33","slug":"daylong-extreme-spf-50-lait-solaire-lipsomal-50ml","status":"publish","type":"product","link":"https:\/\/paracherkaoui.ma\/index.php\/produit\/daylong-extreme-spf-50-lait-solaire-lipsomal-50ml\/","title":{"rendered":"DAYLONG EXTREME SPF 50+ LAIT SOLAIRE LIPSOMAL 50ML"},"content":{"rendered":"<p>Pour les situations extr\u00eames d\u2019ensoleillement<br \/>\nLa lotion liposomale Daylong Extr\u00eame (SPF 50+) offre une tr\u00e8s haute protection longue dur\u00e9e adapt\u00e9e aux peaux claires et sensibles pour les pr\u00e9server des effets des rayons UVA et UVB.<br \/>\nExtra r\u00e9sistante \u00e0 l&rsquo;eau et \u00e0 la transpiration, Daylong Extr\u00eame est efficace m\u00eame dans les situations d\u2019exposition les plus extr\u00eames.<\/p>\n<p>Propri\u00e9t\u00e9s :<br \/>\n\u2022Lotion liposomale longue tenue, extra r\u00e9sistante \u00e0 l\u2019eau et \u00e0 la transpiration<br \/>\n\u2022Contient des filtres solaires ultramodernes \u00e0 large spectre de protection, contre les UVA et les UVB : Tinosorb S &#038; M<br \/>\n\u2022Enrichi en lipides naturels, Vitamine E et Alo\u00e9 vera pour hydrater et soigner la peau durablement<br \/>\n\u2022Formule tr\u00e8s haute tol\u00e9rance pour les peaux tr\u00e8s sensibles, sans parfum et sans PEG<br \/>\n\u2022Texture fluide, non grasse, invisible, tr\u00e8s confortable<\/p>\n<p>Indications :<br \/>\n\u2022Tr\u00e8s haute protection pour visage et corps<br \/>\n\u2022Phototype I et II (peaux tr\u00e8s claires et claires)<br \/>\n\u2022Pr\u00e9vention des intol\u00e9rances au soleil: allergie solaire, masque de grossesse, taches brunes, vieillissement cutan\u00e9, etc.<br \/>\n\u2022Personnes sous traitements photo\u2010sensibilisants, microchirurgie, peeling, laser, etc.<br \/>\n\u2022Conditions d\u2019ensoleillement extr\u00eames (haute montagne, tropiques, m\u00e9diterran\u00e9e)<br \/>\n\u2022Convient aux adultes et aux enfants de plus de 1 an.<br \/>\nConseils d&rsquo;utilisation :<br \/>\n\u2022Appliquer g\u00e9n\u00e9reusement 20 minutes avant de vous exposer au soleil (avant de sortir de la maison et avant l\u2019application d\u2019autres produits cosm\u00e9tiques). Masser le produit soigneusement pour faciliter sa p\u00e9n\u00e9tration.<br \/>\n\u2022Une application par jour* de Daylong Extr\u00eame suffit g\u00e9n\u00e9ralement. Il est toutefois conseill\u00e9 de renouveler l\u2019application en cas de contact trop prolong\u00e9 avec l\u2019eau et chez les peaux particuli\u00e8rement sensibles<br \/>\n* Dose recommand\u00e9e: 2mg\/cm\u00b2, soit l\u2019\u00e9quivalent d\u2019une cuill\u00e8re \u00e0 caf\u00e9 pour visage et cou.<\/p>\n","protected":false},"excerpt":{"rendered":"<p>Pour les situations extr\u00eames d\u2019ensoleillement La lotion liposomale Daylong Extr\u00eame (SPF 50+) offre une tr\u00e8s haute protection longue dur\u00e9e adapt\u00e9e<\/p>\n","protected":false},"featured_media":37678,"comment_status":"open","ping_status":"closed","template":"","meta":[],"product_brand":[668],"product_cat":[666],"product_tag":[],"class_list":{"0":"post-37638","1":"product","2":"type-product","3":"status-publish","4":"has-post-thumbnail","6":"product_brand-daylong-spring-pharma","7":"product_cat-cremes-solaires","9":"first","10":"instock","11":"sale","12":"shipping-taxable","13":"purchasable","14":"product-type-simple"},"yoast_head":"<!-- This site is optimized with the Yoast SEO plugin v26.6 - https:\/\/yoast.com\/wordpress\/plugins\/seo\/ -->\r\n<title>DAYLONG EXTREME SPF 50+ LAIT SOLAIRE LIPSOMAL 50ML - Paracherkaoui.ma<\/title>\r\n<meta name=\"robots\" content=\"index, follow, max-snippet:-1, max-image-preview:large, max-video-preview:-1\" \/>\r\n<link rel=\"canonical\" href=\"https:\/\/paracherkaoui.ma\/index.php\/produit\/daylong-extreme-spf-50-lait-solaire-lipsomal-50ml\/\" \/>\r\n<meta property=\"og:locale\" content=\"fr_FR\" \/>\r\n<meta property=\"og:type\" content=\"article\" \/>\r\n<meta property=\"og:title\" content=\"DAYLONG EXTREME SPF 50+ LAIT SOLAIRE LIPSOMAL 50ML - Paracherkaoui.ma\" \/>\r\n<meta property=\"og:description\" content=\"Pour les situations extr\u00eames d\u2019ensoleillement La lotion liposomale Daylong Extr\u00eame (SPF 50+) offre une tr\u00e8s haute protection longue dur\u00e9e adapt\u00e9e\" \/>\r\n<meta property=\"og:url\" content=\"https:\/\/paracherkaoui.ma\/index.php\/produit\/daylong-extreme-spf-50-lait-solaire-lipsomal-50ml\/\" \/>\r\n<meta property=\"og:site_name\" content=\"Paracherkaoui.ma\" \/>\r\n<meta property=\"article:modified_time\" content=\"2025-12-12T17:58:33+00:00\" \/>\r\n<meta property=\"og:image\" content=\"https:\/\/paracherkaoui.ma\/wp-content\/uploads\/2025\/12\/daylong-extreme-spf-50-lait-solaire-lipsomal-50ml.jpg\" \/>\r\n\t<meta property=\"og:image:width\" content=\"700\" \/>\r\n\t<meta property=\"og:image:height\" content=\"700\" \/>\r\n\t<meta property=\"og:image:type\" content=\"image\/jpeg\" \/>\r\n<meta name=\"twitter:card\" content=\"summary_large_image\" \/>\r\n<meta name=\"twitter:label1\" content=\"Dur\u00e9e de lecture estim\u00e9e\" \/>\n\t<meta name=\"twitter:data1\" content=\"1 minute\" \/>\r\n<script type=\"application\/ld+json\" class=\"yoast-schema-graph\">{\"@context\":\"https:\/\/schema.org\",\"@graph\":[{\"@type\":\"WebPage\",\"@id\":\"https:\/\/paracherkaoui.ma\/index.php\/produit\/daylong-extreme-spf-50-lait-solaire-lipsomal-50ml\/\",\"url\":\"https:\/\/paracherkaoui.ma\/index.php\/produit\/daylong-extreme-spf-50-lait-solaire-lipsomal-50ml\/\",\"name\":\"DAYLONG EXTREME SPF 50+ LAIT SOLAIRE LIPSOMAL 50ML - Paracherkaoui.ma\",\"isPartOf\":{\"@id\":\"https:\/\/paracherkaoui.ma\/#website\"},\"primaryImageOfPage\":{\"@id\":\"https:\/\/paracherkaoui.ma\/index.php\/produit\/daylong-extreme-spf-50-lait-solaire-lipsomal-50ml\/#primaryimage\"},\"image\":{\"@id\":\"https:\/\/paracherkaoui.ma\/index.php\/produit\/daylong-extreme-spf-50-lait-solaire-lipsomal-50ml\/#primaryimage\"},\"thumbnailUrl\":\"https:\/\/paracherkaoui.ma\/wp-content\/uploads\/2025\/12\/daylong-extreme-spf-50-lait-solaire-lipsomal-50ml.jpg\",\"datePublished\":\"2025-12-12T17:58:30+00:00\",\"dateModified\":\"2025-12-12T17:58:33+00:00\",\"breadcrumb\":{\"@id\":\"https:\/\/paracherkaoui.ma\/index.php\/produit\/daylong-extreme-spf-50-lait-solaire-lipsomal-50ml\/#breadcrumb\"},\"inLanguage\":\"fr-FR\",\"potentialAction\":[{\"@type\":\"ReadAction\",\"target\":[\"https:\/\/paracherkaoui.ma\/index.php\/produit\/daylong-extreme-spf-50-lait-solaire-lipsomal-50ml\/\"]}]},{\"@type\":\"ImageObject\",\"inLanguage\":\"fr-FR\",\"@id\":\"https:\/\/paracherkaoui.ma\/index.php\/produit\/daylong-extreme-spf-50-lait-solaire-lipsomal-50ml\/#primaryimage\",\"url\":\"https:\/\/paracherkaoui.ma\/wp-content\/uploads\/2025\/12\/daylong-extreme-spf-50-lait-solaire-lipsomal-50ml.jpg\",\"contentUrl\":\"https:\/\/paracherkaoui.ma\/wp-content\/uploads\/2025\/12\/daylong-extreme-spf-50-lait-solaire-lipsomal-50ml.jpg\",\"width\":700,\"height\":700},{\"@type\":\"BreadcrumbList\",\"@id\":\"https:\/\/paracherkaoui.ma\/index.php\/produit\/daylong-extreme-spf-50-lait-solaire-lipsomal-50ml\/#breadcrumb\",\"itemListElement\":[{\"@type\":\"ListItem\",\"position\":1,\"name\":\"Accueil\",\"item\":\"https:\/\/paracherkaoui.ma\/\"},{\"@type\":\"ListItem\",\"position\":2,\"name\":\"Boutique\",\"item\":\"https:\/\/paracherkaoui.ma\/index.php\/boutique\/\"},{\"@type\":\"ListItem\",\"position\":3,\"name\":\"DAYLONG EXTREME SPF 50+ LAIT SOLAIRE LIPSOMAL 50ML\"}]},{\"@type\":\"WebSite\",\"@id\":\"https:\/\/paracherkaoui.ma\/#website\",\"url\":\"https:\/\/paracherkaoui.ma\/\",\"name\":\"Paracherkaoui.ma\",\"description\":\"Achetez en ligne sur Paracherkaoui.ma\",\"potentialAction\":[{\"@type\":\"SearchAction\",\"target\":{\"@type\":\"EntryPoint\",\"urlTemplate\":\"https:\/\/paracherkaoui.ma\/?s={search_term_string}\"},\"query-input\":{\"@type\":\"PropertyValueSpecification\",\"valueRequired\":true,\"valueName\":\"search_term_string\"}}],\"inLanguage\":\"fr-FR\"}]}<\/script>\r\n<!-- \/ Yoast SEO plugin. -->","yoast_head_json":{"title":"DAYLONG EXTREME SPF 50+ LAIT SOLAIRE LIPSOMAL 50ML - Paracherkaoui.ma","robots":{"index":"index","follow":"follow","max-snippet":"max-snippet:-1","max-image-preview":"max-image-preview:large","max-video-preview":"max-video-preview:-1"},"canonical":"https:\/\/paracherkaoui.ma\/index.php\/produit\/daylong-extreme-spf-50-lait-solaire-lipsomal-50ml\/","og_locale":"fr_FR","og_type":"article","og_title":"DAYLONG EXTREME SPF 50+ LAIT SOLAIRE LIPSOMAL 50ML - Paracherkaoui.ma","og_description":"Pour les situations extr\u00eames d\u2019ensoleillement La lotion liposomale Daylong Extr\u00eame (SPF 50+) offre une tr\u00e8s haute protection longue dur\u00e9e adapt\u00e9e","og_url":"https:\/\/paracherkaoui.ma\/index.php\/produit\/daylong-extreme-spf-50-lait-solaire-lipsomal-50ml\/","og_site_name":"Paracherkaoui.ma","article_modified_time":"2025-12-12T17:58:33+00:00","og_image":[{"width":700,"height":700,"url":"https:\/\/paracherkaoui.ma\/wp-content\/uploads\/2025\/12\/daylong-extreme-spf-50-lait-solaire-lipsomal-50ml.jpg","type":"image\/jpeg"}],"twitter_card":"summary_large_image","twitter_misc":{"Dur\u00e9e de lecture estim\u00e9e":"1 minute"},"schema":{"@context":"https:\/\/schema.org","@graph":[{"@type":"WebPage","@id":"https:\/\/paracherkaoui.ma\/index.php\/produit\/daylong-extreme-spf-50-lait-solaire-lipsomal-50ml\/","url":"https:\/\/paracherkaoui.ma\/index.php\/produit\/daylong-extreme-spf-50-lait-solaire-lipsomal-50ml\/","name":"DAYLONG EXTREME SPF 50+ LAIT SOLAIRE LIPSOMAL 50ML - Paracherkaoui.ma","isPartOf":{"@id":"https:\/\/paracherkaoui.ma\/#website"},"primaryImageOfPage":{"@id":"https:\/\/paracherkaoui.ma\/index.php\/produit\/daylong-extreme-spf-50-lait-solaire-lipsomal-50ml\/#primaryimage"},"image":{"@id":"https:\/\/paracherkaoui.ma\/index.php\/produit\/daylong-extreme-spf-50-lait-solaire-lipsomal-50ml\/#primaryimage"},"thumbnailUrl":"https:\/\/paracherkaoui.ma\/wp-content\/uploads\/2025\/12\/daylong-extreme-spf-50-lait-solaire-lipsomal-50ml.jpg","datePublished":"2025-12-12T17:58:30+00:00","dateModified":"2025-12-12T17:58:33+00:00","breadcrumb":{"@id":"https:\/\/paracherkaoui.ma\/index.php\/produit\/daylong-extreme-spf-50-lait-solaire-lipsomal-50ml\/#breadcrumb"},"inLanguage":"fr-FR","potentialAction":[{"@type":"ReadAction","target":["https:\/\/paracherkaoui.ma\/index.php\/produit\/daylong-extreme-spf-50-lait-solaire-lipsomal-50ml\/"]}]},{"@type":"ImageObject","inLanguage":"fr-FR","@id":"https:\/\/paracherkaoui.ma\/index.php\/produit\/daylong-extreme-spf-50-lait-solaire-lipsomal-50ml\/#primaryimage","url":"https:\/\/paracherkaoui.ma\/wp-content\/uploads\/2025\/12\/daylong-extreme-spf-50-lait-solaire-lipsomal-50ml.jpg","contentUrl":"https:\/\/paracherkaoui.ma\/wp-content\/uploads\/2025\/12\/daylong-extreme-spf-50-lait-solaire-lipsomal-50ml.jpg","width":700,"height":700},{"@type":"BreadcrumbList","@id":"https:\/\/paracherkaoui.ma\/index.php\/produit\/daylong-extreme-spf-50-lait-solaire-lipsomal-50ml\/#breadcrumb","itemListElement":[{"@type":"ListItem","position":1,"name":"Accueil","item":"https:\/\/paracherkaoui.ma\/"},{"@type":"ListItem","position":2,"name":"Boutique","item":"https:\/\/paracherkaoui.ma\/index.php\/boutique\/"},{"@type":"ListItem","position":3,"name":"DAYLONG EXTREME SPF 50+ LAIT SOLAIRE LIPSOMAL 50ML"}]},{"@type":"WebSite","@id":"https:\/\/paracherkaoui.ma\/#website","url":"https:\/\/paracherkaoui.ma\/","name":"Paracherkaoui.ma","description":"Achetez en ligne sur Paracherkaoui.ma","potentialAction":[{"@type":"SearchAction","target":{"@type":"EntryPoint","urlTemplate":"https:\/\/paracherkaoui.ma\/?s={search_term_string}"},"query-input":{"@type":"PropertyValueSpecification","valueRequired":true,"valueName":"search_term_string"}}],"inLanguage":"fr-FR"}]}},"_links":{"self":[{"href":"https:\/\/paracherkaoui.ma\/index.php\/wp-json\/wp\/v2\/product\/37638","targetHints":{"allow":["GET"]}}],"collection":[{"href":"https:\/\/paracherkaoui.ma\/index.php\/wp-json\/wp\/v2\/product"}],"about":[{"href":"https:\/\/paracherkaoui.ma\/index.php\/wp-json\/wp\/v2\/types\/product"}],"replies":[{"embeddable":true,"href":"https:\/\/paracherkaoui.ma\/index.php\/wp-json\/wp\/v2\/comments?post=37638"}],"version-history":[{"count":1,"href":"https:\/\/paracherkaoui.ma\/index.php\/wp-json\/wp\/v2\/product\/37638\/revisions"}],"predecessor-version":[{"id":37679,"href":"https:\/\/paracherkaoui.ma\/index.php\/wp-json\/wp\/v2\/product\/37638\/revisions\/37679"}],"wp:featuredmedia":[{"embeddable":true,"href":"https:\/\/paracherkaoui.ma\/index.php\/wp-json\/wp\/v2\/media\/37678"}],"wp:attachment":[{"href":"https:\/\/paracherkaoui.ma\/index.php\/wp-json\/wp\/v2\/media?parent=37638"}],"wp:term":[{"taxonomy":"product_brand","embeddable":true,"href":"https:\/\/paracherkaoui.ma\/index.php\/wp-json\/wp\/v2\/product_brand?post=37638"},{"taxonomy":"product_cat","embeddable":true,"href":"https:\/\/paracherkaoui.ma\/index.php\/wp-json\/wp\/v2\/product_cat?post=37638"},{"taxonomy":"product_tag","embeddable":true,"href":"https:\/\/paracherkaoui.ma\/index.php\/wp-json\/wp\/v2\/product_tag?post=37638"}],"curies":[{"name":"wp","href":"https:\/\/api.w.org\/{rel}","templated":true}]}}