{"id":37621,"date":"2025-12-12T18:58:29","date_gmt":"2025-12-12T17:58:29","guid":{"rendered":"https:\/\/test.ecbeaute.com\/?post_type=product&#038;p=37621"},"modified":"2025-12-12T18:58:31","modified_gmt":"2025-12-12T17:58:31","slug":"martiderm-sun-care-mineral-d-fluid-spf-50-defend-boost-50-ml","status":"publish","type":"product","link":"https:\/\/paracherkaoui.ma\/index.php\/produit\/martiderm-sun-care-mineral-d-fluid-spf-50-defend-boost-50-ml\/","title":{"rendered":"MARTIDERM SUN CARE MINERAL D FLUID SPF 50 DEFEND BOOST 50 ML"},"content":{"rendered":"<p>Photoprotecteur de texture fluide pour le visage, qui est formul\u00e9 exclusivement \u00e0 base de filtres min\u00e9raux de large spectre afin de procurer une protection optimale et globale (UVA, UVB, IR et lumi\u00e8re bleue) aux peaux sensibles. Il contient des actifs hydratants, antioxydants et pr\u00e9biotiques qui renforcent les m\u00e9canismes de d\u00e9fense naturels de la peau.<br \/>\nConseils d&rsquo;utilisation:<br \/>\nAppliquer g\u00e9n\u00e9reusement sur le visage, le cou et le d\u00e9collet\u00e9 30 minutes avant l\u2019exposition solaire et renouveler fr\u00e9quemment l\u2019application, surtout apr\u00e8s avoir transpir\u00e9, avoir nag\u00e9 ou s\u2019\u00eatre essuy\u00e9.<\/p>\n","protected":false},"excerpt":{"rendered":"<p>Photoprotecteur de texture fluide pour le visage, qui est formul\u00e9 exclusivement \u00e0 base de filtres min\u00e9raux de large spectre afin<\/p>\n","protected":false},"featured_media":37651,"comment_status":"open","ping_status":"closed","template":"","meta":[],"product_brand":[291],"product_cat":[666],"product_tag":[],"class_list":{"0":"post-37621","1":"product","2":"type-product","3":"status-publish","4":"has-post-thumbnail","6":"product_brand-martiderm","7":"product_cat-cremes-solaires","9":"first","10":"instock","11":"sale","12":"shipping-taxable","13":"purchasable","14":"product-type-simple"},"yoast_head":"<!-- This site is optimized with the Yoast SEO plugin v26.6 - https:\/\/yoast.com\/wordpress\/plugins\/seo\/ -->\r\n<title>MARTIDERM SUN CARE MINERAL D FLUID SPF 50 DEFEND BOOST 50 ML - Paracherkaoui.ma<\/title>\r\n<meta name=\"robots\" content=\"index, follow, max-snippet:-1, max-image-preview:large, max-video-preview:-1\" \/>\r\n<link rel=\"canonical\" href=\"https:\/\/paracherkaoui.ma\/index.php\/produit\/martiderm-sun-care-mineral-d-fluid-spf-50-defend-boost-50-ml\/\" \/>\r\n<meta property=\"og:locale\" content=\"fr_FR\" \/>\r\n<meta property=\"og:type\" content=\"article\" \/>\r\n<meta property=\"og:title\" content=\"MARTIDERM SUN CARE MINERAL D FLUID SPF 50 DEFEND BOOST 50 ML - Paracherkaoui.ma\" \/>\r\n<meta property=\"og:description\" content=\"Photoprotecteur de texture fluide pour le visage, qui est formul\u00e9 exclusivement \u00e0 base de filtres min\u00e9raux de large spectre afin\" \/>\r\n<meta property=\"og:url\" content=\"https:\/\/paracherkaoui.ma\/index.php\/produit\/martiderm-sun-care-mineral-d-fluid-spf-50-defend-boost-50-ml\/\" \/>\r\n<meta property=\"og:site_name\" content=\"Paracherkaoui.ma\" \/>\r\n<meta property=\"article:modified_time\" content=\"2025-12-12T17:58:31+00:00\" \/>\r\n<meta property=\"og:image\" content=\"https:\/\/paracherkaoui.ma\/wp-content\/uploads\/2025\/12\/martiderm-martiderm-sun-care-mineral-d-fluid-spf-50-defend-boost-50-ml-cremes.jpg\" \/>\r\n\t<meta property=\"og:image:width\" content=\"700\" \/>\r\n\t<meta property=\"og:image:height\" content=\"700\" \/>\r\n\t<meta property=\"og:image:type\" content=\"image\/jpeg\" \/>\r\n<meta name=\"twitter:card\" content=\"summary_large_image\" \/>\r\n<script type=\"application\/ld+json\" class=\"yoast-schema-graph\">{\"@context\":\"https:\/\/schema.org\",\"@graph\":[{\"@type\":\"WebPage\",\"@id\":\"https:\/\/paracherkaoui.ma\/index.php\/produit\/martiderm-sun-care-mineral-d-fluid-spf-50-defend-boost-50-ml\/\",\"url\":\"https:\/\/paracherkaoui.ma\/index.php\/produit\/martiderm-sun-care-mineral-d-fluid-spf-50-defend-boost-50-ml\/\",\"name\":\"MARTIDERM SUN CARE MINERAL D FLUID SPF 50 DEFEND BOOST 50 ML - Paracherkaoui.ma\",\"isPartOf\":{\"@id\":\"https:\/\/paracherkaoui.ma\/#website\"},\"primaryImageOfPage\":{\"@id\":\"https:\/\/paracherkaoui.ma\/index.php\/produit\/martiderm-sun-care-mineral-d-fluid-spf-50-defend-boost-50-ml\/#primaryimage\"},\"image\":{\"@id\":\"https:\/\/paracherkaoui.ma\/index.php\/produit\/martiderm-sun-care-mineral-d-fluid-spf-50-defend-boost-50-ml\/#primaryimage\"},\"thumbnailUrl\":\"https:\/\/paracherkaoui.ma\/wp-content\/uploads\/2025\/12\/martiderm-martiderm-sun-care-mineral-d-fluid-spf-50-defend-boost-50-ml-cremes.jpg\",\"datePublished\":\"2025-12-12T17:58:29+00:00\",\"dateModified\":\"2025-12-12T17:58:31+00:00\",\"breadcrumb\":{\"@id\":\"https:\/\/paracherkaoui.ma\/index.php\/produit\/martiderm-sun-care-mineral-d-fluid-spf-50-defend-boost-50-ml\/#breadcrumb\"},\"inLanguage\":\"fr-FR\",\"potentialAction\":[{\"@type\":\"ReadAction\",\"target\":[\"https:\/\/paracherkaoui.ma\/index.php\/produit\/martiderm-sun-care-mineral-d-fluid-spf-50-defend-boost-50-ml\/\"]}]},{\"@type\":\"ImageObject\",\"inLanguage\":\"fr-FR\",\"@id\":\"https:\/\/paracherkaoui.ma\/index.php\/produit\/martiderm-sun-care-mineral-d-fluid-spf-50-defend-boost-50-ml\/#primaryimage\",\"url\":\"https:\/\/paracherkaoui.ma\/wp-content\/uploads\/2025\/12\/martiderm-martiderm-sun-care-mineral-d-fluid-spf-50-defend-boost-50-ml-cremes.jpg\",\"contentUrl\":\"https:\/\/paracherkaoui.ma\/wp-content\/uploads\/2025\/12\/martiderm-martiderm-sun-care-mineral-d-fluid-spf-50-defend-boost-50-ml-cremes.jpg\",\"width\":700,\"height\":700},{\"@type\":\"BreadcrumbList\",\"@id\":\"https:\/\/paracherkaoui.ma\/index.php\/produit\/martiderm-sun-care-mineral-d-fluid-spf-50-defend-boost-50-ml\/#breadcrumb\",\"itemListElement\":[{\"@type\":\"ListItem\",\"position\":1,\"name\":\"Accueil\",\"item\":\"https:\/\/paracherkaoui.ma\/\"},{\"@type\":\"ListItem\",\"position\":2,\"name\":\"Boutique\",\"item\":\"https:\/\/paracherkaoui.ma\/index.php\/boutique\/\"},{\"@type\":\"ListItem\",\"position\":3,\"name\":\"MARTIDERM SUN CARE MINERAL D FLUID SPF 50 DEFEND BOOST 50 ML\"}]},{\"@type\":\"WebSite\",\"@id\":\"https:\/\/paracherkaoui.ma\/#website\",\"url\":\"https:\/\/paracherkaoui.ma\/\",\"name\":\"Paracherkaoui.ma\",\"description\":\"Achetez en ligne sur Paracherkaoui.ma\",\"potentialAction\":[{\"@type\":\"SearchAction\",\"target\":{\"@type\":\"EntryPoint\",\"urlTemplate\":\"https:\/\/paracherkaoui.ma\/?s={search_term_string}\"},\"query-input\":{\"@type\":\"PropertyValueSpecification\",\"valueRequired\":true,\"valueName\":\"search_term_string\"}}],\"inLanguage\":\"fr-FR\"}]}<\/script>\r\n<!-- \/ Yoast SEO plugin. -->","yoast_head_json":{"title":"MARTIDERM SUN CARE MINERAL D FLUID SPF 50 DEFEND BOOST 50 ML - Paracherkaoui.ma","robots":{"index":"index","follow":"follow","max-snippet":"max-snippet:-1","max-image-preview":"max-image-preview:large","max-video-preview":"max-video-preview:-1"},"canonical":"https:\/\/paracherkaoui.ma\/index.php\/produit\/martiderm-sun-care-mineral-d-fluid-spf-50-defend-boost-50-ml\/","og_locale":"fr_FR","og_type":"article","og_title":"MARTIDERM SUN CARE MINERAL D FLUID SPF 50 DEFEND BOOST 50 ML - Paracherkaoui.ma","og_description":"Photoprotecteur de texture fluide pour le visage, qui est formul\u00e9 exclusivement \u00e0 base de filtres min\u00e9raux de large spectre afin","og_url":"https:\/\/paracherkaoui.ma\/index.php\/produit\/martiderm-sun-care-mineral-d-fluid-spf-50-defend-boost-50-ml\/","og_site_name":"Paracherkaoui.ma","article_modified_time":"2025-12-12T17:58:31+00:00","og_image":[{"width":700,"height":700,"url":"https:\/\/paracherkaoui.ma\/wp-content\/uploads\/2025\/12\/martiderm-martiderm-sun-care-mineral-d-fluid-spf-50-defend-boost-50-ml-cremes.jpg","type":"image\/jpeg"}],"twitter_card":"summary_large_image","schema":{"@context":"https:\/\/schema.org","@graph":[{"@type":"WebPage","@id":"https:\/\/paracherkaoui.ma\/index.php\/produit\/martiderm-sun-care-mineral-d-fluid-spf-50-defend-boost-50-ml\/","url":"https:\/\/paracherkaoui.ma\/index.php\/produit\/martiderm-sun-care-mineral-d-fluid-spf-50-defend-boost-50-ml\/","name":"MARTIDERM SUN CARE MINERAL D FLUID SPF 50 DEFEND BOOST 50 ML - Paracherkaoui.ma","isPartOf":{"@id":"https:\/\/paracherkaoui.ma\/#website"},"primaryImageOfPage":{"@id":"https:\/\/paracherkaoui.ma\/index.php\/produit\/martiderm-sun-care-mineral-d-fluid-spf-50-defend-boost-50-ml\/#primaryimage"},"image":{"@id":"https:\/\/paracherkaoui.ma\/index.php\/produit\/martiderm-sun-care-mineral-d-fluid-spf-50-defend-boost-50-ml\/#primaryimage"},"thumbnailUrl":"https:\/\/paracherkaoui.ma\/wp-content\/uploads\/2025\/12\/martiderm-martiderm-sun-care-mineral-d-fluid-spf-50-defend-boost-50-ml-cremes.jpg","datePublished":"2025-12-12T17:58:29+00:00","dateModified":"2025-12-12T17:58:31+00:00","breadcrumb":{"@id":"https:\/\/paracherkaoui.ma\/index.php\/produit\/martiderm-sun-care-mineral-d-fluid-spf-50-defend-boost-50-ml\/#breadcrumb"},"inLanguage":"fr-FR","potentialAction":[{"@type":"ReadAction","target":["https:\/\/paracherkaoui.ma\/index.php\/produit\/martiderm-sun-care-mineral-d-fluid-spf-50-defend-boost-50-ml\/"]}]},{"@type":"ImageObject","inLanguage":"fr-FR","@id":"https:\/\/paracherkaoui.ma\/index.php\/produit\/martiderm-sun-care-mineral-d-fluid-spf-50-defend-boost-50-ml\/#primaryimage","url":"https:\/\/paracherkaoui.ma\/wp-content\/uploads\/2025\/12\/martiderm-martiderm-sun-care-mineral-d-fluid-spf-50-defend-boost-50-ml-cremes.jpg","contentUrl":"https:\/\/paracherkaoui.ma\/wp-content\/uploads\/2025\/12\/martiderm-martiderm-sun-care-mineral-d-fluid-spf-50-defend-boost-50-ml-cremes.jpg","width":700,"height":700},{"@type":"BreadcrumbList","@id":"https:\/\/paracherkaoui.ma\/index.php\/produit\/martiderm-sun-care-mineral-d-fluid-spf-50-defend-boost-50-ml\/#breadcrumb","itemListElement":[{"@type":"ListItem","position":1,"name":"Accueil","item":"https:\/\/paracherkaoui.ma\/"},{"@type":"ListItem","position":2,"name":"Boutique","item":"https:\/\/paracherkaoui.ma\/index.php\/boutique\/"},{"@type":"ListItem","position":3,"name":"MARTIDERM SUN CARE MINERAL D FLUID SPF 50 DEFEND BOOST 50 ML"}]},{"@type":"WebSite","@id":"https:\/\/paracherkaoui.ma\/#website","url":"https:\/\/paracherkaoui.ma\/","name":"Paracherkaoui.ma","description":"Achetez en ligne sur Paracherkaoui.ma","potentialAction":[{"@type":"SearchAction","target":{"@type":"EntryPoint","urlTemplate":"https:\/\/paracherkaoui.ma\/?s={search_term_string}"},"query-input":{"@type":"PropertyValueSpecification","valueRequired":true,"valueName":"search_term_string"}}],"inLanguage":"fr-FR"}]}},"_links":{"self":[{"href":"https:\/\/paracherkaoui.ma\/index.php\/wp-json\/wp\/v2\/product\/37621","targetHints":{"allow":["GET"]}}],"collection":[{"href":"https:\/\/paracherkaoui.ma\/index.php\/wp-json\/wp\/v2\/product"}],"about":[{"href":"https:\/\/paracherkaoui.ma\/index.php\/wp-json\/wp\/v2\/types\/product"}],"replies":[{"embeddable":true,"href":"https:\/\/paracherkaoui.ma\/index.php\/wp-json\/wp\/v2\/comments?post=37621"}],"version-history":[{"count":1,"href":"https:\/\/paracherkaoui.ma\/index.php\/wp-json\/wp\/v2\/product\/37621\/revisions"}],"predecessor-version":[{"id":37652,"href":"https:\/\/paracherkaoui.ma\/index.php\/wp-json\/wp\/v2\/product\/37621\/revisions\/37652"}],"wp:featuredmedia":[{"embeddable":true,"href":"https:\/\/paracherkaoui.ma\/index.php\/wp-json\/wp\/v2\/media\/37651"}],"wp:attachment":[{"href":"https:\/\/paracherkaoui.ma\/index.php\/wp-json\/wp\/v2\/media?parent=37621"}],"wp:term":[{"taxonomy":"product_brand","embeddable":true,"href":"https:\/\/paracherkaoui.ma\/index.php\/wp-json\/wp\/v2\/product_brand?post=37621"},{"taxonomy":"product_cat","embeddable":true,"href":"https:\/\/paracherkaoui.ma\/index.php\/wp-json\/wp\/v2\/product_cat?post=37621"},{"taxonomy":"product_tag","embeddable":true,"href":"https:\/\/paracherkaoui.ma\/index.php\/wp-json\/wp\/v2\/product_tag?post=37621"}],"curies":[{"name":"wp","href":"https:\/\/api.w.org\/{rel}","templated":true}]}}