{"id":37620,"date":"2025-12-12T18:58:29","date_gmt":"2025-12-12T17:58:29","guid":{"rendered":"https:\/\/test.ecbeaute.com\/?post_type=product&#038;p=37620"},"modified":"2025-12-12T18:58:30","modified_gmt":"2025-12-12T17:58:30","slug":"acm-sebionex-gel-solaire-matifiant-spf-50-40-ml-2","status":"publish","type":"product","link":"https:\/\/paracherkaoui.ma\/index.php\/produit\/acm-sebionex-gel-solaire-matifiant-spf-50-40-ml-2\/","title":{"rendered":"ACM SEBIONEX GEL SOLAIRE MATIFIANT SPF 50+ 40 ML"},"content":{"rendered":"<p>CE GEL S\u2019ADRESSE AUX PEAUX MIXTES \u00c0 GRASSES, Y COMPRIS SOUS TRAITEMENTS ANTI-ACN\u00c9IQUES.<br \/>\nIl offre une haute protection solaire optimale contre les UVB et les UVA gr\u00e2ce \u00e0 son association de filtres organiques et de filtres solaires min\u00e9raux et procure un effet anti-brillance longue dur\u00e9e. Sa texture fluide et l\u00e9g\u00e8re, adapt\u00e9e aux peaux grasses, hydrate et matifie tout au long de la journ\u00e9e. Elle est invisible \u00e0 l\u2019application, non com\u00e9dog\u00e8ne et r\u00e9sistante \u00e0 l\u2019eau. La peau est prot\u00e9g\u00e9e et hydrat\u00e9e, la peau ne brille plus, elle est matifi\u00e9e tout au long de la journ\u00e9e.<br \/>\nConseils d&rsquo;utilisation:<br \/>\nAu moins toutes les 2h en cas d&rsquo;exposition solaire<\/p>\n","protected":false},"excerpt":{"rendered":"<p>CE GEL S\u2019ADRESSE AUX PEAUX MIXTES \u00c0 GRASSES, Y COMPRIS SOUS TRAITEMENTS ANTI-ACN\u00c9IQUES. Il offre une haute protection solaire optimale<\/p>\n","protected":false},"featured_media":13138,"comment_status":"open","ping_status":"closed","template":"","meta":[],"product_brand":[142],"product_cat":[666],"product_tag":[],"class_list":{"0":"post-37620","1":"product","2":"type-product","3":"status-publish","4":"has-post-thumbnail","6":"product_brand-acm","7":"product_cat-cremes-solaires","9":"first","10":"instock","11":"sale","12":"shipping-taxable","13":"purchasable","14":"product-type-simple"},"yoast_head":"<!-- This site is optimized with the Yoast SEO plugin v26.6 - https:\/\/yoast.com\/wordpress\/plugins\/seo\/ -->\r\n<title>ACM SEBIONEX GEL SOLAIRE MATIFIANT SPF 50+ 40 ML - Paracherkaoui.ma<\/title>\r\n<meta name=\"robots\" content=\"index, follow, max-snippet:-1, max-image-preview:large, max-video-preview:-1\" \/>\r\n<link rel=\"canonical\" href=\"https:\/\/paracherkaoui.ma\/index.php\/produit\/acm-sebionex-gel-solaire-matifiant-spf-50-40-ml-2\/\" \/>\r\n<meta property=\"og:locale\" content=\"fr_FR\" \/>\r\n<meta property=\"og:type\" content=\"article\" \/>\r\n<meta property=\"og:title\" content=\"ACM SEBIONEX GEL SOLAIRE MATIFIANT SPF 50+ 40 ML - Paracherkaoui.ma\" \/>\r\n<meta property=\"og:description\" content=\"CE GEL S\u2019ADRESSE AUX PEAUX MIXTES \u00c0 GRASSES, Y COMPRIS SOUS TRAITEMENTS ANTI-ACN\u00c9IQUES. Il offre une haute protection solaire optimale\" \/>\r\n<meta property=\"og:url\" content=\"https:\/\/paracherkaoui.ma\/index.php\/produit\/acm-sebionex-gel-solaire-matifiant-spf-50-40-ml-2\/\" \/>\r\n<meta property=\"og:site_name\" content=\"Paracherkaoui.ma\" \/>\r\n<meta property=\"article:modified_time\" content=\"2025-12-12T17:58:30+00:00\" \/>\r\n<meta property=\"og:image\" content=\"https:\/\/paracherkaoui.ma\/wp-content\/uploads\/2025\/12\/acm-acm-sebionex-gel-solaire-matifiant-spf-50-40-ml-cremes-solaires.jpg\" \/>\r\n\t<meta property=\"og:image:width\" content=\"700\" \/>\r\n\t<meta property=\"og:image:height\" content=\"700\" \/>\r\n\t<meta property=\"og:image:type\" content=\"image\/jpeg\" \/>\r\n<meta name=\"twitter:card\" content=\"summary_large_image\" \/>\r\n<meta name=\"twitter:label1\" content=\"Dur\u00e9e de lecture estim\u00e9e\" \/>\n\t<meta name=\"twitter:data1\" content=\"1 minute\" \/>\r\n<script type=\"application\/ld+json\" class=\"yoast-schema-graph\">{\"@context\":\"https:\/\/schema.org\",\"@graph\":[{\"@type\":\"WebPage\",\"@id\":\"https:\/\/paracherkaoui.ma\/index.php\/produit\/acm-sebionex-gel-solaire-matifiant-spf-50-40-ml-2\/\",\"url\":\"https:\/\/paracherkaoui.ma\/index.php\/produit\/acm-sebionex-gel-solaire-matifiant-spf-50-40-ml-2\/\",\"name\":\"ACM SEBIONEX GEL SOLAIRE MATIFIANT SPF 50+ 40 ML - Paracherkaoui.ma\",\"isPartOf\":{\"@id\":\"https:\/\/paracherkaoui.ma\/#website\"},\"primaryImageOfPage\":{\"@id\":\"https:\/\/paracherkaoui.ma\/index.php\/produit\/acm-sebionex-gel-solaire-matifiant-spf-50-40-ml-2\/#primaryimage\"},\"image\":{\"@id\":\"https:\/\/paracherkaoui.ma\/index.php\/produit\/acm-sebionex-gel-solaire-matifiant-spf-50-40-ml-2\/#primaryimage\"},\"thumbnailUrl\":\"https:\/\/paracherkaoui.ma\/wp-content\/uploads\/2025\/12\/acm-acm-sebionex-gel-solaire-matifiant-spf-50-40-ml-cremes-solaires.jpg\",\"datePublished\":\"2025-12-12T17:58:29+00:00\",\"dateModified\":\"2025-12-12T17:58:30+00:00\",\"breadcrumb\":{\"@id\":\"https:\/\/paracherkaoui.ma\/index.php\/produit\/acm-sebionex-gel-solaire-matifiant-spf-50-40-ml-2\/#breadcrumb\"},\"inLanguage\":\"fr-FR\",\"potentialAction\":[{\"@type\":\"ReadAction\",\"target\":[\"https:\/\/paracherkaoui.ma\/index.php\/produit\/acm-sebionex-gel-solaire-matifiant-spf-50-40-ml-2\/\"]}]},{\"@type\":\"ImageObject\",\"inLanguage\":\"fr-FR\",\"@id\":\"https:\/\/paracherkaoui.ma\/index.php\/produit\/acm-sebionex-gel-solaire-matifiant-spf-50-40-ml-2\/#primaryimage\",\"url\":\"https:\/\/paracherkaoui.ma\/wp-content\/uploads\/2025\/12\/acm-acm-sebionex-gel-solaire-matifiant-spf-50-40-ml-cremes-solaires.jpg\",\"contentUrl\":\"https:\/\/paracherkaoui.ma\/wp-content\/uploads\/2025\/12\/acm-acm-sebionex-gel-solaire-matifiant-spf-50-40-ml-cremes-solaires.jpg\",\"width\":700,\"height\":700},{\"@type\":\"BreadcrumbList\",\"@id\":\"https:\/\/paracherkaoui.ma\/index.php\/produit\/acm-sebionex-gel-solaire-matifiant-spf-50-40-ml-2\/#breadcrumb\",\"itemListElement\":[{\"@type\":\"ListItem\",\"position\":1,\"name\":\"Accueil\",\"item\":\"https:\/\/paracherkaoui.ma\/\"},{\"@type\":\"ListItem\",\"position\":2,\"name\":\"Boutique\",\"item\":\"https:\/\/paracherkaoui.ma\/index.php\/boutique\/\"},{\"@type\":\"ListItem\",\"position\":3,\"name\":\"ACM SEBIONEX GEL SOLAIRE MATIFIANT SPF 50+ 40 ML\"}]},{\"@type\":\"WebSite\",\"@id\":\"https:\/\/paracherkaoui.ma\/#website\",\"url\":\"https:\/\/paracherkaoui.ma\/\",\"name\":\"Paracherkaoui.ma\",\"description\":\"Achetez en ligne sur Paracherkaoui.ma\",\"potentialAction\":[{\"@type\":\"SearchAction\",\"target\":{\"@type\":\"EntryPoint\",\"urlTemplate\":\"https:\/\/paracherkaoui.ma\/?s={search_term_string}\"},\"query-input\":{\"@type\":\"PropertyValueSpecification\",\"valueRequired\":true,\"valueName\":\"search_term_string\"}}],\"inLanguage\":\"fr-FR\"}]}<\/script>\r\n<!-- \/ Yoast SEO plugin. -->","yoast_head_json":{"title":"ACM SEBIONEX GEL SOLAIRE MATIFIANT SPF 50+ 40 ML - Paracherkaoui.ma","robots":{"index":"index","follow":"follow","max-snippet":"max-snippet:-1","max-image-preview":"max-image-preview:large","max-video-preview":"max-video-preview:-1"},"canonical":"https:\/\/paracherkaoui.ma\/index.php\/produit\/acm-sebionex-gel-solaire-matifiant-spf-50-40-ml-2\/","og_locale":"fr_FR","og_type":"article","og_title":"ACM SEBIONEX GEL SOLAIRE MATIFIANT SPF 50+ 40 ML - Paracherkaoui.ma","og_description":"CE GEL S\u2019ADRESSE AUX PEAUX MIXTES \u00c0 GRASSES, Y COMPRIS SOUS TRAITEMENTS ANTI-ACN\u00c9IQUES. Il offre une haute protection solaire optimale","og_url":"https:\/\/paracherkaoui.ma\/index.php\/produit\/acm-sebionex-gel-solaire-matifiant-spf-50-40-ml-2\/","og_site_name":"Paracherkaoui.ma","article_modified_time":"2025-12-12T17:58:30+00:00","og_image":[{"width":700,"height":700,"url":"https:\/\/paracherkaoui.ma\/wp-content\/uploads\/2025\/12\/acm-acm-sebionex-gel-solaire-matifiant-spf-50-40-ml-cremes-solaires.jpg","type":"image\/jpeg"}],"twitter_card":"summary_large_image","twitter_misc":{"Dur\u00e9e de lecture estim\u00e9e":"1 minute"},"schema":{"@context":"https:\/\/schema.org","@graph":[{"@type":"WebPage","@id":"https:\/\/paracherkaoui.ma\/index.php\/produit\/acm-sebionex-gel-solaire-matifiant-spf-50-40-ml-2\/","url":"https:\/\/paracherkaoui.ma\/index.php\/produit\/acm-sebionex-gel-solaire-matifiant-spf-50-40-ml-2\/","name":"ACM SEBIONEX GEL SOLAIRE MATIFIANT SPF 50+ 40 ML - Paracherkaoui.ma","isPartOf":{"@id":"https:\/\/paracherkaoui.ma\/#website"},"primaryImageOfPage":{"@id":"https:\/\/paracherkaoui.ma\/index.php\/produit\/acm-sebionex-gel-solaire-matifiant-spf-50-40-ml-2\/#primaryimage"},"image":{"@id":"https:\/\/paracherkaoui.ma\/index.php\/produit\/acm-sebionex-gel-solaire-matifiant-spf-50-40-ml-2\/#primaryimage"},"thumbnailUrl":"https:\/\/paracherkaoui.ma\/wp-content\/uploads\/2025\/12\/acm-acm-sebionex-gel-solaire-matifiant-spf-50-40-ml-cremes-solaires.jpg","datePublished":"2025-12-12T17:58:29+00:00","dateModified":"2025-12-12T17:58:30+00:00","breadcrumb":{"@id":"https:\/\/paracherkaoui.ma\/index.php\/produit\/acm-sebionex-gel-solaire-matifiant-spf-50-40-ml-2\/#breadcrumb"},"inLanguage":"fr-FR","potentialAction":[{"@type":"ReadAction","target":["https:\/\/paracherkaoui.ma\/index.php\/produit\/acm-sebionex-gel-solaire-matifiant-spf-50-40-ml-2\/"]}]},{"@type":"ImageObject","inLanguage":"fr-FR","@id":"https:\/\/paracherkaoui.ma\/index.php\/produit\/acm-sebionex-gel-solaire-matifiant-spf-50-40-ml-2\/#primaryimage","url":"https:\/\/paracherkaoui.ma\/wp-content\/uploads\/2025\/12\/acm-acm-sebionex-gel-solaire-matifiant-spf-50-40-ml-cremes-solaires.jpg","contentUrl":"https:\/\/paracherkaoui.ma\/wp-content\/uploads\/2025\/12\/acm-acm-sebionex-gel-solaire-matifiant-spf-50-40-ml-cremes-solaires.jpg","width":700,"height":700},{"@type":"BreadcrumbList","@id":"https:\/\/paracherkaoui.ma\/index.php\/produit\/acm-sebionex-gel-solaire-matifiant-spf-50-40-ml-2\/#breadcrumb","itemListElement":[{"@type":"ListItem","position":1,"name":"Accueil","item":"https:\/\/paracherkaoui.ma\/"},{"@type":"ListItem","position":2,"name":"Boutique","item":"https:\/\/paracherkaoui.ma\/index.php\/boutique\/"},{"@type":"ListItem","position":3,"name":"ACM SEBIONEX GEL SOLAIRE MATIFIANT SPF 50+ 40 ML"}]},{"@type":"WebSite","@id":"https:\/\/paracherkaoui.ma\/#website","url":"https:\/\/paracherkaoui.ma\/","name":"Paracherkaoui.ma","description":"Achetez en ligne sur Paracherkaoui.ma","potentialAction":[{"@type":"SearchAction","target":{"@type":"EntryPoint","urlTemplate":"https:\/\/paracherkaoui.ma\/?s={search_term_string}"},"query-input":{"@type":"PropertyValueSpecification","valueRequired":true,"valueName":"search_term_string"}}],"inLanguage":"fr-FR"}]}},"_links":{"self":[{"href":"https:\/\/paracherkaoui.ma\/index.php\/wp-json\/wp\/v2\/product\/37620","targetHints":{"allow":["GET"]}}],"collection":[{"href":"https:\/\/paracherkaoui.ma\/index.php\/wp-json\/wp\/v2\/product"}],"about":[{"href":"https:\/\/paracherkaoui.ma\/index.php\/wp-json\/wp\/v2\/types\/product"}],"replies":[{"embeddable":true,"href":"https:\/\/paracherkaoui.ma\/index.php\/wp-json\/wp\/v2\/comments?post=37620"}],"version-history":[{"count":1,"href":"https:\/\/paracherkaoui.ma\/index.php\/wp-json\/wp\/v2\/product\/37620\/revisions"}],"predecessor-version":[{"id":37650,"href":"https:\/\/paracherkaoui.ma\/index.php\/wp-json\/wp\/v2\/product\/37620\/revisions\/37650"}],"wp:featuredmedia":[{"embeddable":true,"href":"https:\/\/paracherkaoui.ma\/index.php\/wp-json\/wp\/v2\/media\/13138"}],"wp:attachment":[{"href":"https:\/\/paracherkaoui.ma\/index.php\/wp-json\/wp\/v2\/media?parent=37620"}],"wp:term":[{"taxonomy":"product_brand","embeddable":true,"href":"https:\/\/paracherkaoui.ma\/index.php\/wp-json\/wp\/v2\/product_brand?post=37620"},{"taxonomy":"product_cat","embeddable":true,"href":"https:\/\/paracherkaoui.ma\/index.php\/wp-json\/wp\/v2\/product_cat?post=37620"},{"taxonomy":"product_tag","embeddable":true,"href":"https:\/\/paracherkaoui.ma\/index.php\/wp-json\/wp\/v2\/product_tag?post=37620"}],"curies":[{"name":"wp","href":"https:\/\/api.w.org\/{rel}","templated":true}]}}