{"id":37567,"date":"2025-12-12T18:58:23","date_gmt":"2025-12-12T17:58:23","guid":{"rendered":"https:\/\/test.ecbeaute.com\/?post_type=product&#038;p=37567"},"modified":"2025-12-12T18:58:28","modified_gmt":"2025-12-12T17:58:28","slug":"cliniceutica-amisun-ecran-solaire-spf-50-creme-invisible-50-ml","status":"publish","type":"product","link":"https:\/\/paracherkaoui.ma\/index.php\/produit\/cliniceutica-amisun-ecran-solaire-spf-50-creme-invisible-50-ml\/","title":{"rendered":"CLINICEUTICA AMISUN ECRAN SOLAIRE SPF 50 + CREME INVISIBLE 50 ML"},"content":{"rendered":"<p>Ce produit se distingue par son respect de l\u2019environnement et des coraux, gr\u00e2ce \u00e0 une composition exempte de filtres chimiques, de parab\u00e8nes et de parfums. La cr\u00e8me est \u00e9galement r\u00e9sistante \u00e0 l&rsquo;eau, assurant une protection durable m\u00eame lors des baignades et des activit\u00e9s physiques.<br \/>\nGr\u00e2ce au Niacinamide, cette cr\u00e8me solaire aide \u00e0 diminuer visiblement l&rsquo;apparence des taches pigmentaires, unifiant ainsi le teint. Les c\u00e9ramides pr\u00e9sents dans la formule assurent une hydratation profonde, laissant la peau douce et souple. Les pigments min\u00e9raux int\u00e9gr\u00e9s offrent un effet matifiant, parfait pour les peaux grasses, tout en procurant un effet bonne mine imm\u00e9diat.<br \/>\nCOMPOSITION<br \/>\nAqua (Water\/Eau), Propanediol, Dicaprylyl Ether, Polyhydroxystearic Acid, Coconut Alkanes, Stearic Acid, Alumina, Coco-Caprylate\/Caprate, Glycerin, Sodium Acrylate\/Sodium Acryloyldimethyl Taurate, Polysorbate 20, Dimethicone, Sodium Stearoyl Glutamate, Cetyl PEG\/PPG-10\/1 Dimethicone, Triheptanoin, C13-16 Isoalkane, C15-19 Alkane, Lauryl Glucoside, Phenoxyethanol, Niacinamide, Phospholipids, Sphingolipids, Bisabolol, Sorbitan Oleate, Xanthan Gum, Disodium EDTA.<br \/>\nCONSEIL D\u2019UTILISATION<br \/>\nPour une protection optimale, appliquez g\u00e9n\u00e9reusement et uniform\u00e9ment la cr\u00e8me solaire 15 minutes avant toute exposition au soleil. Il est essentiel de renouveler l&rsquo;application toutes les deux heures et apr\u00e8s chaque baignade, transpiration ou s\u00e9chage \u00e0 la serviette.<br \/>\nCette routine garantit non seulement une protection solaire efficace, mais aussi une r\u00e9duction des risques de cancer de la peau et de vieillissement pr\u00e9matur\u00e9 li\u00e9 \u00e0 l&rsquo;exposition solaire.<\/p>\n","protected":false},"excerpt":{"rendered":"<p>Ce produit se distingue par son respect de l\u2019environnement et des coraux, gr\u00e2ce \u00e0 une composition exempte de filtres chimiques,<\/p>\n","protected":false},"featured_media":37616,"comment_status":"open","ping_status":"closed","template":"","meta":[],"product_brand":[258],"product_cat":[666],"product_tag":[],"class_list":{"0":"post-37567","1":"product","2":"type-product","3":"status-publish","4":"has-post-thumbnail","6":"product_brand-cliniceutica","7":"product_cat-cremes-solaires","9":"first","10":"instock","11":"sale","12":"shipping-taxable","13":"purchasable","14":"product-type-simple"},"yoast_head":"<!-- This site is optimized with the Yoast SEO plugin v26.6 - https:\/\/yoast.com\/wordpress\/plugins\/seo\/ -->\r\n<title>CLINICEUTICA AMISUN ECRAN SOLAIRE SPF 50 + CREME INVISIBLE 50 ML - Paracherkaoui.ma<\/title>\r\n<meta name=\"robots\" content=\"index, follow, max-snippet:-1, max-image-preview:large, max-video-preview:-1\" \/>\r\n<link rel=\"canonical\" href=\"https:\/\/paracherkaoui.ma\/index.php\/produit\/cliniceutica-amisun-ecran-solaire-spf-50-creme-invisible-50-ml\/\" \/>\r\n<meta property=\"og:locale\" content=\"fr_FR\" \/>\r\n<meta property=\"og:type\" content=\"article\" \/>\r\n<meta property=\"og:title\" content=\"CLINICEUTICA AMISUN ECRAN SOLAIRE SPF 50 + CREME INVISIBLE 50 ML - Paracherkaoui.ma\" \/>\r\n<meta property=\"og:description\" content=\"Ce produit se distingue par son respect de l\u2019environnement et des coraux, gr\u00e2ce \u00e0 une composition exempte de filtres chimiques,\" \/>\r\n<meta property=\"og:url\" content=\"https:\/\/paracherkaoui.ma\/index.php\/produit\/cliniceutica-amisun-ecran-solaire-spf-50-creme-invisible-50-ml\/\" \/>\r\n<meta property=\"og:site_name\" content=\"Paracherkaoui.ma\" \/>\r\n<meta property=\"article:modified_time\" content=\"2025-12-12T17:58:28+00:00\" \/>\r\n<meta property=\"og:image\" content=\"https:\/\/paracherkaoui.ma\/wp-content\/uploads\/2025\/12\/cliniceutica-cliniceutica-amisun-ecran-solaire-spf-50-creme-invisible-50-ml-cremes-solaires.jpg\" \/>\r\n\t<meta property=\"og:image:width\" content=\"700\" \/>\r\n\t<meta property=\"og:image:height\" content=\"700\" \/>\r\n\t<meta property=\"og:image:type\" content=\"image\/jpeg\" \/>\r\n<meta name=\"twitter:card\" content=\"summary_large_image\" \/>\r\n<meta name=\"twitter:label1\" content=\"Dur\u00e9e de lecture estim\u00e9e\" \/>\n\t<meta name=\"twitter:data1\" content=\"1 minute\" \/>\r\n<script type=\"application\/ld+json\" class=\"yoast-schema-graph\">{\"@context\":\"https:\/\/schema.org\",\"@graph\":[{\"@type\":\"WebPage\",\"@id\":\"https:\/\/paracherkaoui.ma\/index.php\/produit\/cliniceutica-amisun-ecran-solaire-spf-50-creme-invisible-50-ml\/\",\"url\":\"https:\/\/paracherkaoui.ma\/index.php\/produit\/cliniceutica-amisun-ecran-solaire-spf-50-creme-invisible-50-ml\/\",\"name\":\"CLINICEUTICA AMISUN ECRAN SOLAIRE SPF 50 + CREME INVISIBLE 50 ML - Paracherkaoui.ma\",\"isPartOf\":{\"@id\":\"https:\/\/paracherkaoui.ma\/#website\"},\"primaryImageOfPage\":{\"@id\":\"https:\/\/paracherkaoui.ma\/index.php\/produit\/cliniceutica-amisun-ecran-solaire-spf-50-creme-invisible-50-ml\/#primaryimage\"},\"image\":{\"@id\":\"https:\/\/paracherkaoui.ma\/index.php\/produit\/cliniceutica-amisun-ecran-solaire-spf-50-creme-invisible-50-ml\/#primaryimage\"},\"thumbnailUrl\":\"https:\/\/paracherkaoui.ma\/wp-content\/uploads\/2025\/12\/cliniceutica-cliniceutica-amisun-ecran-solaire-spf-50-creme-invisible-50-ml-cremes-solaires.jpg\",\"datePublished\":\"2025-12-12T17:58:23+00:00\",\"dateModified\":\"2025-12-12T17:58:28+00:00\",\"breadcrumb\":{\"@id\":\"https:\/\/paracherkaoui.ma\/index.php\/produit\/cliniceutica-amisun-ecran-solaire-spf-50-creme-invisible-50-ml\/#breadcrumb\"},\"inLanguage\":\"fr-FR\",\"potentialAction\":[{\"@type\":\"ReadAction\",\"target\":[\"https:\/\/paracherkaoui.ma\/index.php\/produit\/cliniceutica-amisun-ecran-solaire-spf-50-creme-invisible-50-ml\/\"]}]},{\"@type\":\"ImageObject\",\"inLanguage\":\"fr-FR\",\"@id\":\"https:\/\/paracherkaoui.ma\/index.php\/produit\/cliniceutica-amisun-ecran-solaire-spf-50-creme-invisible-50-ml\/#primaryimage\",\"url\":\"https:\/\/paracherkaoui.ma\/wp-content\/uploads\/2025\/12\/cliniceutica-cliniceutica-amisun-ecran-solaire-spf-50-creme-invisible-50-ml-cremes-solaires.jpg\",\"contentUrl\":\"https:\/\/paracherkaoui.ma\/wp-content\/uploads\/2025\/12\/cliniceutica-cliniceutica-amisun-ecran-solaire-spf-50-creme-invisible-50-ml-cremes-solaires.jpg\",\"width\":700,\"height\":700},{\"@type\":\"BreadcrumbList\",\"@id\":\"https:\/\/paracherkaoui.ma\/index.php\/produit\/cliniceutica-amisun-ecran-solaire-spf-50-creme-invisible-50-ml\/#breadcrumb\",\"itemListElement\":[{\"@type\":\"ListItem\",\"position\":1,\"name\":\"Accueil\",\"item\":\"https:\/\/paracherkaoui.ma\/\"},{\"@type\":\"ListItem\",\"position\":2,\"name\":\"Boutique\",\"item\":\"https:\/\/paracherkaoui.ma\/index.php\/boutique\/\"},{\"@type\":\"ListItem\",\"position\":3,\"name\":\"CLINICEUTICA AMISUN ECRAN SOLAIRE SPF 50 + CREME INVISIBLE 50 ML\"}]},{\"@type\":\"WebSite\",\"@id\":\"https:\/\/paracherkaoui.ma\/#website\",\"url\":\"https:\/\/paracherkaoui.ma\/\",\"name\":\"Paracherkaoui.ma\",\"description\":\"Achetez en ligne sur Paracherkaoui.ma\",\"potentialAction\":[{\"@type\":\"SearchAction\",\"target\":{\"@type\":\"EntryPoint\",\"urlTemplate\":\"https:\/\/paracherkaoui.ma\/?s={search_term_string}\"},\"query-input\":{\"@type\":\"PropertyValueSpecification\",\"valueRequired\":true,\"valueName\":\"search_term_string\"}}],\"inLanguage\":\"fr-FR\"}]}<\/script>\r\n<!-- \/ Yoast SEO plugin. -->","yoast_head_json":{"title":"CLINICEUTICA AMISUN ECRAN SOLAIRE SPF 50 + CREME INVISIBLE 50 ML - Paracherkaoui.ma","robots":{"index":"index","follow":"follow","max-snippet":"max-snippet:-1","max-image-preview":"max-image-preview:large","max-video-preview":"max-video-preview:-1"},"canonical":"https:\/\/paracherkaoui.ma\/index.php\/produit\/cliniceutica-amisun-ecran-solaire-spf-50-creme-invisible-50-ml\/","og_locale":"fr_FR","og_type":"article","og_title":"CLINICEUTICA AMISUN ECRAN SOLAIRE SPF 50 + CREME INVISIBLE 50 ML - Paracherkaoui.ma","og_description":"Ce produit se distingue par son respect de l\u2019environnement et des coraux, gr\u00e2ce \u00e0 une composition exempte de filtres chimiques,","og_url":"https:\/\/paracherkaoui.ma\/index.php\/produit\/cliniceutica-amisun-ecran-solaire-spf-50-creme-invisible-50-ml\/","og_site_name":"Paracherkaoui.ma","article_modified_time":"2025-12-12T17:58:28+00:00","og_image":[{"width":700,"height":700,"url":"https:\/\/paracherkaoui.ma\/wp-content\/uploads\/2025\/12\/cliniceutica-cliniceutica-amisun-ecran-solaire-spf-50-creme-invisible-50-ml-cremes-solaires.jpg","type":"image\/jpeg"}],"twitter_card":"summary_large_image","twitter_misc":{"Dur\u00e9e de lecture estim\u00e9e":"1 minute"},"schema":{"@context":"https:\/\/schema.org","@graph":[{"@type":"WebPage","@id":"https:\/\/paracherkaoui.ma\/index.php\/produit\/cliniceutica-amisun-ecran-solaire-spf-50-creme-invisible-50-ml\/","url":"https:\/\/paracherkaoui.ma\/index.php\/produit\/cliniceutica-amisun-ecran-solaire-spf-50-creme-invisible-50-ml\/","name":"CLINICEUTICA AMISUN ECRAN SOLAIRE SPF 50 + CREME INVISIBLE 50 ML - Paracherkaoui.ma","isPartOf":{"@id":"https:\/\/paracherkaoui.ma\/#website"},"primaryImageOfPage":{"@id":"https:\/\/paracherkaoui.ma\/index.php\/produit\/cliniceutica-amisun-ecran-solaire-spf-50-creme-invisible-50-ml\/#primaryimage"},"image":{"@id":"https:\/\/paracherkaoui.ma\/index.php\/produit\/cliniceutica-amisun-ecran-solaire-spf-50-creme-invisible-50-ml\/#primaryimage"},"thumbnailUrl":"https:\/\/paracherkaoui.ma\/wp-content\/uploads\/2025\/12\/cliniceutica-cliniceutica-amisun-ecran-solaire-spf-50-creme-invisible-50-ml-cremes-solaires.jpg","datePublished":"2025-12-12T17:58:23+00:00","dateModified":"2025-12-12T17:58:28+00:00","breadcrumb":{"@id":"https:\/\/paracherkaoui.ma\/index.php\/produit\/cliniceutica-amisun-ecran-solaire-spf-50-creme-invisible-50-ml\/#breadcrumb"},"inLanguage":"fr-FR","potentialAction":[{"@type":"ReadAction","target":["https:\/\/paracherkaoui.ma\/index.php\/produit\/cliniceutica-amisun-ecran-solaire-spf-50-creme-invisible-50-ml\/"]}]},{"@type":"ImageObject","inLanguage":"fr-FR","@id":"https:\/\/paracherkaoui.ma\/index.php\/produit\/cliniceutica-amisun-ecran-solaire-spf-50-creme-invisible-50-ml\/#primaryimage","url":"https:\/\/paracherkaoui.ma\/wp-content\/uploads\/2025\/12\/cliniceutica-cliniceutica-amisun-ecran-solaire-spf-50-creme-invisible-50-ml-cremes-solaires.jpg","contentUrl":"https:\/\/paracherkaoui.ma\/wp-content\/uploads\/2025\/12\/cliniceutica-cliniceutica-amisun-ecran-solaire-spf-50-creme-invisible-50-ml-cremes-solaires.jpg","width":700,"height":700},{"@type":"BreadcrumbList","@id":"https:\/\/paracherkaoui.ma\/index.php\/produit\/cliniceutica-amisun-ecran-solaire-spf-50-creme-invisible-50-ml\/#breadcrumb","itemListElement":[{"@type":"ListItem","position":1,"name":"Accueil","item":"https:\/\/paracherkaoui.ma\/"},{"@type":"ListItem","position":2,"name":"Boutique","item":"https:\/\/paracherkaoui.ma\/index.php\/boutique\/"},{"@type":"ListItem","position":3,"name":"CLINICEUTICA AMISUN ECRAN SOLAIRE SPF 50 + CREME INVISIBLE 50 ML"}]},{"@type":"WebSite","@id":"https:\/\/paracherkaoui.ma\/#website","url":"https:\/\/paracherkaoui.ma\/","name":"Paracherkaoui.ma","description":"Achetez en ligne sur Paracherkaoui.ma","potentialAction":[{"@type":"SearchAction","target":{"@type":"EntryPoint","urlTemplate":"https:\/\/paracherkaoui.ma\/?s={search_term_string}"},"query-input":{"@type":"PropertyValueSpecification","valueRequired":true,"valueName":"search_term_string"}}],"inLanguage":"fr-FR"}]}},"_links":{"self":[{"href":"https:\/\/paracherkaoui.ma\/index.php\/wp-json\/wp\/v2\/product\/37567","targetHints":{"allow":["GET"]}}],"collection":[{"href":"https:\/\/paracherkaoui.ma\/index.php\/wp-json\/wp\/v2\/product"}],"about":[{"href":"https:\/\/paracherkaoui.ma\/index.php\/wp-json\/wp\/v2\/types\/product"}],"replies":[{"embeddable":true,"href":"https:\/\/paracherkaoui.ma\/index.php\/wp-json\/wp\/v2\/comments?post=37567"}],"version-history":[{"count":1,"href":"https:\/\/paracherkaoui.ma\/index.php\/wp-json\/wp\/v2\/product\/37567\/revisions"}],"predecessor-version":[{"id":37617,"href":"https:\/\/paracherkaoui.ma\/index.php\/wp-json\/wp\/v2\/product\/37567\/revisions\/37617"}],"wp:featuredmedia":[{"embeddable":true,"href":"https:\/\/paracherkaoui.ma\/index.php\/wp-json\/wp\/v2\/media\/37616"}],"wp:attachment":[{"href":"https:\/\/paracherkaoui.ma\/index.php\/wp-json\/wp\/v2\/media?parent=37567"}],"wp:term":[{"taxonomy":"product_brand","embeddable":true,"href":"https:\/\/paracherkaoui.ma\/index.php\/wp-json\/wp\/v2\/product_brand?post=37567"},{"taxonomy":"product_cat","embeddable":true,"href":"https:\/\/paracherkaoui.ma\/index.php\/wp-json\/wp\/v2\/product_cat?post=37567"},{"taxonomy":"product_tag","embeddable":true,"href":"https:\/\/paracherkaoui.ma\/index.php\/wp-json\/wp\/v2\/product_tag?post=37567"}],"curies":[{"name":"wp","href":"https:\/\/api.w.org\/{rel}","templated":true}]}}