{"id":37565,"date":"2025-12-12T18:58:22","date_gmt":"2025-12-12T17:58:22","guid":{"rendered":"https:\/\/test.ecbeaute.com\/?post_type=product&#038;p=37565"},"modified":"2025-12-12T18:58:28","modified_gmt":"2025-12-12T17:58:28","slug":"acm-depiwhite-m-creme-protectrice-invisible-spf-50-40-ml-3","status":"publish","type":"product","link":"https:\/\/paracherkaoui.ma\/index.php\/produit\/acm-depiwhite-m-creme-protectrice-invisible-spf-50-40-ml-3\/","title":{"rendered":"ACM DEPIWHITE M CREME PROTECTRICE INVISIBLE SPF 50+ 40 ML"},"content":{"rendered":"<p>Description:<br \/>\nD\u00e9piwhite.M est une cr\u00e8me protectrice invisible sp\u00e9cifiquement formul\u00e9e pour les troubles de la pigmentation de type masque de grossesse.Gr\u00e2ce \u00e0 son association innovante et brevet\u00e9e de filtres solaires et d\u2019actifs, le soin photoprotecteur D\u00e9piwhite.M permet une tr\u00e8s haute protection sur l\u2019ensemble du spectre UVA\/UVB ainsi qu\u2019une protection compl\u00e9mentaire contre la lumi\u00e8re visible de haute \u00e9nergie (bleu \u2013 violet). D\u00e9piwhite.M a \u00e9t\u00e9 sp\u00e9cifiquement d\u00e9velopp\u00e9 pour les troubles de la pigmentation de type masque de grossesse. D\u00e9piwhite.M contient aussi des actifs hydratants et anti-oxydants qui permettent de lutter contre le vieillissement cutan\u00e9. Sa texture est fluide et invisible. Photostable \u2013 R\u00e9sistant \u00e0 l\u2019eau \u2013 Sans parfum \u2013 Sans paraben.<br \/>\nConseils d\u2019utilisation :<br \/>\nAppliquer au quotidien tout au long de l\u2019ann\u00e9e sur le visage pour limiter les risques d\u2019apparition et d\u2019aggravation des taches pigmentaires en particulier de type masque de grossesse.<\/p>\n","protected":false},"excerpt":{"rendered":"<p>Description: D\u00e9piwhite.M est une cr\u00e8me protectrice invisible sp\u00e9cifiquement formul\u00e9e pour les troubles de la pigmentation de type masque de grossesse.Gr\u00e2ce<\/p>\n","protected":false},"featured_media":11851,"comment_status":"open","ping_status":"closed","template":"","meta":[],"product_brand":[142],"product_cat":[666],"product_tag":[],"class_list":{"0":"post-37565","1":"product","2":"type-product","3":"status-publish","4":"has-post-thumbnail","6":"product_brand-acm","7":"product_cat-cremes-solaires","9":"first","10":"instock","11":"sale","12":"shipping-taxable","13":"purchasable","14":"product-type-simple"},"yoast_head":"<!-- This site is optimized with the Yoast SEO plugin v26.6 - https:\/\/yoast.com\/wordpress\/plugins\/seo\/ -->\r\n<title>ACM DEPIWHITE M CREME PROTECTRICE INVISIBLE SPF 50+ 40 ML - Paracherkaoui.ma<\/title>\r\n<meta name=\"robots\" content=\"index, follow, max-snippet:-1, max-image-preview:large, max-video-preview:-1\" \/>\r\n<link rel=\"canonical\" href=\"https:\/\/paracherkaoui.ma\/index.php\/produit\/acm-depiwhite-m-creme-protectrice-invisible-spf-50-40-ml-3\/\" \/>\r\n<meta property=\"og:locale\" content=\"fr_FR\" \/>\r\n<meta property=\"og:type\" content=\"article\" \/>\r\n<meta property=\"og:title\" content=\"ACM DEPIWHITE M CREME PROTECTRICE INVISIBLE SPF 50+ 40 ML - Paracherkaoui.ma\" \/>\r\n<meta property=\"og:description\" content=\"Description: D\u00e9piwhite.M est une cr\u00e8me protectrice invisible sp\u00e9cifiquement formul\u00e9e pour les troubles de la pigmentation de type masque de grossesse.Gr\u00e2ce\" \/>\r\n<meta property=\"og:url\" content=\"https:\/\/paracherkaoui.ma\/index.php\/produit\/acm-depiwhite-m-creme-protectrice-invisible-spf-50-40-ml-3\/\" \/>\r\n<meta property=\"og:site_name\" content=\"Paracherkaoui.ma\" \/>\r\n<meta property=\"article:modified_time\" content=\"2025-12-12T17:58:28+00:00\" \/>\r\n<meta property=\"og:image\" content=\"https:\/\/paracherkaoui.ma\/wp-content\/uploads\/2025\/12\/acm-acm-depiwhite-m-creme-protectrice-invisible-spf-50-40-ml-cremes-solaires.jpg\" \/>\r\n\t<meta property=\"og:image:width\" content=\"700\" \/>\r\n\t<meta property=\"og:image:height\" content=\"700\" \/>\r\n\t<meta property=\"og:image:type\" content=\"image\/jpeg\" \/>\r\n<meta name=\"twitter:card\" content=\"summary_large_image\" \/>\r\n<meta name=\"twitter:label1\" content=\"Dur\u00e9e de lecture estim\u00e9e\" \/>\n\t<meta name=\"twitter:data1\" content=\"1 minute\" \/>\r\n<script type=\"application\/ld+json\" class=\"yoast-schema-graph\">{\"@context\":\"https:\/\/schema.org\",\"@graph\":[{\"@type\":\"WebPage\",\"@id\":\"https:\/\/paracherkaoui.ma\/index.php\/produit\/acm-depiwhite-m-creme-protectrice-invisible-spf-50-40-ml-3\/\",\"url\":\"https:\/\/paracherkaoui.ma\/index.php\/produit\/acm-depiwhite-m-creme-protectrice-invisible-spf-50-40-ml-3\/\",\"name\":\"ACM DEPIWHITE M CREME PROTECTRICE INVISIBLE SPF 50+ 40 ML - Paracherkaoui.ma\",\"isPartOf\":{\"@id\":\"https:\/\/paracherkaoui.ma\/#website\"},\"primaryImageOfPage\":{\"@id\":\"https:\/\/paracherkaoui.ma\/index.php\/produit\/acm-depiwhite-m-creme-protectrice-invisible-spf-50-40-ml-3\/#primaryimage\"},\"image\":{\"@id\":\"https:\/\/paracherkaoui.ma\/index.php\/produit\/acm-depiwhite-m-creme-protectrice-invisible-spf-50-40-ml-3\/#primaryimage\"},\"thumbnailUrl\":\"https:\/\/paracherkaoui.ma\/wp-content\/uploads\/2025\/12\/acm-acm-depiwhite-m-creme-protectrice-invisible-spf-50-40-ml-cremes-solaires.jpg\",\"datePublished\":\"2025-12-12T17:58:22+00:00\",\"dateModified\":\"2025-12-12T17:58:28+00:00\",\"breadcrumb\":{\"@id\":\"https:\/\/paracherkaoui.ma\/index.php\/produit\/acm-depiwhite-m-creme-protectrice-invisible-spf-50-40-ml-3\/#breadcrumb\"},\"inLanguage\":\"fr-FR\",\"potentialAction\":[{\"@type\":\"ReadAction\",\"target\":[\"https:\/\/paracherkaoui.ma\/index.php\/produit\/acm-depiwhite-m-creme-protectrice-invisible-spf-50-40-ml-3\/\"]}]},{\"@type\":\"ImageObject\",\"inLanguage\":\"fr-FR\",\"@id\":\"https:\/\/paracherkaoui.ma\/index.php\/produit\/acm-depiwhite-m-creme-protectrice-invisible-spf-50-40-ml-3\/#primaryimage\",\"url\":\"https:\/\/paracherkaoui.ma\/wp-content\/uploads\/2025\/12\/acm-acm-depiwhite-m-creme-protectrice-invisible-spf-50-40-ml-cremes-solaires.jpg\",\"contentUrl\":\"https:\/\/paracherkaoui.ma\/wp-content\/uploads\/2025\/12\/acm-acm-depiwhite-m-creme-protectrice-invisible-spf-50-40-ml-cremes-solaires.jpg\",\"width\":700,\"height\":700},{\"@type\":\"BreadcrumbList\",\"@id\":\"https:\/\/paracherkaoui.ma\/index.php\/produit\/acm-depiwhite-m-creme-protectrice-invisible-spf-50-40-ml-3\/#breadcrumb\",\"itemListElement\":[{\"@type\":\"ListItem\",\"position\":1,\"name\":\"Accueil\",\"item\":\"https:\/\/paracherkaoui.ma\/\"},{\"@type\":\"ListItem\",\"position\":2,\"name\":\"Boutique\",\"item\":\"https:\/\/paracherkaoui.ma\/index.php\/boutique\/\"},{\"@type\":\"ListItem\",\"position\":3,\"name\":\"ACM DEPIWHITE M CREME PROTECTRICE INVISIBLE SPF 50+ 40 ML\"}]},{\"@type\":\"WebSite\",\"@id\":\"https:\/\/paracherkaoui.ma\/#website\",\"url\":\"https:\/\/paracherkaoui.ma\/\",\"name\":\"Paracherkaoui.ma\",\"description\":\"Achetez en ligne sur Paracherkaoui.ma\",\"potentialAction\":[{\"@type\":\"SearchAction\",\"target\":{\"@type\":\"EntryPoint\",\"urlTemplate\":\"https:\/\/paracherkaoui.ma\/?s={search_term_string}\"},\"query-input\":{\"@type\":\"PropertyValueSpecification\",\"valueRequired\":true,\"valueName\":\"search_term_string\"}}],\"inLanguage\":\"fr-FR\"}]}<\/script>\r\n<!-- \/ Yoast SEO plugin. -->","yoast_head_json":{"title":"ACM DEPIWHITE M CREME PROTECTRICE INVISIBLE SPF 50+ 40 ML - Paracherkaoui.ma","robots":{"index":"index","follow":"follow","max-snippet":"max-snippet:-1","max-image-preview":"max-image-preview:large","max-video-preview":"max-video-preview:-1"},"canonical":"https:\/\/paracherkaoui.ma\/index.php\/produit\/acm-depiwhite-m-creme-protectrice-invisible-spf-50-40-ml-3\/","og_locale":"fr_FR","og_type":"article","og_title":"ACM DEPIWHITE M CREME PROTECTRICE INVISIBLE SPF 50+ 40 ML - Paracherkaoui.ma","og_description":"Description: D\u00e9piwhite.M est une cr\u00e8me protectrice invisible sp\u00e9cifiquement formul\u00e9e pour les troubles de la pigmentation de type masque de grossesse.Gr\u00e2ce","og_url":"https:\/\/paracherkaoui.ma\/index.php\/produit\/acm-depiwhite-m-creme-protectrice-invisible-spf-50-40-ml-3\/","og_site_name":"Paracherkaoui.ma","article_modified_time":"2025-12-12T17:58:28+00:00","og_image":[{"width":700,"height":700,"url":"https:\/\/paracherkaoui.ma\/wp-content\/uploads\/2025\/12\/acm-acm-depiwhite-m-creme-protectrice-invisible-spf-50-40-ml-cremes-solaires.jpg","type":"image\/jpeg"}],"twitter_card":"summary_large_image","twitter_misc":{"Dur\u00e9e de lecture estim\u00e9e":"1 minute"},"schema":{"@context":"https:\/\/schema.org","@graph":[{"@type":"WebPage","@id":"https:\/\/paracherkaoui.ma\/index.php\/produit\/acm-depiwhite-m-creme-protectrice-invisible-spf-50-40-ml-3\/","url":"https:\/\/paracherkaoui.ma\/index.php\/produit\/acm-depiwhite-m-creme-protectrice-invisible-spf-50-40-ml-3\/","name":"ACM DEPIWHITE M CREME PROTECTRICE INVISIBLE SPF 50+ 40 ML - Paracherkaoui.ma","isPartOf":{"@id":"https:\/\/paracherkaoui.ma\/#website"},"primaryImageOfPage":{"@id":"https:\/\/paracherkaoui.ma\/index.php\/produit\/acm-depiwhite-m-creme-protectrice-invisible-spf-50-40-ml-3\/#primaryimage"},"image":{"@id":"https:\/\/paracherkaoui.ma\/index.php\/produit\/acm-depiwhite-m-creme-protectrice-invisible-spf-50-40-ml-3\/#primaryimage"},"thumbnailUrl":"https:\/\/paracherkaoui.ma\/wp-content\/uploads\/2025\/12\/acm-acm-depiwhite-m-creme-protectrice-invisible-spf-50-40-ml-cremes-solaires.jpg","datePublished":"2025-12-12T17:58:22+00:00","dateModified":"2025-12-12T17:58:28+00:00","breadcrumb":{"@id":"https:\/\/paracherkaoui.ma\/index.php\/produit\/acm-depiwhite-m-creme-protectrice-invisible-spf-50-40-ml-3\/#breadcrumb"},"inLanguage":"fr-FR","potentialAction":[{"@type":"ReadAction","target":["https:\/\/paracherkaoui.ma\/index.php\/produit\/acm-depiwhite-m-creme-protectrice-invisible-spf-50-40-ml-3\/"]}]},{"@type":"ImageObject","inLanguage":"fr-FR","@id":"https:\/\/paracherkaoui.ma\/index.php\/produit\/acm-depiwhite-m-creme-protectrice-invisible-spf-50-40-ml-3\/#primaryimage","url":"https:\/\/paracherkaoui.ma\/wp-content\/uploads\/2025\/12\/acm-acm-depiwhite-m-creme-protectrice-invisible-spf-50-40-ml-cremes-solaires.jpg","contentUrl":"https:\/\/paracherkaoui.ma\/wp-content\/uploads\/2025\/12\/acm-acm-depiwhite-m-creme-protectrice-invisible-spf-50-40-ml-cremes-solaires.jpg","width":700,"height":700},{"@type":"BreadcrumbList","@id":"https:\/\/paracherkaoui.ma\/index.php\/produit\/acm-depiwhite-m-creme-protectrice-invisible-spf-50-40-ml-3\/#breadcrumb","itemListElement":[{"@type":"ListItem","position":1,"name":"Accueil","item":"https:\/\/paracherkaoui.ma\/"},{"@type":"ListItem","position":2,"name":"Boutique","item":"https:\/\/paracherkaoui.ma\/index.php\/boutique\/"},{"@type":"ListItem","position":3,"name":"ACM DEPIWHITE M CREME PROTECTRICE INVISIBLE SPF 50+ 40 ML"}]},{"@type":"WebSite","@id":"https:\/\/paracherkaoui.ma\/#website","url":"https:\/\/paracherkaoui.ma\/","name":"Paracherkaoui.ma","description":"Achetez en ligne sur Paracherkaoui.ma","potentialAction":[{"@type":"SearchAction","target":{"@type":"EntryPoint","urlTemplate":"https:\/\/paracherkaoui.ma\/?s={search_term_string}"},"query-input":{"@type":"PropertyValueSpecification","valueRequired":true,"valueName":"search_term_string"}}],"inLanguage":"fr-FR"}]}},"_links":{"self":[{"href":"https:\/\/paracherkaoui.ma\/index.php\/wp-json\/wp\/v2\/product\/37565","targetHints":{"allow":["GET"]}}],"collection":[{"href":"https:\/\/paracherkaoui.ma\/index.php\/wp-json\/wp\/v2\/product"}],"about":[{"href":"https:\/\/paracherkaoui.ma\/index.php\/wp-json\/wp\/v2\/types\/product"}],"replies":[{"embeddable":true,"href":"https:\/\/paracherkaoui.ma\/index.php\/wp-json\/wp\/v2\/comments?post=37565"}],"version-history":[{"count":1,"href":"https:\/\/paracherkaoui.ma\/index.php\/wp-json\/wp\/v2\/product\/37565\/revisions"}],"predecessor-version":[{"id":37614,"href":"https:\/\/paracherkaoui.ma\/index.php\/wp-json\/wp\/v2\/product\/37565\/revisions\/37614"}],"wp:featuredmedia":[{"embeddable":true,"href":"https:\/\/paracherkaoui.ma\/index.php\/wp-json\/wp\/v2\/media\/11851"}],"wp:attachment":[{"href":"https:\/\/paracherkaoui.ma\/index.php\/wp-json\/wp\/v2\/media?parent=37565"}],"wp:term":[{"taxonomy":"product_brand","embeddable":true,"href":"https:\/\/paracherkaoui.ma\/index.php\/wp-json\/wp\/v2\/product_brand?post=37565"},{"taxonomy":"product_cat","embeddable":true,"href":"https:\/\/paracherkaoui.ma\/index.php\/wp-json\/wp\/v2\/product_cat?post=37565"},{"taxonomy":"product_tag","embeddable":true,"href":"https:\/\/paracherkaoui.ma\/index.php\/wp-json\/wp\/v2\/product_tag?post=37565"}],"curies":[{"name":"wp","href":"https:\/\/api.w.org\/{rel}","templated":true}]}}