{"id":37559,"date":"2025-12-12T18:58:22","date_gmt":"2025-12-12T17:58:22","guid":{"rendered":"https:\/\/test.ecbeaute.com\/?post_type=product&#038;p=37559"},"modified":"2025-12-12T18:58:26","modified_gmt":"2025-12-12T17:58:26","slug":"martiderm-proteos-creme-solaire-teinte-spf-50-40-ml","status":"publish","type":"product","link":"https:\/\/paracherkaoui.ma\/index.php\/produit\/martiderm-proteos-creme-solaire-teinte-spf-50-40-ml\/","title":{"rendered":"MARTIDERM PROTEOS CREME SOLAIRE TEINTE SPF 50+ 40 ML"},"content":{"rendered":"<p>La cr\u00e8me Proteos Screen SPF 50+ Color Fluid Cream est la version contenant des microsph\u00e8res de couleurs de la cr\u00e8me Proteos Screen SPF 50+. Il s\u2019agit d\u2019une cr\u00e8me hydratante teint\u00e9e avec protection solaire. D\u2019absorption facile, elle pr\u00e9vient et contribue \u00e0 r\u00e9parer les signes du vieillissement cutan\u00e9 pr\u00e9matur\u00e9. La couleur appara\u00eet lorsque l\u2019\u00e9mulsion est appliqu\u00e9e sur la peau en effectuant un l\u00e9ger massage, et celle-ci lib\u00e8re alors une teinte naturelle qui s\u2019adapte \u00e0 tous les types de peau, pour am\u00e9liorer son apparence. Sa texture Cream-to-Powder conf\u00e8re \u00e0 la peau une sensation soyeuse et invisible. Offre \u00e9galement une protection \u00e0 large spectre contre les rayons UVA \/ UVB \/ IR \/ HEV (lumi\u00e8re bleue).\u00a0L\u2019association de prot\u00e9oglycanes et du complexe d\u2019acide hyaluronique et de silicium contribue \u00e0 maintenir un teint jeune, frais et uniforme.<br \/>\nCONSEILS D&rsquo;UTILISATION:<br \/>\nMettre un peu de cr\u00e8me sur les mains.<br \/>\nAppliquer sur le visage, le cou et le d\u00e9collet\u00e9.<\/p>\n","protected":false},"excerpt":{"rendered":"<p>La cr\u00e8me Proteos Screen SPF 50+ Color Fluid Cream est la version contenant des microsph\u00e8res de couleurs de la cr\u00e8me<\/p>\n","protected":false},"featured_media":37602,"comment_status":"open","ping_status":"closed","template":"","meta":[],"product_brand":[291],"product_cat":[666],"product_tag":[],"class_list":{"0":"post-37559","1":"product","2":"type-product","3":"status-publish","4":"has-post-thumbnail","6":"product_brand-martiderm","7":"product_cat-cremes-solaires","9":"first","10":"instock","11":"sale","12":"shipping-taxable","13":"purchasable","14":"product-type-simple"},"yoast_head":"<!-- This site is optimized with the Yoast SEO plugin v26.6 - https:\/\/yoast.com\/wordpress\/plugins\/seo\/ -->\r\n<title>MARTIDERM PROTEOS CREME SOLAIRE TEINTE SPF 50+ 40 ML - Paracherkaoui.ma<\/title>\r\n<meta name=\"robots\" content=\"index, follow, max-snippet:-1, max-image-preview:large, max-video-preview:-1\" \/>\r\n<link rel=\"canonical\" href=\"https:\/\/paracherkaoui.ma\/index.php\/produit\/martiderm-proteos-creme-solaire-teinte-spf-50-40-ml\/\" \/>\r\n<meta property=\"og:locale\" content=\"fr_FR\" \/>\r\n<meta property=\"og:type\" content=\"article\" \/>\r\n<meta property=\"og:title\" content=\"MARTIDERM PROTEOS CREME SOLAIRE TEINTE SPF 50+ 40 ML - Paracherkaoui.ma\" \/>\r\n<meta property=\"og:description\" content=\"La cr\u00e8me Proteos Screen SPF 50+ Color Fluid Cream est la version contenant des microsph\u00e8res de couleurs de la cr\u00e8me\" \/>\r\n<meta property=\"og:url\" content=\"https:\/\/paracherkaoui.ma\/index.php\/produit\/martiderm-proteos-creme-solaire-teinte-spf-50-40-ml\/\" \/>\r\n<meta property=\"og:site_name\" content=\"Paracherkaoui.ma\" \/>\r\n<meta property=\"article:modified_time\" content=\"2025-12-12T17:58:26+00:00\" \/>\r\n<meta property=\"og:image\" content=\"https:\/\/paracherkaoui.ma\/wp-content\/uploads\/2025\/12\/martiderm-martiderm-proteos-creme-solaire-teinte-spf-50-40-ml-cremes.jpg\" \/>\r\n\t<meta property=\"og:image:width\" content=\"700\" \/>\r\n\t<meta property=\"og:image:height\" content=\"700\" \/>\r\n\t<meta property=\"og:image:type\" content=\"image\/jpeg\" \/>\r\n<meta name=\"twitter:card\" content=\"summary_large_image\" \/>\r\n<meta name=\"twitter:label1\" content=\"Dur\u00e9e de lecture estim\u00e9e\" \/>\n\t<meta name=\"twitter:data1\" content=\"1 minute\" \/>\r\n<script type=\"application\/ld+json\" class=\"yoast-schema-graph\">{\"@context\":\"https:\/\/schema.org\",\"@graph\":[{\"@type\":\"WebPage\",\"@id\":\"https:\/\/paracherkaoui.ma\/index.php\/produit\/martiderm-proteos-creme-solaire-teinte-spf-50-40-ml\/\",\"url\":\"https:\/\/paracherkaoui.ma\/index.php\/produit\/martiderm-proteos-creme-solaire-teinte-spf-50-40-ml\/\",\"name\":\"MARTIDERM PROTEOS CREME SOLAIRE TEINTE SPF 50+ 40 ML - Paracherkaoui.ma\",\"isPartOf\":{\"@id\":\"https:\/\/paracherkaoui.ma\/#website\"},\"primaryImageOfPage\":{\"@id\":\"https:\/\/paracherkaoui.ma\/index.php\/produit\/martiderm-proteos-creme-solaire-teinte-spf-50-40-ml\/#primaryimage\"},\"image\":{\"@id\":\"https:\/\/paracherkaoui.ma\/index.php\/produit\/martiderm-proteos-creme-solaire-teinte-spf-50-40-ml\/#primaryimage\"},\"thumbnailUrl\":\"https:\/\/paracherkaoui.ma\/wp-content\/uploads\/2025\/12\/martiderm-martiderm-proteos-creme-solaire-teinte-spf-50-40-ml-cremes.jpg\",\"datePublished\":\"2025-12-12T17:58:22+00:00\",\"dateModified\":\"2025-12-12T17:58:26+00:00\",\"breadcrumb\":{\"@id\":\"https:\/\/paracherkaoui.ma\/index.php\/produit\/martiderm-proteos-creme-solaire-teinte-spf-50-40-ml\/#breadcrumb\"},\"inLanguage\":\"fr-FR\",\"potentialAction\":[{\"@type\":\"ReadAction\",\"target\":[\"https:\/\/paracherkaoui.ma\/index.php\/produit\/martiderm-proteos-creme-solaire-teinte-spf-50-40-ml\/\"]}]},{\"@type\":\"ImageObject\",\"inLanguage\":\"fr-FR\",\"@id\":\"https:\/\/paracherkaoui.ma\/index.php\/produit\/martiderm-proteos-creme-solaire-teinte-spf-50-40-ml\/#primaryimage\",\"url\":\"https:\/\/paracherkaoui.ma\/wp-content\/uploads\/2025\/12\/martiderm-martiderm-proteos-creme-solaire-teinte-spf-50-40-ml-cremes.jpg\",\"contentUrl\":\"https:\/\/paracherkaoui.ma\/wp-content\/uploads\/2025\/12\/martiderm-martiderm-proteos-creme-solaire-teinte-spf-50-40-ml-cremes.jpg\",\"width\":700,\"height\":700},{\"@type\":\"BreadcrumbList\",\"@id\":\"https:\/\/paracherkaoui.ma\/index.php\/produit\/martiderm-proteos-creme-solaire-teinte-spf-50-40-ml\/#breadcrumb\",\"itemListElement\":[{\"@type\":\"ListItem\",\"position\":1,\"name\":\"Accueil\",\"item\":\"https:\/\/paracherkaoui.ma\/\"},{\"@type\":\"ListItem\",\"position\":2,\"name\":\"Boutique\",\"item\":\"https:\/\/paracherkaoui.ma\/index.php\/boutique\/\"},{\"@type\":\"ListItem\",\"position\":3,\"name\":\"MARTIDERM PROTEOS CREME SOLAIRE TEINTE SPF 50+ 40 ML\"}]},{\"@type\":\"WebSite\",\"@id\":\"https:\/\/paracherkaoui.ma\/#website\",\"url\":\"https:\/\/paracherkaoui.ma\/\",\"name\":\"Paracherkaoui.ma\",\"description\":\"Achetez en ligne sur Paracherkaoui.ma\",\"potentialAction\":[{\"@type\":\"SearchAction\",\"target\":{\"@type\":\"EntryPoint\",\"urlTemplate\":\"https:\/\/paracherkaoui.ma\/?s={search_term_string}\"},\"query-input\":{\"@type\":\"PropertyValueSpecification\",\"valueRequired\":true,\"valueName\":\"search_term_string\"}}],\"inLanguage\":\"fr-FR\"}]}<\/script>\r\n<!-- \/ Yoast SEO plugin. -->","yoast_head_json":{"title":"MARTIDERM PROTEOS CREME SOLAIRE TEINTE SPF 50+ 40 ML - Paracherkaoui.ma","robots":{"index":"index","follow":"follow","max-snippet":"max-snippet:-1","max-image-preview":"max-image-preview:large","max-video-preview":"max-video-preview:-1"},"canonical":"https:\/\/paracherkaoui.ma\/index.php\/produit\/martiderm-proteos-creme-solaire-teinte-spf-50-40-ml\/","og_locale":"fr_FR","og_type":"article","og_title":"MARTIDERM PROTEOS CREME SOLAIRE TEINTE SPF 50+ 40 ML - Paracherkaoui.ma","og_description":"La cr\u00e8me Proteos Screen SPF 50+ Color Fluid Cream est la version contenant des microsph\u00e8res de couleurs de la cr\u00e8me","og_url":"https:\/\/paracherkaoui.ma\/index.php\/produit\/martiderm-proteos-creme-solaire-teinte-spf-50-40-ml\/","og_site_name":"Paracherkaoui.ma","article_modified_time":"2025-12-12T17:58:26+00:00","og_image":[{"width":700,"height":700,"url":"https:\/\/paracherkaoui.ma\/wp-content\/uploads\/2025\/12\/martiderm-martiderm-proteos-creme-solaire-teinte-spf-50-40-ml-cremes.jpg","type":"image\/jpeg"}],"twitter_card":"summary_large_image","twitter_misc":{"Dur\u00e9e de lecture estim\u00e9e":"1 minute"},"schema":{"@context":"https:\/\/schema.org","@graph":[{"@type":"WebPage","@id":"https:\/\/paracherkaoui.ma\/index.php\/produit\/martiderm-proteos-creme-solaire-teinte-spf-50-40-ml\/","url":"https:\/\/paracherkaoui.ma\/index.php\/produit\/martiderm-proteos-creme-solaire-teinte-spf-50-40-ml\/","name":"MARTIDERM PROTEOS CREME SOLAIRE TEINTE SPF 50+ 40 ML - Paracherkaoui.ma","isPartOf":{"@id":"https:\/\/paracherkaoui.ma\/#website"},"primaryImageOfPage":{"@id":"https:\/\/paracherkaoui.ma\/index.php\/produit\/martiderm-proteos-creme-solaire-teinte-spf-50-40-ml\/#primaryimage"},"image":{"@id":"https:\/\/paracherkaoui.ma\/index.php\/produit\/martiderm-proteos-creme-solaire-teinte-spf-50-40-ml\/#primaryimage"},"thumbnailUrl":"https:\/\/paracherkaoui.ma\/wp-content\/uploads\/2025\/12\/martiderm-martiderm-proteos-creme-solaire-teinte-spf-50-40-ml-cremes.jpg","datePublished":"2025-12-12T17:58:22+00:00","dateModified":"2025-12-12T17:58:26+00:00","breadcrumb":{"@id":"https:\/\/paracherkaoui.ma\/index.php\/produit\/martiderm-proteos-creme-solaire-teinte-spf-50-40-ml\/#breadcrumb"},"inLanguage":"fr-FR","potentialAction":[{"@type":"ReadAction","target":["https:\/\/paracherkaoui.ma\/index.php\/produit\/martiderm-proteos-creme-solaire-teinte-spf-50-40-ml\/"]}]},{"@type":"ImageObject","inLanguage":"fr-FR","@id":"https:\/\/paracherkaoui.ma\/index.php\/produit\/martiderm-proteos-creme-solaire-teinte-spf-50-40-ml\/#primaryimage","url":"https:\/\/paracherkaoui.ma\/wp-content\/uploads\/2025\/12\/martiderm-martiderm-proteos-creme-solaire-teinte-spf-50-40-ml-cremes.jpg","contentUrl":"https:\/\/paracherkaoui.ma\/wp-content\/uploads\/2025\/12\/martiderm-martiderm-proteos-creme-solaire-teinte-spf-50-40-ml-cremes.jpg","width":700,"height":700},{"@type":"BreadcrumbList","@id":"https:\/\/paracherkaoui.ma\/index.php\/produit\/martiderm-proteos-creme-solaire-teinte-spf-50-40-ml\/#breadcrumb","itemListElement":[{"@type":"ListItem","position":1,"name":"Accueil","item":"https:\/\/paracherkaoui.ma\/"},{"@type":"ListItem","position":2,"name":"Boutique","item":"https:\/\/paracherkaoui.ma\/index.php\/boutique\/"},{"@type":"ListItem","position":3,"name":"MARTIDERM PROTEOS CREME SOLAIRE TEINTE SPF 50+ 40 ML"}]},{"@type":"WebSite","@id":"https:\/\/paracherkaoui.ma\/#website","url":"https:\/\/paracherkaoui.ma\/","name":"Paracherkaoui.ma","description":"Achetez en ligne sur Paracherkaoui.ma","potentialAction":[{"@type":"SearchAction","target":{"@type":"EntryPoint","urlTemplate":"https:\/\/paracherkaoui.ma\/?s={search_term_string}"},"query-input":{"@type":"PropertyValueSpecification","valueRequired":true,"valueName":"search_term_string"}}],"inLanguage":"fr-FR"}]}},"_links":{"self":[{"href":"https:\/\/paracherkaoui.ma\/index.php\/wp-json\/wp\/v2\/product\/37559","targetHints":{"allow":["GET"]}}],"collection":[{"href":"https:\/\/paracherkaoui.ma\/index.php\/wp-json\/wp\/v2\/product"}],"about":[{"href":"https:\/\/paracherkaoui.ma\/index.php\/wp-json\/wp\/v2\/types\/product"}],"replies":[{"embeddable":true,"href":"https:\/\/paracherkaoui.ma\/index.php\/wp-json\/wp\/v2\/comments?post=37559"}],"version-history":[{"count":1,"href":"https:\/\/paracherkaoui.ma\/index.php\/wp-json\/wp\/v2\/product\/37559\/revisions"}],"predecessor-version":[{"id":37603,"href":"https:\/\/paracherkaoui.ma\/index.php\/wp-json\/wp\/v2\/product\/37559\/revisions\/37603"}],"wp:featuredmedia":[{"embeddable":true,"href":"https:\/\/paracherkaoui.ma\/index.php\/wp-json\/wp\/v2\/media\/37602"}],"wp:attachment":[{"href":"https:\/\/paracherkaoui.ma\/index.php\/wp-json\/wp\/v2\/media?parent=37559"}],"wp:term":[{"taxonomy":"product_brand","embeddable":true,"href":"https:\/\/paracherkaoui.ma\/index.php\/wp-json\/wp\/v2\/product_brand?post=37559"},{"taxonomy":"product_cat","embeddable":true,"href":"https:\/\/paracherkaoui.ma\/index.php\/wp-json\/wp\/v2\/product_cat?post=37559"},{"taxonomy":"product_tag","embeddable":true,"href":"https:\/\/paracherkaoui.ma\/index.php\/wp-json\/wp\/v2\/product_tag?post=37559"}],"curies":[{"name":"wp","href":"https:\/\/api.w.org\/{rel}","templated":true}]}}