{"id":37557,"date":"2025-12-12T18:58:22","date_gmt":"2025-12-12T17:58:22","guid":{"rendered":"https:\/\/test.ecbeaute.com\/?post_type=product&#038;p=37557"},"modified":"2025-12-12T18:58:26","modified_gmt":"2025-12-12T17:58:26","slug":"d-white-creme-solaire-teinte-medium-spf-50","status":"publish","type":"product","link":"https:\/\/paracherkaoui.ma\/index.php\/produit\/d-white-creme-solaire-teinte-medium-spf-50\/","title":{"rendered":"D-WHITE CREME SOLAIRE TEINTE MEDIUM SPF 50+"},"content":{"rendered":"<p>WHITE CREME SOLAIRE SPF50 50mL\u00a0 teint\u00e9 est une \u00e9mulsion facile \u00e0 \u00e9taler, sp\u00e9cialement con\u00e7ue pour les peaux tr\u00e8s sensibles au soleil. Cette cr\u00e8me est formul\u00e9e avec une combinaison de filtres organiques et min\u00e9raux dont le r\u00f4le est de prot\u00e9ger la peau contre les rayons UVA et UBV, responsables des coups de soleil, des t\u00e2ches pigmentaires et du vieillissement pr\u00e9matur\u00e9 de la peau. L\u2019assimilation dans la formule, d\u2019Aloe Vera et de la Vitamine E, riches en anti-oxydants, inhibe la production des radicaux libres et prot\u00e8ge l\u2019epiderme des dommages induits par les rayons UV.<br \/>\nCONSEILS D\u2019UTILISATION<br \/>\nAppliquer sur le visage, le cou et le d\u00e9collet\u00e9 avant toute exposition au soleil. Renouvelez toutes les deux heures.<\/p>\n","protected":false},"excerpt":{"rendered":"<p>WHITE CREME SOLAIRE SPF50 50mL\u00a0 teint\u00e9 est une \u00e9mulsion facile \u00e0 \u00e9taler, sp\u00e9cialement con\u00e7ue pour les peaux tr\u00e8s sensibles au<\/p>\n","protected":false},"featured_media":37599,"comment_status":"open","ping_status":"closed","template":"","meta":[],"product_brand":[387],"product_cat":[666],"product_tag":[],"class_list":{"0":"post-37557","1":"product","2":"type-product","3":"status-publish","4":"has-post-thumbnail","6":"product_brand-d-white","7":"product_cat-cremes-solaires","9":"first","10":"instock","11":"sale","12":"shipping-taxable","13":"purchasable","14":"product-type-simple"},"yoast_head":"<!-- This site is optimized with the Yoast SEO plugin v26.6 - https:\/\/yoast.com\/wordpress\/plugins\/seo\/ -->\r\n<title>D-WHITE CREME SOLAIRE TEINTE MEDIUM SPF 50+ - Paracherkaoui.ma<\/title>\r\n<meta name=\"robots\" content=\"index, follow, max-snippet:-1, max-image-preview:large, max-video-preview:-1\" \/>\r\n<link rel=\"canonical\" href=\"https:\/\/paracherkaoui.ma\/index.php\/produit\/d-white-creme-solaire-teinte-medium-spf-50\/\" \/>\r\n<meta property=\"og:locale\" content=\"fr_FR\" \/>\r\n<meta property=\"og:type\" content=\"article\" \/>\r\n<meta property=\"og:title\" content=\"D-WHITE CREME SOLAIRE TEINTE MEDIUM SPF 50+ - Paracherkaoui.ma\" \/>\r\n<meta property=\"og:description\" content=\"WHITE CREME SOLAIRE SPF50 50mL\u00a0 teint\u00e9 est une \u00e9mulsion facile \u00e0 \u00e9taler, sp\u00e9cialement con\u00e7ue pour les peaux tr\u00e8s sensibles au\" \/>\r\n<meta property=\"og:url\" content=\"https:\/\/paracherkaoui.ma\/index.php\/produit\/d-white-creme-solaire-teinte-medium-spf-50\/\" \/>\r\n<meta property=\"og:site_name\" content=\"Paracherkaoui.ma\" \/>\r\n<meta property=\"article:modified_time\" content=\"2025-12-12T17:58:26+00:00\" \/>\r\n<meta property=\"og:image\" content=\"https:\/\/paracherkaoui.ma\/wp-content\/uploads\/2025\/12\/d-white-d-white-creme-solaire-teinte-medium-spf-50-cremes.jpg\" \/>\r\n\t<meta property=\"og:image:width\" content=\"700\" \/>\r\n\t<meta property=\"og:image:height\" content=\"700\" \/>\r\n\t<meta property=\"og:image:type\" content=\"image\/jpeg\" \/>\r\n<meta name=\"twitter:card\" content=\"summary_large_image\" \/>\r\n<meta name=\"twitter:label1\" content=\"Dur\u00e9e de lecture estim\u00e9e\" \/>\n\t<meta name=\"twitter:data1\" content=\"1 minute\" \/>\r\n<script type=\"application\/ld+json\" class=\"yoast-schema-graph\">{\"@context\":\"https:\/\/schema.org\",\"@graph\":[{\"@type\":\"WebPage\",\"@id\":\"https:\/\/paracherkaoui.ma\/index.php\/produit\/d-white-creme-solaire-teinte-medium-spf-50\/\",\"url\":\"https:\/\/paracherkaoui.ma\/index.php\/produit\/d-white-creme-solaire-teinte-medium-spf-50\/\",\"name\":\"D-WHITE CREME SOLAIRE TEINTE MEDIUM SPF 50+ - Paracherkaoui.ma\",\"isPartOf\":{\"@id\":\"https:\/\/paracherkaoui.ma\/#website\"},\"primaryImageOfPage\":{\"@id\":\"https:\/\/paracherkaoui.ma\/index.php\/produit\/d-white-creme-solaire-teinte-medium-spf-50\/#primaryimage\"},\"image\":{\"@id\":\"https:\/\/paracherkaoui.ma\/index.php\/produit\/d-white-creme-solaire-teinte-medium-spf-50\/#primaryimage\"},\"thumbnailUrl\":\"https:\/\/paracherkaoui.ma\/wp-content\/uploads\/2025\/12\/d-white-d-white-creme-solaire-teinte-medium-spf-50-cremes.jpg\",\"datePublished\":\"2025-12-12T17:58:22+00:00\",\"dateModified\":\"2025-12-12T17:58:26+00:00\",\"breadcrumb\":{\"@id\":\"https:\/\/paracherkaoui.ma\/index.php\/produit\/d-white-creme-solaire-teinte-medium-spf-50\/#breadcrumb\"},\"inLanguage\":\"fr-FR\",\"potentialAction\":[{\"@type\":\"ReadAction\",\"target\":[\"https:\/\/paracherkaoui.ma\/index.php\/produit\/d-white-creme-solaire-teinte-medium-spf-50\/\"]}]},{\"@type\":\"ImageObject\",\"inLanguage\":\"fr-FR\",\"@id\":\"https:\/\/paracherkaoui.ma\/index.php\/produit\/d-white-creme-solaire-teinte-medium-spf-50\/#primaryimage\",\"url\":\"https:\/\/paracherkaoui.ma\/wp-content\/uploads\/2025\/12\/d-white-d-white-creme-solaire-teinte-medium-spf-50-cremes.jpg\",\"contentUrl\":\"https:\/\/paracherkaoui.ma\/wp-content\/uploads\/2025\/12\/d-white-d-white-creme-solaire-teinte-medium-spf-50-cremes.jpg\",\"width\":700,\"height\":700},{\"@type\":\"BreadcrumbList\",\"@id\":\"https:\/\/paracherkaoui.ma\/index.php\/produit\/d-white-creme-solaire-teinte-medium-spf-50\/#breadcrumb\",\"itemListElement\":[{\"@type\":\"ListItem\",\"position\":1,\"name\":\"Accueil\",\"item\":\"https:\/\/paracherkaoui.ma\/\"},{\"@type\":\"ListItem\",\"position\":2,\"name\":\"Boutique\",\"item\":\"https:\/\/paracherkaoui.ma\/index.php\/boutique\/\"},{\"@type\":\"ListItem\",\"position\":3,\"name\":\"D-WHITE CREME SOLAIRE TEINTE MEDIUM SPF 50+\"}]},{\"@type\":\"WebSite\",\"@id\":\"https:\/\/paracherkaoui.ma\/#website\",\"url\":\"https:\/\/paracherkaoui.ma\/\",\"name\":\"Paracherkaoui.ma\",\"description\":\"Achetez en ligne sur Paracherkaoui.ma\",\"potentialAction\":[{\"@type\":\"SearchAction\",\"target\":{\"@type\":\"EntryPoint\",\"urlTemplate\":\"https:\/\/paracherkaoui.ma\/?s={search_term_string}\"},\"query-input\":{\"@type\":\"PropertyValueSpecification\",\"valueRequired\":true,\"valueName\":\"search_term_string\"}}],\"inLanguage\":\"fr-FR\"}]}<\/script>\r\n<!-- \/ Yoast SEO plugin. -->","yoast_head_json":{"title":"D-WHITE CREME SOLAIRE TEINTE MEDIUM SPF 50+ - Paracherkaoui.ma","robots":{"index":"index","follow":"follow","max-snippet":"max-snippet:-1","max-image-preview":"max-image-preview:large","max-video-preview":"max-video-preview:-1"},"canonical":"https:\/\/paracherkaoui.ma\/index.php\/produit\/d-white-creme-solaire-teinte-medium-spf-50\/","og_locale":"fr_FR","og_type":"article","og_title":"D-WHITE CREME SOLAIRE TEINTE MEDIUM SPF 50+ - Paracherkaoui.ma","og_description":"WHITE CREME SOLAIRE SPF50 50mL\u00a0 teint\u00e9 est une \u00e9mulsion facile \u00e0 \u00e9taler, sp\u00e9cialement con\u00e7ue pour les peaux tr\u00e8s sensibles au","og_url":"https:\/\/paracherkaoui.ma\/index.php\/produit\/d-white-creme-solaire-teinte-medium-spf-50\/","og_site_name":"Paracherkaoui.ma","article_modified_time":"2025-12-12T17:58:26+00:00","og_image":[{"width":700,"height":700,"url":"https:\/\/paracherkaoui.ma\/wp-content\/uploads\/2025\/12\/d-white-d-white-creme-solaire-teinte-medium-spf-50-cremes.jpg","type":"image\/jpeg"}],"twitter_card":"summary_large_image","twitter_misc":{"Dur\u00e9e de lecture estim\u00e9e":"1 minute"},"schema":{"@context":"https:\/\/schema.org","@graph":[{"@type":"WebPage","@id":"https:\/\/paracherkaoui.ma\/index.php\/produit\/d-white-creme-solaire-teinte-medium-spf-50\/","url":"https:\/\/paracherkaoui.ma\/index.php\/produit\/d-white-creme-solaire-teinte-medium-spf-50\/","name":"D-WHITE CREME SOLAIRE TEINTE MEDIUM SPF 50+ - Paracherkaoui.ma","isPartOf":{"@id":"https:\/\/paracherkaoui.ma\/#website"},"primaryImageOfPage":{"@id":"https:\/\/paracherkaoui.ma\/index.php\/produit\/d-white-creme-solaire-teinte-medium-spf-50\/#primaryimage"},"image":{"@id":"https:\/\/paracherkaoui.ma\/index.php\/produit\/d-white-creme-solaire-teinte-medium-spf-50\/#primaryimage"},"thumbnailUrl":"https:\/\/paracherkaoui.ma\/wp-content\/uploads\/2025\/12\/d-white-d-white-creme-solaire-teinte-medium-spf-50-cremes.jpg","datePublished":"2025-12-12T17:58:22+00:00","dateModified":"2025-12-12T17:58:26+00:00","breadcrumb":{"@id":"https:\/\/paracherkaoui.ma\/index.php\/produit\/d-white-creme-solaire-teinte-medium-spf-50\/#breadcrumb"},"inLanguage":"fr-FR","potentialAction":[{"@type":"ReadAction","target":["https:\/\/paracherkaoui.ma\/index.php\/produit\/d-white-creme-solaire-teinte-medium-spf-50\/"]}]},{"@type":"ImageObject","inLanguage":"fr-FR","@id":"https:\/\/paracherkaoui.ma\/index.php\/produit\/d-white-creme-solaire-teinte-medium-spf-50\/#primaryimage","url":"https:\/\/paracherkaoui.ma\/wp-content\/uploads\/2025\/12\/d-white-d-white-creme-solaire-teinte-medium-spf-50-cremes.jpg","contentUrl":"https:\/\/paracherkaoui.ma\/wp-content\/uploads\/2025\/12\/d-white-d-white-creme-solaire-teinte-medium-spf-50-cremes.jpg","width":700,"height":700},{"@type":"BreadcrumbList","@id":"https:\/\/paracherkaoui.ma\/index.php\/produit\/d-white-creme-solaire-teinte-medium-spf-50\/#breadcrumb","itemListElement":[{"@type":"ListItem","position":1,"name":"Accueil","item":"https:\/\/paracherkaoui.ma\/"},{"@type":"ListItem","position":2,"name":"Boutique","item":"https:\/\/paracherkaoui.ma\/index.php\/boutique\/"},{"@type":"ListItem","position":3,"name":"D-WHITE CREME SOLAIRE TEINTE MEDIUM SPF 50+"}]},{"@type":"WebSite","@id":"https:\/\/paracherkaoui.ma\/#website","url":"https:\/\/paracherkaoui.ma\/","name":"Paracherkaoui.ma","description":"Achetez en ligne sur Paracherkaoui.ma","potentialAction":[{"@type":"SearchAction","target":{"@type":"EntryPoint","urlTemplate":"https:\/\/paracherkaoui.ma\/?s={search_term_string}"},"query-input":{"@type":"PropertyValueSpecification","valueRequired":true,"valueName":"search_term_string"}}],"inLanguage":"fr-FR"}]}},"_links":{"self":[{"href":"https:\/\/paracherkaoui.ma\/index.php\/wp-json\/wp\/v2\/product\/37557","targetHints":{"allow":["GET"]}}],"collection":[{"href":"https:\/\/paracherkaoui.ma\/index.php\/wp-json\/wp\/v2\/product"}],"about":[{"href":"https:\/\/paracherkaoui.ma\/index.php\/wp-json\/wp\/v2\/types\/product"}],"replies":[{"embeddable":true,"href":"https:\/\/paracherkaoui.ma\/index.php\/wp-json\/wp\/v2\/comments?post=37557"}],"version-history":[{"count":1,"href":"https:\/\/paracherkaoui.ma\/index.php\/wp-json\/wp\/v2\/product\/37557\/revisions"}],"predecessor-version":[{"id":37600,"href":"https:\/\/paracherkaoui.ma\/index.php\/wp-json\/wp\/v2\/product\/37557\/revisions\/37600"}],"wp:featuredmedia":[{"embeddable":true,"href":"https:\/\/paracherkaoui.ma\/index.php\/wp-json\/wp\/v2\/media\/37599"}],"wp:attachment":[{"href":"https:\/\/paracherkaoui.ma\/index.php\/wp-json\/wp\/v2\/media?parent=37557"}],"wp:term":[{"taxonomy":"product_brand","embeddable":true,"href":"https:\/\/paracherkaoui.ma\/index.php\/wp-json\/wp\/v2\/product_brand?post=37557"},{"taxonomy":"product_cat","embeddable":true,"href":"https:\/\/paracherkaoui.ma\/index.php\/wp-json\/wp\/v2\/product_cat?post=37557"},{"taxonomy":"product_tag","embeddable":true,"href":"https:\/\/paracherkaoui.ma\/index.php\/wp-json\/wp\/v2\/product_tag?post=37557"}],"curies":[{"name":"wp","href":"https:\/\/api.w.org\/{rel}","templated":true}]}}