{"id":37555,"date":"2025-12-12T18:58:22","date_gmt":"2025-12-12T17:58:22","guid":{"rendered":"https:\/\/test.ecbeaute.com\/?post_type=product&#038;p=37555"},"modified":"2025-12-12T18:58:26","modified_gmt":"2025-12-12T17:58:26","slug":"cantabria-heliocare-360o-age-active-fluid-spf50-50-ml","status":"publish","type":"product","link":"https:\/\/paracherkaoui.ma\/index.php\/produit\/cantabria-heliocare-360o-age-active-fluid-spf50-50-ml\/","title":{"rendered":"CANTABRIA HELIOCARE 360\u00ba AGE ACTIVE FLUID SPF50 50 ML"},"content":{"rendered":"<p>Fluide photoprotecteur ultra-l\u00e9ger pour pr\u00e9venir et corriger les signes du photovieillissement.<br \/>\nCe fluide innovant poss\u00e8de un syst\u00e8me antipollution et un triple complexe anti-\u00e2ge, qui ensemble, aident \u00e0 pr\u00e9venir et corriger les signes du vieillissement cutan\u00e9. Sa texture ultra-l\u00e9g\u00e8re convient \u00e0 tous les types de peau, laissant une sensation de peau lisse et velout\u00e9e. De plus, gr\u00e2ce \u00e0 sa technologie soft-focus, il estompe visiblement les signes de l&rsquo;\u00e2ge, pour une peau plus jeune et \u00e9clatante.<br \/>\nLe HELIOCARE 360\u00ba AGE ACTIVE FLUID est \u00e9galement r\u00e9sistant \u00e0 l&rsquo;eau et \u00e0 la sueur, garantissant une protection durable m\u00eame dans des conditions humides. Sa formule douce n&rsquo;irrite pas les yeux, offrant une utilisation confortable et s\u00fbre au quotidien.<br \/>\nComposition<br \/>\nBLOCAGE \u00c0 DISTANCE +<br \/>\nComplexe triple anti-\u00e2ge : (acide hyaluronique, s\u00e9rine et tr\u00e9halose)<br \/>\nCombinaison de filtres chimiques et physiques<br \/>\nGlycosylases<br \/>\nVitamine E<br \/>\nR\u00e9seau Biopolym\u00e8re (BN)<br \/>\nConseils d&rsquo;Utilisation<br \/>\nAppliquez g\u00e9n\u00e9reusement sur le visage et le cou avant l&rsquo;exposition au soleil. Renouvelez l&rsquo;application toutes les deux heures ou apr\u00e8s avoir transpir\u00e9, nag\u00e9 ou vous \u00eatre essuy\u00e9.<br \/>\nUtilisez ce produit comme derni\u00e8re \u00e9tape de votre routine de soins de la peau avant le maquillage. Int\u00e9grez-le dans votre routine matinale pour une protection quotidienne contre les rayons UV et la pollution.<\/p>\n","protected":false},"excerpt":{"rendered":"<p>Fluide photoprotecteur ultra-l\u00e9ger pour pr\u00e9venir et corriger les signes du photovieillissement. Ce fluide innovant poss\u00e8de un syst\u00e8me antipollution et un<\/p>\n","protected":false},"featured_media":37596,"comment_status":"open","ping_status":"closed","template":"","meta":[],"product_brand":[147],"product_cat":[666],"product_tag":[],"class_list":{"0":"post-37555","1":"product","2":"type-product","3":"status-publish","4":"has-post-thumbnail","6":"product_brand-cantabria","7":"product_cat-cremes-solaires","9":"first","10":"instock","11":"sale","12":"shipping-taxable","13":"purchasable","14":"product-type-simple"},"yoast_head":"<!-- This site is optimized with the Yoast SEO plugin v26.6 - https:\/\/yoast.com\/wordpress\/plugins\/seo\/ -->\r\n<title>CANTABRIA HELIOCARE 360\u00ba AGE ACTIVE FLUID SPF50 50 ML - Paracherkaoui.ma<\/title>\r\n<meta name=\"robots\" content=\"index, follow, max-snippet:-1, max-image-preview:large, max-video-preview:-1\" \/>\r\n<link rel=\"canonical\" href=\"https:\/\/paracherkaoui.ma\/index.php\/produit\/cantabria-heliocare-360o-age-active-fluid-spf50-50-ml\/\" \/>\r\n<meta property=\"og:locale\" content=\"fr_FR\" \/>\r\n<meta property=\"og:type\" content=\"article\" \/>\r\n<meta property=\"og:title\" content=\"CANTABRIA HELIOCARE 360\u00ba AGE ACTIVE FLUID SPF50 50 ML - Paracherkaoui.ma\" \/>\r\n<meta property=\"og:description\" content=\"Fluide photoprotecteur ultra-l\u00e9ger pour pr\u00e9venir et corriger les signes du photovieillissement. Ce fluide innovant poss\u00e8de un syst\u00e8me antipollution et un\" \/>\r\n<meta property=\"og:url\" content=\"https:\/\/paracherkaoui.ma\/index.php\/produit\/cantabria-heliocare-360o-age-active-fluid-spf50-50-ml\/\" \/>\r\n<meta property=\"og:site_name\" content=\"Paracherkaoui.ma\" \/>\r\n<meta property=\"article:modified_time\" content=\"2025-12-12T17:58:26+00:00\" \/>\r\n<meta property=\"og:image\" content=\"https:\/\/paracherkaoui.ma\/wp-content\/uploads\/2025\/12\/cantabria-cantabria-heliocare-360o-age-active-fluid-spf50-50-ml-cremes-solaires.jpg\" \/>\r\n\t<meta property=\"og:image:width\" content=\"700\" \/>\r\n\t<meta property=\"og:image:height\" content=\"700\" \/>\r\n\t<meta property=\"og:image:type\" content=\"image\/jpeg\" \/>\r\n<meta name=\"twitter:card\" content=\"summary_large_image\" \/>\r\n<meta name=\"twitter:label1\" content=\"Dur\u00e9e de lecture estim\u00e9e\" \/>\n\t<meta name=\"twitter:data1\" content=\"1 minute\" \/>\r\n<script type=\"application\/ld+json\" class=\"yoast-schema-graph\">{\"@context\":\"https:\/\/schema.org\",\"@graph\":[{\"@type\":\"WebPage\",\"@id\":\"https:\/\/paracherkaoui.ma\/index.php\/produit\/cantabria-heliocare-360o-age-active-fluid-spf50-50-ml\/\",\"url\":\"https:\/\/paracherkaoui.ma\/index.php\/produit\/cantabria-heliocare-360o-age-active-fluid-spf50-50-ml\/\",\"name\":\"CANTABRIA HELIOCARE 360\u00ba AGE ACTIVE FLUID SPF50 50 ML - Paracherkaoui.ma\",\"isPartOf\":{\"@id\":\"https:\/\/paracherkaoui.ma\/#website\"},\"primaryImageOfPage\":{\"@id\":\"https:\/\/paracherkaoui.ma\/index.php\/produit\/cantabria-heliocare-360o-age-active-fluid-spf50-50-ml\/#primaryimage\"},\"image\":{\"@id\":\"https:\/\/paracherkaoui.ma\/index.php\/produit\/cantabria-heliocare-360o-age-active-fluid-spf50-50-ml\/#primaryimage\"},\"thumbnailUrl\":\"https:\/\/paracherkaoui.ma\/wp-content\/uploads\/2025\/12\/cantabria-cantabria-heliocare-360o-age-active-fluid-spf50-50-ml-cremes-solaires.jpg\",\"datePublished\":\"2025-12-12T17:58:22+00:00\",\"dateModified\":\"2025-12-12T17:58:26+00:00\",\"breadcrumb\":{\"@id\":\"https:\/\/paracherkaoui.ma\/index.php\/produit\/cantabria-heliocare-360o-age-active-fluid-spf50-50-ml\/#breadcrumb\"},\"inLanguage\":\"fr-FR\",\"potentialAction\":[{\"@type\":\"ReadAction\",\"target\":[\"https:\/\/paracherkaoui.ma\/index.php\/produit\/cantabria-heliocare-360o-age-active-fluid-spf50-50-ml\/\"]}]},{\"@type\":\"ImageObject\",\"inLanguage\":\"fr-FR\",\"@id\":\"https:\/\/paracherkaoui.ma\/index.php\/produit\/cantabria-heliocare-360o-age-active-fluid-spf50-50-ml\/#primaryimage\",\"url\":\"https:\/\/paracherkaoui.ma\/wp-content\/uploads\/2025\/12\/cantabria-cantabria-heliocare-360o-age-active-fluid-spf50-50-ml-cremes-solaires.jpg\",\"contentUrl\":\"https:\/\/paracherkaoui.ma\/wp-content\/uploads\/2025\/12\/cantabria-cantabria-heliocare-360o-age-active-fluid-spf50-50-ml-cremes-solaires.jpg\",\"width\":700,\"height\":700},{\"@type\":\"BreadcrumbList\",\"@id\":\"https:\/\/paracherkaoui.ma\/index.php\/produit\/cantabria-heliocare-360o-age-active-fluid-spf50-50-ml\/#breadcrumb\",\"itemListElement\":[{\"@type\":\"ListItem\",\"position\":1,\"name\":\"Accueil\",\"item\":\"https:\/\/paracherkaoui.ma\/\"},{\"@type\":\"ListItem\",\"position\":2,\"name\":\"Boutique\",\"item\":\"https:\/\/paracherkaoui.ma\/index.php\/boutique\/\"},{\"@type\":\"ListItem\",\"position\":3,\"name\":\"CANTABRIA HELIOCARE 360\u00ba AGE ACTIVE FLUID SPF50 50 ML\"}]},{\"@type\":\"WebSite\",\"@id\":\"https:\/\/paracherkaoui.ma\/#website\",\"url\":\"https:\/\/paracherkaoui.ma\/\",\"name\":\"Paracherkaoui.ma\",\"description\":\"Achetez en ligne sur Paracherkaoui.ma\",\"potentialAction\":[{\"@type\":\"SearchAction\",\"target\":{\"@type\":\"EntryPoint\",\"urlTemplate\":\"https:\/\/paracherkaoui.ma\/?s={search_term_string}\"},\"query-input\":{\"@type\":\"PropertyValueSpecification\",\"valueRequired\":true,\"valueName\":\"search_term_string\"}}],\"inLanguage\":\"fr-FR\"}]}<\/script>\r\n<!-- \/ Yoast SEO plugin. -->","yoast_head_json":{"title":"CANTABRIA HELIOCARE 360\u00ba AGE ACTIVE FLUID SPF50 50 ML - Paracherkaoui.ma","robots":{"index":"index","follow":"follow","max-snippet":"max-snippet:-1","max-image-preview":"max-image-preview:large","max-video-preview":"max-video-preview:-1"},"canonical":"https:\/\/paracherkaoui.ma\/index.php\/produit\/cantabria-heliocare-360o-age-active-fluid-spf50-50-ml\/","og_locale":"fr_FR","og_type":"article","og_title":"CANTABRIA HELIOCARE 360\u00ba AGE ACTIVE FLUID SPF50 50 ML - Paracherkaoui.ma","og_description":"Fluide photoprotecteur ultra-l\u00e9ger pour pr\u00e9venir et corriger les signes du photovieillissement. Ce fluide innovant poss\u00e8de un syst\u00e8me antipollution et un","og_url":"https:\/\/paracherkaoui.ma\/index.php\/produit\/cantabria-heliocare-360o-age-active-fluid-spf50-50-ml\/","og_site_name":"Paracherkaoui.ma","article_modified_time":"2025-12-12T17:58:26+00:00","og_image":[{"width":700,"height":700,"url":"https:\/\/paracherkaoui.ma\/wp-content\/uploads\/2025\/12\/cantabria-cantabria-heliocare-360o-age-active-fluid-spf50-50-ml-cremes-solaires.jpg","type":"image\/jpeg"}],"twitter_card":"summary_large_image","twitter_misc":{"Dur\u00e9e de lecture estim\u00e9e":"1 minute"},"schema":{"@context":"https:\/\/schema.org","@graph":[{"@type":"WebPage","@id":"https:\/\/paracherkaoui.ma\/index.php\/produit\/cantabria-heliocare-360o-age-active-fluid-spf50-50-ml\/","url":"https:\/\/paracherkaoui.ma\/index.php\/produit\/cantabria-heliocare-360o-age-active-fluid-spf50-50-ml\/","name":"CANTABRIA HELIOCARE 360\u00ba AGE ACTIVE FLUID SPF50 50 ML - Paracherkaoui.ma","isPartOf":{"@id":"https:\/\/paracherkaoui.ma\/#website"},"primaryImageOfPage":{"@id":"https:\/\/paracherkaoui.ma\/index.php\/produit\/cantabria-heliocare-360o-age-active-fluid-spf50-50-ml\/#primaryimage"},"image":{"@id":"https:\/\/paracherkaoui.ma\/index.php\/produit\/cantabria-heliocare-360o-age-active-fluid-spf50-50-ml\/#primaryimage"},"thumbnailUrl":"https:\/\/paracherkaoui.ma\/wp-content\/uploads\/2025\/12\/cantabria-cantabria-heliocare-360o-age-active-fluid-spf50-50-ml-cremes-solaires.jpg","datePublished":"2025-12-12T17:58:22+00:00","dateModified":"2025-12-12T17:58:26+00:00","breadcrumb":{"@id":"https:\/\/paracherkaoui.ma\/index.php\/produit\/cantabria-heliocare-360o-age-active-fluid-spf50-50-ml\/#breadcrumb"},"inLanguage":"fr-FR","potentialAction":[{"@type":"ReadAction","target":["https:\/\/paracherkaoui.ma\/index.php\/produit\/cantabria-heliocare-360o-age-active-fluid-spf50-50-ml\/"]}]},{"@type":"ImageObject","inLanguage":"fr-FR","@id":"https:\/\/paracherkaoui.ma\/index.php\/produit\/cantabria-heliocare-360o-age-active-fluid-spf50-50-ml\/#primaryimage","url":"https:\/\/paracherkaoui.ma\/wp-content\/uploads\/2025\/12\/cantabria-cantabria-heliocare-360o-age-active-fluid-spf50-50-ml-cremes-solaires.jpg","contentUrl":"https:\/\/paracherkaoui.ma\/wp-content\/uploads\/2025\/12\/cantabria-cantabria-heliocare-360o-age-active-fluid-spf50-50-ml-cremes-solaires.jpg","width":700,"height":700},{"@type":"BreadcrumbList","@id":"https:\/\/paracherkaoui.ma\/index.php\/produit\/cantabria-heliocare-360o-age-active-fluid-spf50-50-ml\/#breadcrumb","itemListElement":[{"@type":"ListItem","position":1,"name":"Accueil","item":"https:\/\/paracherkaoui.ma\/"},{"@type":"ListItem","position":2,"name":"Boutique","item":"https:\/\/paracherkaoui.ma\/index.php\/boutique\/"},{"@type":"ListItem","position":3,"name":"CANTABRIA HELIOCARE 360\u00ba AGE ACTIVE FLUID SPF50 50 ML"}]},{"@type":"WebSite","@id":"https:\/\/paracherkaoui.ma\/#website","url":"https:\/\/paracherkaoui.ma\/","name":"Paracherkaoui.ma","description":"Achetez en ligne sur Paracherkaoui.ma","potentialAction":[{"@type":"SearchAction","target":{"@type":"EntryPoint","urlTemplate":"https:\/\/paracherkaoui.ma\/?s={search_term_string}"},"query-input":{"@type":"PropertyValueSpecification","valueRequired":true,"valueName":"search_term_string"}}],"inLanguage":"fr-FR"}]}},"_links":{"self":[{"href":"https:\/\/paracherkaoui.ma\/index.php\/wp-json\/wp\/v2\/product\/37555","targetHints":{"allow":["GET"]}}],"collection":[{"href":"https:\/\/paracherkaoui.ma\/index.php\/wp-json\/wp\/v2\/product"}],"about":[{"href":"https:\/\/paracherkaoui.ma\/index.php\/wp-json\/wp\/v2\/types\/product"}],"replies":[{"embeddable":true,"href":"https:\/\/paracherkaoui.ma\/index.php\/wp-json\/wp\/v2\/comments?post=37555"}],"version-history":[{"count":1,"href":"https:\/\/paracherkaoui.ma\/index.php\/wp-json\/wp\/v2\/product\/37555\/revisions"}],"predecessor-version":[{"id":37597,"href":"https:\/\/paracherkaoui.ma\/index.php\/wp-json\/wp\/v2\/product\/37555\/revisions\/37597"}],"wp:featuredmedia":[{"embeddable":true,"href":"https:\/\/paracherkaoui.ma\/index.php\/wp-json\/wp\/v2\/media\/37596"}],"wp:attachment":[{"href":"https:\/\/paracherkaoui.ma\/index.php\/wp-json\/wp\/v2\/media?parent=37555"}],"wp:term":[{"taxonomy":"product_brand","embeddable":true,"href":"https:\/\/paracherkaoui.ma\/index.php\/wp-json\/wp\/v2\/product_brand?post=37555"},{"taxonomy":"product_cat","embeddable":true,"href":"https:\/\/paracherkaoui.ma\/index.php\/wp-json\/wp\/v2\/product_cat?post=37555"},{"taxonomy":"product_tag","embeddable":true,"href":"https:\/\/paracherkaoui.ma\/index.php\/wp-json\/wp\/v2\/product_tag?post=37555"}],"curies":[{"name":"wp","href":"https:\/\/api.w.org\/{rel}","templated":true}]}}