{"id":37552,"date":"2025-12-12T18:58:22","date_gmt":"2025-12-12T17:58:22","guid":{"rendered":"https:\/\/test.ecbeaute.com\/?post_type=product&#038;p=37552"},"modified":"2025-12-12T18:58:25","modified_gmt":"2025-12-12T17:58:25","slug":"svr-sun-secure-lait-crepitant-spf-50-200-ml-3","status":"publish","type":"product","link":"https:\/\/paracherkaoui.ma\/index.php\/produit\/svr-sun-secure-lait-crepitant-spf-50-200-ml-3\/","title":{"rendered":"SVR SUN SECURE LAIT CREPITANT SPF 50+ 200 ML"},"content":{"rendered":"<p>SUN SECURE Lait cr\u00e9pitant SPF50+ une texture in\u00e9dite pens\u00e9e pour petits et grands. Pour que se prot\u00e9ger du soleil devienne un vrai jeu d\u2019enfant !<br \/>\nUn lait en brume frais, l\u00e9ger et ultra-fun qui cr\u00e9pite sur la peau. Une texture fine pour une application facile et rapide. Elle laisse un fini totalement invisible, non gras et non collant. Sa fraicheur et son d\u00e9licat parfum d\u2019\u00e9t\u00e9 donnent envie d\u2019en r\u00e9appliquer encore et encore.<br \/>\nR\u00e9siste \u00e0 l\u2019eau, \u00e0 la transpiration et aux frottements.<br \/>\nSon plus ?\u00a0SUN SECURE Lait cr\u00e9pitant SPF50+ respecte l\u2019environnement marin. Il a pass\u00e9 les tests d\u2019\u00e9co-toxicit\u00e9 sur des algues (ISO 10253) et sur des invert\u00e9br\u00e9s aquatiques (ISO 14669). Deux esp\u00e8ces appartenant \u00e0 la famille des zooplanctons et phytoplanctons, indispensables au bon d\u00e9veloppement des coraux.<br \/>\nConseils d&rsquo;utilisation :<br \/>\nBien agiter avant emploi. Appliquer g\u00e9n\u00e9reusement et uniform\u00e9ment avant l\u2019exposition. Renouveler fr\u00e9quemment l\u2019application pour maintenir la protection, surtout apr\u00e8s avoir transpir\u00e9, nag\u00e9 ou s\u2019\u00eatre essuy\u00e9. Vaporiser dans les mains avant d\u2019appliquer sur le visage. Eviter le contact avec les yeux.<\/p>\n","protected":false},"excerpt":{"rendered":"<p>SUN SECURE Lait cr\u00e9pitant SPF50+ une texture in\u00e9dite pens\u00e9e pour petits et grands. Pour que se prot\u00e9ger du soleil devienne<\/p>\n","protected":false},"featured_media":12838,"comment_status":"open","ping_status":"closed","template":"","meta":[],"product_brand":[133],"product_cat":[666],"product_tag":[],"class_list":{"0":"post-37552","1":"product","2":"type-product","3":"status-publish","4":"has-post-thumbnail","6":"product_brand-svr","7":"product_cat-cremes-solaires","9":"first","10":"instock","11":"sale","12":"shipping-taxable","13":"purchasable","14":"product-type-simple"},"yoast_head":"<!-- This site is optimized with the Yoast SEO plugin v26.6 - https:\/\/yoast.com\/wordpress\/plugins\/seo\/ -->\r\n<title>SVR SUN SECURE LAIT CREPITANT SPF 50+ 200 ML - Paracherkaoui.ma<\/title>\r\n<meta name=\"robots\" content=\"index, follow, max-snippet:-1, max-image-preview:large, max-video-preview:-1\" \/>\r\n<link rel=\"canonical\" href=\"https:\/\/paracherkaoui.ma\/index.php\/produit\/svr-sun-secure-lait-crepitant-spf-50-200-ml-3\/\" \/>\r\n<meta property=\"og:locale\" content=\"fr_FR\" \/>\r\n<meta property=\"og:type\" content=\"article\" \/>\r\n<meta property=\"og:title\" content=\"SVR SUN SECURE LAIT CREPITANT SPF 50+ 200 ML - Paracherkaoui.ma\" \/>\r\n<meta property=\"og:description\" content=\"SUN SECURE Lait cr\u00e9pitant SPF50+ une texture in\u00e9dite pens\u00e9e pour petits et grands. Pour que se prot\u00e9ger du soleil devienne\" \/>\r\n<meta property=\"og:url\" content=\"https:\/\/paracherkaoui.ma\/index.php\/produit\/svr-sun-secure-lait-crepitant-spf-50-200-ml-3\/\" \/>\r\n<meta property=\"og:site_name\" content=\"Paracherkaoui.ma\" \/>\r\n<meta property=\"article:modified_time\" content=\"2025-12-12T17:58:25+00:00\" \/>\r\n<meta property=\"og:image\" content=\"https:\/\/paracherkaoui.ma\/wp-content\/uploads\/2025\/12\/svr-svr-sun-secure-lait-crepitant-spf-50-200-ml-cremes-solaires.jpg\" \/>\r\n\t<meta property=\"og:image:width\" content=\"700\" \/>\r\n\t<meta property=\"og:image:height\" content=\"700\" \/>\r\n\t<meta property=\"og:image:type\" content=\"image\/jpeg\" \/>\r\n<meta name=\"twitter:card\" content=\"summary_large_image\" \/>\r\n<meta name=\"twitter:label1\" content=\"Dur\u00e9e de lecture estim\u00e9e\" \/>\n\t<meta name=\"twitter:data1\" content=\"1 minute\" \/>\r\n<script type=\"application\/ld+json\" class=\"yoast-schema-graph\">{\"@context\":\"https:\/\/schema.org\",\"@graph\":[{\"@type\":\"WebPage\",\"@id\":\"https:\/\/paracherkaoui.ma\/index.php\/produit\/svr-sun-secure-lait-crepitant-spf-50-200-ml-3\/\",\"url\":\"https:\/\/paracherkaoui.ma\/index.php\/produit\/svr-sun-secure-lait-crepitant-spf-50-200-ml-3\/\",\"name\":\"SVR SUN SECURE LAIT CREPITANT SPF 50+ 200 ML - Paracherkaoui.ma\",\"isPartOf\":{\"@id\":\"https:\/\/paracherkaoui.ma\/#website\"},\"primaryImageOfPage\":{\"@id\":\"https:\/\/paracherkaoui.ma\/index.php\/produit\/svr-sun-secure-lait-crepitant-spf-50-200-ml-3\/#primaryimage\"},\"image\":{\"@id\":\"https:\/\/paracherkaoui.ma\/index.php\/produit\/svr-sun-secure-lait-crepitant-spf-50-200-ml-3\/#primaryimage\"},\"thumbnailUrl\":\"https:\/\/paracherkaoui.ma\/wp-content\/uploads\/2025\/12\/svr-svr-sun-secure-lait-crepitant-spf-50-200-ml-cremes-solaires.jpg\",\"datePublished\":\"2025-12-12T17:58:22+00:00\",\"dateModified\":\"2025-12-12T17:58:25+00:00\",\"breadcrumb\":{\"@id\":\"https:\/\/paracherkaoui.ma\/index.php\/produit\/svr-sun-secure-lait-crepitant-spf-50-200-ml-3\/#breadcrumb\"},\"inLanguage\":\"fr-FR\",\"potentialAction\":[{\"@type\":\"ReadAction\",\"target\":[\"https:\/\/paracherkaoui.ma\/index.php\/produit\/svr-sun-secure-lait-crepitant-spf-50-200-ml-3\/\"]}]},{\"@type\":\"ImageObject\",\"inLanguage\":\"fr-FR\",\"@id\":\"https:\/\/paracherkaoui.ma\/index.php\/produit\/svr-sun-secure-lait-crepitant-spf-50-200-ml-3\/#primaryimage\",\"url\":\"https:\/\/paracherkaoui.ma\/wp-content\/uploads\/2025\/12\/svr-svr-sun-secure-lait-crepitant-spf-50-200-ml-cremes-solaires.jpg\",\"contentUrl\":\"https:\/\/paracherkaoui.ma\/wp-content\/uploads\/2025\/12\/svr-svr-sun-secure-lait-crepitant-spf-50-200-ml-cremes-solaires.jpg\",\"width\":700,\"height\":700},{\"@type\":\"BreadcrumbList\",\"@id\":\"https:\/\/paracherkaoui.ma\/index.php\/produit\/svr-sun-secure-lait-crepitant-spf-50-200-ml-3\/#breadcrumb\",\"itemListElement\":[{\"@type\":\"ListItem\",\"position\":1,\"name\":\"Accueil\",\"item\":\"https:\/\/paracherkaoui.ma\/\"},{\"@type\":\"ListItem\",\"position\":2,\"name\":\"Boutique\",\"item\":\"https:\/\/paracherkaoui.ma\/index.php\/boutique\/\"},{\"@type\":\"ListItem\",\"position\":3,\"name\":\"SVR SUN SECURE LAIT CREPITANT SPF 50+ 200 ML\"}]},{\"@type\":\"WebSite\",\"@id\":\"https:\/\/paracherkaoui.ma\/#website\",\"url\":\"https:\/\/paracherkaoui.ma\/\",\"name\":\"Paracherkaoui.ma\",\"description\":\"Achetez en ligne sur Paracherkaoui.ma\",\"potentialAction\":[{\"@type\":\"SearchAction\",\"target\":{\"@type\":\"EntryPoint\",\"urlTemplate\":\"https:\/\/paracherkaoui.ma\/?s={search_term_string}\"},\"query-input\":{\"@type\":\"PropertyValueSpecification\",\"valueRequired\":true,\"valueName\":\"search_term_string\"}}],\"inLanguage\":\"fr-FR\"}]}<\/script>\r\n<!-- \/ Yoast SEO plugin. -->","yoast_head_json":{"title":"SVR SUN SECURE LAIT CREPITANT SPF 50+ 200 ML - Paracherkaoui.ma","robots":{"index":"index","follow":"follow","max-snippet":"max-snippet:-1","max-image-preview":"max-image-preview:large","max-video-preview":"max-video-preview:-1"},"canonical":"https:\/\/paracherkaoui.ma\/index.php\/produit\/svr-sun-secure-lait-crepitant-spf-50-200-ml-3\/","og_locale":"fr_FR","og_type":"article","og_title":"SVR SUN SECURE LAIT CREPITANT SPF 50+ 200 ML - Paracherkaoui.ma","og_description":"SUN SECURE Lait cr\u00e9pitant SPF50+ une texture in\u00e9dite pens\u00e9e pour petits et grands. Pour que se prot\u00e9ger du soleil devienne","og_url":"https:\/\/paracherkaoui.ma\/index.php\/produit\/svr-sun-secure-lait-crepitant-spf-50-200-ml-3\/","og_site_name":"Paracherkaoui.ma","article_modified_time":"2025-12-12T17:58:25+00:00","og_image":[{"width":700,"height":700,"url":"https:\/\/paracherkaoui.ma\/wp-content\/uploads\/2025\/12\/svr-svr-sun-secure-lait-crepitant-spf-50-200-ml-cremes-solaires.jpg","type":"image\/jpeg"}],"twitter_card":"summary_large_image","twitter_misc":{"Dur\u00e9e de lecture estim\u00e9e":"1 minute"},"schema":{"@context":"https:\/\/schema.org","@graph":[{"@type":"WebPage","@id":"https:\/\/paracherkaoui.ma\/index.php\/produit\/svr-sun-secure-lait-crepitant-spf-50-200-ml-3\/","url":"https:\/\/paracherkaoui.ma\/index.php\/produit\/svr-sun-secure-lait-crepitant-spf-50-200-ml-3\/","name":"SVR SUN SECURE LAIT CREPITANT SPF 50+ 200 ML - Paracherkaoui.ma","isPartOf":{"@id":"https:\/\/paracherkaoui.ma\/#website"},"primaryImageOfPage":{"@id":"https:\/\/paracherkaoui.ma\/index.php\/produit\/svr-sun-secure-lait-crepitant-spf-50-200-ml-3\/#primaryimage"},"image":{"@id":"https:\/\/paracherkaoui.ma\/index.php\/produit\/svr-sun-secure-lait-crepitant-spf-50-200-ml-3\/#primaryimage"},"thumbnailUrl":"https:\/\/paracherkaoui.ma\/wp-content\/uploads\/2025\/12\/svr-svr-sun-secure-lait-crepitant-spf-50-200-ml-cremes-solaires.jpg","datePublished":"2025-12-12T17:58:22+00:00","dateModified":"2025-12-12T17:58:25+00:00","breadcrumb":{"@id":"https:\/\/paracherkaoui.ma\/index.php\/produit\/svr-sun-secure-lait-crepitant-spf-50-200-ml-3\/#breadcrumb"},"inLanguage":"fr-FR","potentialAction":[{"@type":"ReadAction","target":["https:\/\/paracherkaoui.ma\/index.php\/produit\/svr-sun-secure-lait-crepitant-spf-50-200-ml-3\/"]}]},{"@type":"ImageObject","inLanguage":"fr-FR","@id":"https:\/\/paracherkaoui.ma\/index.php\/produit\/svr-sun-secure-lait-crepitant-spf-50-200-ml-3\/#primaryimage","url":"https:\/\/paracherkaoui.ma\/wp-content\/uploads\/2025\/12\/svr-svr-sun-secure-lait-crepitant-spf-50-200-ml-cremes-solaires.jpg","contentUrl":"https:\/\/paracherkaoui.ma\/wp-content\/uploads\/2025\/12\/svr-svr-sun-secure-lait-crepitant-spf-50-200-ml-cremes-solaires.jpg","width":700,"height":700},{"@type":"BreadcrumbList","@id":"https:\/\/paracherkaoui.ma\/index.php\/produit\/svr-sun-secure-lait-crepitant-spf-50-200-ml-3\/#breadcrumb","itemListElement":[{"@type":"ListItem","position":1,"name":"Accueil","item":"https:\/\/paracherkaoui.ma\/"},{"@type":"ListItem","position":2,"name":"Boutique","item":"https:\/\/paracherkaoui.ma\/index.php\/boutique\/"},{"@type":"ListItem","position":3,"name":"SVR SUN SECURE LAIT CREPITANT SPF 50+ 200 ML"}]},{"@type":"WebSite","@id":"https:\/\/paracherkaoui.ma\/#website","url":"https:\/\/paracherkaoui.ma\/","name":"Paracherkaoui.ma","description":"Achetez en ligne sur Paracherkaoui.ma","potentialAction":[{"@type":"SearchAction","target":{"@type":"EntryPoint","urlTemplate":"https:\/\/paracherkaoui.ma\/?s={search_term_string}"},"query-input":{"@type":"PropertyValueSpecification","valueRequired":true,"valueName":"search_term_string"}}],"inLanguage":"fr-FR"}]}},"_links":{"self":[{"href":"https:\/\/paracherkaoui.ma\/index.php\/wp-json\/wp\/v2\/product\/37552","targetHints":{"allow":["GET"]}}],"collection":[{"href":"https:\/\/paracherkaoui.ma\/index.php\/wp-json\/wp\/v2\/product"}],"about":[{"href":"https:\/\/paracherkaoui.ma\/index.php\/wp-json\/wp\/v2\/types\/product"}],"replies":[{"embeddable":true,"href":"https:\/\/paracherkaoui.ma\/index.php\/wp-json\/wp\/v2\/comments?post=37552"}],"version-history":[{"count":1,"href":"https:\/\/paracherkaoui.ma\/index.php\/wp-json\/wp\/v2\/product\/37552\/revisions"}],"predecessor-version":[{"id":37591,"href":"https:\/\/paracherkaoui.ma\/index.php\/wp-json\/wp\/v2\/product\/37552\/revisions\/37591"}],"wp:featuredmedia":[{"embeddable":true,"href":"https:\/\/paracherkaoui.ma\/index.php\/wp-json\/wp\/v2\/media\/12838"}],"wp:attachment":[{"href":"https:\/\/paracherkaoui.ma\/index.php\/wp-json\/wp\/v2\/media?parent=37552"}],"wp:term":[{"taxonomy":"product_brand","embeddable":true,"href":"https:\/\/paracherkaoui.ma\/index.php\/wp-json\/wp\/v2\/product_brand?post=37552"},{"taxonomy":"product_cat","embeddable":true,"href":"https:\/\/paracherkaoui.ma\/index.php\/wp-json\/wp\/v2\/product_cat?post=37552"},{"taxonomy":"product_tag","embeddable":true,"href":"https:\/\/paracherkaoui.ma\/index.php\/wp-json\/wp\/v2\/product_tag?post=37552"}],"curies":[{"name":"wp","href":"https:\/\/api.w.org\/{rel}","templated":true}]}}