{"id":37542,"date":"2025-12-12T18:58:21","date_gmt":"2025-12-12T17:58:21","guid":{"rendered":"https:\/\/test.ecbeaute.com\/?post_type=product&#038;p=37542"},"modified":"2025-12-12T18:58:23","modified_gmt":"2025-12-12T17:58:23","slug":"bioderma-photoderm-sun-active-defence-creme-solaire-spf-50-invisible-2","status":"publish","type":"product","link":"https:\/\/paracherkaoui.ma\/index.php\/produit\/bioderma-photoderm-sun-active-defence-creme-solaire-spf-50-invisible-2\/","title":{"rendered":"BIODERMA PHOTODERM SUN ACTIVE DEFENCE CREME SOLAIRE SPF 50 + INVISIBLE"},"content":{"rendered":"<p>Garantit une tr\u00e8s haute protection UVA\/UVB<br \/>\nSUN ACTIVE DEFENSE : protection solaire de haute technologie, renforc\u00e9e contre les UVA<br \/>\n8h d&rsquo;hydratation<br \/>\nLaisse la peau souple et confortable<br \/>\nFini invisible &#8211; Non collant &#8211; Non gras &#8211; Excellente base de maquillage &#8211; Sans parfum &#8211; Tr\u00e8s bonne tol\u00e9rance cutan\u00e9e et oculaire &#8211; Non com\u00e9dog\u00e8ne &#8211; R\u00e9siste \u00e0 l&rsquo;eau, \u00e0 la chaleur et \u00e0 l&rsquo;humidit\u00e9 \u00e9lev\u00e9e<br \/>\nConseils d&rsquo;utilisation:<br \/>\nAppliquer uniform\u00e9ment et g\u00e9n\u00e9reusement<br \/>\nquotidiennement sur le visage et le cou avant l&rsquo;exposition au soleil (une petite quantit\u00e9 de produit diminue le niveau de protection solaire).<\/p>\n","protected":false},"excerpt":{"rendered":"<p>Garantit une tr\u00e8s haute protection UVA\/UVB SUN ACTIVE DEFENSE : protection solaire de haute technologie, renforc\u00e9e contre les UVA 8h<\/p>\n","protected":false},"featured_media":13067,"comment_status":"open","ping_status":"closed","template":"","meta":[],"product_brand":[137],"product_cat":[666],"product_tag":[],"class_list":{"0":"post-37542","1":"product","2":"type-product","3":"status-publish","4":"has-post-thumbnail","6":"product_brand-bioderma","7":"product_cat-cremes-solaires","9":"first","10":"instock","11":"sale","12":"shipping-taxable","13":"purchasable","14":"product-type-simple"},"yoast_head":"<!-- This site is optimized with the Yoast SEO plugin v26.6 - https:\/\/yoast.com\/wordpress\/plugins\/seo\/ -->\r\n<title>BIODERMA PHOTODERM SUN ACTIVE DEFENCE CREME SOLAIRE SPF 50 + INVISIBLE - Paracherkaoui.ma<\/title>\r\n<meta name=\"robots\" content=\"index, follow, max-snippet:-1, max-image-preview:large, max-video-preview:-1\" \/>\r\n<link rel=\"canonical\" href=\"https:\/\/paracherkaoui.ma\/index.php\/produit\/bioderma-photoderm-sun-active-defence-creme-solaire-spf-50-invisible-2\/\" \/>\r\n<meta property=\"og:locale\" content=\"fr_FR\" \/>\r\n<meta property=\"og:type\" content=\"article\" \/>\r\n<meta property=\"og:title\" content=\"BIODERMA PHOTODERM SUN ACTIVE DEFENCE CREME SOLAIRE SPF 50 + INVISIBLE - Paracherkaoui.ma\" \/>\r\n<meta property=\"og:description\" content=\"Garantit une tr\u00e8s haute protection UVA\/UVB SUN ACTIVE DEFENSE : protection solaire de haute technologie, renforc\u00e9e contre les UVA 8h\" \/>\r\n<meta property=\"og:url\" content=\"https:\/\/paracherkaoui.ma\/index.php\/produit\/bioderma-photoderm-sun-active-defence-creme-solaire-spf-50-invisible-2\/\" \/>\r\n<meta property=\"og:site_name\" content=\"Paracherkaoui.ma\" \/>\r\n<meta property=\"article:modified_time\" content=\"2025-12-12T17:58:23+00:00\" \/>\r\n<meta property=\"og:image\" content=\"https:\/\/paracherkaoui.ma\/wp-content\/uploads\/2025\/12\/bioderma-bioderma-photoderm-sun-active-defence-creme-solaire-spf-50-invisible-cremes.jpg\" \/>\r\n\t<meta property=\"og:image:width\" content=\"700\" \/>\r\n\t<meta property=\"og:image:height\" content=\"700\" \/>\r\n\t<meta property=\"og:image:type\" content=\"image\/jpeg\" \/>\r\n<meta name=\"twitter:card\" content=\"summary_large_image\" \/>\r\n<meta name=\"twitter:label1\" content=\"Dur\u00e9e de lecture estim\u00e9e\" \/>\n\t<meta name=\"twitter:data1\" content=\"1 minute\" \/>\r\n<script type=\"application\/ld+json\" class=\"yoast-schema-graph\">{\"@context\":\"https:\/\/schema.org\",\"@graph\":[{\"@type\":\"WebPage\",\"@id\":\"https:\/\/paracherkaoui.ma\/index.php\/produit\/bioderma-photoderm-sun-active-defence-creme-solaire-spf-50-invisible-2\/\",\"url\":\"https:\/\/paracherkaoui.ma\/index.php\/produit\/bioderma-photoderm-sun-active-defence-creme-solaire-spf-50-invisible-2\/\",\"name\":\"BIODERMA PHOTODERM SUN ACTIVE DEFENCE CREME SOLAIRE SPF 50 + INVISIBLE - Paracherkaoui.ma\",\"isPartOf\":{\"@id\":\"https:\/\/paracherkaoui.ma\/#website\"},\"primaryImageOfPage\":{\"@id\":\"https:\/\/paracherkaoui.ma\/index.php\/produit\/bioderma-photoderm-sun-active-defence-creme-solaire-spf-50-invisible-2\/#primaryimage\"},\"image\":{\"@id\":\"https:\/\/paracherkaoui.ma\/index.php\/produit\/bioderma-photoderm-sun-active-defence-creme-solaire-spf-50-invisible-2\/#primaryimage\"},\"thumbnailUrl\":\"https:\/\/paracherkaoui.ma\/wp-content\/uploads\/2025\/12\/bioderma-bioderma-photoderm-sun-active-defence-creme-solaire-spf-50-invisible-cremes.jpg\",\"datePublished\":\"2025-12-12T17:58:21+00:00\",\"dateModified\":\"2025-12-12T17:58:23+00:00\",\"breadcrumb\":{\"@id\":\"https:\/\/paracherkaoui.ma\/index.php\/produit\/bioderma-photoderm-sun-active-defence-creme-solaire-spf-50-invisible-2\/#breadcrumb\"},\"inLanguage\":\"fr-FR\",\"potentialAction\":[{\"@type\":\"ReadAction\",\"target\":[\"https:\/\/paracherkaoui.ma\/index.php\/produit\/bioderma-photoderm-sun-active-defence-creme-solaire-spf-50-invisible-2\/\"]}]},{\"@type\":\"ImageObject\",\"inLanguage\":\"fr-FR\",\"@id\":\"https:\/\/paracherkaoui.ma\/index.php\/produit\/bioderma-photoderm-sun-active-defence-creme-solaire-spf-50-invisible-2\/#primaryimage\",\"url\":\"https:\/\/paracherkaoui.ma\/wp-content\/uploads\/2025\/12\/bioderma-bioderma-photoderm-sun-active-defence-creme-solaire-spf-50-invisible-cremes.jpg\",\"contentUrl\":\"https:\/\/paracherkaoui.ma\/wp-content\/uploads\/2025\/12\/bioderma-bioderma-photoderm-sun-active-defence-creme-solaire-spf-50-invisible-cremes.jpg\",\"width\":700,\"height\":700},{\"@type\":\"BreadcrumbList\",\"@id\":\"https:\/\/paracherkaoui.ma\/index.php\/produit\/bioderma-photoderm-sun-active-defence-creme-solaire-spf-50-invisible-2\/#breadcrumb\",\"itemListElement\":[{\"@type\":\"ListItem\",\"position\":1,\"name\":\"Accueil\",\"item\":\"https:\/\/paracherkaoui.ma\/\"},{\"@type\":\"ListItem\",\"position\":2,\"name\":\"Boutique\",\"item\":\"https:\/\/paracherkaoui.ma\/index.php\/boutique\/\"},{\"@type\":\"ListItem\",\"position\":3,\"name\":\"BIODERMA PHOTODERM SUN ACTIVE DEFENCE CREME SOLAIRE SPF 50 + INVISIBLE\"}]},{\"@type\":\"WebSite\",\"@id\":\"https:\/\/paracherkaoui.ma\/#website\",\"url\":\"https:\/\/paracherkaoui.ma\/\",\"name\":\"Paracherkaoui.ma\",\"description\":\"Achetez en ligne sur Paracherkaoui.ma\",\"potentialAction\":[{\"@type\":\"SearchAction\",\"target\":{\"@type\":\"EntryPoint\",\"urlTemplate\":\"https:\/\/paracherkaoui.ma\/?s={search_term_string}\"},\"query-input\":{\"@type\":\"PropertyValueSpecification\",\"valueRequired\":true,\"valueName\":\"search_term_string\"}}],\"inLanguage\":\"fr-FR\"}]}<\/script>\r\n<!-- \/ Yoast SEO plugin. -->","yoast_head_json":{"title":"BIODERMA PHOTODERM SUN ACTIVE DEFENCE CREME SOLAIRE SPF 50 + INVISIBLE - Paracherkaoui.ma","robots":{"index":"index","follow":"follow","max-snippet":"max-snippet:-1","max-image-preview":"max-image-preview:large","max-video-preview":"max-video-preview:-1"},"canonical":"https:\/\/paracherkaoui.ma\/index.php\/produit\/bioderma-photoderm-sun-active-defence-creme-solaire-spf-50-invisible-2\/","og_locale":"fr_FR","og_type":"article","og_title":"BIODERMA PHOTODERM SUN ACTIVE DEFENCE CREME SOLAIRE SPF 50 + INVISIBLE - Paracherkaoui.ma","og_description":"Garantit une tr\u00e8s haute protection UVA\/UVB SUN ACTIVE DEFENSE : protection solaire de haute technologie, renforc\u00e9e contre les UVA 8h","og_url":"https:\/\/paracherkaoui.ma\/index.php\/produit\/bioderma-photoderm-sun-active-defence-creme-solaire-spf-50-invisible-2\/","og_site_name":"Paracherkaoui.ma","article_modified_time":"2025-12-12T17:58:23+00:00","og_image":[{"width":700,"height":700,"url":"https:\/\/paracherkaoui.ma\/wp-content\/uploads\/2025\/12\/bioderma-bioderma-photoderm-sun-active-defence-creme-solaire-spf-50-invisible-cremes.jpg","type":"image\/jpeg"}],"twitter_card":"summary_large_image","twitter_misc":{"Dur\u00e9e de lecture estim\u00e9e":"1 minute"},"schema":{"@context":"https:\/\/schema.org","@graph":[{"@type":"WebPage","@id":"https:\/\/paracherkaoui.ma\/index.php\/produit\/bioderma-photoderm-sun-active-defence-creme-solaire-spf-50-invisible-2\/","url":"https:\/\/paracherkaoui.ma\/index.php\/produit\/bioderma-photoderm-sun-active-defence-creme-solaire-spf-50-invisible-2\/","name":"BIODERMA PHOTODERM SUN ACTIVE DEFENCE CREME SOLAIRE SPF 50 + INVISIBLE - Paracherkaoui.ma","isPartOf":{"@id":"https:\/\/paracherkaoui.ma\/#website"},"primaryImageOfPage":{"@id":"https:\/\/paracherkaoui.ma\/index.php\/produit\/bioderma-photoderm-sun-active-defence-creme-solaire-spf-50-invisible-2\/#primaryimage"},"image":{"@id":"https:\/\/paracherkaoui.ma\/index.php\/produit\/bioderma-photoderm-sun-active-defence-creme-solaire-spf-50-invisible-2\/#primaryimage"},"thumbnailUrl":"https:\/\/paracherkaoui.ma\/wp-content\/uploads\/2025\/12\/bioderma-bioderma-photoderm-sun-active-defence-creme-solaire-spf-50-invisible-cremes.jpg","datePublished":"2025-12-12T17:58:21+00:00","dateModified":"2025-12-12T17:58:23+00:00","breadcrumb":{"@id":"https:\/\/paracherkaoui.ma\/index.php\/produit\/bioderma-photoderm-sun-active-defence-creme-solaire-spf-50-invisible-2\/#breadcrumb"},"inLanguage":"fr-FR","potentialAction":[{"@type":"ReadAction","target":["https:\/\/paracherkaoui.ma\/index.php\/produit\/bioderma-photoderm-sun-active-defence-creme-solaire-spf-50-invisible-2\/"]}]},{"@type":"ImageObject","inLanguage":"fr-FR","@id":"https:\/\/paracherkaoui.ma\/index.php\/produit\/bioderma-photoderm-sun-active-defence-creme-solaire-spf-50-invisible-2\/#primaryimage","url":"https:\/\/paracherkaoui.ma\/wp-content\/uploads\/2025\/12\/bioderma-bioderma-photoderm-sun-active-defence-creme-solaire-spf-50-invisible-cremes.jpg","contentUrl":"https:\/\/paracherkaoui.ma\/wp-content\/uploads\/2025\/12\/bioderma-bioderma-photoderm-sun-active-defence-creme-solaire-spf-50-invisible-cremes.jpg","width":700,"height":700},{"@type":"BreadcrumbList","@id":"https:\/\/paracherkaoui.ma\/index.php\/produit\/bioderma-photoderm-sun-active-defence-creme-solaire-spf-50-invisible-2\/#breadcrumb","itemListElement":[{"@type":"ListItem","position":1,"name":"Accueil","item":"https:\/\/paracherkaoui.ma\/"},{"@type":"ListItem","position":2,"name":"Boutique","item":"https:\/\/paracherkaoui.ma\/index.php\/boutique\/"},{"@type":"ListItem","position":3,"name":"BIODERMA PHOTODERM SUN ACTIVE DEFENCE CREME SOLAIRE SPF 50 + INVISIBLE"}]},{"@type":"WebSite","@id":"https:\/\/paracherkaoui.ma\/#website","url":"https:\/\/paracherkaoui.ma\/","name":"Paracherkaoui.ma","description":"Achetez en ligne sur Paracherkaoui.ma","potentialAction":[{"@type":"SearchAction","target":{"@type":"EntryPoint","urlTemplate":"https:\/\/paracherkaoui.ma\/?s={search_term_string}"},"query-input":{"@type":"PropertyValueSpecification","valueRequired":true,"valueName":"search_term_string"}}],"inLanguage":"fr-FR"}]}},"_links":{"self":[{"href":"https:\/\/paracherkaoui.ma\/index.php\/wp-json\/wp\/v2\/product\/37542","targetHints":{"allow":["GET"]}}],"collection":[{"href":"https:\/\/paracherkaoui.ma\/index.php\/wp-json\/wp\/v2\/product"}],"about":[{"href":"https:\/\/paracherkaoui.ma\/index.php\/wp-json\/wp\/v2\/types\/product"}],"replies":[{"embeddable":true,"href":"https:\/\/paracherkaoui.ma\/index.php\/wp-json\/wp\/v2\/comments?post=37542"}],"version-history":[{"count":1,"href":"https:\/\/paracherkaoui.ma\/index.php\/wp-json\/wp\/v2\/product\/37542\/revisions"}],"predecessor-version":[{"id":37574,"href":"https:\/\/paracherkaoui.ma\/index.php\/wp-json\/wp\/v2\/product\/37542\/revisions\/37574"}],"wp:featuredmedia":[{"embeddable":true,"href":"https:\/\/paracherkaoui.ma\/index.php\/wp-json\/wp\/v2\/media\/13067"}],"wp:attachment":[{"href":"https:\/\/paracherkaoui.ma\/index.php\/wp-json\/wp\/v2\/media?parent=37542"}],"wp:term":[{"taxonomy":"product_brand","embeddable":true,"href":"https:\/\/paracherkaoui.ma\/index.php\/wp-json\/wp\/v2\/product_brand?post=37542"},{"taxonomy":"product_cat","embeddable":true,"href":"https:\/\/paracherkaoui.ma\/index.php\/wp-json\/wp\/v2\/product_cat?post=37542"},{"taxonomy":"product_tag","embeddable":true,"href":"https:\/\/paracherkaoui.ma\/index.php\/wp-json\/wp\/v2\/product_tag?post=37542"}],"curies":[{"name":"wp","href":"https:\/\/api.w.org\/{rel}","templated":true}]}}