{"id":37478,"date":"2025-12-12T18:58:15","date_gmt":"2025-12-12T17:58:15","guid":{"rendered":"https:\/\/test.ecbeaute.com\/?post_type=product&#038;p=37478"},"modified":"2025-12-12T18:58:19","modified_gmt":"2025-12-12T17:58:19","slug":"svr-sun-secure-fluide-toucher-sec-fini-invisible-spf50-50-ml-2","status":"publish","type":"product","link":"https:\/\/paracherkaoui.ma\/index.php\/produit\/svr-sun-secure-fluide-toucher-sec-fini-invisible-spf50-50-ml-2\/","title":{"rendered":"SVR SUN SECURE FLUIDE TOUCHER SEC FINI INVISIBLE SPF50+ 50 ML"},"content":{"rendered":"<p>Description:<br \/>\nSUN SECURE Fluide offre une tr\u00e8s haute protection SPF50+ au fini invisible et un toucher sec pour toute la famille : b\u00e9b\u00e9, enfant, adulte. SUN SECURE Fluide SPF50+ est un fluide au toucher sec qui laisse sur la peau un fini mat, non gras et non collant. Sa texture l\u00e9g\u00e8re p\u00e9n\u00e8tre instantan\u00e9ment sur la peau et est particuli\u00e8rement adapt\u00e9e aux peaux normales \u00e0 mixtes. Il r\u00e9siste \u00e0 l\u2019eau, \u00e0 la transpiration et aux frottements pour une protection optimale. Il est adapt\u00e9 au visage des peaux hypersensibles au soleil de toute la famille : b\u00e9b\u00e9, enfant, adulte. Son d\u00e9licat parfum d\u2019\u00e9t\u00e9 et sa texture l\u00e9g\u00e8re en feront l\u2019alli\u00e9 de toute la famille.<\/p>\n<p>Conseils d&rsquo;utilisation:<\/p>\n<p>Avant de s\u2019exposer au soleil, appliquer une dose suffisante et homog\u00e8ne pour couvrir le visage. Renouveler fr\u00e9quemment l\u2019application.<\/p>\n","protected":false},"excerpt":{"rendered":"<p>Description: SUN SECURE Fluide offre une tr\u00e8s haute protection SPF50+ au fini invisible et un toucher sec pour toute la<\/p>\n","protected":false},"featured_media":12983,"comment_status":"open","ping_status":"closed","template":"","meta":[],"product_brand":[133],"product_cat":[666],"product_tag":[],"class_list":{"0":"post-37478","1":"product","2":"type-product","3":"status-publish","4":"has-post-thumbnail","6":"product_brand-svr","7":"product_cat-cremes-solaires","9":"first","10":"instock","11":"sale","12":"shipping-taxable","13":"purchasable","14":"product-type-simple"},"yoast_head":"<!-- This site is optimized with the Yoast SEO plugin v26.6 - https:\/\/yoast.com\/wordpress\/plugins\/seo\/ -->\r\n<title>SVR SUN SECURE FLUIDE TOUCHER SEC FINI INVISIBLE SPF50+ 50 ML - Paracherkaoui.ma<\/title>\r\n<meta name=\"robots\" content=\"index, follow, max-snippet:-1, max-image-preview:large, max-video-preview:-1\" \/>\r\n<link rel=\"canonical\" href=\"https:\/\/paracherkaoui.ma\/index.php\/produit\/svr-sun-secure-fluide-toucher-sec-fini-invisible-spf50-50-ml-2\/\" \/>\r\n<meta property=\"og:locale\" content=\"fr_FR\" \/>\r\n<meta property=\"og:type\" content=\"article\" \/>\r\n<meta property=\"og:title\" content=\"SVR SUN SECURE FLUIDE TOUCHER SEC FINI INVISIBLE SPF50+ 50 ML - Paracherkaoui.ma\" \/>\r\n<meta property=\"og:description\" content=\"Description: SUN SECURE Fluide offre une tr\u00e8s haute protection SPF50+ au fini invisible et un toucher sec pour toute la\" \/>\r\n<meta property=\"og:url\" content=\"https:\/\/paracherkaoui.ma\/index.php\/produit\/svr-sun-secure-fluide-toucher-sec-fini-invisible-spf50-50-ml-2\/\" \/>\r\n<meta property=\"og:site_name\" content=\"Paracherkaoui.ma\" \/>\r\n<meta property=\"article:modified_time\" content=\"2025-12-12T17:58:19+00:00\" \/>\r\n<meta property=\"og:image\" content=\"https:\/\/paracherkaoui.ma\/wp-content\/uploads\/2025\/12\/svr-svr-sun-secure-fluide-toucher-sec-fini-invisible-spf50-50-ml-cremes-solaires.jpg\" \/>\r\n\t<meta property=\"og:image:width\" content=\"700\" \/>\r\n\t<meta property=\"og:image:height\" content=\"700\" \/>\r\n\t<meta property=\"og:image:type\" content=\"image\/jpeg\" \/>\r\n<meta name=\"twitter:card\" content=\"summary_large_image\" \/>\r\n<meta name=\"twitter:label1\" content=\"Dur\u00e9e de lecture estim\u00e9e\" \/>\n\t<meta name=\"twitter:data1\" content=\"1 minute\" \/>\r\n<script type=\"application\/ld+json\" class=\"yoast-schema-graph\">{\"@context\":\"https:\/\/schema.org\",\"@graph\":[{\"@type\":\"WebPage\",\"@id\":\"https:\/\/paracherkaoui.ma\/index.php\/produit\/svr-sun-secure-fluide-toucher-sec-fini-invisible-spf50-50-ml-2\/\",\"url\":\"https:\/\/paracherkaoui.ma\/index.php\/produit\/svr-sun-secure-fluide-toucher-sec-fini-invisible-spf50-50-ml-2\/\",\"name\":\"SVR SUN SECURE FLUIDE TOUCHER SEC FINI INVISIBLE SPF50+ 50 ML - Paracherkaoui.ma\",\"isPartOf\":{\"@id\":\"https:\/\/paracherkaoui.ma\/#website\"},\"primaryImageOfPage\":{\"@id\":\"https:\/\/paracherkaoui.ma\/index.php\/produit\/svr-sun-secure-fluide-toucher-sec-fini-invisible-spf50-50-ml-2\/#primaryimage\"},\"image\":{\"@id\":\"https:\/\/paracherkaoui.ma\/index.php\/produit\/svr-sun-secure-fluide-toucher-sec-fini-invisible-spf50-50-ml-2\/#primaryimage\"},\"thumbnailUrl\":\"https:\/\/paracherkaoui.ma\/wp-content\/uploads\/2025\/12\/svr-svr-sun-secure-fluide-toucher-sec-fini-invisible-spf50-50-ml-cremes-solaires.jpg\",\"datePublished\":\"2025-12-12T17:58:15+00:00\",\"dateModified\":\"2025-12-12T17:58:19+00:00\",\"breadcrumb\":{\"@id\":\"https:\/\/paracherkaoui.ma\/index.php\/produit\/svr-sun-secure-fluide-toucher-sec-fini-invisible-spf50-50-ml-2\/#breadcrumb\"},\"inLanguage\":\"fr-FR\",\"potentialAction\":[{\"@type\":\"ReadAction\",\"target\":[\"https:\/\/paracherkaoui.ma\/index.php\/produit\/svr-sun-secure-fluide-toucher-sec-fini-invisible-spf50-50-ml-2\/\"]}]},{\"@type\":\"ImageObject\",\"inLanguage\":\"fr-FR\",\"@id\":\"https:\/\/paracherkaoui.ma\/index.php\/produit\/svr-sun-secure-fluide-toucher-sec-fini-invisible-spf50-50-ml-2\/#primaryimage\",\"url\":\"https:\/\/paracherkaoui.ma\/wp-content\/uploads\/2025\/12\/svr-svr-sun-secure-fluide-toucher-sec-fini-invisible-spf50-50-ml-cremes-solaires.jpg\",\"contentUrl\":\"https:\/\/paracherkaoui.ma\/wp-content\/uploads\/2025\/12\/svr-svr-sun-secure-fluide-toucher-sec-fini-invisible-spf50-50-ml-cremes-solaires.jpg\",\"width\":700,\"height\":700},{\"@type\":\"BreadcrumbList\",\"@id\":\"https:\/\/paracherkaoui.ma\/index.php\/produit\/svr-sun-secure-fluide-toucher-sec-fini-invisible-spf50-50-ml-2\/#breadcrumb\",\"itemListElement\":[{\"@type\":\"ListItem\",\"position\":1,\"name\":\"Accueil\",\"item\":\"https:\/\/paracherkaoui.ma\/\"},{\"@type\":\"ListItem\",\"position\":2,\"name\":\"Boutique\",\"item\":\"https:\/\/paracherkaoui.ma\/index.php\/boutique\/\"},{\"@type\":\"ListItem\",\"position\":3,\"name\":\"SVR SUN SECURE FLUIDE TOUCHER SEC FINI INVISIBLE SPF50+ 50 ML\"}]},{\"@type\":\"WebSite\",\"@id\":\"https:\/\/paracherkaoui.ma\/#website\",\"url\":\"https:\/\/paracherkaoui.ma\/\",\"name\":\"Paracherkaoui.ma\",\"description\":\"Achetez en ligne sur Paracherkaoui.ma\",\"potentialAction\":[{\"@type\":\"SearchAction\",\"target\":{\"@type\":\"EntryPoint\",\"urlTemplate\":\"https:\/\/paracherkaoui.ma\/?s={search_term_string}\"},\"query-input\":{\"@type\":\"PropertyValueSpecification\",\"valueRequired\":true,\"valueName\":\"search_term_string\"}}],\"inLanguage\":\"fr-FR\"}]}<\/script>\r\n<!-- \/ Yoast SEO plugin. -->","yoast_head_json":{"title":"SVR SUN SECURE FLUIDE TOUCHER SEC FINI INVISIBLE SPF50+ 50 ML - Paracherkaoui.ma","robots":{"index":"index","follow":"follow","max-snippet":"max-snippet:-1","max-image-preview":"max-image-preview:large","max-video-preview":"max-video-preview:-1"},"canonical":"https:\/\/paracherkaoui.ma\/index.php\/produit\/svr-sun-secure-fluide-toucher-sec-fini-invisible-spf50-50-ml-2\/","og_locale":"fr_FR","og_type":"article","og_title":"SVR SUN SECURE FLUIDE TOUCHER SEC FINI INVISIBLE SPF50+ 50 ML - Paracherkaoui.ma","og_description":"Description: SUN SECURE Fluide offre une tr\u00e8s haute protection SPF50+ au fini invisible et un toucher sec pour toute la","og_url":"https:\/\/paracherkaoui.ma\/index.php\/produit\/svr-sun-secure-fluide-toucher-sec-fini-invisible-spf50-50-ml-2\/","og_site_name":"Paracherkaoui.ma","article_modified_time":"2025-12-12T17:58:19+00:00","og_image":[{"width":700,"height":700,"url":"https:\/\/paracherkaoui.ma\/wp-content\/uploads\/2025\/12\/svr-svr-sun-secure-fluide-toucher-sec-fini-invisible-spf50-50-ml-cremes-solaires.jpg","type":"image\/jpeg"}],"twitter_card":"summary_large_image","twitter_misc":{"Dur\u00e9e de lecture estim\u00e9e":"1 minute"},"schema":{"@context":"https:\/\/schema.org","@graph":[{"@type":"WebPage","@id":"https:\/\/paracherkaoui.ma\/index.php\/produit\/svr-sun-secure-fluide-toucher-sec-fini-invisible-spf50-50-ml-2\/","url":"https:\/\/paracherkaoui.ma\/index.php\/produit\/svr-sun-secure-fluide-toucher-sec-fini-invisible-spf50-50-ml-2\/","name":"SVR SUN SECURE FLUIDE TOUCHER SEC FINI INVISIBLE SPF50+ 50 ML - Paracherkaoui.ma","isPartOf":{"@id":"https:\/\/paracherkaoui.ma\/#website"},"primaryImageOfPage":{"@id":"https:\/\/paracherkaoui.ma\/index.php\/produit\/svr-sun-secure-fluide-toucher-sec-fini-invisible-spf50-50-ml-2\/#primaryimage"},"image":{"@id":"https:\/\/paracherkaoui.ma\/index.php\/produit\/svr-sun-secure-fluide-toucher-sec-fini-invisible-spf50-50-ml-2\/#primaryimage"},"thumbnailUrl":"https:\/\/paracherkaoui.ma\/wp-content\/uploads\/2025\/12\/svr-svr-sun-secure-fluide-toucher-sec-fini-invisible-spf50-50-ml-cremes-solaires.jpg","datePublished":"2025-12-12T17:58:15+00:00","dateModified":"2025-12-12T17:58:19+00:00","breadcrumb":{"@id":"https:\/\/paracherkaoui.ma\/index.php\/produit\/svr-sun-secure-fluide-toucher-sec-fini-invisible-spf50-50-ml-2\/#breadcrumb"},"inLanguage":"fr-FR","potentialAction":[{"@type":"ReadAction","target":["https:\/\/paracherkaoui.ma\/index.php\/produit\/svr-sun-secure-fluide-toucher-sec-fini-invisible-spf50-50-ml-2\/"]}]},{"@type":"ImageObject","inLanguage":"fr-FR","@id":"https:\/\/paracherkaoui.ma\/index.php\/produit\/svr-sun-secure-fluide-toucher-sec-fini-invisible-spf50-50-ml-2\/#primaryimage","url":"https:\/\/paracherkaoui.ma\/wp-content\/uploads\/2025\/12\/svr-svr-sun-secure-fluide-toucher-sec-fini-invisible-spf50-50-ml-cremes-solaires.jpg","contentUrl":"https:\/\/paracherkaoui.ma\/wp-content\/uploads\/2025\/12\/svr-svr-sun-secure-fluide-toucher-sec-fini-invisible-spf50-50-ml-cremes-solaires.jpg","width":700,"height":700},{"@type":"BreadcrumbList","@id":"https:\/\/paracherkaoui.ma\/index.php\/produit\/svr-sun-secure-fluide-toucher-sec-fini-invisible-spf50-50-ml-2\/#breadcrumb","itemListElement":[{"@type":"ListItem","position":1,"name":"Accueil","item":"https:\/\/paracherkaoui.ma\/"},{"@type":"ListItem","position":2,"name":"Boutique","item":"https:\/\/paracherkaoui.ma\/index.php\/boutique\/"},{"@type":"ListItem","position":3,"name":"SVR SUN SECURE FLUIDE TOUCHER SEC FINI INVISIBLE SPF50+ 50 ML"}]},{"@type":"WebSite","@id":"https:\/\/paracherkaoui.ma\/#website","url":"https:\/\/paracherkaoui.ma\/","name":"Paracherkaoui.ma","description":"Achetez en ligne sur Paracherkaoui.ma","potentialAction":[{"@type":"SearchAction","target":{"@type":"EntryPoint","urlTemplate":"https:\/\/paracherkaoui.ma\/?s={search_term_string}"},"query-input":{"@type":"PropertyValueSpecification","valueRequired":true,"valueName":"search_term_string"}}],"inLanguage":"fr-FR"}]}},"_links":{"self":[{"href":"https:\/\/paracherkaoui.ma\/index.php\/wp-json\/wp\/v2\/product\/37478","targetHints":{"allow":["GET"]}}],"collection":[{"href":"https:\/\/paracherkaoui.ma\/index.php\/wp-json\/wp\/v2\/product"}],"about":[{"href":"https:\/\/paracherkaoui.ma\/index.php\/wp-json\/wp\/v2\/types\/product"}],"replies":[{"embeddable":true,"href":"https:\/\/paracherkaoui.ma\/index.php\/wp-json\/wp\/v2\/comments?post=37478"}],"version-history":[{"count":1,"href":"https:\/\/paracherkaoui.ma\/index.php\/wp-json\/wp\/v2\/product\/37478\/revisions"}],"predecessor-version":[{"id":37519,"href":"https:\/\/paracherkaoui.ma\/index.php\/wp-json\/wp\/v2\/product\/37478\/revisions\/37519"}],"wp:featuredmedia":[{"embeddable":true,"href":"https:\/\/paracherkaoui.ma\/index.php\/wp-json\/wp\/v2\/media\/12983"}],"wp:attachment":[{"href":"https:\/\/paracherkaoui.ma\/index.php\/wp-json\/wp\/v2\/media?parent=37478"}],"wp:term":[{"taxonomy":"product_brand","embeddable":true,"href":"https:\/\/paracherkaoui.ma\/index.php\/wp-json\/wp\/v2\/product_brand?post=37478"},{"taxonomy":"product_cat","embeddable":true,"href":"https:\/\/paracherkaoui.ma\/index.php\/wp-json\/wp\/v2\/product_cat?post=37478"},{"taxonomy":"product_tag","embeddable":true,"href":"https:\/\/paracherkaoui.ma\/index.php\/wp-json\/wp\/v2\/product_tag?post=37478"}],"curies":[{"name":"wp","href":"https:\/\/api.w.org\/{rel}","templated":true}]}}