{"id":37476,"date":"2025-12-12T18:58:15","date_gmt":"2025-12-12T17:58:15","guid":{"rendered":"https:\/\/test.ecbeaute.com\/?post_type=product&#038;p=37476"},"modified":"2025-12-12T18:58:18","modified_gmt":"2025-12-12T17:58:18","slug":"lierac-sunissime-le-stick-solaire-protecteur-spf-50-visage-10-g","status":"publish","type":"product","link":"https:\/\/paracherkaoui.ma\/index.php\/produit\/lierac-sunissime-le-stick-solaire-protecteur-spf-50-visage-10-g\/","title":{"rendered":"LIERAC SUNISSIME LE STICK SOLAIRE PROTECTEUR SPF 50 VISAGE 10 G"},"content":{"rendered":"<p>Le stick protecteur SPF50+ Sunissime offre une tr\u00e8s haute protection pour le visage et les zones sensibles (\u00e9paules, cicatrices, grains de beaut\u00e9, tatouages) gr\u00e2ce \u00e0 son syst\u00e8me filtrant Large Spectre [UVB + UVA + Lumi\u00e8re Bleue + Infrarouges]. Sa formule pr\u00e9vient des signes du photo-vieillissement (rides, taches, rel\u00e2chement) pour une action anti-\u00e2ge global.<br \/>\nSa texture stick non grasse et non collante permet une application facile et homog\u00e8ne \u00e0 tout moment de la journ\u00e9e pour vous prot\u00e9ger efficacement. Son format compact nomade vous permettra de l\u2019emporter partout.<br \/>\nComposition :<br \/>\nCANDELILLA CERA \/ EUPHORBIA CERIFERA (CANDELILLA) WAX \/ CIRE DE CANDELILLA. CAPRYLIC\/CAPRIC TRIGLYCERIDE. LAURYL LAURATE. THEOBROMA CACAO (COCOA) SEED BUTTER. DIETHYLAMINO HYDROXYBENZOYL HEXYL BENZOATE. DIETHYLHEXYL BUTAMIDO TRIAZONE. CORN STARCH MODIFIED. ETHYLHEXYL TRIAZONE. BIS-ETHYLHEXYLOXYPHENOL METHOXYPHENYL TRIAZINE. RICINUS COMMUNIS (CASTOR) SEED OIL. COPERNICIA CERIFERA CERA \/ COPERNICIA CERIFERA (CARNAUBA) WAX \/ CIRE DE CARNAUBA. PARFUM \/ FRAGRANCE. STEARALKONIUM HECTORITE. PROPYLENE CARBONATE. LAMINARIA OCHROLEUCA EXTRACT. TOCOPHERYL ACETATE. ASTAXANTHIN. TOCOPHEROL. 4173A.<br \/>\nConseils d&rsquo;utilisation :<br \/>\nAppliquer g\u00e9n\u00e9reusement sur le visage et les zones sensibles (l\u00e8vres, \u00e9paules, cicatrice, grains de beaut\u00e9, tatouage) avant chaque exposition au soleil. Renouveler toutes les 2 heures ou apr\u00e8s avoir nag\u00e9, transpir\u00e9 ou s\u2019\u00eatre essuy\u00e9.<\/p>\n","protected":false},"excerpt":{"rendered":"<p>Le stick protecteur SPF50+ Sunissime offre une tr\u00e8s haute protection pour le visage et les zones sensibles (\u00e9paules, cicatrices, grains<\/p>\n","protected":false},"featured_media":37515,"comment_status":"open","ping_status":"closed","template":"","meta":[],"product_brand":[371],"product_cat":[666],"product_tag":[],"class_list":{"0":"post-37476","1":"product","2":"type-product","3":"status-publish","4":"has-post-thumbnail","6":"product_brand-lierac","7":"product_cat-cremes-solaires","9":"first","10":"instock","11":"shipping-taxable","12":"purchasable","13":"product-type-simple"},"yoast_head":"<!-- This site is optimized with the Yoast SEO plugin v26.6 - https:\/\/yoast.com\/wordpress\/plugins\/seo\/ -->\r\n<title>LIERAC SUNISSIME LE STICK SOLAIRE PROTECTEUR SPF 50 VISAGE 10 G - Paracherkaoui.ma<\/title>\r\n<meta name=\"robots\" content=\"index, follow, max-snippet:-1, max-image-preview:large, max-video-preview:-1\" \/>\r\n<link rel=\"canonical\" href=\"https:\/\/paracherkaoui.ma\/index.php\/produit\/lierac-sunissime-le-stick-solaire-protecteur-spf-50-visage-10-g\/\" \/>\r\n<meta property=\"og:locale\" content=\"fr_FR\" \/>\r\n<meta property=\"og:type\" content=\"article\" \/>\r\n<meta property=\"og:title\" content=\"LIERAC SUNISSIME LE STICK SOLAIRE PROTECTEUR SPF 50 VISAGE 10 G - Paracherkaoui.ma\" \/>\r\n<meta property=\"og:description\" content=\"Le stick protecteur SPF50+ Sunissime offre une tr\u00e8s haute protection pour le visage et les zones sensibles (\u00e9paules, cicatrices, grains\" \/>\r\n<meta property=\"og:url\" content=\"https:\/\/paracherkaoui.ma\/index.php\/produit\/lierac-sunissime-le-stick-solaire-protecteur-spf-50-visage-10-g\/\" \/>\r\n<meta property=\"og:site_name\" content=\"Paracherkaoui.ma\" \/>\r\n<meta property=\"article:modified_time\" content=\"2025-12-12T17:58:18+00:00\" \/>\r\n<meta property=\"og:image\" content=\"https:\/\/paracherkaoui.ma\/wp-content\/uploads\/2025\/12\/lierac-lierac-sunissime-le-stick-solaire-protecteur-spf-50-visage-10-g-cremes.jpg\" \/>\r\n\t<meta property=\"og:image:width\" content=\"700\" \/>\r\n\t<meta property=\"og:image:height\" content=\"700\" \/>\r\n\t<meta property=\"og:image:type\" content=\"image\/jpeg\" \/>\r\n<meta name=\"twitter:card\" content=\"summary_large_image\" \/>\r\n<meta name=\"twitter:label1\" content=\"Dur\u00e9e de lecture estim\u00e9e\" \/>\n\t<meta name=\"twitter:data1\" content=\"1 minute\" \/>\r\n<script type=\"application\/ld+json\" class=\"yoast-schema-graph\">{\"@context\":\"https:\/\/schema.org\",\"@graph\":[{\"@type\":\"WebPage\",\"@id\":\"https:\/\/paracherkaoui.ma\/index.php\/produit\/lierac-sunissime-le-stick-solaire-protecteur-spf-50-visage-10-g\/\",\"url\":\"https:\/\/paracherkaoui.ma\/index.php\/produit\/lierac-sunissime-le-stick-solaire-protecteur-spf-50-visage-10-g\/\",\"name\":\"LIERAC SUNISSIME LE STICK SOLAIRE PROTECTEUR SPF 50 VISAGE 10 G - Paracherkaoui.ma\",\"isPartOf\":{\"@id\":\"https:\/\/paracherkaoui.ma\/#website\"},\"primaryImageOfPage\":{\"@id\":\"https:\/\/paracherkaoui.ma\/index.php\/produit\/lierac-sunissime-le-stick-solaire-protecteur-spf-50-visage-10-g\/#primaryimage\"},\"image\":{\"@id\":\"https:\/\/paracherkaoui.ma\/index.php\/produit\/lierac-sunissime-le-stick-solaire-protecteur-spf-50-visage-10-g\/#primaryimage\"},\"thumbnailUrl\":\"https:\/\/paracherkaoui.ma\/wp-content\/uploads\/2025\/12\/lierac-lierac-sunissime-le-stick-solaire-protecteur-spf-50-visage-10-g-cremes.jpg\",\"datePublished\":\"2025-12-12T17:58:15+00:00\",\"dateModified\":\"2025-12-12T17:58:18+00:00\",\"breadcrumb\":{\"@id\":\"https:\/\/paracherkaoui.ma\/index.php\/produit\/lierac-sunissime-le-stick-solaire-protecteur-spf-50-visage-10-g\/#breadcrumb\"},\"inLanguage\":\"fr-FR\",\"potentialAction\":[{\"@type\":\"ReadAction\",\"target\":[\"https:\/\/paracherkaoui.ma\/index.php\/produit\/lierac-sunissime-le-stick-solaire-protecteur-spf-50-visage-10-g\/\"]}]},{\"@type\":\"ImageObject\",\"inLanguage\":\"fr-FR\",\"@id\":\"https:\/\/paracherkaoui.ma\/index.php\/produit\/lierac-sunissime-le-stick-solaire-protecteur-spf-50-visage-10-g\/#primaryimage\",\"url\":\"https:\/\/paracherkaoui.ma\/wp-content\/uploads\/2025\/12\/lierac-lierac-sunissime-le-stick-solaire-protecteur-spf-50-visage-10-g-cremes.jpg\",\"contentUrl\":\"https:\/\/paracherkaoui.ma\/wp-content\/uploads\/2025\/12\/lierac-lierac-sunissime-le-stick-solaire-protecteur-spf-50-visage-10-g-cremes.jpg\",\"width\":700,\"height\":700},{\"@type\":\"BreadcrumbList\",\"@id\":\"https:\/\/paracherkaoui.ma\/index.php\/produit\/lierac-sunissime-le-stick-solaire-protecteur-spf-50-visage-10-g\/#breadcrumb\",\"itemListElement\":[{\"@type\":\"ListItem\",\"position\":1,\"name\":\"Accueil\",\"item\":\"https:\/\/paracherkaoui.ma\/\"},{\"@type\":\"ListItem\",\"position\":2,\"name\":\"Boutique\",\"item\":\"https:\/\/paracherkaoui.ma\/index.php\/boutique\/\"},{\"@type\":\"ListItem\",\"position\":3,\"name\":\"LIERAC SUNISSIME LE STICK SOLAIRE PROTECTEUR SPF 50 VISAGE 10 G\"}]},{\"@type\":\"WebSite\",\"@id\":\"https:\/\/paracherkaoui.ma\/#website\",\"url\":\"https:\/\/paracherkaoui.ma\/\",\"name\":\"Paracherkaoui.ma\",\"description\":\"Achetez en ligne sur Paracherkaoui.ma\",\"potentialAction\":[{\"@type\":\"SearchAction\",\"target\":{\"@type\":\"EntryPoint\",\"urlTemplate\":\"https:\/\/paracherkaoui.ma\/?s={search_term_string}\"},\"query-input\":{\"@type\":\"PropertyValueSpecification\",\"valueRequired\":true,\"valueName\":\"search_term_string\"}}],\"inLanguage\":\"fr-FR\"}]}<\/script>\r\n<!-- \/ Yoast SEO plugin. -->","yoast_head_json":{"title":"LIERAC SUNISSIME LE STICK SOLAIRE PROTECTEUR SPF 50 VISAGE 10 G - Paracherkaoui.ma","robots":{"index":"index","follow":"follow","max-snippet":"max-snippet:-1","max-image-preview":"max-image-preview:large","max-video-preview":"max-video-preview:-1"},"canonical":"https:\/\/paracherkaoui.ma\/index.php\/produit\/lierac-sunissime-le-stick-solaire-protecteur-spf-50-visage-10-g\/","og_locale":"fr_FR","og_type":"article","og_title":"LIERAC SUNISSIME LE STICK SOLAIRE PROTECTEUR SPF 50 VISAGE 10 G - Paracherkaoui.ma","og_description":"Le stick protecteur SPF50+ Sunissime offre une tr\u00e8s haute protection pour le visage et les zones sensibles (\u00e9paules, cicatrices, grains","og_url":"https:\/\/paracherkaoui.ma\/index.php\/produit\/lierac-sunissime-le-stick-solaire-protecteur-spf-50-visage-10-g\/","og_site_name":"Paracherkaoui.ma","article_modified_time":"2025-12-12T17:58:18+00:00","og_image":[{"width":700,"height":700,"url":"https:\/\/paracherkaoui.ma\/wp-content\/uploads\/2025\/12\/lierac-lierac-sunissime-le-stick-solaire-protecteur-spf-50-visage-10-g-cremes.jpg","type":"image\/jpeg"}],"twitter_card":"summary_large_image","twitter_misc":{"Dur\u00e9e de lecture estim\u00e9e":"1 minute"},"schema":{"@context":"https:\/\/schema.org","@graph":[{"@type":"WebPage","@id":"https:\/\/paracherkaoui.ma\/index.php\/produit\/lierac-sunissime-le-stick-solaire-protecteur-spf-50-visage-10-g\/","url":"https:\/\/paracherkaoui.ma\/index.php\/produit\/lierac-sunissime-le-stick-solaire-protecteur-spf-50-visage-10-g\/","name":"LIERAC SUNISSIME LE STICK SOLAIRE PROTECTEUR SPF 50 VISAGE 10 G - Paracherkaoui.ma","isPartOf":{"@id":"https:\/\/paracherkaoui.ma\/#website"},"primaryImageOfPage":{"@id":"https:\/\/paracherkaoui.ma\/index.php\/produit\/lierac-sunissime-le-stick-solaire-protecteur-spf-50-visage-10-g\/#primaryimage"},"image":{"@id":"https:\/\/paracherkaoui.ma\/index.php\/produit\/lierac-sunissime-le-stick-solaire-protecteur-spf-50-visage-10-g\/#primaryimage"},"thumbnailUrl":"https:\/\/paracherkaoui.ma\/wp-content\/uploads\/2025\/12\/lierac-lierac-sunissime-le-stick-solaire-protecteur-spf-50-visage-10-g-cremes.jpg","datePublished":"2025-12-12T17:58:15+00:00","dateModified":"2025-12-12T17:58:18+00:00","breadcrumb":{"@id":"https:\/\/paracherkaoui.ma\/index.php\/produit\/lierac-sunissime-le-stick-solaire-protecteur-spf-50-visage-10-g\/#breadcrumb"},"inLanguage":"fr-FR","potentialAction":[{"@type":"ReadAction","target":["https:\/\/paracherkaoui.ma\/index.php\/produit\/lierac-sunissime-le-stick-solaire-protecteur-spf-50-visage-10-g\/"]}]},{"@type":"ImageObject","inLanguage":"fr-FR","@id":"https:\/\/paracherkaoui.ma\/index.php\/produit\/lierac-sunissime-le-stick-solaire-protecteur-spf-50-visage-10-g\/#primaryimage","url":"https:\/\/paracherkaoui.ma\/wp-content\/uploads\/2025\/12\/lierac-lierac-sunissime-le-stick-solaire-protecteur-spf-50-visage-10-g-cremes.jpg","contentUrl":"https:\/\/paracherkaoui.ma\/wp-content\/uploads\/2025\/12\/lierac-lierac-sunissime-le-stick-solaire-protecteur-spf-50-visage-10-g-cremes.jpg","width":700,"height":700},{"@type":"BreadcrumbList","@id":"https:\/\/paracherkaoui.ma\/index.php\/produit\/lierac-sunissime-le-stick-solaire-protecteur-spf-50-visage-10-g\/#breadcrumb","itemListElement":[{"@type":"ListItem","position":1,"name":"Accueil","item":"https:\/\/paracherkaoui.ma\/"},{"@type":"ListItem","position":2,"name":"Boutique","item":"https:\/\/paracherkaoui.ma\/index.php\/boutique\/"},{"@type":"ListItem","position":3,"name":"LIERAC SUNISSIME LE STICK SOLAIRE PROTECTEUR SPF 50 VISAGE 10 G"}]},{"@type":"WebSite","@id":"https:\/\/paracherkaoui.ma\/#website","url":"https:\/\/paracherkaoui.ma\/","name":"Paracherkaoui.ma","description":"Achetez en ligne sur Paracherkaoui.ma","potentialAction":[{"@type":"SearchAction","target":{"@type":"EntryPoint","urlTemplate":"https:\/\/paracherkaoui.ma\/?s={search_term_string}"},"query-input":{"@type":"PropertyValueSpecification","valueRequired":true,"valueName":"search_term_string"}}],"inLanguage":"fr-FR"}]}},"_links":{"self":[{"href":"https:\/\/paracherkaoui.ma\/index.php\/wp-json\/wp\/v2\/product\/37476","targetHints":{"allow":["GET"]}}],"collection":[{"href":"https:\/\/paracherkaoui.ma\/index.php\/wp-json\/wp\/v2\/product"}],"about":[{"href":"https:\/\/paracherkaoui.ma\/index.php\/wp-json\/wp\/v2\/types\/product"}],"replies":[{"embeddable":true,"href":"https:\/\/paracherkaoui.ma\/index.php\/wp-json\/wp\/v2\/comments?post=37476"}],"version-history":[{"count":1,"href":"https:\/\/paracherkaoui.ma\/index.php\/wp-json\/wp\/v2\/product\/37476\/revisions"}],"predecessor-version":[{"id":37516,"href":"https:\/\/paracherkaoui.ma\/index.php\/wp-json\/wp\/v2\/product\/37476\/revisions\/37516"}],"wp:featuredmedia":[{"embeddable":true,"href":"https:\/\/paracherkaoui.ma\/index.php\/wp-json\/wp\/v2\/media\/37515"}],"wp:attachment":[{"href":"https:\/\/paracherkaoui.ma\/index.php\/wp-json\/wp\/v2\/media?parent=37476"}],"wp:term":[{"taxonomy":"product_brand","embeddable":true,"href":"https:\/\/paracherkaoui.ma\/index.php\/wp-json\/wp\/v2\/product_brand?post=37476"},{"taxonomy":"product_cat","embeddable":true,"href":"https:\/\/paracherkaoui.ma\/index.php\/wp-json\/wp\/v2\/product_cat?post=37476"},{"taxonomy":"product_tag","embeddable":true,"href":"https:\/\/paracherkaoui.ma\/index.php\/wp-json\/wp\/v2\/product_tag?post=37476"}],"curies":[{"name":"wp","href":"https:\/\/api.w.org\/{rel}","templated":true}]}}