{"id":37469,"date":"2025-12-12T18:58:14","date_gmt":"2025-12-12T17:58:14","guid":{"rendered":"https:\/\/test.ecbeaute.com\/?post_type=product&#038;p=37469"},"modified":"2025-12-12T18:58:17","modified_gmt":"2025-12-12T17:58:17","slug":"sensilis-sensitive-skin-lab-water-fluid-spf-50-texture-light-40-ml","status":"publish","type":"product","link":"https:\/\/paracherkaoui.ma\/index.php\/produit\/sensilis-sensitive-skin-lab-water-fluid-spf-50-texture-light-40-ml\/","title":{"rendered":"SENSILIS SENSITIVE SKIN LAB WATER FLUID SPF 50+ TEXTURE LIGHT 40 ML"},"content":{"rendered":"<p>Prot\u00e9gez votre peau en beaut\u00e9 avec Sensilis Sensitive Skin Lab Water Fluid SPF 50+ ! Cette cr\u00e8me solaire haute protection \u00e0 base d\u2019eau allie efficacit\u00e9 et l\u00e9g\u00e8ret\u00e9, pour offrir une exp\u00e9rience sensorielle unique. Formul\u00e9e avec une texture ultra-l\u00e9g\u00e8re, elle fond instantan\u00e9ment sur la peau, procurant une sensation de fra\u00eecheur agr\u00e9able et un fini invisible, soyeux et mat. En plus de prot\u00e9ger des rayons UV, elle corrige les imperfections et unifie le teint pour un \u00e9clat naturel et sain.<br \/>\nCette cr\u00e8me est parfaite pour ceux qui recherchent une protection solaire haute performance, sans compromis sur le confort. Son fini mat est id\u00e9al pour les peaux mixtes \u00e0 grasses, tout en \u00e9vitant l\u2019effet luisant. Le Sensilis Water Fluid SPF 50+ est non com\u00e9dog\u00e8ne, ce qui le rend compatible avec les peaux sensibles et sujettes aux imperfections.<br \/>\nAvec sa formule innovante \u00e0 base d\u2019eau, il laisse la peau respirer tout en garantissant une protection solaire optimale contre les agressions ext\u00e9rieures. Offrez \u00e0 votre peau une haute protection sans traces visibles, et profitez de chaque jour en toute s\u00e9r\u00e9nit\u00e9.<br \/>\nConseils d\u2019utilisation :<br \/>\nAppliquez g\u00e9n\u00e9reusement sur le visage et le cou, 30 minutes avant l\u2019exposition au soleil.<br \/>\nRenouvelez l\u2019application toutes les deux heures, surtout apr\u00e8s avoir nag\u00e9 ou transpir\u00e9.<br \/>\nUtilisez quotidiennement pour prot\u00e9ger la peau des agressions environnementales.<\/p>\n","protected":false},"excerpt":{"rendered":"<p>Prot\u00e9gez votre peau en beaut\u00e9 avec Sensilis Sensitive Skin Lab Water Fluid SPF 50+ ! Cette cr\u00e8me solaire haute protection<\/p>\n","protected":false},"featured_media":37505,"comment_status":"open","ping_status":"closed","template":"","meta":[],"product_brand":[425],"product_cat":[666],"product_tag":[],"class_list":{"0":"post-37469","1":"product","2":"type-product","3":"status-publish","4":"has-post-thumbnail","6":"product_brand-sensilis","7":"product_cat-cremes-solaires","9":"first","10":"instock","11":"sale","12":"shipping-taxable","13":"purchasable","14":"product-type-simple"},"yoast_head":"<!-- This site is optimized with the Yoast SEO plugin v26.6 - https:\/\/yoast.com\/wordpress\/plugins\/seo\/ -->\r\n<title>SENSILIS SENSITIVE SKIN LAB WATER FLUID SPF 50+ TEXTURE LIGHT 40 ML - Paracherkaoui.ma<\/title>\r\n<meta name=\"robots\" content=\"index, follow, max-snippet:-1, max-image-preview:large, max-video-preview:-1\" \/>\r\n<link rel=\"canonical\" href=\"https:\/\/paracherkaoui.ma\/index.php\/produit\/sensilis-sensitive-skin-lab-water-fluid-spf-50-texture-light-40-ml\/\" \/>\r\n<meta property=\"og:locale\" content=\"fr_FR\" \/>\r\n<meta property=\"og:type\" content=\"article\" \/>\r\n<meta property=\"og:title\" content=\"SENSILIS SENSITIVE SKIN LAB WATER FLUID SPF 50+ TEXTURE LIGHT 40 ML - Paracherkaoui.ma\" \/>\r\n<meta property=\"og:description\" content=\"Prot\u00e9gez votre peau en beaut\u00e9 avec Sensilis Sensitive Skin Lab Water Fluid SPF 50+ ! Cette cr\u00e8me solaire haute protection\" \/>\r\n<meta property=\"og:url\" content=\"https:\/\/paracherkaoui.ma\/index.php\/produit\/sensilis-sensitive-skin-lab-water-fluid-spf-50-texture-light-40-ml\/\" \/>\r\n<meta property=\"og:site_name\" content=\"Paracherkaoui.ma\" \/>\r\n<meta property=\"article:modified_time\" content=\"2025-12-12T17:58:17+00:00\" \/>\r\n<meta property=\"og:image\" content=\"https:\/\/paracherkaoui.ma\/wp-content\/uploads\/2025\/12\/sensilis-sensitive-skin-lab-water-fluid-spf-50-texture-light-40-ml.jpg\" \/>\r\n\t<meta property=\"og:image:width\" content=\"700\" \/>\r\n\t<meta property=\"og:image:height\" content=\"700\" \/>\r\n\t<meta property=\"og:image:type\" content=\"image\/jpeg\" \/>\r\n<meta name=\"twitter:card\" content=\"summary_large_image\" \/>\r\n<meta name=\"twitter:label1\" content=\"Dur\u00e9e de lecture estim\u00e9e\" \/>\n\t<meta name=\"twitter:data1\" content=\"1 minute\" \/>\r\n<script type=\"application\/ld+json\" class=\"yoast-schema-graph\">{\"@context\":\"https:\/\/schema.org\",\"@graph\":[{\"@type\":\"WebPage\",\"@id\":\"https:\/\/paracherkaoui.ma\/index.php\/produit\/sensilis-sensitive-skin-lab-water-fluid-spf-50-texture-light-40-ml\/\",\"url\":\"https:\/\/paracherkaoui.ma\/index.php\/produit\/sensilis-sensitive-skin-lab-water-fluid-spf-50-texture-light-40-ml\/\",\"name\":\"SENSILIS SENSITIVE SKIN LAB WATER FLUID SPF 50+ TEXTURE LIGHT 40 ML - Paracherkaoui.ma\",\"isPartOf\":{\"@id\":\"https:\/\/paracherkaoui.ma\/#website\"},\"primaryImageOfPage\":{\"@id\":\"https:\/\/paracherkaoui.ma\/index.php\/produit\/sensilis-sensitive-skin-lab-water-fluid-spf-50-texture-light-40-ml\/#primaryimage\"},\"image\":{\"@id\":\"https:\/\/paracherkaoui.ma\/index.php\/produit\/sensilis-sensitive-skin-lab-water-fluid-spf-50-texture-light-40-ml\/#primaryimage\"},\"thumbnailUrl\":\"https:\/\/paracherkaoui.ma\/wp-content\/uploads\/2025\/12\/sensilis-sensitive-skin-lab-water-fluid-spf-50-texture-light-40-ml.jpg\",\"datePublished\":\"2025-12-12T17:58:14+00:00\",\"dateModified\":\"2025-12-12T17:58:17+00:00\",\"breadcrumb\":{\"@id\":\"https:\/\/paracherkaoui.ma\/index.php\/produit\/sensilis-sensitive-skin-lab-water-fluid-spf-50-texture-light-40-ml\/#breadcrumb\"},\"inLanguage\":\"fr-FR\",\"potentialAction\":[{\"@type\":\"ReadAction\",\"target\":[\"https:\/\/paracherkaoui.ma\/index.php\/produit\/sensilis-sensitive-skin-lab-water-fluid-spf-50-texture-light-40-ml\/\"]}]},{\"@type\":\"ImageObject\",\"inLanguage\":\"fr-FR\",\"@id\":\"https:\/\/paracherkaoui.ma\/index.php\/produit\/sensilis-sensitive-skin-lab-water-fluid-spf-50-texture-light-40-ml\/#primaryimage\",\"url\":\"https:\/\/paracherkaoui.ma\/wp-content\/uploads\/2025\/12\/sensilis-sensitive-skin-lab-water-fluid-spf-50-texture-light-40-ml.jpg\",\"contentUrl\":\"https:\/\/paracherkaoui.ma\/wp-content\/uploads\/2025\/12\/sensilis-sensitive-skin-lab-water-fluid-spf-50-texture-light-40-ml.jpg\",\"width\":700,\"height\":700},{\"@type\":\"BreadcrumbList\",\"@id\":\"https:\/\/paracherkaoui.ma\/index.php\/produit\/sensilis-sensitive-skin-lab-water-fluid-spf-50-texture-light-40-ml\/#breadcrumb\",\"itemListElement\":[{\"@type\":\"ListItem\",\"position\":1,\"name\":\"Accueil\",\"item\":\"https:\/\/paracherkaoui.ma\/\"},{\"@type\":\"ListItem\",\"position\":2,\"name\":\"Boutique\",\"item\":\"https:\/\/paracherkaoui.ma\/index.php\/boutique\/\"},{\"@type\":\"ListItem\",\"position\":3,\"name\":\"SENSILIS SENSITIVE SKIN LAB WATER FLUID SPF 50+ TEXTURE LIGHT 40 ML\"}]},{\"@type\":\"WebSite\",\"@id\":\"https:\/\/paracherkaoui.ma\/#website\",\"url\":\"https:\/\/paracherkaoui.ma\/\",\"name\":\"Paracherkaoui.ma\",\"description\":\"Achetez en ligne sur Paracherkaoui.ma\",\"potentialAction\":[{\"@type\":\"SearchAction\",\"target\":{\"@type\":\"EntryPoint\",\"urlTemplate\":\"https:\/\/paracherkaoui.ma\/?s={search_term_string}\"},\"query-input\":{\"@type\":\"PropertyValueSpecification\",\"valueRequired\":true,\"valueName\":\"search_term_string\"}}],\"inLanguage\":\"fr-FR\"}]}<\/script>\r\n<!-- \/ Yoast SEO plugin. -->","yoast_head_json":{"title":"SENSILIS SENSITIVE SKIN LAB WATER FLUID SPF 50+ TEXTURE LIGHT 40 ML - Paracherkaoui.ma","robots":{"index":"index","follow":"follow","max-snippet":"max-snippet:-1","max-image-preview":"max-image-preview:large","max-video-preview":"max-video-preview:-1"},"canonical":"https:\/\/paracherkaoui.ma\/index.php\/produit\/sensilis-sensitive-skin-lab-water-fluid-spf-50-texture-light-40-ml\/","og_locale":"fr_FR","og_type":"article","og_title":"SENSILIS SENSITIVE SKIN LAB WATER FLUID SPF 50+ TEXTURE LIGHT 40 ML - Paracherkaoui.ma","og_description":"Prot\u00e9gez votre peau en beaut\u00e9 avec Sensilis Sensitive Skin Lab Water Fluid SPF 50+ ! Cette cr\u00e8me solaire haute protection","og_url":"https:\/\/paracherkaoui.ma\/index.php\/produit\/sensilis-sensitive-skin-lab-water-fluid-spf-50-texture-light-40-ml\/","og_site_name":"Paracherkaoui.ma","article_modified_time":"2025-12-12T17:58:17+00:00","og_image":[{"width":700,"height":700,"url":"https:\/\/paracherkaoui.ma\/wp-content\/uploads\/2025\/12\/sensilis-sensitive-skin-lab-water-fluid-spf-50-texture-light-40-ml.jpg","type":"image\/jpeg"}],"twitter_card":"summary_large_image","twitter_misc":{"Dur\u00e9e de lecture estim\u00e9e":"1 minute"},"schema":{"@context":"https:\/\/schema.org","@graph":[{"@type":"WebPage","@id":"https:\/\/paracherkaoui.ma\/index.php\/produit\/sensilis-sensitive-skin-lab-water-fluid-spf-50-texture-light-40-ml\/","url":"https:\/\/paracherkaoui.ma\/index.php\/produit\/sensilis-sensitive-skin-lab-water-fluid-spf-50-texture-light-40-ml\/","name":"SENSILIS SENSITIVE SKIN LAB WATER FLUID SPF 50+ TEXTURE LIGHT 40 ML - Paracherkaoui.ma","isPartOf":{"@id":"https:\/\/paracherkaoui.ma\/#website"},"primaryImageOfPage":{"@id":"https:\/\/paracherkaoui.ma\/index.php\/produit\/sensilis-sensitive-skin-lab-water-fluid-spf-50-texture-light-40-ml\/#primaryimage"},"image":{"@id":"https:\/\/paracherkaoui.ma\/index.php\/produit\/sensilis-sensitive-skin-lab-water-fluid-spf-50-texture-light-40-ml\/#primaryimage"},"thumbnailUrl":"https:\/\/paracherkaoui.ma\/wp-content\/uploads\/2025\/12\/sensilis-sensitive-skin-lab-water-fluid-spf-50-texture-light-40-ml.jpg","datePublished":"2025-12-12T17:58:14+00:00","dateModified":"2025-12-12T17:58:17+00:00","breadcrumb":{"@id":"https:\/\/paracherkaoui.ma\/index.php\/produit\/sensilis-sensitive-skin-lab-water-fluid-spf-50-texture-light-40-ml\/#breadcrumb"},"inLanguage":"fr-FR","potentialAction":[{"@type":"ReadAction","target":["https:\/\/paracherkaoui.ma\/index.php\/produit\/sensilis-sensitive-skin-lab-water-fluid-spf-50-texture-light-40-ml\/"]}]},{"@type":"ImageObject","inLanguage":"fr-FR","@id":"https:\/\/paracherkaoui.ma\/index.php\/produit\/sensilis-sensitive-skin-lab-water-fluid-spf-50-texture-light-40-ml\/#primaryimage","url":"https:\/\/paracherkaoui.ma\/wp-content\/uploads\/2025\/12\/sensilis-sensitive-skin-lab-water-fluid-spf-50-texture-light-40-ml.jpg","contentUrl":"https:\/\/paracherkaoui.ma\/wp-content\/uploads\/2025\/12\/sensilis-sensitive-skin-lab-water-fluid-spf-50-texture-light-40-ml.jpg","width":700,"height":700},{"@type":"BreadcrumbList","@id":"https:\/\/paracherkaoui.ma\/index.php\/produit\/sensilis-sensitive-skin-lab-water-fluid-spf-50-texture-light-40-ml\/#breadcrumb","itemListElement":[{"@type":"ListItem","position":1,"name":"Accueil","item":"https:\/\/paracherkaoui.ma\/"},{"@type":"ListItem","position":2,"name":"Boutique","item":"https:\/\/paracherkaoui.ma\/index.php\/boutique\/"},{"@type":"ListItem","position":3,"name":"SENSILIS SENSITIVE SKIN LAB WATER FLUID SPF 50+ TEXTURE LIGHT 40 ML"}]},{"@type":"WebSite","@id":"https:\/\/paracherkaoui.ma\/#website","url":"https:\/\/paracherkaoui.ma\/","name":"Paracherkaoui.ma","description":"Achetez en ligne sur Paracherkaoui.ma","potentialAction":[{"@type":"SearchAction","target":{"@type":"EntryPoint","urlTemplate":"https:\/\/paracherkaoui.ma\/?s={search_term_string}"},"query-input":{"@type":"PropertyValueSpecification","valueRequired":true,"valueName":"search_term_string"}}],"inLanguage":"fr-FR"}]}},"_links":{"self":[{"href":"https:\/\/paracherkaoui.ma\/index.php\/wp-json\/wp\/v2\/product\/37469","targetHints":{"allow":["GET"]}}],"collection":[{"href":"https:\/\/paracherkaoui.ma\/index.php\/wp-json\/wp\/v2\/product"}],"about":[{"href":"https:\/\/paracherkaoui.ma\/index.php\/wp-json\/wp\/v2\/types\/product"}],"replies":[{"embeddable":true,"href":"https:\/\/paracherkaoui.ma\/index.php\/wp-json\/wp\/v2\/comments?post=37469"}],"version-history":[{"count":1,"href":"https:\/\/paracherkaoui.ma\/index.php\/wp-json\/wp\/v2\/product\/37469\/revisions"}],"predecessor-version":[{"id":37506,"href":"https:\/\/paracherkaoui.ma\/index.php\/wp-json\/wp\/v2\/product\/37469\/revisions\/37506"}],"wp:featuredmedia":[{"embeddable":true,"href":"https:\/\/paracherkaoui.ma\/index.php\/wp-json\/wp\/v2\/media\/37505"}],"wp:attachment":[{"href":"https:\/\/paracherkaoui.ma\/index.php\/wp-json\/wp\/v2\/media?parent=37469"}],"wp:term":[{"taxonomy":"product_brand","embeddable":true,"href":"https:\/\/paracherkaoui.ma\/index.php\/wp-json\/wp\/v2\/product_brand?post=37469"},{"taxonomy":"product_cat","embeddable":true,"href":"https:\/\/paracherkaoui.ma\/index.php\/wp-json\/wp\/v2\/product_cat?post=37469"},{"taxonomy":"product_tag","embeddable":true,"href":"https:\/\/paracherkaoui.ma\/index.php\/wp-json\/wp\/v2\/product_tag?post=37469"}],"curies":[{"name":"wp","href":"https:\/\/api.w.org\/{rel}","templated":true}]}}