{"id":37466,"date":"2025-12-12T18:58:14","date_gmt":"2025-12-12T17:58:14","guid":{"rendered":"https:\/\/test.ecbeaute.com\/?post_type=product&#038;p=37466"},"modified":"2025-12-12T18:58:17","modified_gmt":"2025-12-12T17:58:17","slug":"martiderm-sun-care-active-d-fluid-spf-50-uv-boost-50-ml","status":"publish","type":"product","link":"https:\/\/paracherkaoui.ma\/index.php\/produit\/martiderm-sun-care-active-d-fluid-spf-50-uv-boost-50-ml\/","title":{"rendered":"MARTIDERM SUN CARE ACTIVE D FLUID SPF 50 UV BOOST 50 ML"},"content":{"rendered":"<p>Photoprotecteur de texture fluide pour le visage qui int\u00e8gre la technologie Photo-Active Shield Techology et permet d\u2019optimiser la concentration de filtres contenus dans la formule, ce qui garantit une protection maximale contre les UVA et UVB. De plus, il contient des actifs antioxydants tels que l&rsquo;extrait de cacao qui compl\u00e8tent la protection \u00e0 large spectre (UVA, UVB, IR et lumi\u00e8re bleue) pour tous les types de peau. Contient des actifs hydratants.<br \/>\nConseils d&rsquo;utilisation:<br \/>\nAppliquer g\u00e9n\u00e9reusement sur le visage, le cou et le d\u00e9collet\u00e9 30 minutes avant l\u2019exposition solaire et renouveler fr\u00e9quemment l\u2019application, surtout apr\u00e8s avoir transpir\u00e9, avoir nag\u00e9 ou s\u2019\u00eatre essuy\u00e9.<\/p>\n","protected":false},"excerpt":{"rendered":"<p>Photoprotecteur de texture fluide pour le visage qui int\u00e8gre la technologie Photo-Active Shield Techology et permet d\u2019optimiser la concentration de<\/p>\n","protected":false},"featured_media":37500,"comment_status":"open","ping_status":"closed","template":"","meta":[],"product_brand":[291],"product_cat":[666],"product_tag":[],"class_list":{"0":"post-37466","1":"product","2":"type-product","3":"status-publish","4":"has-post-thumbnail","6":"product_brand-martiderm","7":"product_cat-cremes-solaires","9":"first","10":"instock","11":"sale","12":"shipping-taxable","13":"purchasable","14":"product-type-simple"},"yoast_head":"<!-- This site is optimized with the Yoast SEO plugin v26.6 - https:\/\/yoast.com\/wordpress\/plugins\/seo\/ -->\r\n<title>MARTIDERM SUN CARE ACTIVE D FLUID SPF 50 UV BOOST 50 ML - Paracherkaoui.ma<\/title>\r\n<meta name=\"robots\" content=\"index, follow, max-snippet:-1, max-image-preview:large, max-video-preview:-1\" \/>\r\n<link rel=\"canonical\" href=\"https:\/\/paracherkaoui.ma\/index.php\/produit\/martiderm-sun-care-active-d-fluid-spf-50-uv-boost-50-ml\/\" \/>\r\n<meta property=\"og:locale\" content=\"fr_FR\" \/>\r\n<meta property=\"og:type\" content=\"article\" \/>\r\n<meta property=\"og:title\" content=\"MARTIDERM SUN CARE ACTIVE D FLUID SPF 50 UV BOOST 50 ML - Paracherkaoui.ma\" \/>\r\n<meta property=\"og:description\" content=\"Photoprotecteur de texture fluide pour le visage qui int\u00e8gre la technologie Photo-Active Shield Techology et permet d\u2019optimiser la concentration de\" \/>\r\n<meta property=\"og:url\" content=\"https:\/\/paracherkaoui.ma\/index.php\/produit\/martiderm-sun-care-active-d-fluid-spf-50-uv-boost-50-ml\/\" \/>\r\n<meta property=\"og:site_name\" content=\"Paracherkaoui.ma\" \/>\r\n<meta property=\"article:modified_time\" content=\"2025-12-12T17:58:17+00:00\" \/>\r\n<meta property=\"og:image\" content=\"https:\/\/paracherkaoui.ma\/wp-content\/uploads\/2025\/12\/martiderm-martiderm-sun-care-active-d-fluid-spf-50-uv-boost-50-ml-cremes.jpg\" \/>\r\n\t<meta property=\"og:image:width\" content=\"700\" \/>\r\n\t<meta property=\"og:image:height\" content=\"700\" \/>\r\n\t<meta property=\"og:image:type\" content=\"image\/jpeg\" \/>\r\n<meta name=\"twitter:card\" content=\"summary_large_image\" \/>\r\n<meta name=\"twitter:label1\" content=\"Dur\u00e9e de lecture estim\u00e9e\" \/>\n\t<meta name=\"twitter:data1\" content=\"1 minute\" \/>\r\n<script type=\"application\/ld+json\" class=\"yoast-schema-graph\">{\"@context\":\"https:\/\/schema.org\",\"@graph\":[{\"@type\":\"WebPage\",\"@id\":\"https:\/\/paracherkaoui.ma\/index.php\/produit\/martiderm-sun-care-active-d-fluid-spf-50-uv-boost-50-ml\/\",\"url\":\"https:\/\/paracherkaoui.ma\/index.php\/produit\/martiderm-sun-care-active-d-fluid-spf-50-uv-boost-50-ml\/\",\"name\":\"MARTIDERM SUN CARE ACTIVE D FLUID SPF 50 UV BOOST 50 ML - Paracherkaoui.ma\",\"isPartOf\":{\"@id\":\"https:\/\/paracherkaoui.ma\/#website\"},\"primaryImageOfPage\":{\"@id\":\"https:\/\/paracherkaoui.ma\/index.php\/produit\/martiderm-sun-care-active-d-fluid-spf-50-uv-boost-50-ml\/#primaryimage\"},\"image\":{\"@id\":\"https:\/\/paracherkaoui.ma\/index.php\/produit\/martiderm-sun-care-active-d-fluid-spf-50-uv-boost-50-ml\/#primaryimage\"},\"thumbnailUrl\":\"https:\/\/paracherkaoui.ma\/wp-content\/uploads\/2025\/12\/martiderm-martiderm-sun-care-active-d-fluid-spf-50-uv-boost-50-ml-cremes.jpg\",\"datePublished\":\"2025-12-12T17:58:14+00:00\",\"dateModified\":\"2025-12-12T17:58:17+00:00\",\"breadcrumb\":{\"@id\":\"https:\/\/paracherkaoui.ma\/index.php\/produit\/martiderm-sun-care-active-d-fluid-spf-50-uv-boost-50-ml\/#breadcrumb\"},\"inLanguage\":\"fr-FR\",\"potentialAction\":[{\"@type\":\"ReadAction\",\"target\":[\"https:\/\/paracherkaoui.ma\/index.php\/produit\/martiderm-sun-care-active-d-fluid-spf-50-uv-boost-50-ml\/\"]}]},{\"@type\":\"ImageObject\",\"inLanguage\":\"fr-FR\",\"@id\":\"https:\/\/paracherkaoui.ma\/index.php\/produit\/martiderm-sun-care-active-d-fluid-spf-50-uv-boost-50-ml\/#primaryimage\",\"url\":\"https:\/\/paracherkaoui.ma\/wp-content\/uploads\/2025\/12\/martiderm-martiderm-sun-care-active-d-fluid-spf-50-uv-boost-50-ml-cremes.jpg\",\"contentUrl\":\"https:\/\/paracherkaoui.ma\/wp-content\/uploads\/2025\/12\/martiderm-martiderm-sun-care-active-d-fluid-spf-50-uv-boost-50-ml-cremes.jpg\",\"width\":700,\"height\":700},{\"@type\":\"BreadcrumbList\",\"@id\":\"https:\/\/paracherkaoui.ma\/index.php\/produit\/martiderm-sun-care-active-d-fluid-spf-50-uv-boost-50-ml\/#breadcrumb\",\"itemListElement\":[{\"@type\":\"ListItem\",\"position\":1,\"name\":\"Accueil\",\"item\":\"https:\/\/paracherkaoui.ma\/\"},{\"@type\":\"ListItem\",\"position\":2,\"name\":\"Boutique\",\"item\":\"https:\/\/paracherkaoui.ma\/index.php\/boutique\/\"},{\"@type\":\"ListItem\",\"position\":3,\"name\":\"MARTIDERM SUN CARE ACTIVE D FLUID SPF 50 UV BOOST 50 ML\"}]},{\"@type\":\"WebSite\",\"@id\":\"https:\/\/paracherkaoui.ma\/#website\",\"url\":\"https:\/\/paracherkaoui.ma\/\",\"name\":\"Paracherkaoui.ma\",\"description\":\"Achetez en ligne sur Paracherkaoui.ma\",\"potentialAction\":[{\"@type\":\"SearchAction\",\"target\":{\"@type\":\"EntryPoint\",\"urlTemplate\":\"https:\/\/paracherkaoui.ma\/?s={search_term_string}\"},\"query-input\":{\"@type\":\"PropertyValueSpecification\",\"valueRequired\":true,\"valueName\":\"search_term_string\"}}],\"inLanguage\":\"fr-FR\"}]}<\/script>\r\n<!-- \/ Yoast SEO plugin. -->","yoast_head_json":{"title":"MARTIDERM SUN CARE ACTIVE D FLUID SPF 50 UV BOOST 50 ML - Paracherkaoui.ma","robots":{"index":"index","follow":"follow","max-snippet":"max-snippet:-1","max-image-preview":"max-image-preview:large","max-video-preview":"max-video-preview:-1"},"canonical":"https:\/\/paracherkaoui.ma\/index.php\/produit\/martiderm-sun-care-active-d-fluid-spf-50-uv-boost-50-ml\/","og_locale":"fr_FR","og_type":"article","og_title":"MARTIDERM SUN CARE ACTIVE D FLUID SPF 50 UV BOOST 50 ML - Paracherkaoui.ma","og_description":"Photoprotecteur de texture fluide pour le visage qui int\u00e8gre la technologie Photo-Active Shield Techology et permet d\u2019optimiser la concentration de","og_url":"https:\/\/paracherkaoui.ma\/index.php\/produit\/martiderm-sun-care-active-d-fluid-spf-50-uv-boost-50-ml\/","og_site_name":"Paracherkaoui.ma","article_modified_time":"2025-12-12T17:58:17+00:00","og_image":[{"width":700,"height":700,"url":"https:\/\/paracherkaoui.ma\/wp-content\/uploads\/2025\/12\/martiderm-martiderm-sun-care-active-d-fluid-spf-50-uv-boost-50-ml-cremes.jpg","type":"image\/jpeg"}],"twitter_card":"summary_large_image","twitter_misc":{"Dur\u00e9e de lecture estim\u00e9e":"1 minute"},"schema":{"@context":"https:\/\/schema.org","@graph":[{"@type":"WebPage","@id":"https:\/\/paracherkaoui.ma\/index.php\/produit\/martiderm-sun-care-active-d-fluid-spf-50-uv-boost-50-ml\/","url":"https:\/\/paracherkaoui.ma\/index.php\/produit\/martiderm-sun-care-active-d-fluid-spf-50-uv-boost-50-ml\/","name":"MARTIDERM SUN CARE ACTIVE D FLUID SPF 50 UV BOOST 50 ML - Paracherkaoui.ma","isPartOf":{"@id":"https:\/\/paracherkaoui.ma\/#website"},"primaryImageOfPage":{"@id":"https:\/\/paracherkaoui.ma\/index.php\/produit\/martiderm-sun-care-active-d-fluid-spf-50-uv-boost-50-ml\/#primaryimage"},"image":{"@id":"https:\/\/paracherkaoui.ma\/index.php\/produit\/martiderm-sun-care-active-d-fluid-spf-50-uv-boost-50-ml\/#primaryimage"},"thumbnailUrl":"https:\/\/paracherkaoui.ma\/wp-content\/uploads\/2025\/12\/martiderm-martiderm-sun-care-active-d-fluid-spf-50-uv-boost-50-ml-cremes.jpg","datePublished":"2025-12-12T17:58:14+00:00","dateModified":"2025-12-12T17:58:17+00:00","breadcrumb":{"@id":"https:\/\/paracherkaoui.ma\/index.php\/produit\/martiderm-sun-care-active-d-fluid-spf-50-uv-boost-50-ml\/#breadcrumb"},"inLanguage":"fr-FR","potentialAction":[{"@type":"ReadAction","target":["https:\/\/paracherkaoui.ma\/index.php\/produit\/martiderm-sun-care-active-d-fluid-spf-50-uv-boost-50-ml\/"]}]},{"@type":"ImageObject","inLanguage":"fr-FR","@id":"https:\/\/paracherkaoui.ma\/index.php\/produit\/martiderm-sun-care-active-d-fluid-spf-50-uv-boost-50-ml\/#primaryimage","url":"https:\/\/paracherkaoui.ma\/wp-content\/uploads\/2025\/12\/martiderm-martiderm-sun-care-active-d-fluid-spf-50-uv-boost-50-ml-cremes.jpg","contentUrl":"https:\/\/paracherkaoui.ma\/wp-content\/uploads\/2025\/12\/martiderm-martiderm-sun-care-active-d-fluid-spf-50-uv-boost-50-ml-cremes.jpg","width":700,"height":700},{"@type":"BreadcrumbList","@id":"https:\/\/paracherkaoui.ma\/index.php\/produit\/martiderm-sun-care-active-d-fluid-spf-50-uv-boost-50-ml\/#breadcrumb","itemListElement":[{"@type":"ListItem","position":1,"name":"Accueil","item":"https:\/\/paracherkaoui.ma\/"},{"@type":"ListItem","position":2,"name":"Boutique","item":"https:\/\/paracherkaoui.ma\/index.php\/boutique\/"},{"@type":"ListItem","position":3,"name":"MARTIDERM SUN CARE ACTIVE D FLUID SPF 50 UV BOOST 50 ML"}]},{"@type":"WebSite","@id":"https:\/\/paracherkaoui.ma\/#website","url":"https:\/\/paracherkaoui.ma\/","name":"Paracherkaoui.ma","description":"Achetez en ligne sur Paracherkaoui.ma","potentialAction":[{"@type":"SearchAction","target":{"@type":"EntryPoint","urlTemplate":"https:\/\/paracherkaoui.ma\/?s={search_term_string}"},"query-input":{"@type":"PropertyValueSpecification","valueRequired":true,"valueName":"search_term_string"}}],"inLanguage":"fr-FR"}]}},"_links":{"self":[{"href":"https:\/\/paracherkaoui.ma\/index.php\/wp-json\/wp\/v2\/product\/37466","targetHints":{"allow":["GET"]}}],"collection":[{"href":"https:\/\/paracherkaoui.ma\/index.php\/wp-json\/wp\/v2\/product"}],"about":[{"href":"https:\/\/paracherkaoui.ma\/index.php\/wp-json\/wp\/v2\/types\/product"}],"replies":[{"embeddable":true,"href":"https:\/\/paracherkaoui.ma\/index.php\/wp-json\/wp\/v2\/comments?post=37466"}],"version-history":[{"count":1,"href":"https:\/\/paracherkaoui.ma\/index.php\/wp-json\/wp\/v2\/product\/37466\/revisions"}],"predecessor-version":[{"id":37501,"href":"https:\/\/paracherkaoui.ma\/index.php\/wp-json\/wp\/v2\/product\/37466\/revisions\/37501"}],"wp:featuredmedia":[{"embeddable":true,"href":"https:\/\/paracherkaoui.ma\/index.php\/wp-json\/wp\/v2\/media\/37500"}],"wp:attachment":[{"href":"https:\/\/paracherkaoui.ma\/index.php\/wp-json\/wp\/v2\/media?parent=37466"}],"wp:term":[{"taxonomy":"product_brand","embeddable":true,"href":"https:\/\/paracherkaoui.ma\/index.php\/wp-json\/wp\/v2\/product_brand?post=37466"},{"taxonomy":"product_cat","embeddable":true,"href":"https:\/\/paracherkaoui.ma\/index.php\/wp-json\/wp\/v2\/product_cat?post=37466"},{"taxonomy":"product_tag","embeddable":true,"href":"https:\/\/paracherkaoui.ma\/index.php\/wp-json\/wp\/v2\/product_tag?post=37466"}],"curies":[{"name":"wp","href":"https:\/\/api.w.org\/{rel}","templated":true}]}}