{"id":37462,"date":"2025-12-12T18:58:14","date_gmt":"2025-12-12T17:58:14","guid":{"rendered":"https:\/\/test.ecbeaute.com\/?post_type=product&#038;p=37462"},"modified":"2025-12-12T18:58:16","modified_gmt":"2025-12-12T17:58:16","slug":"avene-sunsimed-ka-blue-light-80-ml","status":"publish","type":"product","link":"https:\/\/paracherkaoui.ma\/index.php\/produit\/avene-sunsimed-ka-blue-light-80-ml\/","title":{"rendered":"AVENE SUNSIMED KA BLUE LIGHT 80 ML"},"content":{"rendered":"<p>AVENE Sunsimed KA : Une protection solaire avanc\u00e9e pour une peau pr\u00e9serv\u00e9e<br \/>\nD\u00e9couvrez AVENE Sunsimed KA Blue Light SPF 50+, le bouclier ultime contre les agressions solaires et lumineuses. Con\u00e7u comme un dispositif m\u00e9dical, ce soin r\u00e9volutionnaire offre une tr\u00e8s haute protection pour pr\u00e9venir les l\u00e9sions pr\u00e9canc\u00e9reuses (k\u00e9ratose actinique) et les dommages cutan\u00e9s caus\u00e9s par les UV et la lumi\u00e8re bleue.<br \/>\nFormul\u00e9 avec des ingr\u00e9dients de pointe, Sunsimed KA agit en synergie pour prot\u00e9ger et r\u00e9parer votre peau :<br \/>\nTriAsorB\u00ae, un filtre solaire organique exclusif, prot\u00e8ge efficacement contre les rayonnements UVB, UVA et la lumi\u00e8re bleue.<br \/>\nPr\u00e9-tocoph\u00e9ryl, un antioxydant puissant, neutralise les radicaux libres responsables du vieillissement cutan\u00e9.<br \/>\nAcide hyaluronique, pour une hydratation intense et durable.<br \/>\nSa texture fluide et l\u00e9g\u00e8re s\u2019adapte \u00e0 toutes les peaux, m\u00eame les plus sensibles. Le flacon pompe permet une application pr\u00e9cise, id\u00e9ale pour les zones sp\u00e9cifiques comme le cr\u00e2ne, souvent expos\u00e9es. Avec AVENE Sunsimed KA, profitez d\u2019une peau hydrat\u00e9e, prot\u00e9g\u00e9e et \u00e9clatante, m\u00eame sous un soleil intense.<br \/>\nConseils d\u2019utilisation<br \/>\nAppliquez g\u00e9n\u00e9reusement Sunsimed KA sur une peau propre et s\u00e8che avant toute exposition solaire.<br \/>\nRenouvelez l\u2019application toutes les 2 heures ou apr\u00e8s une baignade ou une transpiration excessive.<br \/>\nId\u00e9al pour les zones sensibles comme le visage, le cou et le cr\u00e2ne.<br \/>\nComposition :<br \/>\nAVENE THERMAL SPRING WATER (AVENE AQUA). C12-15 ALKYL BENZOATE. DIETHYLAMINO HYDROXYBENZOYL HEXYL BENZOATE. WATER (AQUA). ETHYLHEXYL TRIAZONE. GLYCERIN. ORYZA SATIVA (RICE) STARCH (ORYZA SATIVA STARCH). PHENYLENE BIS-DIPHENYLTRIAZINE. BISETHYLHEXYLOXYPHENOL METHOXYPHENYL TRIAZINE. POTASSIUM CETYL PHOSPHATE. MYRISTYL ALCOHOL. STEARYL ALCOHOL. VP\/EICOSENE COPOLYMER. 1,2-HEXANEDIOL. BENZOIC ACID. CAPRYLIC\/CAPRIC TRIGLYCERIDE. CAPRYLYL GLYCOL. CICHORIUM INTYBUS (CHICORY) ROOT EXTRACT (CICHORIUM INTYBUS ROOT EXTRACT). GLYCERYL BEHENATE. GLYCERYL DIBEHENATE. MYRISTYL GLUCOSIDE. PPG-1-PEG-9 LAURYL GLYCOL ETHER. RED 33 (CI 17200). SODIUM HYALURONATE. TOCOPHERYL GLUCOSIDE. TRIBEHENIN. XANTHAN GUM.<\/p>\n","protected":false},"excerpt":{"rendered":"<p>AVENE Sunsimed KA : Une protection solaire avanc\u00e9e pour une peau pr\u00e9serv\u00e9e D\u00e9couvrez AVENE Sunsimed KA Blue Light SPF 50+,<\/p>\n","protected":false},"featured_media":37493,"comment_status":"open","ping_status":"closed","template":"","meta":[],"product_brand":[136],"product_cat":[666],"product_tag":[],"class_list":{"0":"post-37462","1":"product","2":"type-product","3":"status-publish","4":"has-post-thumbnail","6":"product_brand-avene","7":"product_cat-cremes-solaires","9":"first","10":"instock","11":"sale","12":"shipping-taxable","13":"purchasable","14":"product-type-simple"},"yoast_head":"<!-- This site is optimized with the Yoast SEO plugin v26.6 - https:\/\/yoast.com\/wordpress\/plugins\/seo\/ -->\r\n<title>AVENE SUNSIMED KA BLUE LIGHT 80 ML - Paracherkaoui.ma<\/title>\r\n<meta name=\"robots\" content=\"index, follow, max-snippet:-1, max-image-preview:large, max-video-preview:-1\" \/>\r\n<link rel=\"canonical\" href=\"https:\/\/paracherkaoui.ma\/index.php\/produit\/avene-sunsimed-ka-blue-light-80-ml\/\" \/>\r\n<meta property=\"og:locale\" content=\"fr_FR\" \/>\r\n<meta property=\"og:type\" content=\"article\" \/>\r\n<meta property=\"og:title\" content=\"AVENE SUNSIMED KA BLUE LIGHT 80 ML - Paracherkaoui.ma\" \/>\r\n<meta property=\"og:description\" content=\"AVENE Sunsimed KA : Une protection solaire avanc\u00e9e pour une peau pr\u00e9serv\u00e9e D\u00e9couvrez AVENE Sunsimed KA Blue Light SPF 50+,\" \/>\r\n<meta property=\"og:url\" content=\"https:\/\/paracherkaoui.ma\/index.php\/produit\/avene-sunsimed-ka-blue-light-80-ml\/\" \/>\r\n<meta property=\"og:site_name\" content=\"Paracherkaoui.ma\" \/>\r\n<meta property=\"article:modified_time\" content=\"2025-12-12T17:58:16+00:00\" \/>\r\n<meta property=\"og:image\" content=\"https:\/\/paracherkaoui.ma\/wp-content\/uploads\/2025\/12\/avene-sunsimed-ka-blue-light-80-ml.jpg\" \/>\r\n\t<meta property=\"og:image:width\" content=\"700\" \/>\r\n\t<meta property=\"og:image:height\" content=\"700\" \/>\r\n\t<meta property=\"og:image:type\" content=\"image\/jpeg\" \/>\r\n<meta name=\"twitter:card\" content=\"summary_large_image\" \/>\r\n<meta name=\"twitter:label1\" content=\"Dur\u00e9e de lecture estim\u00e9e\" \/>\n\t<meta name=\"twitter:data1\" content=\"2 minutes\" \/>\r\n<script type=\"application\/ld+json\" class=\"yoast-schema-graph\">{\"@context\":\"https:\/\/schema.org\",\"@graph\":[{\"@type\":\"WebPage\",\"@id\":\"https:\/\/paracherkaoui.ma\/index.php\/produit\/avene-sunsimed-ka-blue-light-80-ml\/\",\"url\":\"https:\/\/paracherkaoui.ma\/index.php\/produit\/avene-sunsimed-ka-blue-light-80-ml\/\",\"name\":\"AVENE SUNSIMED KA BLUE LIGHT 80 ML - Paracherkaoui.ma\",\"isPartOf\":{\"@id\":\"https:\/\/paracherkaoui.ma\/#website\"},\"primaryImageOfPage\":{\"@id\":\"https:\/\/paracherkaoui.ma\/index.php\/produit\/avene-sunsimed-ka-blue-light-80-ml\/#primaryimage\"},\"image\":{\"@id\":\"https:\/\/paracherkaoui.ma\/index.php\/produit\/avene-sunsimed-ka-blue-light-80-ml\/#primaryimage\"},\"thumbnailUrl\":\"https:\/\/paracherkaoui.ma\/wp-content\/uploads\/2025\/12\/avene-sunsimed-ka-blue-light-80-ml.jpg\",\"datePublished\":\"2025-12-12T17:58:14+00:00\",\"dateModified\":\"2025-12-12T17:58:16+00:00\",\"breadcrumb\":{\"@id\":\"https:\/\/paracherkaoui.ma\/index.php\/produit\/avene-sunsimed-ka-blue-light-80-ml\/#breadcrumb\"},\"inLanguage\":\"fr-FR\",\"potentialAction\":[{\"@type\":\"ReadAction\",\"target\":[\"https:\/\/paracherkaoui.ma\/index.php\/produit\/avene-sunsimed-ka-blue-light-80-ml\/\"]}]},{\"@type\":\"ImageObject\",\"inLanguage\":\"fr-FR\",\"@id\":\"https:\/\/paracherkaoui.ma\/index.php\/produit\/avene-sunsimed-ka-blue-light-80-ml\/#primaryimage\",\"url\":\"https:\/\/paracherkaoui.ma\/wp-content\/uploads\/2025\/12\/avene-sunsimed-ka-blue-light-80-ml.jpg\",\"contentUrl\":\"https:\/\/paracherkaoui.ma\/wp-content\/uploads\/2025\/12\/avene-sunsimed-ka-blue-light-80-ml.jpg\",\"width\":700,\"height\":700},{\"@type\":\"BreadcrumbList\",\"@id\":\"https:\/\/paracherkaoui.ma\/index.php\/produit\/avene-sunsimed-ka-blue-light-80-ml\/#breadcrumb\",\"itemListElement\":[{\"@type\":\"ListItem\",\"position\":1,\"name\":\"Accueil\",\"item\":\"https:\/\/paracherkaoui.ma\/\"},{\"@type\":\"ListItem\",\"position\":2,\"name\":\"Boutique\",\"item\":\"https:\/\/paracherkaoui.ma\/index.php\/boutique\/\"},{\"@type\":\"ListItem\",\"position\":3,\"name\":\"AVENE SUNSIMED KA BLUE LIGHT 80 ML\"}]},{\"@type\":\"WebSite\",\"@id\":\"https:\/\/paracherkaoui.ma\/#website\",\"url\":\"https:\/\/paracherkaoui.ma\/\",\"name\":\"Paracherkaoui.ma\",\"description\":\"Achetez en ligne sur Paracherkaoui.ma\",\"potentialAction\":[{\"@type\":\"SearchAction\",\"target\":{\"@type\":\"EntryPoint\",\"urlTemplate\":\"https:\/\/paracherkaoui.ma\/?s={search_term_string}\"},\"query-input\":{\"@type\":\"PropertyValueSpecification\",\"valueRequired\":true,\"valueName\":\"search_term_string\"}}],\"inLanguage\":\"fr-FR\"}]}<\/script>\r\n<!-- \/ Yoast SEO plugin. -->","yoast_head_json":{"title":"AVENE SUNSIMED KA BLUE LIGHT 80 ML - Paracherkaoui.ma","robots":{"index":"index","follow":"follow","max-snippet":"max-snippet:-1","max-image-preview":"max-image-preview:large","max-video-preview":"max-video-preview:-1"},"canonical":"https:\/\/paracherkaoui.ma\/index.php\/produit\/avene-sunsimed-ka-blue-light-80-ml\/","og_locale":"fr_FR","og_type":"article","og_title":"AVENE SUNSIMED KA BLUE LIGHT 80 ML - Paracherkaoui.ma","og_description":"AVENE Sunsimed KA : Une protection solaire avanc\u00e9e pour une peau pr\u00e9serv\u00e9e D\u00e9couvrez AVENE Sunsimed KA Blue Light SPF 50+,","og_url":"https:\/\/paracherkaoui.ma\/index.php\/produit\/avene-sunsimed-ka-blue-light-80-ml\/","og_site_name":"Paracherkaoui.ma","article_modified_time":"2025-12-12T17:58:16+00:00","og_image":[{"width":700,"height":700,"url":"https:\/\/paracherkaoui.ma\/wp-content\/uploads\/2025\/12\/avene-sunsimed-ka-blue-light-80-ml.jpg","type":"image\/jpeg"}],"twitter_card":"summary_large_image","twitter_misc":{"Dur\u00e9e de lecture estim\u00e9e":"2 minutes"},"schema":{"@context":"https:\/\/schema.org","@graph":[{"@type":"WebPage","@id":"https:\/\/paracherkaoui.ma\/index.php\/produit\/avene-sunsimed-ka-blue-light-80-ml\/","url":"https:\/\/paracherkaoui.ma\/index.php\/produit\/avene-sunsimed-ka-blue-light-80-ml\/","name":"AVENE SUNSIMED KA BLUE LIGHT 80 ML - Paracherkaoui.ma","isPartOf":{"@id":"https:\/\/paracherkaoui.ma\/#website"},"primaryImageOfPage":{"@id":"https:\/\/paracherkaoui.ma\/index.php\/produit\/avene-sunsimed-ka-blue-light-80-ml\/#primaryimage"},"image":{"@id":"https:\/\/paracherkaoui.ma\/index.php\/produit\/avene-sunsimed-ka-blue-light-80-ml\/#primaryimage"},"thumbnailUrl":"https:\/\/paracherkaoui.ma\/wp-content\/uploads\/2025\/12\/avene-sunsimed-ka-blue-light-80-ml.jpg","datePublished":"2025-12-12T17:58:14+00:00","dateModified":"2025-12-12T17:58:16+00:00","breadcrumb":{"@id":"https:\/\/paracherkaoui.ma\/index.php\/produit\/avene-sunsimed-ka-blue-light-80-ml\/#breadcrumb"},"inLanguage":"fr-FR","potentialAction":[{"@type":"ReadAction","target":["https:\/\/paracherkaoui.ma\/index.php\/produit\/avene-sunsimed-ka-blue-light-80-ml\/"]}]},{"@type":"ImageObject","inLanguage":"fr-FR","@id":"https:\/\/paracherkaoui.ma\/index.php\/produit\/avene-sunsimed-ka-blue-light-80-ml\/#primaryimage","url":"https:\/\/paracherkaoui.ma\/wp-content\/uploads\/2025\/12\/avene-sunsimed-ka-blue-light-80-ml.jpg","contentUrl":"https:\/\/paracherkaoui.ma\/wp-content\/uploads\/2025\/12\/avene-sunsimed-ka-blue-light-80-ml.jpg","width":700,"height":700},{"@type":"BreadcrumbList","@id":"https:\/\/paracherkaoui.ma\/index.php\/produit\/avene-sunsimed-ka-blue-light-80-ml\/#breadcrumb","itemListElement":[{"@type":"ListItem","position":1,"name":"Accueil","item":"https:\/\/paracherkaoui.ma\/"},{"@type":"ListItem","position":2,"name":"Boutique","item":"https:\/\/paracherkaoui.ma\/index.php\/boutique\/"},{"@type":"ListItem","position":3,"name":"AVENE SUNSIMED KA BLUE LIGHT 80 ML"}]},{"@type":"WebSite","@id":"https:\/\/paracherkaoui.ma\/#website","url":"https:\/\/paracherkaoui.ma\/","name":"Paracherkaoui.ma","description":"Achetez en ligne sur Paracherkaoui.ma","potentialAction":[{"@type":"SearchAction","target":{"@type":"EntryPoint","urlTemplate":"https:\/\/paracherkaoui.ma\/?s={search_term_string}"},"query-input":{"@type":"PropertyValueSpecification","valueRequired":true,"valueName":"search_term_string"}}],"inLanguage":"fr-FR"}]}},"_links":{"self":[{"href":"https:\/\/paracherkaoui.ma\/index.php\/wp-json\/wp\/v2\/product\/37462","targetHints":{"allow":["GET"]}}],"collection":[{"href":"https:\/\/paracherkaoui.ma\/index.php\/wp-json\/wp\/v2\/product"}],"about":[{"href":"https:\/\/paracherkaoui.ma\/index.php\/wp-json\/wp\/v2\/types\/product"}],"replies":[{"embeddable":true,"href":"https:\/\/paracherkaoui.ma\/index.php\/wp-json\/wp\/v2\/comments?post=37462"}],"version-history":[{"count":1,"href":"https:\/\/paracherkaoui.ma\/index.php\/wp-json\/wp\/v2\/product\/37462\/revisions"}],"predecessor-version":[{"id":37494,"href":"https:\/\/paracherkaoui.ma\/index.php\/wp-json\/wp\/v2\/product\/37462\/revisions\/37494"}],"wp:featuredmedia":[{"embeddable":true,"href":"https:\/\/paracherkaoui.ma\/index.php\/wp-json\/wp\/v2\/media\/37493"}],"wp:attachment":[{"href":"https:\/\/paracherkaoui.ma\/index.php\/wp-json\/wp\/v2\/media?parent=37462"}],"wp:term":[{"taxonomy":"product_brand","embeddable":true,"href":"https:\/\/paracherkaoui.ma\/index.php\/wp-json\/wp\/v2\/product_brand?post=37462"},{"taxonomy":"product_cat","embeddable":true,"href":"https:\/\/paracherkaoui.ma\/index.php\/wp-json\/wp\/v2\/product_cat?post=37462"},{"taxonomy":"product_tag","embeddable":true,"href":"https:\/\/paracherkaoui.ma\/index.php\/wp-json\/wp\/v2\/product_tag?post=37462"}],"curies":[{"name":"wp","href":"https:\/\/api.w.org\/{rel}","templated":true}]}}