{"id":37410,"date":"2025-12-12T18:58:08","date_gmt":"2025-12-12T17:58:08","guid":{"rendered":"https:\/\/test.ecbeaute.com\/?post_type=product&#038;p=37410"},"modified":"2025-12-12T18:58:11","modified_gmt":"2025-12-12T17:58:11","slug":"cantabria-heliocare-360-pigment-solution-fluid-spf-50","status":"publish","type":"product","link":"https:\/\/paracherkaoui.ma\/index.php\/produit\/cantabria-heliocare-360-pigment-solution-fluid-spf-50\/","title":{"rendered":"CANTABRIA HELIOCARE 360 PIGMENT SOLUTION FLUID SPF 50+"},"content":{"rendered":"<p>Ce fluide offre une protection ultralarge contre 4 types de rayonnement (UVB, UVA, lumi\u00e8re bleue et IR-A) ainsi qu\u2019une protection anti-pollution et anti-taches brunes gr\u00e2ce \u00e0 ses complexes sp\u00e9cifiques. Sa texture l\u00e9g\u00e8re convient \u00e0 tous les types de peau et laisse la peau douce et soyeuse.<br \/>\nSp\u00e9cialement \u00e9labor\u00e9 pour aider \u00e0 pr\u00e9venir et \u00e0 corriger les taches brunes, Heliocare\u00ae 360\u00b0 Pigment Solution Fluid SPF 50+ r\u00e9pond aux normes de photoprotection les plus strictes. Sa formule aux filtres s\u00e9lectionn\u00e9s et au Fernblock\u00ae+ offre une protection anti-UVB\/UVA\/lumi\u00e8re visible\/IR-A. Elle a \u00e9t\u00e9 enrichie d\u2019une protection anti-UVA\/lumi\u00e8re bleue compl\u00e9mentaire afin de diminuer les taches brunes. Le Fernblock\u00ae+ ainsi que des actifs r\u00e9parateurs et antioxydants permettent de limiter les d\u00e9g\u00e2ts li\u00e9s \u00e0 l\u2019exposition solaire. Son complexe anti-pollution et son complexe d\u00e9pigmentant aident \u00e0 pr\u00e9venir et \u00e0 corriger les taches brunes, pendant que les pigments \u00ab peau nue \u00bb \u00e9galisent le teint. Test\u00e9 sous contr\u00f4le dermatologique et ophtalmologique.<br \/>\nContenance : 50 ml<br \/>\nAgiter avant l\u2019emploi. Appliquer g\u00e9n\u00e9reusement et uniform\u00e9ment avant toute exposition solaire. Renouveler fr\u00e9quemment l\u2019application, surtout apr\u00e8s les baignades et en cas de transpiration excessive.<\/p>\n","protected":false},"excerpt":{"rendered":"<p>Ce fluide offre une protection ultralarge contre 4 types de rayonnement (UVB, UVA, lumi\u00e8re bleue et IR-A) ainsi qu\u2019une protection<\/p>\n","protected":false},"featured_media":37444,"comment_status":"open","ping_status":"closed","template":"","meta":[],"product_brand":[147],"product_cat":[666],"product_tag":[],"class_list":{"0":"post-37410","1":"product","2":"type-product","3":"status-publish","4":"has-post-thumbnail","6":"product_brand-cantabria","7":"product_cat-cremes-solaires","9":"first","10":"instock","11":"sale","12":"shipping-taxable","13":"purchasable","14":"product-type-simple"},"yoast_head":"<!-- This site is optimized with the Yoast SEO plugin v26.6 - https:\/\/yoast.com\/wordpress\/plugins\/seo\/ -->\r\n<title>CANTABRIA HELIOCARE 360 PIGMENT SOLUTION FLUID SPF 50+ - Paracherkaoui.ma<\/title>\r\n<meta name=\"robots\" content=\"index, follow, max-snippet:-1, max-image-preview:large, max-video-preview:-1\" \/>\r\n<link rel=\"canonical\" href=\"https:\/\/paracherkaoui.ma\/index.php\/produit\/cantabria-heliocare-360-pigment-solution-fluid-spf-50\/\" \/>\r\n<meta property=\"og:locale\" content=\"fr_FR\" \/>\r\n<meta property=\"og:type\" content=\"article\" \/>\r\n<meta property=\"og:title\" content=\"CANTABRIA HELIOCARE 360 PIGMENT SOLUTION FLUID SPF 50+ - Paracherkaoui.ma\" \/>\r\n<meta property=\"og:description\" content=\"Ce fluide offre une protection ultralarge contre 4 types de rayonnement (UVB, UVA, lumi\u00e8re bleue et IR-A) ainsi qu\u2019une protection\" \/>\r\n<meta property=\"og:url\" content=\"https:\/\/paracherkaoui.ma\/index.php\/produit\/cantabria-heliocare-360-pigment-solution-fluid-spf-50\/\" \/>\r\n<meta property=\"og:site_name\" content=\"Paracherkaoui.ma\" \/>\r\n<meta property=\"article:modified_time\" content=\"2025-12-12T17:58:11+00:00\" \/>\r\n<meta property=\"og:image\" content=\"https:\/\/paracherkaoui.ma\/wp-content\/uploads\/2025\/12\/cantabria-cantabria-heliocare-360-pigment-solution-fluid-spf-50-cremes-solaires.jpg\" \/>\r\n\t<meta property=\"og:image:width\" content=\"700\" \/>\r\n\t<meta property=\"og:image:height\" content=\"700\" \/>\r\n\t<meta property=\"og:image:type\" content=\"image\/jpeg\" \/>\r\n<meta name=\"twitter:card\" content=\"summary_large_image\" \/>\r\n<meta name=\"twitter:label1\" content=\"Dur\u00e9e de lecture estim\u00e9e\" \/>\n\t<meta name=\"twitter:data1\" content=\"1 minute\" \/>\r\n<script type=\"application\/ld+json\" class=\"yoast-schema-graph\">{\"@context\":\"https:\/\/schema.org\",\"@graph\":[{\"@type\":\"WebPage\",\"@id\":\"https:\/\/paracherkaoui.ma\/index.php\/produit\/cantabria-heliocare-360-pigment-solution-fluid-spf-50\/\",\"url\":\"https:\/\/paracherkaoui.ma\/index.php\/produit\/cantabria-heliocare-360-pigment-solution-fluid-spf-50\/\",\"name\":\"CANTABRIA HELIOCARE 360 PIGMENT SOLUTION FLUID SPF 50+ - Paracherkaoui.ma\",\"isPartOf\":{\"@id\":\"https:\/\/paracherkaoui.ma\/#website\"},\"primaryImageOfPage\":{\"@id\":\"https:\/\/paracherkaoui.ma\/index.php\/produit\/cantabria-heliocare-360-pigment-solution-fluid-spf-50\/#primaryimage\"},\"image\":{\"@id\":\"https:\/\/paracherkaoui.ma\/index.php\/produit\/cantabria-heliocare-360-pigment-solution-fluid-spf-50\/#primaryimage\"},\"thumbnailUrl\":\"https:\/\/paracherkaoui.ma\/wp-content\/uploads\/2025\/12\/cantabria-cantabria-heliocare-360-pigment-solution-fluid-spf-50-cremes-solaires.jpg\",\"datePublished\":\"2025-12-12T17:58:08+00:00\",\"dateModified\":\"2025-12-12T17:58:11+00:00\",\"breadcrumb\":{\"@id\":\"https:\/\/paracherkaoui.ma\/index.php\/produit\/cantabria-heliocare-360-pigment-solution-fluid-spf-50\/#breadcrumb\"},\"inLanguage\":\"fr-FR\",\"potentialAction\":[{\"@type\":\"ReadAction\",\"target\":[\"https:\/\/paracherkaoui.ma\/index.php\/produit\/cantabria-heliocare-360-pigment-solution-fluid-spf-50\/\"]}]},{\"@type\":\"ImageObject\",\"inLanguage\":\"fr-FR\",\"@id\":\"https:\/\/paracherkaoui.ma\/index.php\/produit\/cantabria-heliocare-360-pigment-solution-fluid-spf-50\/#primaryimage\",\"url\":\"https:\/\/paracherkaoui.ma\/wp-content\/uploads\/2025\/12\/cantabria-cantabria-heliocare-360-pigment-solution-fluid-spf-50-cremes-solaires.jpg\",\"contentUrl\":\"https:\/\/paracherkaoui.ma\/wp-content\/uploads\/2025\/12\/cantabria-cantabria-heliocare-360-pigment-solution-fluid-spf-50-cremes-solaires.jpg\",\"width\":700,\"height\":700},{\"@type\":\"BreadcrumbList\",\"@id\":\"https:\/\/paracherkaoui.ma\/index.php\/produit\/cantabria-heliocare-360-pigment-solution-fluid-spf-50\/#breadcrumb\",\"itemListElement\":[{\"@type\":\"ListItem\",\"position\":1,\"name\":\"Accueil\",\"item\":\"https:\/\/paracherkaoui.ma\/\"},{\"@type\":\"ListItem\",\"position\":2,\"name\":\"Boutique\",\"item\":\"https:\/\/paracherkaoui.ma\/index.php\/boutique\/\"},{\"@type\":\"ListItem\",\"position\":3,\"name\":\"CANTABRIA HELIOCARE 360 PIGMENT SOLUTION FLUID SPF 50+\"}]},{\"@type\":\"WebSite\",\"@id\":\"https:\/\/paracherkaoui.ma\/#website\",\"url\":\"https:\/\/paracherkaoui.ma\/\",\"name\":\"Paracherkaoui.ma\",\"description\":\"Achetez en ligne sur Paracherkaoui.ma\",\"potentialAction\":[{\"@type\":\"SearchAction\",\"target\":{\"@type\":\"EntryPoint\",\"urlTemplate\":\"https:\/\/paracherkaoui.ma\/?s={search_term_string}\"},\"query-input\":{\"@type\":\"PropertyValueSpecification\",\"valueRequired\":true,\"valueName\":\"search_term_string\"}}],\"inLanguage\":\"fr-FR\"}]}<\/script>\r\n<!-- \/ Yoast SEO plugin. -->","yoast_head_json":{"title":"CANTABRIA HELIOCARE 360 PIGMENT SOLUTION FLUID SPF 50+ - Paracherkaoui.ma","robots":{"index":"index","follow":"follow","max-snippet":"max-snippet:-1","max-image-preview":"max-image-preview:large","max-video-preview":"max-video-preview:-1"},"canonical":"https:\/\/paracherkaoui.ma\/index.php\/produit\/cantabria-heliocare-360-pigment-solution-fluid-spf-50\/","og_locale":"fr_FR","og_type":"article","og_title":"CANTABRIA HELIOCARE 360 PIGMENT SOLUTION FLUID SPF 50+ - Paracherkaoui.ma","og_description":"Ce fluide offre une protection ultralarge contre 4 types de rayonnement (UVB, UVA, lumi\u00e8re bleue et IR-A) ainsi qu\u2019une protection","og_url":"https:\/\/paracherkaoui.ma\/index.php\/produit\/cantabria-heliocare-360-pigment-solution-fluid-spf-50\/","og_site_name":"Paracherkaoui.ma","article_modified_time":"2025-12-12T17:58:11+00:00","og_image":[{"width":700,"height":700,"url":"https:\/\/paracherkaoui.ma\/wp-content\/uploads\/2025\/12\/cantabria-cantabria-heliocare-360-pigment-solution-fluid-spf-50-cremes-solaires.jpg","type":"image\/jpeg"}],"twitter_card":"summary_large_image","twitter_misc":{"Dur\u00e9e de lecture estim\u00e9e":"1 minute"},"schema":{"@context":"https:\/\/schema.org","@graph":[{"@type":"WebPage","@id":"https:\/\/paracherkaoui.ma\/index.php\/produit\/cantabria-heliocare-360-pigment-solution-fluid-spf-50\/","url":"https:\/\/paracherkaoui.ma\/index.php\/produit\/cantabria-heliocare-360-pigment-solution-fluid-spf-50\/","name":"CANTABRIA HELIOCARE 360 PIGMENT SOLUTION FLUID SPF 50+ - Paracherkaoui.ma","isPartOf":{"@id":"https:\/\/paracherkaoui.ma\/#website"},"primaryImageOfPage":{"@id":"https:\/\/paracherkaoui.ma\/index.php\/produit\/cantabria-heliocare-360-pigment-solution-fluid-spf-50\/#primaryimage"},"image":{"@id":"https:\/\/paracherkaoui.ma\/index.php\/produit\/cantabria-heliocare-360-pigment-solution-fluid-spf-50\/#primaryimage"},"thumbnailUrl":"https:\/\/paracherkaoui.ma\/wp-content\/uploads\/2025\/12\/cantabria-cantabria-heliocare-360-pigment-solution-fluid-spf-50-cremes-solaires.jpg","datePublished":"2025-12-12T17:58:08+00:00","dateModified":"2025-12-12T17:58:11+00:00","breadcrumb":{"@id":"https:\/\/paracherkaoui.ma\/index.php\/produit\/cantabria-heliocare-360-pigment-solution-fluid-spf-50\/#breadcrumb"},"inLanguage":"fr-FR","potentialAction":[{"@type":"ReadAction","target":["https:\/\/paracherkaoui.ma\/index.php\/produit\/cantabria-heliocare-360-pigment-solution-fluid-spf-50\/"]}]},{"@type":"ImageObject","inLanguage":"fr-FR","@id":"https:\/\/paracherkaoui.ma\/index.php\/produit\/cantabria-heliocare-360-pigment-solution-fluid-spf-50\/#primaryimage","url":"https:\/\/paracherkaoui.ma\/wp-content\/uploads\/2025\/12\/cantabria-cantabria-heliocare-360-pigment-solution-fluid-spf-50-cremes-solaires.jpg","contentUrl":"https:\/\/paracherkaoui.ma\/wp-content\/uploads\/2025\/12\/cantabria-cantabria-heliocare-360-pigment-solution-fluid-spf-50-cremes-solaires.jpg","width":700,"height":700},{"@type":"BreadcrumbList","@id":"https:\/\/paracherkaoui.ma\/index.php\/produit\/cantabria-heliocare-360-pigment-solution-fluid-spf-50\/#breadcrumb","itemListElement":[{"@type":"ListItem","position":1,"name":"Accueil","item":"https:\/\/paracherkaoui.ma\/"},{"@type":"ListItem","position":2,"name":"Boutique","item":"https:\/\/paracherkaoui.ma\/index.php\/boutique\/"},{"@type":"ListItem","position":3,"name":"CANTABRIA HELIOCARE 360 PIGMENT SOLUTION FLUID SPF 50+"}]},{"@type":"WebSite","@id":"https:\/\/paracherkaoui.ma\/#website","url":"https:\/\/paracherkaoui.ma\/","name":"Paracherkaoui.ma","description":"Achetez en ligne sur Paracherkaoui.ma","potentialAction":[{"@type":"SearchAction","target":{"@type":"EntryPoint","urlTemplate":"https:\/\/paracherkaoui.ma\/?s={search_term_string}"},"query-input":{"@type":"PropertyValueSpecification","valueRequired":true,"valueName":"search_term_string"}}],"inLanguage":"fr-FR"}]}},"_links":{"self":[{"href":"https:\/\/paracherkaoui.ma\/index.php\/wp-json\/wp\/v2\/product\/37410","targetHints":{"allow":["GET"]}}],"collection":[{"href":"https:\/\/paracherkaoui.ma\/index.php\/wp-json\/wp\/v2\/product"}],"about":[{"href":"https:\/\/paracherkaoui.ma\/index.php\/wp-json\/wp\/v2\/types\/product"}],"replies":[{"embeddable":true,"href":"https:\/\/paracherkaoui.ma\/index.php\/wp-json\/wp\/v2\/comments?post=37410"}],"version-history":[{"count":1,"href":"https:\/\/paracherkaoui.ma\/index.php\/wp-json\/wp\/v2\/product\/37410\/revisions"}],"predecessor-version":[{"id":37445,"href":"https:\/\/paracherkaoui.ma\/index.php\/wp-json\/wp\/v2\/product\/37410\/revisions\/37445"}],"wp:featuredmedia":[{"embeddable":true,"href":"https:\/\/paracherkaoui.ma\/index.php\/wp-json\/wp\/v2\/media\/37444"}],"wp:attachment":[{"href":"https:\/\/paracherkaoui.ma\/index.php\/wp-json\/wp\/v2\/media?parent=37410"}],"wp:term":[{"taxonomy":"product_brand","embeddable":true,"href":"https:\/\/paracherkaoui.ma\/index.php\/wp-json\/wp\/v2\/product_brand?post=37410"},{"taxonomy":"product_cat","embeddable":true,"href":"https:\/\/paracherkaoui.ma\/index.php\/wp-json\/wp\/v2\/product_cat?post=37410"},{"taxonomy":"product_tag","embeddable":true,"href":"https:\/\/paracherkaoui.ma\/index.php\/wp-json\/wp\/v2\/product_tag?post=37410"}],"curies":[{"name":"wp","href":"https:\/\/api.w.org\/{rel}","templated":true}]}}