{"id":37405,"date":"2025-12-12T18:58:08","date_gmt":"2025-12-12T17:58:08","guid":{"rendered":"https:\/\/test.ecbeaute.com\/?post_type=product&#038;p=37405"},"modified":"2025-12-12T18:58:11","modified_gmt":"2025-12-12T17:58:11","slug":"eucerin-sun-fluide-anti-age-50-ml-2","status":"publish","type":"product","link":"https:\/\/paracherkaoui.ma\/index.php\/produit\/eucerin-sun-fluide-anti-age-50-ml-2\/","title":{"rendered":"EUCERIN SUN FLUIDE ANTI AGE 50 ML"},"content":{"rendered":"<p>Sa formule experte int\u00e8gre Licochalcone A, un puissant antioxydant naturel qui lutte activement contre les radicaux libres induits par le soleil, et l\u2019acide glycyrrh\u00e9tinique, reconnu pour favoriser la r\u00e9paration naturelle de l\u2019ADN cutan\u00e9. Enrichie en acide hyaluronique \u00e0 cha\u00eenes courtes et longues, cette protection solaire agit \u00e9galement comme un soin anti-\u00e2ge : elle hydrate intens\u00e9ment, comble les rides et procure un effet raffermissant imm\u00e9diat.<br \/>\nAvec sa texture fluide, l\u00e9g\u00e8re et non grasse, ce fluide solaire p\u00e9n\u00e8tre rapidement sans laisser de r\u00e9sidu collant ni de film blanc. Sans parfum, il est parfaitement adapt\u00e9 aux peaux sensibles et convient \u00e0 tous les types de peau, m\u00eame les plus r\u00e9actives. Test\u00e9 sous contr\u00f4le dermatologique, il offre une tol\u00e9rance cutan\u00e9e optimale.<br \/>\nConseils d\u2019utilisation<br \/>\nAppliquez g\u00e9n\u00e9reusement le produit sur le visage, le cou et le d\u00e9collet\u00e9 avant l\u2019exposition solaire.<br \/>\nRenouvelez fr\u00e9quemment l\u2019application, surtout apr\u00e8s avoir nag\u00e9, transpir\u00e9 ou s\u2019\u00eatre essuy\u00e9.<br \/>\n\u00c9vitez l\u2019exposition prolong\u00e9e au soleil, m\u00eame avec une protection \u00e9lev\u00e9e.<br \/>\nComposition<br \/>\nEau, Homosalate, Octocryl\u00e8ne, Alcool d\u00e9natur\u00e9, Butyl Methoxydibenzoylmethane, Glyc\u00e9ryle St\u00e9arate, Glyc\u00e9rine, Bis-Ethylhexyloxyphenol Methoxyphenyl Triazine, C12-15 Alkyl Benzoate, Ethylhexyl Salicylate, Methylpropanediol, Sodium Hyaluronate, Glycyrrh\u00e9tinique Acide, Licochalcone A, Tocopherol, Carbomer, Xanthan Gum, Trisodium EDTA, Phenoxyethanol<\/p>\n","protected":false},"excerpt":{"rendered":"<p>Sa formule experte int\u00e8gre Licochalcone A, un puissant antioxydant naturel qui lutte activement contre les radicaux libres induits par le<\/p>\n","protected":false},"featured_media":12905,"comment_status":"open","ping_status":"closed","template":"","meta":[],"product_brand":[134],"product_cat":[666],"product_tag":[],"class_list":{"0":"post-37405","1":"product","2":"type-product","3":"status-publish","4":"has-post-thumbnail","6":"product_brand-eucerin","7":"product_cat-cremes-solaires","9":"first","10":"instock","11":"sale","12":"shipping-taxable","13":"purchasable","14":"product-type-simple"},"yoast_head":"<!-- This site is optimized with the Yoast SEO plugin v26.6 - https:\/\/yoast.com\/wordpress\/plugins\/seo\/ -->\r\n<title>EUCERIN SUN FLUIDE ANTI AGE 50 ML - Paracherkaoui.ma<\/title>\r\n<meta name=\"robots\" content=\"index, follow, max-snippet:-1, max-image-preview:large, max-video-preview:-1\" \/>\r\n<link rel=\"canonical\" href=\"https:\/\/paracherkaoui.ma\/index.php\/produit\/eucerin-sun-fluide-anti-age-50-ml-2\/\" \/>\r\n<meta property=\"og:locale\" content=\"fr_FR\" \/>\r\n<meta property=\"og:type\" content=\"article\" \/>\r\n<meta property=\"og:title\" content=\"EUCERIN SUN FLUIDE ANTI AGE 50 ML - Paracherkaoui.ma\" \/>\r\n<meta property=\"og:description\" content=\"Sa formule experte int\u00e8gre Licochalcone A, un puissant antioxydant naturel qui lutte activement contre les radicaux libres induits par le\" \/>\r\n<meta property=\"og:url\" content=\"https:\/\/paracherkaoui.ma\/index.php\/produit\/eucerin-sun-fluide-anti-age-50-ml-2\/\" \/>\r\n<meta property=\"og:site_name\" content=\"Paracherkaoui.ma\" \/>\r\n<meta property=\"article:modified_time\" content=\"2025-12-12T17:58:11+00:00\" \/>\r\n<meta property=\"og:image\" content=\"https:\/\/paracherkaoui.ma\/wp-content\/uploads\/2025\/12\/eucerin-eucerin-sun-fluide-anti-age-50-ml-cremes-solaires.jpg\" \/>\r\n\t<meta property=\"og:image:width\" content=\"700\" \/>\r\n\t<meta property=\"og:image:height\" content=\"700\" \/>\r\n\t<meta property=\"og:image:type\" content=\"image\/jpeg\" \/>\r\n<meta name=\"twitter:card\" content=\"summary_large_image\" \/>\r\n<meta name=\"twitter:label1\" content=\"Dur\u00e9e de lecture estim\u00e9e\" \/>\n\t<meta name=\"twitter:data1\" content=\"1 minute\" \/>\r\n<script type=\"application\/ld+json\" class=\"yoast-schema-graph\">{\"@context\":\"https:\/\/schema.org\",\"@graph\":[{\"@type\":\"WebPage\",\"@id\":\"https:\/\/paracherkaoui.ma\/index.php\/produit\/eucerin-sun-fluide-anti-age-50-ml-2\/\",\"url\":\"https:\/\/paracherkaoui.ma\/index.php\/produit\/eucerin-sun-fluide-anti-age-50-ml-2\/\",\"name\":\"EUCERIN SUN FLUIDE ANTI AGE 50 ML - Paracherkaoui.ma\",\"isPartOf\":{\"@id\":\"https:\/\/paracherkaoui.ma\/#website\"},\"primaryImageOfPage\":{\"@id\":\"https:\/\/paracherkaoui.ma\/index.php\/produit\/eucerin-sun-fluide-anti-age-50-ml-2\/#primaryimage\"},\"image\":{\"@id\":\"https:\/\/paracherkaoui.ma\/index.php\/produit\/eucerin-sun-fluide-anti-age-50-ml-2\/#primaryimage\"},\"thumbnailUrl\":\"https:\/\/paracherkaoui.ma\/wp-content\/uploads\/2025\/12\/eucerin-eucerin-sun-fluide-anti-age-50-ml-cremes-solaires.jpg\",\"datePublished\":\"2025-12-12T17:58:08+00:00\",\"dateModified\":\"2025-12-12T17:58:11+00:00\",\"breadcrumb\":{\"@id\":\"https:\/\/paracherkaoui.ma\/index.php\/produit\/eucerin-sun-fluide-anti-age-50-ml-2\/#breadcrumb\"},\"inLanguage\":\"fr-FR\",\"potentialAction\":[{\"@type\":\"ReadAction\",\"target\":[\"https:\/\/paracherkaoui.ma\/index.php\/produit\/eucerin-sun-fluide-anti-age-50-ml-2\/\"]}]},{\"@type\":\"ImageObject\",\"inLanguage\":\"fr-FR\",\"@id\":\"https:\/\/paracherkaoui.ma\/index.php\/produit\/eucerin-sun-fluide-anti-age-50-ml-2\/#primaryimage\",\"url\":\"https:\/\/paracherkaoui.ma\/wp-content\/uploads\/2025\/12\/eucerin-eucerin-sun-fluide-anti-age-50-ml-cremes-solaires.jpg\",\"contentUrl\":\"https:\/\/paracherkaoui.ma\/wp-content\/uploads\/2025\/12\/eucerin-eucerin-sun-fluide-anti-age-50-ml-cremes-solaires.jpg\",\"width\":700,\"height\":700},{\"@type\":\"BreadcrumbList\",\"@id\":\"https:\/\/paracherkaoui.ma\/index.php\/produit\/eucerin-sun-fluide-anti-age-50-ml-2\/#breadcrumb\",\"itemListElement\":[{\"@type\":\"ListItem\",\"position\":1,\"name\":\"Accueil\",\"item\":\"https:\/\/paracherkaoui.ma\/\"},{\"@type\":\"ListItem\",\"position\":2,\"name\":\"Boutique\",\"item\":\"https:\/\/paracherkaoui.ma\/index.php\/boutique\/\"},{\"@type\":\"ListItem\",\"position\":3,\"name\":\"EUCERIN SUN FLUIDE ANTI AGE 50 ML\"}]},{\"@type\":\"WebSite\",\"@id\":\"https:\/\/paracherkaoui.ma\/#website\",\"url\":\"https:\/\/paracherkaoui.ma\/\",\"name\":\"Paracherkaoui.ma\",\"description\":\"Achetez en ligne sur Paracherkaoui.ma\",\"potentialAction\":[{\"@type\":\"SearchAction\",\"target\":{\"@type\":\"EntryPoint\",\"urlTemplate\":\"https:\/\/paracherkaoui.ma\/?s={search_term_string}\"},\"query-input\":{\"@type\":\"PropertyValueSpecification\",\"valueRequired\":true,\"valueName\":\"search_term_string\"}}],\"inLanguage\":\"fr-FR\"}]}<\/script>\r\n<!-- \/ Yoast SEO plugin. -->","yoast_head_json":{"title":"EUCERIN SUN FLUIDE ANTI AGE 50 ML - Paracherkaoui.ma","robots":{"index":"index","follow":"follow","max-snippet":"max-snippet:-1","max-image-preview":"max-image-preview:large","max-video-preview":"max-video-preview:-1"},"canonical":"https:\/\/paracherkaoui.ma\/index.php\/produit\/eucerin-sun-fluide-anti-age-50-ml-2\/","og_locale":"fr_FR","og_type":"article","og_title":"EUCERIN SUN FLUIDE ANTI AGE 50 ML - Paracherkaoui.ma","og_description":"Sa formule experte int\u00e8gre Licochalcone A, un puissant antioxydant naturel qui lutte activement contre les radicaux libres induits par le","og_url":"https:\/\/paracherkaoui.ma\/index.php\/produit\/eucerin-sun-fluide-anti-age-50-ml-2\/","og_site_name":"Paracherkaoui.ma","article_modified_time":"2025-12-12T17:58:11+00:00","og_image":[{"width":700,"height":700,"url":"https:\/\/paracherkaoui.ma\/wp-content\/uploads\/2025\/12\/eucerin-eucerin-sun-fluide-anti-age-50-ml-cremes-solaires.jpg","type":"image\/jpeg"}],"twitter_card":"summary_large_image","twitter_misc":{"Dur\u00e9e de lecture estim\u00e9e":"1 minute"},"schema":{"@context":"https:\/\/schema.org","@graph":[{"@type":"WebPage","@id":"https:\/\/paracherkaoui.ma\/index.php\/produit\/eucerin-sun-fluide-anti-age-50-ml-2\/","url":"https:\/\/paracherkaoui.ma\/index.php\/produit\/eucerin-sun-fluide-anti-age-50-ml-2\/","name":"EUCERIN SUN FLUIDE ANTI AGE 50 ML - Paracherkaoui.ma","isPartOf":{"@id":"https:\/\/paracherkaoui.ma\/#website"},"primaryImageOfPage":{"@id":"https:\/\/paracherkaoui.ma\/index.php\/produit\/eucerin-sun-fluide-anti-age-50-ml-2\/#primaryimage"},"image":{"@id":"https:\/\/paracherkaoui.ma\/index.php\/produit\/eucerin-sun-fluide-anti-age-50-ml-2\/#primaryimage"},"thumbnailUrl":"https:\/\/paracherkaoui.ma\/wp-content\/uploads\/2025\/12\/eucerin-eucerin-sun-fluide-anti-age-50-ml-cremes-solaires.jpg","datePublished":"2025-12-12T17:58:08+00:00","dateModified":"2025-12-12T17:58:11+00:00","breadcrumb":{"@id":"https:\/\/paracherkaoui.ma\/index.php\/produit\/eucerin-sun-fluide-anti-age-50-ml-2\/#breadcrumb"},"inLanguage":"fr-FR","potentialAction":[{"@type":"ReadAction","target":["https:\/\/paracherkaoui.ma\/index.php\/produit\/eucerin-sun-fluide-anti-age-50-ml-2\/"]}]},{"@type":"ImageObject","inLanguage":"fr-FR","@id":"https:\/\/paracherkaoui.ma\/index.php\/produit\/eucerin-sun-fluide-anti-age-50-ml-2\/#primaryimage","url":"https:\/\/paracherkaoui.ma\/wp-content\/uploads\/2025\/12\/eucerin-eucerin-sun-fluide-anti-age-50-ml-cremes-solaires.jpg","contentUrl":"https:\/\/paracherkaoui.ma\/wp-content\/uploads\/2025\/12\/eucerin-eucerin-sun-fluide-anti-age-50-ml-cremes-solaires.jpg","width":700,"height":700},{"@type":"BreadcrumbList","@id":"https:\/\/paracherkaoui.ma\/index.php\/produit\/eucerin-sun-fluide-anti-age-50-ml-2\/#breadcrumb","itemListElement":[{"@type":"ListItem","position":1,"name":"Accueil","item":"https:\/\/paracherkaoui.ma\/"},{"@type":"ListItem","position":2,"name":"Boutique","item":"https:\/\/paracherkaoui.ma\/index.php\/boutique\/"},{"@type":"ListItem","position":3,"name":"EUCERIN SUN FLUIDE ANTI AGE 50 ML"}]},{"@type":"WebSite","@id":"https:\/\/paracherkaoui.ma\/#website","url":"https:\/\/paracherkaoui.ma\/","name":"Paracherkaoui.ma","description":"Achetez en ligne sur Paracherkaoui.ma","potentialAction":[{"@type":"SearchAction","target":{"@type":"EntryPoint","urlTemplate":"https:\/\/paracherkaoui.ma\/?s={search_term_string}"},"query-input":{"@type":"PropertyValueSpecification","valueRequired":true,"valueName":"search_term_string"}}],"inLanguage":"fr-FR"}]}},"_links":{"self":[{"href":"https:\/\/paracherkaoui.ma\/index.php\/wp-json\/wp\/v2\/product\/37405","targetHints":{"allow":["GET"]}}],"collection":[{"href":"https:\/\/paracherkaoui.ma\/index.php\/wp-json\/wp\/v2\/product"}],"about":[{"href":"https:\/\/paracherkaoui.ma\/index.php\/wp-json\/wp\/v2\/types\/product"}],"replies":[{"embeddable":true,"href":"https:\/\/paracherkaoui.ma\/index.php\/wp-json\/wp\/v2\/comments?post=37405"}],"version-history":[{"count":1,"href":"https:\/\/paracherkaoui.ma\/index.php\/wp-json\/wp\/v2\/product\/37405\/revisions"}],"predecessor-version":[{"id":37437,"href":"https:\/\/paracherkaoui.ma\/index.php\/wp-json\/wp\/v2\/product\/37405\/revisions\/37437"}],"wp:featuredmedia":[{"embeddable":true,"href":"https:\/\/paracherkaoui.ma\/index.php\/wp-json\/wp\/v2\/media\/12905"}],"wp:attachment":[{"href":"https:\/\/paracherkaoui.ma\/index.php\/wp-json\/wp\/v2\/media?parent=37405"}],"wp:term":[{"taxonomy":"product_brand","embeddable":true,"href":"https:\/\/paracherkaoui.ma\/index.php\/wp-json\/wp\/v2\/product_brand?post=37405"},{"taxonomy":"product_cat","embeddable":true,"href":"https:\/\/paracherkaoui.ma\/index.php\/wp-json\/wp\/v2\/product_cat?post=37405"},{"taxonomy":"product_tag","embeddable":true,"href":"https:\/\/paracherkaoui.ma\/index.php\/wp-json\/wp\/v2\/product_tag?post=37405"}],"curies":[{"name":"wp","href":"https:\/\/api.w.org\/{rel}","templated":true}]}}