{"id":37397,"date":"2025-12-12T18:58:07","date_gmt":"2025-12-12T17:58:07","guid":{"rendered":"https:\/\/test.ecbeaute.com\/?post_type=product&#038;p=37397"},"modified":"2025-12-12T18:58:09","modified_gmt":"2025-12-12T17:58:09","slug":"vichy-offre-capital-soleil-creme-onctueuse-peau-normale-a-seche-spf-50-50-ml-vichy-minerale-89-offert-10ml-2","status":"publish","type":"product","link":"https:\/\/paracherkaoui.ma\/index.php\/produit\/vichy-offre-capital-soleil-creme-onctueuse-peau-normale-a-seche-spf-50-50-ml-vichy-minerale-89-offert-10ml-2\/","title":{"rendered":"VICHY OFFRE CAPITAL SOLEIL CREME ONCTUEUSE PEAU NORMALE A SECHE SPF 50+ -50 ML + VICHY MINERALE 89 OFFERT 10ML"},"content":{"rendered":"<p>Son syst\u00e8me filtrant brevet\u00e9 au Mexoryl\u00ae XL prot\u00e8ge efficacement contre les rayons UVA\/UVB, y compris les UVA longs, responsables du photovieillissement cutan\u00e9 (rides, taches). Sa texture onctueuse p\u00e9n\u00e8tre facilement sans laisser de film gras ni de traces blanches, laissant la peau douce, souple et parfaitement confortable sous le soleil.<br \/>\nCe soin solaire ne se contente pas de prot\u00e9ger. Il prend \u00e9galement soin de votre peau sensible gr\u00e2ce \u00e0 sa formule hypoallerg\u00e9nique et sans parab\u00e8ne, test\u00e9e sous contr\u00f4le dermatologique. L&rsquo;ajout d&rsquo;Eau Thermale de Vichy, un ingr\u00e9dient signature de la marque, apporte des vertus apaisantes et hydratantes essentielles pour le confort des peaux d\u00e9licates. La Glyc\u00e9rine, un puissant agent hydratant, vient compl\u00e9ter cette action en restaurant le film hydrolipidique de la peau, lui procurant douceur et souplesse tout au long de l&rsquo;exposition solaire.<br \/>\nLa texture onctueuse de cette cr\u00e8me solaire p\u00e9n\u00e8tre rapidement sans laisser de film gras ni de traces blanches, offrant un confort d&rsquo;application optimal. Votre peau est instantan\u00e9ment plus lisse et hydrat\u00e9e, pr\u00eate \u00e0 r\u00e9v\u00e9ler un bronzage lumineux et uniforme sous le soleil, en toute s\u00e9curit\u00e9. Int\u00e9grez VICHY CAPITAL SOLEIL Cr\u00e8me Onctueuse SPF 50+ \u00e0 votre routine de soins estivaux pour une peau prot\u00e9g\u00e9e, hydrat\u00e9e et visiblement plus belle. N&rsquo;attendez plus pour profiter du soleil en toute s\u00e9r\u00e9nit\u00e9 avec l&rsquo;expertise Vichy.<br \/>\nConseils d\u2019utilisation<br \/>\nAppliquez une quantit\u00e9 g\u00e9n\u00e9reuse sur le visage et le cou, juste avant l\u2019exposition solaire.<br \/>\nRenouvelez fr\u00e9quemment, notamment apr\u00e8s la baignade, le s\u00e9chage ou une transpiration excessive.<br \/>\nPour une protection optimale, \u00e9vitez l\u2019exposition prolong\u00e9e, m\u00eame avec une protection solaire.<br \/>\nComposition<br \/>\nIngr\u00e9dients &#038; Principes Actifs Cl\u00e9s :<br \/>\nEau Thermale de Vichy : dispose de vertus apaisantes et hydratantes tr\u00e8s importantes.<br \/>\nSyst\u00e8me Filtrant Mexoryl : bloque les rayons UV et ainsi pr\u00e9serve du photovieillissement et des coups de soleil.<br \/>\nGlyc\u00e9rine : agent hydratant qui reconstitue le film hydrolipidique de la peau.<br \/>\nComposition :<br \/>\nAQUA \/ WATER, GLYCERIN, DIISOPROPYL SEBACATE, ETHYLHEXYL SALICYLATE, BUTYL METHOXYDIBENZOYLMETHANE, DIMETHICONE, ALCOHOL DENAT., BIS-ETHYLHEXYLOXYPHENOL METHOXYPHENYL TRIAZINE, OCTOCRYLENE, TITANIUM DIOXIDE [NANO] \/ TITANIUM DIOXIDE, ALUMINUM STARCH OCTENYLSUCCINATE, DROMETRIZOLE TRISILOXANE, DIETHYLHEXYL BUTAMIDO TRIAZONE, STEARIC ACID, TRIETHANOLAMINE, POTASSIUM CETYL PHOSPHATE, PARFUM \/ FRAGRANCE, SYNTHETIC WAX, ACRYLATES\/C10-30 ALKYL ACRYLATE CROSSPOLYMER, ALUMINUM HYDROXIDE, CAPRYLYL GLYCOL, DIMETHICONE CROSSPOLYMER, DISODIUM EDTA, GLYCERYL STEARATE, PALMITIC ACID, PEG-100 STEARATE, PHENOXYETHANOL, SODIUM HYALURONATE, TEREPHTHALYLIDENE DICAMPHOR SULFONIC ACID, TITANIUM DIOXIDE, TOCOPHEROL, XANTHAN GUM<\/p>\n","protected":false},"excerpt":{"rendered":"<p>Son syst\u00e8me filtrant brevet\u00e9 au Mexoryl\u00ae XL prot\u00e8ge efficacement contre les rayons UVA\/UVB, y compris les UVA longs, responsables du<\/p>\n","protected":false},"featured_media":13149,"comment_status":"open","ping_status":"closed","template":"","meta":[],"product_brand":[139],"product_cat":[666],"product_tag":[],"class_list":{"0":"post-37397","1":"product","2":"type-product","3":"status-publish","4":"has-post-thumbnail","6":"product_brand-vichy","7":"product_cat-cremes-solaires","9":"first","10":"instock","11":"sale","12":"shipping-taxable","13":"purchasable","14":"product-type-simple"},"yoast_head":"<!-- This site is optimized with the Yoast SEO plugin v26.6 - https:\/\/yoast.com\/wordpress\/plugins\/seo\/ -->\r\n<title>VICHY OFFRE CAPITAL SOLEIL CREME ONCTUEUSE PEAU NORMALE A SECHE SPF 50+ -50 ML + VICHY MINERALE 89 OFFERT 10ML - Paracherkaoui.ma<\/title>\r\n<meta name=\"robots\" content=\"index, follow, max-snippet:-1, max-image-preview:large, max-video-preview:-1\" \/>\r\n<link rel=\"canonical\" href=\"https:\/\/paracherkaoui.ma\/index.php\/produit\/vichy-offre-capital-soleil-creme-onctueuse-peau-normale-a-seche-spf-50-50-ml-vichy-minerale-89-offert-10ml-2\/\" \/>\r\n<meta property=\"og:locale\" content=\"fr_FR\" \/>\r\n<meta property=\"og:type\" content=\"article\" \/>\r\n<meta property=\"og:title\" content=\"VICHY OFFRE CAPITAL SOLEIL CREME ONCTUEUSE PEAU NORMALE A SECHE SPF 50+ -50 ML + VICHY MINERALE 89 OFFERT 10ML - Paracherkaoui.ma\" \/>\r\n<meta property=\"og:description\" content=\"Son syst\u00e8me filtrant brevet\u00e9 au Mexoryl\u00ae XL prot\u00e8ge efficacement contre les rayons UVA\/UVB, y compris les UVA longs, responsables du\" \/>\r\n<meta property=\"og:url\" content=\"https:\/\/paracherkaoui.ma\/index.php\/produit\/vichy-offre-capital-soleil-creme-onctueuse-peau-normale-a-seche-spf-50-50-ml-vichy-minerale-89-offert-10ml-2\/\" \/>\r\n<meta property=\"og:site_name\" content=\"Paracherkaoui.ma\" \/>\r\n<meta property=\"article:modified_time\" content=\"2025-12-12T17:58:09+00:00\" \/>\r\n<meta property=\"og:image\" content=\"https:\/\/paracherkaoui.ma\/wp-content\/uploads\/2025\/12\/vichy-vichy-offre-capital-soleil-creme-onctueuse-peau-normale-a-seche-spf-50-50-ml-vichy-minerale-89-offert-10ml-cremes-solaires.jpg\" \/>\r\n\t<meta property=\"og:image:width\" content=\"700\" \/>\r\n\t<meta property=\"og:image:height\" content=\"700\" \/>\r\n\t<meta property=\"og:image:type\" content=\"image\/jpeg\" \/>\r\n<meta name=\"twitter:card\" content=\"summary_large_image\" \/>\r\n<meta name=\"twitter:label1\" content=\"Dur\u00e9e de lecture estim\u00e9e\" \/>\n\t<meta name=\"twitter:data1\" content=\"2 minutes\" \/>\r\n<script type=\"application\/ld+json\" class=\"yoast-schema-graph\">{\"@context\":\"https:\/\/schema.org\",\"@graph\":[{\"@type\":\"WebPage\",\"@id\":\"https:\/\/paracherkaoui.ma\/index.php\/produit\/vichy-offre-capital-soleil-creme-onctueuse-peau-normale-a-seche-spf-50-50-ml-vichy-minerale-89-offert-10ml-2\/\",\"url\":\"https:\/\/paracherkaoui.ma\/index.php\/produit\/vichy-offre-capital-soleil-creme-onctueuse-peau-normale-a-seche-spf-50-50-ml-vichy-minerale-89-offert-10ml-2\/\",\"name\":\"VICHY OFFRE CAPITAL SOLEIL CREME ONCTUEUSE PEAU NORMALE A SECHE SPF 50+ -50 ML + VICHY MINERALE 89 OFFERT 10ML - Paracherkaoui.ma\",\"isPartOf\":{\"@id\":\"https:\/\/paracherkaoui.ma\/#website\"},\"primaryImageOfPage\":{\"@id\":\"https:\/\/paracherkaoui.ma\/index.php\/produit\/vichy-offre-capital-soleil-creme-onctueuse-peau-normale-a-seche-spf-50-50-ml-vichy-minerale-89-offert-10ml-2\/#primaryimage\"},\"image\":{\"@id\":\"https:\/\/paracherkaoui.ma\/index.php\/produit\/vichy-offre-capital-soleil-creme-onctueuse-peau-normale-a-seche-spf-50-50-ml-vichy-minerale-89-offert-10ml-2\/#primaryimage\"},\"thumbnailUrl\":\"https:\/\/paracherkaoui.ma\/wp-content\/uploads\/2025\/12\/vichy-vichy-offre-capital-soleil-creme-onctueuse-peau-normale-a-seche-spf-50-50-ml-vichy-minerale-89-offert-10ml-cremes-solaires.jpg\",\"datePublished\":\"2025-12-12T17:58:07+00:00\",\"dateModified\":\"2025-12-12T17:58:09+00:00\",\"breadcrumb\":{\"@id\":\"https:\/\/paracherkaoui.ma\/index.php\/produit\/vichy-offre-capital-soleil-creme-onctueuse-peau-normale-a-seche-spf-50-50-ml-vichy-minerale-89-offert-10ml-2\/#breadcrumb\"},\"inLanguage\":\"fr-FR\",\"potentialAction\":[{\"@type\":\"ReadAction\",\"target\":[\"https:\/\/paracherkaoui.ma\/index.php\/produit\/vichy-offre-capital-soleil-creme-onctueuse-peau-normale-a-seche-spf-50-50-ml-vichy-minerale-89-offert-10ml-2\/\"]}]},{\"@type\":\"ImageObject\",\"inLanguage\":\"fr-FR\",\"@id\":\"https:\/\/paracherkaoui.ma\/index.php\/produit\/vichy-offre-capital-soleil-creme-onctueuse-peau-normale-a-seche-spf-50-50-ml-vichy-minerale-89-offert-10ml-2\/#primaryimage\",\"url\":\"https:\/\/paracherkaoui.ma\/wp-content\/uploads\/2025\/12\/vichy-vichy-offre-capital-soleil-creme-onctueuse-peau-normale-a-seche-spf-50-50-ml-vichy-minerale-89-offert-10ml-cremes-solaires.jpg\",\"contentUrl\":\"https:\/\/paracherkaoui.ma\/wp-content\/uploads\/2025\/12\/vichy-vichy-offre-capital-soleil-creme-onctueuse-peau-normale-a-seche-spf-50-50-ml-vichy-minerale-89-offert-10ml-cremes-solaires.jpg\",\"width\":700,\"height\":700},{\"@type\":\"BreadcrumbList\",\"@id\":\"https:\/\/paracherkaoui.ma\/index.php\/produit\/vichy-offre-capital-soleil-creme-onctueuse-peau-normale-a-seche-spf-50-50-ml-vichy-minerale-89-offert-10ml-2\/#breadcrumb\",\"itemListElement\":[{\"@type\":\"ListItem\",\"position\":1,\"name\":\"Accueil\",\"item\":\"https:\/\/paracherkaoui.ma\/\"},{\"@type\":\"ListItem\",\"position\":2,\"name\":\"Boutique\",\"item\":\"https:\/\/paracherkaoui.ma\/index.php\/boutique\/\"},{\"@type\":\"ListItem\",\"position\":3,\"name\":\"VICHY OFFRE CAPITAL SOLEIL CREME ONCTUEUSE PEAU NORMALE A SECHE SPF 50+ -50 ML + VICHY MINERALE 89 OFFERT 10ML\"}]},{\"@type\":\"WebSite\",\"@id\":\"https:\/\/paracherkaoui.ma\/#website\",\"url\":\"https:\/\/paracherkaoui.ma\/\",\"name\":\"Paracherkaoui.ma\",\"description\":\"Achetez en ligne sur Paracherkaoui.ma\",\"potentialAction\":[{\"@type\":\"SearchAction\",\"target\":{\"@type\":\"EntryPoint\",\"urlTemplate\":\"https:\/\/paracherkaoui.ma\/?s={search_term_string}\"},\"query-input\":{\"@type\":\"PropertyValueSpecification\",\"valueRequired\":true,\"valueName\":\"search_term_string\"}}],\"inLanguage\":\"fr-FR\"}]}<\/script>\r\n<!-- \/ Yoast SEO plugin. -->","yoast_head_json":{"title":"VICHY OFFRE CAPITAL SOLEIL CREME ONCTUEUSE PEAU NORMALE A SECHE SPF 50+ -50 ML + VICHY MINERALE 89 OFFERT 10ML - Paracherkaoui.ma","robots":{"index":"index","follow":"follow","max-snippet":"max-snippet:-1","max-image-preview":"max-image-preview:large","max-video-preview":"max-video-preview:-1"},"canonical":"https:\/\/paracherkaoui.ma\/index.php\/produit\/vichy-offre-capital-soleil-creme-onctueuse-peau-normale-a-seche-spf-50-50-ml-vichy-minerale-89-offert-10ml-2\/","og_locale":"fr_FR","og_type":"article","og_title":"VICHY OFFRE CAPITAL SOLEIL CREME ONCTUEUSE PEAU NORMALE A SECHE SPF 50+ -50 ML + VICHY MINERALE 89 OFFERT 10ML - Paracherkaoui.ma","og_description":"Son syst\u00e8me filtrant brevet\u00e9 au Mexoryl\u00ae XL prot\u00e8ge efficacement contre les rayons UVA\/UVB, y compris les UVA longs, responsables du","og_url":"https:\/\/paracherkaoui.ma\/index.php\/produit\/vichy-offre-capital-soleil-creme-onctueuse-peau-normale-a-seche-spf-50-50-ml-vichy-minerale-89-offert-10ml-2\/","og_site_name":"Paracherkaoui.ma","article_modified_time":"2025-12-12T17:58:09+00:00","og_image":[{"width":700,"height":700,"url":"https:\/\/paracherkaoui.ma\/wp-content\/uploads\/2025\/12\/vichy-vichy-offre-capital-soleil-creme-onctueuse-peau-normale-a-seche-spf-50-50-ml-vichy-minerale-89-offert-10ml-cremes-solaires.jpg","type":"image\/jpeg"}],"twitter_card":"summary_large_image","twitter_misc":{"Dur\u00e9e de lecture estim\u00e9e":"2 minutes"},"schema":{"@context":"https:\/\/schema.org","@graph":[{"@type":"WebPage","@id":"https:\/\/paracherkaoui.ma\/index.php\/produit\/vichy-offre-capital-soleil-creme-onctueuse-peau-normale-a-seche-spf-50-50-ml-vichy-minerale-89-offert-10ml-2\/","url":"https:\/\/paracherkaoui.ma\/index.php\/produit\/vichy-offre-capital-soleil-creme-onctueuse-peau-normale-a-seche-spf-50-50-ml-vichy-minerale-89-offert-10ml-2\/","name":"VICHY OFFRE CAPITAL SOLEIL CREME ONCTUEUSE PEAU NORMALE A SECHE SPF 50+ -50 ML + VICHY MINERALE 89 OFFERT 10ML - Paracherkaoui.ma","isPartOf":{"@id":"https:\/\/paracherkaoui.ma\/#website"},"primaryImageOfPage":{"@id":"https:\/\/paracherkaoui.ma\/index.php\/produit\/vichy-offre-capital-soleil-creme-onctueuse-peau-normale-a-seche-spf-50-50-ml-vichy-minerale-89-offert-10ml-2\/#primaryimage"},"image":{"@id":"https:\/\/paracherkaoui.ma\/index.php\/produit\/vichy-offre-capital-soleil-creme-onctueuse-peau-normale-a-seche-spf-50-50-ml-vichy-minerale-89-offert-10ml-2\/#primaryimage"},"thumbnailUrl":"https:\/\/paracherkaoui.ma\/wp-content\/uploads\/2025\/12\/vichy-vichy-offre-capital-soleil-creme-onctueuse-peau-normale-a-seche-spf-50-50-ml-vichy-minerale-89-offert-10ml-cremes-solaires.jpg","datePublished":"2025-12-12T17:58:07+00:00","dateModified":"2025-12-12T17:58:09+00:00","breadcrumb":{"@id":"https:\/\/paracherkaoui.ma\/index.php\/produit\/vichy-offre-capital-soleil-creme-onctueuse-peau-normale-a-seche-spf-50-50-ml-vichy-minerale-89-offert-10ml-2\/#breadcrumb"},"inLanguage":"fr-FR","potentialAction":[{"@type":"ReadAction","target":["https:\/\/paracherkaoui.ma\/index.php\/produit\/vichy-offre-capital-soleil-creme-onctueuse-peau-normale-a-seche-spf-50-50-ml-vichy-minerale-89-offert-10ml-2\/"]}]},{"@type":"ImageObject","inLanguage":"fr-FR","@id":"https:\/\/paracherkaoui.ma\/index.php\/produit\/vichy-offre-capital-soleil-creme-onctueuse-peau-normale-a-seche-spf-50-50-ml-vichy-minerale-89-offert-10ml-2\/#primaryimage","url":"https:\/\/paracherkaoui.ma\/wp-content\/uploads\/2025\/12\/vichy-vichy-offre-capital-soleil-creme-onctueuse-peau-normale-a-seche-spf-50-50-ml-vichy-minerale-89-offert-10ml-cremes-solaires.jpg","contentUrl":"https:\/\/paracherkaoui.ma\/wp-content\/uploads\/2025\/12\/vichy-vichy-offre-capital-soleil-creme-onctueuse-peau-normale-a-seche-spf-50-50-ml-vichy-minerale-89-offert-10ml-cremes-solaires.jpg","width":700,"height":700},{"@type":"BreadcrumbList","@id":"https:\/\/paracherkaoui.ma\/index.php\/produit\/vichy-offre-capital-soleil-creme-onctueuse-peau-normale-a-seche-spf-50-50-ml-vichy-minerale-89-offert-10ml-2\/#breadcrumb","itemListElement":[{"@type":"ListItem","position":1,"name":"Accueil","item":"https:\/\/paracherkaoui.ma\/"},{"@type":"ListItem","position":2,"name":"Boutique","item":"https:\/\/paracherkaoui.ma\/index.php\/boutique\/"},{"@type":"ListItem","position":3,"name":"VICHY OFFRE CAPITAL SOLEIL CREME ONCTUEUSE PEAU NORMALE A SECHE SPF 50+ -50 ML + VICHY MINERALE 89 OFFERT 10ML"}]},{"@type":"WebSite","@id":"https:\/\/paracherkaoui.ma\/#website","url":"https:\/\/paracherkaoui.ma\/","name":"Paracherkaoui.ma","description":"Achetez en ligne sur Paracherkaoui.ma","potentialAction":[{"@type":"SearchAction","target":{"@type":"EntryPoint","urlTemplate":"https:\/\/paracherkaoui.ma\/?s={search_term_string}"},"query-input":{"@type":"PropertyValueSpecification","valueRequired":true,"valueName":"search_term_string"}}],"inLanguage":"fr-FR"}]}},"_links":{"self":[{"href":"https:\/\/paracherkaoui.ma\/index.php\/wp-json\/wp\/v2\/product\/37397","targetHints":{"allow":["GET"]}}],"collection":[{"href":"https:\/\/paracherkaoui.ma\/index.php\/wp-json\/wp\/v2\/product"}],"about":[{"href":"https:\/\/paracherkaoui.ma\/index.php\/wp-json\/wp\/v2\/types\/product"}],"replies":[{"embeddable":true,"href":"https:\/\/paracherkaoui.ma\/index.php\/wp-json\/wp\/v2\/comments?post=37397"}],"version-history":[{"count":1,"href":"https:\/\/paracherkaoui.ma\/index.php\/wp-json\/wp\/v2\/product\/37397\/revisions"}],"predecessor-version":[{"id":37427,"href":"https:\/\/paracherkaoui.ma\/index.php\/wp-json\/wp\/v2\/product\/37397\/revisions\/37427"}],"wp:featuredmedia":[{"embeddable":true,"href":"https:\/\/paracherkaoui.ma\/index.php\/wp-json\/wp\/v2\/media\/13149"}],"wp:attachment":[{"href":"https:\/\/paracherkaoui.ma\/index.php\/wp-json\/wp\/v2\/media?parent=37397"}],"wp:term":[{"taxonomy":"product_brand","embeddable":true,"href":"https:\/\/paracherkaoui.ma\/index.php\/wp-json\/wp\/v2\/product_brand?post=37397"},{"taxonomy":"product_cat","embeddable":true,"href":"https:\/\/paracherkaoui.ma\/index.php\/wp-json\/wp\/v2\/product_cat?post=37397"},{"taxonomy":"product_tag","embeddable":true,"href":"https:\/\/paracherkaoui.ma\/index.php\/wp-json\/wp\/v2\/product_tag?post=37397"}],"curies":[{"name":"wp","href":"https:\/\/api.w.org\/{rel}","templated":true}]}}