{"id":37393,"date":"2025-12-12T18:58:07","date_gmt":"2025-12-12T17:58:07","guid":{"rendered":"https:\/\/test.ecbeaute.com\/?post_type=product&#038;p=37393"},"modified":"2025-12-12T18:58:09","modified_gmt":"2025-12-12T17:58:09","slug":"la-roche-posay-offre-anthelios-uvmune-400-creme-hydratante-spf-50-invisible-50-ml-eau-thermale-50ml-offert-2","status":"publish","type":"product","link":"https:\/\/paracherkaoui.ma\/index.php\/produit\/la-roche-posay-offre-anthelios-uvmune-400-creme-hydratante-spf-50-invisible-50-ml-eau-thermale-50ml-offert-2\/","title":{"rendered":"LA ROCHE POSAY OFFRE ANTHELIOS UVMUNE 400 CREME HYDRATANTE SPF 50+ INVISIBLE 50 ML + EAU THERMALE 50ML OFFERT"},"content":{"rendered":"<p>.elementor-233 .elementor-element.elementor-element-36fa481c .elementor-tab-title, .elementor-233 .elementor-element.elementor-element-36fa481c .elementor-tab-title:before, .elementor-233 .elementor-element.elementor-element-36fa481c .elementor-tab-title:after, .elementor-233 .elementor-element.elementor-element-36fa481c .elementor-tab-content, .elementor-233 .elementor-element.elementor-element-36fa481c .elementor-tabs-content-wrapper{border-width:0.5px;}.elementor-233 .elementor-element.elementor-element-36fa481c .elementor-tab-title{color:#000000;}.elementor-233 .elementor-element.elementor-element-36fa481c .elementor-tab-title.elementor-active{color:#00a28d;}.elementor-233 .elementor-element.elementor-element-36fa481c .elementor-tab-content{color:#000000;}.elementor-233 .elementor-element.elementor-element-67fcbc29 .axps-swiper-slider .swiper-slide img{width:auto;}.elementor-233 .elementor-element.elementor-element-67fcbc29 .wrapper-items:not(.swiper-container-initialized) .item{-ms-flex:0 0 calc(100%\/3);flex:0 0 calc(100%\/3);max-width:calc(100%\/3);}.elementor-233 .elementor-element.elementor-element-67fcbc29 .wrapper-items .swiper-slide{padding-left:calc(30px\/2);padding-right:calc(30px\/2);}.elementor-233 .elementor-element.elementor-element-67fcbc29 .wrapper-items .swiper-slide .item-inner{margin-bottom:30px;}.elementor-233 .elementor-element.elementor-element-67fcbc29 .wrapper-items{margin-left:calc(-30px\/2);margin-right:calc(-30px\/2);}.elementor-233 .elementor-element.elementor-element-67fcbc29 .swiper-wrapper .item-inner{text-align:center;}.elementor-233 .elementor-element.elementor-element-c18badf{text-align:center;}.elementor-233 .elementor-element.elementor-element-c18badf.elementor-widget-heading .elementor-heading-title{color:#000000;}.elementor-233 .elementor-element.elementor-element-c18badf .elementor-heading-title{font-size:17px;font-weight:900;}.elementor-233 .elementor-element.elementor-element-5e67d137{margin-top:-16px;margin-bottom:0px;}.elementor-233 .elementor-element.elementor-element-7fe7acb2 > .elementor-widget-container{margin:-46px 0px 0px 0px;}.elementor-233 .elementor-element.elementor-element-f7a1f6c > .elementor-widget-container{margin:-46px 0px 0px 0px;}.elementor-233 .elementor-element.elementor-element-ff9287f > .elementor-widget-container{margin:-46px 0px 0px 0px;}.elementor-233 .elementor-element.elementor-element-1905f477 > .elementor-widget-container{margin:-46px 0px 0px 0px;}.elementor-233 .elementor-element.elementor-element-67b542c9 > .elementor-widget-container{margin:-46px 0px 0px 0px;}.elementor-233 .elementor-element.elementor-element-8aef2f2{text-align:center;}.elementor-233 .elementor-element.elementor-element-8aef2f2.elementor-widget-heading .elementor-heading-title{color:#000000;}.elementor-233 .elementor-element.elementor-element-8aef2f2 .elementor-heading-title{font-size:17px;font-weight:900;}.elementor-233 .elementor-element.elementor-element-65fb90dc{margin-top:-16px;margin-bottom:0px;}.elementor-233 .elementor-element.elementor-element-152d7d97 > .elementor-widget-container{margin:-46px 0px 0px 0px;}.elementor-233 .elementor-element.elementor-element-b4b4311 > .elementor-widget-container{margin:-46px 0px 0px 0px;}.elementor-233 .elementor-element.elementor-element-db9a72f > .elementor-widget-container{margin:-46px 0px 0px 0px;}@media(max-width:1024px){.elementor-233 .elementor-element.elementor-element-67fcbc29 .wrapper-items:not(.swiper-container-initialized) .item{-ms-flex:0 0 calc(100%\/4);flex:0 0 calc(100%\/4);max-width:calc(100%\/4);}.elementor-233 .elementor-element.elementor-element-67fcbc29 .wrapper-items .swiper-slide{padding-left:calc(20px\/2);padding-right:calc(20px\/2);}.elementor-233 .elementor-element.elementor-element-67fcbc29 .wrapper-items .swiper-slide .item-inner{margin-bottom:20px;}.elementor-233 .elementor-element.elementor-element-67fcbc29 .wrapper-items{margin-left:calc(-20px\/2);margin-right:calc(-20px\/2);}.elementor-233 .elementor-element.elementor-element-7fe7acb2 > .elementor-widget-container{margin:-33px 0px 0px 0px;}.elementor-233 .elementor-element.elementor-element-f7a1f6c > .elementor-widget-container{margin:-33px 0px 0px 0px;}.elementor-233 .elementor-element.elementor-element-ff9287f > .elementor-widget-container{margin:-33px 0px 0px 0px;}.elementor-233 .elementor-element.elementor-element-1905f477 > .elementor-widget-container{margin:-33px 0px 0px 0px;}.elementor-233 .elementor-element.elementor-element-67b542c9 > .elementor-widget-container{margin:-33px 0px 0px 0px;}.elementor-233 .elementor-element.elementor-element-152d7d97 > .elementor-widget-container{margin:-33px 0px 0px 0px;}.elementor-233 .elementor-element.elementor-element-b4b4311 > .elementor-widget-container{margin:-33px 0px 0px 0px;}.elementor-233 .elementor-element.elementor-element-db9a72f > .elementor-widget-container{margin:-33px 0px 0px 0px;}}@media(max-width:767px){.elementor-233 .elementor-element.elementor-element-67fcbc29 .wrapper-items:not(.swiper-container-initialized) .item{-ms-flex:0 0 calc(100%\/4);flex:0 0 calc(100%\/4);max-width:calc(100%\/4);}.elementor-233 .elementor-element.elementor-element-67fcbc29 .wrapper-items .swiper-slide{padding-left:calc(10px\/2);padding-right:calc(10px\/2);}.elementor-233 .elementor-element.elementor-element-67fcbc29 .wrapper-items .swiper-slide .item-inner{margin-bottom:10px;}.elementor-233 .elementor-element.elementor-element-67fcbc29 .wrapper-items{margin-left:calc(-10px\/2);margin-right:calc(-10px\/2);}.elementor-233 .elementor-element.elementor-element-40240a7{width:50%;}.elementor-233 .elementor-element.elementor-element-7fe7acb2 > .elementor-widget-container{margin:-26px 0px 0px 0px;}.elementor-233 .elementor-element.elementor-element-311eda5{width:50%;}.elementor-233 .elementor-element.elementor-element-f7a1f6c > .elementor-widget-container{margin:-26px 0px 0px 0px;}.elementor-233 .elementor-element.elementor-element-803ed86{width:50%;}.elementor-233 .elementor-element.elementor-element-ff9287f > .elementor-widget-container{margin:-26px 0px 0px 0px;}.elementor-233 .elementor-element.elementor-element-5bece74a{width:50%;}.elementor-233 .elementor-element.elementor-element-1905f477 > .elementor-widget-container{margin:-26px 0px 0px 0px;}.elementor-233 .elementor-element.elementor-element-18100036{width:50%;}.elementor-233 .elementor-element.elementor-element-67b542c9 > .elementor-widget-container{margin:-26px 0px 0px 0px;}.elementor-233 .elementor-element.elementor-element-58f4a413{width:50%;}.elementor-233 .elementor-element.elementor-element-152d7d97 > .elementor-widget-container{margin:-26px 0px 0px 0px;}.elementor-233 .elementor-element.elementor-element-8151917{width:50%;}.elementor-233 .elementor-element.elementor-element-b4b4311 > .elementor-widget-container{margin:-26px 0px 0px 0px;}.elementor-233 .elementor-element.elementor-element-313a6208{width:50%;}.elementor-233 .elementor-element.elementor-element-db9a72f > .elementor-widget-container{margin:-26px 0px 0px 0px;}}<br \/>\nDescription<br \/>\nConseils d&rsquo;utilisation<br \/>\nComposition<br \/>\nDescription<br \/>\nCr\u00e8me Hydratante Invisible SPF50+ (50 ml)<br \/>\nFormul\u00e9e avec le filtre brevet\u00e9 Mexoryl 400, la cr\u00e8me Anthelios UVMUNE 400 offre une protection avanc\u00e9e contre les UVA ultra-longs, responsables du vieillissement pr\u00e9matur\u00e9 et des dommages cellulaires profonds. Sa texture invisible et non grasse convient \u00e0 tous types de peau, m\u00eame grasses ou \u00e0 tendance acn\u00e9ique, sans laisser de traces blanches. Enrichie en glyc\u00e9rine et vitamine E (tocoph\u00e9rol), elle hydrate intens\u00e9ment la peau tout en renfor\u00e7ant la barri\u00e8re cutan\u00e9e.<br \/>\nElle est r\u00e9sistante \u00e0 l\u2019eau, \u00e0 la transpiration et au sable, rendant cette protection id\u00e9ale pour une utilisation quotidienne ou en conditions extr\u00eames.<br \/>\nEau Thermale de La Roche-Posay (50 ml) \u2013 Offerte<br \/>\nConnue pour ses vertus apaisantes, anti-oxydantes et anti-irritantes, l&rsquo;eau thermale de La Roche-Posay compl\u00e8te cette routine. Elle aide \u00e0 calmer les \u00e9chauffements cutan\u00e9s, r\u00e9duit les rougeurs et renforce naturellement les d\u00e9fenses de la peau.<br \/>\nConseils d&rsquo;utilisation<br \/>\nLe matin : Appliquez la cr\u00e8me solaire en derni\u00e8re \u00e9tape de votre routine visage, juste avant le maquillage. Appliquer g\u00e9n\u00e9reusement sur le visage, le cou et le d\u00e9collet\u00e9.<br \/>\nRenouvellement : Renouvelez toutes les 2 heures en cas d\u2019exposition prolong\u00e9e, apr\u00e8s la baignade ou une transpiration importante.<br \/>\nEau Thermale : Vaporisez sur le visage \u00e0 tout moment de la journ\u00e9e pour apaiser, hydrater et rafra\u00eechir.<br \/>\nComposition<br \/>\nAqua, Water, Eau, Diisopropyl Sebacate, Alcohol Denat., Ethylhexyl Salicylate, Ethylhexyl Triazone, Bis-ethylhexyloxyphenol Methoxyphenyl Triazine, Diisopropyl Adipate, PEG-8, Dipropylene Glycol, C12-22 Alkyl Acrylate\/hydroxyethylacrylate Copolymer, Glycerin, Drometrizole Trisiloxane, Aluminum Starch Octenylsuccinate, Butyl Methoxydibenzoylmethane, Methoxypropylamino Cyclohexenylidene Ethoxyethylcyanoacetate, Silica, Tocopherol, Diethylamino Hydroxybenzoyl Hexyl Benzoate, Acrylates Copolymer, Acrylates\/c10-30 Alkyl Acrylate Crosspolymer, Caprylyl Glycol, Hydroxyacetophenone, Pentaerythrityl Tetra-di-t-butyl Hydroxyhydrocinnamate, Sodium Polyacrylate, Terephthalylidene Dicamphor Sulfonic Acid, Triethanolamine, Trisodium Ethylenediamine Disuccinate<br \/>\nD\u00e9couvrez plus de protections solaires La Roche Posay<br \/>\nAjouter au Panier<br \/>\nAjouter au Panier<br \/>\nAjouter au Panier<br \/>\nAjouter au Panier<br \/>\nAjouter au Panier<br \/>\nCompl\u00e9tez votre routine<br \/>\nAjouter au Panier<br \/>\nAjouter au Panier<br \/>\nAjouter au Panier<\/p>\n","protected":false},"excerpt":{"rendered":"<p>.elementor-233 .elementor-element.elementor-element-36fa481c .elementor-tab-title, .elementor-233 .elementor-element.elementor-element-36fa481c .elementor-tab-title:before, .elementor-233 .elementor-element.elementor-element-36fa481c .elementor-tab-title:after, .elementor-233 .elementor-element.elementor-element-36fa481c .elementor-tab-content, .elementor-233 .elementor-element.elementor-element-36fa481c .elementor-tabs-content-wrapper{border-width:0.5px;}.elementor-233 .elementor-element.elementor-element-36fa481c .elementor-tab-title{color:#000000;}.elementor-233 .elementor-element.elementor-element-36fa481c .elementor-tab-title.elementor-active{color:#00a28d;}.elementor-233 .elementor-element.elementor-element-36fa481c<\/p>\n","protected":false},"featured_media":12903,"comment_status":"open","ping_status":"closed","template":"","meta":[],"product_brand":[132],"product_cat":[666],"product_tag":[],"class_list":{"0":"post-37393","1":"product","2":"type-product","3":"status-publish","4":"has-post-thumbnail","6":"product_brand-la-roche-posay","7":"product_cat-cremes-solaires","9":"first","10":"instock","11":"sale","12":"shipping-taxable","13":"purchasable","14":"product-type-simple"},"yoast_head":"<!-- This site is optimized with the Yoast SEO plugin v26.6 - https:\/\/yoast.com\/wordpress\/plugins\/seo\/ -->\r\n<title>LA ROCHE POSAY OFFRE ANTHELIOS UVMUNE 400 CREME HYDRATANTE SPF 50+ INVISIBLE 50 ML + EAU THERMALE 50ML OFFERT - Paracherkaoui.ma<\/title>\r\n<meta name=\"robots\" content=\"index, follow, max-snippet:-1, max-image-preview:large, max-video-preview:-1\" \/>\r\n<link rel=\"canonical\" href=\"https:\/\/paracherkaoui.ma\/index.php\/produit\/la-roche-posay-offre-anthelios-uvmune-400-creme-hydratante-spf-50-invisible-50-ml-eau-thermale-50ml-offert-2\/\" \/>\r\n<meta property=\"og:locale\" content=\"fr_FR\" \/>\r\n<meta property=\"og:type\" content=\"article\" \/>\r\n<meta property=\"og:title\" content=\"LA ROCHE POSAY OFFRE ANTHELIOS UVMUNE 400 CREME HYDRATANTE SPF 50+ INVISIBLE 50 ML + EAU THERMALE 50ML OFFERT - Paracherkaoui.ma\" \/>\r\n<meta property=\"og:description\" content=\".elementor-233 .elementor-element.elementor-element-36fa481c .elementor-tab-title, .elementor-233 .elementor-element.elementor-element-36fa481c .elementor-tab-title:before, .elementor-233 .elementor-element.elementor-element-36fa481c .elementor-tab-title:after, .elementor-233 .elementor-element.elementor-element-36fa481c .elementor-tab-content, .elementor-233 .elementor-element.elementor-element-36fa481c .elementor-tabs-content-wrapper{border-width:0.5px;}.elementor-233 .elementor-element.elementor-element-36fa481c .elementor-tab-title{color:#000000;}.elementor-233 .elementor-element.elementor-element-36fa481c .elementor-tab-title.elementor-active{color:#00a28d;}.elementor-233 .elementor-element.elementor-element-36fa481c\" \/>\r\n<meta property=\"og:url\" content=\"https:\/\/paracherkaoui.ma\/index.php\/produit\/la-roche-posay-offre-anthelios-uvmune-400-creme-hydratante-spf-50-invisible-50-ml-eau-thermale-50ml-offert-2\/\" \/>\r\n<meta property=\"og:site_name\" content=\"Paracherkaoui.ma\" \/>\r\n<meta property=\"article:modified_time\" content=\"2025-12-12T17:58:09+00:00\" \/>\r\n<meta property=\"og:image\" content=\"https:\/\/paracherkaoui.ma\/wp-content\/uploads\/2025\/12\/la-roche-posay-offre-anthelios-uvmune-400-creme-hydratante-spf-50-invisible-50-ml-eau-thermale-50ml-offert.jpg\" \/>\r\n\t<meta property=\"og:image:width\" content=\"700\" \/>\r\n\t<meta property=\"og:image:height\" content=\"700\" \/>\r\n\t<meta property=\"og:image:type\" content=\"image\/jpeg\" \/>\r\n<meta name=\"twitter:card\" content=\"summary_large_image\" \/>\r\n<meta name=\"twitter:label1\" content=\"Dur\u00e9e de lecture estim\u00e9e\" \/>\n\t<meta name=\"twitter:data1\" content=\"5 minutes\" \/>\r\n<script type=\"application\/ld+json\" class=\"yoast-schema-graph\">{\"@context\":\"https:\/\/schema.org\",\"@graph\":[{\"@type\":\"WebPage\",\"@id\":\"https:\/\/paracherkaoui.ma\/index.php\/produit\/la-roche-posay-offre-anthelios-uvmune-400-creme-hydratante-spf-50-invisible-50-ml-eau-thermale-50ml-offert-2\/\",\"url\":\"https:\/\/paracherkaoui.ma\/index.php\/produit\/la-roche-posay-offre-anthelios-uvmune-400-creme-hydratante-spf-50-invisible-50-ml-eau-thermale-50ml-offert-2\/\",\"name\":\"LA ROCHE POSAY OFFRE ANTHELIOS UVMUNE 400 CREME HYDRATANTE SPF 50+ INVISIBLE 50 ML + EAU THERMALE 50ML OFFERT - Paracherkaoui.ma\",\"isPartOf\":{\"@id\":\"https:\/\/paracherkaoui.ma\/#website\"},\"primaryImageOfPage\":{\"@id\":\"https:\/\/paracherkaoui.ma\/index.php\/produit\/la-roche-posay-offre-anthelios-uvmune-400-creme-hydratante-spf-50-invisible-50-ml-eau-thermale-50ml-offert-2\/#primaryimage\"},\"image\":{\"@id\":\"https:\/\/paracherkaoui.ma\/index.php\/produit\/la-roche-posay-offre-anthelios-uvmune-400-creme-hydratante-spf-50-invisible-50-ml-eau-thermale-50ml-offert-2\/#primaryimage\"},\"thumbnailUrl\":\"https:\/\/paracherkaoui.ma\/wp-content\/uploads\/2025\/12\/la-roche-posay-offre-anthelios-uvmune-400-creme-hydratante-spf-50-invisible-50-ml-eau-thermale-50ml-offert.jpg\",\"datePublished\":\"2025-12-12T17:58:07+00:00\",\"dateModified\":\"2025-12-12T17:58:09+00:00\",\"breadcrumb\":{\"@id\":\"https:\/\/paracherkaoui.ma\/index.php\/produit\/la-roche-posay-offre-anthelios-uvmune-400-creme-hydratante-spf-50-invisible-50-ml-eau-thermale-50ml-offert-2\/#breadcrumb\"},\"inLanguage\":\"fr-FR\",\"potentialAction\":[{\"@type\":\"ReadAction\",\"target\":[\"https:\/\/paracherkaoui.ma\/index.php\/produit\/la-roche-posay-offre-anthelios-uvmune-400-creme-hydratante-spf-50-invisible-50-ml-eau-thermale-50ml-offert-2\/\"]}]},{\"@type\":\"ImageObject\",\"inLanguage\":\"fr-FR\",\"@id\":\"https:\/\/paracherkaoui.ma\/index.php\/produit\/la-roche-posay-offre-anthelios-uvmune-400-creme-hydratante-spf-50-invisible-50-ml-eau-thermale-50ml-offert-2\/#primaryimage\",\"url\":\"https:\/\/paracherkaoui.ma\/wp-content\/uploads\/2025\/12\/la-roche-posay-offre-anthelios-uvmune-400-creme-hydratante-spf-50-invisible-50-ml-eau-thermale-50ml-offert.jpg\",\"contentUrl\":\"https:\/\/paracherkaoui.ma\/wp-content\/uploads\/2025\/12\/la-roche-posay-offre-anthelios-uvmune-400-creme-hydratante-spf-50-invisible-50-ml-eau-thermale-50ml-offert.jpg\",\"width\":700,\"height\":700},{\"@type\":\"BreadcrumbList\",\"@id\":\"https:\/\/paracherkaoui.ma\/index.php\/produit\/la-roche-posay-offre-anthelios-uvmune-400-creme-hydratante-spf-50-invisible-50-ml-eau-thermale-50ml-offert-2\/#breadcrumb\",\"itemListElement\":[{\"@type\":\"ListItem\",\"position\":1,\"name\":\"Accueil\",\"item\":\"https:\/\/paracherkaoui.ma\/\"},{\"@type\":\"ListItem\",\"position\":2,\"name\":\"Boutique\",\"item\":\"https:\/\/paracherkaoui.ma\/index.php\/boutique\/\"},{\"@type\":\"ListItem\",\"position\":3,\"name\":\"LA ROCHE POSAY OFFRE ANTHELIOS UVMUNE 400 CREME HYDRATANTE SPF 50+ INVISIBLE 50 ML + EAU THERMALE 50ML OFFERT\"}]},{\"@type\":\"WebSite\",\"@id\":\"https:\/\/paracherkaoui.ma\/#website\",\"url\":\"https:\/\/paracherkaoui.ma\/\",\"name\":\"Paracherkaoui.ma\",\"description\":\"Achetez en ligne sur Paracherkaoui.ma\",\"potentialAction\":[{\"@type\":\"SearchAction\",\"target\":{\"@type\":\"EntryPoint\",\"urlTemplate\":\"https:\/\/paracherkaoui.ma\/?s={search_term_string}\"},\"query-input\":{\"@type\":\"PropertyValueSpecification\",\"valueRequired\":true,\"valueName\":\"search_term_string\"}}],\"inLanguage\":\"fr-FR\"}]}<\/script>\r\n<!-- \/ Yoast SEO plugin. -->","yoast_head_json":{"title":"LA ROCHE POSAY OFFRE ANTHELIOS UVMUNE 400 CREME HYDRATANTE SPF 50+ INVISIBLE 50 ML + EAU THERMALE 50ML OFFERT - Paracherkaoui.ma","robots":{"index":"index","follow":"follow","max-snippet":"max-snippet:-1","max-image-preview":"max-image-preview:large","max-video-preview":"max-video-preview:-1"},"canonical":"https:\/\/paracherkaoui.ma\/index.php\/produit\/la-roche-posay-offre-anthelios-uvmune-400-creme-hydratante-spf-50-invisible-50-ml-eau-thermale-50ml-offert-2\/","og_locale":"fr_FR","og_type":"article","og_title":"LA ROCHE POSAY OFFRE ANTHELIOS UVMUNE 400 CREME HYDRATANTE SPF 50+ INVISIBLE 50 ML + EAU THERMALE 50ML OFFERT - Paracherkaoui.ma","og_description":".elementor-233 .elementor-element.elementor-element-36fa481c .elementor-tab-title, .elementor-233 .elementor-element.elementor-element-36fa481c .elementor-tab-title:before, .elementor-233 .elementor-element.elementor-element-36fa481c .elementor-tab-title:after, .elementor-233 .elementor-element.elementor-element-36fa481c .elementor-tab-content, .elementor-233 .elementor-element.elementor-element-36fa481c .elementor-tabs-content-wrapper{border-width:0.5px;}.elementor-233 .elementor-element.elementor-element-36fa481c .elementor-tab-title{color:#000000;}.elementor-233 .elementor-element.elementor-element-36fa481c .elementor-tab-title.elementor-active{color:#00a28d;}.elementor-233 .elementor-element.elementor-element-36fa481c","og_url":"https:\/\/paracherkaoui.ma\/index.php\/produit\/la-roche-posay-offre-anthelios-uvmune-400-creme-hydratante-spf-50-invisible-50-ml-eau-thermale-50ml-offert-2\/","og_site_name":"Paracherkaoui.ma","article_modified_time":"2025-12-12T17:58:09+00:00","og_image":[{"width":700,"height":700,"url":"https:\/\/paracherkaoui.ma\/wp-content\/uploads\/2025\/12\/la-roche-posay-offre-anthelios-uvmune-400-creme-hydratante-spf-50-invisible-50-ml-eau-thermale-50ml-offert.jpg","type":"image\/jpeg"}],"twitter_card":"summary_large_image","twitter_misc":{"Dur\u00e9e de lecture estim\u00e9e":"5 minutes"},"schema":{"@context":"https:\/\/schema.org","@graph":[{"@type":"WebPage","@id":"https:\/\/paracherkaoui.ma\/index.php\/produit\/la-roche-posay-offre-anthelios-uvmune-400-creme-hydratante-spf-50-invisible-50-ml-eau-thermale-50ml-offert-2\/","url":"https:\/\/paracherkaoui.ma\/index.php\/produit\/la-roche-posay-offre-anthelios-uvmune-400-creme-hydratante-spf-50-invisible-50-ml-eau-thermale-50ml-offert-2\/","name":"LA ROCHE POSAY OFFRE ANTHELIOS UVMUNE 400 CREME HYDRATANTE SPF 50+ INVISIBLE 50 ML + EAU THERMALE 50ML OFFERT - Paracherkaoui.ma","isPartOf":{"@id":"https:\/\/paracherkaoui.ma\/#website"},"primaryImageOfPage":{"@id":"https:\/\/paracherkaoui.ma\/index.php\/produit\/la-roche-posay-offre-anthelios-uvmune-400-creme-hydratante-spf-50-invisible-50-ml-eau-thermale-50ml-offert-2\/#primaryimage"},"image":{"@id":"https:\/\/paracherkaoui.ma\/index.php\/produit\/la-roche-posay-offre-anthelios-uvmune-400-creme-hydratante-spf-50-invisible-50-ml-eau-thermale-50ml-offert-2\/#primaryimage"},"thumbnailUrl":"https:\/\/paracherkaoui.ma\/wp-content\/uploads\/2025\/12\/la-roche-posay-offre-anthelios-uvmune-400-creme-hydratante-spf-50-invisible-50-ml-eau-thermale-50ml-offert.jpg","datePublished":"2025-12-12T17:58:07+00:00","dateModified":"2025-12-12T17:58:09+00:00","breadcrumb":{"@id":"https:\/\/paracherkaoui.ma\/index.php\/produit\/la-roche-posay-offre-anthelios-uvmune-400-creme-hydratante-spf-50-invisible-50-ml-eau-thermale-50ml-offert-2\/#breadcrumb"},"inLanguage":"fr-FR","potentialAction":[{"@type":"ReadAction","target":["https:\/\/paracherkaoui.ma\/index.php\/produit\/la-roche-posay-offre-anthelios-uvmune-400-creme-hydratante-spf-50-invisible-50-ml-eau-thermale-50ml-offert-2\/"]}]},{"@type":"ImageObject","inLanguage":"fr-FR","@id":"https:\/\/paracherkaoui.ma\/index.php\/produit\/la-roche-posay-offre-anthelios-uvmune-400-creme-hydratante-spf-50-invisible-50-ml-eau-thermale-50ml-offert-2\/#primaryimage","url":"https:\/\/paracherkaoui.ma\/wp-content\/uploads\/2025\/12\/la-roche-posay-offre-anthelios-uvmune-400-creme-hydratante-spf-50-invisible-50-ml-eau-thermale-50ml-offert.jpg","contentUrl":"https:\/\/paracherkaoui.ma\/wp-content\/uploads\/2025\/12\/la-roche-posay-offre-anthelios-uvmune-400-creme-hydratante-spf-50-invisible-50-ml-eau-thermale-50ml-offert.jpg","width":700,"height":700},{"@type":"BreadcrumbList","@id":"https:\/\/paracherkaoui.ma\/index.php\/produit\/la-roche-posay-offre-anthelios-uvmune-400-creme-hydratante-spf-50-invisible-50-ml-eau-thermale-50ml-offert-2\/#breadcrumb","itemListElement":[{"@type":"ListItem","position":1,"name":"Accueil","item":"https:\/\/paracherkaoui.ma\/"},{"@type":"ListItem","position":2,"name":"Boutique","item":"https:\/\/paracherkaoui.ma\/index.php\/boutique\/"},{"@type":"ListItem","position":3,"name":"LA ROCHE POSAY OFFRE ANTHELIOS UVMUNE 400 CREME HYDRATANTE SPF 50+ INVISIBLE 50 ML + EAU THERMALE 50ML OFFERT"}]},{"@type":"WebSite","@id":"https:\/\/paracherkaoui.ma\/#website","url":"https:\/\/paracherkaoui.ma\/","name":"Paracherkaoui.ma","description":"Achetez en ligne sur Paracherkaoui.ma","potentialAction":[{"@type":"SearchAction","target":{"@type":"EntryPoint","urlTemplate":"https:\/\/paracherkaoui.ma\/?s={search_term_string}"},"query-input":{"@type":"PropertyValueSpecification","valueRequired":true,"valueName":"search_term_string"}}],"inLanguage":"fr-FR"}]}},"_links":{"self":[{"href":"https:\/\/paracherkaoui.ma\/index.php\/wp-json\/wp\/v2\/product\/37393","targetHints":{"allow":["GET"]}}],"collection":[{"href":"https:\/\/paracherkaoui.ma\/index.php\/wp-json\/wp\/v2\/product"}],"about":[{"href":"https:\/\/paracherkaoui.ma\/index.php\/wp-json\/wp\/v2\/types\/product"}],"replies":[{"embeddable":true,"href":"https:\/\/paracherkaoui.ma\/index.php\/wp-json\/wp\/v2\/comments?post=37393"}],"version-history":[{"count":1,"href":"https:\/\/paracherkaoui.ma\/index.php\/wp-json\/wp\/v2\/product\/37393\/revisions"}],"predecessor-version":[{"id":37423,"href":"https:\/\/paracherkaoui.ma\/index.php\/wp-json\/wp\/v2\/product\/37393\/revisions\/37423"}],"wp:featuredmedia":[{"embeddable":true,"href":"https:\/\/paracherkaoui.ma\/index.php\/wp-json\/wp\/v2\/media\/12903"}],"wp:attachment":[{"href":"https:\/\/paracherkaoui.ma\/index.php\/wp-json\/wp\/v2\/media?parent=37393"}],"wp:term":[{"taxonomy":"product_brand","embeddable":true,"href":"https:\/\/paracherkaoui.ma\/index.php\/wp-json\/wp\/v2\/product_brand?post=37393"},{"taxonomy":"product_cat","embeddable":true,"href":"https:\/\/paracherkaoui.ma\/index.php\/wp-json\/wp\/v2\/product_cat?post=37393"},{"taxonomy":"product_tag","embeddable":true,"href":"https:\/\/paracherkaoui.ma\/index.php\/wp-json\/wp\/v2\/product_tag?post=37393"}],"curies":[{"name":"wp","href":"https:\/\/api.w.org\/{rel}","templated":true}]}}