{"id":37341,"date":"2025-12-12T18:58:00","date_gmt":"2025-12-12T17:58:00","guid":{"rendered":"https:\/\/test.ecbeaute.com\/?post_type=product&#038;p=37341"},"modified":"2025-12-12T18:58:05","modified_gmt":"2025-12-12T17:58:05","slug":"svr-sun-secure-blur-creme-mousse-50-ml-spf-50-2","status":"publish","type":"product","link":"https:\/\/paracherkaoui.ma\/index.php\/produit\/svr-sun-secure-blur-creme-mousse-50-ml-spf-50-2\/","title":{"rendered":"SVR SUN SECURE BLUR CREME MOUSSE 50 ML SPF 50+"},"content":{"rendered":"<p>VR Sun Secure Blur SPF50+ cr\u00e8me mousse, offre une haute protection solaire aux peaux hypersensibles aux rayons solaires.<br \/>\nSVR Sun Secure Blur est bas\u00e9 sur l\u2019innovation sun secure qui permet de prot\u00e9ger la peau des rayons UVB\/UVB la lumi\u00e8re visible et les rayons infrarouges, en toute transparence.<br \/>\nLa cr\u00e8me mousse abricot\u00e9e fond instantan\u00e9ment sur la peau et devient invisible pour un effet peau nue. Les imperfections sont flout\u00e9es, le teint liss\u00e9 et unifi\u00e9, la peau incroyablement velout\u00e9e. Comme une base de maquillage, la protection en plus.<br \/>\nIndiqu\u00e9 aux Peaux sensibles au soleil. Adulte. Visage. Texture invisible, ne laisse sans trace blanche.<br \/>\nSVR SUN SECURE Blur SPF50+ est adapt\u00e9e aux peaux normales \u00e0 mixtes, et p\u00e9n\u00e8tre instantan\u00e9ment la peau pour laisser un fini non gras et non collant.<br \/>\nSVR SUN SECURE SPF50 a un bon parfum d\u2019\u00e9t\u00e9. R\u00e9siste \u00e0 l\u2019eau, \u00e0 la transpiration et aux frottements.<br \/>\nConseils d&rsquo;utilisation:<br \/>\nAppliquer g\u00e9n\u00e9reusement la cr\u00e8me mousse SVR SUN SECURE Blur SPF50 avant chaque exposition solaire. Renouveler fr\u00e9quemment l\u2019application pour maintenir la protection, surtout apr\u00e8s avoir transpir\u00e9, nag\u00e9 ou s\u2019\u00eatre essuy\u00e9.<\/p>\n","protected":false},"excerpt":{"rendered":"<p>VR Sun Secure Blur SPF50+ cr\u00e8me mousse, offre une haute protection solaire aux peaux hypersensibles aux rayons solaires. SVR Sun<\/p>\n","protected":false},"featured_media":12872,"comment_status":"open","ping_status":"closed","template":"","meta":[],"product_brand":[133],"product_cat":[666],"product_tag":[],"class_list":{"0":"post-37341","1":"product","2":"type-product","3":"status-publish","4":"has-post-thumbnail","6":"product_brand-svr","7":"product_cat-cremes-solaires","9":"first","10":"instock","11":"sale","12":"shipping-taxable","13":"purchasable","14":"product-type-simple"},"yoast_head":"<!-- This site is optimized with the Yoast SEO plugin v26.6 - https:\/\/yoast.com\/wordpress\/plugins\/seo\/ -->\r\n<title>SVR SUN SECURE BLUR CREME MOUSSE 50 ML SPF 50+ - Paracherkaoui.ma<\/title>\r\n<meta name=\"robots\" content=\"index, follow, max-snippet:-1, max-image-preview:large, max-video-preview:-1\" \/>\r\n<link rel=\"canonical\" href=\"https:\/\/paracherkaoui.ma\/index.php\/produit\/svr-sun-secure-blur-creme-mousse-50-ml-spf-50-2\/\" \/>\r\n<meta property=\"og:locale\" content=\"fr_FR\" \/>\r\n<meta property=\"og:type\" content=\"article\" \/>\r\n<meta property=\"og:title\" content=\"SVR SUN SECURE BLUR CREME MOUSSE 50 ML SPF 50+ - Paracherkaoui.ma\" \/>\r\n<meta property=\"og:description\" content=\"VR Sun Secure Blur SPF50+ cr\u00e8me mousse, offre une haute protection solaire aux peaux hypersensibles aux rayons solaires. SVR Sun\" \/>\r\n<meta property=\"og:url\" content=\"https:\/\/paracherkaoui.ma\/index.php\/produit\/svr-sun-secure-blur-creme-mousse-50-ml-spf-50-2\/\" \/>\r\n<meta property=\"og:site_name\" content=\"Paracherkaoui.ma\" \/>\r\n<meta property=\"article:modified_time\" content=\"2025-12-12T17:58:05+00:00\" \/>\r\n<meta property=\"og:image\" content=\"https:\/\/paracherkaoui.ma\/wp-content\/uploads\/2025\/12\/svr-svr-sun-secure-blur-creme-mousse-50-ml-spf-50-cremes-solaires.jpg\" \/>\r\n\t<meta property=\"og:image:width\" content=\"700\" \/>\r\n\t<meta property=\"og:image:height\" content=\"700\" \/>\r\n\t<meta property=\"og:image:type\" content=\"image\/jpeg\" \/>\r\n<meta name=\"twitter:card\" content=\"summary_large_image\" \/>\r\n<meta name=\"twitter:label1\" content=\"Dur\u00e9e de lecture estim\u00e9e\" \/>\n\t<meta name=\"twitter:data1\" content=\"1 minute\" \/>\r\n<script type=\"application\/ld+json\" class=\"yoast-schema-graph\">{\"@context\":\"https:\/\/schema.org\",\"@graph\":[{\"@type\":\"WebPage\",\"@id\":\"https:\/\/paracherkaoui.ma\/index.php\/produit\/svr-sun-secure-blur-creme-mousse-50-ml-spf-50-2\/\",\"url\":\"https:\/\/paracherkaoui.ma\/index.php\/produit\/svr-sun-secure-blur-creme-mousse-50-ml-spf-50-2\/\",\"name\":\"SVR SUN SECURE BLUR CREME MOUSSE 50 ML SPF 50+ - Paracherkaoui.ma\",\"isPartOf\":{\"@id\":\"https:\/\/paracherkaoui.ma\/#website\"},\"primaryImageOfPage\":{\"@id\":\"https:\/\/paracherkaoui.ma\/index.php\/produit\/svr-sun-secure-blur-creme-mousse-50-ml-spf-50-2\/#primaryimage\"},\"image\":{\"@id\":\"https:\/\/paracherkaoui.ma\/index.php\/produit\/svr-sun-secure-blur-creme-mousse-50-ml-spf-50-2\/#primaryimage\"},\"thumbnailUrl\":\"https:\/\/paracherkaoui.ma\/wp-content\/uploads\/2025\/12\/svr-svr-sun-secure-blur-creme-mousse-50-ml-spf-50-cremes-solaires.jpg\",\"datePublished\":\"2025-12-12T17:58:00+00:00\",\"dateModified\":\"2025-12-12T17:58:05+00:00\",\"breadcrumb\":{\"@id\":\"https:\/\/paracherkaoui.ma\/index.php\/produit\/svr-sun-secure-blur-creme-mousse-50-ml-spf-50-2\/#breadcrumb\"},\"inLanguage\":\"fr-FR\",\"potentialAction\":[{\"@type\":\"ReadAction\",\"target\":[\"https:\/\/paracherkaoui.ma\/index.php\/produit\/svr-sun-secure-blur-creme-mousse-50-ml-spf-50-2\/\"]}]},{\"@type\":\"ImageObject\",\"inLanguage\":\"fr-FR\",\"@id\":\"https:\/\/paracherkaoui.ma\/index.php\/produit\/svr-sun-secure-blur-creme-mousse-50-ml-spf-50-2\/#primaryimage\",\"url\":\"https:\/\/paracherkaoui.ma\/wp-content\/uploads\/2025\/12\/svr-svr-sun-secure-blur-creme-mousse-50-ml-spf-50-cremes-solaires.jpg\",\"contentUrl\":\"https:\/\/paracherkaoui.ma\/wp-content\/uploads\/2025\/12\/svr-svr-sun-secure-blur-creme-mousse-50-ml-spf-50-cremes-solaires.jpg\",\"width\":700,\"height\":700},{\"@type\":\"BreadcrumbList\",\"@id\":\"https:\/\/paracherkaoui.ma\/index.php\/produit\/svr-sun-secure-blur-creme-mousse-50-ml-spf-50-2\/#breadcrumb\",\"itemListElement\":[{\"@type\":\"ListItem\",\"position\":1,\"name\":\"Accueil\",\"item\":\"https:\/\/paracherkaoui.ma\/\"},{\"@type\":\"ListItem\",\"position\":2,\"name\":\"Boutique\",\"item\":\"https:\/\/paracherkaoui.ma\/index.php\/boutique\/\"},{\"@type\":\"ListItem\",\"position\":3,\"name\":\"SVR SUN SECURE BLUR CREME MOUSSE 50 ML SPF 50+\"}]},{\"@type\":\"WebSite\",\"@id\":\"https:\/\/paracherkaoui.ma\/#website\",\"url\":\"https:\/\/paracherkaoui.ma\/\",\"name\":\"Paracherkaoui.ma\",\"description\":\"Achetez en ligne sur Paracherkaoui.ma\",\"potentialAction\":[{\"@type\":\"SearchAction\",\"target\":{\"@type\":\"EntryPoint\",\"urlTemplate\":\"https:\/\/paracherkaoui.ma\/?s={search_term_string}\"},\"query-input\":{\"@type\":\"PropertyValueSpecification\",\"valueRequired\":true,\"valueName\":\"search_term_string\"}}],\"inLanguage\":\"fr-FR\"}]}<\/script>\r\n<!-- \/ Yoast SEO plugin. -->","yoast_head_json":{"title":"SVR SUN SECURE BLUR CREME MOUSSE 50 ML SPF 50+ - Paracherkaoui.ma","robots":{"index":"index","follow":"follow","max-snippet":"max-snippet:-1","max-image-preview":"max-image-preview:large","max-video-preview":"max-video-preview:-1"},"canonical":"https:\/\/paracherkaoui.ma\/index.php\/produit\/svr-sun-secure-blur-creme-mousse-50-ml-spf-50-2\/","og_locale":"fr_FR","og_type":"article","og_title":"SVR SUN SECURE BLUR CREME MOUSSE 50 ML SPF 50+ - Paracherkaoui.ma","og_description":"VR Sun Secure Blur SPF50+ cr\u00e8me mousse, offre une haute protection solaire aux peaux hypersensibles aux rayons solaires. SVR Sun","og_url":"https:\/\/paracherkaoui.ma\/index.php\/produit\/svr-sun-secure-blur-creme-mousse-50-ml-spf-50-2\/","og_site_name":"Paracherkaoui.ma","article_modified_time":"2025-12-12T17:58:05+00:00","og_image":[{"width":700,"height":700,"url":"https:\/\/paracherkaoui.ma\/wp-content\/uploads\/2025\/12\/svr-svr-sun-secure-blur-creme-mousse-50-ml-spf-50-cremes-solaires.jpg","type":"image\/jpeg"}],"twitter_card":"summary_large_image","twitter_misc":{"Dur\u00e9e de lecture estim\u00e9e":"1 minute"},"schema":{"@context":"https:\/\/schema.org","@graph":[{"@type":"WebPage","@id":"https:\/\/paracherkaoui.ma\/index.php\/produit\/svr-sun-secure-blur-creme-mousse-50-ml-spf-50-2\/","url":"https:\/\/paracherkaoui.ma\/index.php\/produit\/svr-sun-secure-blur-creme-mousse-50-ml-spf-50-2\/","name":"SVR SUN SECURE BLUR CREME MOUSSE 50 ML SPF 50+ - Paracherkaoui.ma","isPartOf":{"@id":"https:\/\/paracherkaoui.ma\/#website"},"primaryImageOfPage":{"@id":"https:\/\/paracherkaoui.ma\/index.php\/produit\/svr-sun-secure-blur-creme-mousse-50-ml-spf-50-2\/#primaryimage"},"image":{"@id":"https:\/\/paracherkaoui.ma\/index.php\/produit\/svr-sun-secure-blur-creme-mousse-50-ml-spf-50-2\/#primaryimage"},"thumbnailUrl":"https:\/\/paracherkaoui.ma\/wp-content\/uploads\/2025\/12\/svr-svr-sun-secure-blur-creme-mousse-50-ml-spf-50-cremes-solaires.jpg","datePublished":"2025-12-12T17:58:00+00:00","dateModified":"2025-12-12T17:58:05+00:00","breadcrumb":{"@id":"https:\/\/paracherkaoui.ma\/index.php\/produit\/svr-sun-secure-blur-creme-mousse-50-ml-spf-50-2\/#breadcrumb"},"inLanguage":"fr-FR","potentialAction":[{"@type":"ReadAction","target":["https:\/\/paracherkaoui.ma\/index.php\/produit\/svr-sun-secure-blur-creme-mousse-50-ml-spf-50-2\/"]}]},{"@type":"ImageObject","inLanguage":"fr-FR","@id":"https:\/\/paracherkaoui.ma\/index.php\/produit\/svr-sun-secure-blur-creme-mousse-50-ml-spf-50-2\/#primaryimage","url":"https:\/\/paracherkaoui.ma\/wp-content\/uploads\/2025\/12\/svr-svr-sun-secure-blur-creme-mousse-50-ml-spf-50-cremes-solaires.jpg","contentUrl":"https:\/\/paracherkaoui.ma\/wp-content\/uploads\/2025\/12\/svr-svr-sun-secure-blur-creme-mousse-50-ml-spf-50-cremes-solaires.jpg","width":700,"height":700},{"@type":"BreadcrumbList","@id":"https:\/\/paracherkaoui.ma\/index.php\/produit\/svr-sun-secure-blur-creme-mousse-50-ml-spf-50-2\/#breadcrumb","itemListElement":[{"@type":"ListItem","position":1,"name":"Accueil","item":"https:\/\/paracherkaoui.ma\/"},{"@type":"ListItem","position":2,"name":"Boutique","item":"https:\/\/paracherkaoui.ma\/index.php\/boutique\/"},{"@type":"ListItem","position":3,"name":"SVR SUN SECURE BLUR CREME MOUSSE 50 ML SPF 50+"}]},{"@type":"WebSite","@id":"https:\/\/paracherkaoui.ma\/#website","url":"https:\/\/paracherkaoui.ma\/","name":"Paracherkaoui.ma","description":"Achetez en ligne sur Paracherkaoui.ma","potentialAction":[{"@type":"SearchAction","target":{"@type":"EntryPoint","urlTemplate":"https:\/\/paracherkaoui.ma\/?s={search_term_string}"},"query-input":{"@type":"PropertyValueSpecification","valueRequired":true,"valueName":"search_term_string"}}],"inLanguage":"fr-FR"}]}},"_links":{"self":[{"href":"https:\/\/paracherkaoui.ma\/index.php\/wp-json\/wp\/v2\/product\/37341","targetHints":{"allow":["GET"]}}],"collection":[{"href":"https:\/\/paracherkaoui.ma\/index.php\/wp-json\/wp\/v2\/product"}],"about":[{"href":"https:\/\/paracherkaoui.ma\/index.php\/wp-json\/wp\/v2\/types\/product"}],"replies":[{"embeddable":true,"href":"https:\/\/paracherkaoui.ma\/index.php\/wp-json\/wp\/v2\/comments?post=37341"}],"version-history":[{"count":1,"href":"https:\/\/paracherkaoui.ma\/index.php\/wp-json\/wp\/v2\/product\/37341\/revisions"}],"predecessor-version":[{"id":37388,"href":"https:\/\/paracherkaoui.ma\/index.php\/wp-json\/wp\/v2\/product\/37341\/revisions\/37388"}],"wp:featuredmedia":[{"embeddable":true,"href":"https:\/\/paracherkaoui.ma\/index.php\/wp-json\/wp\/v2\/media\/12872"}],"wp:attachment":[{"href":"https:\/\/paracherkaoui.ma\/index.php\/wp-json\/wp\/v2\/media?parent=37341"}],"wp:term":[{"taxonomy":"product_brand","embeddable":true,"href":"https:\/\/paracherkaoui.ma\/index.php\/wp-json\/wp\/v2\/product_brand?post=37341"},{"taxonomy":"product_cat","embeddable":true,"href":"https:\/\/paracherkaoui.ma\/index.php\/wp-json\/wp\/v2\/product_cat?post=37341"},{"taxonomy":"product_tag","embeddable":true,"href":"https:\/\/paracherkaoui.ma\/index.php\/wp-json\/wp\/v2\/product_tag?post=37341"}],"curies":[{"name":"wp","href":"https:\/\/api.w.org\/{rel}","templated":true}]}}