{"id":37331,"date":"2025-12-12T18:57:59","date_gmt":"2025-12-12T17:57:59","guid":{"rendered":"https:\/\/test.ecbeaute.com\/?post_type=product&#038;p=37331"},"modified":"2025-12-12T18:58:04","modified_gmt":"2025-12-12T17:58:04","slug":"eucerin-oil-sun-protect-control-toucher-sec-50-ml-2","status":"publish","type":"product","link":"https:\/\/paracherkaoui.ma\/index.php\/produit\/eucerin-oil-sun-protect-control-toucher-sec-50-ml-2\/","title":{"rendered":"EUCERIN OIL SUN PROTECT CONTROL TOUCHER SEC 50 ML"},"content":{"rendered":"<p>Cr\u00e8me Solaire Eucerin Visage Toucher Sec SPF 50+Gr\u00e2ce \u00e0 la Technologie Spectral Advanced, ce soin agit contre les UVA\/UVB et la lumi\u00e8re HEVIS (haute \u00e9nergie visible), principale cause de stress oxydatif et de vieillissement cutan\u00e9 pr\u00e9matur\u00e9. L\u2019int\u00e9gration de Licochalcone A, puissant antioxydant naturel, neutralise les radicaux libres g\u00e9n\u00e9r\u00e9s par l\u2019exposition solaire, tandis que l\u2019acide glycyrrh\u00e9tinique aide \u00e0 r\u00e9parer l\u2019ADN endommag\u00e9 et renforce les d\u00e9fenses naturelles de la peau.<br \/>\nSa Technologie Oil Control innovante combine de la L-Carnitine s\u00e9bor\u00e9gulatrice et trois pigments matifiants pour contr\u00f4ler l&rsquo;exc\u00e8s de s\u00e9bum, r\u00e9duire les brillances et assurer un toucher sec imm\u00e9diat. Sa texture ultra-l\u00e9g\u00e8re p\u00e9n\u00e8tre rapidement sans laisser de film gras, ce qui en fait une excellente base de maquillage.<br \/>\nCe soin est non com\u00e9dog\u00e8ne, sans parfum, sans paraben, test\u00e9 cliniquement et dermatologiquement pour convenir aux peaux grasses, sensibles ou sujettes \u00e0 l\u2019acn\u00e9. Il offre \u00e0 votre peau une d\u00e9fense compl\u00e8te contre les agressions du soleil tout en am\u00e9liorant visiblement son apparence.<br \/>\nConseils d\u2019utilisation<br \/>\nAppliquez g\u00e9n\u00e9reusement et uniform\u00e9ment sur le visage avant l\u2019exposition au soleil.<br \/>\nRenouvelez l\u2019application toutes les 2 heures ou apr\u00e8s la baignade, la transpiration ou l\u2019essuyage.<br \/>\n\u00c9vitez le contact avec les yeux. Ne pas exposer les b\u00e9b\u00e9s et jeunes enfants directement au soleil.<br \/>\nComposition<br \/>\nAqua, Homosalate, Alcohol Denat, Butyl Methoxydibenzoylmethane, Ethylhexyl Salicylate, Octocrylene, Phenylbenzimidazole Sulfonic Acid, Bis-Ethylhexyloxyphenol Methoxyphenyl Triazine, Tapioca Starch, Butylene Glycol, Glycyrrhiza Inflata Root Extract, Glycyrrhetinic Acid, Carnitine, Silica, Silica Dimethyl Silylate, Xanthan Gum, Tocopherol, Acrylates\/C10-30 Alkyl Acrylate Crosspolymer, Sodium Hydroxide, Trisodium EDTA<\/p>\n","protected":false},"excerpt":{"rendered":"<p>Cr\u00e8me Solaire Eucerin Visage Toucher Sec SPF 50+Gr\u00e2ce \u00e0 la Technologie Spectral Advanced, ce soin agit contre les UVA\/UVB et<\/p>\n","protected":false},"featured_media":12851,"comment_status":"open","ping_status":"closed","template":"","meta":[],"product_brand":[134],"product_cat":[666],"product_tag":[],"class_list":{"0":"post-37331","1":"product","2":"type-product","3":"status-publish","4":"has-post-thumbnail","6":"product_brand-eucerin","7":"product_cat-cremes-solaires","9":"first","10":"instock","11":"sale","12":"shipping-taxable","13":"purchasable","14":"product-type-simple"},"yoast_head":"<!-- This site is optimized with the Yoast SEO plugin v26.6 - https:\/\/yoast.com\/wordpress\/plugins\/seo\/ -->\r\n<title>EUCERIN OIL SUN PROTECT CONTROL TOUCHER SEC 50 ML - Paracherkaoui.ma<\/title>\r\n<meta name=\"robots\" content=\"index, follow, max-snippet:-1, max-image-preview:large, max-video-preview:-1\" \/>\r\n<link rel=\"canonical\" href=\"https:\/\/paracherkaoui.ma\/index.php\/produit\/eucerin-oil-sun-protect-control-toucher-sec-50-ml-2\/\" \/>\r\n<meta property=\"og:locale\" content=\"fr_FR\" \/>\r\n<meta property=\"og:type\" content=\"article\" \/>\r\n<meta property=\"og:title\" content=\"EUCERIN OIL SUN PROTECT CONTROL TOUCHER SEC 50 ML - Paracherkaoui.ma\" \/>\r\n<meta property=\"og:description\" content=\"Cr\u00e8me Solaire Eucerin Visage Toucher Sec SPF 50+Gr\u00e2ce \u00e0 la Technologie Spectral Advanced, ce soin agit contre les UVA\/UVB et\" \/>\r\n<meta property=\"og:url\" content=\"https:\/\/paracherkaoui.ma\/index.php\/produit\/eucerin-oil-sun-protect-control-toucher-sec-50-ml-2\/\" \/>\r\n<meta property=\"og:site_name\" content=\"Paracherkaoui.ma\" \/>\r\n<meta property=\"article:modified_time\" content=\"2025-12-12T17:58:04+00:00\" \/>\r\n<meta property=\"og:image\" content=\"https:\/\/paracherkaoui.ma\/wp-content\/uploads\/2025\/12\/eucerin-oil-sun-protect-control-toucher-sec-50-ml.jpg\" \/>\r\n\t<meta property=\"og:image:width\" content=\"700\" \/>\r\n\t<meta property=\"og:image:height\" content=\"700\" \/>\r\n\t<meta property=\"og:image:type\" content=\"image\/jpeg\" \/>\r\n<meta name=\"twitter:card\" content=\"summary_large_image\" \/>\r\n<meta name=\"twitter:label1\" content=\"Dur\u00e9e de lecture estim\u00e9e\" \/>\n\t<meta name=\"twitter:data1\" content=\"1 minute\" \/>\r\n<script type=\"application\/ld+json\" class=\"yoast-schema-graph\">{\"@context\":\"https:\/\/schema.org\",\"@graph\":[{\"@type\":\"WebPage\",\"@id\":\"https:\/\/paracherkaoui.ma\/index.php\/produit\/eucerin-oil-sun-protect-control-toucher-sec-50-ml-2\/\",\"url\":\"https:\/\/paracherkaoui.ma\/index.php\/produit\/eucerin-oil-sun-protect-control-toucher-sec-50-ml-2\/\",\"name\":\"EUCERIN OIL SUN PROTECT CONTROL TOUCHER SEC 50 ML - Paracherkaoui.ma\",\"isPartOf\":{\"@id\":\"https:\/\/paracherkaoui.ma\/#website\"},\"primaryImageOfPage\":{\"@id\":\"https:\/\/paracherkaoui.ma\/index.php\/produit\/eucerin-oil-sun-protect-control-toucher-sec-50-ml-2\/#primaryimage\"},\"image\":{\"@id\":\"https:\/\/paracherkaoui.ma\/index.php\/produit\/eucerin-oil-sun-protect-control-toucher-sec-50-ml-2\/#primaryimage\"},\"thumbnailUrl\":\"https:\/\/paracherkaoui.ma\/wp-content\/uploads\/2025\/12\/eucerin-oil-sun-protect-control-toucher-sec-50-ml.jpg\",\"datePublished\":\"2025-12-12T17:57:59+00:00\",\"dateModified\":\"2025-12-12T17:58:04+00:00\",\"breadcrumb\":{\"@id\":\"https:\/\/paracherkaoui.ma\/index.php\/produit\/eucerin-oil-sun-protect-control-toucher-sec-50-ml-2\/#breadcrumb\"},\"inLanguage\":\"fr-FR\",\"potentialAction\":[{\"@type\":\"ReadAction\",\"target\":[\"https:\/\/paracherkaoui.ma\/index.php\/produit\/eucerin-oil-sun-protect-control-toucher-sec-50-ml-2\/\"]}]},{\"@type\":\"ImageObject\",\"inLanguage\":\"fr-FR\",\"@id\":\"https:\/\/paracherkaoui.ma\/index.php\/produit\/eucerin-oil-sun-protect-control-toucher-sec-50-ml-2\/#primaryimage\",\"url\":\"https:\/\/paracherkaoui.ma\/wp-content\/uploads\/2025\/12\/eucerin-oil-sun-protect-control-toucher-sec-50-ml.jpg\",\"contentUrl\":\"https:\/\/paracherkaoui.ma\/wp-content\/uploads\/2025\/12\/eucerin-oil-sun-protect-control-toucher-sec-50-ml.jpg\",\"width\":700,\"height\":700},{\"@type\":\"BreadcrumbList\",\"@id\":\"https:\/\/paracherkaoui.ma\/index.php\/produit\/eucerin-oil-sun-protect-control-toucher-sec-50-ml-2\/#breadcrumb\",\"itemListElement\":[{\"@type\":\"ListItem\",\"position\":1,\"name\":\"Accueil\",\"item\":\"https:\/\/paracherkaoui.ma\/\"},{\"@type\":\"ListItem\",\"position\":2,\"name\":\"Boutique\",\"item\":\"https:\/\/paracherkaoui.ma\/index.php\/boutique\/\"},{\"@type\":\"ListItem\",\"position\":3,\"name\":\"EUCERIN OIL SUN PROTECT CONTROL TOUCHER SEC 50 ML\"}]},{\"@type\":\"WebSite\",\"@id\":\"https:\/\/paracherkaoui.ma\/#website\",\"url\":\"https:\/\/paracherkaoui.ma\/\",\"name\":\"Paracherkaoui.ma\",\"description\":\"Achetez en ligne sur Paracherkaoui.ma\",\"potentialAction\":[{\"@type\":\"SearchAction\",\"target\":{\"@type\":\"EntryPoint\",\"urlTemplate\":\"https:\/\/paracherkaoui.ma\/?s={search_term_string}\"},\"query-input\":{\"@type\":\"PropertyValueSpecification\",\"valueRequired\":true,\"valueName\":\"search_term_string\"}}],\"inLanguage\":\"fr-FR\"}]}<\/script>\r\n<!-- \/ Yoast SEO plugin. -->","yoast_head_json":{"title":"EUCERIN OIL SUN PROTECT CONTROL TOUCHER SEC 50 ML - Paracherkaoui.ma","robots":{"index":"index","follow":"follow","max-snippet":"max-snippet:-1","max-image-preview":"max-image-preview:large","max-video-preview":"max-video-preview:-1"},"canonical":"https:\/\/paracherkaoui.ma\/index.php\/produit\/eucerin-oil-sun-protect-control-toucher-sec-50-ml-2\/","og_locale":"fr_FR","og_type":"article","og_title":"EUCERIN OIL SUN PROTECT CONTROL TOUCHER SEC 50 ML - Paracherkaoui.ma","og_description":"Cr\u00e8me Solaire Eucerin Visage Toucher Sec SPF 50+Gr\u00e2ce \u00e0 la Technologie Spectral Advanced, ce soin agit contre les UVA\/UVB et","og_url":"https:\/\/paracherkaoui.ma\/index.php\/produit\/eucerin-oil-sun-protect-control-toucher-sec-50-ml-2\/","og_site_name":"Paracherkaoui.ma","article_modified_time":"2025-12-12T17:58:04+00:00","og_image":[{"width":700,"height":700,"url":"https:\/\/paracherkaoui.ma\/wp-content\/uploads\/2025\/12\/eucerin-oil-sun-protect-control-toucher-sec-50-ml.jpg","type":"image\/jpeg"}],"twitter_card":"summary_large_image","twitter_misc":{"Dur\u00e9e de lecture estim\u00e9e":"1 minute"},"schema":{"@context":"https:\/\/schema.org","@graph":[{"@type":"WebPage","@id":"https:\/\/paracherkaoui.ma\/index.php\/produit\/eucerin-oil-sun-protect-control-toucher-sec-50-ml-2\/","url":"https:\/\/paracherkaoui.ma\/index.php\/produit\/eucerin-oil-sun-protect-control-toucher-sec-50-ml-2\/","name":"EUCERIN OIL SUN PROTECT CONTROL TOUCHER SEC 50 ML - Paracherkaoui.ma","isPartOf":{"@id":"https:\/\/paracherkaoui.ma\/#website"},"primaryImageOfPage":{"@id":"https:\/\/paracherkaoui.ma\/index.php\/produit\/eucerin-oil-sun-protect-control-toucher-sec-50-ml-2\/#primaryimage"},"image":{"@id":"https:\/\/paracherkaoui.ma\/index.php\/produit\/eucerin-oil-sun-protect-control-toucher-sec-50-ml-2\/#primaryimage"},"thumbnailUrl":"https:\/\/paracherkaoui.ma\/wp-content\/uploads\/2025\/12\/eucerin-oil-sun-protect-control-toucher-sec-50-ml.jpg","datePublished":"2025-12-12T17:57:59+00:00","dateModified":"2025-12-12T17:58:04+00:00","breadcrumb":{"@id":"https:\/\/paracherkaoui.ma\/index.php\/produit\/eucerin-oil-sun-protect-control-toucher-sec-50-ml-2\/#breadcrumb"},"inLanguage":"fr-FR","potentialAction":[{"@type":"ReadAction","target":["https:\/\/paracherkaoui.ma\/index.php\/produit\/eucerin-oil-sun-protect-control-toucher-sec-50-ml-2\/"]}]},{"@type":"ImageObject","inLanguage":"fr-FR","@id":"https:\/\/paracherkaoui.ma\/index.php\/produit\/eucerin-oil-sun-protect-control-toucher-sec-50-ml-2\/#primaryimage","url":"https:\/\/paracherkaoui.ma\/wp-content\/uploads\/2025\/12\/eucerin-oil-sun-protect-control-toucher-sec-50-ml.jpg","contentUrl":"https:\/\/paracherkaoui.ma\/wp-content\/uploads\/2025\/12\/eucerin-oil-sun-protect-control-toucher-sec-50-ml.jpg","width":700,"height":700},{"@type":"BreadcrumbList","@id":"https:\/\/paracherkaoui.ma\/index.php\/produit\/eucerin-oil-sun-protect-control-toucher-sec-50-ml-2\/#breadcrumb","itemListElement":[{"@type":"ListItem","position":1,"name":"Accueil","item":"https:\/\/paracherkaoui.ma\/"},{"@type":"ListItem","position":2,"name":"Boutique","item":"https:\/\/paracherkaoui.ma\/index.php\/boutique\/"},{"@type":"ListItem","position":3,"name":"EUCERIN OIL SUN PROTECT CONTROL TOUCHER SEC 50 ML"}]},{"@type":"WebSite","@id":"https:\/\/paracherkaoui.ma\/#website","url":"https:\/\/paracherkaoui.ma\/","name":"Paracherkaoui.ma","description":"Achetez en ligne sur Paracherkaoui.ma","potentialAction":[{"@type":"SearchAction","target":{"@type":"EntryPoint","urlTemplate":"https:\/\/paracherkaoui.ma\/?s={search_term_string}"},"query-input":{"@type":"PropertyValueSpecification","valueRequired":true,"valueName":"search_term_string"}}],"inLanguage":"fr-FR"}]}},"_links":{"self":[{"href":"https:\/\/paracherkaoui.ma\/index.php\/wp-json\/wp\/v2\/product\/37331","targetHints":{"allow":["GET"]}}],"collection":[{"href":"https:\/\/paracherkaoui.ma\/index.php\/wp-json\/wp\/v2\/product"}],"about":[{"href":"https:\/\/paracherkaoui.ma\/index.php\/wp-json\/wp\/v2\/types\/product"}],"replies":[{"embeddable":true,"href":"https:\/\/paracherkaoui.ma\/index.php\/wp-json\/wp\/v2\/comments?post=37331"}],"version-history":[{"count":1,"href":"https:\/\/paracherkaoui.ma\/index.php\/wp-json\/wp\/v2\/product\/37331\/revisions"}],"predecessor-version":[{"id":37378,"href":"https:\/\/paracherkaoui.ma\/index.php\/wp-json\/wp\/v2\/product\/37331\/revisions\/37378"}],"wp:featuredmedia":[{"embeddable":true,"href":"https:\/\/paracherkaoui.ma\/index.php\/wp-json\/wp\/v2\/media\/12851"}],"wp:attachment":[{"href":"https:\/\/paracherkaoui.ma\/index.php\/wp-json\/wp\/v2\/media?parent=37331"}],"wp:term":[{"taxonomy":"product_brand","embeddable":true,"href":"https:\/\/paracherkaoui.ma\/index.php\/wp-json\/wp\/v2\/product_brand?post=37331"},{"taxonomy":"product_cat","embeddable":true,"href":"https:\/\/paracherkaoui.ma\/index.php\/wp-json\/wp\/v2\/product_cat?post=37331"},{"taxonomy":"product_tag","embeddable":true,"href":"https:\/\/paracherkaoui.ma\/index.php\/wp-json\/wp\/v2\/product_tag?post=37331"}],"curies":[{"name":"wp","href":"https:\/\/api.w.org\/{rel}","templated":true}]}}