{"id":37328,"date":"2025-12-12T18:57:59","date_gmt":"2025-12-12T17:57:59","guid":{"rendered":"https:\/\/test.ecbeaute.com\/?post_type=product&#038;p=37328"},"modified":"2025-12-12T18:58:04","modified_gmt":"2025-12-12T17:58:04","slug":"puressentiel-respiratoire-spray-nasal-decongestionnant-30-ml","status":"publish","type":"product","link":"https:\/\/paracherkaoui.ma\/index.php\/produit\/puressentiel-respiratoire-spray-nasal-decongestionnant-30-ml\/","title":{"rendered":"PURESSENTIEL RESPIRATOIRE SPRAY NASAL DECONGESTIONNANT 30 ML"},"content":{"rendered":"<p>Ce Spray Nasal D\u00e9congestionnant aux Huiles Essentielles Bio\u00a0Puressentiel est id\u00e9al \u00e0 utiliser comme d\u00e9sencombrant nasal en cas de rhume, rhinite, sinusite, rhinopharyngite, au cours des p\u00e9riodes d\u2019affections ORL** hivernales et d&rsquo;allergies.<br \/>\nD\u00e8s les premi\u00e8res minutes, il permet de d\u00e9boucher le nez et de diminuer l\u2019\u00e9coulement nasal tout en r\u00e9duisant les sympt\u00f4mes du rhume. L\u2019action douce et non irritante du spray nasal d\u00e9congestionnant ne dess\u00e8che pas la muqueuse nasale.<\/p>\n","protected":false},"excerpt":{"rendered":"<p>Ce Spray Nasal D\u00e9congestionnant aux Huiles Essentielles Bio\u00a0Puressentiel est id\u00e9al \u00e0 utiliser comme d\u00e9sencombrant nasal en cas de rhume, rhinite,<\/p>\n","protected":false},"featured_media":37372,"comment_status":"open","ping_status":"closed","template":"","meta":[],"product_brand":[204],"product_cat":[657],"product_tag":[],"class_list":{"0":"post-37328","1":"product","2":"type-product","3":"status-publish","4":"has-post-thumbnail","6":"product_brand-puressentiel","7":"product_cat-yeux-nez-et-oreilles","9":"first","10":"instock","11":"sale","12":"shipping-taxable","13":"purchasable","14":"product-type-simple"},"yoast_head":"<!-- This site is optimized with the Yoast SEO plugin v26.6 - https:\/\/yoast.com\/wordpress\/plugins\/seo\/ -->\r\n<title>PURESSENTIEL RESPIRATOIRE SPRAY NASAL DECONGESTIONNANT 30 ML - Paracherkaoui.ma<\/title>\r\n<meta name=\"robots\" content=\"index, follow, max-snippet:-1, max-image-preview:large, max-video-preview:-1\" \/>\r\n<link rel=\"canonical\" href=\"https:\/\/paracherkaoui.ma\/index.php\/produit\/puressentiel-respiratoire-spray-nasal-decongestionnant-30-ml\/\" \/>\r\n<meta property=\"og:locale\" content=\"fr_FR\" \/>\r\n<meta property=\"og:type\" content=\"article\" \/>\r\n<meta property=\"og:title\" content=\"PURESSENTIEL RESPIRATOIRE SPRAY NASAL DECONGESTIONNANT 30 ML - Paracherkaoui.ma\" \/>\r\n<meta property=\"og:description\" content=\"Ce Spray Nasal D\u00e9congestionnant aux Huiles Essentielles Bio\u00a0Puressentiel est id\u00e9al \u00e0 utiliser comme d\u00e9sencombrant nasal en cas de rhume, rhinite,\" \/>\r\n<meta property=\"og:url\" content=\"https:\/\/paracherkaoui.ma\/index.php\/produit\/puressentiel-respiratoire-spray-nasal-decongestionnant-30-ml\/\" \/>\r\n<meta property=\"og:site_name\" content=\"Paracherkaoui.ma\" \/>\r\n<meta property=\"article:modified_time\" content=\"2025-12-12T17:58:04+00:00\" \/>\r\n<meta property=\"og:image\" content=\"https:\/\/paracherkaoui.ma\/wp-content\/uploads\/2025\/12\/puressentiel-puressentiel-respiratoire-spray-nasal-decongestionnant-30-ml-nez-et-oreille.jpg\" \/>\r\n\t<meta property=\"og:image:width\" content=\"700\" \/>\r\n\t<meta property=\"og:image:height\" content=\"700\" \/>\r\n\t<meta property=\"og:image:type\" content=\"image\/jpeg\" \/>\r\n<meta name=\"twitter:card\" content=\"summary_large_image\" \/>\r\n<script type=\"application\/ld+json\" class=\"yoast-schema-graph\">{\"@context\":\"https:\/\/schema.org\",\"@graph\":[{\"@type\":\"WebPage\",\"@id\":\"https:\/\/paracherkaoui.ma\/index.php\/produit\/puressentiel-respiratoire-spray-nasal-decongestionnant-30-ml\/\",\"url\":\"https:\/\/paracherkaoui.ma\/index.php\/produit\/puressentiel-respiratoire-spray-nasal-decongestionnant-30-ml\/\",\"name\":\"PURESSENTIEL RESPIRATOIRE SPRAY NASAL DECONGESTIONNANT 30 ML - Paracherkaoui.ma\",\"isPartOf\":{\"@id\":\"https:\/\/paracherkaoui.ma\/#website\"},\"primaryImageOfPage\":{\"@id\":\"https:\/\/paracherkaoui.ma\/index.php\/produit\/puressentiel-respiratoire-spray-nasal-decongestionnant-30-ml\/#primaryimage\"},\"image\":{\"@id\":\"https:\/\/paracherkaoui.ma\/index.php\/produit\/puressentiel-respiratoire-spray-nasal-decongestionnant-30-ml\/#primaryimage\"},\"thumbnailUrl\":\"https:\/\/paracherkaoui.ma\/wp-content\/uploads\/2025\/12\/puressentiel-puressentiel-respiratoire-spray-nasal-decongestionnant-30-ml-nez-et-oreille.jpg\",\"datePublished\":\"2025-12-12T17:57:59+00:00\",\"dateModified\":\"2025-12-12T17:58:04+00:00\",\"breadcrumb\":{\"@id\":\"https:\/\/paracherkaoui.ma\/index.php\/produit\/puressentiel-respiratoire-spray-nasal-decongestionnant-30-ml\/#breadcrumb\"},\"inLanguage\":\"fr-FR\",\"potentialAction\":[{\"@type\":\"ReadAction\",\"target\":[\"https:\/\/paracherkaoui.ma\/index.php\/produit\/puressentiel-respiratoire-spray-nasal-decongestionnant-30-ml\/\"]}]},{\"@type\":\"ImageObject\",\"inLanguage\":\"fr-FR\",\"@id\":\"https:\/\/paracherkaoui.ma\/index.php\/produit\/puressentiel-respiratoire-spray-nasal-decongestionnant-30-ml\/#primaryimage\",\"url\":\"https:\/\/paracherkaoui.ma\/wp-content\/uploads\/2025\/12\/puressentiel-puressentiel-respiratoire-spray-nasal-decongestionnant-30-ml-nez-et-oreille.jpg\",\"contentUrl\":\"https:\/\/paracherkaoui.ma\/wp-content\/uploads\/2025\/12\/puressentiel-puressentiel-respiratoire-spray-nasal-decongestionnant-30-ml-nez-et-oreille.jpg\",\"width\":700,\"height\":700},{\"@type\":\"BreadcrumbList\",\"@id\":\"https:\/\/paracherkaoui.ma\/index.php\/produit\/puressentiel-respiratoire-spray-nasal-decongestionnant-30-ml\/#breadcrumb\",\"itemListElement\":[{\"@type\":\"ListItem\",\"position\":1,\"name\":\"Accueil\",\"item\":\"https:\/\/paracherkaoui.ma\/\"},{\"@type\":\"ListItem\",\"position\":2,\"name\":\"Boutique\",\"item\":\"https:\/\/paracherkaoui.ma\/index.php\/boutique\/\"},{\"@type\":\"ListItem\",\"position\":3,\"name\":\"PURESSENTIEL RESPIRATOIRE SPRAY NASAL DECONGESTIONNANT 30 ML\"}]},{\"@type\":\"WebSite\",\"@id\":\"https:\/\/paracherkaoui.ma\/#website\",\"url\":\"https:\/\/paracherkaoui.ma\/\",\"name\":\"Paracherkaoui.ma\",\"description\":\"Achetez en ligne sur Paracherkaoui.ma\",\"potentialAction\":[{\"@type\":\"SearchAction\",\"target\":{\"@type\":\"EntryPoint\",\"urlTemplate\":\"https:\/\/paracherkaoui.ma\/?s={search_term_string}\"},\"query-input\":{\"@type\":\"PropertyValueSpecification\",\"valueRequired\":true,\"valueName\":\"search_term_string\"}}],\"inLanguage\":\"fr-FR\"}]}<\/script>\r\n<!-- \/ Yoast SEO plugin. -->","yoast_head_json":{"title":"PURESSENTIEL RESPIRATOIRE SPRAY NASAL DECONGESTIONNANT 30 ML - Paracherkaoui.ma","robots":{"index":"index","follow":"follow","max-snippet":"max-snippet:-1","max-image-preview":"max-image-preview:large","max-video-preview":"max-video-preview:-1"},"canonical":"https:\/\/paracherkaoui.ma\/index.php\/produit\/puressentiel-respiratoire-spray-nasal-decongestionnant-30-ml\/","og_locale":"fr_FR","og_type":"article","og_title":"PURESSENTIEL RESPIRATOIRE SPRAY NASAL DECONGESTIONNANT 30 ML - Paracherkaoui.ma","og_description":"Ce Spray Nasal D\u00e9congestionnant aux Huiles Essentielles Bio\u00a0Puressentiel est id\u00e9al \u00e0 utiliser comme d\u00e9sencombrant nasal en cas de rhume, rhinite,","og_url":"https:\/\/paracherkaoui.ma\/index.php\/produit\/puressentiel-respiratoire-spray-nasal-decongestionnant-30-ml\/","og_site_name":"Paracherkaoui.ma","article_modified_time":"2025-12-12T17:58:04+00:00","og_image":[{"width":700,"height":700,"url":"https:\/\/paracherkaoui.ma\/wp-content\/uploads\/2025\/12\/puressentiel-puressentiel-respiratoire-spray-nasal-decongestionnant-30-ml-nez-et-oreille.jpg","type":"image\/jpeg"}],"twitter_card":"summary_large_image","schema":{"@context":"https:\/\/schema.org","@graph":[{"@type":"WebPage","@id":"https:\/\/paracherkaoui.ma\/index.php\/produit\/puressentiel-respiratoire-spray-nasal-decongestionnant-30-ml\/","url":"https:\/\/paracherkaoui.ma\/index.php\/produit\/puressentiel-respiratoire-spray-nasal-decongestionnant-30-ml\/","name":"PURESSENTIEL RESPIRATOIRE SPRAY NASAL DECONGESTIONNANT 30 ML - Paracherkaoui.ma","isPartOf":{"@id":"https:\/\/paracherkaoui.ma\/#website"},"primaryImageOfPage":{"@id":"https:\/\/paracherkaoui.ma\/index.php\/produit\/puressentiel-respiratoire-spray-nasal-decongestionnant-30-ml\/#primaryimage"},"image":{"@id":"https:\/\/paracherkaoui.ma\/index.php\/produit\/puressentiel-respiratoire-spray-nasal-decongestionnant-30-ml\/#primaryimage"},"thumbnailUrl":"https:\/\/paracherkaoui.ma\/wp-content\/uploads\/2025\/12\/puressentiel-puressentiel-respiratoire-spray-nasal-decongestionnant-30-ml-nez-et-oreille.jpg","datePublished":"2025-12-12T17:57:59+00:00","dateModified":"2025-12-12T17:58:04+00:00","breadcrumb":{"@id":"https:\/\/paracherkaoui.ma\/index.php\/produit\/puressentiel-respiratoire-spray-nasal-decongestionnant-30-ml\/#breadcrumb"},"inLanguage":"fr-FR","potentialAction":[{"@type":"ReadAction","target":["https:\/\/paracherkaoui.ma\/index.php\/produit\/puressentiel-respiratoire-spray-nasal-decongestionnant-30-ml\/"]}]},{"@type":"ImageObject","inLanguage":"fr-FR","@id":"https:\/\/paracherkaoui.ma\/index.php\/produit\/puressentiel-respiratoire-spray-nasal-decongestionnant-30-ml\/#primaryimage","url":"https:\/\/paracherkaoui.ma\/wp-content\/uploads\/2025\/12\/puressentiel-puressentiel-respiratoire-spray-nasal-decongestionnant-30-ml-nez-et-oreille.jpg","contentUrl":"https:\/\/paracherkaoui.ma\/wp-content\/uploads\/2025\/12\/puressentiel-puressentiel-respiratoire-spray-nasal-decongestionnant-30-ml-nez-et-oreille.jpg","width":700,"height":700},{"@type":"BreadcrumbList","@id":"https:\/\/paracherkaoui.ma\/index.php\/produit\/puressentiel-respiratoire-spray-nasal-decongestionnant-30-ml\/#breadcrumb","itemListElement":[{"@type":"ListItem","position":1,"name":"Accueil","item":"https:\/\/paracherkaoui.ma\/"},{"@type":"ListItem","position":2,"name":"Boutique","item":"https:\/\/paracherkaoui.ma\/index.php\/boutique\/"},{"@type":"ListItem","position":3,"name":"PURESSENTIEL RESPIRATOIRE SPRAY NASAL DECONGESTIONNANT 30 ML"}]},{"@type":"WebSite","@id":"https:\/\/paracherkaoui.ma\/#website","url":"https:\/\/paracherkaoui.ma\/","name":"Paracherkaoui.ma","description":"Achetez en ligne sur Paracherkaoui.ma","potentialAction":[{"@type":"SearchAction","target":{"@type":"EntryPoint","urlTemplate":"https:\/\/paracherkaoui.ma\/?s={search_term_string}"},"query-input":{"@type":"PropertyValueSpecification","valueRequired":true,"valueName":"search_term_string"}}],"inLanguage":"fr-FR"}]}},"_links":{"self":[{"href":"https:\/\/paracherkaoui.ma\/index.php\/wp-json\/wp\/v2\/product\/37328","targetHints":{"allow":["GET"]}}],"collection":[{"href":"https:\/\/paracherkaoui.ma\/index.php\/wp-json\/wp\/v2\/product"}],"about":[{"href":"https:\/\/paracherkaoui.ma\/index.php\/wp-json\/wp\/v2\/types\/product"}],"replies":[{"embeddable":true,"href":"https:\/\/paracherkaoui.ma\/index.php\/wp-json\/wp\/v2\/comments?post=37328"}],"version-history":[{"count":1,"href":"https:\/\/paracherkaoui.ma\/index.php\/wp-json\/wp\/v2\/product\/37328\/revisions"}],"predecessor-version":[{"id":37373,"href":"https:\/\/paracherkaoui.ma\/index.php\/wp-json\/wp\/v2\/product\/37328\/revisions\/37373"}],"wp:featuredmedia":[{"embeddable":true,"href":"https:\/\/paracherkaoui.ma\/index.php\/wp-json\/wp\/v2\/media\/37372"}],"wp:attachment":[{"href":"https:\/\/paracherkaoui.ma\/index.php\/wp-json\/wp\/v2\/media?parent=37328"}],"wp:term":[{"taxonomy":"product_brand","embeddable":true,"href":"https:\/\/paracherkaoui.ma\/index.php\/wp-json\/wp\/v2\/product_brand?post=37328"},{"taxonomy":"product_cat","embeddable":true,"href":"https:\/\/paracherkaoui.ma\/index.php\/wp-json\/wp\/v2\/product_cat?post=37328"},{"taxonomy":"product_tag","embeddable":true,"href":"https:\/\/paracherkaoui.ma\/index.php\/wp-json\/wp\/v2\/product_tag?post=37328"}],"curies":[{"name":"wp","href":"https:\/\/api.w.org\/{rel}","templated":true}]}}