{"id":37325,"date":"2025-12-12T18:57:59","date_gmt":"2025-12-12T17:57:59","guid":{"rendered":"https:\/\/test.ecbeaute.com\/?post_type=product&#038;p=37325"},"modified":"2025-12-12T18:58:03","modified_gmt":"2025-12-12T17:58:03","slug":"quies-protection-auditive-avion-adulte-filtre-anti-pression-1-paire","status":"publish","type":"product","link":"https:\/\/paracherkaoui.ma\/index.php\/produit\/quies-protection-auditive-avion-adulte-filtre-anti-pression-1-paire\/","title":{"rendered":"QUIES PROTECTION AUDITIVE AVION adulte filtre anti-pression 1 paire"},"content":{"rendered":"<p>Les protections auditives QUIES en silicone anti-pression sont indiqu\u00e9es dans des cas pr\u00e9cis\u00a0: d\u00e9collage et atterrissage d&rsquo;avion, travers\u00e9e de tunnel \u00e0 grande vitesse. La variation brutale de pression sur le tympan peut entra\u00eener une douleur tr\u00e8s vive. La pression, absorb\u00e9e par un filtre c\u00e9ramique brevet\u00e9 est r\u00e9\u00e9quilibr\u00e9e de part et d&rsquo;autre du tympan.<\/p>\n","protected":false},"excerpt":{"rendered":"<p>Les protections auditives QUIES en silicone anti-pression sont indiqu\u00e9es dans des cas pr\u00e9cis\u00a0: d\u00e9collage et atterrissage d&rsquo;avion, travers\u00e9e de tunnel<\/p>\n","protected":false},"featured_media":37366,"comment_status":"open","ping_status":"closed","template":"","meta":[],"product_brand":[658],"product_cat":[657],"product_tag":[],"class_list":{"0":"post-37325","1":"product","2":"type-product","3":"status-publish","4":"has-post-thumbnail","6":"product_brand-quies","7":"product_cat-yeux-nez-et-oreilles","9":"first","10":"instock","11":"sale","12":"shipping-taxable","13":"purchasable","14":"product-type-simple"},"yoast_head":"<!-- This site is optimized with the Yoast SEO plugin v26.6 - https:\/\/yoast.com\/wordpress\/plugins\/seo\/ -->\r\n<title>QUIES PROTECTION AUDITIVE AVION adulte filtre anti-pression 1 paire - Paracherkaoui.ma<\/title>\r\n<meta name=\"robots\" content=\"index, follow, max-snippet:-1, max-image-preview:large, max-video-preview:-1\" \/>\r\n<link rel=\"canonical\" href=\"https:\/\/paracherkaoui.ma\/index.php\/produit\/quies-protection-auditive-avion-adulte-filtre-anti-pression-1-paire\/\" \/>\r\n<meta property=\"og:locale\" content=\"fr_FR\" \/>\r\n<meta property=\"og:type\" content=\"article\" \/>\r\n<meta property=\"og:title\" content=\"QUIES PROTECTION AUDITIVE AVION adulte filtre anti-pression 1 paire - Paracherkaoui.ma\" \/>\r\n<meta property=\"og:description\" content=\"Les protections auditives QUIES en silicone anti-pression sont indiqu\u00e9es dans des cas pr\u00e9cis\u00a0: d\u00e9collage et atterrissage d&rsquo;avion, travers\u00e9e de tunnel\" \/>\r\n<meta property=\"og:url\" content=\"https:\/\/paracherkaoui.ma\/index.php\/produit\/quies-protection-auditive-avion-adulte-filtre-anti-pression-1-paire\/\" \/>\r\n<meta property=\"og:site_name\" content=\"Paracherkaoui.ma\" \/>\r\n<meta property=\"article:modified_time\" content=\"2025-12-12T17:58:03+00:00\" \/>\r\n<meta property=\"og:image\" content=\"https:\/\/paracherkaoui.ma\/wp-content\/uploads\/2025\/12\/quies-quies-protection-auditive-avion-adulte-filtre-anti-pression-1-paire-nez-et-oreille.jpg\" \/>\r\n\t<meta property=\"og:image:width\" content=\"700\" \/>\r\n\t<meta property=\"og:image:height\" content=\"700\" \/>\r\n\t<meta property=\"og:image:type\" content=\"image\/jpeg\" \/>\r\n<meta name=\"twitter:card\" content=\"summary_large_image\" \/>\r\n<script type=\"application\/ld+json\" class=\"yoast-schema-graph\">{\"@context\":\"https:\/\/schema.org\",\"@graph\":[{\"@type\":\"WebPage\",\"@id\":\"https:\/\/paracherkaoui.ma\/index.php\/produit\/quies-protection-auditive-avion-adulte-filtre-anti-pression-1-paire\/\",\"url\":\"https:\/\/paracherkaoui.ma\/index.php\/produit\/quies-protection-auditive-avion-adulte-filtre-anti-pression-1-paire\/\",\"name\":\"QUIES PROTECTION AUDITIVE AVION adulte filtre anti-pression 1 paire - Paracherkaoui.ma\",\"isPartOf\":{\"@id\":\"https:\/\/paracherkaoui.ma\/#website\"},\"primaryImageOfPage\":{\"@id\":\"https:\/\/paracherkaoui.ma\/index.php\/produit\/quies-protection-auditive-avion-adulte-filtre-anti-pression-1-paire\/#primaryimage\"},\"image\":{\"@id\":\"https:\/\/paracherkaoui.ma\/index.php\/produit\/quies-protection-auditive-avion-adulte-filtre-anti-pression-1-paire\/#primaryimage\"},\"thumbnailUrl\":\"https:\/\/paracherkaoui.ma\/wp-content\/uploads\/2025\/12\/quies-quies-protection-auditive-avion-adulte-filtre-anti-pression-1-paire-nez-et-oreille.jpg\",\"datePublished\":\"2025-12-12T17:57:59+00:00\",\"dateModified\":\"2025-12-12T17:58:03+00:00\",\"breadcrumb\":{\"@id\":\"https:\/\/paracherkaoui.ma\/index.php\/produit\/quies-protection-auditive-avion-adulte-filtre-anti-pression-1-paire\/#breadcrumb\"},\"inLanguage\":\"fr-FR\",\"potentialAction\":[{\"@type\":\"ReadAction\",\"target\":[\"https:\/\/paracherkaoui.ma\/index.php\/produit\/quies-protection-auditive-avion-adulte-filtre-anti-pression-1-paire\/\"]}]},{\"@type\":\"ImageObject\",\"inLanguage\":\"fr-FR\",\"@id\":\"https:\/\/paracherkaoui.ma\/index.php\/produit\/quies-protection-auditive-avion-adulte-filtre-anti-pression-1-paire\/#primaryimage\",\"url\":\"https:\/\/paracherkaoui.ma\/wp-content\/uploads\/2025\/12\/quies-quies-protection-auditive-avion-adulte-filtre-anti-pression-1-paire-nez-et-oreille.jpg\",\"contentUrl\":\"https:\/\/paracherkaoui.ma\/wp-content\/uploads\/2025\/12\/quies-quies-protection-auditive-avion-adulte-filtre-anti-pression-1-paire-nez-et-oreille.jpg\",\"width\":700,\"height\":700},{\"@type\":\"BreadcrumbList\",\"@id\":\"https:\/\/paracherkaoui.ma\/index.php\/produit\/quies-protection-auditive-avion-adulte-filtre-anti-pression-1-paire\/#breadcrumb\",\"itemListElement\":[{\"@type\":\"ListItem\",\"position\":1,\"name\":\"Accueil\",\"item\":\"https:\/\/paracherkaoui.ma\/\"},{\"@type\":\"ListItem\",\"position\":2,\"name\":\"Boutique\",\"item\":\"https:\/\/paracherkaoui.ma\/index.php\/boutique\/\"},{\"@type\":\"ListItem\",\"position\":3,\"name\":\"QUIES PROTECTION AUDITIVE AVION adulte filtre anti-pression 1 paire\"}]},{\"@type\":\"WebSite\",\"@id\":\"https:\/\/paracherkaoui.ma\/#website\",\"url\":\"https:\/\/paracherkaoui.ma\/\",\"name\":\"Paracherkaoui.ma\",\"description\":\"Achetez en ligne sur Paracherkaoui.ma\",\"potentialAction\":[{\"@type\":\"SearchAction\",\"target\":{\"@type\":\"EntryPoint\",\"urlTemplate\":\"https:\/\/paracherkaoui.ma\/?s={search_term_string}\"},\"query-input\":{\"@type\":\"PropertyValueSpecification\",\"valueRequired\":true,\"valueName\":\"search_term_string\"}}],\"inLanguage\":\"fr-FR\"}]}<\/script>\r\n<!-- \/ Yoast SEO plugin. -->","yoast_head_json":{"title":"QUIES PROTECTION AUDITIVE AVION adulte filtre anti-pression 1 paire - Paracherkaoui.ma","robots":{"index":"index","follow":"follow","max-snippet":"max-snippet:-1","max-image-preview":"max-image-preview:large","max-video-preview":"max-video-preview:-1"},"canonical":"https:\/\/paracherkaoui.ma\/index.php\/produit\/quies-protection-auditive-avion-adulte-filtre-anti-pression-1-paire\/","og_locale":"fr_FR","og_type":"article","og_title":"QUIES PROTECTION AUDITIVE AVION adulte filtre anti-pression 1 paire - Paracherkaoui.ma","og_description":"Les protections auditives QUIES en silicone anti-pression sont indiqu\u00e9es dans des cas pr\u00e9cis\u00a0: d\u00e9collage et atterrissage d&rsquo;avion, travers\u00e9e de tunnel","og_url":"https:\/\/paracherkaoui.ma\/index.php\/produit\/quies-protection-auditive-avion-adulte-filtre-anti-pression-1-paire\/","og_site_name":"Paracherkaoui.ma","article_modified_time":"2025-12-12T17:58:03+00:00","og_image":[{"width":700,"height":700,"url":"https:\/\/paracherkaoui.ma\/wp-content\/uploads\/2025\/12\/quies-quies-protection-auditive-avion-adulte-filtre-anti-pression-1-paire-nez-et-oreille.jpg","type":"image\/jpeg"}],"twitter_card":"summary_large_image","schema":{"@context":"https:\/\/schema.org","@graph":[{"@type":"WebPage","@id":"https:\/\/paracherkaoui.ma\/index.php\/produit\/quies-protection-auditive-avion-adulte-filtre-anti-pression-1-paire\/","url":"https:\/\/paracherkaoui.ma\/index.php\/produit\/quies-protection-auditive-avion-adulte-filtre-anti-pression-1-paire\/","name":"QUIES PROTECTION AUDITIVE AVION adulte filtre anti-pression 1 paire - Paracherkaoui.ma","isPartOf":{"@id":"https:\/\/paracherkaoui.ma\/#website"},"primaryImageOfPage":{"@id":"https:\/\/paracherkaoui.ma\/index.php\/produit\/quies-protection-auditive-avion-adulte-filtre-anti-pression-1-paire\/#primaryimage"},"image":{"@id":"https:\/\/paracherkaoui.ma\/index.php\/produit\/quies-protection-auditive-avion-adulte-filtre-anti-pression-1-paire\/#primaryimage"},"thumbnailUrl":"https:\/\/paracherkaoui.ma\/wp-content\/uploads\/2025\/12\/quies-quies-protection-auditive-avion-adulte-filtre-anti-pression-1-paire-nez-et-oreille.jpg","datePublished":"2025-12-12T17:57:59+00:00","dateModified":"2025-12-12T17:58:03+00:00","breadcrumb":{"@id":"https:\/\/paracherkaoui.ma\/index.php\/produit\/quies-protection-auditive-avion-adulte-filtre-anti-pression-1-paire\/#breadcrumb"},"inLanguage":"fr-FR","potentialAction":[{"@type":"ReadAction","target":["https:\/\/paracherkaoui.ma\/index.php\/produit\/quies-protection-auditive-avion-adulte-filtre-anti-pression-1-paire\/"]}]},{"@type":"ImageObject","inLanguage":"fr-FR","@id":"https:\/\/paracherkaoui.ma\/index.php\/produit\/quies-protection-auditive-avion-adulte-filtre-anti-pression-1-paire\/#primaryimage","url":"https:\/\/paracherkaoui.ma\/wp-content\/uploads\/2025\/12\/quies-quies-protection-auditive-avion-adulte-filtre-anti-pression-1-paire-nez-et-oreille.jpg","contentUrl":"https:\/\/paracherkaoui.ma\/wp-content\/uploads\/2025\/12\/quies-quies-protection-auditive-avion-adulte-filtre-anti-pression-1-paire-nez-et-oreille.jpg","width":700,"height":700},{"@type":"BreadcrumbList","@id":"https:\/\/paracherkaoui.ma\/index.php\/produit\/quies-protection-auditive-avion-adulte-filtre-anti-pression-1-paire\/#breadcrumb","itemListElement":[{"@type":"ListItem","position":1,"name":"Accueil","item":"https:\/\/paracherkaoui.ma\/"},{"@type":"ListItem","position":2,"name":"Boutique","item":"https:\/\/paracherkaoui.ma\/index.php\/boutique\/"},{"@type":"ListItem","position":3,"name":"QUIES PROTECTION AUDITIVE AVION adulte filtre anti-pression 1 paire"}]},{"@type":"WebSite","@id":"https:\/\/paracherkaoui.ma\/#website","url":"https:\/\/paracherkaoui.ma\/","name":"Paracherkaoui.ma","description":"Achetez en ligne sur Paracherkaoui.ma","potentialAction":[{"@type":"SearchAction","target":{"@type":"EntryPoint","urlTemplate":"https:\/\/paracherkaoui.ma\/?s={search_term_string}"},"query-input":{"@type":"PropertyValueSpecification","valueRequired":true,"valueName":"search_term_string"}}],"inLanguage":"fr-FR"}]}},"_links":{"self":[{"href":"https:\/\/paracherkaoui.ma\/index.php\/wp-json\/wp\/v2\/product\/37325","targetHints":{"allow":["GET"]}}],"collection":[{"href":"https:\/\/paracherkaoui.ma\/index.php\/wp-json\/wp\/v2\/product"}],"about":[{"href":"https:\/\/paracherkaoui.ma\/index.php\/wp-json\/wp\/v2\/types\/product"}],"replies":[{"embeddable":true,"href":"https:\/\/paracherkaoui.ma\/index.php\/wp-json\/wp\/v2\/comments?post=37325"}],"version-history":[{"count":1,"href":"https:\/\/paracherkaoui.ma\/index.php\/wp-json\/wp\/v2\/product\/37325\/revisions"}],"predecessor-version":[{"id":37367,"href":"https:\/\/paracherkaoui.ma\/index.php\/wp-json\/wp\/v2\/product\/37325\/revisions\/37367"}],"wp:featuredmedia":[{"embeddable":true,"href":"https:\/\/paracherkaoui.ma\/index.php\/wp-json\/wp\/v2\/media\/37366"}],"wp:attachment":[{"href":"https:\/\/paracherkaoui.ma\/index.php\/wp-json\/wp\/v2\/media?parent=37325"}],"wp:term":[{"taxonomy":"product_brand","embeddable":true,"href":"https:\/\/paracherkaoui.ma\/index.php\/wp-json\/wp\/v2\/product_brand?post=37325"},{"taxonomy":"product_cat","embeddable":true,"href":"https:\/\/paracherkaoui.ma\/index.php\/wp-json\/wp\/v2\/product_cat?post=37325"},{"taxonomy":"product_tag","embeddable":true,"href":"https:\/\/paracherkaoui.ma\/index.php\/wp-json\/wp\/v2\/product_tag?post=37325"}],"curies":[{"name":"wp","href":"https:\/\/api.w.org\/{rel}","templated":true}]}}