{"id":37324,"date":"2025-12-12T18:57:59","date_gmt":"2025-12-12T17:57:59","guid":{"rendered":"https:\/\/test.ecbeaute.com\/?post_type=product&#038;p=37324"},"modified":"2025-12-12T18:58:03","modified_gmt":"2025-12-12T17:58:03","slug":"sterimar-stop-protect-rhume","status":"publish","type":"product","link":"https:\/\/paracherkaoui.ma\/index.php\/produit\/sterimar-stop-protect-rhume\/","title":{"rendered":"Sterimar Stop &#038; Protect RHUME"},"content":{"rendered":"<p>Le spray nasal St\u00e9rimar Stop &#038; Protect est une solution hypertonique dot\u00e9e d\u2019une double action. Sa formule naturelle permet de soulager les sympt\u00f4mes du rhume en 2 minutes et de pr\u00e9server les muqueuses nasales contre de nouvelles infections.<br \/>\nCe dispositif est indiqu\u00e9 en cas de rhume, rhinite ou sinusite. Il convient aux adultes comme aux enfants \u00e0 partir de 3 ans.<\/p>\n<p>Le spray nasal St\u00e9rimar Stop &#038; Protect est compos\u00e9 d\u2019eau de mer 100\u00a0% naturelle issue de la baie de Cancale, filtr\u00e9e et sans conservateur. Cette solution dispose d\u2019une forte concentration en sel qui entra\u00eene un m\u00e9canisme d\u2019appel d\u2019eau. C\u2019est cet effet osmotique qui offre une action d\u00e9congestionnante en faveur du nez bouch\u00e9 ou infect\u00e9, et contribue \u00e0 r\u00e9duire l\u2019\u0153d\u00e8me du nez. Notamment en facilitant l\u2019\u00e9vacuation du surplus d\u2019eau hors des cellules de la muqueuse nasale.<\/p>\n<p>Sa formule enrichie en oligo-\u00e9l\u00e9ment cuivre favorise le bon fonctionnement des cils de la muqueuse nasale qui intervient pour \u00e9liminer poussi\u00e8res et microbes. Ces cils sont pr\u00e9cieux pour favoriser la production d\u2019un mucus protecteur, pourvu d\u2019anticorps.<br \/>\nL\u2019huile essentielle d\u2019eucalyptus globulus contenue dans ce soin joue un r\u00f4le purifiant et rafra\u00eechissant. A base d\u2019acides hyaluroniques, le complexe brevet\u00e9 unique de ce produit permet d\u2019hydrater les muqueuses, ceci afin qu\u2019elles soient de nouveau en mesure de se d\u00e9fendre correctement pour lutter contre la prolif\u00e9ration bact\u00e9rienne.<\/p>\n<p>Ainsi, ce spray nasal lave le nez, d\u00e9congestionne la muqueuse nasale, emp\u00eache la prolif\u00e9ration des bact\u00e9ries et r\u00e9duit le risque de surinfection de la sph\u00e8re ORL. Son utilisation permet d\u2019accro\u00eetre l\u2019efficacit\u00e9 d\u2019\u00e9ventuels traitements conjoints.<\/p>\n","protected":false},"excerpt":{"rendered":"<p>Le spray nasal St\u00e9rimar Stop &#038; Protect est une solution hypertonique dot\u00e9e d\u2019une double action. Sa formule naturelle permet de<\/p>\n","protected":false},"featured_media":37364,"comment_status":"open","ping_status":"closed","template":"","meta":[],"product_brand":[661],"product_cat":[657],"product_tag":[],"class_list":{"0":"post-37324","1":"product","2":"type-product","3":"status-publish","4":"has-post-thumbnail","6":"product_brand-sterimar","7":"product_cat-yeux-nez-et-oreilles","9":"first","10":"instock","11":"sale","12":"shipping-taxable","13":"purchasable","14":"product-type-simple"},"yoast_head":"<!-- This site is optimized with the Yoast SEO plugin v26.6 - https:\/\/yoast.com\/wordpress\/plugins\/seo\/ -->\r\n<title>Sterimar Stop &amp; Protect RHUME - Paracherkaoui.ma<\/title>\r\n<meta name=\"robots\" content=\"index, follow, max-snippet:-1, max-image-preview:large, max-video-preview:-1\" \/>\r\n<link rel=\"canonical\" href=\"https:\/\/paracherkaoui.ma\/index.php\/produit\/sterimar-stop-protect-rhume\/\" \/>\r\n<meta property=\"og:locale\" content=\"fr_FR\" \/>\r\n<meta property=\"og:type\" content=\"article\" \/>\r\n<meta property=\"og:title\" content=\"Sterimar Stop &amp; Protect RHUME - Paracherkaoui.ma\" \/>\r\n<meta property=\"og:description\" content=\"Le spray nasal St\u00e9rimar Stop &#038; Protect est une solution hypertonique dot\u00e9e d\u2019une double action. Sa formule naturelle permet de\" \/>\r\n<meta property=\"og:url\" content=\"https:\/\/paracherkaoui.ma\/index.php\/produit\/sterimar-stop-protect-rhume\/\" \/>\r\n<meta property=\"og:site_name\" content=\"Paracherkaoui.ma\" \/>\r\n<meta property=\"article:modified_time\" content=\"2025-12-12T17:58:03+00:00\" \/>\r\n<meta property=\"og:image\" content=\"https:\/\/paracherkaoui.ma\/wp-content\/uploads\/2025\/12\/sterimar-sterimar-stop-protect-rhume-nez-et-oreille.jpg\" \/>\r\n\t<meta property=\"og:image:width\" content=\"700\" \/>\r\n\t<meta property=\"og:image:height\" content=\"700\" \/>\r\n\t<meta property=\"og:image:type\" content=\"image\/jpeg\" \/>\r\n<meta name=\"twitter:card\" content=\"summary_large_image\" \/>\r\n<meta name=\"twitter:label1\" content=\"Dur\u00e9e de lecture estim\u00e9e\" \/>\n\t<meta name=\"twitter:data1\" content=\"1 minute\" \/>\r\n<script type=\"application\/ld+json\" class=\"yoast-schema-graph\">{\"@context\":\"https:\/\/schema.org\",\"@graph\":[{\"@type\":\"WebPage\",\"@id\":\"https:\/\/paracherkaoui.ma\/index.php\/produit\/sterimar-stop-protect-rhume\/\",\"url\":\"https:\/\/paracherkaoui.ma\/index.php\/produit\/sterimar-stop-protect-rhume\/\",\"name\":\"Sterimar Stop & Protect RHUME - Paracherkaoui.ma\",\"isPartOf\":{\"@id\":\"https:\/\/paracherkaoui.ma\/#website\"},\"primaryImageOfPage\":{\"@id\":\"https:\/\/paracherkaoui.ma\/index.php\/produit\/sterimar-stop-protect-rhume\/#primaryimage\"},\"image\":{\"@id\":\"https:\/\/paracherkaoui.ma\/index.php\/produit\/sterimar-stop-protect-rhume\/#primaryimage\"},\"thumbnailUrl\":\"https:\/\/paracherkaoui.ma\/wp-content\/uploads\/2025\/12\/sterimar-sterimar-stop-protect-rhume-nez-et-oreille.jpg\",\"datePublished\":\"2025-12-12T17:57:59+00:00\",\"dateModified\":\"2025-12-12T17:58:03+00:00\",\"breadcrumb\":{\"@id\":\"https:\/\/paracherkaoui.ma\/index.php\/produit\/sterimar-stop-protect-rhume\/#breadcrumb\"},\"inLanguage\":\"fr-FR\",\"potentialAction\":[{\"@type\":\"ReadAction\",\"target\":[\"https:\/\/paracherkaoui.ma\/index.php\/produit\/sterimar-stop-protect-rhume\/\"]}]},{\"@type\":\"ImageObject\",\"inLanguage\":\"fr-FR\",\"@id\":\"https:\/\/paracherkaoui.ma\/index.php\/produit\/sterimar-stop-protect-rhume\/#primaryimage\",\"url\":\"https:\/\/paracherkaoui.ma\/wp-content\/uploads\/2025\/12\/sterimar-sterimar-stop-protect-rhume-nez-et-oreille.jpg\",\"contentUrl\":\"https:\/\/paracherkaoui.ma\/wp-content\/uploads\/2025\/12\/sterimar-sterimar-stop-protect-rhume-nez-et-oreille.jpg\",\"width\":700,\"height\":700},{\"@type\":\"BreadcrumbList\",\"@id\":\"https:\/\/paracherkaoui.ma\/index.php\/produit\/sterimar-stop-protect-rhume\/#breadcrumb\",\"itemListElement\":[{\"@type\":\"ListItem\",\"position\":1,\"name\":\"Accueil\",\"item\":\"https:\/\/paracherkaoui.ma\/\"},{\"@type\":\"ListItem\",\"position\":2,\"name\":\"Boutique\",\"item\":\"https:\/\/paracherkaoui.ma\/index.php\/boutique\/\"},{\"@type\":\"ListItem\",\"position\":3,\"name\":\"Sterimar Stop &#038; Protect RHUME\"}]},{\"@type\":\"WebSite\",\"@id\":\"https:\/\/paracherkaoui.ma\/#website\",\"url\":\"https:\/\/paracherkaoui.ma\/\",\"name\":\"Paracherkaoui.ma\",\"description\":\"Achetez en ligne sur Paracherkaoui.ma\",\"potentialAction\":[{\"@type\":\"SearchAction\",\"target\":{\"@type\":\"EntryPoint\",\"urlTemplate\":\"https:\/\/paracherkaoui.ma\/?s={search_term_string}\"},\"query-input\":{\"@type\":\"PropertyValueSpecification\",\"valueRequired\":true,\"valueName\":\"search_term_string\"}}],\"inLanguage\":\"fr-FR\"}]}<\/script>\r\n<!-- \/ Yoast SEO plugin. -->","yoast_head_json":{"title":"Sterimar Stop & Protect RHUME - Paracherkaoui.ma","robots":{"index":"index","follow":"follow","max-snippet":"max-snippet:-1","max-image-preview":"max-image-preview:large","max-video-preview":"max-video-preview:-1"},"canonical":"https:\/\/paracherkaoui.ma\/index.php\/produit\/sterimar-stop-protect-rhume\/","og_locale":"fr_FR","og_type":"article","og_title":"Sterimar Stop & Protect RHUME - Paracherkaoui.ma","og_description":"Le spray nasal St\u00e9rimar Stop &#038; Protect est une solution hypertonique dot\u00e9e d\u2019une double action. Sa formule naturelle permet de","og_url":"https:\/\/paracherkaoui.ma\/index.php\/produit\/sterimar-stop-protect-rhume\/","og_site_name":"Paracherkaoui.ma","article_modified_time":"2025-12-12T17:58:03+00:00","og_image":[{"width":700,"height":700,"url":"https:\/\/paracherkaoui.ma\/wp-content\/uploads\/2025\/12\/sterimar-sterimar-stop-protect-rhume-nez-et-oreille.jpg","type":"image\/jpeg"}],"twitter_card":"summary_large_image","twitter_misc":{"Dur\u00e9e de lecture estim\u00e9e":"1 minute"},"schema":{"@context":"https:\/\/schema.org","@graph":[{"@type":"WebPage","@id":"https:\/\/paracherkaoui.ma\/index.php\/produit\/sterimar-stop-protect-rhume\/","url":"https:\/\/paracherkaoui.ma\/index.php\/produit\/sterimar-stop-protect-rhume\/","name":"Sterimar Stop & Protect RHUME - Paracherkaoui.ma","isPartOf":{"@id":"https:\/\/paracherkaoui.ma\/#website"},"primaryImageOfPage":{"@id":"https:\/\/paracherkaoui.ma\/index.php\/produit\/sterimar-stop-protect-rhume\/#primaryimage"},"image":{"@id":"https:\/\/paracherkaoui.ma\/index.php\/produit\/sterimar-stop-protect-rhume\/#primaryimage"},"thumbnailUrl":"https:\/\/paracherkaoui.ma\/wp-content\/uploads\/2025\/12\/sterimar-sterimar-stop-protect-rhume-nez-et-oreille.jpg","datePublished":"2025-12-12T17:57:59+00:00","dateModified":"2025-12-12T17:58:03+00:00","breadcrumb":{"@id":"https:\/\/paracherkaoui.ma\/index.php\/produit\/sterimar-stop-protect-rhume\/#breadcrumb"},"inLanguage":"fr-FR","potentialAction":[{"@type":"ReadAction","target":["https:\/\/paracherkaoui.ma\/index.php\/produit\/sterimar-stop-protect-rhume\/"]}]},{"@type":"ImageObject","inLanguage":"fr-FR","@id":"https:\/\/paracherkaoui.ma\/index.php\/produit\/sterimar-stop-protect-rhume\/#primaryimage","url":"https:\/\/paracherkaoui.ma\/wp-content\/uploads\/2025\/12\/sterimar-sterimar-stop-protect-rhume-nez-et-oreille.jpg","contentUrl":"https:\/\/paracherkaoui.ma\/wp-content\/uploads\/2025\/12\/sterimar-sterimar-stop-protect-rhume-nez-et-oreille.jpg","width":700,"height":700},{"@type":"BreadcrumbList","@id":"https:\/\/paracherkaoui.ma\/index.php\/produit\/sterimar-stop-protect-rhume\/#breadcrumb","itemListElement":[{"@type":"ListItem","position":1,"name":"Accueil","item":"https:\/\/paracherkaoui.ma\/"},{"@type":"ListItem","position":2,"name":"Boutique","item":"https:\/\/paracherkaoui.ma\/index.php\/boutique\/"},{"@type":"ListItem","position":3,"name":"Sterimar Stop &#038; Protect RHUME"}]},{"@type":"WebSite","@id":"https:\/\/paracherkaoui.ma\/#website","url":"https:\/\/paracherkaoui.ma\/","name":"Paracherkaoui.ma","description":"Achetez en ligne sur Paracherkaoui.ma","potentialAction":[{"@type":"SearchAction","target":{"@type":"EntryPoint","urlTemplate":"https:\/\/paracherkaoui.ma\/?s={search_term_string}"},"query-input":{"@type":"PropertyValueSpecification","valueRequired":true,"valueName":"search_term_string"}}],"inLanguage":"fr-FR"}]}},"_links":{"self":[{"href":"https:\/\/paracherkaoui.ma\/index.php\/wp-json\/wp\/v2\/product\/37324","targetHints":{"allow":["GET"]}}],"collection":[{"href":"https:\/\/paracherkaoui.ma\/index.php\/wp-json\/wp\/v2\/product"}],"about":[{"href":"https:\/\/paracherkaoui.ma\/index.php\/wp-json\/wp\/v2\/types\/product"}],"replies":[{"embeddable":true,"href":"https:\/\/paracherkaoui.ma\/index.php\/wp-json\/wp\/v2\/comments?post=37324"}],"version-history":[{"count":1,"href":"https:\/\/paracherkaoui.ma\/index.php\/wp-json\/wp\/v2\/product\/37324\/revisions"}],"predecessor-version":[{"id":37365,"href":"https:\/\/paracherkaoui.ma\/index.php\/wp-json\/wp\/v2\/product\/37324\/revisions\/37365"}],"wp:featuredmedia":[{"embeddable":true,"href":"https:\/\/paracherkaoui.ma\/index.php\/wp-json\/wp\/v2\/media\/37364"}],"wp:attachment":[{"href":"https:\/\/paracherkaoui.ma\/index.php\/wp-json\/wp\/v2\/media?parent=37324"}],"wp:term":[{"taxonomy":"product_brand","embeddable":true,"href":"https:\/\/paracherkaoui.ma\/index.php\/wp-json\/wp\/v2\/product_brand?post=37324"},{"taxonomy":"product_cat","embeddable":true,"href":"https:\/\/paracherkaoui.ma\/index.php\/wp-json\/wp\/v2\/product_cat?post=37324"},{"taxonomy":"product_tag","embeddable":true,"href":"https:\/\/paracherkaoui.ma\/index.php\/wp-json\/wp\/v2\/product_tag?post=37324"}],"curies":[{"name":"wp","href":"https:\/\/api.w.org\/{rel}","templated":true}]}}