{"id":37322,"date":"2025-12-12T18:57:59","date_gmt":"2025-12-12T17:57:59","guid":{"rendered":"https:\/\/test.ecbeaute.com\/?post_type=product&#038;p=37322"},"modified":"2025-12-12T18:58:02","modified_gmt":"2025-12-12T17:58:02","slug":"phy-bebe-serum-physiologique-105ml","status":"publish","type":"product","link":"https:\/\/paracherkaoui.ma\/index.php\/produit\/phy-bebe-serum-physiologique-105ml\/","title":{"rendered":"PHY BEBE SERUM PHYSIOLOGIQUE 10*5ML"},"content":{"rendered":"<p>DESCRIPTION :<br \/>\nLe s\u00e9rum physiologique Phy b\u00e9b\u00e9 est une solution nasale et ophtalmique qui convient aussi bien pour les soin des b\u00e9b\u00e9s que des adultes. Le s\u00e9rum physiologique permet le lavage des fosses nasales et peut \u00e9galement \u00eatre utilis\u00e9 pour l&rsquo;hygi\u00e8ne des yeux (lavage et \u00e9limination de corps \u00e9trangers) et pour l&rsquo;hygi\u00e8ne de la peau (plis, cou, visage). Sous forme d&rsquo;unidose \u00e0 usage unique, il se glisse facilement dans le sac \u00e0 langer ou le sac \u00e0 main pour les plus grands.<br \/>\nCONSEILS D&rsquo;UTILISATION :<br \/>\nD\u00e9tacher une unidose et l&rsquo;ouvrir en tournant la partie sup\u00e9rieure. Presser sur le corps de l&rsquo;unidose pour faire couler le s\u00e9rum physiologique. L&#8217;embout arrondi de l&rsquo;unidose permet son emploi en toute s\u00e9curit\u00e9.<\/p>\n","protected":false},"excerpt":{"rendered":"<p>DESCRIPTION : Le s\u00e9rum physiologique Phy b\u00e9b\u00e9 est une solution nasale et ophtalmique qui convient aussi bien pour les soin<\/p>\n","protected":false},"featured_media":37360,"comment_status":"open","ping_status":"closed","template":"","meta":[],"product_brand":[660],"product_cat":[657],"product_tag":[],"class_list":{"0":"post-37322","1":"product","2":"type-product","3":"status-publish","4":"has-post-thumbnail","6":"product_brand-phy-bebe","7":"product_cat-yeux-nez-et-oreilles","9":"first","10":"instock","11":"sale","12":"shipping-taxable","13":"purchasable","14":"product-type-simple"},"yoast_head":"<!-- This site is optimized with the Yoast SEO plugin v26.6 - https:\/\/yoast.com\/wordpress\/plugins\/seo\/ -->\r\n<title>PHY BEBE SERUM PHYSIOLOGIQUE 10*5ML - Paracherkaoui.ma<\/title>\r\n<meta name=\"robots\" content=\"index, follow, max-snippet:-1, max-image-preview:large, max-video-preview:-1\" \/>\r\n<link rel=\"canonical\" href=\"https:\/\/paracherkaoui.ma\/index.php\/produit\/phy-bebe-serum-physiologique-105ml\/\" \/>\r\n<meta property=\"og:locale\" content=\"fr_FR\" \/>\r\n<meta property=\"og:type\" content=\"article\" \/>\r\n<meta property=\"og:title\" content=\"PHY BEBE SERUM PHYSIOLOGIQUE 10*5ML - Paracherkaoui.ma\" \/>\r\n<meta property=\"og:description\" content=\"DESCRIPTION : Le s\u00e9rum physiologique Phy b\u00e9b\u00e9 est une solution nasale et ophtalmique qui convient aussi bien pour les soin\" \/>\r\n<meta property=\"og:url\" content=\"https:\/\/paracherkaoui.ma\/index.php\/produit\/phy-bebe-serum-physiologique-105ml\/\" \/>\r\n<meta property=\"og:site_name\" content=\"Paracherkaoui.ma\" \/>\r\n<meta property=\"article:modified_time\" content=\"2025-12-12T17:58:02+00:00\" \/>\r\n<meta property=\"og:image\" content=\"https:\/\/paracherkaoui.ma\/wp-content\/uploads\/2025\/12\/phy-bebe-serum-physiologique-105ml.jpg\" \/>\r\n\t<meta property=\"og:image:width\" content=\"700\" \/>\r\n\t<meta property=\"og:image:height\" content=\"700\" \/>\r\n\t<meta property=\"og:image:type\" content=\"image\/jpeg\" \/>\r\n<meta name=\"twitter:card\" content=\"summary_large_image\" \/>\r\n<meta name=\"twitter:label1\" content=\"Dur\u00e9e de lecture estim\u00e9e\" \/>\n\t<meta name=\"twitter:data1\" content=\"1 minute\" \/>\r\n<script type=\"application\/ld+json\" class=\"yoast-schema-graph\">{\"@context\":\"https:\/\/schema.org\",\"@graph\":[{\"@type\":\"WebPage\",\"@id\":\"https:\/\/paracherkaoui.ma\/index.php\/produit\/phy-bebe-serum-physiologique-105ml\/\",\"url\":\"https:\/\/paracherkaoui.ma\/index.php\/produit\/phy-bebe-serum-physiologique-105ml\/\",\"name\":\"PHY BEBE SERUM PHYSIOLOGIQUE 10*5ML - Paracherkaoui.ma\",\"isPartOf\":{\"@id\":\"https:\/\/paracherkaoui.ma\/#website\"},\"primaryImageOfPage\":{\"@id\":\"https:\/\/paracherkaoui.ma\/index.php\/produit\/phy-bebe-serum-physiologique-105ml\/#primaryimage\"},\"image\":{\"@id\":\"https:\/\/paracherkaoui.ma\/index.php\/produit\/phy-bebe-serum-physiologique-105ml\/#primaryimage\"},\"thumbnailUrl\":\"https:\/\/paracherkaoui.ma\/wp-content\/uploads\/2025\/12\/phy-bebe-serum-physiologique-105ml.jpg\",\"datePublished\":\"2025-12-12T17:57:59+00:00\",\"dateModified\":\"2025-12-12T17:58:02+00:00\",\"breadcrumb\":{\"@id\":\"https:\/\/paracherkaoui.ma\/index.php\/produit\/phy-bebe-serum-physiologique-105ml\/#breadcrumb\"},\"inLanguage\":\"fr-FR\",\"potentialAction\":[{\"@type\":\"ReadAction\",\"target\":[\"https:\/\/paracherkaoui.ma\/index.php\/produit\/phy-bebe-serum-physiologique-105ml\/\"]}]},{\"@type\":\"ImageObject\",\"inLanguage\":\"fr-FR\",\"@id\":\"https:\/\/paracherkaoui.ma\/index.php\/produit\/phy-bebe-serum-physiologique-105ml\/#primaryimage\",\"url\":\"https:\/\/paracherkaoui.ma\/wp-content\/uploads\/2025\/12\/phy-bebe-serum-physiologique-105ml.jpg\",\"contentUrl\":\"https:\/\/paracherkaoui.ma\/wp-content\/uploads\/2025\/12\/phy-bebe-serum-physiologique-105ml.jpg\",\"width\":700,\"height\":700},{\"@type\":\"BreadcrumbList\",\"@id\":\"https:\/\/paracherkaoui.ma\/index.php\/produit\/phy-bebe-serum-physiologique-105ml\/#breadcrumb\",\"itemListElement\":[{\"@type\":\"ListItem\",\"position\":1,\"name\":\"Accueil\",\"item\":\"https:\/\/paracherkaoui.ma\/\"},{\"@type\":\"ListItem\",\"position\":2,\"name\":\"Boutique\",\"item\":\"https:\/\/paracherkaoui.ma\/index.php\/boutique\/\"},{\"@type\":\"ListItem\",\"position\":3,\"name\":\"PHY BEBE SERUM PHYSIOLOGIQUE 10*5ML\"}]},{\"@type\":\"WebSite\",\"@id\":\"https:\/\/paracherkaoui.ma\/#website\",\"url\":\"https:\/\/paracherkaoui.ma\/\",\"name\":\"Paracherkaoui.ma\",\"description\":\"Achetez en ligne sur Paracherkaoui.ma\",\"potentialAction\":[{\"@type\":\"SearchAction\",\"target\":{\"@type\":\"EntryPoint\",\"urlTemplate\":\"https:\/\/paracherkaoui.ma\/?s={search_term_string}\"},\"query-input\":{\"@type\":\"PropertyValueSpecification\",\"valueRequired\":true,\"valueName\":\"search_term_string\"}}],\"inLanguage\":\"fr-FR\"}]}<\/script>\r\n<!-- \/ Yoast SEO plugin. -->","yoast_head_json":{"title":"PHY BEBE SERUM PHYSIOLOGIQUE 10*5ML - Paracherkaoui.ma","robots":{"index":"index","follow":"follow","max-snippet":"max-snippet:-1","max-image-preview":"max-image-preview:large","max-video-preview":"max-video-preview:-1"},"canonical":"https:\/\/paracherkaoui.ma\/index.php\/produit\/phy-bebe-serum-physiologique-105ml\/","og_locale":"fr_FR","og_type":"article","og_title":"PHY BEBE SERUM PHYSIOLOGIQUE 10*5ML - Paracherkaoui.ma","og_description":"DESCRIPTION : Le s\u00e9rum physiologique Phy b\u00e9b\u00e9 est une solution nasale et ophtalmique qui convient aussi bien pour les soin","og_url":"https:\/\/paracherkaoui.ma\/index.php\/produit\/phy-bebe-serum-physiologique-105ml\/","og_site_name":"Paracherkaoui.ma","article_modified_time":"2025-12-12T17:58:02+00:00","og_image":[{"width":700,"height":700,"url":"https:\/\/paracherkaoui.ma\/wp-content\/uploads\/2025\/12\/phy-bebe-serum-physiologique-105ml.jpg","type":"image\/jpeg"}],"twitter_card":"summary_large_image","twitter_misc":{"Dur\u00e9e de lecture estim\u00e9e":"1 minute"},"schema":{"@context":"https:\/\/schema.org","@graph":[{"@type":"WebPage","@id":"https:\/\/paracherkaoui.ma\/index.php\/produit\/phy-bebe-serum-physiologique-105ml\/","url":"https:\/\/paracherkaoui.ma\/index.php\/produit\/phy-bebe-serum-physiologique-105ml\/","name":"PHY BEBE SERUM PHYSIOLOGIQUE 10*5ML - Paracherkaoui.ma","isPartOf":{"@id":"https:\/\/paracherkaoui.ma\/#website"},"primaryImageOfPage":{"@id":"https:\/\/paracherkaoui.ma\/index.php\/produit\/phy-bebe-serum-physiologique-105ml\/#primaryimage"},"image":{"@id":"https:\/\/paracherkaoui.ma\/index.php\/produit\/phy-bebe-serum-physiologique-105ml\/#primaryimage"},"thumbnailUrl":"https:\/\/paracherkaoui.ma\/wp-content\/uploads\/2025\/12\/phy-bebe-serum-physiologique-105ml.jpg","datePublished":"2025-12-12T17:57:59+00:00","dateModified":"2025-12-12T17:58:02+00:00","breadcrumb":{"@id":"https:\/\/paracherkaoui.ma\/index.php\/produit\/phy-bebe-serum-physiologique-105ml\/#breadcrumb"},"inLanguage":"fr-FR","potentialAction":[{"@type":"ReadAction","target":["https:\/\/paracherkaoui.ma\/index.php\/produit\/phy-bebe-serum-physiologique-105ml\/"]}]},{"@type":"ImageObject","inLanguage":"fr-FR","@id":"https:\/\/paracherkaoui.ma\/index.php\/produit\/phy-bebe-serum-physiologique-105ml\/#primaryimage","url":"https:\/\/paracherkaoui.ma\/wp-content\/uploads\/2025\/12\/phy-bebe-serum-physiologique-105ml.jpg","contentUrl":"https:\/\/paracherkaoui.ma\/wp-content\/uploads\/2025\/12\/phy-bebe-serum-physiologique-105ml.jpg","width":700,"height":700},{"@type":"BreadcrumbList","@id":"https:\/\/paracherkaoui.ma\/index.php\/produit\/phy-bebe-serum-physiologique-105ml\/#breadcrumb","itemListElement":[{"@type":"ListItem","position":1,"name":"Accueil","item":"https:\/\/paracherkaoui.ma\/"},{"@type":"ListItem","position":2,"name":"Boutique","item":"https:\/\/paracherkaoui.ma\/index.php\/boutique\/"},{"@type":"ListItem","position":3,"name":"PHY BEBE SERUM PHYSIOLOGIQUE 10*5ML"}]},{"@type":"WebSite","@id":"https:\/\/paracherkaoui.ma\/#website","url":"https:\/\/paracherkaoui.ma\/","name":"Paracherkaoui.ma","description":"Achetez en ligne sur Paracherkaoui.ma","potentialAction":[{"@type":"SearchAction","target":{"@type":"EntryPoint","urlTemplate":"https:\/\/paracherkaoui.ma\/?s={search_term_string}"},"query-input":{"@type":"PropertyValueSpecification","valueRequired":true,"valueName":"search_term_string"}}],"inLanguage":"fr-FR"}]}},"_links":{"self":[{"href":"https:\/\/paracherkaoui.ma\/index.php\/wp-json\/wp\/v2\/product\/37322","targetHints":{"allow":["GET"]}}],"collection":[{"href":"https:\/\/paracherkaoui.ma\/index.php\/wp-json\/wp\/v2\/product"}],"about":[{"href":"https:\/\/paracherkaoui.ma\/index.php\/wp-json\/wp\/v2\/types\/product"}],"replies":[{"embeddable":true,"href":"https:\/\/paracherkaoui.ma\/index.php\/wp-json\/wp\/v2\/comments?post=37322"}],"version-history":[{"count":1,"href":"https:\/\/paracherkaoui.ma\/index.php\/wp-json\/wp\/v2\/product\/37322\/revisions"}],"predecessor-version":[{"id":37361,"href":"https:\/\/paracherkaoui.ma\/index.php\/wp-json\/wp\/v2\/product\/37322\/revisions\/37361"}],"wp:featuredmedia":[{"embeddable":true,"href":"https:\/\/paracherkaoui.ma\/index.php\/wp-json\/wp\/v2\/media\/37360"}],"wp:attachment":[{"href":"https:\/\/paracherkaoui.ma\/index.php\/wp-json\/wp\/v2\/media?parent=37322"}],"wp:term":[{"taxonomy":"product_brand","embeddable":true,"href":"https:\/\/paracherkaoui.ma\/index.php\/wp-json\/wp\/v2\/product_brand?post=37322"},{"taxonomy":"product_cat","embeddable":true,"href":"https:\/\/paracherkaoui.ma\/index.php\/wp-json\/wp\/v2\/product_cat?post=37322"},{"taxonomy":"product_tag","embeddable":true,"href":"https:\/\/paracherkaoui.ma\/index.php\/wp-json\/wp\/v2\/product_tag?post=37322"}],"curies":[{"name":"wp","href":"https:\/\/api.w.org\/{rel}","templated":true}]}}