{"id":37314,"date":"2025-12-12T18:57:58","date_gmt":"2025-12-12T17:57:58","guid":{"rendered":"https:\/\/test.ecbeaute.com\/?post_type=product&#038;p=37314"},"modified":"2025-12-12T18:58:00","modified_gmt":"2025-12-12T17:58:00","slug":"gifrer-physiologica-lavage-du-nez-solution-isotonique-spray-100ml","status":"publish","type":"product","link":"https:\/\/paracherkaoui.ma\/index.php\/produit\/gifrer-physiologica-lavage-du-nez-solution-isotonique-spray-100ml\/","title":{"rendered":"GIFRER Physiologica Lavage Du Nez Solution Isotonique Spray 100ml"},"content":{"rendered":"<p>La solution d&rsquo;Eau de Mer Isotonique de Physiologica est con\u00e7ue pour le lavage du nez: elle est id\u00e9ale pour le lavage et l&rsquo;humidification des fosses nasales des nourrissons, des enfants et des adultes.<br \/>\nLe Physiologica Eau de Mer Isotonique repr\u00e9sente une aide au maintien ou \u00e0 la restauration de l\u00e9quilibre physiologique des muqueuses.<br \/>\nIl est pr\u00e9conis\u00e9 dans les cas suivants:<br \/>\n&#8211; hygi\u00e8ne de la muqueuse nasale (pollution, air sec, climatisation, poussi\u00e8res &#8230;)<br \/>\n&#8211; pr\u00e9vention de l&rsquo;ass\u00e8chement<br \/>\n&#8211; stimulation du mouchage.<\/p>\n<p>Il peut \u00eatre utilis\u00e9 sur une p\u00e9riode prolong\u00e9e (en pr\u00e9vention ou en hygi\u00e8ne quotidienne).<\/p>\n","protected":false},"excerpt":{"rendered":"<p>La solution d&rsquo;Eau de Mer Isotonique de Physiologica est con\u00e7ue pour le lavage du nez: elle est id\u00e9ale pour le<\/p>\n","protected":false},"featured_media":37344,"comment_status":"open","ping_status":"closed","template":"","meta":[],"product_brand":[659],"product_cat":[657],"product_tag":[],"class_list":{"0":"post-37314","1":"product","2":"type-product","3":"status-publish","4":"has-post-thumbnail","6":"product_brand-gifrer","7":"product_cat-yeux-nez-et-oreilles","9":"first","10":"instock","11":"sale","12":"shipping-taxable","13":"purchasable","14":"product-type-simple"},"yoast_head":"<!-- This site is optimized with the Yoast SEO plugin v26.6 - https:\/\/yoast.com\/wordpress\/plugins\/seo\/ -->\r\n<title>GIFRER Physiologica Lavage Du Nez Solution Isotonique Spray 100ml - Paracherkaoui.ma<\/title>\r\n<meta name=\"robots\" content=\"index, follow, max-snippet:-1, max-image-preview:large, max-video-preview:-1\" \/>\r\n<link rel=\"canonical\" href=\"https:\/\/paracherkaoui.ma\/index.php\/produit\/gifrer-physiologica-lavage-du-nez-solution-isotonique-spray-100ml\/\" \/>\r\n<meta property=\"og:locale\" content=\"fr_FR\" \/>\r\n<meta property=\"og:type\" content=\"article\" \/>\r\n<meta property=\"og:title\" content=\"GIFRER Physiologica Lavage Du Nez Solution Isotonique Spray 100ml - Paracherkaoui.ma\" \/>\r\n<meta property=\"og:description\" content=\"La solution d&rsquo;Eau de Mer Isotonique de Physiologica est con\u00e7ue pour le lavage du nez: elle est id\u00e9ale pour le\" \/>\r\n<meta property=\"og:url\" content=\"https:\/\/paracherkaoui.ma\/index.php\/produit\/gifrer-physiologica-lavage-du-nez-solution-isotonique-spray-100ml\/\" \/>\r\n<meta property=\"og:site_name\" content=\"Paracherkaoui.ma\" \/>\r\n<meta property=\"article:modified_time\" content=\"2025-12-12T17:58:00+00:00\" \/>\r\n<meta property=\"og:image\" content=\"https:\/\/paracherkaoui.ma\/wp-content\/uploads\/2025\/12\/gifrer-gifrer-physiologica-lavage-du-nez-solution-isotonique-spray-100ml-nez-et-oreille.jpg\" \/>\r\n\t<meta property=\"og:image:width\" content=\"700\" \/>\r\n\t<meta property=\"og:image:height\" content=\"700\" \/>\r\n\t<meta property=\"og:image:type\" content=\"image\/jpeg\" \/>\r\n<meta name=\"twitter:card\" content=\"summary_large_image\" \/>\r\n<meta name=\"twitter:label1\" content=\"Dur\u00e9e de lecture estim\u00e9e\" \/>\n\t<meta name=\"twitter:data1\" content=\"1 minute\" \/>\r\n<script type=\"application\/ld+json\" class=\"yoast-schema-graph\">{\"@context\":\"https:\/\/schema.org\",\"@graph\":[{\"@type\":\"WebPage\",\"@id\":\"https:\/\/paracherkaoui.ma\/index.php\/produit\/gifrer-physiologica-lavage-du-nez-solution-isotonique-spray-100ml\/\",\"url\":\"https:\/\/paracherkaoui.ma\/index.php\/produit\/gifrer-physiologica-lavage-du-nez-solution-isotonique-spray-100ml\/\",\"name\":\"GIFRER Physiologica Lavage Du Nez Solution Isotonique Spray 100ml - Paracherkaoui.ma\",\"isPartOf\":{\"@id\":\"https:\/\/paracherkaoui.ma\/#website\"},\"primaryImageOfPage\":{\"@id\":\"https:\/\/paracherkaoui.ma\/index.php\/produit\/gifrer-physiologica-lavage-du-nez-solution-isotonique-spray-100ml\/#primaryimage\"},\"image\":{\"@id\":\"https:\/\/paracherkaoui.ma\/index.php\/produit\/gifrer-physiologica-lavage-du-nez-solution-isotonique-spray-100ml\/#primaryimage\"},\"thumbnailUrl\":\"https:\/\/paracherkaoui.ma\/wp-content\/uploads\/2025\/12\/gifrer-gifrer-physiologica-lavage-du-nez-solution-isotonique-spray-100ml-nez-et-oreille.jpg\",\"datePublished\":\"2025-12-12T17:57:58+00:00\",\"dateModified\":\"2025-12-12T17:58:00+00:00\",\"breadcrumb\":{\"@id\":\"https:\/\/paracherkaoui.ma\/index.php\/produit\/gifrer-physiologica-lavage-du-nez-solution-isotonique-spray-100ml\/#breadcrumb\"},\"inLanguage\":\"fr-FR\",\"potentialAction\":[{\"@type\":\"ReadAction\",\"target\":[\"https:\/\/paracherkaoui.ma\/index.php\/produit\/gifrer-physiologica-lavage-du-nez-solution-isotonique-spray-100ml\/\"]}]},{\"@type\":\"ImageObject\",\"inLanguage\":\"fr-FR\",\"@id\":\"https:\/\/paracherkaoui.ma\/index.php\/produit\/gifrer-physiologica-lavage-du-nez-solution-isotonique-spray-100ml\/#primaryimage\",\"url\":\"https:\/\/paracherkaoui.ma\/wp-content\/uploads\/2025\/12\/gifrer-gifrer-physiologica-lavage-du-nez-solution-isotonique-spray-100ml-nez-et-oreille.jpg\",\"contentUrl\":\"https:\/\/paracherkaoui.ma\/wp-content\/uploads\/2025\/12\/gifrer-gifrer-physiologica-lavage-du-nez-solution-isotonique-spray-100ml-nez-et-oreille.jpg\",\"width\":700,\"height\":700},{\"@type\":\"BreadcrumbList\",\"@id\":\"https:\/\/paracherkaoui.ma\/index.php\/produit\/gifrer-physiologica-lavage-du-nez-solution-isotonique-spray-100ml\/#breadcrumb\",\"itemListElement\":[{\"@type\":\"ListItem\",\"position\":1,\"name\":\"Accueil\",\"item\":\"https:\/\/paracherkaoui.ma\/\"},{\"@type\":\"ListItem\",\"position\":2,\"name\":\"Boutique\",\"item\":\"https:\/\/paracherkaoui.ma\/index.php\/boutique\/\"},{\"@type\":\"ListItem\",\"position\":3,\"name\":\"GIFRER Physiologica Lavage Du Nez Solution Isotonique Spray 100ml\"}]},{\"@type\":\"WebSite\",\"@id\":\"https:\/\/paracherkaoui.ma\/#website\",\"url\":\"https:\/\/paracherkaoui.ma\/\",\"name\":\"Paracherkaoui.ma\",\"description\":\"Achetez en ligne sur Paracherkaoui.ma\",\"potentialAction\":[{\"@type\":\"SearchAction\",\"target\":{\"@type\":\"EntryPoint\",\"urlTemplate\":\"https:\/\/paracherkaoui.ma\/?s={search_term_string}\"},\"query-input\":{\"@type\":\"PropertyValueSpecification\",\"valueRequired\":true,\"valueName\":\"search_term_string\"}}],\"inLanguage\":\"fr-FR\"}]}<\/script>\r\n<!-- \/ Yoast SEO plugin. -->","yoast_head_json":{"title":"GIFRER Physiologica Lavage Du Nez Solution Isotonique Spray 100ml - Paracherkaoui.ma","robots":{"index":"index","follow":"follow","max-snippet":"max-snippet:-1","max-image-preview":"max-image-preview:large","max-video-preview":"max-video-preview:-1"},"canonical":"https:\/\/paracherkaoui.ma\/index.php\/produit\/gifrer-physiologica-lavage-du-nez-solution-isotonique-spray-100ml\/","og_locale":"fr_FR","og_type":"article","og_title":"GIFRER Physiologica Lavage Du Nez Solution Isotonique Spray 100ml - Paracherkaoui.ma","og_description":"La solution d&rsquo;Eau de Mer Isotonique de Physiologica est con\u00e7ue pour le lavage du nez: elle est id\u00e9ale pour le","og_url":"https:\/\/paracherkaoui.ma\/index.php\/produit\/gifrer-physiologica-lavage-du-nez-solution-isotonique-spray-100ml\/","og_site_name":"Paracherkaoui.ma","article_modified_time":"2025-12-12T17:58:00+00:00","og_image":[{"width":700,"height":700,"url":"https:\/\/paracherkaoui.ma\/wp-content\/uploads\/2025\/12\/gifrer-gifrer-physiologica-lavage-du-nez-solution-isotonique-spray-100ml-nez-et-oreille.jpg","type":"image\/jpeg"}],"twitter_card":"summary_large_image","twitter_misc":{"Dur\u00e9e de lecture estim\u00e9e":"1 minute"},"schema":{"@context":"https:\/\/schema.org","@graph":[{"@type":"WebPage","@id":"https:\/\/paracherkaoui.ma\/index.php\/produit\/gifrer-physiologica-lavage-du-nez-solution-isotonique-spray-100ml\/","url":"https:\/\/paracherkaoui.ma\/index.php\/produit\/gifrer-physiologica-lavage-du-nez-solution-isotonique-spray-100ml\/","name":"GIFRER Physiologica Lavage Du Nez Solution Isotonique Spray 100ml - Paracherkaoui.ma","isPartOf":{"@id":"https:\/\/paracherkaoui.ma\/#website"},"primaryImageOfPage":{"@id":"https:\/\/paracherkaoui.ma\/index.php\/produit\/gifrer-physiologica-lavage-du-nez-solution-isotonique-spray-100ml\/#primaryimage"},"image":{"@id":"https:\/\/paracherkaoui.ma\/index.php\/produit\/gifrer-physiologica-lavage-du-nez-solution-isotonique-spray-100ml\/#primaryimage"},"thumbnailUrl":"https:\/\/paracherkaoui.ma\/wp-content\/uploads\/2025\/12\/gifrer-gifrer-physiologica-lavage-du-nez-solution-isotonique-spray-100ml-nez-et-oreille.jpg","datePublished":"2025-12-12T17:57:58+00:00","dateModified":"2025-12-12T17:58:00+00:00","breadcrumb":{"@id":"https:\/\/paracherkaoui.ma\/index.php\/produit\/gifrer-physiologica-lavage-du-nez-solution-isotonique-spray-100ml\/#breadcrumb"},"inLanguage":"fr-FR","potentialAction":[{"@type":"ReadAction","target":["https:\/\/paracherkaoui.ma\/index.php\/produit\/gifrer-physiologica-lavage-du-nez-solution-isotonique-spray-100ml\/"]}]},{"@type":"ImageObject","inLanguage":"fr-FR","@id":"https:\/\/paracherkaoui.ma\/index.php\/produit\/gifrer-physiologica-lavage-du-nez-solution-isotonique-spray-100ml\/#primaryimage","url":"https:\/\/paracherkaoui.ma\/wp-content\/uploads\/2025\/12\/gifrer-gifrer-physiologica-lavage-du-nez-solution-isotonique-spray-100ml-nez-et-oreille.jpg","contentUrl":"https:\/\/paracherkaoui.ma\/wp-content\/uploads\/2025\/12\/gifrer-gifrer-physiologica-lavage-du-nez-solution-isotonique-spray-100ml-nez-et-oreille.jpg","width":700,"height":700},{"@type":"BreadcrumbList","@id":"https:\/\/paracherkaoui.ma\/index.php\/produit\/gifrer-physiologica-lavage-du-nez-solution-isotonique-spray-100ml\/#breadcrumb","itemListElement":[{"@type":"ListItem","position":1,"name":"Accueil","item":"https:\/\/paracherkaoui.ma\/"},{"@type":"ListItem","position":2,"name":"Boutique","item":"https:\/\/paracherkaoui.ma\/index.php\/boutique\/"},{"@type":"ListItem","position":3,"name":"GIFRER Physiologica Lavage Du Nez Solution Isotonique Spray 100ml"}]},{"@type":"WebSite","@id":"https:\/\/paracherkaoui.ma\/#website","url":"https:\/\/paracherkaoui.ma\/","name":"Paracherkaoui.ma","description":"Achetez en ligne sur Paracherkaoui.ma","potentialAction":[{"@type":"SearchAction","target":{"@type":"EntryPoint","urlTemplate":"https:\/\/paracherkaoui.ma\/?s={search_term_string}"},"query-input":{"@type":"PropertyValueSpecification","valueRequired":true,"valueName":"search_term_string"}}],"inLanguage":"fr-FR"}]}},"_links":{"self":[{"href":"https:\/\/paracherkaoui.ma\/index.php\/wp-json\/wp\/v2\/product\/37314","targetHints":{"allow":["GET"]}}],"collection":[{"href":"https:\/\/paracherkaoui.ma\/index.php\/wp-json\/wp\/v2\/product"}],"about":[{"href":"https:\/\/paracherkaoui.ma\/index.php\/wp-json\/wp\/v2\/types\/product"}],"replies":[{"embeddable":true,"href":"https:\/\/paracherkaoui.ma\/index.php\/wp-json\/wp\/v2\/comments?post=37314"}],"version-history":[{"count":1,"href":"https:\/\/paracherkaoui.ma\/index.php\/wp-json\/wp\/v2\/product\/37314\/revisions"}],"predecessor-version":[{"id":37345,"href":"https:\/\/paracherkaoui.ma\/index.php\/wp-json\/wp\/v2\/product\/37314\/revisions\/37345"}],"wp:featuredmedia":[{"embeddable":true,"href":"https:\/\/paracherkaoui.ma\/index.php\/wp-json\/wp\/v2\/media\/37344"}],"wp:attachment":[{"href":"https:\/\/paracherkaoui.ma\/index.php\/wp-json\/wp\/v2\/media?parent=37314"}],"wp:term":[{"taxonomy":"product_brand","embeddable":true,"href":"https:\/\/paracherkaoui.ma\/index.php\/wp-json\/wp\/v2\/product_brand?post=37314"},{"taxonomy":"product_cat","embeddable":true,"href":"https:\/\/paracherkaoui.ma\/index.php\/wp-json\/wp\/v2\/product_cat?post=37314"},{"taxonomy":"product_tag","embeddable":true,"href":"https:\/\/paracherkaoui.ma\/index.php\/wp-json\/wp\/v2\/product_tag?post=37314"}],"curies":[{"name":"wp","href":"https:\/\/api.w.org\/{rel}","templated":true}]}}