{"id":37273,"date":"2025-12-12T18:57:43","date_gmt":"2025-12-12T17:57:43","guid":{"rendered":"https:\/\/test.ecbeaute.com\/?post_type=product&#038;p=37273"},"modified":"2025-12-12T18:57:49","modified_gmt":"2025-12-12T17:57:49","slug":"quies-docuspray-100-ml","status":"publish","type":"product","link":"https:\/\/paracherkaoui.ma\/index.php\/produit\/quies-docuspray-100-ml\/","title":{"rendered":"QUIES DOCUSPRAY 100 ML"},"content":{"rendered":"<p>Description:<br \/>\nLe spray auriculaire Docuspray est une solution douce \u00e0 base d\u2019oligo-\u00e9l\u00e9ments d\u2019origine marine pour nettoyer vos oreilles en toute s\u00e9curit\u00e9.Docuspray contient des \u00e9l\u00e9ments actifs qui fluidifient le c\u00e9rumen et en facilitent l\u2019\u00e9vacuation. Sans gaz propulseur, il nettoie le conduit auditif en pr\u00e9servant le tympan.Pratique d\u2019usage, il convient \u00e0 toute la famille et aux enfants d\u00e8s l\u2019\u00e2ge de 30 mois.<br \/>\nConseils d&rsquo;utilisation:<br \/>\n2 \u00e0 3 fois par semaine suffisent pour un entretien optimal.<\/p>\n","protected":false},"excerpt":{"rendered":"<p>Description: Le spray auriculaire Docuspray est une solution douce \u00e0 base d\u2019oligo-\u00e9l\u00e9ments d\u2019origine marine pour nettoyer vos oreilles en toute<\/p>\n","protected":false},"featured_media":37312,"comment_status":"open","ping_status":"closed","template":"","meta":[],"product_brand":[658],"product_cat":[657],"product_tag":[],"class_list":{"0":"post-37273","1":"product","2":"type-product","3":"status-publish","4":"has-post-thumbnail","6":"product_brand-quies","7":"product_cat-yeux-nez-et-oreilles","9":"first","10":"instock","11":"sale","12":"shipping-taxable","13":"purchasable","14":"product-type-simple"},"yoast_head":"<!-- This site is optimized with the Yoast SEO plugin v26.6 - https:\/\/yoast.com\/wordpress\/plugins\/seo\/ -->\r\n<title>QUIES DOCUSPRAY 100 ML - Paracherkaoui.ma<\/title>\r\n<meta name=\"robots\" content=\"index, follow, max-snippet:-1, max-image-preview:large, max-video-preview:-1\" \/>\r\n<link rel=\"canonical\" href=\"https:\/\/paracherkaoui.ma\/index.php\/produit\/quies-docuspray-100-ml\/\" \/>\r\n<meta property=\"og:locale\" content=\"fr_FR\" \/>\r\n<meta property=\"og:type\" content=\"article\" \/>\r\n<meta property=\"og:title\" content=\"QUIES DOCUSPRAY 100 ML - Paracherkaoui.ma\" \/>\r\n<meta property=\"og:description\" content=\"Description: Le spray auriculaire Docuspray est une solution douce \u00e0 base d\u2019oligo-\u00e9l\u00e9ments d\u2019origine marine pour nettoyer vos oreilles en toute\" \/>\r\n<meta property=\"og:url\" content=\"https:\/\/paracherkaoui.ma\/index.php\/produit\/quies-docuspray-100-ml\/\" \/>\r\n<meta property=\"og:site_name\" content=\"Paracherkaoui.ma\" \/>\r\n<meta property=\"article:modified_time\" content=\"2025-12-12T17:57:49+00:00\" \/>\r\n<meta property=\"og:image\" content=\"https:\/\/paracherkaoui.ma\/wp-content\/uploads\/2025\/12\/quies-quies-docuspray-100-ml-yeux-nez-oreilles.jpg\" \/>\r\n\t<meta property=\"og:image:width\" content=\"700\" \/>\r\n\t<meta property=\"og:image:height\" content=\"700\" \/>\r\n\t<meta property=\"og:image:type\" content=\"image\/jpeg\" \/>\r\n<meta name=\"twitter:card\" content=\"summary_large_image\" \/>\r\n<script type=\"application\/ld+json\" class=\"yoast-schema-graph\">{\"@context\":\"https:\/\/schema.org\",\"@graph\":[{\"@type\":\"WebPage\",\"@id\":\"https:\/\/paracherkaoui.ma\/index.php\/produit\/quies-docuspray-100-ml\/\",\"url\":\"https:\/\/paracherkaoui.ma\/index.php\/produit\/quies-docuspray-100-ml\/\",\"name\":\"QUIES DOCUSPRAY 100 ML - Paracherkaoui.ma\",\"isPartOf\":{\"@id\":\"https:\/\/paracherkaoui.ma\/#website\"},\"primaryImageOfPage\":{\"@id\":\"https:\/\/paracherkaoui.ma\/index.php\/produit\/quies-docuspray-100-ml\/#primaryimage\"},\"image\":{\"@id\":\"https:\/\/paracherkaoui.ma\/index.php\/produit\/quies-docuspray-100-ml\/#primaryimage\"},\"thumbnailUrl\":\"https:\/\/paracherkaoui.ma\/wp-content\/uploads\/2025\/12\/quies-quies-docuspray-100-ml-yeux-nez-oreilles.jpg\",\"datePublished\":\"2025-12-12T17:57:43+00:00\",\"dateModified\":\"2025-12-12T17:57:49+00:00\",\"breadcrumb\":{\"@id\":\"https:\/\/paracherkaoui.ma\/index.php\/produit\/quies-docuspray-100-ml\/#breadcrumb\"},\"inLanguage\":\"fr-FR\",\"potentialAction\":[{\"@type\":\"ReadAction\",\"target\":[\"https:\/\/paracherkaoui.ma\/index.php\/produit\/quies-docuspray-100-ml\/\"]}]},{\"@type\":\"ImageObject\",\"inLanguage\":\"fr-FR\",\"@id\":\"https:\/\/paracherkaoui.ma\/index.php\/produit\/quies-docuspray-100-ml\/#primaryimage\",\"url\":\"https:\/\/paracherkaoui.ma\/wp-content\/uploads\/2025\/12\/quies-quies-docuspray-100-ml-yeux-nez-oreilles.jpg\",\"contentUrl\":\"https:\/\/paracherkaoui.ma\/wp-content\/uploads\/2025\/12\/quies-quies-docuspray-100-ml-yeux-nez-oreilles.jpg\",\"width\":700,\"height\":700},{\"@type\":\"BreadcrumbList\",\"@id\":\"https:\/\/paracherkaoui.ma\/index.php\/produit\/quies-docuspray-100-ml\/#breadcrumb\",\"itemListElement\":[{\"@type\":\"ListItem\",\"position\":1,\"name\":\"Accueil\",\"item\":\"https:\/\/paracherkaoui.ma\/\"},{\"@type\":\"ListItem\",\"position\":2,\"name\":\"Boutique\",\"item\":\"https:\/\/paracherkaoui.ma\/index.php\/boutique\/\"},{\"@type\":\"ListItem\",\"position\":3,\"name\":\"QUIES DOCUSPRAY 100 ML\"}]},{\"@type\":\"WebSite\",\"@id\":\"https:\/\/paracherkaoui.ma\/#website\",\"url\":\"https:\/\/paracherkaoui.ma\/\",\"name\":\"Paracherkaoui.ma\",\"description\":\"Achetez en ligne sur Paracherkaoui.ma\",\"potentialAction\":[{\"@type\":\"SearchAction\",\"target\":{\"@type\":\"EntryPoint\",\"urlTemplate\":\"https:\/\/paracherkaoui.ma\/?s={search_term_string}\"},\"query-input\":{\"@type\":\"PropertyValueSpecification\",\"valueRequired\":true,\"valueName\":\"search_term_string\"}}],\"inLanguage\":\"fr-FR\"}]}<\/script>\r\n<!-- \/ Yoast SEO plugin. -->","yoast_head_json":{"title":"QUIES DOCUSPRAY 100 ML - Paracherkaoui.ma","robots":{"index":"index","follow":"follow","max-snippet":"max-snippet:-1","max-image-preview":"max-image-preview:large","max-video-preview":"max-video-preview:-1"},"canonical":"https:\/\/paracherkaoui.ma\/index.php\/produit\/quies-docuspray-100-ml\/","og_locale":"fr_FR","og_type":"article","og_title":"QUIES DOCUSPRAY 100 ML - Paracherkaoui.ma","og_description":"Description: Le spray auriculaire Docuspray est une solution douce \u00e0 base d\u2019oligo-\u00e9l\u00e9ments d\u2019origine marine pour nettoyer vos oreilles en toute","og_url":"https:\/\/paracherkaoui.ma\/index.php\/produit\/quies-docuspray-100-ml\/","og_site_name":"Paracherkaoui.ma","article_modified_time":"2025-12-12T17:57:49+00:00","og_image":[{"width":700,"height":700,"url":"https:\/\/paracherkaoui.ma\/wp-content\/uploads\/2025\/12\/quies-quies-docuspray-100-ml-yeux-nez-oreilles.jpg","type":"image\/jpeg"}],"twitter_card":"summary_large_image","schema":{"@context":"https:\/\/schema.org","@graph":[{"@type":"WebPage","@id":"https:\/\/paracherkaoui.ma\/index.php\/produit\/quies-docuspray-100-ml\/","url":"https:\/\/paracherkaoui.ma\/index.php\/produit\/quies-docuspray-100-ml\/","name":"QUIES DOCUSPRAY 100 ML - Paracherkaoui.ma","isPartOf":{"@id":"https:\/\/paracherkaoui.ma\/#website"},"primaryImageOfPage":{"@id":"https:\/\/paracherkaoui.ma\/index.php\/produit\/quies-docuspray-100-ml\/#primaryimage"},"image":{"@id":"https:\/\/paracherkaoui.ma\/index.php\/produit\/quies-docuspray-100-ml\/#primaryimage"},"thumbnailUrl":"https:\/\/paracherkaoui.ma\/wp-content\/uploads\/2025\/12\/quies-quies-docuspray-100-ml-yeux-nez-oreilles.jpg","datePublished":"2025-12-12T17:57:43+00:00","dateModified":"2025-12-12T17:57:49+00:00","breadcrumb":{"@id":"https:\/\/paracherkaoui.ma\/index.php\/produit\/quies-docuspray-100-ml\/#breadcrumb"},"inLanguage":"fr-FR","potentialAction":[{"@type":"ReadAction","target":["https:\/\/paracherkaoui.ma\/index.php\/produit\/quies-docuspray-100-ml\/"]}]},{"@type":"ImageObject","inLanguage":"fr-FR","@id":"https:\/\/paracherkaoui.ma\/index.php\/produit\/quies-docuspray-100-ml\/#primaryimage","url":"https:\/\/paracherkaoui.ma\/wp-content\/uploads\/2025\/12\/quies-quies-docuspray-100-ml-yeux-nez-oreilles.jpg","contentUrl":"https:\/\/paracherkaoui.ma\/wp-content\/uploads\/2025\/12\/quies-quies-docuspray-100-ml-yeux-nez-oreilles.jpg","width":700,"height":700},{"@type":"BreadcrumbList","@id":"https:\/\/paracherkaoui.ma\/index.php\/produit\/quies-docuspray-100-ml\/#breadcrumb","itemListElement":[{"@type":"ListItem","position":1,"name":"Accueil","item":"https:\/\/paracherkaoui.ma\/"},{"@type":"ListItem","position":2,"name":"Boutique","item":"https:\/\/paracherkaoui.ma\/index.php\/boutique\/"},{"@type":"ListItem","position":3,"name":"QUIES DOCUSPRAY 100 ML"}]},{"@type":"WebSite","@id":"https:\/\/paracherkaoui.ma\/#website","url":"https:\/\/paracherkaoui.ma\/","name":"Paracherkaoui.ma","description":"Achetez en ligne sur Paracherkaoui.ma","potentialAction":[{"@type":"SearchAction","target":{"@type":"EntryPoint","urlTemplate":"https:\/\/paracherkaoui.ma\/?s={search_term_string}"},"query-input":{"@type":"PropertyValueSpecification","valueRequired":true,"valueName":"search_term_string"}}],"inLanguage":"fr-FR"}]}},"_links":{"self":[{"href":"https:\/\/paracherkaoui.ma\/index.php\/wp-json\/wp\/v2\/product\/37273","targetHints":{"allow":["GET"]}}],"collection":[{"href":"https:\/\/paracherkaoui.ma\/index.php\/wp-json\/wp\/v2\/product"}],"about":[{"href":"https:\/\/paracherkaoui.ma\/index.php\/wp-json\/wp\/v2\/types\/product"}],"replies":[{"embeddable":true,"href":"https:\/\/paracherkaoui.ma\/index.php\/wp-json\/wp\/v2\/comments?post=37273"}],"version-history":[{"count":1,"href":"https:\/\/paracherkaoui.ma\/index.php\/wp-json\/wp\/v2\/product\/37273\/revisions"}],"predecessor-version":[{"id":37313,"href":"https:\/\/paracherkaoui.ma\/index.php\/wp-json\/wp\/v2\/product\/37273\/revisions\/37313"}],"wp:featuredmedia":[{"embeddable":true,"href":"https:\/\/paracherkaoui.ma\/index.php\/wp-json\/wp\/v2\/media\/37312"}],"wp:attachment":[{"href":"https:\/\/paracherkaoui.ma\/index.php\/wp-json\/wp\/v2\/media?parent=37273"}],"wp:term":[{"taxonomy":"product_brand","embeddable":true,"href":"https:\/\/paracherkaoui.ma\/index.php\/wp-json\/wp\/v2\/product_brand?post=37273"},{"taxonomy":"product_cat","embeddable":true,"href":"https:\/\/paracherkaoui.ma\/index.php\/wp-json\/wp\/v2\/product_cat?post=37273"},{"taxonomy":"product_tag","embeddable":true,"href":"https:\/\/paracherkaoui.ma\/index.php\/wp-json\/wp\/v2\/product_tag?post=37273"}],"curies":[{"name":"wp","href":"https:\/\/api.w.org\/{rel}","templated":true}]}}