{"id":37265,"date":"2025-12-12T18:57:43","date_gmt":"2025-12-12T17:57:43","guid":{"rendered":"https:\/\/test.ecbeaute.com\/?post_type=product&#038;p=37265"},"modified":"2025-12-12T18:57:47","modified_gmt":"2025-12-12T17:57:47","slug":"sterimar-stop-protect-nez-spray-nasal-allergies-20ml","status":"publish","type":"product","link":"https:\/\/paracherkaoui.ma\/index.php\/produit\/sterimar-stop-protect-nez-spray-nasal-allergies-20ml\/","title":{"rendered":"Sterimar Stop &#038; Protect nez spray nasal allergies 20ml"},"content":{"rendered":"<p>A base d\u2019ingr\u00e9dients d\u2019origine naturelle, il agit rapidement et efficacement sur les sympt\u00f4mes de la rhinite allergique qui peut se manifester par un \u00e9coulement nasal, des \u00e9ternuements, le nez bouch\u00e9, des picotements ou encore des larmoiements, et va tendre \u00e0 lutter contre leur apparition.<\/p>\n<p>Ce spray nasal est compos\u00e9 d\u2019eau de mer \u00e0 100\u00a0% naturelle qui est puis\u00e9e en baie de Cancale. C\u2019est une solution hypertonique faisant l\u2019objet d\u2019un complexe brevet\u00e9 exclusif enrichie en oligo-\u00e9l\u00e9ments mangan\u00e8se et calcium qui aide les nez sensibles \u00e0 faire face aux agressions allerg\u00e8nes respiratoires. Le mangan\u00e8se agit sur le renforcement de la fonction barri\u00e8re de la muqueuse et le calcium est li\u00e9 \u00e0 la lib\u00e9ration d\u2019histamine, principal responsable des sympt\u00f4mes de l\u2019allergie.<\/p>\n<p>Ce spray nasal Stop &#038; Protect nez allergique va, dans un premier temps, stopper\u00a0l\u2019\u00e9coulement et apaiser en d\u00e9congestionnant les voies nasales, tout en r\u00e9duisant\u00a0les \u00e9ternuements. Dans un second temps, il va agir en prot\u00e9geant le nez des intol\u00e9rances en cr\u00e9ant un film protecteur \u00e0 vis\u00e9e des allerg\u00e8nes et va booster cette fonction barri\u00e8re tout en respectant la muqueuse.<br \/>\nGr\u00e2ce \u00e0 son syst\u00e8me valve anti-reflux, la formule reste 100\u00a0% Pr\u00e9serv\u00e9e m\u00eame apr\u00e8s ouverture, sans risque de contamination et son capot protecteur garantit une bonne hygi\u00e8ne.<\/p>\n","protected":false},"excerpt":{"rendered":"<p>A base d\u2019ingr\u00e9dients d\u2019origine naturelle, il agit rapidement et efficacement sur les sympt\u00f4mes de la rhinite allergique qui peut se<\/p>\n","protected":false},"featured_media":37296,"comment_status":"open","ping_status":"closed","template":"","meta":[],"product_brand":[661],"product_cat":[657],"product_tag":[],"class_list":{"0":"post-37265","1":"product","2":"type-product","3":"status-publish","4":"has-post-thumbnail","6":"product_brand-sterimar","7":"product_cat-yeux-nez-et-oreilles","9":"first","10":"instock","11":"sale","12":"shipping-taxable","13":"purchasable","14":"product-type-simple"},"yoast_head":"<!-- This site is optimized with the Yoast SEO plugin v26.6 - https:\/\/yoast.com\/wordpress\/plugins\/seo\/ -->\r\n<title>Sterimar Stop &amp; Protect nez spray nasal allergies 20ml - Paracherkaoui.ma<\/title>\r\n<meta name=\"robots\" content=\"index, follow, max-snippet:-1, max-image-preview:large, max-video-preview:-1\" \/>\r\n<link rel=\"canonical\" href=\"https:\/\/paracherkaoui.ma\/index.php\/produit\/sterimar-stop-protect-nez-spray-nasal-allergies-20ml\/\" \/>\r\n<meta property=\"og:locale\" content=\"fr_FR\" \/>\r\n<meta property=\"og:type\" content=\"article\" \/>\r\n<meta property=\"og:title\" content=\"Sterimar Stop &amp; Protect nez spray nasal allergies 20ml - Paracherkaoui.ma\" \/>\r\n<meta property=\"og:description\" content=\"A base d\u2019ingr\u00e9dients d\u2019origine naturelle, il agit rapidement et efficacement sur les sympt\u00f4mes de la rhinite allergique qui peut se\" \/>\r\n<meta property=\"og:url\" content=\"https:\/\/paracherkaoui.ma\/index.php\/produit\/sterimar-stop-protect-nez-spray-nasal-allergies-20ml\/\" \/>\r\n<meta property=\"og:site_name\" content=\"Paracherkaoui.ma\" \/>\r\n<meta property=\"article:modified_time\" content=\"2025-12-12T17:57:47+00:00\" \/>\r\n<meta property=\"og:image\" content=\"https:\/\/paracherkaoui.ma\/wp-content\/uploads\/2025\/12\/sterimar-sterimar-stop-protect-nez-spray-nasal-allergies-20ml-nez-et-oreille.jpg\" \/>\r\n\t<meta property=\"og:image:width\" content=\"700\" \/>\r\n\t<meta property=\"og:image:height\" content=\"700\" \/>\r\n\t<meta property=\"og:image:type\" content=\"image\/jpeg\" \/>\r\n<meta name=\"twitter:card\" content=\"summary_large_image\" \/>\r\n<meta name=\"twitter:label1\" content=\"Dur\u00e9e de lecture estim\u00e9e\" \/>\n\t<meta name=\"twitter:data1\" content=\"1 minute\" \/>\r\n<script type=\"application\/ld+json\" class=\"yoast-schema-graph\">{\"@context\":\"https:\/\/schema.org\",\"@graph\":[{\"@type\":\"WebPage\",\"@id\":\"https:\/\/paracherkaoui.ma\/index.php\/produit\/sterimar-stop-protect-nez-spray-nasal-allergies-20ml\/\",\"url\":\"https:\/\/paracherkaoui.ma\/index.php\/produit\/sterimar-stop-protect-nez-spray-nasal-allergies-20ml\/\",\"name\":\"Sterimar Stop & Protect nez spray nasal allergies 20ml - Paracherkaoui.ma\",\"isPartOf\":{\"@id\":\"https:\/\/paracherkaoui.ma\/#website\"},\"primaryImageOfPage\":{\"@id\":\"https:\/\/paracherkaoui.ma\/index.php\/produit\/sterimar-stop-protect-nez-spray-nasal-allergies-20ml\/#primaryimage\"},\"image\":{\"@id\":\"https:\/\/paracherkaoui.ma\/index.php\/produit\/sterimar-stop-protect-nez-spray-nasal-allergies-20ml\/#primaryimage\"},\"thumbnailUrl\":\"https:\/\/paracherkaoui.ma\/wp-content\/uploads\/2025\/12\/sterimar-sterimar-stop-protect-nez-spray-nasal-allergies-20ml-nez-et-oreille.jpg\",\"datePublished\":\"2025-12-12T17:57:43+00:00\",\"dateModified\":\"2025-12-12T17:57:47+00:00\",\"breadcrumb\":{\"@id\":\"https:\/\/paracherkaoui.ma\/index.php\/produit\/sterimar-stop-protect-nez-spray-nasal-allergies-20ml\/#breadcrumb\"},\"inLanguage\":\"fr-FR\",\"potentialAction\":[{\"@type\":\"ReadAction\",\"target\":[\"https:\/\/paracherkaoui.ma\/index.php\/produit\/sterimar-stop-protect-nez-spray-nasal-allergies-20ml\/\"]}]},{\"@type\":\"ImageObject\",\"inLanguage\":\"fr-FR\",\"@id\":\"https:\/\/paracherkaoui.ma\/index.php\/produit\/sterimar-stop-protect-nez-spray-nasal-allergies-20ml\/#primaryimage\",\"url\":\"https:\/\/paracherkaoui.ma\/wp-content\/uploads\/2025\/12\/sterimar-sterimar-stop-protect-nez-spray-nasal-allergies-20ml-nez-et-oreille.jpg\",\"contentUrl\":\"https:\/\/paracherkaoui.ma\/wp-content\/uploads\/2025\/12\/sterimar-sterimar-stop-protect-nez-spray-nasal-allergies-20ml-nez-et-oreille.jpg\",\"width\":700,\"height\":700},{\"@type\":\"BreadcrumbList\",\"@id\":\"https:\/\/paracherkaoui.ma\/index.php\/produit\/sterimar-stop-protect-nez-spray-nasal-allergies-20ml\/#breadcrumb\",\"itemListElement\":[{\"@type\":\"ListItem\",\"position\":1,\"name\":\"Accueil\",\"item\":\"https:\/\/paracherkaoui.ma\/\"},{\"@type\":\"ListItem\",\"position\":2,\"name\":\"Boutique\",\"item\":\"https:\/\/paracherkaoui.ma\/index.php\/boutique\/\"},{\"@type\":\"ListItem\",\"position\":3,\"name\":\"Sterimar Stop &#038; Protect nez spray nasal allergies 20ml\"}]},{\"@type\":\"WebSite\",\"@id\":\"https:\/\/paracherkaoui.ma\/#website\",\"url\":\"https:\/\/paracherkaoui.ma\/\",\"name\":\"Paracherkaoui.ma\",\"description\":\"Achetez en ligne sur Paracherkaoui.ma\",\"potentialAction\":[{\"@type\":\"SearchAction\",\"target\":{\"@type\":\"EntryPoint\",\"urlTemplate\":\"https:\/\/paracherkaoui.ma\/?s={search_term_string}\"},\"query-input\":{\"@type\":\"PropertyValueSpecification\",\"valueRequired\":true,\"valueName\":\"search_term_string\"}}],\"inLanguage\":\"fr-FR\"}]}<\/script>\r\n<!-- \/ Yoast SEO plugin. -->","yoast_head_json":{"title":"Sterimar Stop & Protect nez spray nasal allergies 20ml - Paracherkaoui.ma","robots":{"index":"index","follow":"follow","max-snippet":"max-snippet:-1","max-image-preview":"max-image-preview:large","max-video-preview":"max-video-preview:-1"},"canonical":"https:\/\/paracherkaoui.ma\/index.php\/produit\/sterimar-stop-protect-nez-spray-nasal-allergies-20ml\/","og_locale":"fr_FR","og_type":"article","og_title":"Sterimar Stop & Protect nez spray nasal allergies 20ml - Paracherkaoui.ma","og_description":"A base d\u2019ingr\u00e9dients d\u2019origine naturelle, il agit rapidement et efficacement sur les sympt\u00f4mes de la rhinite allergique qui peut se","og_url":"https:\/\/paracherkaoui.ma\/index.php\/produit\/sterimar-stop-protect-nez-spray-nasal-allergies-20ml\/","og_site_name":"Paracherkaoui.ma","article_modified_time":"2025-12-12T17:57:47+00:00","og_image":[{"width":700,"height":700,"url":"https:\/\/paracherkaoui.ma\/wp-content\/uploads\/2025\/12\/sterimar-sterimar-stop-protect-nez-spray-nasal-allergies-20ml-nez-et-oreille.jpg","type":"image\/jpeg"}],"twitter_card":"summary_large_image","twitter_misc":{"Dur\u00e9e de lecture estim\u00e9e":"1 minute"},"schema":{"@context":"https:\/\/schema.org","@graph":[{"@type":"WebPage","@id":"https:\/\/paracherkaoui.ma\/index.php\/produit\/sterimar-stop-protect-nez-spray-nasal-allergies-20ml\/","url":"https:\/\/paracherkaoui.ma\/index.php\/produit\/sterimar-stop-protect-nez-spray-nasal-allergies-20ml\/","name":"Sterimar Stop & Protect nez spray nasal allergies 20ml - Paracherkaoui.ma","isPartOf":{"@id":"https:\/\/paracherkaoui.ma\/#website"},"primaryImageOfPage":{"@id":"https:\/\/paracherkaoui.ma\/index.php\/produit\/sterimar-stop-protect-nez-spray-nasal-allergies-20ml\/#primaryimage"},"image":{"@id":"https:\/\/paracherkaoui.ma\/index.php\/produit\/sterimar-stop-protect-nez-spray-nasal-allergies-20ml\/#primaryimage"},"thumbnailUrl":"https:\/\/paracherkaoui.ma\/wp-content\/uploads\/2025\/12\/sterimar-sterimar-stop-protect-nez-spray-nasal-allergies-20ml-nez-et-oreille.jpg","datePublished":"2025-12-12T17:57:43+00:00","dateModified":"2025-12-12T17:57:47+00:00","breadcrumb":{"@id":"https:\/\/paracherkaoui.ma\/index.php\/produit\/sterimar-stop-protect-nez-spray-nasal-allergies-20ml\/#breadcrumb"},"inLanguage":"fr-FR","potentialAction":[{"@type":"ReadAction","target":["https:\/\/paracherkaoui.ma\/index.php\/produit\/sterimar-stop-protect-nez-spray-nasal-allergies-20ml\/"]}]},{"@type":"ImageObject","inLanguage":"fr-FR","@id":"https:\/\/paracherkaoui.ma\/index.php\/produit\/sterimar-stop-protect-nez-spray-nasal-allergies-20ml\/#primaryimage","url":"https:\/\/paracherkaoui.ma\/wp-content\/uploads\/2025\/12\/sterimar-sterimar-stop-protect-nez-spray-nasal-allergies-20ml-nez-et-oreille.jpg","contentUrl":"https:\/\/paracherkaoui.ma\/wp-content\/uploads\/2025\/12\/sterimar-sterimar-stop-protect-nez-spray-nasal-allergies-20ml-nez-et-oreille.jpg","width":700,"height":700},{"@type":"BreadcrumbList","@id":"https:\/\/paracherkaoui.ma\/index.php\/produit\/sterimar-stop-protect-nez-spray-nasal-allergies-20ml\/#breadcrumb","itemListElement":[{"@type":"ListItem","position":1,"name":"Accueil","item":"https:\/\/paracherkaoui.ma\/"},{"@type":"ListItem","position":2,"name":"Boutique","item":"https:\/\/paracherkaoui.ma\/index.php\/boutique\/"},{"@type":"ListItem","position":3,"name":"Sterimar Stop &#038; Protect nez spray nasal allergies 20ml"}]},{"@type":"WebSite","@id":"https:\/\/paracherkaoui.ma\/#website","url":"https:\/\/paracherkaoui.ma\/","name":"Paracherkaoui.ma","description":"Achetez en ligne sur Paracherkaoui.ma","potentialAction":[{"@type":"SearchAction","target":{"@type":"EntryPoint","urlTemplate":"https:\/\/paracherkaoui.ma\/?s={search_term_string}"},"query-input":{"@type":"PropertyValueSpecification","valueRequired":true,"valueName":"search_term_string"}}],"inLanguage":"fr-FR"}]}},"_links":{"self":[{"href":"https:\/\/paracherkaoui.ma\/index.php\/wp-json\/wp\/v2\/product\/37265","targetHints":{"allow":["GET"]}}],"collection":[{"href":"https:\/\/paracherkaoui.ma\/index.php\/wp-json\/wp\/v2\/product"}],"about":[{"href":"https:\/\/paracherkaoui.ma\/index.php\/wp-json\/wp\/v2\/types\/product"}],"replies":[{"embeddable":true,"href":"https:\/\/paracherkaoui.ma\/index.php\/wp-json\/wp\/v2\/comments?post=37265"}],"version-history":[{"count":1,"href":"https:\/\/paracherkaoui.ma\/index.php\/wp-json\/wp\/v2\/product\/37265\/revisions"}],"predecessor-version":[{"id":37297,"href":"https:\/\/paracherkaoui.ma\/index.php\/wp-json\/wp\/v2\/product\/37265\/revisions\/37297"}],"wp:featuredmedia":[{"embeddable":true,"href":"https:\/\/paracherkaoui.ma\/index.php\/wp-json\/wp\/v2\/media\/37296"}],"wp:attachment":[{"href":"https:\/\/paracherkaoui.ma\/index.php\/wp-json\/wp\/v2\/media?parent=37265"}],"wp:term":[{"taxonomy":"product_brand","embeddable":true,"href":"https:\/\/paracherkaoui.ma\/index.php\/wp-json\/wp\/v2\/product_brand?post=37265"},{"taxonomy":"product_cat","embeddable":true,"href":"https:\/\/paracherkaoui.ma\/index.php\/wp-json\/wp\/v2\/product_cat?post=37265"},{"taxonomy":"product_tag","embeddable":true,"href":"https:\/\/paracherkaoui.ma\/index.php\/wp-json\/wp\/v2\/product_tag?post=37265"}],"curies":[{"name":"wp","href":"https:\/\/api.w.org\/{rel}","templated":true}]}}