{"id":37264,"date":"2025-12-12T18:57:43","date_gmt":"2025-12-12T17:57:43","guid":{"rendered":"https:\/\/test.ecbeaute.com\/?post_type=product&#038;p=37264"},"modified":"2025-12-12T18:57:46","modified_gmt":"2025-12-12T17:57:46","slug":"sterimar-nez-hygiene-bebe-50-ml","status":"publish","type":"product","link":"https:\/\/paracherkaoui.ma\/index.php\/produit\/sterimar-nez-hygiene-bebe-50-ml\/","title":{"rendered":"STERIMAR NEZ HYGIENE BEBE 50 ML"},"content":{"rendered":"<p>St\u00e9rimar b\u00e9b\u00e9 hygi\u00e8ne du nez dispositif m\u00e9dical, est recommand\u00e9 pour le lavage du nez des tout petits :<br \/>\nAu quotidien il aide \u00e0 d\u00e9gager le nez de b\u00e9b\u00e9 de ses impuret\u00e9s, facilite sa respiration et la prise du biberon ;<br \/>\nIl renforce les d\u00e9fenses de sa muqueuse nasale.<br \/>\nEn pr\u00e9vention des pathologies de la sph\u00e8re ORL (rhume, bronchiolite,&#8230;).<br \/>\nST\u00c9RIMAR b\u00e9b\u00e9, a \u00e9t\u00e9 sp\u00e9cialement con\u00e7u pour le nez du nourrisson : gr\u00e2ce \u00e0 son embout, son jet tout doux et la finesse de sa microdiffusion, ST\u00c9RIMAR b\u00e9b\u00e9 assure un lavage du nez tout en douceur. Sa solution physiologique respecte la fragilit\u00e9 de la muqueuse nasale de b\u00e9b\u00e9.<\/p>\n","protected":false},"excerpt":{"rendered":"<p>St\u00e9rimar b\u00e9b\u00e9 hygi\u00e8ne du nez dispositif m\u00e9dical, est recommand\u00e9 pour le lavage du nez des tout petits : Au quotidien<\/p>\n","protected":false},"featured_media":37294,"comment_status":"open","ping_status":"closed","template":"","meta":[],"product_brand":[661],"product_cat":[657],"product_tag":[],"class_list":{"0":"post-37264","1":"product","2":"type-product","3":"status-publish","4":"has-post-thumbnail","6":"product_brand-sterimar","7":"product_cat-yeux-nez-et-oreilles","9":"first","10":"instock","11":"sale","12":"shipping-taxable","13":"purchasable","14":"product-type-simple"},"yoast_head":"<!-- This site is optimized with the Yoast SEO plugin v26.6 - https:\/\/yoast.com\/wordpress\/plugins\/seo\/ -->\r\n<title>STERIMAR NEZ HYGIENE BEBE 50 ML - Paracherkaoui.ma<\/title>\r\n<meta name=\"robots\" content=\"index, follow, max-snippet:-1, max-image-preview:large, max-video-preview:-1\" \/>\r\n<link rel=\"canonical\" href=\"https:\/\/paracherkaoui.ma\/index.php\/produit\/sterimar-nez-hygiene-bebe-50-ml\/\" \/>\r\n<meta property=\"og:locale\" content=\"fr_FR\" \/>\r\n<meta property=\"og:type\" content=\"article\" \/>\r\n<meta property=\"og:title\" content=\"STERIMAR NEZ HYGIENE BEBE 50 ML - Paracherkaoui.ma\" \/>\r\n<meta property=\"og:description\" content=\"St\u00e9rimar b\u00e9b\u00e9 hygi\u00e8ne du nez dispositif m\u00e9dical, est recommand\u00e9 pour le lavage du nez des tout petits : Au quotidien\" \/>\r\n<meta property=\"og:url\" content=\"https:\/\/paracherkaoui.ma\/index.php\/produit\/sterimar-nez-hygiene-bebe-50-ml\/\" \/>\r\n<meta property=\"og:site_name\" content=\"Paracherkaoui.ma\" \/>\r\n<meta property=\"article:modified_time\" content=\"2025-12-12T17:57:46+00:00\" \/>\r\n<meta property=\"og:image\" content=\"https:\/\/paracherkaoui.ma\/wp-content\/uploads\/2025\/12\/sterimar-sterimar-nez-hygiene-bebe-50-ml-nez.jpg\" \/>\r\n\t<meta property=\"og:image:width\" content=\"700\" \/>\r\n\t<meta property=\"og:image:height\" content=\"700\" \/>\r\n\t<meta property=\"og:image:type\" content=\"image\/jpeg\" \/>\r\n<meta name=\"twitter:card\" content=\"summary_large_image\" \/>\r\n<meta name=\"twitter:label1\" content=\"Dur\u00e9e de lecture estim\u00e9e\" \/>\n\t<meta name=\"twitter:data1\" content=\"1 minute\" \/>\r\n<script type=\"application\/ld+json\" class=\"yoast-schema-graph\">{\"@context\":\"https:\/\/schema.org\",\"@graph\":[{\"@type\":\"WebPage\",\"@id\":\"https:\/\/paracherkaoui.ma\/index.php\/produit\/sterimar-nez-hygiene-bebe-50-ml\/\",\"url\":\"https:\/\/paracherkaoui.ma\/index.php\/produit\/sterimar-nez-hygiene-bebe-50-ml\/\",\"name\":\"STERIMAR NEZ HYGIENE BEBE 50 ML - Paracherkaoui.ma\",\"isPartOf\":{\"@id\":\"https:\/\/paracherkaoui.ma\/#website\"},\"primaryImageOfPage\":{\"@id\":\"https:\/\/paracherkaoui.ma\/index.php\/produit\/sterimar-nez-hygiene-bebe-50-ml\/#primaryimage\"},\"image\":{\"@id\":\"https:\/\/paracherkaoui.ma\/index.php\/produit\/sterimar-nez-hygiene-bebe-50-ml\/#primaryimage\"},\"thumbnailUrl\":\"https:\/\/paracherkaoui.ma\/wp-content\/uploads\/2025\/12\/sterimar-sterimar-nez-hygiene-bebe-50-ml-nez.jpg\",\"datePublished\":\"2025-12-12T17:57:43+00:00\",\"dateModified\":\"2025-12-12T17:57:46+00:00\",\"breadcrumb\":{\"@id\":\"https:\/\/paracherkaoui.ma\/index.php\/produit\/sterimar-nez-hygiene-bebe-50-ml\/#breadcrumb\"},\"inLanguage\":\"fr-FR\",\"potentialAction\":[{\"@type\":\"ReadAction\",\"target\":[\"https:\/\/paracherkaoui.ma\/index.php\/produit\/sterimar-nez-hygiene-bebe-50-ml\/\"]}]},{\"@type\":\"ImageObject\",\"inLanguage\":\"fr-FR\",\"@id\":\"https:\/\/paracherkaoui.ma\/index.php\/produit\/sterimar-nez-hygiene-bebe-50-ml\/#primaryimage\",\"url\":\"https:\/\/paracherkaoui.ma\/wp-content\/uploads\/2025\/12\/sterimar-sterimar-nez-hygiene-bebe-50-ml-nez.jpg\",\"contentUrl\":\"https:\/\/paracherkaoui.ma\/wp-content\/uploads\/2025\/12\/sterimar-sterimar-nez-hygiene-bebe-50-ml-nez.jpg\",\"width\":700,\"height\":700},{\"@type\":\"BreadcrumbList\",\"@id\":\"https:\/\/paracherkaoui.ma\/index.php\/produit\/sterimar-nez-hygiene-bebe-50-ml\/#breadcrumb\",\"itemListElement\":[{\"@type\":\"ListItem\",\"position\":1,\"name\":\"Accueil\",\"item\":\"https:\/\/paracherkaoui.ma\/\"},{\"@type\":\"ListItem\",\"position\":2,\"name\":\"Boutique\",\"item\":\"https:\/\/paracherkaoui.ma\/index.php\/boutique\/\"},{\"@type\":\"ListItem\",\"position\":3,\"name\":\"STERIMAR NEZ HYGIENE BEBE 50 ML\"}]},{\"@type\":\"WebSite\",\"@id\":\"https:\/\/paracherkaoui.ma\/#website\",\"url\":\"https:\/\/paracherkaoui.ma\/\",\"name\":\"Paracherkaoui.ma\",\"description\":\"Achetez en ligne sur Paracherkaoui.ma\",\"potentialAction\":[{\"@type\":\"SearchAction\",\"target\":{\"@type\":\"EntryPoint\",\"urlTemplate\":\"https:\/\/paracherkaoui.ma\/?s={search_term_string}\"},\"query-input\":{\"@type\":\"PropertyValueSpecification\",\"valueRequired\":true,\"valueName\":\"search_term_string\"}}],\"inLanguage\":\"fr-FR\"}]}<\/script>\r\n<!-- \/ Yoast SEO plugin. -->","yoast_head_json":{"title":"STERIMAR NEZ HYGIENE BEBE 50 ML - Paracherkaoui.ma","robots":{"index":"index","follow":"follow","max-snippet":"max-snippet:-1","max-image-preview":"max-image-preview:large","max-video-preview":"max-video-preview:-1"},"canonical":"https:\/\/paracherkaoui.ma\/index.php\/produit\/sterimar-nez-hygiene-bebe-50-ml\/","og_locale":"fr_FR","og_type":"article","og_title":"STERIMAR NEZ HYGIENE BEBE 50 ML - Paracherkaoui.ma","og_description":"St\u00e9rimar b\u00e9b\u00e9 hygi\u00e8ne du nez dispositif m\u00e9dical, est recommand\u00e9 pour le lavage du nez des tout petits : Au quotidien","og_url":"https:\/\/paracherkaoui.ma\/index.php\/produit\/sterimar-nez-hygiene-bebe-50-ml\/","og_site_name":"Paracherkaoui.ma","article_modified_time":"2025-12-12T17:57:46+00:00","og_image":[{"width":700,"height":700,"url":"https:\/\/paracherkaoui.ma\/wp-content\/uploads\/2025\/12\/sterimar-sterimar-nez-hygiene-bebe-50-ml-nez.jpg","type":"image\/jpeg"}],"twitter_card":"summary_large_image","twitter_misc":{"Dur\u00e9e de lecture estim\u00e9e":"1 minute"},"schema":{"@context":"https:\/\/schema.org","@graph":[{"@type":"WebPage","@id":"https:\/\/paracherkaoui.ma\/index.php\/produit\/sterimar-nez-hygiene-bebe-50-ml\/","url":"https:\/\/paracherkaoui.ma\/index.php\/produit\/sterimar-nez-hygiene-bebe-50-ml\/","name":"STERIMAR NEZ HYGIENE BEBE 50 ML - Paracherkaoui.ma","isPartOf":{"@id":"https:\/\/paracherkaoui.ma\/#website"},"primaryImageOfPage":{"@id":"https:\/\/paracherkaoui.ma\/index.php\/produit\/sterimar-nez-hygiene-bebe-50-ml\/#primaryimage"},"image":{"@id":"https:\/\/paracherkaoui.ma\/index.php\/produit\/sterimar-nez-hygiene-bebe-50-ml\/#primaryimage"},"thumbnailUrl":"https:\/\/paracherkaoui.ma\/wp-content\/uploads\/2025\/12\/sterimar-sterimar-nez-hygiene-bebe-50-ml-nez.jpg","datePublished":"2025-12-12T17:57:43+00:00","dateModified":"2025-12-12T17:57:46+00:00","breadcrumb":{"@id":"https:\/\/paracherkaoui.ma\/index.php\/produit\/sterimar-nez-hygiene-bebe-50-ml\/#breadcrumb"},"inLanguage":"fr-FR","potentialAction":[{"@type":"ReadAction","target":["https:\/\/paracherkaoui.ma\/index.php\/produit\/sterimar-nez-hygiene-bebe-50-ml\/"]}]},{"@type":"ImageObject","inLanguage":"fr-FR","@id":"https:\/\/paracherkaoui.ma\/index.php\/produit\/sterimar-nez-hygiene-bebe-50-ml\/#primaryimage","url":"https:\/\/paracherkaoui.ma\/wp-content\/uploads\/2025\/12\/sterimar-sterimar-nez-hygiene-bebe-50-ml-nez.jpg","contentUrl":"https:\/\/paracherkaoui.ma\/wp-content\/uploads\/2025\/12\/sterimar-sterimar-nez-hygiene-bebe-50-ml-nez.jpg","width":700,"height":700},{"@type":"BreadcrumbList","@id":"https:\/\/paracherkaoui.ma\/index.php\/produit\/sterimar-nez-hygiene-bebe-50-ml\/#breadcrumb","itemListElement":[{"@type":"ListItem","position":1,"name":"Accueil","item":"https:\/\/paracherkaoui.ma\/"},{"@type":"ListItem","position":2,"name":"Boutique","item":"https:\/\/paracherkaoui.ma\/index.php\/boutique\/"},{"@type":"ListItem","position":3,"name":"STERIMAR NEZ HYGIENE BEBE 50 ML"}]},{"@type":"WebSite","@id":"https:\/\/paracherkaoui.ma\/#website","url":"https:\/\/paracherkaoui.ma\/","name":"Paracherkaoui.ma","description":"Achetez en ligne sur Paracherkaoui.ma","potentialAction":[{"@type":"SearchAction","target":{"@type":"EntryPoint","urlTemplate":"https:\/\/paracherkaoui.ma\/?s={search_term_string}"},"query-input":{"@type":"PropertyValueSpecification","valueRequired":true,"valueName":"search_term_string"}}],"inLanguage":"fr-FR"}]}},"_links":{"self":[{"href":"https:\/\/paracherkaoui.ma\/index.php\/wp-json\/wp\/v2\/product\/37264","targetHints":{"allow":["GET"]}}],"collection":[{"href":"https:\/\/paracherkaoui.ma\/index.php\/wp-json\/wp\/v2\/product"}],"about":[{"href":"https:\/\/paracherkaoui.ma\/index.php\/wp-json\/wp\/v2\/types\/product"}],"replies":[{"embeddable":true,"href":"https:\/\/paracherkaoui.ma\/index.php\/wp-json\/wp\/v2\/comments?post=37264"}],"version-history":[{"count":1,"href":"https:\/\/paracherkaoui.ma\/index.php\/wp-json\/wp\/v2\/product\/37264\/revisions"}],"predecessor-version":[{"id":37295,"href":"https:\/\/paracherkaoui.ma\/index.php\/wp-json\/wp\/v2\/product\/37264\/revisions\/37295"}],"wp:featuredmedia":[{"embeddable":true,"href":"https:\/\/paracherkaoui.ma\/index.php\/wp-json\/wp\/v2\/media\/37294"}],"wp:attachment":[{"href":"https:\/\/paracherkaoui.ma\/index.php\/wp-json\/wp\/v2\/media?parent=37264"}],"wp:term":[{"taxonomy":"product_brand","embeddable":true,"href":"https:\/\/paracherkaoui.ma\/index.php\/wp-json\/wp\/v2\/product_brand?post=37264"},{"taxonomy":"product_cat","embeddable":true,"href":"https:\/\/paracherkaoui.ma\/index.php\/wp-json\/wp\/v2\/product_cat?post=37264"},{"taxonomy":"product_tag","embeddable":true,"href":"https:\/\/paracherkaoui.ma\/index.php\/wp-json\/wp\/v2\/product_tag?post=37264"}],"curies":[{"name":"wp","href":"https:\/\/api.w.org\/{rel}","templated":true}]}}