{"id":37263,"date":"2025-12-12T18:57:43","date_gmt":"2025-12-12T17:57:43","guid":{"rendered":"https:\/\/test.ecbeaute.com\/?post_type=product&#038;p=37263"},"modified":"2025-12-12T18:57:46","modified_gmt":"2025-12-12T17:57:46","slug":"quies-silicone-natation-adulte-3-paires","status":"publish","type":"product","link":"https:\/\/paracherkaoui.ma\/index.php\/produit\/quies-silicone-natation-adulte-3-paires\/","title":{"rendered":"QUIES SILICONE NATATION ADULTE 3 PAIRES"},"content":{"rendered":"<p>Pourquoi se priver de baignade quand on a les oreilles sensibles \u00e0 l\u2019eau ou que l\u2019on porte des yoyos\u00a0?<br \/>\nAvec les protections auditives en silicone Quies, nagez en toute tranquillit\u00e9\u00a0! Tr\u00e8s mall\u00e9ables, elles s\u2019adaptent parfaitement au conduit auditif et restent bien en place. Totalement imperm\u00e9able, leur texture en silicone emp\u00eache l\u2019eau d\u2019entrer dans les oreilles.<br \/>\nR\u00e9utilisables, les protections auditives en silicone Quies prot\u00e8gent \u00e9galement vos oreilles de la poussi\u00e8re, du froid et du bruit sans vous isoler de l\u2019environnement ext\u00e9rieur.<\/p>\n","protected":false},"excerpt":{"rendered":"<p>Pourquoi se priver de baignade quand on a les oreilles sensibles \u00e0 l\u2019eau ou que l\u2019on porte des yoyos\u00a0? Avec<\/p>\n","protected":false},"featured_media":37292,"comment_status":"open","ping_status":"closed","template":"","meta":[],"product_brand":[658],"product_cat":[657],"product_tag":[],"class_list":{"0":"post-37263","1":"product","2":"type-product","3":"status-publish","4":"has-post-thumbnail","6":"product_brand-quies","7":"product_cat-yeux-nez-et-oreilles","9":"first","10":"instock","11":"sale","12":"shipping-taxable","13":"purchasable","14":"product-type-simple"},"yoast_head":"<!-- This site is optimized with the Yoast SEO plugin v26.6 - https:\/\/yoast.com\/wordpress\/plugins\/seo\/ -->\r\n<title>QUIES SILICONE NATATION ADULTE 3 PAIRES - Paracherkaoui.ma<\/title>\r\n<meta name=\"robots\" content=\"index, follow, max-snippet:-1, max-image-preview:large, max-video-preview:-1\" \/>\r\n<link rel=\"canonical\" href=\"https:\/\/paracherkaoui.ma\/index.php\/produit\/quies-silicone-natation-adulte-3-paires\/\" \/>\r\n<meta property=\"og:locale\" content=\"fr_FR\" \/>\r\n<meta property=\"og:type\" content=\"article\" \/>\r\n<meta property=\"og:title\" content=\"QUIES SILICONE NATATION ADULTE 3 PAIRES - Paracherkaoui.ma\" \/>\r\n<meta property=\"og:description\" content=\"Pourquoi se priver de baignade quand on a les oreilles sensibles \u00e0 l\u2019eau ou que l\u2019on porte des yoyos\u00a0? Avec\" \/>\r\n<meta property=\"og:url\" content=\"https:\/\/paracherkaoui.ma\/index.php\/produit\/quies-silicone-natation-adulte-3-paires\/\" \/>\r\n<meta property=\"og:site_name\" content=\"Paracherkaoui.ma\" \/>\r\n<meta property=\"article:modified_time\" content=\"2025-12-12T17:57:46+00:00\" \/>\r\n<meta property=\"og:image\" content=\"https:\/\/paracherkaoui.ma\/wp-content\/uploads\/2025\/12\/quies-quies-silicone-natation-adulte-3-paires-nez-et-oreille.jpg\" \/>\r\n\t<meta property=\"og:image:width\" content=\"700\" \/>\r\n\t<meta property=\"og:image:height\" content=\"700\" \/>\r\n\t<meta property=\"og:image:type\" content=\"image\/jpeg\" \/>\r\n<meta name=\"twitter:card\" content=\"summary_large_image\" \/>\r\n<script type=\"application\/ld+json\" class=\"yoast-schema-graph\">{\"@context\":\"https:\/\/schema.org\",\"@graph\":[{\"@type\":\"WebPage\",\"@id\":\"https:\/\/paracherkaoui.ma\/index.php\/produit\/quies-silicone-natation-adulte-3-paires\/\",\"url\":\"https:\/\/paracherkaoui.ma\/index.php\/produit\/quies-silicone-natation-adulte-3-paires\/\",\"name\":\"QUIES SILICONE NATATION ADULTE 3 PAIRES - Paracherkaoui.ma\",\"isPartOf\":{\"@id\":\"https:\/\/paracherkaoui.ma\/#website\"},\"primaryImageOfPage\":{\"@id\":\"https:\/\/paracherkaoui.ma\/index.php\/produit\/quies-silicone-natation-adulte-3-paires\/#primaryimage\"},\"image\":{\"@id\":\"https:\/\/paracherkaoui.ma\/index.php\/produit\/quies-silicone-natation-adulte-3-paires\/#primaryimage\"},\"thumbnailUrl\":\"https:\/\/paracherkaoui.ma\/wp-content\/uploads\/2025\/12\/quies-quies-silicone-natation-adulte-3-paires-nez-et-oreille.jpg\",\"datePublished\":\"2025-12-12T17:57:43+00:00\",\"dateModified\":\"2025-12-12T17:57:46+00:00\",\"breadcrumb\":{\"@id\":\"https:\/\/paracherkaoui.ma\/index.php\/produit\/quies-silicone-natation-adulte-3-paires\/#breadcrumb\"},\"inLanguage\":\"fr-FR\",\"potentialAction\":[{\"@type\":\"ReadAction\",\"target\":[\"https:\/\/paracherkaoui.ma\/index.php\/produit\/quies-silicone-natation-adulte-3-paires\/\"]}]},{\"@type\":\"ImageObject\",\"inLanguage\":\"fr-FR\",\"@id\":\"https:\/\/paracherkaoui.ma\/index.php\/produit\/quies-silicone-natation-adulte-3-paires\/#primaryimage\",\"url\":\"https:\/\/paracherkaoui.ma\/wp-content\/uploads\/2025\/12\/quies-quies-silicone-natation-adulte-3-paires-nez-et-oreille.jpg\",\"contentUrl\":\"https:\/\/paracherkaoui.ma\/wp-content\/uploads\/2025\/12\/quies-quies-silicone-natation-adulte-3-paires-nez-et-oreille.jpg\",\"width\":700,\"height\":700},{\"@type\":\"BreadcrumbList\",\"@id\":\"https:\/\/paracherkaoui.ma\/index.php\/produit\/quies-silicone-natation-adulte-3-paires\/#breadcrumb\",\"itemListElement\":[{\"@type\":\"ListItem\",\"position\":1,\"name\":\"Accueil\",\"item\":\"https:\/\/paracherkaoui.ma\/\"},{\"@type\":\"ListItem\",\"position\":2,\"name\":\"Boutique\",\"item\":\"https:\/\/paracherkaoui.ma\/index.php\/boutique\/\"},{\"@type\":\"ListItem\",\"position\":3,\"name\":\"QUIES SILICONE NATATION ADULTE 3 PAIRES\"}]},{\"@type\":\"WebSite\",\"@id\":\"https:\/\/paracherkaoui.ma\/#website\",\"url\":\"https:\/\/paracherkaoui.ma\/\",\"name\":\"Paracherkaoui.ma\",\"description\":\"Achetez en ligne sur Paracherkaoui.ma\",\"potentialAction\":[{\"@type\":\"SearchAction\",\"target\":{\"@type\":\"EntryPoint\",\"urlTemplate\":\"https:\/\/paracherkaoui.ma\/?s={search_term_string}\"},\"query-input\":{\"@type\":\"PropertyValueSpecification\",\"valueRequired\":true,\"valueName\":\"search_term_string\"}}],\"inLanguage\":\"fr-FR\"}]}<\/script>\r\n<!-- \/ Yoast SEO plugin. -->","yoast_head_json":{"title":"QUIES SILICONE NATATION ADULTE 3 PAIRES - Paracherkaoui.ma","robots":{"index":"index","follow":"follow","max-snippet":"max-snippet:-1","max-image-preview":"max-image-preview:large","max-video-preview":"max-video-preview:-1"},"canonical":"https:\/\/paracherkaoui.ma\/index.php\/produit\/quies-silicone-natation-adulte-3-paires\/","og_locale":"fr_FR","og_type":"article","og_title":"QUIES SILICONE NATATION ADULTE 3 PAIRES - Paracherkaoui.ma","og_description":"Pourquoi se priver de baignade quand on a les oreilles sensibles \u00e0 l\u2019eau ou que l\u2019on porte des yoyos\u00a0? Avec","og_url":"https:\/\/paracherkaoui.ma\/index.php\/produit\/quies-silicone-natation-adulte-3-paires\/","og_site_name":"Paracherkaoui.ma","article_modified_time":"2025-12-12T17:57:46+00:00","og_image":[{"width":700,"height":700,"url":"https:\/\/paracherkaoui.ma\/wp-content\/uploads\/2025\/12\/quies-quies-silicone-natation-adulte-3-paires-nez-et-oreille.jpg","type":"image\/jpeg"}],"twitter_card":"summary_large_image","schema":{"@context":"https:\/\/schema.org","@graph":[{"@type":"WebPage","@id":"https:\/\/paracherkaoui.ma\/index.php\/produit\/quies-silicone-natation-adulte-3-paires\/","url":"https:\/\/paracherkaoui.ma\/index.php\/produit\/quies-silicone-natation-adulte-3-paires\/","name":"QUIES SILICONE NATATION ADULTE 3 PAIRES - Paracherkaoui.ma","isPartOf":{"@id":"https:\/\/paracherkaoui.ma\/#website"},"primaryImageOfPage":{"@id":"https:\/\/paracherkaoui.ma\/index.php\/produit\/quies-silicone-natation-adulte-3-paires\/#primaryimage"},"image":{"@id":"https:\/\/paracherkaoui.ma\/index.php\/produit\/quies-silicone-natation-adulte-3-paires\/#primaryimage"},"thumbnailUrl":"https:\/\/paracherkaoui.ma\/wp-content\/uploads\/2025\/12\/quies-quies-silicone-natation-adulte-3-paires-nez-et-oreille.jpg","datePublished":"2025-12-12T17:57:43+00:00","dateModified":"2025-12-12T17:57:46+00:00","breadcrumb":{"@id":"https:\/\/paracherkaoui.ma\/index.php\/produit\/quies-silicone-natation-adulte-3-paires\/#breadcrumb"},"inLanguage":"fr-FR","potentialAction":[{"@type":"ReadAction","target":["https:\/\/paracherkaoui.ma\/index.php\/produit\/quies-silicone-natation-adulte-3-paires\/"]}]},{"@type":"ImageObject","inLanguage":"fr-FR","@id":"https:\/\/paracherkaoui.ma\/index.php\/produit\/quies-silicone-natation-adulte-3-paires\/#primaryimage","url":"https:\/\/paracherkaoui.ma\/wp-content\/uploads\/2025\/12\/quies-quies-silicone-natation-adulte-3-paires-nez-et-oreille.jpg","contentUrl":"https:\/\/paracherkaoui.ma\/wp-content\/uploads\/2025\/12\/quies-quies-silicone-natation-adulte-3-paires-nez-et-oreille.jpg","width":700,"height":700},{"@type":"BreadcrumbList","@id":"https:\/\/paracherkaoui.ma\/index.php\/produit\/quies-silicone-natation-adulte-3-paires\/#breadcrumb","itemListElement":[{"@type":"ListItem","position":1,"name":"Accueil","item":"https:\/\/paracherkaoui.ma\/"},{"@type":"ListItem","position":2,"name":"Boutique","item":"https:\/\/paracherkaoui.ma\/index.php\/boutique\/"},{"@type":"ListItem","position":3,"name":"QUIES SILICONE NATATION ADULTE 3 PAIRES"}]},{"@type":"WebSite","@id":"https:\/\/paracherkaoui.ma\/#website","url":"https:\/\/paracherkaoui.ma\/","name":"Paracherkaoui.ma","description":"Achetez en ligne sur Paracherkaoui.ma","potentialAction":[{"@type":"SearchAction","target":{"@type":"EntryPoint","urlTemplate":"https:\/\/paracherkaoui.ma\/?s={search_term_string}"},"query-input":{"@type":"PropertyValueSpecification","valueRequired":true,"valueName":"search_term_string"}}],"inLanguage":"fr-FR"}]}},"_links":{"self":[{"href":"https:\/\/paracherkaoui.ma\/index.php\/wp-json\/wp\/v2\/product\/37263","targetHints":{"allow":["GET"]}}],"collection":[{"href":"https:\/\/paracherkaoui.ma\/index.php\/wp-json\/wp\/v2\/product"}],"about":[{"href":"https:\/\/paracherkaoui.ma\/index.php\/wp-json\/wp\/v2\/types\/product"}],"replies":[{"embeddable":true,"href":"https:\/\/paracherkaoui.ma\/index.php\/wp-json\/wp\/v2\/comments?post=37263"}],"version-history":[{"count":1,"href":"https:\/\/paracherkaoui.ma\/index.php\/wp-json\/wp\/v2\/product\/37263\/revisions"}],"predecessor-version":[{"id":37293,"href":"https:\/\/paracherkaoui.ma\/index.php\/wp-json\/wp\/v2\/product\/37263\/revisions\/37293"}],"wp:featuredmedia":[{"embeddable":true,"href":"https:\/\/paracherkaoui.ma\/index.php\/wp-json\/wp\/v2\/media\/37292"}],"wp:attachment":[{"href":"https:\/\/paracherkaoui.ma\/index.php\/wp-json\/wp\/v2\/media?parent=37263"}],"wp:term":[{"taxonomy":"product_brand","embeddable":true,"href":"https:\/\/paracherkaoui.ma\/index.php\/wp-json\/wp\/v2\/product_brand?post=37263"},{"taxonomy":"product_cat","embeddable":true,"href":"https:\/\/paracherkaoui.ma\/index.php\/wp-json\/wp\/v2\/product_cat?post=37263"},{"taxonomy":"product_tag","embeddable":true,"href":"https:\/\/paracherkaoui.ma\/index.php\/wp-json\/wp\/v2\/product_tag?post=37263"}],"curies":[{"name":"wp","href":"https:\/\/api.w.org\/{rel}","templated":true}]}}