{"id":37261,"date":"2025-12-12T18:57:43","date_gmt":"2025-12-12T17:57:43","guid":{"rendered":"https:\/\/test.ecbeaute.com\/?post_type=product&#038;p=37261"},"modified":"2025-12-12T18:57:46","modified_gmt":"2025-12-12T17:57:46","slug":"sterimar-nez-bouche","status":"publish","type":"product","link":"https:\/\/paracherkaoui.ma\/index.php\/produit\/sterimar-nez-bouche\/","title":{"rendered":"STERIMAR NEZ BOUCHE"},"content":{"rendered":"<p>Gr\u00e2ce \u00e0 sa formule enrichie en min\u00e9raux marins, le spray STERIMAR Nez Bouch\u00e9 hydrate et prot\u00e8ge les muqueuses, facilitant ainsi leur nettoyage et leur r\u00e9g\u00e9n\u00e9ration. Il convient aux adultes comme aux enfants, et s&rsquo;utilise facilement tout au long de la journ\u00e9e en pulv\u00e9risations r\u00e9guli\u00e8res. L\u2019action douce de ce spray d\u00e9congestionnant aide \u00e0 r\u00e9duire la sensation de nez bouch\u00e9, permettant un soulagement rapide sans recourir \u00e0 des ingr\u00e9dients agressifs ou ass\u00e9chants pour les muqueuses.<br \/>\nComposition<br \/>\nEau de mer : 75 ml , Sel de cuivre pentahydrat\u00e9, Sel de mangan\u00e8se monohydrat\u00e9, Eau purifi\u00e9e qsp : 100 ml.<br \/>\nConseils d\u2019utilisation<br \/>\nUtilisez 2 \u00e0 6 pulv\u00e9risations par jour, selon l\u2019intensit\u00e9 de la congestion.<br \/>\nInclinez l\u00e9g\u00e8rement la t\u00eate en avant, ins\u00e9rez l\u2019embout dans la narine, puis pulv\u00e9risez tout en inspirant doucement.<br \/>\nApr\u00e8s l&rsquo;application, mouchez-vous pour d\u00e9gager le mucus et favoriser le d\u00e9gagement nasal.<br \/>\nR\u00e9p\u00e9tez l\u2019op\u00e9ration pour chaque narine, en respectant la fr\u00e9quence recommand\u00e9e pour un soulagement optimal.<br \/>\nCe produit \u00e9tant destin\u00e9 \u00e0 un usage temporaire, ne l\u2019utilisez pas de mani\u00e8re prolong\u00e9e sans avis m\u00e9dical.<br \/>\nCe r\u00e9cipient est sous pression : il peut \u00e9clater sous l\u2019effet de la chaleur. \u00c9vitez de l&rsquo;exposer \u00e0 des temp\u00e9ratures sup\u00e9rieures \u00e0 50\u00b0C et tenez-le \u00e0 l\u2019\u00e9cart de toutes sources de chaleur, flammes nues ou \u00e9tincelles. Ne pas fumer lors de l\u2019utilisation. Ne pas percer ni br\u00fbler, m\u00eame apr\u00e8s utilisation, pour \u00e9viter les risques d&rsquo;accidents. Ce produit doit \u00eatre tenu hors de port\u00e9e des enfants pour \u00e9viter toute ingestion accidentelle.<\/p>\n","protected":false},"excerpt":{"rendered":"<p>Gr\u00e2ce \u00e0 sa formule enrichie en min\u00e9raux marins, le spray STERIMAR Nez Bouch\u00e9 hydrate et prot\u00e8ge les muqueuses, facilitant ainsi<\/p>\n","protected":false},"featured_media":37288,"comment_status":"open","ping_status":"closed","template":"","meta":[],"product_brand":[661],"product_cat":[657],"product_tag":[],"class_list":{"0":"post-37261","1":"product","2":"type-product","3":"status-publish","4":"has-post-thumbnail","6":"product_brand-sterimar","7":"product_cat-yeux-nez-et-oreilles","9":"first","10":"instock","11":"sale","12":"shipping-taxable","13":"purchasable","14":"product-type-simple"},"yoast_head":"<!-- This site is optimized with the Yoast SEO plugin v26.6 - https:\/\/yoast.com\/wordpress\/plugins\/seo\/ -->\r\n<title>STERIMAR NEZ BOUCHE - Paracherkaoui.ma<\/title>\r\n<meta name=\"robots\" content=\"index, follow, max-snippet:-1, max-image-preview:large, max-video-preview:-1\" \/>\r\n<link rel=\"canonical\" href=\"https:\/\/paracherkaoui.ma\/index.php\/produit\/sterimar-nez-bouche\/\" \/>\r\n<meta property=\"og:locale\" content=\"fr_FR\" \/>\r\n<meta property=\"og:type\" content=\"article\" \/>\r\n<meta property=\"og:title\" content=\"STERIMAR NEZ BOUCHE - Paracherkaoui.ma\" \/>\r\n<meta property=\"og:description\" content=\"Gr\u00e2ce \u00e0 sa formule enrichie en min\u00e9raux marins, le spray STERIMAR Nez Bouch\u00e9 hydrate et prot\u00e8ge les muqueuses, facilitant ainsi\" \/>\r\n<meta property=\"og:url\" content=\"https:\/\/paracherkaoui.ma\/index.php\/produit\/sterimar-nez-bouche\/\" \/>\r\n<meta property=\"og:site_name\" content=\"Paracherkaoui.ma\" \/>\r\n<meta property=\"article:modified_time\" content=\"2025-12-12T17:57:46+00:00\" \/>\r\n<meta property=\"og:image\" content=\"https:\/\/paracherkaoui.ma\/wp-content\/uploads\/2025\/12\/sterimar-sterimar-nez-bouche-yeux-nez-et-oreilles.jpg\" \/>\r\n\t<meta property=\"og:image:width\" content=\"700\" \/>\r\n\t<meta property=\"og:image:height\" content=\"700\" \/>\r\n\t<meta property=\"og:image:type\" content=\"image\/jpeg\" \/>\r\n<meta name=\"twitter:card\" content=\"summary_large_image\" \/>\r\n<meta name=\"twitter:label1\" content=\"Dur\u00e9e de lecture estim\u00e9e\" \/>\n\t<meta name=\"twitter:data1\" content=\"1 minute\" \/>\r\n<script type=\"application\/ld+json\" class=\"yoast-schema-graph\">{\"@context\":\"https:\/\/schema.org\",\"@graph\":[{\"@type\":\"WebPage\",\"@id\":\"https:\/\/paracherkaoui.ma\/index.php\/produit\/sterimar-nez-bouche\/\",\"url\":\"https:\/\/paracherkaoui.ma\/index.php\/produit\/sterimar-nez-bouche\/\",\"name\":\"STERIMAR NEZ BOUCHE - Paracherkaoui.ma\",\"isPartOf\":{\"@id\":\"https:\/\/paracherkaoui.ma\/#website\"},\"primaryImageOfPage\":{\"@id\":\"https:\/\/paracherkaoui.ma\/index.php\/produit\/sterimar-nez-bouche\/#primaryimage\"},\"image\":{\"@id\":\"https:\/\/paracherkaoui.ma\/index.php\/produit\/sterimar-nez-bouche\/#primaryimage\"},\"thumbnailUrl\":\"https:\/\/paracherkaoui.ma\/wp-content\/uploads\/2025\/12\/sterimar-sterimar-nez-bouche-yeux-nez-et-oreilles.jpg\",\"datePublished\":\"2025-12-12T17:57:43+00:00\",\"dateModified\":\"2025-12-12T17:57:46+00:00\",\"breadcrumb\":{\"@id\":\"https:\/\/paracherkaoui.ma\/index.php\/produit\/sterimar-nez-bouche\/#breadcrumb\"},\"inLanguage\":\"fr-FR\",\"potentialAction\":[{\"@type\":\"ReadAction\",\"target\":[\"https:\/\/paracherkaoui.ma\/index.php\/produit\/sterimar-nez-bouche\/\"]}]},{\"@type\":\"ImageObject\",\"inLanguage\":\"fr-FR\",\"@id\":\"https:\/\/paracherkaoui.ma\/index.php\/produit\/sterimar-nez-bouche\/#primaryimage\",\"url\":\"https:\/\/paracherkaoui.ma\/wp-content\/uploads\/2025\/12\/sterimar-sterimar-nez-bouche-yeux-nez-et-oreilles.jpg\",\"contentUrl\":\"https:\/\/paracherkaoui.ma\/wp-content\/uploads\/2025\/12\/sterimar-sterimar-nez-bouche-yeux-nez-et-oreilles.jpg\",\"width\":700,\"height\":700},{\"@type\":\"BreadcrumbList\",\"@id\":\"https:\/\/paracherkaoui.ma\/index.php\/produit\/sterimar-nez-bouche\/#breadcrumb\",\"itemListElement\":[{\"@type\":\"ListItem\",\"position\":1,\"name\":\"Accueil\",\"item\":\"https:\/\/paracherkaoui.ma\/\"},{\"@type\":\"ListItem\",\"position\":2,\"name\":\"Boutique\",\"item\":\"https:\/\/paracherkaoui.ma\/index.php\/boutique\/\"},{\"@type\":\"ListItem\",\"position\":3,\"name\":\"STERIMAR NEZ BOUCHE\"}]},{\"@type\":\"WebSite\",\"@id\":\"https:\/\/paracherkaoui.ma\/#website\",\"url\":\"https:\/\/paracherkaoui.ma\/\",\"name\":\"Paracherkaoui.ma\",\"description\":\"Achetez en ligne sur Paracherkaoui.ma\",\"potentialAction\":[{\"@type\":\"SearchAction\",\"target\":{\"@type\":\"EntryPoint\",\"urlTemplate\":\"https:\/\/paracherkaoui.ma\/?s={search_term_string}\"},\"query-input\":{\"@type\":\"PropertyValueSpecification\",\"valueRequired\":true,\"valueName\":\"search_term_string\"}}],\"inLanguage\":\"fr-FR\"}]}<\/script>\r\n<!-- \/ Yoast SEO plugin. -->","yoast_head_json":{"title":"STERIMAR NEZ BOUCHE - Paracherkaoui.ma","robots":{"index":"index","follow":"follow","max-snippet":"max-snippet:-1","max-image-preview":"max-image-preview:large","max-video-preview":"max-video-preview:-1"},"canonical":"https:\/\/paracherkaoui.ma\/index.php\/produit\/sterimar-nez-bouche\/","og_locale":"fr_FR","og_type":"article","og_title":"STERIMAR NEZ BOUCHE - Paracherkaoui.ma","og_description":"Gr\u00e2ce \u00e0 sa formule enrichie en min\u00e9raux marins, le spray STERIMAR Nez Bouch\u00e9 hydrate et prot\u00e8ge les muqueuses, facilitant ainsi","og_url":"https:\/\/paracherkaoui.ma\/index.php\/produit\/sterimar-nez-bouche\/","og_site_name":"Paracherkaoui.ma","article_modified_time":"2025-12-12T17:57:46+00:00","og_image":[{"width":700,"height":700,"url":"https:\/\/paracherkaoui.ma\/wp-content\/uploads\/2025\/12\/sterimar-sterimar-nez-bouche-yeux-nez-et-oreilles.jpg","type":"image\/jpeg"}],"twitter_card":"summary_large_image","twitter_misc":{"Dur\u00e9e de lecture estim\u00e9e":"1 minute"},"schema":{"@context":"https:\/\/schema.org","@graph":[{"@type":"WebPage","@id":"https:\/\/paracherkaoui.ma\/index.php\/produit\/sterimar-nez-bouche\/","url":"https:\/\/paracherkaoui.ma\/index.php\/produit\/sterimar-nez-bouche\/","name":"STERIMAR NEZ BOUCHE - Paracherkaoui.ma","isPartOf":{"@id":"https:\/\/paracherkaoui.ma\/#website"},"primaryImageOfPage":{"@id":"https:\/\/paracherkaoui.ma\/index.php\/produit\/sterimar-nez-bouche\/#primaryimage"},"image":{"@id":"https:\/\/paracherkaoui.ma\/index.php\/produit\/sterimar-nez-bouche\/#primaryimage"},"thumbnailUrl":"https:\/\/paracherkaoui.ma\/wp-content\/uploads\/2025\/12\/sterimar-sterimar-nez-bouche-yeux-nez-et-oreilles.jpg","datePublished":"2025-12-12T17:57:43+00:00","dateModified":"2025-12-12T17:57:46+00:00","breadcrumb":{"@id":"https:\/\/paracherkaoui.ma\/index.php\/produit\/sterimar-nez-bouche\/#breadcrumb"},"inLanguage":"fr-FR","potentialAction":[{"@type":"ReadAction","target":["https:\/\/paracherkaoui.ma\/index.php\/produit\/sterimar-nez-bouche\/"]}]},{"@type":"ImageObject","inLanguage":"fr-FR","@id":"https:\/\/paracherkaoui.ma\/index.php\/produit\/sterimar-nez-bouche\/#primaryimage","url":"https:\/\/paracherkaoui.ma\/wp-content\/uploads\/2025\/12\/sterimar-sterimar-nez-bouche-yeux-nez-et-oreilles.jpg","contentUrl":"https:\/\/paracherkaoui.ma\/wp-content\/uploads\/2025\/12\/sterimar-sterimar-nez-bouche-yeux-nez-et-oreilles.jpg","width":700,"height":700},{"@type":"BreadcrumbList","@id":"https:\/\/paracherkaoui.ma\/index.php\/produit\/sterimar-nez-bouche\/#breadcrumb","itemListElement":[{"@type":"ListItem","position":1,"name":"Accueil","item":"https:\/\/paracherkaoui.ma\/"},{"@type":"ListItem","position":2,"name":"Boutique","item":"https:\/\/paracherkaoui.ma\/index.php\/boutique\/"},{"@type":"ListItem","position":3,"name":"STERIMAR NEZ BOUCHE"}]},{"@type":"WebSite","@id":"https:\/\/paracherkaoui.ma\/#website","url":"https:\/\/paracherkaoui.ma\/","name":"Paracherkaoui.ma","description":"Achetez en ligne sur Paracherkaoui.ma","potentialAction":[{"@type":"SearchAction","target":{"@type":"EntryPoint","urlTemplate":"https:\/\/paracherkaoui.ma\/?s={search_term_string}"},"query-input":{"@type":"PropertyValueSpecification","valueRequired":true,"valueName":"search_term_string"}}],"inLanguage":"fr-FR"}]}},"_links":{"self":[{"href":"https:\/\/paracherkaoui.ma\/index.php\/wp-json\/wp\/v2\/product\/37261","targetHints":{"allow":["GET"]}}],"collection":[{"href":"https:\/\/paracherkaoui.ma\/index.php\/wp-json\/wp\/v2\/product"}],"about":[{"href":"https:\/\/paracherkaoui.ma\/index.php\/wp-json\/wp\/v2\/types\/product"}],"replies":[{"embeddable":true,"href":"https:\/\/paracherkaoui.ma\/index.php\/wp-json\/wp\/v2\/comments?post=37261"}],"version-history":[{"count":1,"href":"https:\/\/paracherkaoui.ma\/index.php\/wp-json\/wp\/v2\/product\/37261\/revisions"}],"predecessor-version":[{"id":37289,"href":"https:\/\/paracherkaoui.ma\/index.php\/wp-json\/wp\/v2\/product\/37261\/revisions\/37289"}],"wp:featuredmedia":[{"embeddable":true,"href":"https:\/\/paracherkaoui.ma\/index.php\/wp-json\/wp\/v2\/media\/37288"}],"wp:attachment":[{"href":"https:\/\/paracherkaoui.ma\/index.php\/wp-json\/wp\/v2\/media?parent=37261"}],"wp:term":[{"taxonomy":"product_brand","embeddable":true,"href":"https:\/\/paracherkaoui.ma\/index.php\/wp-json\/wp\/v2\/product_brand?post=37261"},{"taxonomy":"product_cat","embeddable":true,"href":"https:\/\/paracherkaoui.ma\/index.php\/wp-json\/wp\/v2\/product_cat?post=37261"},{"taxonomy":"product_tag","embeddable":true,"href":"https:\/\/paracherkaoui.ma\/index.php\/wp-json\/wp\/v2\/product_tag?post=37261"}],"curies":[{"name":"wp","href":"https:\/\/api.w.org\/{rel}","templated":true}]}}