{"id":37255,"date":"2025-12-12T18:57:42","date_gmt":"2025-12-12T17:57:42","guid":{"rendered":"https:\/\/test.ecbeaute.com\/?post_type=product&#038;p=37255"},"modified":"2025-12-12T18:57:44","modified_gmt":"2025-12-12T17:57:44","slug":"douce-nature-200-batonnets-doreille-coton-bio","status":"publish","type":"product","link":"https:\/\/paracherkaoui.ma\/index.php\/produit\/douce-nature-200-batonnets-doreille-coton-bio\/","title":{"rendered":"DOUCE NATURE 200 BATONNETS D&rsquo;OREILLE COTON BIO"},"content":{"rendered":"<p>Douce Nature 200 B\u00e2tonnets d&rsquo;oreille coton bio pour une hygi\u00e8ne parfaite de votre conduit auditif avec du coton bio certifi\u00e9 !<\/p>\n<p>MARQUE : Douce Nature<\/p>\n<p>CERTIFICATION : Textile Biologique ECOCERT SAS B.P. 47 32600 L&rsquo;Isle Jourdain.<\/p>\n<p>LOGO : Ecocert et Bio \u00e9quitable<\/p>\n<p>FABRICATION \/ ORIGINE : France<\/p>\n<p>COMPOSITION : coton*, tiges en papier<br \/>\n* issu de l&rsquo;agriculture biologique<br \/>\n100% des fibres sont issus de l&rsquo;Agriculture Biologique<\/p>\n<p>SPECIFICITES PRODUIT :<br \/>\nExtr\u00e9mit\u00e9s 100 % en coton bio<br \/>\nB\u00e2tonnets en papier non blanchi<\/p>\n<p>EMBALLAGE : Boite en carton recycl\u00e9 imprim\u00e9 avec de l&rsquo;encre sur base v\u00e9g\u00e9tale, fen\u00eatre en PE<\/p>\n<p>CONSEILS D&rsquo;UTILISATION :<br \/>\npour l&rsquo;hygi\u00e8ne de l&rsquo;oreille<br \/>\npeut \u00eatre utilis\u00e9 pour se maquiller ou se d\u00e9maquiller<\/p>\n<p>Certifi\u00e9 par Ecocert<\/p>\n","protected":false},"excerpt":{"rendered":"<p>Douce Nature 200 B\u00e2tonnets d&rsquo;oreille coton bio pour une hygi\u00e8ne parfaite de votre conduit auditif avec du coton bio certifi\u00e9<\/p>\n","protected":false},"featured_media":37276,"comment_status":"open","ping_status":"closed","template":"","meta":[],"product_brand":[355],"product_cat":[657],"product_tag":[],"class_list":{"0":"post-37255","1":"product","2":"type-product","3":"status-publish","4":"has-post-thumbnail","6":"product_brand-douce-nature","7":"product_cat-yeux-nez-et-oreilles","9":"first","10":"instock","11":"shipping-taxable","12":"purchasable","13":"product-type-simple"},"yoast_head":"<!-- This site is optimized with the Yoast SEO plugin v26.6 - https:\/\/yoast.com\/wordpress\/plugins\/seo\/ -->\r\n<title>DOUCE NATURE 200 BATONNETS D&#039;OREILLE COTON BIO - Paracherkaoui.ma<\/title>\r\n<meta name=\"robots\" content=\"index, follow, max-snippet:-1, max-image-preview:large, max-video-preview:-1\" \/>\r\n<link rel=\"canonical\" href=\"https:\/\/paracherkaoui.ma\/index.php\/produit\/douce-nature-200-batonnets-doreille-coton-bio\/\" \/>\r\n<meta property=\"og:locale\" content=\"fr_FR\" \/>\r\n<meta property=\"og:type\" content=\"article\" \/>\r\n<meta property=\"og:title\" content=\"DOUCE NATURE 200 BATONNETS D&#039;OREILLE COTON BIO - Paracherkaoui.ma\" \/>\r\n<meta property=\"og:description\" content=\"Douce Nature 200 B\u00e2tonnets d&rsquo;oreille coton bio pour une hygi\u00e8ne parfaite de votre conduit auditif avec du coton bio certifi\u00e9\" \/>\r\n<meta property=\"og:url\" content=\"https:\/\/paracherkaoui.ma\/index.php\/produit\/douce-nature-200-batonnets-doreille-coton-bio\/\" \/>\r\n<meta property=\"og:site_name\" content=\"Paracherkaoui.ma\" \/>\r\n<meta property=\"article:modified_time\" content=\"2025-12-12T17:57:44+00:00\" \/>\r\n<meta property=\"og:image\" content=\"https:\/\/paracherkaoui.ma\/wp-content\/uploads\/2025\/12\/douce-nature-douce-nature-200-batonnets-doreille-coton-bio-nez-et-oreille.jpg\" \/>\r\n\t<meta property=\"og:image:width\" content=\"700\" \/>\r\n\t<meta property=\"og:image:height\" content=\"700\" \/>\r\n\t<meta property=\"og:image:type\" content=\"image\/jpeg\" \/>\r\n<meta name=\"twitter:card\" content=\"summary_large_image\" \/>\r\n<meta name=\"twitter:label1\" content=\"Dur\u00e9e de lecture estim\u00e9e\" \/>\n\t<meta name=\"twitter:data1\" content=\"1 minute\" \/>\r\n<script type=\"application\/ld+json\" class=\"yoast-schema-graph\">{\"@context\":\"https:\/\/schema.org\",\"@graph\":[{\"@type\":\"WebPage\",\"@id\":\"https:\/\/paracherkaoui.ma\/index.php\/produit\/douce-nature-200-batonnets-doreille-coton-bio\/\",\"url\":\"https:\/\/paracherkaoui.ma\/index.php\/produit\/douce-nature-200-batonnets-doreille-coton-bio\/\",\"name\":\"DOUCE NATURE 200 BATONNETS D'OREILLE COTON BIO - Paracherkaoui.ma\",\"isPartOf\":{\"@id\":\"https:\/\/paracherkaoui.ma\/#website\"},\"primaryImageOfPage\":{\"@id\":\"https:\/\/paracherkaoui.ma\/index.php\/produit\/douce-nature-200-batonnets-doreille-coton-bio\/#primaryimage\"},\"image\":{\"@id\":\"https:\/\/paracherkaoui.ma\/index.php\/produit\/douce-nature-200-batonnets-doreille-coton-bio\/#primaryimage\"},\"thumbnailUrl\":\"https:\/\/paracherkaoui.ma\/wp-content\/uploads\/2025\/12\/douce-nature-douce-nature-200-batonnets-doreille-coton-bio-nez-et-oreille.jpg\",\"datePublished\":\"2025-12-12T17:57:42+00:00\",\"dateModified\":\"2025-12-12T17:57:44+00:00\",\"breadcrumb\":{\"@id\":\"https:\/\/paracherkaoui.ma\/index.php\/produit\/douce-nature-200-batonnets-doreille-coton-bio\/#breadcrumb\"},\"inLanguage\":\"fr-FR\",\"potentialAction\":[{\"@type\":\"ReadAction\",\"target\":[\"https:\/\/paracherkaoui.ma\/index.php\/produit\/douce-nature-200-batonnets-doreille-coton-bio\/\"]}]},{\"@type\":\"ImageObject\",\"inLanguage\":\"fr-FR\",\"@id\":\"https:\/\/paracherkaoui.ma\/index.php\/produit\/douce-nature-200-batonnets-doreille-coton-bio\/#primaryimage\",\"url\":\"https:\/\/paracherkaoui.ma\/wp-content\/uploads\/2025\/12\/douce-nature-douce-nature-200-batonnets-doreille-coton-bio-nez-et-oreille.jpg\",\"contentUrl\":\"https:\/\/paracherkaoui.ma\/wp-content\/uploads\/2025\/12\/douce-nature-douce-nature-200-batonnets-doreille-coton-bio-nez-et-oreille.jpg\",\"width\":700,\"height\":700},{\"@type\":\"BreadcrumbList\",\"@id\":\"https:\/\/paracherkaoui.ma\/index.php\/produit\/douce-nature-200-batonnets-doreille-coton-bio\/#breadcrumb\",\"itemListElement\":[{\"@type\":\"ListItem\",\"position\":1,\"name\":\"Accueil\",\"item\":\"https:\/\/paracherkaoui.ma\/\"},{\"@type\":\"ListItem\",\"position\":2,\"name\":\"Boutique\",\"item\":\"https:\/\/paracherkaoui.ma\/index.php\/boutique\/\"},{\"@type\":\"ListItem\",\"position\":3,\"name\":\"DOUCE NATURE 200 BATONNETS D&rsquo;OREILLE COTON BIO\"}]},{\"@type\":\"WebSite\",\"@id\":\"https:\/\/paracherkaoui.ma\/#website\",\"url\":\"https:\/\/paracherkaoui.ma\/\",\"name\":\"Paracherkaoui.ma\",\"description\":\"Achetez en ligne sur Paracherkaoui.ma\",\"potentialAction\":[{\"@type\":\"SearchAction\",\"target\":{\"@type\":\"EntryPoint\",\"urlTemplate\":\"https:\/\/paracherkaoui.ma\/?s={search_term_string}\"},\"query-input\":{\"@type\":\"PropertyValueSpecification\",\"valueRequired\":true,\"valueName\":\"search_term_string\"}}],\"inLanguage\":\"fr-FR\"}]}<\/script>\r\n<!-- \/ Yoast SEO plugin. -->","yoast_head_json":{"title":"DOUCE NATURE 200 BATONNETS D'OREILLE COTON BIO - Paracherkaoui.ma","robots":{"index":"index","follow":"follow","max-snippet":"max-snippet:-1","max-image-preview":"max-image-preview:large","max-video-preview":"max-video-preview:-1"},"canonical":"https:\/\/paracherkaoui.ma\/index.php\/produit\/douce-nature-200-batonnets-doreille-coton-bio\/","og_locale":"fr_FR","og_type":"article","og_title":"DOUCE NATURE 200 BATONNETS D'OREILLE COTON BIO - Paracherkaoui.ma","og_description":"Douce Nature 200 B\u00e2tonnets d&rsquo;oreille coton bio pour une hygi\u00e8ne parfaite de votre conduit auditif avec du coton bio certifi\u00e9","og_url":"https:\/\/paracherkaoui.ma\/index.php\/produit\/douce-nature-200-batonnets-doreille-coton-bio\/","og_site_name":"Paracherkaoui.ma","article_modified_time":"2025-12-12T17:57:44+00:00","og_image":[{"width":700,"height":700,"url":"https:\/\/paracherkaoui.ma\/wp-content\/uploads\/2025\/12\/douce-nature-douce-nature-200-batonnets-doreille-coton-bio-nez-et-oreille.jpg","type":"image\/jpeg"}],"twitter_card":"summary_large_image","twitter_misc":{"Dur\u00e9e de lecture estim\u00e9e":"1 minute"},"schema":{"@context":"https:\/\/schema.org","@graph":[{"@type":"WebPage","@id":"https:\/\/paracherkaoui.ma\/index.php\/produit\/douce-nature-200-batonnets-doreille-coton-bio\/","url":"https:\/\/paracherkaoui.ma\/index.php\/produit\/douce-nature-200-batonnets-doreille-coton-bio\/","name":"DOUCE NATURE 200 BATONNETS D'OREILLE COTON BIO - Paracherkaoui.ma","isPartOf":{"@id":"https:\/\/paracherkaoui.ma\/#website"},"primaryImageOfPage":{"@id":"https:\/\/paracherkaoui.ma\/index.php\/produit\/douce-nature-200-batonnets-doreille-coton-bio\/#primaryimage"},"image":{"@id":"https:\/\/paracherkaoui.ma\/index.php\/produit\/douce-nature-200-batonnets-doreille-coton-bio\/#primaryimage"},"thumbnailUrl":"https:\/\/paracherkaoui.ma\/wp-content\/uploads\/2025\/12\/douce-nature-douce-nature-200-batonnets-doreille-coton-bio-nez-et-oreille.jpg","datePublished":"2025-12-12T17:57:42+00:00","dateModified":"2025-12-12T17:57:44+00:00","breadcrumb":{"@id":"https:\/\/paracherkaoui.ma\/index.php\/produit\/douce-nature-200-batonnets-doreille-coton-bio\/#breadcrumb"},"inLanguage":"fr-FR","potentialAction":[{"@type":"ReadAction","target":["https:\/\/paracherkaoui.ma\/index.php\/produit\/douce-nature-200-batonnets-doreille-coton-bio\/"]}]},{"@type":"ImageObject","inLanguage":"fr-FR","@id":"https:\/\/paracherkaoui.ma\/index.php\/produit\/douce-nature-200-batonnets-doreille-coton-bio\/#primaryimage","url":"https:\/\/paracherkaoui.ma\/wp-content\/uploads\/2025\/12\/douce-nature-douce-nature-200-batonnets-doreille-coton-bio-nez-et-oreille.jpg","contentUrl":"https:\/\/paracherkaoui.ma\/wp-content\/uploads\/2025\/12\/douce-nature-douce-nature-200-batonnets-doreille-coton-bio-nez-et-oreille.jpg","width":700,"height":700},{"@type":"BreadcrumbList","@id":"https:\/\/paracherkaoui.ma\/index.php\/produit\/douce-nature-200-batonnets-doreille-coton-bio\/#breadcrumb","itemListElement":[{"@type":"ListItem","position":1,"name":"Accueil","item":"https:\/\/paracherkaoui.ma\/"},{"@type":"ListItem","position":2,"name":"Boutique","item":"https:\/\/paracherkaoui.ma\/index.php\/boutique\/"},{"@type":"ListItem","position":3,"name":"DOUCE NATURE 200 BATONNETS D&rsquo;OREILLE COTON BIO"}]},{"@type":"WebSite","@id":"https:\/\/paracherkaoui.ma\/#website","url":"https:\/\/paracherkaoui.ma\/","name":"Paracherkaoui.ma","description":"Achetez en ligne sur Paracherkaoui.ma","potentialAction":[{"@type":"SearchAction","target":{"@type":"EntryPoint","urlTemplate":"https:\/\/paracherkaoui.ma\/?s={search_term_string}"},"query-input":{"@type":"PropertyValueSpecification","valueRequired":true,"valueName":"search_term_string"}}],"inLanguage":"fr-FR"}]}},"_links":{"self":[{"href":"https:\/\/paracherkaoui.ma\/index.php\/wp-json\/wp\/v2\/product\/37255","targetHints":{"allow":["GET"]}}],"collection":[{"href":"https:\/\/paracherkaoui.ma\/index.php\/wp-json\/wp\/v2\/product"}],"about":[{"href":"https:\/\/paracherkaoui.ma\/index.php\/wp-json\/wp\/v2\/types\/product"}],"replies":[{"embeddable":true,"href":"https:\/\/paracherkaoui.ma\/index.php\/wp-json\/wp\/v2\/comments?post=37255"}],"version-history":[{"count":1,"href":"https:\/\/paracherkaoui.ma\/index.php\/wp-json\/wp\/v2\/product\/37255\/revisions"}],"predecessor-version":[{"id":37277,"href":"https:\/\/paracherkaoui.ma\/index.php\/wp-json\/wp\/v2\/product\/37255\/revisions\/37277"}],"wp:featuredmedia":[{"embeddable":true,"href":"https:\/\/paracherkaoui.ma\/index.php\/wp-json\/wp\/v2\/media\/37276"}],"wp:attachment":[{"href":"https:\/\/paracherkaoui.ma\/index.php\/wp-json\/wp\/v2\/media?parent=37255"}],"wp:term":[{"taxonomy":"product_brand","embeddable":true,"href":"https:\/\/paracherkaoui.ma\/index.php\/wp-json\/wp\/v2\/product_brand?post=37255"},{"taxonomy":"product_cat","embeddable":true,"href":"https:\/\/paracherkaoui.ma\/index.php\/wp-json\/wp\/v2\/product_cat?post=37255"},{"taxonomy":"product_tag","embeddable":true,"href":"https:\/\/paracherkaoui.ma\/index.php\/wp-json\/wp\/v2\/product_tag?post=37255"}],"curies":[{"name":"wp","href":"https:\/\/api.w.org\/{rel}","templated":true}]}}